{"id":327,"date":"2021-10-26T15:19:51","date_gmt":"2021-10-26T15:19:51","guid":{"rendered":"https:\/\/intl.phonak.com\/vi-vn\/about\/"},"modified":"2025-09-04T07:10:41","modified_gmt":"2025-09-04T07:10:41","slug":"ve-chung-toi","status":"publish","type":"page","link":"https:\/\/intl.phonak.com\/vi-vn\/ve-chung-toi\/","title":{"rendered":"Gi\u1edbi thi\u1ec7u"},"content":{"rendered":"\n<div class=\"wp-block-cover alignfull is-light\"><img decoding=\"async\" class=\"wp-block-cover__image-background wp-image-9298 size-large\" alt=\"\" src=\"https:\/\/intl.phonak.com\/vi-vn\/wp-content\/uploads\/sites\/3\/2025\/07\/About-us-banner.jpg?w=1024\" data-object-fit=\"cover\"\/><span aria-hidden=\"true\" class=\"wp-block-cover__background has-white-background-color has-background-dim-10 has-background-dim\"><\/span><div class=\"wp-block-cover__inner-container is-layout-flow wp-block-cover-is-layout-flow\">\n<h1 class=\"wp-block-heading has-text-align-center has-dark-grey-color has-text-color\" id=\"about-us\">V\u1ec1 ch\u00fang t\u00f4i<\/h1>   \n<h6 class=\"wp-block-heading has-text-align-center\"> \u0111\u1ed3ng h\u00e0nh c\u00f9ng Phonak<\/h6> <\/div><\/div>   \n<div class=\"wp-block-group is-style-align-small is-layout-flow wp-block-group-is-layout-flow\" style=\"padding-top:0px;padding-bottom:0px\">\n<p class=\"has-text-align-center has-lead-font-size\"> \u0111ang x\u00e2y d\u1ef1ng m\u1ed1i quan h\u1ec7 \u0111\u1ed1i t\u00e1c chi\u1ebfn l\u01b0\u1ee3c v\u1edbi Phonak<\/p>   \t<div class=\"wp-block-phonak-about wp-block-phonak-partner-details\">\n\t\t<div class=\"partner-details-wrapper grid-x align-middle align-justify\">\n\t\t\t\t\t\t\t\t<div class=\"partner\">\n\t\t\t\t\t\t\t\t\t\t\t\t\t<div class=\"partner-logo\">\n\t\t\t\t\t\t\t\t<img decoding=\"async\" src=\"https:\/\/intl.phonak.com\/vi-vn\/wp-content\/uploads\/sites\/58\/2024\/12\/Cat-Tuong-Hearing_Logo.png\" alt=\"CAT TUONG AUDIOLOGY DEVIN CO.,LTD\" \/>\n\t\t\t\t\t\t\t<\/div>\n\t\t\t\t\t\t\t\t\t\t\t\t<div class=\"partner-details-content\">\n\t\t\t\t\t\t\t\t\t\t\t\t\t\t\t<h4 class=\"partner-name\">CAT TUONG AUDIOLOGY DEVIN CO.,LTD<\/h4>\n\t\t\t\t\t\t\t\t\t\t\t\t\t\t\t\t\t\t\t\t<\/div>\n\t\t\t\t\t\t<div class=\"grid-x align-middle align-justify\">\n\t\t\t\t\t\t\t<div class=\"cell small-12\">\n\t\t\t\t\t\t\t\t\t\t\t\t\t\t\t\t\t<div class=\"wp-block-phonak-about__text\"><p>C\u00e1t T\u01b0\u1eddng Hearing \u0111\u00e3 v\u00e0 \u0111ang x\u00e2y d\u1ef1ng m\u1ed1i quan h\u1ec7 \u0111\u1ed1i t\u00e1c l\u00e2u d\u00e0i v\u1edbi Phonak.<\/p>\n<p>V\u1edbi 26 n\u0103m kinh nghi\u1ec7m, C\u00e1t T\u01b0\u1eddng kh\u1eb3ng \u0111\u1ecbnh v\u1ecb th\u1ebf l\u00e0 nh\u00e0 cung c\u1ea5p gi\u1ea3i ph\u00e1p ch\u0103m s\u00f3c th\u00ednh l\u1ef1c h\u00e0ng \u0111\u1ea7u t\u1ea1i Vi\u1ec7t Nam. \u0110\u00e2y c\u0169ng l\u00e0 nh\u00e0 nh\u1eadp kh\u1ea9u v\u00e0 ph\u00e2n ph\u1ed1i thi\u1ebft b\u1ecb ch\u0103m s\u00f3c s\u1ee9c kh\u1ecfe th\u00ednh gi\u00e1c, \u0111\u1eb7c bi\u1ec7t l\u00e0 m\u00e1y tr\u1ee3 th\u00ednh hang \u0111\u1ea7u t\u1ea1i Vi\u1ec7t Nam.<\/p>\n<p>K\u1ec3 t\u1eeb khi th\u00e0nh l\u1eadp, C\u00e1t T\u01b0\u1eddng Hearing \u0111\u00e3 ph\u00e1t tri\u1ec3n nhanh ch\u00f3ng v\u1edbi s\u1ee9 m\u1ec7nh cung c\u1ea5p d\u1ecbch v\u1ee5 cho c\u1ed9ng \u0111\u1ed3ng ng\u01b0\u1eddi khi\u1ebfm th\u00ednh t\u1ea1i Vi\u1ec7t Nam. L\u00e0 m\u1ed9t ph\u1ea7n trong n\u1ed7 l\u1ef1c n\u00e2ng cao nh\u1eadn th\u1ee9c v\u1ec1 t\u00ecnh tr\u1ea1ng m\u1ea5t th\u00ednh l\u1ef1c, C\u00e1t T\u01b0\u1eddng Hearing th\u01b0\u1eddng xuy\u00ean h\u1ed7 tr\u1ee3 c\u00e1c s\u1ef1 ki\u1ec7n chuy\u00ean m\u00f4n, nu\u00f4i d\u01b0\u1ee1ng tr\u1ebb nh\u1ecf, ph\u1ee5c h\u1ed3i ch\u1ee9c n\u0103ng v\u00e0 t\u1eeb thi\u1ec7n. Ch\u00fang t\u00f4i tin r\u1eb1ng c\u00e1c c\u00f4ng ngh\u1ec7 m\u1edbi nh\u1ea5t v\u00e0 hi\u1ec7u qu\u1ea3 c\u1ee7a s\u1ea3n ph\u1ea9m c\u00f3 th\u1ec3 c\u1ea3i thi\u1ec7n ch\u1ea5t l\u01b0\u1ee3ng cu\u1ed9c s\u1ed1ng c\u1ee7a b\u1ec7nh nh\u00e2n.<\/p>\n <\/div>\n\t\t\t\t\t\t\t\t\t\t\t\t\t\t\t<\/div>\n\t\t\t\t\t\t<\/div>\n\t\t\t\t\t<\/div><!-- .partner -->\n\t\t\t\t\t<\/div><!-- .partner-details-wrapper -->\n\t<\/div><!-- .wp-block-phonak-about -->\n<\/div>   \n\n\n<div class=\"wp-block-media-text is-stacked-on-mobile cta-block\" style=\"grid-template-columns:35% auto\"><figure class=\"wp-block-media-text__media\"><img decoding=\"async\" src=\"https:\/\/intl.phonak.com\/main-english\/wp-content\/uploads\/sites\/3\/2021\/11\/cta-image.jpg?w=401\" alt=\"\" class=\"wp-image-6738 size-full\"\/><\/figure><div class=\"wp-block-media-text__content\">\n<div class=\"wp-block-create-block-icon-selector\"><i class=\"fal fa-map-marker-alt\"><\/i><\/div>   \n<h3 class=\"wp-block-heading\">Chuy\u00ean gia th\u00ednh gi\u00e1c lu\u00f4n b\u00ean b\u1ea1n<\/h3>   <p>C\u00e1c chuy\u00ean gia ch\u0103m s\u00f3c th\u00ednh gi\u00e1c c\u00f3 th\u1ec3 gi\u00fap b\u1ea1n \u0111\u01b0a ra l\u1ef1a ch\u1ecdn ho\u00e0n h\u1ea3o cho m\u00ecnh. H\u1ecd s\u1ebd xem x\u00e9t nhu c\u1ea7u th\u00ednh l\u1ef1c, ng\u00e2n s\u00e1ch, l\u1ed1i s\u1ed1ng v\u00e0 s\u1edf th\u00edch c\u00e1 nh\u00e2n c\u1ee7a b\u1ea1n. <\/p>   <div class=\"wp-block-buttons is-layout-flex wp-block-buttons-is-layout-flex\">\n<div class=\"wp-block-button is-style-marker-green\"><a class=\"wp-block-button__link wp-element-button\" href=\"https:\/\/intl.phonak.com\/vi-vn\/find-an-expert\/\">T\u00ecm chuy\u00ean gia<\/a><\/div>\n<\/div>\n<\/div><\/div> ","protected":false},"excerpt":{"rendered":"<p>\u0111ang x\u00e2y d\u1ef1ng m\u1ed1i quan h\u1ec7 \u0111\u1ed1i t\u00e1c chi\u1ebfn l\u01b0\u1ee3c v\u1edbi Phonak<\/p>\n","protected":false},"author":5,"featured_media":0,"parent":0,"menu_order":0,"comment_status":"closed","ping_status":"closed","template":"","meta":{"_acf_changed":false,"inline_featured_image":false,"footnotes":""},"class_list":["post-327","page","type-page","status-publish","hentry"],"acf":[],"yoast_head":"<!-- This site is optimized with the Yoast SEO plugin v26.9 - https:\/\/yoast.com\/product\/yoast-seo-wordpress\/ -->\n<title>Gi\u1edbi thi\u1ec7u - Phonak - Vietnam<\/title>\n<meta name=\"robots\" content=\"index, follow, max-snippet:-1, max-image-preview:large, max-video-preview:-1\" \/>\n<link rel=\"canonical\" href=\"https:\/\/intl.phonak.com\/main-english\/about\/\" \/>\n<meta property=\"og:locale\" content=\"vi_VN\" \/>\n<meta property=\"og:type\" content=\"article\" \/>\n<meta property=\"og:title\" content=\"Gi\u1edbi thi\u1ec7u - Phonak - Vietnam\" \/>\n<meta property=\"og:description\" content=\"\u0111ang x\u00e2y d\u1ef1ng m\u1ed1i quan h\u1ec7 \u0111\u1ed1i t\u00e1c chi\u1ebfn l\u01b0\u1ee3c v\u1edbi Phonak\" \/>\n<meta property=\"og:url\" content=\"https:\/\/intl.phonak.com\/vi-vn\/ve-chung-toi\/\" \/>\n<meta property=\"og:site_name\" content=\"Phonak - Vietnam\" \/>\n<meta property=\"article:modified_time\" content=\"2025-09-04T07:10:41+00:00\" \/>\n<meta name=\"twitter:card\" content=\"summary_large_image\" \/>\n<meta name=\"twitter:label1\" content=\"Est. reading time\" \/>\n\t<meta name=\"twitter:data1\" content=\"1 minute\" \/>\n<script type=\"application\/ld+json\" class=\"yoast-schema-graph\">{\"@context\":\"https:\/\/schema.org\",\"@graph\":[{\"@type\":\"WebPage\",\"@id\":\"https:\/\/intl.phonak.com\/vi-vn\/ve-chung-toi\/\",\"url\":\"https:\/\/intl.phonak.com\/vi-vn\/ve-chung-toi\/\",\"name\":\"Gi\u1edbi thi\u1ec7u - Phonak - Vietnam\",\"isPartOf\":{\"@id\":\"https:\/\/intl.phonak.com\/vi-vn\/#website\"},\"primaryImageOfPage\":{\"@id\":\"https:\/\/intl.phonak.com\/vi-vn\/ve-chung-toi\/#primaryimage\"},\"image\":{\"@id\":\"https:\/\/intl.phonak.com\/vi-vn\/ve-chung-toi\/#primaryimage\"},\"thumbnailUrl\":\"https:\/\/intl.phonak.com\/vi-vn\/wp-content\/uploads\/sites\/3\/2025\/07\/About-us-banner.jpg?w=1024\",\"datePublished\":\"2021-10-26T15:19:51+00:00\",\"dateModified\":\"2025-09-04T07:10:41+00:00\",\"breadcrumb\":{\"@id\":\"https:\/\/intl.phonak.com\/vi-vn\/ve-chung-toi\/#breadcrumb\"},\"inLanguage\":\"vi\",\"potentialAction\":[{\"@type\":\"ReadAction\",\"target\":[\"https:\/\/intl.phonak.com\/vi-vn\/ve-chung-toi\/\"]}]},{\"@type\":\"ImageObject\",\"inLanguage\":\"vi\",\"@id\":\"https:\/\/intl.phonak.com\/vi-vn\/ve-chung-toi\/#primaryimage\",\"url\":\"https:\/\/intl.phonak.com\/vi-vn\/wp-content\/uploads\/sites\/3\/2025\/07\/About-us-banner.jpg?w=1024\",\"contentUrl\":\"https:\/\/intl.phonak.com\/vi-vn\/wp-content\/uploads\/sites\/3\/2025\/07\/About-us-banner.jpg?w=1024\"},{\"@type\":\"BreadcrumbList\",\"@id\":\"https:\/\/intl.phonak.com\/vi-vn\/ve-chung-toi\/#breadcrumb\",\"itemListElement\":[{\"@type\":\"ListItem\",\"position\":1,\"name\":\"Home\",\"item\":\"https:\/\/intl.phonak.com\/vi-vn\/\"},{\"@type\":\"ListItem\",\"position\":2,\"name\":\"Gi\u1edbi thi\u1ec7u\"}]},{\"@type\":\"WebSite\",\"@id\":\"https:\/\/intl.phonak.com\/vi-vn\/#website\",\"url\":\"https:\/\/intl.phonak.com\/vi-vn\/\",\"name\":\"Phonak - Vietnam\",\"description\":\"Just another sonova-hearing-solutions.go-vip.net Sites site\",\"potentialAction\":[{\"@type\":\"SearchAction\",\"target\":{\"@type\":\"EntryPoint\",\"urlTemplate\":\"https:\/\/intl.phonak.com\/vi-vn\/?s={search_term_string}\"},\"query-input\":{\"@type\":\"PropertyValueSpecification\",\"valueRequired\":true,\"valueName\":\"search_term_string\"}}],\"inLanguage\":\"vi\"}]}<\/script>\n<!-- \/ Yoast SEO plugin. -->","yoast_head_json":{"title":"Gi\u1edbi thi\u1ec7u - Phonak - Vietnam","robots":{"index":"index","follow":"follow","max-snippet":"max-snippet:-1","max-image-preview":"max-image-preview:large","max-video-preview":"max-video-preview:-1"},"canonical":"https:\/\/intl.phonak.com\/main-english\/about\/","og_locale":"vi_VN","og_type":"article","og_title":"Gi\u1edbi thi\u1ec7u - Phonak - Vietnam","og_description":"\u0111ang x\u00e2y d\u1ef1ng m\u1ed1i quan h\u1ec7 \u0111\u1ed1i t\u00e1c chi\u1ebfn l\u01b0\u1ee3c v\u1edbi Phonak","og_url":"https:\/\/intl.phonak.com\/vi-vn\/ve-chung-toi\/","og_site_name":"Phonak - Vietnam","article_modified_time":"2025-09-04T07:10:41+00:00","twitter_card":"summary_large_image","twitter_misc":{"Est. reading time":"1 minute"},"schema":{"@context":"https:\/\/schema.org","@graph":[{"@type":"WebPage","@id":"https:\/\/intl.phonak.com\/vi-vn\/ve-chung-toi\/","url":"https:\/\/intl.phonak.com\/vi-vn\/ve-chung-toi\/","name":"Gi\u1edbi thi\u1ec7u - Phonak - Vietnam","isPartOf":{"@id":"https:\/\/intl.phonak.com\/vi-vn\/#website"},"primaryImageOfPage":{"@id":"https:\/\/intl.phonak.com\/vi-vn\/ve-chung-toi\/#primaryimage"},"image":{"@id":"https:\/\/intl.phonak.com\/vi-vn\/ve-chung-toi\/#primaryimage"},"thumbnailUrl":"https:\/\/intl.phonak.com\/vi-vn\/wp-content\/uploads\/sites\/3\/2025\/07\/About-us-banner.jpg?w=1024","datePublished":"2021-10-26T15:19:51+00:00","dateModified":"2025-09-04T07:10:41+00:00","breadcrumb":{"@id":"https:\/\/intl.phonak.com\/vi-vn\/ve-chung-toi\/#breadcrumb"},"inLanguage":"vi","potentialAction":[{"@type":"ReadAction","target":["https:\/\/intl.phonak.com\/vi-vn\/ve-chung-toi\/"]}]},{"@type":"ImageObject","inLanguage":"vi","@id":"https:\/\/intl.phonak.com\/vi-vn\/ve-chung-toi\/#primaryimage","url":"https:\/\/intl.phonak.com\/vi-vn\/wp-content\/uploads\/sites\/3\/2025\/07\/About-us-banner.jpg?w=1024","contentUrl":"https:\/\/intl.phonak.com\/vi-vn\/wp-content\/uploads\/sites\/3\/2025\/07\/About-us-banner.jpg?w=1024"},{"@type":"BreadcrumbList","@id":"https:\/\/intl.phonak.com\/vi-vn\/ve-chung-toi\/#breadcrumb","itemListElement":[{"@type":"ListItem","position":1,"name":"Home","item":"https:\/\/intl.phonak.com\/vi-vn\/"},{"@type":"ListItem","position":2,"name":"Gi\u1edbi thi\u1ec7u"}]},{"@type":"WebSite","@id":"https:\/\/intl.phonak.com\/vi-vn\/#website","url":"https:\/\/intl.phonak.com\/vi-vn\/","name":"Phonak - Vietnam","description":"Just another sonova-hearing-solutions.go-vip.net Sites site","potentialAction":[{"@type":"SearchAction","target":{"@type":"EntryPoint","urlTemplate":"https:\/\/intl.phonak.com\/vi-vn\/?s={search_term_string}"},"query-input":{"@type":"PropertyValueSpecification","valueRequired":true,"valueName":"search_term_string"}}],"inLanguage":"vi"}]}},"jetpack_sharing_enabled":true,"distributor_meta":false,"distributor_terms":false,"distributor_media":false,"distributor_original_site_name":"Phonak - Vietnam","distributor_original_site_url":"https:\/\/intl.phonak.com\/vi-vn","push-errors":false,"_links":{"self":[{"href":"https:\/\/intl.phonak.com\/vi-vn\/wp-json\/wp\/v2\/pages\/327","targetHints":{"allow":["GET"]}}],"collection":[{"href":"https:\/\/intl.phonak.com\/vi-vn\/wp-json\/wp\/v2\/pages"}],"about":[{"href":"https:\/\/intl.phonak.com\/vi-vn\/wp-json\/wp\/v2\/types\/page"}],"author":[{"embeddable":true,"href":"https:\/\/intl.phonak.com\/vi-vn\/wp-json\/wp\/v2\/users\/5"}],"replies":[{"embeddable":true,"href":"https:\/\/intl.phonak.com\/vi-vn\/wp-json\/wp\/v2\/comments?post=327"}],"version-history":[{"count":7,"href":"https:\/\/intl.phonak.com\/vi-vn\/wp-json\/wp\/v2\/pages\/327\/revisions"}],"predecessor-version":[{"id":1045,"href":"https:\/\/intl.phonak.com\/vi-vn\/wp-json\/wp\/v2\/pages\/327\/revisions\/1045"}],"wp:attachment":[{"href":"https:\/\/intl.phonak.com\/vi-vn\/wp-json\/wp\/v2\/media?parent=327"}],"curies":[{"name":"wp","href":"https:\/\/api.w.org\/{rel}","templated":true}]}}