{"id":322,"date":"2021-10-26T15:25:04","date_gmt":"2021-10-26T15:25:04","guid":{"rendered":"https:\/\/intl.phonak.com\/vi-vn\/find-an-expert\/"},"modified":"2025-05-12T18:18:05","modified_gmt":"2025-05-12T18:18:05","slug":"tim-chuyen-gia","status":"publish","type":"page","link":"https:\/\/intl.phonak.com\/vi-vn\/tim-chuyen-gia\/","title":{"rendered":"T\u00ecm chuy\u00ean gia"},"content":{"rendered":"\n<div class=\"wp-block-cover alignfull is-light\"><span aria-hidden=\"true\" class=\"wp-block-cover__background has-white-background-color has-background-dim-60 has-background-dim\"><\/span><img decoding=\"async\" class=\"wp-block-cover__image-background wp-image-7794\" alt=\"\" src=\"https:\/\/intl.phonak.com\/vi-vn\/wp-content\/uploads\/sites\/3\/2024\/03\/phonak-marvel-rechargeable.jpeg\" data-object-fit=\"cover\"\/><div class=\"wp-block-cover__inner-container is-layout-flow wp-block-cover-is-layout-flow\">\n<h1 class=\"wp-block-heading has-text-align-center\">Chuy\u00ean gia th\u00ednh gi\u00e1c lu\u00f4n b\u00ean b\u1ea1n<\/h1>   \n<p class=\"has-text-align-center has-lead-font-size\">C\u00e1c chuy\u00ean gia th\u00ednh gi\u00e1c c\u00f3 tr\u00ecnh \u0111\u1ed9 cao c\u1ee7a ch\u00fang t\u00f4i lu\u00f4n s\u1eb5n s\u00e0ng tr\u1ea3 l\u1eddi t\u1ea5t c\u1ea3 c\u00e1c c\u00e2u h\u1ecfi c\u1ee7a b\u1ea1n v\u1ec1 t\u00ecnh tr\u1ea1ng m\u1ea5t th\u00ednh l\u1ef1c v\u00e0 gi\u1ea3i ph\u00e1p ph\u00f9 h\u1ee3p v\u1edbi b\u1ea1n<\/p>\n<\/div><\/div>   \n<div class=\"locations-block  alignwide\">\n\t<div class=\"grid-x align-center grid-padding-x grid-padding-y\">\n\t\t<div class=\"cell small-12 medium-6 hide-for-large\">\n\t\t\t<button class=\"location-toggle flex-container align-spaced align-middle\">\n\t\t\t\t<span class=\"list-view active\">Xem d\u1ea1ng danh s\u00e1ch<\/span>\n\t\t\t\t<span class=\"map-view\">Xem<\/span>\n\t\t\t<\/button>\n\t\t<\/div>\n\t\t\t\t<div class=\"cell small-12 large-3\">\n\t\t\t<div class=\"location-card-wrapper\">\n\n\t\t\t\t\n\t\t\t\t\t<div class=\"location-card\">\n\t\t\t\t\t\t<button class=\"location-zoom\" data-lat=\"16.071867516762\" data-lng=\"108.21496106995\">\n\t\t\t\t\t\t\t<h2 class=\"location\">Cat Tuong Hearing (Da Nang)<\/h2>\n\t\t\t\t\t\t\t\t<div class=\"location-hours location-section\">\n\t\t\t\t\t\t\t\t\t<h3 class=\"margin-bottom-0\">gi\u1edd ho\u1ea1t \u0111\u1ed9ng:<\/h3>\n\t\t\t\t\t\t\t\t\t<p>Th\u1ee9 Hai \u0111\u1ebfn Ch\u1ee7 Nh\u1eadt: 08 gi\u1edd \u0111\u1ebfn 18 gi\u1edd<\/p>\n\t\t\t\t\t\t\t\t<\/div>\n\n\t\t\t\t\t\t\t\t\n\t\t\t\t\t\t\t\t<div class=\"location-section\">\n\t\t\t\t\t\t\t\t\t<h3 class=\"margin-bottom-0\">\u0110i\u1ec7n tho\u1ea1i:<\/h3>\n\t\t\t\t\t\t\t\t\t<p class=\"margin-bottom-0\">T: 0888 226 236. Hotline: 0904 110 464<\/p>\n\t\t\t\t\t\t\t\t<\/div>\n\n\t\t\t\t\t\t\t\t\n\t\t\t\t\t\t\t\t<div class=\"location-section\">\n\t\t\t\t\t\t\t\t\t<h3 class=\"margin-bottom-0\">Email:<\/h3>\n\t\t\t\t\t\t\t\t\t<p class=\"margin-bottom-0\">cskh@cattuonghearing.vn<\/p>\n\t\t\t\t\t\t\t\t<\/div>\n\n\t\t\t\t\t\t\t\t\n\t\t\t\t\t\t\t\t<div class=\"location-links\">\n\n\t\t\t\t\t\t\t\t\t\n\t\t\t\t\t\t\t\t\t\t<p><a href=\"https:\/\/cattuonghearing.vn\" target=\"_blank\">Xem trang web c\u00f4ng ty<\/a><\/p>\n\n\t\t\t\t\t\t\t\t\t\t\n\t\t\t\t\t\t\t\t\t\t<p class=\"margin-bottom-0\"><a href=\"https:\/\/maps.app.goo.gl\/5bc8nCY6Gxc6DNtq8\" target=\"__blank\">Nh\u1eadn ch\u1ec9 \u0111\u01b0\u1eddng<\/a><\/p>\n\n\t\t\t\t\t\t\t\t\t\t\n\t\t\t\t\t\t\t\t<\/div>\n\n\t\t\t\t\t\t\t\t\t\t\t\t\t\t<\/button>\n\t\t\t\t\t<\/div>\n\n\t\t\t\t\t\n\t\t\t\t\t<div class=\"location-card\">\n\t\t\t\t\t\t<button class=\"location-zoom\" data-lat=\"10.767872704571\" data-lng=\"106.66779309633\">\n\t\t\t\t\t\t\t<h2 class=\"location\">Cat Tuong Hearing (Ho Chi Minh City) \u2013 District 10<\/h2>\n\t\t\t\t\t\t\t\t<div class=\"location-hours location-section\">\n\t\t\t\t\t\t\t\t\t<h3 class=\"margin-bottom-0\">gi\u1edd ho\u1ea1t \u0111\u1ed9ng:<\/h3>\n\t\t\t\t\t\t\t\t\t<p>Th\u1ee9 Hai \u0111\u1ebfn Ch\u1ee7 Nh\u1eadt: 08 gi\u1edd \u0111\u1ebfn 18 gi\u1edd<\/p>\n\t\t\t\t\t\t\t\t<\/div>\n\n\t\t\t\t\t\t\t\t\n\t\t\t\t\t\t\t\t<div class=\"location-section\">\n\t\t\t\t\t\t\t\t\t<h3 class=\"margin-bottom-0\">\u0110i\u1ec7n tho\u1ea1i:<\/h3>\n\t\t\t\t\t\t\t\t\t<p class=\"margin-bottom-0\">T: 028 3636 1683. Hotline: 0904 110 464<\/p>\n\t\t\t\t\t\t\t\t<\/div>\n\n\t\t\t\t\t\t\t\t\n\t\t\t\t\t\t\t\t<div class=\"location-section\">\n\t\t\t\t\t\t\t\t\t<h3 class=\"margin-bottom-0\">Email:<\/h3>\n\t\t\t\t\t\t\t\t\t<p class=\"margin-bottom-0\">cskh@cattuonghearing.vn<\/p>\n\t\t\t\t\t\t\t\t<\/div>\n\n\t\t\t\t\t\t\t\t\n\t\t\t\t\t\t\t\t<div class=\"location-links\">\n\n\t\t\t\t\t\t\t\t\t\n\t\t\t\t\t\t\t\t\t\t<p><a href=\"https:\/\/cattuonghearing.vn\" target=\"_blank\">Xem trang web c\u00f4ng ty<\/a><\/p>\n\n\t\t\t\t\t\t\t\t\t\t\n\t\t\t\t\t\t\t\t\t\t<p class=\"margin-bottom-0\"><a href=\"https:\/\/maps.app.goo.gl\/7XsDi1LkgJ5iVw5D9\" target=\"__blank\">Nh\u1eadn ch\u1ec9 \u0111\u01b0\u1eddng<\/a><\/p>\n\n\t\t\t\t\t\t\t\t\t\t\n\t\t\t\t\t\t\t\t<\/div>\n\n\t\t\t\t\t\t\t\t\t\t\t\t\t\t<\/button>\n\t\t\t\t\t<\/div>\n\n\t\t\t\t\t\n\t\t\t\t\t<div class=\"location-card\">\n\t\t\t\t\t\t<button class=\"location-zoom\" data-lat=\"10.780348353853\" data-lng=\"106.68125352783\">\n\t\t\t\t\t\t\t<h2 class=\"location\">Cat Tuong Hearing (Ho Chi Minh City) \u2013 District 3<\/h2>\n\t\t\t\t\t\t\t\t<div class=\"location-hours location-section\">\n\t\t\t\t\t\t\t\t\t<h3 class=\"margin-bottom-0\">gi\u1edd ho\u1ea1t \u0111\u1ed9ng:<\/h3>\n\t\t\t\t\t\t\t\t\t<p>Th\u1ee9 Hai \u0111\u1ebfn Ch\u1ee7 Nh\u1eadt: 08 gi\u1edd \u0111\u1ebfn 18 gi\u1edd<\/p>\n\t\t\t\t\t\t\t\t<\/div>\n\n\t\t\t\t\t\t\t\t\n\t\t\t\t\t\t\t\t<div class=\"location-section\">\n\t\t\t\t\t\t\t\t\t<h3 class=\"margin-bottom-0\">\u0110i\u1ec7n tho\u1ea1i:<\/h3>\n\t\t\t\t\t\t\t\t\t<p class=\"margin-bottom-0\">028 3526 0249<\/p>\n\t\t\t\t\t\t\t\t<\/div>\n\n\t\t\t\t\t\t\t\t\n\t\t\t\t\t\t\t\t<div class=\"location-section\">\n\t\t\t\t\t\t\t\t\t<h3 class=\"margin-bottom-0\">Email:<\/h3>\n\t\t\t\t\t\t\t\t\t<p class=\"margin-bottom-0\">cskh@cattuonghearing.vn<\/p>\n\t\t\t\t\t\t\t\t<\/div>\n\n\t\t\t\t\t\t\t\t\n\t\t\t\t\t\t\t\t<div class=\"location-links\">\n\n\t\t\t\t\t\t\t\t\t\n\t\t\t\t\t\t\t\t\t\t<p><a href=\"https:\/\/cattuonghearing.vn\" target=\"_blank\">Xem trang web c\u00f4ng ty<\/a><\/p>\n\n\t\t\t\t\t\t\t\t\t\t\n\t\t\t\t\t\t\t\t\t\t<p class=\"margin-bottom-0\"><a href=\"https:\/\/maps.app.goo.gl\/Tj1tuWHdBGYsfyM66\" target=\"__blank\">Nh\u1eadn ch\u1ec9 \u0111\u01b0\u1eddng<\/a><\/p>\n\n\t\t\t\t\t\t\t\t\t\t\n\t\t\t\t\t\t\t\t<\/div>\n\n\t\t\t\t\t\t\t\t\t\t\t\t\t\t<\/button>\n\t\t\t\t\t<\/div>\n\n\t\t\t\t\t\n\t\t\t\t\t<div class=\"location-card\">\n\t\t\t\t\t\t<button class=\"location-zoom\" data-lat=\"21.0088287\" data-lng=\"105.8258994\">\n\t\t\t\t\t\t\t<h2 class=\"location\">Cat Tuong Hearing (Hanoi) \u2013 Main Outlet<\/h2>\n\t\t\t\t\t\t\t\t<div class=\"location-hours location-section\">\n\t\t\t\t\t\t\t\t\t<h3 class=\"margin-bottom-0\">gi\u1edd ho\u1ea1t \u0111\u1ed9ng:<\/h3>\n\t\t\t\t\t\t\t\t\t<p>Th\u1ee9 Hai \u0111\u1ebfn Ch\u1ee7 Nh\u1eadt: 08 gi\u1edd \u0111\u1ebfn 18 gi\u1edd<\/p>\n\t\t\t\t\t\t\t\t<\/div>\n\n\t\t\t\t\t\t\t\t\n\t\t\t\t\t\t\t\t<div class=\"location-section\">\n\t\t\t\t\t\t\t\t\t<h3 class=\"margin-bottom-0\">\u0110i\u1ec7n tho\u1ea1i:<\/h3>\n\t\t\t\t\t\t\t\t\t<p class=\"margin-bottom-0\">024 3857 4461 <\/p>\n\t\t\t\t\t\t\t\t<\/div>\n\n\t\t\t\t\t\t\t\t\n\t\t\t\t\t\t\t\t<div class=\"location-section\">\n\t\t\t\t\t\t\t\t\t<h3 class=\"margin-bottom-0\">Email:<\/h3>\n\t\t\t\t\t\t\t\t\t<p class=\"margin-bottom-0\">cskh@cattuonghearing.vn<\/p>\n\t\t\t\t\t\t\t\t<\/div>\n\n\t\t\t\t\t\t\t\t\n\t\t\t\t\t\t\t\t<div class=\"location-links\">\n\n\t\t\t\t\t\t\t\t\t\n\t\t\t\t\t\t\t\t\t\t<p><a href=\"https:\/\/cattuonghearing.vn\" target=\"_blank\">Xem trang web c\u00f4ng ty<\/a><\/p>\n\n\t\t\t\t\t\t\t\t\t\t\n\t\t\t\t\t\t\t\t\t\t<p class=\"margin-bottom-0\"><a href=\"https:\/\/maps.app.goo.gl\/LkN81AJkvrxWT62w5\" target=\"__blank\">Nh\u1eadn ch\u1ec9 \u0111\u01b0\u1eddng<\/a><\/p>\n\n\t\t\t\t\t\t\t\t\t\t\n\t\t\t\t\t\t\t\t<\/div>\n\n\t\t\t\t\t\t\t\t\t\t\t\t\t\t<\/button>\n\t\t\t\t\t<\/div>\n\n\t\t\t\t\t\n\t\t\t<\/div>\n\t\t<\/div>\n\n\t\t<div class=\"cell small-12 large-9 location-map-wrapper\">\n\n\t\t\t\n\t\t\t\t<div class=\"acf-map\" data-zoom=\"16\">\n\n\t\t\t\t\t\n\t\t\t\t\t\t<div class=\"marker\" data-lat=\"16.071867516762\" data-lng=\"108.21496106995\">\n\t\t\t\t\t\t\t<h2 class=\"location\">Cat Tuong Hearing (Da Nang)<\/h2>\n\t\t\t\t\t\t\t\t<div class=\"location-hours location-section\">\n\t\t\t\t\t\t\t\t\t<h3 class=\"margin-bottom-0\">gi\u1edd ho\u1ea1t \u0111\u1ed9ng:<\/h3>\n\t\t\t\t\t\t\t\t\t<p>Th\u1ee9 Hai \u0111\u1ebfn Ch\u1ee7 Nh\u1eadt: 08 gi\u1edd \u0111\u1ebfn 18 gi\u1edd<\/p>\n\t\t\t\t\t\t\t\t<\/div>\n\n\t\t\t\t\t\t\t\t\n\t\t\t\t\t\t\t\t<div class=\"location-section\">\n\t\t\t\t\t\t\t\t\t<h3 class=\"margin-bottom-0\">\u0110i\u1ec7n tho\u1ea1i:<\/h3>\n\t\t\t\t\t\t\t\t\t<p class=\"margin-bottom-0\">T: 0888 226 236. Hotline: 0904 110 464<\/p>\n\t\t\t\t\t\t\t\t<\/div>\n\n\t\t\t\t\t\t\t\t\n\t\t\t\t\t\t\t\t<div class=\"location-section\">\n\t\t\t\t\t\t\t\t\t<h3 class=\"margin-bottom-0\">Email:<\/h3>\n\t\t\t\t\t\t\t\t\t<p class=\"margin-bottom-0\">cskh@cattuonghearing.vn<\/p>\n\t\t\t\t\t\t\t\t<\/div>\n\n\t\t\t\t\t\t\t\t\n\t\t\t\t\t\t\t\t<div class=\"location-links\">\n\n\t\t\t\t\t\t\t\t\t\n\t\t\t\t\t\t\t\t\t\t<p><a href=\"https:\/\/cattuonghearing.vn\" target=\"_blank\">Xem trang web c\u00f4ng ty<\/a><\/p>\n\n\t\t\t\t\t\t\t\t\t\t\n\t\t\t\t\t\t\t\t\t\t<p class=\"margin-bottom-0\"><a href=\"https:\/\/maps.app.goo.gl\/5bc8nCY6Gxc6DNtq8\" target=\"__blank\">Nh\u1eadn ch\u1ec9 \u0111\u01b0\u1eddng<\/a><\/p>\n\n\t\t\t\t\t\t\t\t\t\t\n\t\t\t\t\t\t\t\t<\/div>\n\n\t\t\t\t\t\t\t\n\t\t\t\t\t\t<\/div>\n\n\t\t\t\t\t\t\n\t\t\t\t\t\t<div class=\"marker\" data-lat=\"10.767872704571\" data-lng=\"106.66779309633\">\n\t\t\t\t\t\t\t<h2 class=\"location\">Cat Tuong Hearing (Ho Chi Minh City) \u2013 District 10<\/h2>\n\t\t\t\t\t\t\t\t<div class=\"location-hours location-section\">\n\t\t\t\t\t\t\t\t\t<h3 class=\"margin-bottom-0\">gi\u1edd ho\u1ea1t \u0111\u1ed9ng:<\/h3>\n\t\t\t\t\t\t\t\t\t<p>Th\u1ee9 Hai \u0111\u1ebfn Ch\u1ee7 Nh\u1eadt: 08 gi\u1edd \u0111\u1ebfn 18 gi\u1edd<\/p>\n\t\t\t\t\t\t\t\t<\/div>\n\n\t\t\t\t\t\t\t\t\n\t\t\t\t\t\t\t\t<div class=\"location-section\">\n\t\t\t\t\t\t\t\t\t<h3 class=\"margin-bottom-0\">\u0110i\u1ec7n tho\u1ea1i:<\/h3>\n\t\t\t\t\t\t\t\t\t<p class=\"margin-bottom-0\">T: 028 3636 1683. Hotline: 0904 110 464<\/p>\n\t\t\t\t\t\t\t\t<\/div>\n\n\t\t\t\t\t\t\t\t\n\t\t\t\t\t\t\t\t<div class=\"location-section\">\n\t\t\t\t\t\t\t\t\t<h3 class=\"margin-bottom-0\">Email:<\/h3>\n\t\t\t\t\t\t\t\t\t<p class=\"margin-bottom-0\">cskh@cattuonghearing.vn<\/p>\n\t\t\t\t\t\t\t\t<\/div>\n\n\t\t\t\t\t\t\t\t\n\t\t\t\t\t\t\t\t<div class=\"location-links\">\n\n\t\t\t\t\t\t\t\t\t\n\t\t\t\t\t\t\t\t\t\t<p><a href=\"https:\/\/cattuonghearing.vn\" target=\"_blank\">Xem trang web c\u00f4ng ty<\/a><\/p>\n\n\t\t\t\t\t\t\t\t\t\t\n\t\t\t\t\t\t\t\t\t\t<p class=\"margin-bottom-0\"><a href=\"https:\/\/maps.app.goo.gl\/7XsDi1LkgJ5iVw5D9\" target=\"__blank\">Nh\u1eadn ch\u1ec9 \u0111\u01b0\u1eddng<\/a><\/p>\n\n\t\t\t\t\t\t\t\t\t\t\n\t\t\t\t\t\t\t\t<\/div>\n\n\t\t\t\t\t\t\t\n\t\t\t\t\t\t<\/div>\n\n\t\t\t\t\t\t\n\t\t\t\t\t\t<div class=\"marker\" data-lat=\"10.780348353853\" data-lng=\"106.68125352783\">\n\t\t\t\t\t\t\t<h2 class=\"location\">Cat Tuong Hearing (Ho Chi Minh City) \u2013 District 3<\/h2>\n\t\t\t\t\t\t\t\t<div class=\"location-hours location-section\">\n\t\t\t\t\t\t\t\t\t<h3 class=\"margin-bottom-0\">gi\u1edd ho\u1ea1t \u0111\u1ed9ng:<\/h3>\n\t\t\t\t\t\t\t\t\t<p>Th\u1ee9 Hai \u0111\u1ebfn Ch\u1ee7 Nh\u1eadt: 08 gi\u1edd \u0111\u1ebfn 18 gi\u1edd<\/p>\n\t\t\t\t\t\t\t\t<\/div>\n\n\t\t\t\t\t\t\t\t\n\t\t\t\t\t\t\t\t<div class=\"location-section\">\n\t\t\t\t\t\t\t\t\t<h3 class=\"margin-bottom-0\">\u0110i\u1ec7n tho\u1ea1i:<\/h3>\n\t\t\t\t\t\t\t\t\t<p class=\"margin-bottom-0\">028 3526 0249<\/p>\n\t\t\t\t\t\t\t\t<\/div>\n\n\t\t\t\t\t\t\t\t\n\t\t\t\t\t\t\t\t<div class=\"location-section\">\n\t\t\t\t\t\t\t\t\t<h3 class=\"margin-bottom-0\">Email:<\/h3>\n\t\t\t\t\t\t\t\t\t<p class=\"margin-bottom-0\">cskh@cattuonghearing.vn<\/p>\n\t\t\t\t\t\t\t\t<\/div>\n\n\t\t\t\t\t\t\t\t\n\t\t\t\t\t\t\t\t<div class=\"location-links\">\n\n\t\t\t\t\t\t\t\t\t\n\t\t\t\t\t\t\t\t\t\t<p><a href=\"https:\/\/cattuonghearing.vn\" target=\"_blank\">Xem trang web c\u00f4ng ty<\/a><\/p>\n\n\t\t\t\t\t\t\t\t\t\t\n\t\t\t\t\t\t\t\t\t\t<p class=\"margin-bottom-0\"><a href=\"https:\/\/maps.app.goo.gl\/Tj1tuWHdBGYsfyM66\" target=\"__blank\">Nh\u1eadn ch\u1ec9 \u0111\u01b0\u1eddng<\/a><\/p>\n\n\t\t\t\t\t\t\t\t\t\t\n\t\t\t\t\t\t\t\t<\/div>\n\n\t\t\t\t\t\t\t\n\t\t\t\t\t\t<\/div>\n\n\t\t\t\t\t\t\n\t\t\t\t\t\t<div class=\"marker\" data-lat=\"21.0088287\" data-lng=\"105.8258994\">\n\t\t\t\t\t\t\t<h2 class=\"location\">Cat Tuong Hearing (Hanoi) \u2013 Main Outlet<\/h2>\n\t\t\t\t\t\t\t\t<div class=\"location-hours location-section\">\n\t\t\t\t\t\t\t\t\t<h3 class=\"margin-bottom-0\">gi\u1edd ho\u1ea1t \u0111\u1ed9ng:<\/h3>\n\t\t\t\t\t\t\t\t\t<p>Th\u1ee9 Hai \u0111\u1ebfn Ch\u1ee7 Nh\u1eadt: 08 gi\u1edd \u0111\u1ebfn 18 gi\u1edd<\/p>\n\t\t\t\t\t\t\t\t<\/div>\n\n\t\t\t\t\t\t\t\t\n\t\t\t\t\t\t\t\t<div class=\"location-section\">\n\t\t\t\t\t\t\t\t\t<h3 class=\"margin-bottom-0\">\u0110i\u1ec7n tho\u1ea1i:<\/h3>\n\t\t\t\t\t\t\t\t\t<p class=\"margin-bottom-0\">024 3857 4461 <\/p>\n\t\t\t\t\t\t\t\t<\/div>\n\n\t\t\t\t\t\t\t\t\n\t\t\t\t\t\t\t\t<div class=\"location-section\">\n\t\t\t\t\t\t\t\t\t<h3 class=\"margin-bottom-0\">Email:<\/h3>\n\t\t\t\t\t\t\t\t\t<p class=\"margin-bottom-0\">cskh@cattuonghearing.vn<\/p>\n\t\t\t\t\t\t\t\t<\/div>\n\n\t\t\t\t\t\t\t\t\n\t\t\t\t\t\t\t\t<div class=\"location-links\">\n\n\t\t\t\t\t\t\t\t\t\n\t\t\t\t\t\t\t\t\t\t<p><a href=\"https:\/\/cattuonghearing.vn\" target=\"_blank\">Xem trang web c\u00f4ng ty<\/a><\/p>\n\n\t\t\t\t\t\t\t\t\t\t\n\t\t\t\t\t\t\t\t\t\t<p class=\"margin-bottom-0\"><a href=\"https:\/\/maps.app.goo.gl\/LkN81AJkvrxWT62w5\" target=\"__blank\">Nh\u1eadn ch\u1ec9 \u0111\u01b0\u1eddng<\/a><\/p>\n\n\t\t\t\t\t\t\t\t\t\t\n\t\t\t\t\t\t\t\t<\/div>\n\n\t\t\t\t\t\t\t\n\t\t\t\t\t\t<\/div>\n\n\t\t\t\t\t\t\n\t\t\t\t<\/div>\n\n\t\t\t\t\n\t\t<\/div>\n\t<\/div>\n<\/div>\n","protected":false},"excerpt":{"rendered":"","protected":false},"author":5,"featured_media":0,"parent":0,"menu_order":0,"comment_status":"closed","ping_status":"closed","template":"","meta":{"_acf_changed":false,"inline_featured_image":false,"footnotes":""},"class_list":["post-322","page","type-page","status-publish","hentry"],"acf":[],"yoast_head":"<!-- This site is optimized with the Yoast SEO plugin v26.9 - https:\/\/yoast.com\/product\/yoast-seo-wordpress\/ -->\n<title>T\u00ecm chuy\u00ean gia - Phonak - Vietnam<\/title>\n<meta name=\"robots\" content=\"index, follow, max-snippet:-1, max-image-preview:large, max-video-preview:-1\" \/>\n<link rel=\"canonical\" href=\"https:\/\/intl.phonak.com\/main-english\/find-an-expert\/\" \/>\n<meta property=\"og:locale\" content=\"vi_VN\" \/>\n<meta property=\"og:type\" content=\"article\" \/>\n<meta property=\"og:title\" content=\"T\u00ecm chuy\u00ean gia - Phonak - Vietnam\" \/>\n<meta property=\"og:url\" content=\"https:\/\/intl.phonak.com\/vi-vn\/tim-chuyen-gia\/\" \/>\n<meta property=\"og:site_name\" content=\"Phonak - Vietnam\" \/>\n<meta property=\"article:modified_time\" content=\"2025-05-12T18:18:05+00:00\" \/>\n<meta name=\"twitter:card\" content=\"summary_large_image\" \/>\n<script type=\"application\/ld+json\" class=\"yoast-schema-graph\">{\"@context\":\"https:\/\/schema.org\",\"@graph\":[{\"@type\":\"WebPage\",\"@id\":\"https:\/\/intl.phonak.com\/vi-vn\/tim-chuyen-gia\/\",\"url\":\"https:\/\/intl.phonak.com\/vi-vn\/tim-chuyen-gia\/\",\"name\":\"T\u00ecm chuy\u00ean gia - Phonak - Vietnam\",\"isPartOf\":{\"@id\":\"https:\/\/intl.phonak.com\/vi-vn\/#website\"},\"primaryImageOfPage\":{\"@id\":\"https:\/\/intl.phonak.com\/vi-vn\/tim-chuyen-gia\/#primaryimage\"},\"image\":{\"@id\":\"https:\/\/intl.phonak.com\/vi-vn\/tim-chuyen-gia\/#primaryimage\"},\"thumbnailUrl\":\"https:\/\/intl.phonak.com\/vi-vn\/wp-content\/uploads\/sites\/3\/2024\/03\/phonak-marvel-rechargeable.jpeg\",\"datePublished\":\"2021-10-26T15:25:04+00:00\",\"dateModified\":\"2025-05-12T18:18:05+00:00\",\"breadcrumb\":{\"@id\":\"https:\/\/intl.phonak.com\/vi-vn\/tim-chuyen-gia\/#breadcrumb\"},\"inLanguage\":\"vi\",\"potentialAction\":[{\"@type\":\"ReadAction\",\"target\":[\"https:\/\/intl.phonak.com\/vi-vn\/tim-chuyen-gia\/\"]}]},{\"@type\":\"ImageObject\",\"inLanguage\":\"vi\",\"@id\":\"https:\/\/intl.phonak.com\/vi-vn\/tim-chuyen-gia\/#primaryimage\",\"url\":\"\",\"contentUrl\":\"\"},{\"@type\":\"BreadcrumbList\",\"@id\":\"https:\/\/intl.phonak.com\/vi-vn\/tim-chuyen-gia\/#breadcrumb\",\"itemListElement\":[{\"@type\":\"ListItem\",\"position\":1,\"name\":\"Home\",\"item\":\"https:\/\/intl.phonak.com\/vi-vn\/\"},{\"@type\":\"ListItem\",\"position\":2,\"name\":\"T\u00ecm chuy\u00ean gia\"}]},{\"@type\":\"WebSite\",\"@id\":\"https:\/\/intl.phonak.com\/vi-vn\/#website\",\"url\":\"https:\/\/intl.phonak.com\/vi-vn\/\",\"name\":\"Phonak - Vietnam\",\"description\":\"Just another sonova-hearing-solutions.go-vip.net Sites site\",\"potentialAction\":[{\"@type\":\"SearchAction\",\"target\":{\"@type\":\"EntryPoint\",\"urlTemplate\":\"https:\/\/intl.phonak.com\/vi-vn\/?s={search_term_string}\"},\"query-input\":{\"@type\":\"PropertyValueSpecification\",\"valueRequired\":true,\"valueName\":\"search_term_string\"}}],\"inLanguage\":\"vi\"}]}<\/script>\n<!-- \/ Yoast SEO plugin. -->","yoast_head_json":{"title":"T\u00ecm chuy\u00ean gia - Phonak - Vietnam","robots":{"index":"index","follow":"follow","max-snippet":"max-snippet:-1","max-image-preview":"max-image-preview:large","max-video-preview":"max-video-preview:-1"},"canonical":"https:\/\/intl.phonak.com\/main-english\/find-an-expert\/","og_locale":"vi_VN","og_type":"article","og_title":"T\u00ecm chuy\u00ean gia - Phonak - Vietnam","og_url":"https:\/\/intl.phonak.com\/vi-vn\/tim-chuyen-gia\/","og_site_name":"Phonak - Vietnam","article_modified_time":"2025-05-12T18:18:05+00:00","twitter_card":"summary_large_image","schema":{"@context":"https:\/\/schema.org","@graph":[{"@type":"WebPage","@id":"https:\/\/intl.phonak.com\/vi-vn\/tim-chuyen-gia\/","url":"https:\/\/intl.phonak.com\/vi-vn\/tim-chuyen-gia\/","name":"T\u00ecm chuy\u00ean gia - Phonak - Vietnam","isPartOf":{"@id":"https:\/\/intl.phonak.com\/vi-vn\/#website"},"primaryImageOfPage":{"@id":"https:\/\/intl.phonak.com\/vi-vn\/tim-chuyen-gia\/#primaryimage"},"image":{"@id":"https:\/\/intl.phonak.com\/vi-vn\/tim-chuyen-gia\/#primaryimage"},"thumbnailUrl":"https:\/\/intl.phonak.com\/vi-vn\/wp-content\/uploads\/sites\/3\/2024\/03\/phonak-marvel-rechargeable.jpeg","datePublished":"2021-10-26T15:25:04+00:00","dateModified":"2025-05-12T18:18:05+00:00","breadcrumb":{"@id":"https:\/\/intl.phonak.com\/vi-vn\/tim-chuyen-gia\/#breadcrumb"},"inLanguage":"vi","potentialAction":[{"@type":"ReadAction","target":["https:\/\/intl.phonak.com\/vi-vn\/tim-chuyen-gia\/"]}]},{"@type":"ImageObject","inLanguage":"vi","@id":"https:\/\/intl.phonak.com\/vi-vn\/tim-chuyen-gia\/#primaryimage","url":"","contentUrl":""},{"@type":"BreadcrumbList","@id":"https:\/\/intl.phonak.com\/vi-vn\/tim-chuyen-gia\/#breadcrumb","itemListElement":[{"@type":"ListItem","position":1,"name":"Home","item":"https:\/\/intl.phonak.com\/vi-vn\/"},{"@type":"ListItem","position":2,"name":"T\u00ecm chuy\u00ean gia"}]},{"@type":"WebSite","@id":"https:\/\/intl.phonak.com\/vi-vn\/#website","url":"https:\/\/intl.phonak.com\/vi-vn\/","name":"Phonak - Vietnam","description":"Just another sonova-hearing-solutions.go-vip.net Sites site","potentialAction":[{"@type":"SearchAction","target":{"@type":"EntryPoint","urlTemplate":"https:\/\/intl.phonak.com\/vi-vn\/?s={search_term_string}"},"query-input":{"@type":"PropertyValueSpecification","valueRequired":true,"valueName":"search_term_string"}}],"inLanguage":"vi"}]}},"jetpack_sharing_enabled":true,"distributor_meta":false,"distributor_terms":false,"distributor_media":false,"distributor_original_site_name":"Phonak - Vietnam","distributor_original_site_url":"https:\/\/intl.phonak.com\/vi-vn","push-errors":false,"_links":{"self":[{"href":"https:\/\/intl.phonak.com\/vi-vn\/wp-json\/wp\/v2\/pages\/322","targetHints":{"allow":["GET"]}}],"collection":[{"href":"https:\/\/intl.phonak.com\/vi-vn\/wp-json\/wp\/v2\/pages"}],"about":[{"href":"https:\/\/intl.phonak.com\/vi-vn\/wp-json\/wp\/v2\/types\/page"}],"author":[{"embeddable":true,"href":"https:\/\/intl.phonak.com\/vi-vn\/wp-json\/wp\/v2\/users\/5"}],"replies":[{"embeddable":true,"href":"https:\/\/intl.phonak.com\/vi-vn\/wp-json\/wp\/v2\/comments?post=322"}],"version-history":[{"count":4,"href":"https:\/\/intl.phonak.com\/vi-vn\/wp-json\/wp\/v2\/pages\/322\/revisions"}],"predecessor-version":[{"id":770,"href":"https:\/\/intl.phonak.com\/vi-vn\/wp-json\/wp\/v2\/pages\/322\/revisions\/770"}],"wp:attachment":[{"href":"https:\/\/intl.phonak.com\/vi-vn\/wp-json\/wp\/v2\/media?parent=322"}],"curies":[{"name":"wp","href":"https:\/\/api.w.org\/{rel}","templated":true}]}}