{"id":312,"date":"2021-11-17T17:36:12","date_gmt":"2021-11-17T17:36:12","guid":{"rendered":"https:\/\/intl.phonak.com\/vi-vn\/accessories\/"},"modified":"2025-03-14T12:55:32","modified_gmt":"2025-03-14T12:55:32","slug":"phu-kien","status":"publish","type":"page","link":"https:\/\/intl.phonak.com\/vi-vn\/giai-phap-tro-thinh\/phu-kien\/","title":{"rendered":"Ph\u1ee5 ki\u1ec7n"},"content":{"rendered":"\n<div class=\"wp-block-cover alignfull is-light\"><span aria-hidden=\"true\" class=\"wp-block-cover__background has-white-background-color has-background-dim\"><\/span><img decoding=\"async\" class=\"wp-block-cover__image-background wp-image-4764\" alt=\"\" src=\"https:\/\/intl.phonak.com\/vi-vn\/wp-content\/uploads\/sites\/3\/2022\/02\/Banner-accessories.jpg\" style=\"object-position:48% 21%\" data-object-fit=\"cover\" data-object-position=\"48% 21%\"\/><div class=\"wp-block-cover__inner-container is-layout-flow wp-block-cover-is-layout-flow\">\n<h1 class=\"wp-block-heading has-text-align-center has-dark-grey-color has-text-color\" id=\"boosting-performance\">T\u0103ng hi\u1ec7u su\u1ea5t<\/h1>   \n<p class=\"has-text-align-center has-dark-grey-color has-text-color has-lead-font-size\">T\u1eadn d\u1ee5ng t\u1ed1i \u0111a m\u00e1y tr\u1ee3 th\u00ednh v\u00e0 duy tr\u00ec k\u1ebft n\u1ed1i li\u00ean t\u1ee5c<\/p>\n<\/div><\/div>   \n<div class=\"wp-block-group is-style-align-small is-layout-flow wp-block-group-is-layout-flow\" style=\"padding-top:0px\">\n<h2 class=\"wp-block-heading has-text-align-center\" id=\"better-communication-with-wireless-accessories\">Giao ti\u1ebfp t\u1ed1t h\u01a1n v\u1edbi c\u00e1c ph\u1ee5 ki\u1ec7n kh\u00f4ng d\u00e2y<\/h2>   \n<p class=\"has-text-align-center\">Ph\u1ee5 ki\u1ec7n kh\u00f4ng d\u00e2y Phonak l\u00e0 c\u00e1c ti\u1ec7n \u00edch b\u1ed5 sung \u0111\u01b0\u1ee3c li\u00ean k\u1ebft v\u1edbi m\u00e1y tr\u1ee3 th\u00ednh \u0111\u1ec3 gi\u00fap b\u1ea1n nghe t\u1ed1t h\u01a1n trong c\u00e1c t\u00ecnh hu\u1ed1ng kh\u00f3 kh\u0103n. B\u1ea1n s\u1ebd nghe \u0111\u01b0\u1ee3c r\u00f5 h\u01a1n trong m\u00f4i tr\u01b0\u1eddng c\u00f3 ti\u1ebfng \u1ed3n ho\u1eb7c gi\u1ecdng n\u00f3i t\u1eeb xa, trong c\u00e1c cu\u1ed9c g\u1ecdi \u0111i\u1ec7n tho\u1ea1i, trong l\u1edbp v\u00e0 khi nghe TV v\u00e0 \u0111a ph\u01b0\u01a1ng ti\u1ec7n. Ho\u1eb7c c\u00f3 th\u1ec3 d\u1ec5 d\u00e0ng truy c\u1eadp v\u00e0o c\u00e0i \u0111\u1eb7t m\u00e1y tr\u1ee3 th\u00ednh c\u1ee7a b\u1ea1n b\u1eb1ng Remote Control c\u1ee7a Phonak.<\/p>\n<\/div>   \n<div\n\tclass=\"wp-block-phonak-products is-forntend alignwide\"\n\tdata-attributes=\"{&quot;categories&quot;:&quot;22&quot;,&quot;defaultPlatforms&quot;:[],&quot;align&quot;:&quot;wide&quot;,&quot;perPage&quot;:10,&quot;showPagination&quot;:true,&quot;showFilter&quot;:true,&quot;enabledFilters&quot;:[&quot;platforms&quot;,&quot;categories&quot;,&quot;productTypes&quot;],&quot;defaultCategories&quot;:[],&quot;defaultProductTypes&quot;:[]}\"\n\tdata-locale=\"vi\">\n<\/div>\n\n\n\n<div class=\"wp-block-media-text is-stacked-on-mobile cta-block\" style=\"grid-template-columns:35% auto\"><figure class=\"wp-block-media-text__media\"><img decoding=\"async\" src=\"https:\/\/intl.phonak.com\/main-english\/wp-content\/uploads\/sites\/3\/2021\/11\/cta-image.jpg?w=401\" alt=\"\" class=\"wp-image-6738 size-full\"\/><\/figure><div class=\"wp-block-media-text__content\">\n<div class=\"wp-block-create-block-icon-selector\"><i class=\"fal fa-map-marker-alt\"><\/i><\/div>   \n<h3 class=\"wp-block-heading\">Chuy\u00ean gia th\u00ednh gi\u00e1c lu\u00f4n b\u00ean b\u1ea1n<\/h3>   <p>C\u00e1c chuy\u00ean gia ch\u0103m s\u00f3c th\u00ednh gi\u00e1c c\u00f3 th\u1ec3 gi\u00fap b\u1ea1n \u0111\u01b0a ra l\u1ef1a ch\u1ecdn ho\u00e0n h\u1ea3o cho m\u00ecnh. H\u1ecd s\u1ebd xem x\u00e9t nhu c\u1ea7u th\u00ednh l\u1ef1c, ng\u00e2n s\u00e1ch, l\u1ed1i s\u1ed1ng v\u00e0 s\u1edf th\u00edch c\u00e1 nh\u00e2n c\u1ee7a b\u1ea1n. <\/p>   <div class=\"wp-block-buttons is-layout-flex wp-block-buttons-is-layout-flex\">\n<div class=\"wp-block-button is-style-marker-green\"><a class=\"wp-block-button__link wp-element-button\" href=\"https:\/\/intl.phonak.com\/vi-vn\/find-an-expert\/\">T\u00ecm chuy\u00ean gia<\/a><\/div>\n<\/div>\n<\/div><\/div> ","protected":false},"excerpt":{"rendered":"<p>Giao ti\u1ebfp t\u1ed1t h\u01a1n v\u1edbi c\u00e1c ph\u1ee5 ki\u1ec7n kh\u00f4ng d\u00e2y Ph\u1ee5 ki\u1ec7n kh\u00f4ng d\u00e2y Phonak l\u00e0 c\u00e1c ti\u1ec7n \u00edch b\u1ed5&#8230;<\/p>\n","protected":false},"author":5,"featured_media":0,"parent":272,"menu_order":0,"comment_status":"closed","ping_status":"closed","template":"","meta":{"_acf_changed":false,"inline_featured_image":false,"footnotes":""},"class_list":["post-312","page","type-page","status-publish","hentry"],"acf":[],"yoast_head":"<!-- This site is optimized with the Yoast SEO plugin v26.9 - https:\/\/yoast.com\/product\/yoast-seo-wordpress\/ -->\n<title>Ph\u1ee5 ki\u1ec7n - Phonak - Vietnam<\/title>\n<meta name=\"robots\" content=\"index, follow, max-snippet:-1, max-image-preview:large, max-video-preview:-1\" \/>\n<link rel=\"canonical\" href=\"https:\/\/intl.phonak.com\/main-english\/solutions\/accessories\/\" \/>\n<meta property=\"og:locale\" content=\"vi_VN\" \/>\n<meta property=\"og:type\" content=\"article\" \/>\n<meta property=\"og:title\" content=\"Ph\u1ee5 ki\u1ec7n - Phonak - Vietnam\" \/>\n<meta property=\"og:description\" content=\"Giao ti\u1ebfp t\u1ed1t h\u01a1n v\u1edbi c\u00e1c ph\u1ee5 ki\u1ec7n kh\u00f4ng d\u00e2y Ph\u1ee5 ki\u1ec7n kh\u00f4ng d\u00e2y Phonak l\u00e0 c\u00e1c ti\u1ec7n \u00edch b\u1ed5...\" \/>\n<meta property=\"og:url\" content=\"https:\/\/intl.phonak.com\/vi-vn\/giai-phap-tro-thinh\/phu-kien\/\" \/>\n<meta property=\"og:site_name\" content=\"Phonak - Vietnam\" \/>\n<meta property=\"article:modified_time\" content=\"2025-03-14T12:55:32+00:00\" \/>\n<meta name=\"twitter:card\" content=\"summary_large_image\" \/>\n<meta name=\"twitter:label1\" content=\"Est. reading time\" \/>\n\t<meta name=\"twitter:data1\" content=\"2 minutes\" \/>\n<script type=\"application\/ld+json\" class=\"yoast-schema-graph\">{\"@context\":\"https:\/\/schema.org\",\"@graph\":[{\"@type\":\"WebPage\",\"@id\":\"https:\/\/intl.phonak.com\/vi-vn\/giai-phap-tro-thinh\/phu-kien\/\",\"url\":\"https:\/\/intl.phonak.com\/vi-vn\/giai-phap-tro-thinh\/phu-kien\/\",\"name\":\"Ph\u1ee5 ki\u1ec7n - Phonak - Vietnam\",\"isPartOf\":{\"@id\":\"https:\/\/intl.phonak.com\/vi-vn\/#website\"},\"primaryImageOfPage\":{\"@id\":\"https:\/\/intl.phonak.com\/vi-vn\/giai-phap-tro-thinh\/phu-kien\/#primaryimage\"},\"image\":{\"@id\":\"https:\/\/intl.phonak.com\/vi-vn\/giai-phap-tro-thinh\/phu-kien\/#primaryimage\"},\"thumbnailUrl\":\"https:\/\/intl.phonak.com\/vi-vn\/wp-content\/uploads\/sites\/3\/2022\/02\/Banner-accessories.jpg\",\"datePublished\":\"2021-11-17T17:36:12+00:00\",\"dateModified\":\"2025-03-14T12:55:32+00:00\",\"breadcrumb\":{\"@id\":\"https:\/\/intl.phonak.com\/vi-vn\/giai-phap-tro-thinh\/phu-kien\/#breadcrumb\"},\"inLanguage\":\"vi\",\"potentialAction\":[{\"@type\":\"ReadAction\",\"target\":[\"https:\/\/intl.phonak.com\/vi-vn\/giai-phap-tro-thinh\/phu-kien\/\"]}]},{\"@type\":\"ImageObject\",\"inLanguage\":\"vi\",\"@id\":\"https:\/\/intl.phonak.com\/vi-vn\/giai-phap-tro-thinh\/phu-kien\/#primaryimage\",\"url\":\"\",\"contentUrl\":\"\"},{\"@type\":\"BreadcrumbList\",\"@id\":\"https:\/\/intl.phonak.com\/vi-vn\/giai-phap-tro-thinh\/phu-kien\/#breadcrumb\",\"itemListElement\":[{\"@type\":\"ListItem\",\"position\":1,\"name\":\"Home\",\"item\":\"https:\/\/intl.phonak.com\/vi-vn\/\"},{\"@type\":\"ListItem\",\"position\":2,\"name\":\"S\u1ea3n ph\u1ea9m\",\"item\":\"https:\/\/intl.phonak.com\/vi-vn\/giai-phap-tro-thinh\/\"},{\"@type\":\"ListItem\",\"position\":3,\"name\":\"Ph\u1ee5 ki\u1ec7n\"}]},{\"@type\":\"WebSite\",\"@id\":\"https:\/\/intl.phonak.com\/vi-vn\/#website\",\"url\":\"https:\/\/intl.phonak.com\/vi-vn\/\",\"name\":\"Phonak - Vietnam\",\"description\":\"Just another sonova-hearing-solutions.go-vip.net Sites site\",\"potentialAction\":[{\"@type\":\"SearchAction\",\"target\":{\"@type\":\"EntryPoint\",\"urlTemplate\":\"https:\/\/intl.phonak.com\/vi-vn\/?s={search_term_string}\"},\"query-input\":{\"@type\":\"PropertyValueSpecification\",\"valueRequired\":true,\"valueName\":\"search_term_string\"}}],\"inLanguage\":\"vi\"}]}<\/script>\n<!-- \/ Yoast SEO plugin. -->","yoast_head_json":{"title":"Ph\u1ee5 ki\u1ec7n - Phonak - Vietnam","robots":{"index":"index","follow":"follow","max-snippet":"max-snippet:-1","max-image-preview":"max-image-preview:large","max-video-preview":"max-video-preview:-1"},"canonical":"https:\/\/intl.phonak.com\/main-english\/solutions\/accessories\/","og_locale":"vi_VN","og_type":"article","og_title":"Ph\u1ee5 ki\u1ec7n - Phonak - Vietnam","og_description":"Giao ti\u1ebfp t\u1ed1t h\u01a1n v\u1edbi c\u00e1c ph\u1ee5 ki\u1ec7n kh\u00f4ng d\u00e2y Ph\u1ee5 ki\u1ec7n kh\u00f4ng d\u00e2y Phonak l\u00e0 c\u00e1c ti\u1ec7n \u00edch b\u1ed5...","og_url":"https:\/\/intl.phonak.com\/vi-vn\/giai-phap-tro-thinh\/phu-kien\/","og_site_name":"Phonak - Vietnam","article_modified_time":"2025-03-14T12:55:32+00:00","twitter_card":"summary_large_image","twitter_misc":{"Est. reading time":"2 minutes"},"schema":{"@context":"https:\/\/schema.org","@graph":[{"@type":"WebPage","@id":"https:\/\/intl.phonak.com\/vi-vn\/giai-phap-tro-thinh\/phu-kien\/","url":"https:\/\/intl.phonak.com\/vi-vn\/giai-phap-tro-thinh\/phu-kien\/","name":"Ph\u1ee5 ki\u1ec7n - Phonak - Vietnam","isPartOf":{"@id":"https:\/\/intl.phonak.com\/vi-vn\/#website"},"primaryImageOfPage":{"@id":"https:\/\/intl.phonak.com\/vi-vn\/giai-phap-tro-thinh\/phu-kien\/#primaryimage"},"image":{"@id":"https:\/\/intl.phonak.com\/vi-vn\/giai-phap-tro-thinh\/phu-kien\/#primaryimage"},"thumbnailUrl":"https:\/\/intl.phonak.com\/vi-vn\/wp-content\/uploads\/sites\/3\/2022\/02\/Banner-accessories.jpg","datePublished":"2021-11-17T17:36:12+00:00","dateModified":"2025-03-14T12:55:32+00:00","breadcrumb":{"@id":"https:\/\/intl.phonak.com\/vi-vn\/giai-phap-tro-thinh\/phu-kien\/#breadcrumb"},"inLanguage":"vi","potentialAction":[{"@type":"ReadAction","target":["https:\/\/intl.phonak.com\/vi-vn\/giai-phap-tro-thinh\/phu-kien\/"]}]},{"@type":"ImageObject","inLanguage":"vi","@id":"https:\/\/intl.phonak.com\/vi-vn\/giai-phap-tro-thinh\/phu-kien\/#primaryimage","url":"","contentUrl":""},{"@type":"BreadcrumbList","@id":"https:\/\/intl.phonak.com\/vi-vn\/giai-phap-tro-thinh\/phu-kien\/#breadcrumb","itemListElement":[{"@type":"ListItem","position":1,"name":"Home","item":"https:\/\/intl.phonak.com\/vi-vn\/"},{"@type":"ListItem","position":2,"name":"S\u1ea3n ph\u1ea9m","item":"https:\/\/intl.phonak.com\/vi-vn\/giai-phap-tro-thinh\/"},{"@type":"ListItem","position":3,"name":"Ph\u1ee5 ki\u1ec7n"}]},{"@type":"WebSite","@id":"https:\/\/intl.phonak.com\/vi-vn\/#website","url":"https:\/\/intl.phonak.com\/vi-vn\/","name":"Phonak - Vietnam","description":"Just another sonova-hearing-solutions.go-vip.net Sites site","potentialAction":[{"@type":"SearchAction","target":{"@type":"EntryPoint","urlTemplate":"https:\/\/intl.phonak.com\/vi-vn\/?s={search_term_string}"},"query-input":{"@type":"PropertyValueSpecification","valueRequired":true,"valueName":"search_term_string"}}],"inLanguage":"vi"}]}},"jetpack_sharing_enabled":true,"distributor_meta":false,"distributor_terms":false,"distributor_media":false,"distributor_original_site_name":"Phonak - Vietnam","distributor_original_site_url":"https:\/\/intl.phonak.com\/vi-vn","push-errors":false,"_links":{"self":[{"href":"https:\/\/intl.phonak.com\/vi-vn\/wp-json\/wp\/v2\/pages\/312","targetHints":{"allow":["GET"]}}],"collection":[{"href":"https:\/\/intl.phonak.com\/vi-vn\/wp-json\/wp\/v2\/pages"}],"about":[{"href":"https:\/\/intl.phonak.com\/vi-vn\/wp-json\/wp\/v2\/types\/page"}],"author":[{"embeddable":true,"href":"https:\/\/intl.phonak.com\/vi-vn\/wp-json\/wp\/v2\/users\/5"}],"replies":[{"embeddable":true,"href":"https:\/\/intl.phonak.com\/vi-vn\/wp-json\/wp\/v2\/comments?post=312"}],"version-history":[{"count":8,"href":"https:\/\/intl.phonak.com\/vi-vn\/wp-json\/wp\/v2\/pages\/312\/revisions"}],"predecessor-version":[{"id":774,"href":"https:\/\/intl.phonak.com\/vi-vn\/wp-json\/wp\/v2\/pages\/312\/revisions\/774"}],"up":[{"embeddable":true,"href":"https:\/\/intl.phonak.com\/vi-vn\/wp-json\/wp\/v2\/pages\/272"}],"wp:attachment":[{"href":"https:\/\/intl.phonak.com\/vi-vn\/wp-json\/wp\/v2\/media?parent=312"}],"curies":[{"name":"wp","href":"https:\/\/api.w.org\/{rel}","templated":true}]}}