{"id":309,"date":"2021-11-18T16:56:57","date_gmt":"2021-11-18T16:56:57","guid":{"rendered":"https:\/\/intl.phonak.com\/vi-vn\/pediatric-solutions\/"},"modified":"2025-07-11T09:39:58","modified_gmt":"2025-07-11T09:39:58","slug":"may-tro-thinh-tre-em","status":"publish","type":"page","link":"https:\/\/intl.phonak.com\/vi-vn\/giai-phap-tro-thinh\/may-tro-thinh-tre-em\/","title":{"rendered":"S\u1ea3n ph\u1ea9m cho tr\u1ebb em"},"content":{"rendered":"\n<div class=\"wp-block-cover alignfull is-light\"><img decoding=\"async\" class=\"wp-block-cover__image-background wp-image-6552\" alt=\"\" src=\"https:\/\/intl.phonak.com\/vi-vn\/wp-content\/uploads\/sites\/3\/2023\/02\/PH_Pic_generic_kids_01.png\" data-object-fit=\"cover\"\/><span aria-hidden=\"true\" class=\"wp-block-cover__background has-white-background-color has-background-dim\"><\/span><div class=\"wp-block-cover__inner-container is-layout-flow wp-block-cover-is-layout-flow\">\n<h1 class=\"wp-block-heading has-text-align-center has-dark-grey-color has-text-color\" id=\"discover-your-child-s-hearing\">Kh\u00e1m ph\u00e1 th\u00ednh gi\u00e1c c\u1ee7a con tr\u1ebb<\/h1>   \n<p class=\"has-text-align-center has-dark-grey-color has-text-color has-lead-font-size\">Gi\u1ea3i ph\u00e1p th\u00ednh gi\u00e1c cho tr\u1ebb em \u1edf m\u1ecdi l\u1ee9a tu\u1ed5i<\/p>\n<\/div><\/div>   \n<div style=\"height:21px\" aria-hidden=\"true\" class=\"wp-block-spacer\"><\/div>   \n<h2 class=\"wp-block-heading has-text-align-center\">Gi\u1ea3i ph\u00e1p th\u00ednh gi\u00e1c cho tr\u1ebb em v\u00e0 thanh thi\u1ebfu ni\u00ean<\/h2>   \n<p class=\"has-text-align-center is-style-default\">M\u1ed7i \u0111\u1ee9a tr\u1ebb l\u00e0 duy nh\u1ea5t v\u00e0 nhu c\u1ea7u l\u1eafng nghe c\u1ee7a ch\u00fang c\u0169ng v\u1eady. V\u1edbi m\u1ed9t lo\u1ea1t c\u00e1c m\u00e1y tr\u1ee3 th\u00ednh Phonak v\u00e0 Ph\u1ee5 ki\u1ec7n li\u00ean l\u1ea1c kh\u00f4ng d\u00e2y, ch\u00fang t\u00f4i c\u00f3 s\u1eb5n m\u1ed9t gi\u1ea3i ph\u00e1p c\u00f4ng ngh\u1ec7 cho m\u1ecdi l\u1ee9a tu\u1ed5i c\u1ee7a tr\u1ebb.<\/p>   \n<p class=\"has-text-align-center\">Vi\u1ec7c ti\u1ebfp c\u1eadn v\u1edbi t\u1eeb ng\u1eef v\u00e0 nh\u1eefng cu\u1ed9c tr\u00f2 chuy\u1ec7n l\u00e0 r\u1ea5t quan tr\u1ecdng trong s\u1ef1 ph\u00e1t tri\u1ec3n c\u1ee7a tr\u1ebb em v\u00e0 thanh thi\u1ebfu ni\u00ean. C\u00e1c cu\u1ed9c tr\u00f2 chuy\u1ec7n v\u1edbi nh\u1eefng ng\u01b0\u1eddi th\u00e2n y\u00eau &#8211; trong b\u1eefa t\u1ed1i, t\u1ea1i c\u00f4ng vi\u00ean, trong xe h\u01a1i &#8211; l\u00e0 m\u1ed9t trong nh\u1eefng y\u1ebfu t\u1ed1 c\u1ea7n thi\u1ebft nh\u1ea5t trong vi\u1ec7c \u0111\u1ecbnh h\u00ecnh s\u1ef1 ph\u00e1t tri\u1ec3n ng\u00f4n ng\u1eef.<\/p>   \n<p class=\"has-text-align-center\">X\u00e2y d\u1ef1ng m\u1ed9t m\u00f4i tr\u01b0\u1eddng gi\u00e0u ng\u00f4n ng\u1eef cho tr\u1ebb em m\u1ea5t th\u00ednh l\u1ef1c c\u00f3 ngh\u0129a l\u00e0 t\u1ed1i \u0111a h\u00f3a m\u1ecdi c\u01a1 h\u1ed9i t\u01b0\u01a1ng t\u00e1c, v\u00e0 m\u00e1y tr\u1ee3 th\u00ednh cho tr\u1ebb em \u0111\u01b0\u1ee3c thi\u1ebft k\u1ebf \u0111\u1ec3 \u0111eo tho\u1ea3i m\u00e1i c\u1ea3 ng\u00e0y gi\u00fap tr\u1ebb t\u1ed1i \u0111a h\u00f3a c\u00e1c t\u01b0\u01a1ng t\u00e1c qua l\u1ea1i th\u00f4ng qua m\u1ed9t lo\u1ea1t c\u00e1c t\u00ecnh hu\u1ed1ng lu\u00f4n thay \u0111\u1ed5i.<\/p>   \n<div style=\"height:53px\" aria-hidden=\"true\" class=\"wp-block-spacer\"><\/div>   \n<div class=\"wp-block-media-text has-media-on-the-right is-stacked-on-mobile\"><div class=\"wp-block-media-text__content\">\n<h3 class=\"wp-block-heading has-blue-color has-text-color\">Tr\u1ebb s\u01a1 sinh v\u00e0 tr\u1ebb m\u1edbi bi\u1ebft \u0111i<\/h3>   <p>\u0110\u1ed1i v\u1edbi nh\u00f3m tu\u1ed5i n\u00e0y, \u0111i\u1ec1u quan tr\u1ecdng l\u00e0 ph\u1ea3i k\u00edch th\u00edch th\u00ednh gi\u00e1c v\u00e0 cho tr\u1ebb \u0111eo m\u00e1y tr\u1ee3 th\u00ednh c\u00e0ng nhi\u1ec1u c\u00e0ng t\u1ed1t. Tr\u1ebb s\u01a1 sinh v\u00e0 tr\u1ebb m\u1edbi bi\u1ebft \u0111i th\u01b0\u1eddng s\u1eed d\u1ee5ng m\u00e1y tr\u1ee3 th\u00ednh \u0111eo sau tai v\u00ec ch\u00fang mang l\u1ea1i s\u1ef1 tho\u1ea3i m\u00e1i, \u1ed5n \u0111\u1ecbnh v\u00e0 an to\u00e0n nh\u1ea5t cho nh\u00f3m tu\u1ed5i n\u00e0y.<\/p>   \n<h5 class=\"wp-block-heading\"><strong>Ki\u1ec3m tra th\u00ednh gi\u00e1c cho tr\u1ebb em<\/strong><\/h5>   <p>Kh\u1ea3 n\u0103ng nghe c\u00f3 th\u1ec3 \u0111\u01b0\u1ee3c ki\u1ec3m tra tr\u00ean tr\u1ebb s\u01a1 sinh ngay sau khi sinh. Vi\u1ec7c m\u1ea5t th\u00ednh l\u1ef1c \u0111\u01b0\u1ee3c ph\u00e1t hi\u1ec7n c\u00e0ng s\u1edbm c\u00e0ng t\u1ed1t, b\u1edfi v\u00ec can thi\u1ec7p th\u00edch h\u1ee3p l\u00e0 r\u1ea5t quan tr\u1ecdng \u0111\u1ed1i v\u1edbi s\u1ef1 ph\u00e1t tri\u1ec3n ng\u00f4n ng\u1eef v\u00e0 l\u1eddi n\u00f3i c\u1ee7a con tr\u1ebb.<\/p>\n<\/div><figure class=\"wp-block-media-text__media\"><img decoding=\"async\" src=\"https:\/\/intl.phonak.com\/vi-vn\/wp-content\/uploads\/sites\/3\/2023\/12\/Visual_Sky-L-PR_ChildAndMomExhibitionBackdropCropped.jpg?w=592\" alt=\"Mom and daughter \" class=\"wp-image-7305 size-full\"\/><\/figure><\/div>   \n<div class=\"wp-block-media-text is-stacked-on-mobile\"><figure class=\"wp-block-media-text__media\"><img decoding=\"async\" src=\"https:\/\/intl.phonak.com\/vi-vn\/wp-content\/uploads\/sites\/3\/2023\/12\/Visual_Sky-L-UP_Kid.jpg?w=592\" alt=\"Kids\" class=\"wp-image-7308 size-full\"\/><\/figure><div class=\"wp-block-media-text__content\">\n<h3 class=\"wp-block-heading has-blue-color has-text-color\">Tr\u1ebb em trong \u0111\u1ed9 tu\u1ed5i \u0111i h\u1ecdc<\/h3>   <p>Con b\u1eaft \u0111\u1ea7u \u0111\u1ed9c l\u1eadp h\u01a1n v\u00e0 ch\u00fang \u0111\u01b0\u1ee3c ti\u1ebfp x\u00fac v\u1edbi c\u00e1c t\u00ecnh hu\u1ed1ng giao ti\u1ebfp ph\u1ee9c t\u1ea1p h\u01a1n \u1edf \u0111\u1ed9 tu\u1ed5i n\u00e0y. \u0110\u1ec3 gi\u00fap tr\u1ebb d\u1ec5 d\u00e0ng nghe hi\u1ec3u gi\u00e1o vi\u00ean \u0111ang n\u00f3i g\u00ec ho\u1eb7c nghe th\u1ea5y khi b\u1ea1n g\u1ecdi, ch\u00fang t\u00f4i c\u00f3 c\u00e1c c\u00f4ng c\u1ee5 li\u00ean l\u1ea1c kh\u00f4ng d\u00e2y \u0111\u1ec3 tr\u1ee3 gi\u00fap. S\u1ef1 k\u1ebft h\u1ee3p m\u00e0u s\u1eafc kh\u00e1c nhau khi\u1ebfn tr\u1ebb em c\u1ea3m th\u1ea5y th\u00fa v\u1ecb khi \u0111eo m\u00e1y tr\u1ee3 th\u00ednh.<\/p>\n<\/div><\/div>   \n<div class=\"wp-block-media-text has-media-on-the-right is-stacked-on-mobile\"><div class=\"wp-block-media-text__content\">\n<h3 class=\"wp-block-heading has-blue-color has-text-color\">Thanh thi\u1ebfu ni\u00ean<\/h3>   <p>Con tr\u1ebb mu\u1ed1n gi\u1ed1ng nh\u01b0 b\u1ea5t k\u1ef3 thanh thi\u1ebfu ni\u00ean n\u00e0o kh\u00e1c: ch\u01a1i th\u1ec3 thao, nghe nh\u1ea1c, \u0111i ch\u01a1i v\u1edbi b\u1ea1n b\u00e8, th\u1ec3 hi\u1ec7n s\u1ef1 \u0111\u1ed9c \u0111\u00e1o c\u1ee7a m\u00ecnh th\u00f4ng qua th\u1eddi trang ho\u1eb7c ki\u1ec3u t\u00f3c, v.v. Con c\u00f3 th\u1ec3 l\u00e0m t\u1ea5t c\u1ea3 nh\u1eefng \u0111i\u1ec1u n\u00e0y nh\u1edd c\u00e1c ph\u1ee5 ki\u1ec7n kh\u00f4ng d\u00e2y k\u1ebft n\u1ed1i m\u00e1y tr\u1ee3 th\u00ednh v\u1edbi m\u00e1y nghe nh\u1ea1c mp3, \u0111i\u1ec7n tho\u1ea1i di \u0111\u1ed9ng, m\u00e1y t\u00ednh b\u1ea3ng ho\u1eb7c TV. Vi\u1ec7c l\u1eafng nghe hu\u1ea5n luy\u1ec7n vi\u00ean ho\u1eb7c b\u1ea1n b\u00e8, ngay c\u1ea3 khi \u1edf kho\u1ea3ng c\u00e1ch xa ho\u1eb7c trong m\u00f4i tr\u01b0\u1eddng \u1ed3n \u00e0o, s\u1ebd tr\u1edf n\u00ean d\u1ec5 d\u00e0ng.<\/p>\n<\/div><figure class=\"wp-block-media-text__media\"><img decoding=\"async\" src=\"https:\/\/intl.phonak.com\/vi-vn\/wp-content\/uploads\/sites\/3\/2023\/12\/Visual_Audeo-L-RL_Teen-1-1-Converstations-in-Loud-1.jpg?w=592\" alt=\"Teenagers\" class=\"wp-image-7310 size-full\"\/><\/figure><\/div>   \n<div style=\"height:39px\" aria-hidden=\"true\" class=\"wp-block-spacer\"><\/div>   \n<div class=\"wp-block-media-text is-stacked-on-mobile\"><figure class=\"wp-block-media-text__media\"><img decoding=\"async\" src=\"https:\/\/intl.phonak.com\/vi-vn\/wp-content\/uploads\/sites\/3\/2022\/03\/Roger-Ped-accessories-RGB.jpg?w=1024\" alt=\"\" class=\"wp-image-5309 size-full\"\/><\/figure><div class=\"wp-block-media-text__content\">\n<h3 class=\"wp-block-heading has-blue-color has-text-color\" id=\"meet-roger\">G\u1eb7p g\u1ee1 Roger for education<\/h3>   <p>Nhi\u1ec1u t\u00ecnh hu\u1ed1ng c\u00f3 th\u1ec3 g\u00e2y ra kh\u00f3 kh\u0103n khi nghe n\u00ean \u0111\u00f4i khi ngay c\u1ea3 c\u00f4ng ngh\u1ec7 m\u00e1y tr\u1ee3 th\u00ednh ti\u00ean ti\u1ebfn nh\u1ea5t c\u0169ng c\u1ea7n \u0111\u01b0\u1ee3c t\u0103ng c\u01b0\u1eddng. V\u1edbi c\u00e1c ph\u1ee5 ki\u1ec7n kh\u00f4ng d\u00e2y c\u1ee7a ch\u00fang t\u00f4i, con tr\u1ebb c\u00f3 th\u1ec3 giao ti\u1ebfp d\u1ec5 d\u00e0ng h\u01a1n v\u00e0 k\u1ebft n\u1ed1i v\u1edbi c\u00f4ng ngh\u1ec7 \u00e2m thanh hi\u1ec7n \u0111\u1ea1i, ch\u1eb3ng h\u1ea1n nh\u01b0 \u0111i\u1ec7n tho\u1ea1i th\u00f4ng minh, thi\u1ebft b\u1ecb Bluetooth\u00ae, m\u00e1y nghe nh\u1ea1c MP3 v\u00e0 TV.<\/p>   <p><a href=\"https:\/\/intl.phonak.com\/vi-vn\/solutions\/roger-for-education\/\">\u0110\u1ecdc th\u00eam v\u1ec1 Roger cho gi\u00e1o d\u1ee5c<\/a><\/p>\n<\/div><\/div>   \n<div class=\"wp-block-group alignfull has-light-grey-background-color has-background is-layout-flow wp-block-group-is-layout-flow\">\n\t<div class=\"wp-block-pho-product-selection \">\n\t\t<div class=\"grid-x grid-padding-x grid-padding-y\">\n\n\t\t\t\t\t\t\t<div class=\"cell\">\n\t\t\t\t\t<h2 class=\"text-center\">S\u1ea3n ph\u1ea9m<\/h2>\n\t\t\t\t<\/div>\n\t\t\t\t\n\t\t\t\t<div class=\"cell medium-6 large-4 flex-container\">\n\t\t\t\t\t\n<article id=\"post-33\" class=\"product-card post-33 pho_products type-pho_products status-publish has-post-thumbnail hentry pho_product_type-suc-manh pho_product_type-children-and-teens pho_product_category-may-tro-thinh pho_product_category-nhi-khoa pho_product_platforms-lumity\">\n\t\t<a class=\"flex-container flex-dir-column align-justify align-top\" href=\"https:\/\/intl.phonak.com\/vi-vn\/san-pham\/phonak-sky-lumity\/\">\n\t\t<div class=\"product-card-content-wrapper\">\n\t\t\t\n\t\t\t\t<div class=\"product-image-wrapper\">\n\t\t\t\t\t<img loading=\"lazy\" decoding=\"async\" width=\"600\" height=\"600\" src=\"https:\/\/intl.phonak.com\/vi-vn\/wp-content\/uploads\/sites\/58\/2023\/10\/PH_Packshot_Love-Sky-L-Hook_M8-1.png?w=600\" class=\"attachment-post-thumbnail size-post-thumbnail wp-post-image\" alt=\"Phonak Sky Lumity\" srcset=\"https:\/\/intl.phonak.com\/vi-vn\/wp-content\/uploads\/sites\/58\/2023\/10\/PH_Packshot_Love-Sky-L-Hook_M8-1.png 600w, https:\/\/intl.phonak.com\/vi-vn\/wp-content\/uploads\/sites\/58\/2023\/10\/PH_Packshot_Love-Sky-L-Hook_M8-1.png?resize=150,150 150w, https:\/\/intl.phonak.com\/vi-vn\/wp-content\/uploads\/sites\/58\/2023\/10\/PH_Packshot_Love-Sky-L-Hook_M8-1.png?resize=300,300 300w\" sizes=\"auto, (max-width: 600px) 100vw, 600px\" \/>\t\t\t\t<\/div>\n\n\t\t\t\t<h3 class=\"entry-title\">Phonak Sky\u2122 Lumity<\/h3><p>M\u00e1y tr\u1ee3 th\u00ednh d\u00e0nh cho tr\u1ebb em, \u0111\u01b0\u1ee3c trang b\u1ecb c\u00f4ng ngh\u1ec7 Lumity m\u1edbi nh\u1ea5t. \u0110\u01b0\u1ee3c thi\u1ebft k\u1ebf v\u1edbi b\u1ea3ng m\u00e0u s\u1eafc \u0111a d\u1ea1ng gi\u00fap tr\u1ebb t\u1ef1 do th\u1ec3 hi\u1ec7n c\u00e1 t\u00ednh.<\/p>\n\t\t<\/div>\n\t\t<div class=\"wp-block-button\">\n\t\t\t<div class=\"wp-block-button__link\">Xem th\u00eam<\/div>\n\t\t<\/div>\n\t<\/a>\n<\/article><!-- #post-33 -->\n\t\t\t\t<\/div>\n\n\t\t\t\t\n\t\t\t\t<div class=\"cell medium-6 large-4 flex-container\">\n\t\t\t\t\t\n<article id=\"post-21\" class=\"product-card post-21 pho_products type-pho_products status-publish has-post-thumbnail hentry pho_product_type-lan-dau-tien pho_product_category-may-tro-thinh pho_product_platforms-lumity\">\n\t\t<a class=\"flex-container flex-dir-column align-justify align-top\" href=\"https:\/\/intl.phonak.com\/vi-vn\/san-pham\/phonak-audeo-lumity\/\">\n\t\t<div class=\"product-card-content-wrapper\">\n\t\t\t\n\t\t\t\t<div class=\"product-image-wrapper\">\n\t\t\t\t\t<img loading=\"lazy\" decoding=\"async\" width=\"600\" height=\"600\" src=\"https:\/\/intl.phonak.com\/vi-vn\/wp-content\/uploads\/sites\/58\/2024\/03\/PH_Packshot_Audeo-L-R-P8-Pair_WithoutReceiver.png?w=600\" class=\"attachment-post-thumbnail size-post-thumbnail wp-post-image\" alt=\"Phonak Aud\u00e9o Lumity pair\" srcset=\"https:\/\/intl.phonak.com\/vi-vn\/wp-content\/uploads\/sites\/58\/2024\/03\/PH_Packshot_Audeo-L-R-P8-Pair_WithoutReceiver.png 600w, https:\/\/intl.phonak.com\/vi-vn\/wp-content\/uploads\/sites\/58\/2024\/03\/PH_Packshot_Audeo-L-R-P8-Pair_WithoutReceiver.png?resize=150,150 150w, https:\/\/intl.phonak.com\/vi-vn\/wp-content\/uploads\/sites\/58\/2024\/03\/PH_Packshot_Audeo-L-R-P8-Pair_WithoutReceiver.png?resize=300,300 300w\" sizes=\"auto, (max-width: 600px) 100vw, 600px\" \/>\t\t\t\t<\/div>\n\n\t\t\t\t<h3 class=\"entry-title\">Phonak Aud\u00e9o\u2122 Lumity<\/h3><p>M\u00e1y tr\u1ee3 th\u00ednh Lumity l\u00fd t\u01b0\u1edfng cho nh\u1eefng ai mong mu\u1ed1n m\u1ed9t m\u00e1y RIC k\u00edn \u0111\u00e1o, c\u00f3 c\u00f4ng ngh\u1ec7 ti\u00ean ti\u1ebfn nh\u1ea5t ph\u00f9 h\u1ee3p v\u1edbi nh\u1eefng ng\u01b0\u1eddi b\u1ecb m\u1ea5t th\u00ednh l\u1ef1c t\u1eeb nh\u1eb9 \u0111\u1ebfn n\u1eb7ng. <\/p>\n\t\t<\/div>\n\t\t<div class=\"wp-block-button\">\n\t\t\t<div class=\"wp-block-button__link\">Xem th\u00eam<\/div>\n\t\t<\/div>\n\t<\/a>\n<\/article><!-- #post-21 -->\n\t\t\t\t<\/div>\n\n\t\t\t\t\n\t\t\t\t<div class=\"cell medium-6 large-4 flex-container\">\n\t\t\t\t\t\n<article id=\"post-37\" class=\"product-card post-37 pho_products type-pho_products status-publish has-post-thumbnail hentry pho_product_type-mat-thinh-luc-mot-ben pho_product_category-may-tro-thinh pho_product_platforms-lumity\">\n\t\t<a class=\"flex-container flex-dir-column align-justify align-top\" href=\"https:\/\/intl.phonak.com\/vi-vn\/san-pham\/phonak-cros-lumity\/\">\n\t\t<div class=\"product-card-content-wrapper\">\n\t\t\t\n\t\t\t\t<div class=\"product-image-wrapper\">\n\t\t\t\t\t<img loading=\"lazy\" decoding=\"async\" width=\"600\" height=\"600\" src=\"https:\/\/intl.phonak.com\/vi-vn\/wp-content\/uploads\/sites\/58\/2023\/10\/PH_Packshot_CROS_L-R_050-1013-P5-1.png?w=600\" class=\"attachment-post-thumbnail size-post-thumbnail wp-post-image\" alt=\"Phonak CROS L-R\" srcset=\"https:\/\/intl.phonak.com\/vi-vn\/wp-content\/uploads\/sites\/58\/2023\/10\/PH_Packshot_CROS_L-R_050-1013-P5-1.png 600w, https:\/\/intl.phonak.com\/vi-vn\/wp-content\/uploads\/sites\/58\/2023\/10\/PH_Packshot_CROS_L-R_050-1013-P5-1.png?resize=150,150 150w, https:\/\/intl.phonak.com\/vi-vn\/wp-content\/uploads\/sites\/58\/2023\/10\/PH_Packshot_CROS_L-R_050-1013-P5-1.png?resize=300,300 300w\" sizes=\"auto, (max-width: 600px) 100vw, 600px\" \/>\t\t\t\t<\/div>\n\n\t\t\t\t<h3 class=\"entry-title\">Phonak CROS Lumity<\/h3><p>M\u00e1y tr\u1ee3 th\u00ednh tr\u00ean n\u1ec1n t\u1ea3ng Lumity c\u1ee7a ch\u00fang t\u00f4i d\u00e0nh cho nh\u1eefng ng\u01b0\u1eddi b\u1ecb m\u1ea5t th\u00ednh l\u1ef1c 1 b\u00ean, c\u00f3 c\u1ea3 t\u00f9y ch\u1ecdn CROS v\u00e0 BiCROS. <\/p>\n\t\t<\/div>\n\t\t<div class=\"wp-block-button\">\n\t\t\t<div class=\"wp-block-button__link\">Xem th\u00eam<\/div>\n\t\t<\/div>\n\t<\/a>\n<\/article><!-- #post-37 -->\n\t\t\t\t<\/div>\n\n\t\t\t\t\n\t\t<\/div>\n\t<\/div>\n\n\t\n\n\n<div class=\"wp-block-buttons is-content-justification-center is-layout-flex wp-container-core-buttons-is-layout-16018d1d wp-block-buttons-is-layout-flex\">\n<div class=\"wp-block-button\"><a class=\"wp-block-button__link wp-element-button\" href=\"https:\/\/intl.phonak.com\/vi-vn\/solutions\/products\/\">T\u1ea5t c\u1ea3 s\u1ea3n ph\u1ea9m<\/a><\/div>\n<\/div>\n<\/div>   \n<div class=\"wp-block-media-text is-stacked-on-mobile cta-block\" style=\"grid-template-columns:35% auto\"><figure class=\"wp-block-media-text__media\"><img decoding=\"async\" src=\"https:\/\/intl.phonak.com\/main-english\/wp-content\/uploads\/sites\/3\/2021\/11\/cta-image.jpg?w=401\" alt=\"\" class=\"wp-image-6738 size-full\"\/><\/figure><div class=\"wp-block-media-text__content\">\n<div class=\"wp-block-create-block-icon-selector\"><i class=\"fal fa-map-marker-alt\"><\/i><\/div>   \n<h3 class=\"wp-block-heading\">Chuy\u00ean gia th\u00ednh gi\u00e1c lu\u00f4n b\u00ean b\u1ea1n<\/h3>   <p>C\u00e1c chuy\u00ean gia ch\u0103m s\u00f3c th\u00ednh gi\u00e1c c\u00f3 th\u1ec3 gi\u00fap b\u1ea1n \u0111\u01b0a ra l\u1ef1a ch\u1ecdn ho\u00e0n h\u1ea3o cho m\u00ecnh. H\u1ecd s\u1ebd xem x\u00e9t nhu c\u1ea7u th\u00ednh l\u1ef1c, ng\u00e2n s\u00e1ch, l\u1ed1i s\u1ed1ng v\u00e0 s\u1edf th\u00edch c\u00e1 nh\u00e2n c\u1ee7a b\u1ea1n. <\/p>   <div class=\"wp-block-buttons is-layout-flex wp-block-buttons-is-layout-flex\">\n<div class=\"wp-block-button is-style-marker-green\"><a class=\"wp-block-button__link wp-element-button\" href=\"https:\/\/intl.phonak.com\/vi-vn\/find-an-expert\/\">T\u00ecm chuy\u00ean gia<\/a><\/div>\n<\/div>\n<\/div><\/div> ","protected":false},"excerpt":{"rendered":"<p>Gi\u1ea3i ph\u00e1p th\u00ednh gi\u00e1c cho tr\u1ebb em v\u00e0 thanh thi\u1ebfu ni\u00ean M\u1ed7i \u0111\u1ee9a tr\u1ebb l\u00e0 duy nh\u1ea5t v\u00e0 nhu c\u1ea7u&#8230;<\/p>\n","protected":false},"author":5,"featured_media":0,"parent":272,"menu_order":0,"comment_status":"closed","ping_status":"closed","template":"","meta":{"_acf_changed":false,"inline_featured_image":false,"footnotes":""},"class_list":["post-309","page","type-page","status-publish","hentry"],"acf":[],"yoast_head":"<!-- This site is optimized with the Yoast SEO plugin v26.9 - https:\/\/yoast.com\/product\/yoast-seo-wordpress\/ -->\n<title>S\u1ea3n ph\u1ea9m cho tr\u1ebb em - Phonak - Vietnam<\/title>\n<meta name=\"robots\" content=\"index, follow, max-snippet:-1, max-image-preview:large, max-video-preview:-1\" \/>\n<link rel=\"canonical\" href=\"https:\/\/intl.phonak.com\/main-english\/solutions\/pediatric-solutions\/\" \/>\n<meta property=\"og:locale\" content=\"vi_VN\" \/>\n<meta property=\"og:type\" content=\"article\" \/>\n<meta property=\"og:title\" content=\"S\u1ea3n ph\u1ea9m cho tr\u1ebb em - Phonak - Vietnam\" \/>\n<meta property=\"og:description\" content=\"Gi\u1ea3i ph\u00e1p th\u00ednh gi\u00e1c cho tr\u1ebb em v\u00e0 thanh thi\u1ebfu ni\u00ean M\u1ed7i \u0111\u1ee9a tr\u1ebb l\u00e0 duy nh\u1ea5t v\u00e0 nhu c\u1ea7u...\" \/>\n<meta property=\"og:url\" content=\"https:\/\/intl.phonak.com\/vi-vn\/giai-phap-tro-thinh\/may-tro-thinh-tre-em\/\" \/>\n<meta property=\"og:site_name\" content=\"Phonak - Vietnam\" \/>\n<meta property=\"article:modified_time\" content=\"2025-07-11T09:39:58+00:00\" \/>\n<meta name=\"twitter:card\" content=\"summary_large_image\" \/>\n<meta name=\"twitter:label1\" content=\"Est. reading time\" \/>\n\t<meta name=\"twitter:data1\" content=\"9 minutes\" \/>\n<script type=\"application\/ld+json\" class=\"yoast-schema-graph\">{\"@context\":\"https:\/\/schema.org\",\"@graph\":[{\"@type\":\"WebPage\",\"@id\":\"https:\/\/intl.phonak.com\/vi-vn\/giai-phap-tro-thinh\/may-tro-thinh-tre-em\/\",\"url\":\"https:\/\/intl.phonak.com\/vi-vn\/giai-phap-tro-thinh\/may-tro-thinh-tre-em\/\",\"name\":\"S\u1ea3n ph\u1ea9m cho tr\u1ebb em - Phonak - Vietnam\",\"isPartOf\":{\"@id\":\"https:\/\/intl.phonak.com\/vi-vn\/#website\"},\"primaryImageOfPage\":{\"@id\":\"https:\/\/intl.phonak.com\/vi-vn\/giai-phap-tro-thinh\/may-tro-thinh-tre-em\/#primaryimage\"},\"image\":{\"@id\":\"https:\/\/intl.phonak.com\/vi-vn\/giai-phap-tro-thinh\/may-tro-thinh-tre-em\/#primaryimage\"},\"thumbnailUrl\":\"https:\/\/intl.phonak.com\/vi-vn\/wp-content\/uploads\/sites\/3\/2023\/02\/PH_Pic_generic_kids_01.png\",\"datePublished\":\"2021-11-18T16:56:57+00:00\",\"dateModified\":\"2025-07-11T09:39:58+00:00\",\"breadcrumb\":{\"@id\":\"https:\/\/intl.phonak.com\/vi-vn\/giai-phap-tro-thinh\/may-tro-thinh-tre-em\/#breadcrumb\"},\"inLanguage\":\"vi\",\"potentialAction\":[{\"@type\":\"ReadAction\",\"target\":[\"https:\/\/intl.phonak.com\/vi-vn\/giai-phap-tro-thinh\/may-tro-thinh-tre-em\/\"]}]},{\"@type\":\"ImageObject\",\"inLanguage\":\"vi\",\"@id\":\"https:\/\/intl.phonak.com\/vi-vn\/giai-phap-tro-thinh\/may-tro-thinh-tre-em\/#primaryimage\",\"url\":\"\",\"contentUrl\":\"\"},{\"@type\":\"BreadcrumbList\",\"@id\":\"https:\/\/intl.phonak.com\/vi-vn\/giai-phap-tro-thinh\/may-tro-thinh-tre-em\/#breadcrumb\",\"itemListElement\":[{\"@type\":\"ListItem\",\"position\":1,\"name\":\"Home\",\"item\":\"https:\/\/intl.phonak.com\/vi-vn\/\"},{\"@type\":\"ListItem\",\"position\":2,\"name\":\"S\u1ea3n ph\u1ea9m\",\"item\":\"https:\/\/intl.phonak.com\/vi-vn\/giai-phap-tro-thinh\/\"},{\"@type\":\"ListItem\",\"position\":3,\"name\":\"S\u1ea3n ph\u1ea9m cho tr\u1ebb em\"}]},{\"@type\":\"WebSite\",\"@id\":\"https:\/\/intl.phonak.com\/vi-vn\/#website\",\"url\":\"https:\/\/intl.phonak.com\/vi-vn\/\",\"name\":\"Phonak - Vietnam\",\"description\":\"Just another sonova-hearing-solutions.go-vip.net Sites site\",\"potentialAction\":[{\"@type\":\"SearchAction\",\"target\":{\"@type\":\"EntryPoint\",\"urlTemplate\":\"https:\/\/intl.phonak.com\/vi-vn\/?s={search_term_string}\"},\"query-input\":{\"@type\":\"PropertyValueSpecification\",\"valueRequired\":true,\"valueName\":\"search_term_string\"}}],\"inLanguage\":\"vi\"}]}<\/script>\n<!-- \/ Yoast SEO plugin. -->","yoast_head_json":{"title":"S\u1ea3n ph\u1ea9m cho tr\u1ebb em - Phonak - Vietnam","robots":{"index":"index","follow":"follow","max-snippet":"max-snippet:-1","max-image-preview":"max-image-preview:large","max-video-preview":"max-video-preview:-1"},"canonical":"https:\/\/intl.phonak.com\/main-english\/solutions\/pediatric-solutions\/","og_locale":"vi_VN","og_type":"article","og_title":"S\u1ea3n ph\u1ea9m cho tr\u1ebb em - Phonak - Vietnam","og_description":"Gi\u1ea3i ph\u00e1p th\u00ednh gi\u00e1c cho tr\u1ebb em v\u00e0 thanh thi\u1ebfu ni\u00ean M\u1ed7i \u0111\u1ee9a tr\u1ebb l\u00e0 duy nh\u1ea5t v\u00e0 nhu c\u1ea7u...","og_url":"https:\/\/intl.phonak.com\/vi-vn\/giai-phap-tro-thinh\/may-tro-thinh-tre-em\/","og_site_name":"Phonak - Vietnam","article_modified_time":"2025-07-11T09:39:58+00:00","twitter_card":"summary_large_image","twitter_misc":{"Est. reading time":"9 minutes"},"schema":{"@context":"https:\/\/schema.org","@graph":[{"@type":"WebPage","@id":"https:\/\/intl.phonak.com\/vi-vn\/giai-phap-tro-thinh\/may-tro-thinh-tre-em\/","url":"https:\/\/intl.phonak.com\/vi-vn\/giai-phap-tro-thinh\/may-tro-thinh-tre-em\/","name":"S\u1ea3n ph\u1ea9m cho tr\u1ebb em - Phonak - Vietnam","isPartOf":{"@id":"https:\/\/intl.phonak.com\/vi-vn\/#website"},"primaryImageOfPage":{"@id":"https:\/\/intl.phonak.com\/vi-vn\/giai-phap-tro-thinh\/may-tro-thinh-tre-em\/#primaryimage"},"image":{"@id":"https:\/\/intl.phonak.com\/vi-vn\/giai-phap-tro-thinh\/may-tro-thinh-tre-em\/#primaryimage"},"thumbnailUrl":"https:\/\/intl.phonak.com\/vi-vn\/wp-content\/uploads\/sites\/3\/2023\/02\/PH_Pic_generic_kids_01.png","datePublished":"2021-11-18T16:56:57+00:00","dateModified":"2025-07-11T09:39:58+00:00","breadcrumb":{"@id":"https:\/\/intl.phonak.com\/vi-vn\/giai-phap-tro-thinh\/may-tro-thinh-tre-em\/#breadcrumb"},"inLanguage":"vi","potentialAction":[{"@type":"ReadAction","target":["https:\/\/intl.phonak.com\/vi-vn\/giai-phap-tro-thinh\/may-tro-thinh-tre-em\/"]}]},{"@type":"ImageObject","inLanguage":"vi","@id":"https:\/\/intl.phonak.com\/vi-vn\/giai-phap-tro-thinh\/may-tro-thinh-tre-em\/#primaryimage","url":"","contentUrl":""},{"@type":"BreadcrumbList","@id":"https:\/\/intl.phonak.com\/vi-vn\/giai-phap-tro-thinh\/may-tro-thinh-tre-em\/#breadcrumb","itemListElement":[{"@type":"ListItem","position":1,"name":"Home","item":"https:\/\/intl.phonak.com\/vi-vn\/"},{"@type":"ListItem","position":2,"name":"S\u1ea3n ph\u1ea9m","item":"https:\/\/intl.phonak.com\/vi-vn\/giai-phap-tro-thinh\/"},{"@type":"ListItem","position":3,"name":"S\u1ea3n ph\u1ea9m cho tr\u1ebb em"}]},{"@type":"WebSite","@id":"https:\/\/intl.phonak.com\/vi-vn\/#website","url":"https:\/\/intl.phonak.com\/vi-vn\/","name":"Phonak - Vietnam","description":"Just another sonova-hearing-solutions.go-vip.net Sites site","potentialAction":[{"@type":"SearchAction","target":{"@type":"EntryPoint","urlTemplate":"https:\/\/intl.phonak.com\/vi-vn\/?s={search_term_string}"},"query-input":{"@type":"PropertyValueSpecification","valueRequired":true,"valueName":"search_term_string"}}],"inLanguage":"vi"}]}},"jetpack_sharing_enabled":true,"distributor_meta":false,"distributor_terms":false,"distributor_media":false,"distributor_original_site_name":"Phonak - Vietnam","distributor_original_site_url":"https:\/\/intl.phonak.com\/vi-vn","push-errors":false,"_links":{"self":[{"href":"https:\/\/intl.phonak.com\/vi-vn\/wp-json\/wp\/v2\/pages\/309","targetHints":{"allow":["GET"]}}],"collection":[{"href":"https:\/\/intl.phonak.com\/vi-vn\/wp-json\/wp\/v2\/pages"}],"about":[{"href":"https:\/\/intl.phonak.com\/vi-vn\/wp-json\/wp\/v2\/types\/page"}],"author":[{"embeddable":true,"href":"https:\/\/intl.phonak.com\/vi-vn\/wp-json\/wp\/v2\/users\/5"}],"replies":[{"embeddable":true,"href":"https:\/\/intl.phonak.com\/vi-vn\/wp-json\/wp\/v2\/comments?post=309"}],"version-history":[{"count":10,"href":"https:\/\/intl.phonak.com\/vi-vn\/wp-json\/wp\/v2\/pages\/309\/revisions"}],"predecessor-version":[{"id":1018,"href":"https:\/\/intl.phonak.com\/vi-vn\/wp-json\/wp\/v2\/pages\/309\/revisions\/1018"}],"up":[{"embeddable":true,"href":"https:\/\/intl.phonak.com\/vi-vn\/wp-json\/wp\/v2\/pages\/272"}],"wp:attachment":[{"href":"https:\/\/intl.phonak.com\/vi-vn\/wp-json\/wp\/v2\/media?parent=309"}],"curies":[{"name":"wp","href":"https:\/\/api.w.org\/{rel}","templated":true}]}}