{"id":306,"date":"2021-11-29T20:47:45","date_gmt":"2021-11-29T20:47:45","guid":{"rendered":"https:\/\/intl.phonak.com\/vi-vn\/causes-of-hearing-loss\/"},"modified":"2025-03-14T13:19:03","modified_gmt":"2025-03-14T13:19:03","slug":"nguyen-nhan-gay-mat-thinh-luc","status":"publish","type":"page","link":"https:\/\/intl.phonak.com\/vi-vn\/mat-thinh-luc\/nguyen-nhan-gay-mat-thinh-luc\/","title":{"rendered":"Nguy\u00ean nh\u00e2n g\u00e2y m\u1ea5t th\u00ednh l\u1ef1c"},"content":{"rendered":"\n<div class=\"wp-block-cover alignfull is-light\"><span aria-hidden=\"true\" class=\"wp-block-cover__background has-white-background-color has-background-dim-40 has-background-dim\"><\/span><img decoding=\"async\" class=\"wp-block-cover__image-background wp-image-4482\" alt=\"Signs of hearing loss\" src=\"https:\/\/intl.phonak.com\/vi-vn\/wp-content\/uploads\/sites\/3\/2022\/02\/Banner_ways-to-better-hearing.jpg\" style=\"object-position:15% 88%\" data-object-fit=\"cover\" data-object-position=\"15% 88%\"\/><div class=\"wp-block-cover__inner-container is-layout-flow wp-block-cover-is-layout-flow\">\n<h1 class=\"wp-block-heading has-text-align-center has-dark-grey-color has-text-color\" id=\"causes-of-hearing-loss\">Nguy\u00ean nh\u00e2n g\u00e2y m\u1ea5t th\u00ednh l\u1ef1c<\/h1>\n\n\n\n<p class=\"has-text-align-center has-dark-grey-color has-text-color has-lead-font-size\">T\u00ecm hi\u1ec3u nhanh l\u00fd do t\u1ea1i sao b\u1ea1n ho\u1eb7c ng\u01b0\u1eddi th\u00e2n c\u00f3 th\u1ec3 b\u1ecb m\u1ea5t th\u00ednh l\u1ef1c<\/p>\n<\/div><\/div>\n\n\n\n<h2 class=\"wp-block-heading has-text-align-center\" id=\"listen-to-your-hearing\">Quan t\u00e2m \u0111\u1ebfn th\u00ednh gi\u00e1c c\u1ee7a b\u1ea1n<\/h2>\n\n\n\n<p class=\"has-text-align-center\">Cu\u1ed1i c\u00f9ng, tr\u1ea3i nghi\u1ec7m \u00e2m thanh c\u1ee7a m\u1ed7i c\u00e1 nh\u00e2n l\u00e0 \u0111\u1ed9c nh\u1ea5t \u0110\u00f3 l\u00e0 l\u00fd do t\u1ea1i sao nh\u1eefng \u0111i\u1ec1u b\u1ea1n nghe th\u1ea5y c\u00f3 v\u1ebb v\u1eabn b\u00ecnh th\u01b0\u1eddng v\u1edbi b\u1ea1n, m\u1eb7c d\u00f9 b\u1ea1n c\u00f3 th\u1ec3 \u0111\u00e3 b\u1ecb m\u1ea5t th\u00ednh l\u1ef1c nh\u1eb9. S\u1ef1 th\u1eadt th\u00ec b\u1ed9 n\u00e3o c\u1ee7a b\u1ea1n ch\u1ec9 \u0111\u01a1n gi\u1ea3n l\u00e0 \u0111ang \u0111i\u1ec1u ch\u1ec9nh theo t\u00ecnh hu\u1ed1ng m\u1edbi v\u00e0 b\u00f9 \u0111\u1eafp cho c\u00e1c t\u00edn hi\u1ec7u suy y\u1ebfu \u0111\u1ebfn t\u1eeb tai. Sau m\u1ed9t th\u1eddi gian, b\u1ed9 n\u00e3o c\u1ee7a b\u1ea1n s\u1ebd th\u1ef1c s\u1ef1 qu\u00ean c\u00e1ch nghe, b\u1edfi v\u00ec n\u00f3 kh\u00f4ng nh\u1edb \u00e2m thanh c\u1ee7a c\u00e1c t\u1eeb.<br><\/p>\n\n\n\n<p class=\"has-text-align-center\">M\u1ea5t th\u00ednh l\u1ef1c c\u00f3 th\u1ec3 l\u00e0 k\u1ebft qu\u1ea3 c\u1ee7a t\u1ed5n th\u01b0\u01a1ng b\u1ea5t k\u1ef3 ph\u1ea7n n\u00e0o sau \u0111\u00e2y:<\/p>\n\n\n\n<div style=\"height:62px\" aria-hidden=\"true\" class=\"wp-block-spacer\"><\/div>\n\n\n\n<figure class=\"wp-block-image aligncenter size-large\"><img decoding=\"async\" src=\"https:\/\/intl.phonak.com\/vi-vn\/wp-content\/uploads\/sites\/3\/2024\/05\/Anatomy_Ear-neutral.jpg?w=809\" alt=\"\" class=\"wp-image-8161\"\/><\/figure>\n\n\n\n<div style=\"height:53px\" aria-hidden=\"true\" class=\"wp-block-spacer\"><\/div>\n\n\n\n<div class=\"wp-block-columns is-layout-flex wp-container-core-columns-is-layout-9d6595d7 wp-block-columns-is-layout-flex\">\n<div class=\"wp-block-column is-layout-flow wp-block-column-is-layout-flow\">\n<h4 class=\"wp-block-heading has-text-align-center has-blue-color has-text-color\" id=\"causes-in-the-outer-ear\">1. Nguy\u00ean nh\u00e2n \u1edf tai ngo\u00e0i<\/h4>\n\n\n\n<p class=\"has-text-align-center\">C\u00e1c v\u1ea5n \u0111\u1ec1 \u0111i\u1ec3n h\u00ecnh v\u1edbi tai ngo\u00e0i bao g\u1ed3m r\u00e1y tai v\u00e0 nhi\u1ec5m tr\u00f9ng \u1ed1ng th\u00ednh gi\u00e1c. Th\u00f4ng th\u01b0\u1eddng, gi\u1ea3i quy\u1ebft nh\u1eefng v\u1ea5n \u0111\u1ec1 n\u00e0y r\u1ea5t d\u1ec5 d\u00e0ng. Nh\u01b0ng \u0111i\u1ec1u quan tr\u1ecdng l\u00e0 ph\u1ea3i h\u00e0nh \u0111\u1ed9ng nhanh ch\u00f3ng \u0111\u1ec3 tr\u00e1nh t\u1ed5n th\u01b0\u01a1ng th\u00ednh gi\u00e1c.<\/p>\n<\/div>\n\n\n\n<div class=\"wp-block-column is-layout-flow wp-block-column-is-layout-flow\">\n<h4 class=\"wp-block-heading has-text-align-center has-blue-color has-text-color\" id=\"causes-in-the-middle-ear\">2. Nguy\u00ean nh\u00e2n \u1edf tai gi\u1eefa<\/h4>\n\n\n\n<p class=\"has-text-align-center\">Vi\u00eam, d\u1ecbch sau m\u00e0ng nh\u0129, th\u1ee7ng m\u00e0ng nh\u0129 v\u00e0 x\u01a1 c\u1ee9ng tai (c\u1ee9ng x\u01b0\u01a1ng \u1edf tai gi\u1eefa) l\u00e0 nh\u1eefng v\u1ea5n \u0111\u1ec1 ph\u1ed5 bi\u1ebfn nh\u1ea5t c\u1ea3n tr\u1edf ch\u1ee9c n\u0103ng tai gi\u1eefa. H\u1ea7u h\u1ebft c\u00e1c v\u1ea5n \u0111\u1ec1 v\u1ec1 tai ngo\u00e0i v\u00e0 tai gi\u1eefa c\u00f3 th\u1ec3 \u0111\u01b0\u1ee3c gi\u1ea3i quy\u1ebft hi\u1ec7u qu\u1ea3 b\u1eb1ng thu\u1ed1c ho\u1eb7c ph\u1eabu thu\u1eadt. N\u1ebfu kh\u00f4ng \u0111i\u1ec1u tr\u1ecb \u0111\u01b0\u1ee3c, b\u1ea1n c\u00f3 th\u1ec3 b\u00f9 \u0111\u1eafp b\u1eb1ng m\u00e1y tr\u1ee3 th\u00ednh trong h\u1ea7u h\u1ebft c\u00e1c tr\u01b0\u1eddng h\u1ee3p.<\/p>\n<\/div>\n\n\n\n<div class=\"wp-block-column is-layout-flow wp-block-column-is-layout-flow\">\n<h4 class=\"wp-block-heading has-text-align-center has-blue-color has-text-color\" id=\"causes-in-the-inner-ear\">3. Nguy\u00ean nh\u00e2n \u1edf tai trong<\/h4>\n\n\n\n<p class=\"has-text-align-center\">Ph\u1ea7n l\u1edbn c\u00e1c v\u1ea5n \u0111\u1ec1 v\u1ec1 th\u00ednh gi\u00e1c li\u00ean quan \u0111\u1ebfn tai trong. Nguy\u00ean nh\u00e2n ph\u1ed5 bi\u1ebfn nh\u1ea5t l\u00e0 qu\u00e1 tr\u00ecnh l\u00e3o h\u00f3a t\u1ef1 nhi\u00ean. Nh\u01b0ng ti\u1ebfng \u1ed3n l\u1edbn, m\u1ed9t s\u1ed1 lo\u1ea1i thu\u1ed1c ho\u1eb7c g\u00e3y x\u01b0\u01a1ng s\u1ecd c\u0169ng c\u00f3 th\u1ec3 c\u00f3 \u1ea3nh h\u01b0\u1edfng ti\u00eau c\u1ef1c \u0111\u1ebfn kh\u1ea3 n\u0103ng nghe c\u1ee7a m\u1ed9t ng\u01b0\u1eddi. Nh\u1eefng \u1ea3nh h\u01b0\u1edfng n\u00e0y l\u00e0m h\u1ecfng c\u00e1c t\u1ebf b\u00e0o l\u00f4ng m\u1ecbn v\u00e0 t\u00e1c \u0111\u1ed9ng \u0111\u1ebfn vi\u1ec7c truy\u1ec1n t\u00edn hi\u1ec7u t\u1edbi c\u00e1c d\u00e2y th\u1ea7n kinh th\u00ednh gi\u00e1c. Th\u00f4ng th\u01b0\u1eddng, m\u1ea5t th\u00ednh l\u1ef1c tai trong kh\u00f4ng th\u1ec3 \u0111\u01b0\u1ee3c gi\u1ea3i quy\u1ebft v\u1ec1 m\u1eb7t y t\u1ebf. Tuy nhi\u00ean, lo\u1ea1i m\u1ea5t th\u00ednh l\u1ef1c n\u00e0y c\u00f3 th\u1ec3 \u0111\u01b0\u1ee3c \u0111i\u1ec1u ch\u1ec9nh b\u1eb1ng m\u00e1y tr\u1ee3 th\u00ednh trong h\u1ea7u h\u1ebft c\u00e1c tr\u01b0\u1eddng h\u1ee3p.<\/p>\n<\/div>\n<\/div>\n\n\n\n<p><\/p>\n\n\n\n<p class=\"has-text-align-center\">M\u1ea5t th\u00ednh l\u1ef1c do khi\u1ebfm khuy\u1ebft tai ngo\u00e0i ho\u1eb7c tai gi\u1eefa \u0111\u01b0\u1ee3c g\u1ecdi l\u00e0 nghe k\u00e9m d\u1eabn truy\u1ec1n. T\u1ed5n th\u01b0\u01a1ng tai trong, \u0111\u01b0\u1ee3c g\u1ecdi l\u00e0 nghe k\u00e9m ti\u1ebfp nh\u1eadn. N\u1ebfu c\u1ea3 hai lo\u1ea1i x\u1ea3y ra c\u00f9ng nhau, t\u00ecnh tr\u1ea1ng n\u00e0y \u0111\u01b0\u1ee3c g\u1ecdi l\u00e0 nghe k\u00e9m h\u1ed7n h\u1ee3p.<\/p>\n\n\n\n<div style=\"height:26px\" aria-hidden=\"true\" class=\"wp-block-spacer\"><\/div>\n\n\n\n<div class=\"wp-block-group alignfull has-light-grey-background-color has-background is-layout-flow wp-block-group-is-layout-flow\">\n<div class=\"wp-block-group is-style-align-small is-layout-flow wp-block-group-is-layout-flow\">\n<h3 class=\"wp-block-heading has-text-align-center has-blue-color has-text-color\" id=\"get-professional-help\">Nh\u1eadn tr\u1ee3 gi\u00fap t\u1eeb chuy\u00ean gia<\/h3>\n\n\n\n<p class=\"has-text-align-center\">Chuy\u00ean gia ch\u0103m s\u00f3c th\u00ednh gi\u00e1c s\u1ebd gi\u00fap b\u1ea1n \u0111\u01b0a ra l\u1ef1a ch\u1ecdn ho\u00e0n h\u1ea3o cho m\u00ecnh. H\u1ecd s\u1ebd xem x\u00e9t nhu c\u1ea7u th\u00ednh l\u1ef1c, ng\u00e2n s\u00e1ch, l\u1ed1i s\u1ed1ng v\u00e0 s\u1edf th\u00edch c\u00e1 nh\u00e2n c\u1ee7a b\u1ea1n.<\/p>\n\n\n\n<p class=\"has-text-align-center\"><a href=\"https:\/\/intl.phonak.com\/vi-vn\/mat-thinh-luc\/gap-chuyen-gia-thinh-giac\/\">T\u00ecm hi\u1ec3u nh\u1eefng g\u00ec s\u1ebd x\u1ea3y ra trong cu\u1ed9c h\u1eb9n \u0111\u1ea7u ti\u00ean c\u1ee7a b\u1ea1n<\/a><\/p>\n<\/div>\n<\/div>\n\n\n\n<div class=\"wp-block-media-text is-stacked-on-mobile cta-block\" style=\"grid-template-columns:35% auto\"><figure class=\"wp-block-media-text__media\"><img decoding=\"async\" src=\"https:\/\/intl.phonak.com\/main-english\/wp-content\/uploads\/sites\/3\/2021\/11\/cta-image.jpg?w=401\" alt=\"\" class=\"wp-image-6738 size-full\"\/><\/figure><div class=\"wp-block-media-text__content\">\n<div class=\"wp-block-create-block-icon-selector\"><i class=\"fal fa-map-marker-alt\"><\/i><\/div>   \n<h3 class=\"wp-block-heading\">Chuy\u00ean gia th\u00ednh gi\u00e1c lu\u00f4n b\u00ean b\u1ea1n<\/h3>   <p>C\u00e1c chuy\u00ean gia ch\u0103m s\u00f3c th\u00ednh gi\u00e1c c\u00f3 th\u1ec3 gi\u00fap b\u1ea1n \u0111\u01b0a ra l\u1ef1a ch\u1ecdn ho\u00e0n h\u1ea3o cho m\u00ecnh. H\u1ecd s\u1ebd xem x\u00e9t nhu c\u1ea7u th\u00ednh l\u1ef1c, ng\u00e2n s\u00e1ch, l\u1ed1i s\u1ed1ng v\u00e0 s\u1edf th\u00edch c\u00e1 nh\u00e2n c\u1ee7a b\u1ea1n. <\/p>   <div class=\"wp-block-buttons is-layout-flex wp-block-buttons-is-layout-flex\">\n<div class=\"wp-block-button is-style-marker-green\"><a class=\"wp-block-button__link wp-element-button\" href=\"https:\/\/intl.phonak.com\/vi-vn\/find-an-expert\/\">T\u00ecm chuy\u00ean gia<\/a><\/div>\n<\/div>\n<\/div><\/div> \n\n\n<p>r<\/p>\n","protected":false},"excerpt":{"rendered":"<p>Quan t\u00e2m \u0111\u1ebfn th\u00ednh gi\u00e1c c\u1ee7a b\u1ea1n Cu\u1ed1i c\u00f9ng, tr\u1ea3i nghi\u1ec7m \u00e2m thanh c\u1ee7a m\u1ed7i c\u00e1 nh\u00e2n l\u00e0 \u0111\u1ed9c nh\u1ea5t&#8230;<\/p>\n","protected":false},"author":5,"featured_media":0,"parent":281,"menu_order":0,"comment_status":"closed","ping_status":"closed","template":"","meta":{"_acf_changed":false,"inline_featured_image":false,"footnotes":""},"class_list":["post-306","page","type-page","status-publish","hentry"],"acf":[],"yoast_head":"<!-- This site is optimized with the Yoast SEO plugin v26.9 - https:\/\/yoast.com\/product\/yoast-seo-wordpress\/ -->\n<title>Nguy\u00ean nh\u00e2n g\u00e2y m\u1ea5t th\u00ednh l\u1ef1c - Phonak - Vietnam<\/title>\n<meta name=\"robots\" content=\"index, follow, max-snippet:-1, max-image-preview:large, max-video-preview:-1\" \/>\n<link rel=\"canonical\" href=\"https:\/\/intl.phonak.com\/main-english\/hearing-loss\/causes-of-hearing-loss\/\" \/>\n<meta property=\"og:locale\" content=\"vi_VN\" \/>\n<meta property=\"og:type\" content=\"article\" \/>\n<meta property=\"og:title\" content=\"Nguy\u00ean nh\u00e2n g\u00e2y m\u1ea5t th\u00ednh l\u1ef1c - Phonak - Vietnam\" \/>\n<meta property=\"og:description\" content=\"Quan t\u00e2m \u0111\u1ebfn th\u00ednh gi\u00e1c c\u1ee7a b\u1ea1n Cu\u1ed1i c\u00f9ng, tr\u1ea3i nghi\u1ec7m \u00e2m thanh c\u1ee7a m\u1ed7i c\u00e1 nh\u00e2n l\u00e0 \u0111\u1ed9c nh\u1ea5t...\" \/>\n<meta property=\"og:url\" content=\"https:\/\/intl.phonak.com\/vi-vn\/mat-thinh-luc\/nguyen-nhan-gay-mat-thinh-luc\/\" \/>\n<meta property=\"og:site_name\" content=\"Phonak - Vietnam\" \/>\n<meta property=\"article:modified_time\" content=\"2025-03-14T13:19:03+00:00\" \/>\n<meta name=\"twitter:card\" content=\"summary_large_image\" \/>\n<meta name=\"twitter:label1\" content=\"Est. reading time\" \/>\n\t<meta name=\"twitter:data1\" content=\"7 minutes\" \/>\n<script type=\"application\/ld+json\" class=\"yoast-schema-graph\">{\"@context\":\"https:\/\/schema.org\",\"@graph\":[{\"@type\":\"WebPage\",\"@id\":\"https:\/\/intl.phonak.com\/vi-vn\/mat-thinh-luc\/nguyen-nhan-gay-mat-thinh-luc\/\",\"url\":\"https:\/\/intl.phonak.com\/vi-vn\/mat-thinh-luc\/nguyen-nhan-gay-mat-thinh-luc\/\",\"name\":\"Nguy\u00ean nh\u00e2n g\u00e2y m\u1ea5t th\u00ednh l\u1ef1c - Phonak - Vietnam\",\"isPartOf\":{\"@id\":\"https:\/\/intl.phonak.com\/vi-vn\/#website\"},\"primaryImageOfPage\":{\"@id\":\"https:\/\/intl.phonak.com\/vi-vn\/mat-thinh-luc\/nguyen-nhan-gay-mat-thinh-luc\/#primaryimage\"},\"image\":{\"@id\":\"https:\/\/intl.phonak.com\/vi-vn\/mat-thinh-luc\/nguyen-nhan-gay-mat-thinh-luc\/#primaryimage\"},\"thumbnailUrl\":\"https:\/\/intl.phonak.com\/vi-vn\/wp-content\/uploads\/sites\/3\/2022\/02\/Banner_ways-to-better-hearing.jpg\",\"datePublished\":\"2021-11-29T20:47:45+00:00\",\"dateModified\":\"2025-03-14T13:19:03+00:00\",\"breadcrumb\":{\"@id\":\"https:\/\/intl.phonak.com\/vi-vn\/mat-thinh-luc\/nguyen-nhan-gay-mat-thinh-luc\/#breadcrumb\"},\"inLanguage\":\"vi\",\"potentialAction\":[{\"@type\":\"ReadAction\",\"target\":[\"https:\/\/intl.phonak.com\/vi-vn\/mat-thinh-luc\/nguyen-nhan-gay-mat-thinh-luc\/\"]}]},{\"@type\":\"ImageObject\",\"inLanguage\":\"vi\",\"@id\":\"https:\/\/intl.phonak.com\/vi-vn\/mat-thinh-luc\/nguyen-nhan-gay-mat-thinh-luc\/#primaryimage\",\"url\":\"\",\"contentUrl\":\"\"},{\"@type\":\"BreadcrumbList\",\"@id\":\"https:\/\/intl.phonak.com\/vi-vn\/mat-thinh-luc\/nguyen-nhan-gay-mat-thinh-luc\/#breadcrumb\",\"itemListElement\":[{\"@type\":\"ListItem\",\"position\":1,\"name\":\"Home\",\"item\":\"https:\/\/intl.phonak.com\/vi-vn\/\"},{\"@type\":\"ListItem\",\"position\":2,\"name\":\"M\u1ea5t th\u00ednh l\u1ef1c\",\"item\":\"https:\/\/intl.phonak.com\/vi-vn\/mat-thinh-luc\/\"},{\"@type\":\"ListItem\",\"position\":3,\"name\":\"Nguy\u00ean nh\u00e2n g\u00e2y m\u1ea5t th\u00ednh l\u1ef1c\"}]},{\"@type\":\"WebSite\",\"@id\":\"https:\/\/intl.phonak.com\/vi-vn\/#website\",\"url\":\"https:\/\/intl.phonak.com\/vi-vn\/\",\"name\":\"Phonak - Vietnam\",\"description\":\"Just another sonova-hearing-solutions.go-vip.net Sites site\",\"potentialAction\":[{\"@type\":\"SearchAction\",\"target\":{\"@type\":\"EntryPoint\",\"urlTemplate\":\"https:\/\/intl.phonak.com\/vi-vn\/?s={search_term_string}\"},\"query-input\":{\"@type\":\"PropertyValueSpecification\",\"valueRequired\":true,\"valueName\":\"search_term_string\"}}],\"inLanguage\":\"vi\"}]}<\/script>\n<!-- \/ Yoast SEO plugin. -->","yoast_head_json":{"title":"Nguy\u00ean nh\u00e2n g\u00e2y m\u1ea5t th\u00ednh l\u1ef1c - Phonak - Vietnam","robots":{"index":"index","follow":"follow","max-snippet":"max-snippet:-1","max-image-preview":"max-image-preview:large","max-video-preview":"max-video-preview:-1"},"canonical":"https:\/\/intl.phonak.com\/main-english\/hearing-loss\/causes-of-hearing-loss\/","og_locale":"vi_VN","og_type":"article","og_title":"Nguy\u00ean nh\u00e2n g\u00e2y m\u1ea5t th\u00ednh l\u1ef1c - Phonak - Vietnam","og_description":"Quan t\u00e2m \u0111\u1ebfn th\u00ednh gi\u00e1c c\u1ee7a b\u1ea1n Cu\u1ed1i c\u00f9ng, tr\u1ea3i nghi\u1ec7m \u00e2m thanh c\u1ee7a m\u1ed7i c\u00e1 nh\u00e2n l\u00e0 \u0111\u1ed9c nh\u1ea5t...","og_url":"https:\/\/intl.phonak.com\/vi-vn\/mat-thinh-luc\/nguyen-nhan-gay-mat-thinh-luc\/","og_site_name":"Phonak - Vietnam","article_modified_time":"2025-03-14T13:19:03+00:00","twitter_card":"summary_large_image","twitter_misc":{"Est. reading time":"7 minutes"},"schema":{"@context":"https:\/\/schema.org","@graph":[{"@type":"WebPage","@id":"https:\/\/intl.phonak.com\/vi-vn\/mat-thinh-luc\/nguyen-nhan-gay-mat-thinh-luc\/","url":"https:\/\/intl.phonak.com\/vi-vn\/mat-thinh-luc\/nguyen-nhan-gay-mat-thinh-luc\/","name":"Nguy\u00ean nh\u00e2n g\u00e2y m\u1ea5t th\u00ednh l\u1ef1c - Phonak - Vietnam","isPartOf":{"@id":"https:\/\/intl.phonak.com\/vi-vn\/#website"},"primaryImageOfPage":{"@id":"https:\/\/intl.phonak.com\/vi-vn\/mat-thinh-luc\/nguyen-nhan-gay-mat-thinh-luc\/#primaryimage"},"image":{"@id":"https:\/\/intl.phonak.com\/vi-vn\/mat-thinh-luc\/nguyen-nhan-gay-mat-thinh-luc\/#primaryimage"},"thumbnailUrl":"https:\/\/intl.phonak.com\/vi-vn\/wp-content\/uploads\/sites\/3\/2022\/02\/Banner_ways-to-better-hearing.jpg","datePublished":"2021-11-29T20:47:45+00:00","dateModified":"2025-03-14T13:19:03+00:00","breadcrumb":{"@id":"https:\/\/intl.phonak.com\/vi-vn\/mat-thinh-luc\/nguyen-nhan-gay-mat-thinh-luc\/#breadcrumb"},"inLanguage":"vi","potentialAction":[{"@type":"ReadAction","target":["https:\/\/intl.phonak.com\/vi-vn\/mat-thinh-luc\/nguyen-nhan-gay-mat-thinh-luc\/"]}]},{"@type":"ImageObject","inLanguage":"vi","@id":"https:\/\/intl.phonak.com\/vi-vn\/mat-thinh-luc\/nguyen-nhan-gay-mat-thinh-luc\/#primaryimage","url":"","contentUrl":""},{"@type":"BreadcrumbList","@id":"https:\/\/intl.phonak.com\/vi-vn\/mat-thinh-luc\/nguyen-nhan-gay-mat-thinh-luc\/#breadcrumb","itemListElement":[{"@type":"ListItem","position":1,"name":"Home","item":"https:\/\/intl.phonak.com\/vi-vn\/"},{"@type":"ListItem","position":2,"name":"M\u1ea5t th\u00ednh l\u1ef1c","item":"https:\/\/intl.phonak.com\/vi-vn\/mat-thinh-luc\/"},{"@type":"ListItem","position":3,"name":"Nguy\u00ean nh\u00e2n g\u00e2y m\u1ea5t th\u00ednh l\u1ef1c"}]},{"@type":"WebSite","@id":"https:\/\/intl.phonak.com\/vi-vn\/#website","url":"https:\/\/intl.phonak.com\/vi-vn\/","name":"Phonak - Vietnam","description":"Just another sonova-hearing-solutions.go-vip.net Sites site","potentialAction":[{"@type":"SearchAction","target":{"@type":"EntryPoint","urlTemplate":"https:\/\/intl.phonak.com\/vi-vn\/?s={search_term_string}"},"query-input":{"@type":"PropertyValueSpecification","valueRequired":true,"valueName":"search_term_string"}}],"inLanguage":"vi"}]}},"jetpack_sharing_enabled":true,"distributor_meta":false,"distributor_terms":false,"distributor_media":false,"distributor_original_site_name":"Phonak - Vietnam","distributor_original_site_url":"https:\/\/intl.phonak.com\/vi-vn","push-errors":false,"_links":{"self":[{"href":"https:\/\/intl.phonak.com\/vi-vn\/wp-json\/wp\/v2\/pages\/306","targetHints":{"allow":["GET"]}}],"collection":[{"href":"https:\/\/intl.phonak.com\/vi-vn\/wp-json\/wp\/v2\/pages"}],"about":[{"href":"https:\/\/intl.phonak.com\/vi-vn\/wp-json\/wp\/v2\/types\/page"}],"author":[{"embeddable":true,"href":"https:\/\/intl.phonak.com\/vi-vn\/wp-json\/wp\/v2\/users\/5"}],"replies":[{"embeddable":true,"href":"https:\/\/intl.phonak.com\/vi-vn\/wp-json\/wp\/v2\/comments?post=306"}],"version-history":[{"count":7,"href":"https:\/\/intl.phonak.com\/vi-vn\/wp-json\/wp\/v2\/pages\/306\/revisions"}],"predecessor-version":[{"id":889,"href":"https:\/\/intl.phonak.com\/vi-vn\/wp-json\/wp\/v2\/pages\/306\/revisions\/889"}],"up":[{"embeddable":true,"href":"https:\/\/intl.phonak.com\/vi-vn\/wp-json\/wp\/v2\/pages\/281"}],"wp:attachment":[{"href":"https:\/\/intl.phonak.com\/vi-vn\/wp-json\/wp\/v2\/media?parent=306"}],"curies":[{"name":"wp","href":"https:\/\/api.w.org\/{rel}","templated":true}]}}