{"id":303,"date":"2021-11-29T21:39:57","date_gmt":"2021-11-29T21:39:57","guid":{"rendered":"https:\/\/intl.phonak.com\/vi-vn\/go-to-a-hearing-expert\/"},"modified":"2025-03-14T13:21:07","modified_gmt":"2025-03-14T13:21:07","slug":"gap-chuyen-gia-thinh-giac","status":"publish","type":"page","link":"https:\/\/intl.phonak.com\/vi-vn\/mat-thinh-luc\/gap-chuyen-gia-thinh-giac\/","title":{"rendered":"H\u00e3y \u0111\u1ebfn g\u1eb7p chuy\u00ean gia th\u00ednh gi\u00e1c"},"content":{"rendered":"\n<div class=\"wp-block-cover alignfull\"><span aria-hidden=\"true\" class=\"wp-block-cover__background has-light-grey-background-color has-background-dim-60 has-background-dim\"><\/span><img decoding=\"async\" class=\"wp-block-cover__image-background wp-image-7280\" alt=\"HCP fitting a Client\" src=\"https:\/\/intl.phonak.com\/vi-vn\/wp-content\/uploads\/sites\/3\/2023\/12\/Hearing-banner_HCPFittingClient_01-1.jpg\" data-object-fit=\"cover\"\/><div class=\"wp-block-cover__inner-container is-layout-flow wp-block-cover-is-layout-flow\">\n<h1 class=\"wp-block-heading has-text-align-center has-grey-500-color has-text-color\" id=\"your-first-appointment-with-a-hearing-expert\">Cu\u1ed9c h\u1eb9n \u0111\u1ea7u ti\u00ean c\u1ee7a b\u1ea1n v\u1edbi chuy\u00ean gia th\u00ednh gi\u00e1c.<\/h1>\n\n\n\n<p class=\"has-text-align-center has-grey-500-color has-text-color has-lead-font-size\">Ki\u1ec3m tra th\u00ednh l\u1ef1c th\u01b0\u1eddng xuy\u00ean gi\u00fap b\u1ea1n nh\u1eadn bi\u1ebft s\u1edbm t\u00ecnh tr\u1ea1ng m\u1ea5t th\u00ednh l\u1ef1c. <br>L\u1ea7n cu\u1ed1i c\u00f9ng b\u1ea1n ki\u1ec3m tra th\u00ednh gi\u00e1c l\u00e0 khi n\u00e0o?<\/p>\n\n\n\n<div class=\"wp-block-buttons is-horizontal is-content-justification-center is-layout-flex wp-container-core-buttons-is-layout-499968f5 wp-block-buttons-is-layout-flex\">\n<div class=\"wp-block-button is-style-marker-green\"><a class=\"wp-block-button__link wp-element-button\" href=\"https:\/\/intl.phonak.com\/vi-vn\/tim-chuyen-gia\/\">T\u00ecm chuy\u00ean gia<\/a><\/div>\n<\/div>\n<\/div><\/div>\n\n\n\n<div class=\"wp-block-group is-style-align-small is-layout-flow wp-block-group-is-layout-flow\" style=\"padding-top:0px\">\n<h2 class=\"wp-block-heading has-text-align-center\" id=\"what-to-expect\">V\u1ec1 d\u1ecbch v\u1ee5 n\u00e0y<\/h2>\n\n\n\n<p class=\"has-text-align-center\">B\u1ea1n c\u00f3 th\u1ec3 \u0111\u00e3 t\u1ef1 h\u1ecfi \u0111i\u1ec1u g\u00ec s\u1ebd x\u1ea3y ra trong m\u1ed9t cu\u1ed9c t\u01b0 v\u1ea5n v\u1edbi chuy\u00ean gia. H\u00e3y \u0111\u1ec3 ch\u00fang t\u00f4i gi\u00fap b\u1ea1n an t\u00e2m v\u00e0 cho b\u1ea1n bi\u1ebft nh\u1eefng g\u00ec b\u1ea1n c\u00f3 th\u1ec3 mong \u0111\u1ee3i trong l\u1ea7n g\u1eb7p \u0111\u1ea7u ti\u00ean. <\/p>\n\n\n\n<h3 class=\"wp-block-heading has-blue-color has-text-color\" id=\"1-plan-enough-time\">1. L\u00ean k\u1ebf ho\u1ea1ch v\u1ec1 th\u1eddi gian<\/h3>\n\n\n\n<p class=\"has-text-align-left\">L\u1ea7n g\u1eb7p \u0111\u1ea7u ti\u00ean c\u1ee7a b\u1ea1n s\u1ebd k\u00e9o d\u00e0i kho\u1ea3ng m\u1ed9t gi\u1edd. N\u1ebfu mu\u1ed1n, b\u1ea1n c\u00f3 th\u1ec3 nh\u1edd ng\u01b0\u1eddi th\u00e2n ho\u1eb7c b\u1ea1n b\u00e8 \u0111i c\u00f9ng. Nhi\u1ec1u kh\u00e1ch h\u00e0ng \u0111\u00e3 c\u1ea3m th\u1ea5y an to\u00e0n h\u01a1n v\u1edbi c\u00e1ch \u0111\u00f3. M\u1ed9t khu\u00f4n m\u1eb7t th\u00e2n thi\u1ec7n b\u00ean c\u1ea1nh b\u1ea1n \u0111\u1eb7c bi\u1ec7t h\u1eefu \u00edch n\u1ebfu b\u1ea1n c\u00f3 v\u1ea5n \u0111\u1ec1 khi giao ti\u1ebfp.<\/p>\n\n\n\n<h3 class=\"wp-block-heading has-blue-color has-text-color\" id=\"2-ear-examination\">2. Kh\u00e1m tai<\/h3>\n\n\n\n<p>Chuy\u00ean gia th\u00ednh h\u1ecdc, nh\u00e2n vi\u00ean t\u01b0 v\u1ea5n ho\u1eb7c chuy\u00ean gia tai m\u0169i h\u1ecdng s\u1ebd ki\u1ec3m tra tai c\u1ee7a b\u1ea1n. \u0110i\u1ec1u n\u00e0y l\u00e0 \u0111\u1ec3 ki\u1ec3m tra c\u00e1c v\u1ea5n \u0111\u1ec1 nh\u01b0 nhi\u1ec1u r\u00e1y tai ho\u1eb7c nhi\u1ec5m tr\u00f9ng tai.<\/p>\n\n\n\n<h3 class=\"wp-block-heading has-blue-color has-text-color\" id=\"3-hearing-test\">3. Ki\u1ec3m tra th\u00ednh l\u1ef1c<\/h3>\n\n\n\n<p>Sau khi kh\u00e1m, chuy\u00ean gia th\u00ednh h\u1ecdc, nh\u00e2n vi\u00ean t\u01b0 v\u1ea5n ho\u1eb7c chuy\u00ean gia tai m\u0169i h\u1ecdng s\u1ebd ki\u1ec3m tra th\u00ednh l\u1ef1c. B\u1ea1n s\u1ebd \u0111\u01b0\u1ee3c cung c\u1ea5p tai nghe v\u00e0 chuy\u00ean gia s\u1ebd ph\u00e1t m\u1ed9t chu\u1ed7i \u00e2m s\u1eafc, m\u1ed9t s\u1ed1 \u00e2m trong \u0111\u00f3 s\u1ebd to v\u00e0 d\u1ec5 nghe v\u00e0 m\u1ed9t s\u1ed1 \u00e2m th\u00ec nh\u1eb9 nh\u00e0ng v\u00e0 kh\u00f3 nghe h\u01a1n m\u1ed9t ch\u00fat. \u0110i\u1ec1u duy nh\u1ea5t b\u1ea1n ph\u1ea3i l\u00e0m l\u00e0 cho chuy\u00ean gia bi\u1ebft ho\u1eb7c nh\u1ea5n n\u00fat khi b\u1ea1n nghe th\u1ea5y \u00e2m b\u00e1o. Sau khi ki\u1ec3m tra tai v\u00e0 th\u00ednh l\u1ef1c, chuy\u00ean gia s\u1ebd cho b\u1ea1n bi\u1ebft th\u00eam v\u1ec1 t\u00ecnh tr\u1ea1ng th\u00ednh gi\u00e1c v\u00e0 m\u1ea5t th\u00ednh l\u1ef1c c\u1ee7a b\u1ea1n.<\/p>\n\n\n\n<h3 class=\"wp-block-heading has-blue-color has-text-color\" id=\"selection-of-hearing-solutions-1\">4. L\u1ef1a ch\u1ecdn gi\u1ea3i ph\u00e1p th\u00ednh gi\u00e1c<\/h3>\n\n\n\n<p>Khi k\u1ebft th\u00fac bu\u1ed5i t\u01b0 v\u1ea5n, chuy\u00ean gia s\u1ebd gi\u1ea3i th\u00edch t\u1ea5t c\u1ea3 c\u00e1c l\u1ef1a ch\u1ecdn c\u00f3 s\u1eb5n \u0111\u1ec3 ph\u1ee5c h\u1ed3i th\u00ednh gi\u00e1c c\u1ee7a b\u1ea1n. B\u1ea1n s\u1ebd \u0111\u01b0\u1ee3c t\u00ecm hi\u1ec3u c\u00e1c lo\u1ea1i m\u00e1y tr\u1ee3 th\u00ednh ph\u00f9 h\u1ee3p v\u1edbi t\u00ecnh tr\u1ea1ng m\u1ea5t th\u00ednh l\u1ef1c c\u1ee7a m\u00ecnh. S\u1ef1 kh\u00e1c bi\u1ec7t v\u00e0 \u01b0u \u0111i\u1ec3m c\u1ee7a s\u1ea3n ph\u1ea9m s\u1ebd \u0111\u01b0\u1ee3c ph\u00e2n t\u00edch r\u00f5 cho b\u1ea1n.<\/p>\n\n\n\n<p>\u0110\u00f3 l\u00e0 th\u1eddi \u0111i\u1ec3m t\u1ed1t \u0111\u1ec3 h\u1ecfi t\u1ea5t c\u1ea3 nh\u1eefng g\u00ec b\u1ea1n th\u1eafc m\u1eafc v\u00e0 cung c\u1ea5p cho chuy\u00ean gia c\u00e0ng nhi\u1ec1u th\u00f4ng tin c\u00e0ng t\u1ed1t. H\u1ecd c\u00e0ng bi\u1ebft nhi\u1ec1u v\u1ec1 b\u1ea1n, b\u1ea1n s\u1ebd nh\u1eadn \u0111\u01b0\u1ee3c s\u1ef1 gi\u00fap \u0111\u1ee1 t\u1ed1t h\u01a1n. Do \u0111\u00f3, b\u1ea1n n\u00ean c\u00e2n nh\u1eafc v\u1ec1 nh\u1eefng t\u00ecnh hu\u1ed1ng m\u00e0 b\u1ea1n g\u1eb7p kh\u00f3 kh\u0103n v\u1ec1 th\u00ednh gi\u00e1c (trong c\u00e1c cu\u1ed9c h\u1ecdp m\u1eb7t gia \u0111\u00ecnh, trong c\u00e1c cu\u1ed9c h\u1ecdp, trong m\u00f4i tr\u01b0\u1eddng \u1ed3n \u00e0o, khi xem TV, n\u00f3i chuy\u1ec7n \u0111i\u1ec7n tho\u1ea1i, nghe nh\u1ea1c, v.v.) tr\u01b0\u1edbc khi \u0111\u1ebfn kh\u00e1m.<\/p>\n\n\n\n<div style=\"height:35px\" aria-hidden=\"true\" class=\"wp-block-spacer\"><\/div>\n<\/div>\n\n\n\n<div class=\"wp-block-group alignfull has-light-grey-background-color has-background is-layout-flow wp-block-group-is-layout-flow\">\n<div class=\"wp-block-group is-style-align-small is-layout-flow wp-block-group-is-layout-flow\">\n<p class=\"has-text-align-center is-style-default\"><strong>B\u01af\u1edaC TI\u1ebeP THEO:<\/strong><\/p>\n\n\n\n<h3 class=\"wp-block-heading has-text-align-center\" id=\"customization-of-your-new-hearing-aid-1\">T\u00f9y ch\u1ec9nh m\u00e1y tr\u1ee3 th\u00ednh m\u1edbi c\u1ee7a b\u1ea1n<\/h3>\n\n\n\n<p class=\"has-text-align-center is-style-default\">Phonak l\u00e0 c\u00f4ng ty h\u00e0ng \u0111\u1ea7u to\u00e0n c\u1ea7u trong vi\u1ec7c ph\u00e1t tri\u1ec3n c\u00e1c gi\u1ea3i ph\u00e1p tr\u1ee3 th\u00ednh. V\u1edbi nh\u1eefng n\u1ed7 l\u1ef1c kh\u00f4ng ng\u1eebng \u0111\u1ec3 t\u00ecm ra c\u00e1c gi\u1ea3i ph\u00e1p m\u1edbi, ch\u00fang t\u00f4i \u0111\u00e3 \u0111\u1ea1t \u0111\u01b0\u1ee3c m\u1ed9t trong nh\u1eefng t\u1ef7 l\u1ec7 \u0111\u1ed5i m\u1edbi cao nh\u1ea5t trong ng\u00e0nh. <\/p>\n\n\n\n<p class=\"has-text-align-center\"><a href=\"https:\/\/intl.phonak.com\/vi-vn\/giai-phap-tro-thinh\/may-tro-thinh\/\">T\u00ecm hi\u1ec3u th\u00eam v\u1ec1 m\u00e1y tr\u1ee3 th\u00ednh Phonak<\/a><\/p>\n\n\n\n<p class=\"has-text-align-center is-style-default\">M\u00e1y tr\u1ee3 th\u00ednh Phonak c\u00f3 th\u1ec3 t\u00f9y ch\u1ec9nh \u0111\u1ec3 ph\u00f9 h\u1ee3p v\u1edbi nhu c\u1ea7u c\u1ee7a b\u1ea1n, tuy nhi\u00ean ch\u00fang c\u1ea7n \u0111\u01b0\u1ee3c t\u1ed1i \u01b0u h\u00f3a \u0111\u1ec3 \u0111\u1ea3m b\u1ea3o b\u1ea1n lu\u00f4n nghe \u0111\u01b0\u1ee3c, b\u1ea5t k\u1ec3 b\u1ea1n \u1edf \u0111\u00e2u.<\/p>\n\n\n\n<p class=\"has-text-align-center\"><a href=\"https:\/\/intl.phonak.com\/vi-vn\/mat-thinh-luc\/may-tro-thinh-che-tac-theo-yeu-cau\/\">T\u00ecm hi\u1ec3u th\u00eam v\u1ec1 t\u00f9y ch\u1ec9nh m\u00e1y tr\u1ee3 th\u00ednh<\/a><\/p>\n<\/div>\n<\/div>\n\n\n\n<div class=\"wp-block-media-text is-stacked-on-mobile cta-block\" style=\"grid-template-columns:35% auto\"><figure class=\"wp-block-media-text__media\"><img decoding=\"async\" src=\"https:\/\/intl.phonak.com\/main-english\/wp-content\/uploads\/sites\/3\/2021\/11\/cta-image.jpg?w=401\" alt=\"\" class=\"wp-image-6738 size-full\"\/><\/figure><div class=\"wp-block-media-text__content\">\n<div class=\"wp-block-create-block-icon-selector\"><i class=\"fal fa-map-marker-alt\"><\/i><\/div>   \n<h3 class=\"wp-block-heading\">Chuy\u00ean gia th\u00ednh gi\u00e1c lu\u00f4n b\u00ean b\u1ea1n<\/h3>   <p>C\u00e1c chuy\u00ean gia ch\u0103m s\u00f3c th\u00ednh gi\u00e1c c\u00f3 th\u1ec3 gi\u00fap b\u1ea1n \u0111\u01b0a ra l\u1ef1a ch\u1ecdn ho\u00e0n h\u1ea3o cho m\u00ecnh. H\u1ecd s\u1ebd xem x\u00e9t nhu c\u1ea7u th\u00ednh l\u1ef1c, ng\u00e2n s\u00e1ch, l\u1ed1i s\u1ed1ng v\u00e0 s\u1edf th\u00edch c\u00e1 nh\u00e2n c\u1ee7a b\u1ea1n. <\/p>   <div class=\"wp-block-buttons is-layout-flex wp-block-buttons-is-layout-flex\">\n<div class=\"wp-block-button is-style-marker-green\"><a class=\"wp-block-button__link wp-element-button\" href=\"https:\/\/intl.phonak.com\/vi-vn\/find-an-expert\/\">T\u00ecm chuy\u00ean gia<\/a><\/div>\n<\/div>\n<\/div><\/div> ","protected":false},"excerpt":{"rendered":"<p>V\u1ec1 d\u1ecbch v\u1ee5 n\u00e0y B\u1ea1n c\u00f3 th\u1ec3 \u0111\u00e3 t\u1ef1 h\u1ecfi \u0111i\u1ec1u g\u00ec s\u1ebd x\u1ea3y ra trong m\u1ed9t cu\u1ed9c t\u01b0 v\u1ea5n&#8230;<\/p>\n","protected":false},"author":5,"featured_media":0,"parent":281,"menu_order":0,"comment_status":"closed","ping_status":"closed","template":"","meta":{"_acf_changed":false,"inline_featured_image":false,"footnotes":""},"class_list":["post-303","page","type-page","status-publish","hentry"],"acf":[],"yoast_head":"<!-- This site is optimized with the Yoast SEO plugin v26.9 - https:\/\/yoast.com\/product\/yoast-seo-wordpress\/ -->\n<title>H\u00e3y \u0111\u1ebfn g\u1eb7p chuy\u00ean gia th\u00ednh gi\u00e1c - Phonak - Vietnam<\/title>\n<meta name=\"robots\" content=\"index, follow, max-snippet:-1, max-image-preview:large, max-video-preview:-1\" \/>\n<link rel=\"canonical\" href=\"https:\/\/intl.phonak.com\/main-english\/hearing-loss\/go-to-a-hearing-expert\/\" \/>\n<meta property=\"og:locale\" content=\"vi_VN\" \/>\n<meta property=\"og:type\" content=\"article\" \/>\n<meta property=\"og:title\" content=\"H\u00e3y \u0111\u1ebfn g\u1eb7p chuy\u00ean gia th\u00ednh gi\u00e1c - Phonak - Vietnam\" \/>\n<meta property=\"og:description\" content=\"V\u1ec1 d\u1ecbch v\u1ee5 n\u00e0y B\u1ea1n c\u00f3 th\u1ec3 \u0111\u00e3 t\u1ef1 h\u1ecfi \u0111i\u1ec1u g\u00ec s\u1ebd x\u1ea3y ra trong m\u1ed9t cu\u1ed9c t\u01b0 v\u1ea5n...\" \/>\n<meta property=\"og:url\" content=\"https:\/\/intl.phonak.com\/vi-vn\/mat-thinh-luc\/gap-chuyen-gia-thinh-giac\/\" \/>\n<meta property=\"og:site_name\" content=\"Phonak - Vietnam\" \/>\n<meta property=\"article:modified_time\" content=\"2025-03-14T13:21:07+00:00\" \/>\n<meta name=\"twitter:card\" content=\"summary_large_image\" \/>\n<meta name=\"twitter:label1\" content=\"Est. reading time\" \/>\n\t<meta name=\"twitter:data1\" content=\"4 minutes\" \/>\n<script type=\"application\/ld+json\" class=\"yoast-schema-graph\">{\"@context\":\"https:\/\/schema.org\",\"@graph\":[{\"@type\":\"WebPage\",\"@id\":\"https:\/\/intl.phonak.com\/vi-vn\/mat-thinh-luc\/gap-chuyen-gia-thinh-giac\/\",\"url\":\"https:\/\/intl.phonak.com\/vi-vn\/mat-thinh-luc\/gap-chuyen-gia-thinh-giac\/\",\"name\":\"H\u00e3y \u0111\u1ebfn g\u1eb7p chuy\u00ean gia th\u00ednh gi\u00e1c - Phonak - Vietnam\",\"isPartOf\":{\"@id\":\"https:\/\/intl.phonak.com\/vi-vn\/#website\"},\"primaryImageOfPage\":{\"@id\":\"https:\/\/intl.phonak.com\/vi-vn\/mat-thinh-luc\/gap-chuyen-gia-thinh-giac\/#primaryimage\"},\"image\":{\"@id\":\"https:\/\/intl.phonak.com\/vi-vn\/mat-thinh-luc\/gap-chuyen-gia-thinh-giac\/#primaryimage\"},\"thumbnailUrl\":\"https:\/\/intl.phonak.com\/vi-vn\/wp-content\/uploads\/sites\/3\/2023\/12\/Hearing-banner_HCPFittingClient_01-1.jpg\",\"datePublished\":\"2021-11-29T21:39:57+00:00\",\"dateModified\":\"2025-03-14T13:21:07+00:00\",\"breadcrumb\":{\"@id\":\"https:\/\/intl.phonak.com\/vi-vn\/mat-thinh-luc\/gap-chuyen-gia-thinh-giac\/#breadcrumb\"},\"inLanguage\":\"vi\",\"potentialAction\":[{\"@type\":\"ReadAction\",\"target\":[\"https:\/\/intl.phonak.com\/vi-vn\/mat-thinh-luc\/gap-chuyen-gia-thinh-giac\/\"]}]},{\"@type\":\"ImageObject\",\"inLanguage\":\"vi\",\"@id\":\"https:\/\/intl.phonak.com\/vi-vn\/mat-thinh-luc\/gap-chuyen-gia-thinh-giac\/#primaryimage\",\"url\":\"\",\"contentUrl\":\"\"},{\"@type\":\"BreadcrumbList\",\"@id\":\"https:\/\/intl.phonak.com\/vi-vn\/mat-thinh-luc\/gap-chuyen-gia-thinh-giac\/#breadcrumb\",\"itemListElement\":[{\"@type\":\"ListItem\",\"position\":1,\"name\":\"Home\",\"item\":\"https:\/\/intl.phonak.com\/vi-vn\/\"},{\"@type\":\"ListItem\",\"position\":2,\"name\":\"M\u1ea5t th\u00ednh l\u1ef1c\",\"item\":\"https:\/\/intl.phonak.com\/vi-vn\/mat-thinh-luc\/\"},{\"@type\":\"ListItem\",\"position\":3,\"name\":\"H\u00e3y \u0111\u1ebfn g\u1eb7p chuy\u00ean gia th\u00ednh gi\u00e1c\"}]},{\"@type\":\"WebSite\",\"@id\":\"https:\/\/intl.phonak.com\/vi-vn\/#website\",\"url\":\"https:\/\/intl.phonak.com\/vi-vn\/\",\"name\":\"Phonak - Vietnam\",\"description\":\"Just another sonova-hearing-solutions.go-vip.net Sites site\",\"potentialAction\":[{\"@type\":\"SearchAction\",\"target\":{\"@type\":\"EntryPoint\",\"urlTemplate\":\"https:\/\/intl.phonak.com\/vi-vn\/?s={search_term_string}\"},\"query-input\":{\"@type\":\"PropertyValueSpecification\",\"valueRequired\":true,\"valueName\":\"search_term_string\"}}],\"inLanguage\":\"vi\"}]}<\/script>\n<!-- \/ Yoast SEO plugin. -->","yoast_head_json":{"title":"H\u00e3y \u0111\u1ebfn g\u1eb7p chuy\u00ean gia th\u00ednh gi\u00e1c - Phonak - Vietnam","robots":{"index":"index","follow":"follow","max-snippet":"max-snippet:-1","max-image-preview":"max-image-preview:large","max-video-preview":"max-video-preview:-1"},"canonical":"https:\/\/intl.phonak.com\/main-english\/hearing-loss\/go-to-a-hearing-expert\/","og_locale":"vi_VN","og_type":"article","og_title":"H\u00e3y \u0111\u1ebfn g\u1eb7p chuy\u00ean gia th\u00ednh gi\u00e1c - Phonak - Vietnam","og_description":"V\u1ec1 d\u1ecbch v\u1ee5 n\u00e0y B\u1ea1n c\u00f3 th\u1ec3 \u0111\u00e3 t\u1ef1 h\u1ecfi \u0111i\u1ec1u g\u00ec s\u1ebd x\u1ea3y ra trong m\u1ed9t cu\u1ed9c t\u01b0 v\u1ea5n...","og_url":"https:\/\/intl.phonak.com\/vi-vn\/mat-thinh-luc\/gap-chuyen-gia-thinh-giac\/","og_site_name":"Phonak - Vietnam","article_modified_time":"2025-03-14T13:21:07+00:00","twitter_card":"summary_large_image","twitter_misc":{"Est. reading time":"4 minutes"},"schema":{"@context":"https:\/\/schema.org","@graph":[{"@type":"WebPage","@id":"https:\/\/intl.phonak.com\/vi-vn\/mat-thinh-luc\/gap-chuyen-gia-thinh-giac\/","url":"https:\/\/intl.phonak.com\/vi-vn\/mat-thinh-luc\/gap-chuyen-gia-thinh-giac\/","name":"H\u00e3y \u0111\u1ebfn g\u1eb7p chuy\u00ean gia th\u00ednh gi\u00e1c - Phonak - Vietnam","isPartOf":{"@id":"https:\/\/intl.phonak.com\/vi-vn\/#website"},"primaryImageOfPage":{"@id":"https:\/\/intl.phonak.com\/vi-vn\/mat-thinh-luc\/gap-chuyen-gia-thinh-giac\/#primaryimage"},"image":{"@id":"https:\/\/intl.phonak.com\/vi-vn\/mat-thinh-luc\/gap-chuyen-gia-thinh-giac\/#primaryimage"},"thumbnailUrl":"https:\/\/intl.phonak.com\/vi-vn\/wp-content\/uploads\/sites\/3\/2023\/12\/Hearing-banner_HCPFittingClient_01-1.jpg","datePublished":"2021-11-29T21:39:57+00:00","dateModified":"2025-03-14T13:21:07+00:00","breadcrumb":{"@id":"https:\/\/intl.phonak.com\/vi-vn\/mat-thinh-luc\/gap-chuyen-gia-thinh-giac\/#breadcrumb"},"inLanguage":"vi","potentialAction":[{"@type":"ReadAction","target":["https:\/\/intl.phonak.com\/vi-vn\/mat-thinh-luc\/gap-chuyen-gia-thinh-giac\/"]}]},{"@type":"ImageObject","inLanguage":"vi","@id":"https:\/\/intl.phonak.com\/vi-vn\/mat-thinh-luc\/gap-chuyen-gia-thinh-giac\/#primaryimage","url":"","contentUrl":""},{"@type":"BreadcrumbList","@id":"https:\/\/intl.phonak.com\/vi-vn\/mat-thinh-luc\/gap-chuyen-gia-thinh-giac\/#breadcrumb","itemListElement":[{"@type":"ListItem","position":1,"name":"Home","item":"https:\/\/intl.phonak.com\/vi-vn\/"},{"@type":"ListItem","position":2,"name":"M\u1ea5t th\u00ednh l\u1ef1c","item":"https:\/\/intl.phonak.com\/vi-vn\/mat-thinh-luc\/"},{"@type":"ListItem","position":3,"name":"H\u00e3y \u0111\u1ebfn g\u1eb7p chuy\u00ean gia th\u00ednh gi\u00e1c"}]},{"@type":"WebSite","@id":"https:\/\/intl.phonak.com\/vi-vn\/#website","url":"https:\/\/intl.phonak.com\/vi-vn\/","name":"Phonak - Vietnam","description":"Just another sonova-hearing-solutions.go-vip.net Sites site","potentialAction":[{"@type":"SearchAction","target":{"@type":"EntryPoint","urlTemplate":"https:\/\/intl.phonak.com\/vi-vn\/?s={search_term_string}"},"query-input":{"@type":"PropertyValueSpecification","valueRequired":true,"valueName":"search_term_string"}}],"inLanguage":"vi"}]}},"jetpack_sharing_enabled":true,"distributor_meta":false,"distributor_terms":false,"distributor_media":false,"distributor_original_site_name":"Phonak - Vietnam","distributor_original_site_url":"https:\/\/intl.phonak.com\/vi-vn","push-errors":false,"_links":{"self":[{"href":"https:\/\/intl.phonak.com\/vi-vn\/wp-json\/wp\/v2\/pages\/303","targetHints":{"allow":["GET"]}}],"collection":[{"href":"https:\/\/intl.phonak.com\/vi-vn\/wp-json\/wp\/v2\/pages"}],"about":[{"href":"https:\/\/intl.phonak.com\/vi-vn\/wp-json\/wp\/v2\/types\/page"}],"author":[{"embeddable":true,"href":"https:\/\/intl.phonak.com\/vi-vn\/wp-json\/wp\/v2\/users\/5"}],"replies":[{"embeddable":true,"href":"https:\/\/intl.phonak.com\/vi-vn\/wp-json\/wp\/v2\/comments?post=303"}],"version-history":[{"count":8,"href":"https:\/\/intl.phonak.com\/vi-vn\/wp-json\/wp\/v2\/pages\/303\/revisions"}],"predecessor-version":[{"id":891,"href":"https:\/\/intl.phonak.com\/vi-vn\/wp-json\/wp\/v2\/pages\/303\/revisions\/891"}],"up":[{"embeddable":true,"href":"https:\/\/intl.phonak.com\/vi-vn\/wp-json\/wp\/v2\/pages\/281"}],"wp:attachment":[{"href":"https:\/\/intl.phonak.com\/vi-vn\/wp-json\/wp\/v2\/media?parent=303"}],"curies":[{"name":"wp","href":"https:\/\/api.w.org\/{rel}","templated":true}]}}