{"id":300,"date":"2021-11-30T14:36:50","date_gmt":"2021-11-30T14:36:50","guid":{"rendered":"https:\/\/intl.phonak.com\/vi-vn\/hearing-aid-customization\/"},"modified":"2025-07-14T13:13:28","modified_gmt":"2025-07-14T13:13:28","slug":"may-tro-thinh-che-tac-theo-yeu-cau","status":"publish","type":"page","link":"https:\/\/intl.phonak.com\/vi-vn\/mat-thinh-luc\/may-tro-thinh-che-tac-theo-yeu-cau\/","title":{"rendered":"Thi\u1ebft k\u1ebf m\u00e1y tr\u1ee3 th\u00ednh theo y\u00eau c\u1ea7u"},"content":{"rendered":"\n<div class=\"wp-block-cover alignfull is-light\"><img decoding=\"async\" class=\"wp-block-cover__image-background wp-image-5329\" alt=\"\" src=\"https:\/\/intl.phonak.com\/vi-vn\/wp-content\/uploads\/sites\/3\/2022\/03\/Banner-01.jpg\" style=\"object-position:16% 56%\" data-object-fit=\"cover\" data-object-position=\"16% 56%\"\/><span aria-hidden=\"true\" class=\"wp-block-cover__background has-light-grey-background-color has-background-dim\"><\/span><div class=\"wp-block-cover__inner-container is-layout-flow wp-block-cover-is-layout-flow\">\n<h1 class=\"wp-block-heading has-text-align-center has-dark-grey-color has-text-color\" id=\"your-personal-hearing-aid\">M\u00e1y tr\u1ee3 th\u00ednh c\u00e1 nh\u00e2n c\u1ee7a b\u1ea1n<\/h1>\n\n\n\n<p class=\"has-text-align-center margin-bottom-0 is-style-default has-dark-grey-color has-text-color has-lead-font-size\">Vi\u1ec7c ch\u1ebf t\u00e1c m\u00e1y tr\u1ee3 th\u00ednh \u0111\u01b0\u1ee3c th\u1ef1c hi\u1ec7n theo nhi\u1ec1u b\u01b0\u1edbc \u0111\u1ec3 ph\u00f9 h\u1ee3p v\u1edbi t\u00ecnh tr\u1ea1ng m\u1ea5t th\u00ednh l\u1ef1c, h\u00ecnh d\u1ea1ng tai v\u00e0 th\u00f3i quen nghe c\u1ee7a b\u1ea1n.<\/p>\n<\/div><\/div>\n\n\n\n<div class=\"wp-block-group is-style-align-small is-layout-flow wp-block-group-is-layout-flow\" style=\"padding-top:0px\">\n<h3 class=\"wp-block-heading has-text-align-center has-blue-color has-text-color\" id=\"get-to-know-your-hearing-aid\">T\u00ecm hi\u1ec3u v\u1ec1 m\u00e1y tr\u1ee3 th\u00ednh c\u1ee7a b\u1ea1n<\/h3>\n\n\n\n<p class=\"has-text-align-center\">Chuy\u00ean gia ch\u0103m s\u00f3c th\u00ednh gi\u00e1c s\u1ebd h\u01b0\u1edbng d\u1eabn chi ti\u1ebft cho b\u1ea1n: C\u00e1ch \u0111eo thi\u1ebft b\u1ecb, c\u00e1ch s\u1eed d\u1ee5ng v\u00e0 c\u00e1ch \u0111i\u1ec1u khi\u1ec3n \u00e2m l\u01b0\u1ee3ng. Chuy\u00ean gia c\u0169ng s\u1ebd gi\u1ea3i th\u00edch cho b\u1ea1n vi\u1ec7c b\u1ea3o tr\u00ec, thay pin, v\u1ec7 sinh v\u00e0 l\u00e0m kh\u00f4 thi\u1ebft b\u1ecb. Cu\u1ed1i c\u00f9ng, b\u1ea1n s\u1ebd t\u00ecm hi\u1ec3u th\u00eam c\u00e1ch m\u00e1y tr\u1ee3 th\u00ednh ph\u1ea3n \u1ee9ng trong c\u00e1c t\u00ecnh hu\u1ed1ng nghe kh\u00e1c nhau. B\u00e2y gi\u1edd b\u1ea1n c\u00f3 th\u1ec3 mang m\u00e1y tr\u1ee3 th\u00ednh m\u1edbi c\u1ee7a m\u00ecnh v\u1ec1 nh\u00e0.<\/p>\n<\/div>\n\n\n\n<div class=\"wp-block-group alignfull has-light-grey-background-color has-background is-layout-flow wp-block-group-is-layout-flow\">\n<div class=\"wp-block-group is-style-align-small is-layout-flow wp-block-group-is-layout-flow\">\n<h3 class=\"wp-block-heading has-text-align-center has-blue-color has-text-color\" id=\"first-days-with-your-new-hearing-aid\">Nh\u1eefng ng\u00e0y \u0111\u1ea7u ti\u00ean v\u1edbi m\u00e1y tr\u1ee3 th\u00ednh m\u1edbi c\u1ee7a b\u1ea1n<\/h3>\n\n\n\n<p class=\"has-text-align-center\">Trong v\u00e0i ng\u00e0y \u0111\u1ea7u ti\u00ean, b\u1ea1n n\u00ean l\u00e0m quen v\u1edbi m\u00e1y tr\u1ee3 th\u00ednh m\u1edbi c\u1ee7a m\u00ecnh. Ban \u0111\u1ea7u, b\u1ea1n n\u00ean \u0111eo m\u00e1y v\u00e0i gi\u1edd m\u1ed7i ng\u00e0y trong m\u00f4i tr\u01b0\u1eddng quen thu\u1ed9c. M\u1ed9t s\u1ed1 \u0111i\u1ec1u c\u00f3 th\u1ec3 s\u1ebd l\u1ea1 l\u1eabm \u0111\u1ed1i v\u1edbi b\u1ea1n trong th\u1eddi gian n\u00e0y. C\u00e1ch t\u1ed1t nh\u1ea5t \u0111\u1ec3 kh\u00e1m ph\u00e1 c\u00e1c c\u1ea3m gi\u00e1c l\u1eafng nghe m\u1edbi l\u00e0 n\u00f3i chuy\u1ec7n v\u1edbi m\u1ecdi ng\u01b0\u1eddi ho\u1eb7c xem tivi. Gi\u1ecdng n\u00f3i c\u1ee7a ch\u00ednh b\u1ea3n th\u00e2n c\u00f3 th\u1ec3 nghe kh\u00e1c l\u1ea1 ho\u1eb7c qu\u00e1 l\u1edbn \u0111\u1ed1i v\u1edbi b\u1ea1n, b\u1edfi v\u00ec b\u1ea1n c\u00f3 th\u1ec3 \u0111\u00e3 ph\u00e1t tri\u1ec3n th\u00f3i quen n\u00f3i qu\u00e1 to \u0111\u1ec3 nghe \u0111\u01b0\u1ee3c gi\u1ecdng n\u00f3i c\u1ee7a m\u00ecnh khi ch\u01b0a \u0111eo m\u00e1y. Th\u1ef1c h\u00e0nh n\u00f3i nh\u1eb9 nh\u00e0ng h\u01a1n. Ghi l\u1ea1i tr\u1ea3i nghi\u1ec7m c\u1ee7a b\u1ea1n &#8211; n\u00f3 s\u1ebd gi\u00fap chuy\u00ean gia ch\u0103m s\u00f3c th\u00ednh gi\u00e1c tinh ch\u1ec9nh m\u00e1y tr\u1ee3 th\u00ednh c\u1ee7a b\u1ea1n.<\/p>\n\n\n\n<p class=\"has-text-align-center\"><a href=\"https:\/\/intl.phonak.com\/vi-vn\/bao-tri-may-tro-thinh\/\">Nh\u1eadn h\u1ed7 tr\u1ee3 th\u00eam t\u1eeb video b\u1ea3o tr\u00ec m\u00e1y tr\u1ee3 th\u00ednh c\u1ee7a ch\u00fang t\u00f4i<\/a><\/p>\n<\/div>\n<\/div>\n\n\n\n<div class=\"wp-block-group is-style-align-small is-layout-flow wp-block-group-is-layout-flow\">\n<h3 class=\"wp-block-heading has-text-align-center has-blue-color has-text-color\" id=\"final-adjustment-by-your-hearing-care-professional\">Nh\u1eefng \u0111i\u1ec1u ch\u1ec9nh cu\u1ed1i c\u00f9ng s\u1ebd \u0111\u01b0\u1ee3c th\u1ef1c hi\u1ec7n b\u1edfi chuy\u00ean gia ch\u0103m s\u00f3c th\u00ednh gi\u00e1c c\u1ee7a b\u1ea1n<\/h3>\n\n\n\n<p class=\"has-text-align-center\">B\u00e2y gi\u1edd b\u1ea1n s\u1ebd c\u00f3 c\u01a1 h\u1ed9i th\u1ea3o lu\u1eadn v\u1ec1 nh\u1eefng tr\u1ea3i nghi\u1ec7m \u0111\u1ea7u ti\u00ean c\u1ee7a m\u00ecnh v\u1edbi chuy\u00ean gia. Sau \u0111\u00f3, m\u00e1y tr\u1ee3 th\u00ednh s\u1ebd \u0111\u01b0\u1ee3c \u0111i\u1ec1u ch\u1ec9nh \u0111\u1ec3 ph\u00f9 h\u1ee3p v\u1edbi nhu c\u1ea7u c\u1ee5 th\u1ec3 c\u1ee7a b\u1ea1n. Chuy\u00ean gia s\u1ebd tr\u1ea3 l\u1eddi t\u1ea5t c\u1ea3 c\u00e1c c\u00e2u h\u1ecfi v\u00e0 \u0111\u01b0a ra l\u1eddi khuy\u00ean t\u1ed5ng qu\u00e1t cho b\u1ea1n. M\u00e1y tr\u1ee3 th\u00ednh c\u1ee7a b\u1ea1n c\u00f3 th\u1ec3 \u0111\u01b0\u1ee3c \u0111i\u1ec1u ch\u1ec9nh t\u1ea1i cu\u1ed9c h\u1eb9n n\u00e0y \u0111\u1ec3 c\u1ea3i thi\u1ec7n h\u01a1n n\u1eefa s\u1ef1 tho\u1ea3i m\u00e1i v\u00e0 kh\u1ea3 n\u0103ng nghe hi\u1ec3u l\u1eddi n\u00f3i.<\/p>\n\n\n\n<p class=\"has-text-align-center\">B\u00e2y gi\u1edd b\u1ea1n s\u1ebd b\u01b0\u1edbc v\u00e0o m\u1ed9t giai \u0111o\u1ea1n m\u00e0 b\u1ea1n c\u00f3 th\u1ec3 l\u1ea5y l\u1ea1i t\u1eebng ch\u00fat ch\u1ea5t l\u01b0\u1ee3ng cu\u1ed9c s\u1ed1ng m\u1ed7i ng\u00e0y. Ti\u1ebfp t\u1ee5c s\u1eed d\u1ee5ng m\u00e1y tr\u1ee3 th\u00ednh c\u1ee7a b\u1ea1n trong v\u00e0i gi\u1edd m\u1ed7i ng\u00e0y. H\u00e3y ki\u00ean nh\u1eabn. B\u1ea1n s\u1ebd h\u1ecdc \u0111\u01b0\u1ee3c c\u00e1ch s\u1eed d\u1ee5ng t\u1ed1t nh\u1ea5t m\u00e1y tr\u1ee3 th\u00ednh c\u1ee7a m\u00ecnh v\u00e0 s\u1ebd s\u1edbm \u0111\u01b0\u1ee3c h\u01b0\u1edfng t\u1ea5t c\u1ea3 nh\u1eefng l\u1ee3i \u00edch m\u00e0 n\u00f3 mang l\u1ea1i.<\/p>\n\n\n\n<div class=\"wp-block-buttons is-horizontal is-content-justification-center is-layout-flex wp-container-core-buttons-is-layout-499968f5 wp-block-buttons-is-layout-flex\">\n<div class=\"wp-block-button is-style-download\"><a class=\"wp-block-button__link wp-element-button\" href=\"https:\/\/intl.phonak.com\/vi-vn\/wp-content\/uploads\/sites\/3\/2024\/10\/PH_Pamphlet_ReviveYourHearingPreviewIntl_94x210_EN_028-0776-02.pdf\" target=\"_blank\" rel=\"noreferrer noopener\">H\u1ed3i sinh th\u00ednh gi\u00e1c c\u1ee7a b\u1ea1n<\/a><\/div>\n<\/div>\n<\/div>\n\n\n\n<p class=\"has-text-align-center\"><a href=\"https:\/\/intl.phonak.com\/vi-vn\/solutions\/\">T\u00ecm hi\u1ec3u v\u1ec1 c\u00e1c gi\u1ea3i ph\u00e1p th\u00ednh gi\u00e1c<\/a><\/p>\n\n\n\n<div class=\"wp-block-media-text is-stacked-on-mobile cta-block\" style=\"grid-template-columns:35% auto\"><figure class=\"wp-block-media-text__media\"><img decoding=\"async\" src=\"https:\/\/intl.phonak.com\/main-english\/wp-content\/uploads\/sites\/3\/2021\/11\/cta-image.jpg?w=401\" alt=\"\" class=\"wp-image-6738 size-full\"\/><\/figure><div class=\"wp-block-media-text__content\">\n<div class=\"wp-block-create-block-icon-selector\"><i class=\"fal fa-map-marker-alt\"><\/i><\/div>   \n<h3 class=\"wp-block-heading\">Chuy\u00ean gia th\u00ednh gi\u00e1c lu\u00f4n b\u00ean b\u1ea1n<\/h3>   <p>C\u00e1c chuy\u00ean gia ch\u0103m s\u00f3c th\u00ednh gi\u00e1c c\u00f3 th\u1ec3 gi\u00fap b\u1ea1n \u0111\u01b0a ra l\u1ef1a ch\u1ecdn ho\u00e0n h\u1ea3o cho m\u00ecnh. H\u1ecd s\u1ebd xem x\u00e9t nhu c\u1ea7u th\u00ednh l\u1ef1c, ng\u00e2n s\u00e1ch, l\u1ed1i s\u1ed1ng v\u00e0 s\u1edf th\u00edch c\u00e1 nh\u00e2n c\u1ee7a b\u1ea1n. <\/p>   <div class=\"wp-block-buttons is-layout-flex wp-block-buttons-is-layout-flex\">\n<div class=\"wp-block-button is-style-marker-green\"><a class=\"wp-block-button__link wp-element-button\" href=\"https:\/\/intl.phonak.com\/vi-vn\/find-an-expert\/\">T\u00ecm chuy\u00ean gia<\/a><\/div>\n<\/div>\n<\/div><\/div> ","protected":false},"excerpt":{"rendered":"<p>T\u00ecm hi\u1ec3u v\u1ec1 m\u00e1y tr\u1ee3 th\u00ednh c\u1ee7a b\u1ea1n Chuy\u00ean gia ch\u0103m s\u00f3c th\u00ednh gi\u00e1c s\u1ebd h\u01b0\u1edbng d\u1eabn chi ti\u1ebft cho&#8230;<\/p>\n","protected":false},"author":5,"featured_media":0,"parent":281,"menu_order":0,"comment_status":"closed","ping_status":"closed","template":"","meta":{"_acf_changed":false,"inline_featured_image":false,"footnotes":""},"class_list":["post-300","page","type-page","status-publish","hentry"],"acf":[],"yoast_head":"<!-- This site is optimized with the Yoast SEO plugin v26.9 - https:\/\/yoast.com\/product\/yoast-seo-wordpress\/ -->\n<title>Thi\u1ebft k\u1ebf m\u00e1y tr\u1ee3 th\u00ednh theo y\u00eau c\u1ea7u - Phonak - Vietnam<\/title>\n<meta name=\"robots\" content=\"index, follow, max-snippet:-1, max-image-preview:large, max-video-preview:-1\" \/>\n<link rel=\"canonical\" href=\"https:\/\/intl.phonak.com\/main-english\/hearing-loss\/hearing-aid-customization\/\" \/>\n<meta property=\"og:locale\" content=\"vi_VN\" \/>\n<meta property=\"og:type\" content=\"article\" \/>\n<meta property=\"og:title\" content=\"Thi\u1ebft k\u1ebf m\u00e1y tr\u1ee3 th\u00ednh theo y\u00eau c\u1ea7u - Phonak - Vietnam\" \/>\n<meta property=\"og:description\" content=\"T\u00ecm hi\u1ec3u v\u1ec1 m\u00e1y tr\u1ee3 th\u00ednh c\u1ee7a b\u1ea1n Chuy\u00ean gia ch\u0103m s\u00f3c th\u00ednh gi\u00e1c s\u1ebd h\u01b0\u1edbng d\u1eabn chi ti\u1ebft cho...\" \/>\n<meta property=\"og:url\" content=\"https:\/\/intl.phonak.com\/vi-vn\/mat-thinh-luc\/may-tro-thinh-che-tac-theo-yeu-cau\/\" \/>\n<meta property=\"og:site_name\" content=\"Phonak - Vietnam\" \/>\n<meta property=\"article:modified_time\" content=\"2025-07-14T13:13:28+00:00\" \/>\n<meta name=\"twitter:card\" content=\"summary_large_image\" \/>\n<meta name=\"twitter:label1\" content=\"Est. reading time\" \/>\n\t<meta name=\"twitter:data1\" content=\"6 minutes\" \/>\n<script type=\"application\/ld+json\" class=\"yoast-schema-graph\">{\"@context\":\"https:\/\/schema.org\",\"@graph\":[{\"@type\":\"WebPage\",\"@id\":\"https:\/\/intl.phonak.com\/vi-vn\/mat-thinh-luc\/may-tro-thinh-che-tac-theo-yeu-cau\/\",\"url\":\"https:\/\/intl.phonak.com\/vi-vn\/mat-thinh-luc\/may-tro-thinh-che-tac-theo-yeu-cau\/\",\"name\":\"Thi\u1ebft k\u1ebf m\u00e1y tr\u1ee3 th\u00ednh theo y\u00eau c\u1ea7u - Phonak - Vietnam\",\"isPartOf\":{\"@id\":\"https:\/\/intl.phonak.com\/vi-vn\/#website\"},\"primaryImageOfPage\":{\"@id\":\"https:\/\/intl.phonak.com\/vi-vn\/mat-thinh-luc\/may-tro-thinh-che-tac-theo-yeu-cau\/#primaryimage\"},\"image\":{\"@id\":\"https:\/\/intl.phonak.com\/vi-vn\/mat-thinh-luc\/may-tro-thinh-che-tac-theo-yeu-cau\/#primaryimage\"},\"thumbnailUrl\":\"https:\/\/intl.phonak.com\/vi-vn\/wp-content\/uploads\/sites\/3\/2022\/03\/Banner-01.jpg\",\"datePublished\":\"2021-11-30T14:36:50+00:00\",\"dateModified\":\"2025-07-14T13:13:28+00:00\",\"breadcrumb\":{\"@id\":\"https:\/\/intl.phonak.com\/vi-vn\/mat-thinh-luc\/may-tro-thinh-che-tac-theo-yeu-cau\/#breadcrumb\"},\"inLanguage\":\"vi\",\"potentialAction\":[{\"@type\":\"ReadAction\",\"target\":[\"https:\/\/intl.phonak.com\/vi-vn\/mat-thinh-luc\/may-tro-thinh-che-tac-theo-yeu-cau\/\"]}]},{\"@type\":\"ImageObject\",\"inLanguage\":\"vi\",\"@id\":\"https:\/\/intl.phonak.com\/vi-vn\/mat-thinh-luc\/may-tro-thinh-che-tac-theo-yeu-cau\/#primaryimage\",\"url\":\"\",\"contentUrl\":\"\"},{\"@type\":\"BreadcrumbList\",\"@id\":\"https:\/\/intl.phonak.com\/vi-vn\/mat-thinh-luc\/may-tro-thinh-che-tac-theo-yeu-cau\/#breadcrumb\",\"itemListElement\":[{\"@type\":\"ListItem\",\"position\":1,\"name\":\"Home\",\"item\":\"https:\/\/intl.phonak.com\/vi-vn\/\"},{\"@type\":\"ListItem\",\"position\":2,\"name\":\"M\u1ea5t th\u00ednh l\u1ef1c\",\"item\":\"https:\/\/intl.phonak.com\/vi-vn\/mat-thinh-luc\/\"},{\"@type\":\"ListItem\",\"position\":3,\"name\":\"Thi\u1ebft k\u1ebf m\u00e1y tr\u1ee3 th\u00ednh theo y\u00eau c\u1ea7u\"}]},{\"@type\":\"WebSite\",\"@id\":\"https:\/\/intl.phonak.com\/vi-vn\/#website\",\"url\":\"https:\/\/intl.phonak.com\/vi-vn\/\",\"name\":\"Phonak - Vietnam\",\"description\":\"Just another sonova-hearing-solutions.go-vip.net Sites site\",\"potentialAction\":[{\"@type\":\"SearchAction\",\"target\":{\"@type\":\"EntryPoint\",\"urlTemplate\":\"https:\/\/intl.phonak.com\/vi-vn\/?s={search_term_string}\"},\"query-input\":{\"@type\":\"PropertyValueSpecification\",\"valueRequired\":true,\"valueName\":\"search_term_string\"}}],\"inLanguage\":\"vi\"}]}<\/script>\n<!-- \/ Yoast SEO plugin. -->","yoast_head_json":{"title":"Thi\u1ebft k\u1ebf m\u00e1y tr\u1ee3 th\u00ednh theo y\u00eau c\u1ea7u - Phonak - Vietnam","robots":{"index":"index","follow":"follow","max-snippet":"max-snippet:-1","max-image-preview":"max-image-preview:large","max-video-preview":"max-video-preview:-1"},"canonical":"https:\/\/intl.phonak.com\/main-english\/hearing-loss\/hearing-aid-customization\/","og_locale":"vi_VN","og_type":"article","og_title":"Thi\u1ebft k\u1ebf m\u00e1y tr\u1ee3 th\u00ednh theo y\u00eau c\u1ea7u - Phonak - Vietnam","og_description":"T\u00ecm hi\u1ec3u v\u1ec1 m\u00e1y tr\u1ee3 th\u00ednh c\u1ee7a b\u1ea1n Chuy\u00ean gia ch\u0103m s\u00f3c th\u00ednh gi\u00e1c s\u1ebd h\u01b0\u1edbng d\u1eabn chi ti\u1ebft cho...","og_url":"https:\/\/intl.phonak.com\/vi-vn\/mat-thinh-luc\/may-tro-thinh-che-tac-theo-yeu-cau\/","og_site_name":"Phonak - Vietnam","article_modified_time":"2025-07-14T13:13:28+00:00","twitter_card":"summary_large_image","twitter_misc":{"Est. reading time":"6 minutes"},"schema":{"@context":"https:\/\/schema.org","@graph":[{"@type":"WebPage","@id":"https:\/\/intl.phonak.com\/vi-vn\/mat-thinh-luc\/may-tro-thinh-che-tac-theo-yeu-cau\/","url":"https:\/\/intl.phonak.com\/vi-vn\/mat-thinh-luc\/may-tro-thinh-che-tac-theo-yeu-cau\/","name":"Thi\u1ebft k\u1ebf m\u00e1y tr\u1ee3 th\u00ednh theo y\u00eau c\u1ea7u - Phonak - Vietnam","isPartOf":{"@id":"https:\/\/intl.phonak.com\/vi-vn\/#website"},"primaryImageOfPage":{"@id":"https:\/\/intl.phonak.com\/vi-vn\/mat-thinh-luc\/may-tro-thinh-che-tac-theo-yeu-cau\/#primaryimage"},"image":{"@id":"https:\/\/intl.phonak.com\/vi-vn\/mat-thinh-luc\/may-tro-thinh-che-tac-theo-yeu-cau\/#primaryimage"},"thumbnailUrl":"https:\/\/intl.phonak.com\/vi-vn\/wp-content\/uploads\/sites\/3\/2022\/03\/Banner-01.jpg","datePublished":"2021-11-30T14:36:50+00:00","dateModified":"2025-07-14T13:13:28+00:00","breadcrumb":{"@id":"https:\/\/intl.phonak.com\/vi-vn\/mat-thinh-luc\/may-tro-thinh-che-tac-theo-yeu-cau\/#breadcrumb"},"inLanguage":"vi","potentialAction":[{"@type":"ReadAction","target":["https:\/\/intl.phonak.com\/vi-vn\/mat-thinh-luc\/may-tro-thinh-che-tac-theo-yeu-cau\/"]}]},{"@type":"ImageObject","inLanguage":"vi","@id":"https:\/\/intl.phonak.com\/vi-vn\/mat-thinh-luc\/may-tro-thinh-che-tac-theo-yeu-cau\/#primaryimage","url":"","contentUrl":""},{"@type":"BreadcrumbList","@id":"https:\/\/intl.phonak.com\/vi-vn\/mat-thinh-luc\/may-tro-thinh-che-tac-theo-yeu-cau\/#breadcrumb","itemListElement":[{"@type":"ListItem","position":1,"name":"Home","item":"https:\/\/intl.phonak.com\/vi-vn\/"},{"@type":"ListItem","position":2,"name":"M\u1ea5t th\u00ednh l\u1ef1c","item":"https:\/\/intl.phonak.com\/vi-vn\/mat-thinh-luc\/"},{"@type":"ListItem","position":3,"name":"Thi\u1ebft k\u1ebf m\u00e1y tr\u1ee3 th\u00ednh theo y\u00eau c\u1ea7u"}]},{"@type":"WebSite","@id":"https:\/\/intl.phonak.com\/vi-vn\/#website","url":"https:\/\/intl.phonak.com\/vi-vn\/","name":"Phonak - Vietnam","description":"Just another sonova-hearing-solutions.go-vip.net Sites site","potentialAction":[{"@type":"SearchAction","target":{"@type":"EntryPoint","urlTemplate":"https:\/\/intl.phonak.com\/vi-vn\/?s={search_term_string}"},"query-input":{"@type":"PropertyValueSpecification","valueRequired":true,"valueName":"search_term_string"}}],"inLanguage":"vi"}]}},"jetpack_sharing_enabled":true,"distributor_meta":false,"distributor_terms":false,"distributor_media":false,"distributor_original_site_name":"Phonak - Vietnam","distributor_original_site_url":"https:\/\/intl.phonak.com\/vi-vn","push-errors":false,"_links":{"self":[{"href":"https:\/\/intl.phonak.com\/vi-vn\/wp-json\/wp\/v2\/pages\/300","targetHints":{"allow":["GET"]}}],"collection":[{"href":"https:\/\/intl.phonak.com\/vi-vn\/wp-json\/wp\/v2\/pages"}],"about":[{"href":"https:\/\/intl.phonak.com\/vi-vn\/wp-json\/wp\/v2\/types\/page"}],"author":[{"embeddable":true,"href":"https:\/\/intl.phonak.com\/vi-vn\/wp-json\/wp\/v2\/users\/5"}],"replies":[{"embeddable":true,"href":"https:\/\/intl.phonak.com\/vi-vn\/wp-json\/wp\/v2\/comments?post=300"}],"version-history":[{"count":9,"href":"https:\/\/intl.phonak.com\/vi-vn\/wp-json\/wp\/v2\/pages\/300\/revisions"}],"predecessor-version":[{"id":1025,"href":"https:\/\/intl.phonak.com\/vi-vn\/wp-json\/wp\/v2\/pages\/300\/revisions\/1025"}],"up":[{"embeddable":true,"href":"https:\/\/intl.phonak.com\/vi-vn\/wp-json\/wp\/v2\/pages\/281"}],"wp:attachment":[{"href":"https:\/\/intl.phonak.com\/vi-vn\/wp-json\/wp\/v2\/media?parent=300"}],"curies":[{"name":"wp","href":"https:\/\/api.w.org\/{rel}","templated":true}]}}