{"id":297,"date":"2021-11-30T15:12:48","date_gmt":"2021-11-30T15:12:48","guid":{"rendered":"https:\/\/intl.phonak.com\/vi-vn\/hearing-aid-styles\/"},"modified":"2026-02-16T13:21:45","modified_gmt":"2026-02-16T13:21:45","slug":"cac-kieu-may-tro-thinh","status":"publish","type":"page","link":"https:\/\/intl.phonak.com\/vi-vn\/giai-phap-tro-thinh\/cac-kieu-may-tro-thinh\/","title":{"rendered":"C\u00e1c ki\u1ec3u m\u00e1y tr\u1ee3 th\u00ednh"},"content":{"rendered":"\n<div class=\"wp-block-cover alignfull is-light\"><img decoding=\"async\" class=\"wp-block-cover__image-background wp-image-4536\" alt=\"Hearing aid styles\" src=\"https:\/\/intl.phonak.com\/vi-vn\/wp-content\/uploads\/sites\/3\/2022\/02\/Banner-hearing-aid-styles.jpg\" data-object-fit=\"cover\"\/><span aria-hidden=\"true\" class=\"wp-block-cover__background has-white-background-color has-background-dim\"><\/span><div class=\"wp-block-cover__inner-container is-layout-flow wp-block-cover-is-layout-flow\">\n<h1 class=\"wp-block-heading has-text-align-center has-dark-grey-color has-text-color\" id=\"phonak-hearing-aid-styles\">C\u00e1c ki\u1ec3u m\u00e1y tr\u1ee3 th\u00ednh Phonak<\/h1>\n\n\n\n<p class=\"has-text-align-center margin-bottom-0 has-dark-grey-color has-text-color has-lead-font-size\">K\u1ebft n\u1ed1i tho\u1ea3i m\u00e1i<\/p>\n<\/div><\/div>\n\n\n\n<div class=\"wp-block-group is-style-align-small is-layout-flow wp-block-group-is-layout-flow\" style=\"padding-top:0px\">\n<h2 class=\"wp-block-heading has-text-align-center\" id=\"discover-the-style-that-fits-perfect-to-you\">Kh\u00e1m ph\u00e1 phong c\u00e1ch ph\u00f9 h\u1ee3p nh\u1ea5t v\u1edbi b\u1ea1n<\/h2>\n\n\n\n<p class=\"has-text-align-center\">M\u00e1y tr\u1ee3 th\u00ednh hi\u1ec7n \u0111\u1ea1i cung c\u1ea5p nhi\u1ec1u ch\u1ee9c n\u0103ng v\u00e0 s\u1ef1 l\u1ef1a ch\u1ecdn. Chuy\u00ean gia ch\u0103m s\u00f3c th\u00ednh gi\u00e1c s\u1ebd gi\u00fap b\u1ea1n \u0111\u01b0a ra l\u1ef1a ch\u1ecdn ho\u00e0n h\u1ea3o cho m\u00ecnh. H\u1ecd s\u1ebd xem x\u00e9t nhu c\u1ea7u th\u00ednh l\u1ef1c, ng\u00e2n s\u00e1ch, l\u1ed1i s\u1ed1ng v\u00e0 s\u1edf th\u00edch c\u00e1 nh\u00e2n c\u1ee7a b\u1ea1n.<\/p>\n<\/div>\n\n\n\n<div class=\"wp-block-columns is-layout-flex wp-container-core-columns-is-layout-9d6595d7 wp-block-columns-is-layout-flex\">\n<div class=\"wp-block-column is-layout-flow wp-block-column-is-layout-flow\">\n<figure class=\"wp-block-image size-large is-resized is-style-default\"><img decoding=\"async\" src=\"https:\/\/intl.phonak.com\/wp-content\/uploads\/2021\/11\/custom-products.jpeg?w=292\" alt=\"\" class=\"wp-image-2201\" style=\"width:289px;height:221px\"\/><\/figure>\n\n\n\n<h4 class=\"wp-block-heading\" id=\"custom-products-ite\">M\u00e1y \u0111\u1eb7t trong tai (ITE)<\/h4>\n\n\n\n<p>Nh\u1eefng m\u1eabu m\u00e1y n\u00e0y \u0111\u01b0\u1ee3c ch\u1ebf t\u00e1c \u0111\u1eb7c bi\u1ec7t \u0111\u1ec3 ph\u00f9 h\u1ee3p v\u1edbi h\u00ecnh d\u1ea1ng \u1ed1ng tai c\u1ee7a b\u1ea1n nh\u1eb1m mang l\u1ea1i l\u1ee3i \u00edch t\u1ed1i \u0111a v\u00e0 s\u1ef1 tho\u1ea3i m\u00e1i t\u1ed1t nh\u1ea5t c\u00f3 th\u1ec3. M\u00e1y c\u00f3 nhi\u1ec1u t\u00f4ng m\u00e0u da, kh\u00f4ng ph\u00f4 tr\u01b0\u01a1ng v\u00e0 r\u1ea5t hi\u1ec7u qu\u1ea3. C\u00e1c m\u1eabu m\u00e1y nh\u1ecf nh\u1ea5t n\u1eb1m ho\u00e0n to\u00e0n trong \u1ed1ng tai c\u1ee7a b\u1ea1n v\u00e0 ng\u01b0\u1eddi kh\u00e1c h\u1ea7u nh\u01b0 kh\u00f4ng nh\u00ecn th\u1ea5y. Nh\u1eefng m\u1eabu m\u00e1y n\u00e0y ph\u00f9 h\u1ee3p v\u1edbi t\u00ecnh tr\u1ea1ng m\u1ea5t th\u00ednh l\u1ef1c t\u1eeb nh\u1eb9 \u0111\u1ebfn n\u1eb7ng.<\/p>\n\n\n\n<p class=\"has-text-align-left\"><strong>M\u00e1y tr\u1ee3 th\u00ednh c\u00f3 s\u1eb5n:<\/strong><\/p>\n\n\n\n<p><strong><a href=\"https:\/\/intl.phonak.com\/vi-vn\/product\/phonak-virto-infinio\/\">Virto<\/a><\/strong><\/p>\n<\/div>\n\n\n\n<div class=\"wp-block-column is-layout-flow wp-block-column-is-layout-flow\">\n<figure class=\"wp-block-image size-large is-style-not-rounded\"><img decoding=\"async\" src=\"https:\/\/intl.phonak.com\/wp-content\/uploads\/2021\/11\/receiver-in-canal.jpeg?w=292\" alt=\"\" class=\"wp-image-2202\"\/><\/figure>\n\n\n\n<h4 class=\"wp-block-heading\" id=\"receiver-in-canal-ric\">M\u00e1y loa trong tai (RIC)<\/h4>\n\n\n\n<p>C\u00e1c m\u1eabu m\u00e1y n\u00e0y nh\u1ecf h\u01a1n c\u00e1c m\u1eabu BTE ti\u00eau chu\u1ea9n v\u00e0 ph\u00f9 h\u1ee3p cho t\u00ecnh tr\u1ea1ng m\u1ea5t th\u00ednh l\u1ef1c t\u1eeb nh\u1eb9 \u0111\u1ebfn n\u1eb7ng. M\u00e1y c\u00f3 th\u1ec3 \u0111\u01b0\u1ee3c \u0111eo tho\u1ea3i m\u00e1i sau tai. C\u00e1c m\u1eabu m\u00e1y n\u00e0y c\u00f3 nhi\u1ec1u m\u00e0u s\u1eafc, ki\u1ec3u d\u00e1ng v\u00e0 thi\u1ebft k\u1ebf kh\u00e1c nhau.<\/p>\n\n\n\n<p><strong>M\u00e1y tr\u1ee3 th\u00ednh c\u00f3 s\u1eb5n:<\/strong><\/p>\n\n\n\n<p><strong><a href=\"https:\/\/intl.phonak.com\/vi-vn\/product\/phonak-audeo-infinio\/\">Aud\u00e9o<\/a><\/strong><\/p>\n<\/div>\n\n\n\n<div class=\"wp-block-column is-layout-flow wp-block-column-is-layout-flow\">\n<figure class=\"wp-block-image size-large is-style-not-rounded\"><img decoding=\"async\" src=\"https:\/\/intl.phonak.com\/wp-content\/uploads\/2021\/11\/behind-the-ear.jpeg?w=292\" alt=\"\" class=\"wp-image-2200\"\/><\/figure>\n\n\n\n<h4 class=\"wp-block-heading\" id=\"behind-the-ear-bte\">M\u00e1y \u0111eo sau tai (BTE)<\/h4>\n\n\n\n<p>C\u00e1c m\u1eabu BTE ph\u00f9 h\u1ee3p cho m\u1ecdi m\u1ee9c \u0111\u1ed9 m\u1ea5t th\u00ednh l\u1ef1c v\u00e0 nh\u01b0 c\u00e1i t\u00ean, s\u1ea3n ph\u1ea9m c\u00f3 th\u1ec3 \u0111eo tho\u1ea3i m\u00e1i sau tai. C\u00e1c m\u1eabu m\u00e1y n\u00e0y c\u00f3 nhi\u1ec1u m\u00e0u s\u1eafc, ki\u1ec3u d\u00e1ng v\u00e0 thi\u1ebft k\u1ebf kh\u00e1c nhau.<\/p>\n\n\n\n<p><strong>M\u00e1y tr\u1ee3 th\u00ednh c\u00f3 s\u1eb5n:<\/strong><\/p>\n\n\n\n<p><strong><a href=\"https:\/\/intl.phonak.com\/vi-vn\/product\/phonak-naida-lumity\/\">Na\u00edda<\/a><\/strong> <strong>| <strong><a href=\"https:\/\/intl.phonak.com\/vi-vn\/product\/phonak-sky-lumity\/\">Sky<\/a> <\/strong><\/strong><\/p>\n<\/div>\n<\/div>\n\n\n\n<div class=\"wp-block-group alignfull has-light-grey-background-color has-background is-layout-flow wp-block-group-is-layout-flow\">\n<div class=\"wp-block-group is-style-align-small is-layout-flow wp-block-group-is-layout-flow\">\n<h3 class=\"wp-block-heading has-text-align-center\" id=\"get-professional-help-1\">Nh\u1eadn tr\u1ee3 gi\u00fap t\u1eeb chuy\u00ean gia<\/h3>\n\n\n\n<p class=\"has-text-align-center\">M\u00e1y tr\u1ee3 th\u00ednh hi\u1ec7n \u0111\u1ea1i cung c\u1ea5p nhi\u1ec1u ch\u1ee9c n\u0103ng v\u00e0 s\u1ef1 l\u1ef1a ch\u1ecdn. Chuy\u00ean gia ch\u0103m s\u00f3c th\u00ednh gi\u00e1c s\u1ebd gi\u00fap b\u1ea1n \u0111\u01b0a ra l\u1ef1a ch\u1ecdn ho\u00e0n h\u1ea3o cho m\u00ecnh. H\u1ecd s\u1ebd xem x\u00e9t nhu c\u1ea7u th\u00ednh l\u1ef1c, ng\u00e2n s\u00e1ch, l\u1ed1i s\u1ed1ng v\u00e0 s\u1edf th\u00edch c\u00e1 nh\u00e2n c\u1ee7a b\u1ea1n.<\/p>\n<\/div>\n<\/div>\n\n\n\n<div style=\"height:24px\" aria-hidden=\"true\" class=\"wp-block-spacer\"><\/div>\n\n\n\n<p class=\"has-text-align-center\"><a href=\"https:\/\/intl.phonak.com\/vi-vn\/giai-phap-tro-thinh\/may-tro-thinh\/\">Kh\u00e1m ph\u00e1 c\u00e1c l\u1ef1a ch\u1ecdn m\u00e1y tr\u1ee3 th\u00ednh<\/a><\/p>\n\n\n\n<div style=\"height:28px\" aria-hidden=\"true\" class=\"wp-block-spacer\"><\/div>\n\n\n\n<div class=\"wp-block-media-text is-stacked-on-mobile cta-block\" style=\"grid-template-columns:35% auto\"><figure class=\"wp-block-media-text__media\"><img decoding=\"async\" src=\"https:\/\/intl.phonak.com\/main-english\/wp-content\/uploads\/sites\/3\/2021\/11\/cta-image.jpg?w=401\" alt=\"\" class=\"wp-image-6738 size-full\"\/><\/figure><div class=\"wp-block-media-text__content\">\n<div class=\"wp-block-create-block-icon-selector\"><i class=\"fal fa-map-marker-alt\"><\/i><\/div>   \n<h3 class=\"wp-block-heading\">Chuy\u00ean gia th\u00ednh gi\u00e1c lu\u00f4n b\u00ean b\u1ea1n<\/h3>   <p>C\u00e1c chuy\u00ean gia ch\u0103m s\u00f3c th\u00ednh gi\u00e1c c\u00f3 th\u1ec3 gi\u00fap b\u1ea1n \u0111\u01b0a ra l\u1ef1a ch\u1ecdn ho\u00e0n h\u1ea3o cho m\u00ecnh. H\u1ecd s\u1ebd xem x\u00e9t nhu c\u1ea7u th\u00ednh l\u1ef1c, ng\u00e2n s\u00e1ch, l\u1ed1i s\u1ed1ng v\u00e0 s\u1edf th\u00edch c\u00e1 nh\u00e2n c\u1ee7a b\u1ea1n. <\/p>   <div class=\"wp-block-buttons is-layout-flex wp-block-buttons-is-layout-flex\">\n<div class=\"wp-block-button is-style-marker-green\"><a class=\"wp-block-button__link wp-element-button\" href=\"https:\/\/intl.phonak.com\/vi-vn\/find-an-expert\/\">T\u00ecm chuy\u00ean gia<\/a><\/div>\n<\/div>\n<\/div><\/div> ","protected":false},"excerpt":{"rendered":"<p>Kh\u00e1m ph\u00e1 phong c\u00e1ch ph\u00f9 h\u1ee3p nh\u1ea5t v\u1edbi b\u1ea1n M\u00e1y tr\u1ee3 th\u00ednh hi\u1ec7n \u0111\u1ea1i cung c\u1ea5p nhi\u1ec1u ch\u1ee9c n\u0103ng v\u00e0&#8230;<\/p>\n","protected":false},"author":5,"featured_media":0,"parent":272,"menu_order":0,"comment_status":"closed","ping_status":"closed","template":"","meta":{"_acf_changed":false,"inline_featured_image":false,"footnotes":""},"class_list":["post-297","page","type-page","status-publish","hentry"],"acf":[],"yoast_head":"<!-- This site is optimized with the Yoast SEO plugin v26.9 - https:\/\/yoast.com\/product\/yoast-seo-wordpress\/ -->\n<title>C\u00e1c ki\u1ec3u m\u00e1y tr\u1ee3 th\u00ednh - Phonak - Vietnam<\/title>\n<meta name=\"robots\" content=\"index, follow, max-snippet:-1, max-image-preview:large, max-video-preview:-1\" \/>\n<link rel=\"canonical\" href=\"https:\/\/intl.phonak.com\/main-english\/solutions\/hearing-aid-styles\/\" \/>\n<meta property=\"og:locale\" content=\"vi_VN\" \/>\n<meta property=\"og:type\" content=\"article\" \/>\n<meta property=\"og:title\" content=\"C\u00e1c ki\u1ec3u m\u00e1y tr\u1ee3 th\u00ednh - Phonak - Vietnam\" \/>\n<meta property=\"og:description\" content=\"Kh\u00e1m ph\u00e1 phong c\u00e1ch ph\u00f9 h\u1ee3p nh\u1ea5t v\u1edbi b\u1ea1n M\u00e1y tr\u1ee3 th\u00ednh hi\u1ec7n \u0111\u1ea1i cung c\u1ea5p nhi\u1ec1u ch\u1ee9c n\u0103ng v\u00e0...\" \/>\n<meta property=\"og:url\" content=\"https:\/\/intl.phonak.com\/vi-vn\/giai-phap-tro-thinh\/cac-kieu-may-tro-thinh\/\" \/>\n<meta property=\"og:site_name\" content=\"Phonak - Vietnam\" \/>\n<meta property=\"article:modified_time\" content=\"2026-02-16T13:21:45+00:00\" \/>\n<meta name=\"twitter:card\" content=\"summary_large_image\" \/>\n<meta name=\"twitter:label1\" content=\"Est. reading time\" \/>\n\t<meta name=\"twitter:data1\" content=\"6 minutes\" \/>\n<script type=\"application\/ld+json\" class=\"yoast-schema-graph\">{\"@context\":\"https:\/\/schema.org\",\"@graph\":[{\"@type\":\"WebPage\",\"@id\":\"https:\/\/intl.phonak.com\/vi-vn\/giai-phap-tro-thinh\/cac-kieu-may-tro-thinh\/\",\"url\":\"https:\/\/intl.phonak.com\/vi-vn\/giai-phap-tro-thinh\/cac-kieu-may-tro-thinh\/\",\"name\":\"C\u00e1c ki\u1ec3u m\u00e1y tr\u1ee3 th\u00ednh - Phonak - Vietnam\",\"isPartOf\":{\"@id\":\"https:\/\/intl.phonak.com\/vi-vn\/#website\"},\"primaryImageOfPage\":{\"@id\":\"https:\/\/intl.phonak.com\/vi-vn\/giai-phap-tro-thinh\/cac-kieu-may-tro-thinh\/#primaryimage\"},\"image\":{\"@id\":\"https:\/\/intl.phonak.com\/vi-vn\/giai-phap-tro-thinh\/cac-kieu-may-tro-thinh\/#primaryimage\"},\"thumbnailUrl\":\"https:\/\/intl.phonak.com\/vi-vn\/wp-content\/uploads\/sites\/3\/2022\/02\/Banner-hearing-aid-styles.jpg\",\"datePublished\":\"2021-11-30T15:12:48+00:00\",\"dateModified\":\"2026-02-16T13:21:45+00:00\",\"breadcrumb\":{\"@id\":\"https:\/\/intl.phonak.com\/vi-vn\/giai-phap-tro-thinh\/cac-kieu-may-tro-thinh\/#breadcrumb\"},\"inLanguage\":\"vi\",\"potentialAction\":[{\"@type\":\"ReadAction\",\"target\":[\"https:\/\/intl.phonak.com\/vi-vn\/giai-phap-tro-thinh\/cac-kieu-may-tro-thinh\/\"]}]},{\"@type\":\"ImageObject\",\"inLanguage\":\"vi\",\"@id\":\"https:\/\/intl.phonak.com\/vi-vn\/giai-phap-tro-thinh\/cac-kieu-may-tro-thinh\/#primaryimage\",\"url\":\"\",\"contentUrl\":\"\"},{\"@type\":\"BreadcrumbList\",\"@id\":\"https:\/\/intl.phonak.com\/vi-vn\/giai-phap-tro-thinh\/cac-kieu-may-tro-thinh\/#breadcrumb\",\"itemListElement\":[{\"@type\":\"ListItem\",\"position\":1,\"name\":\"Home\",\"item\":\"https:\/\/intl.phonak.com\/vi-vn\/\"},{\"@type\":\"ListItem\",\"position\":2,\"name\":\"S\u1ea3n ph\u1ea9m\",\"item\":\"https:\/\/intl.phonak.com\/vi-vn\/giai-phap-tro-thinh\/\"},{\"@type\":\"ListItem\",\"position\":3,\"name\":\"C\u00e1c ki\u1ec3u m\u00e1y tr\u1ee3 th\u00ednh\"}]},{\"@type\":\"WebSite\",\"@id\":\"https:\/\/intl.phonak.com\/vi-vn\/#website\",\"url\":\"https:\/\/intl.phonak.com\/vi-vn\/\",\"name\":\"Phonak - Vietnam\",\"description\":\"Just another sonova-hearing-solutions.go-vip.net Sites site\",\"potentialAction\":[{\"@type\":\"SearchAction\",\"target\":{\"@type\":\"EntryPoint\",\"urlTemplate\":\"https:\/\/intl.phonak.com\/vi-vn\/?s={search_term_string}\"},\"query-input\":{\"@type\":\"PropertyValueSpecification\",\"valueRequired\":true,\"valueName\":\"search_term_string\"}}],\"inLanguage\":\"vi\"}]}<\/script>\n<!-- \/ Yoast SEO plugin. -->","yoast_head_json":{"title":"C\u00e1c ki\u1ec3u m\u00e1y tr\u1ee3 th\u00ednh - Phonak - Vietnam","robots":{"index":"index","follow":"follow","max-snippet":"max-snippet:-1","max-image-preview":"max-image-preview:large","max-video-preview":"max-video-preview:-1"},"canonical":"https:\/\/intl.phonak.com\/main-english\/solutions\/hearing-aid-styles\/","og_locale":"vi_VN","og_type":"article","og_title":"C\u00e1c ki\u1ec3u m\u00e1y tr\u1ee3 th\u00ednh - Phonak - Vietnam","og_description":"Kh\u00e1m ph\u00e1 phong c\u00e1ch ph\u00f9 h\u1ee3p nh\u1ea5t v\u1edbi b\u1ea1n M\u00e1y tr\u1ee3 th\u00ednh hi\u1ec7n \u0111\u1ea1i cung c\u1ea5p nhi\u1ec1u ch\u1ee9c n\u0103ng v\u00e0...","og_url":"https:\/\/intl.phonak.com\/vi-vn\/giai-phap-tro-thinh\/cac-kieu-may-tro-thinh\/","og_site_name":"Phonak - Vietnam","article_modified_time":"2026-02-16T13:21:45+00:00","twitter_card":"summary_large_image","twitter_misc":{"Est. reading time":"6 minutes"},"schema":{"@context":"https:\/\/schema.org","@graph":[{"@type":"WebPage","@id":"https:\/\/intl.phonak.com\/vi-vn\/giai-phap-tro-thinh\/cac-kieu-may-tro-thinh\/","url":"https:\/\/intl.phonak.com\/vi-vn\/giai-phap-tro-thinh\/cac-kieu-may-tro-thinh\/","name":"C\u00e1c ki\u1ec3u m\u00e1y tr\u1ee3 th\u00ednh - Phonak - Vietnam","isPartOf":{"@id":"https:\/\/intl.phonak.com\/vi-vn\/#website"},"primaryImageOfPage":{"@id":"https:\/\/intl.phonak.com\/vi-vn\/giai-phap-tro-thinh\/cac-kieu-may-tro-thinh\/#primaryimage"},"image":{"@id":"https:\/\/intl.phonak.com\/vi-vn\/giai-phap-tro-thinh\/cac-kieu-may-tro-thinh\/#primaryimage"},"thumbnailUrl":"https:\/\/intl.phonak.com\/vi-vn\/wp-content\/uploads\/sites\/3\/2022\/02\/Banner-hearing-aid-styles.jpg","datePublished":"2021-11-30T15:12:48+00:00","dateModified":"2026-02-16T13:21:45+00:00","breadcrumb":{"@id":"https:\/\/intl.phonak.com\/vi-vn\/giai-phap-tro-thinh\/cac-kieu-may-tro-thinh\/#breadcrumb"},"inLanguage":"vi","potentialAction":[{"@type":"ReadAction","target":["https:\/\/intl.phonak.com\/vi-vn\/giai-phap-tro-thinh\/cac-kieu-may-tro-thinh\/"]}]},{"@type":"ImageObject","inLanguage":"vi","@id":"https:\/\/intl.phonak.com\/vi-vn\/giai-phap-tro-thinh\/cac-kieu-may-tro-thinh\/#primaryimage","url":"","contentUrl":""},{"@type":"BreadcrumbList","@id":"https:\/\/intl.phonak.com\/vi-vn\/giai-phap-tro-thinh\/cac-kieu-may-tro-thinh\/#breadcrumb","itemListElement":[{"@type":"ListItem","position":1,"name":"Home","item":"https:\/\/intl.phonak.com\/vi-vn\/"},{"@type":"ListItem","position":2,"name":"S\u1ea3n ph\u1ea9m","item":"https:\/\/intl.phonak.com\/vi-vn\/giai-phap-tro-thinh\/"},{"@type":"ListItem","position":3,"name":"C\u00e1c ki\u1ec3u m\u00e1y tr\u1ee3 th\u00ednh"}]},{"@type":"WebSite","@id":"https:\/\/intl.phonak.com\/vi-vn\/#website","url":"https:\/\/intl.phonak.com\/vi-vn\/","name":"Phonak - Vietnam","description":"Just another sonova-hearing-solutions.go-vip.net Sites site","potentialAction":[{"@type":"SearchAction","target":{"@type":"EntryPoint","urlTemplate":"https:\/\/intl.phonak.com\/vi-vn\/?s={search_term_string}"},"query-input":{"@type":"PropertyValueSpecification","valueRequired":true,"valueName":"search_term_string"}}],"inLanguage":"vi"}]}},"jetpack_sharing_enabled":true,"distributor_meta":false,"distributor_terms":false,"distributor_media":false,"distributor_original_site_name":"Phonak - Vietnam","distributor_original_site_url":"https:\/\/intl.phonak.com\/vi-vn","push-errors":false,"_links":{"self":[{"href":"https:\/\/intl.phonak.com\/vi-vn\/wp-json\/wp\/v2\/pages\/297","targetHints":{"allow":["GET"]}}],"collection":[{"href":"https:\/\/intl.phonak.com\/vi-vn\/wp-json\/wp\/v2\/pages"}],"about":[{"href":"https:\/\/intl.phonak.com\/vi-vn\/wp-json\/wp\/v2\/types\/page"}],"author":[{"embeddable":true,"href":"https:\/\/intl.phonak.com\/vi-vn\/wp-json\/wp\/v2\/users\/5"}],"replies":[{"embeddable":true,"href":"https:\/\/intl.phonak.com\/vi-vn\/wp-json\/wp\/v2\/comments?post=297"}],"version-history":[{"count":11,"href":"https:\/\/intl.phonak.com\/vi-vn\/wp-json\/wp\/v2\/pages\/297\/revisions"}],"predecessor-version":[{"id":1107,"href":"https:\/\/intl.phonak.com\/vi-vn\/wp-json\/wp\/v2\/pages\/297\/revisions\/1107"}],"up":[{"embeddable":true,"href":"https:\/\/intl.phonak.com\/vi-vn\/wp-json\/wp\/v2\/pages\/272"}],"wp:attachment":[{"href":"https:\/\/intl.phonak.com\/vi-vn\/wp-json\/wp\/v2\/media?parent=297"}],"curies":[{"name":"wp","href":"https:\/\/api.w.org\/{rel}","templated":true}]}}