{"id":293,"date":"2021-12-01T18:05:35","date_gmt":"2021-12-01T18:05:35","guid":{"rendered":"https:\/\/intl.phonak.com\/vi-vn\/sitemap\/"},"modified":"2026-03-25T13:49:55","modified_gmt":"2026-03-25T13:49:55","slug":"sitemap","status":"publish","type":"page","link":"https:\/\/intl.phonak.com\/vi-vn\/sitemap\/","title":{"rendered":"Sitemap"},"content":{"rendered":"<div class=\"sitemap\">\n\t<ul>\n\t<li class=\"page_item page-item-295\"><a href=\"https:\/\/intl.phonak.com\/vi-vn\/chinh-sach-bao-mat\/\">Ch\u00ednh s\u00e1ch b\u1ea3o m\u1eadt<\/a><\/li>\n<li class=\"page_item page-item-265\"><a href=\"https:\/\/intl.phonak.com\/vi-vn\/cookie-privacy-notice\/\">Cookie Privacy Notice<\/a><\/li>\n<li class=\"page_item page-item-327\"><a href=\"https:\/\/intl.phonak.com\/vi-vn\/ve-chung-toi\/\">Gi\u1edbi thi\u1ec7u<\/a><\/li>\n<li class=\"page_item page-item-284\"><a href=\"https:\/\/intl.phonak.com\/vi-vn\/kiem-tra-thinh-luc\/\">Ki\u1ec3m tra th\u00ednh l\u1ef1c tr\u1ef1c tuy\u1ebfn<\/a><\/li>\n<li class=\"page_item page-item-324\"><a href=\"https:\/\/intl.phonak.com\/vi-vn\/lien-he\/\">Li\u00ean h\u1ec7 v\u1edbi ch\u00fang t\u00f4i<\/a><\/li>\n<li class=\"page_item page-item-281 page_item_has_children\"><a href=\"https:\/\/intl.phonak.com\/vi-vn\/mat-thinh-luc\/\">M\u1ea5t th\u00ednh l\u1ef1c<\/a>\n<ul class='children'>\n\t<li class=\"page_item page-item-303\"><a href=\"https:\/\/intl.phonak.com\/vi-vn\/mat-thinh-luc\/gap-chuyen-gia-thinh-giac\/\">H\u00e3y \u0111\u1ebfn g\u1eb7p chuy\u00ean gia th\u00ednh gi\u00e1c<\/a><\/li>\n\t<li class=\"page_item page-item-306\"><a href=\"https:\/\/intl.phonak.com\/vi-vn\/mat-thinh-luc\/nguyen-nhan-gay-mat-thinh-luc\/\">Nguy\u00ean nh\u00e2n g\u00e2y m\u1ea5t th\u00ednh l\u1ef1c<\/a><\/li>\n\t<li class=\"page_item page-item-278\"><a href=\"https:\/\/intl.phonak.com\/vi-vn\/mat-thinh-luc\/phonak-well-hearing-is-well-being\/\">Phonak Well-Hearing is Well-Being\u2122<\/a><\/li>\n\t<li class=\"page_item page-item-300\"><a href=\"https:\/\/intl.phonak.com\/vi-vn\/mat-thinh-luc\/may-tro-thinh-che-tac-theo-yeu-cau\/\">Thi\u1ebft k\u1ebf m\u00e1y tr\u1ee3 th\u00ednh theo y\u00eau c\u1ea7u<\/a><\/li>\n\t<li class=\"page_item page-item-1003\"><a href=\"https:\/\/intl.phonak.com\/vi-vn\/mat-thinh-luc\/bao-tri-may-tro-thinh\/\">Video b\u1ea3o d\u01b0\u1ee1ng m\u00e1y tr\u1ee3 th\u00ednh<\/a><\/li>\n<\/ul>\n<\/li>\n<li class=\"page_item page-item-272 page_item_has_children\"><a href=\"https:\/\/intl.phonak.com\/vi-vn\/giai-phap-tro-thinh\/\">S\u1ea3n ph\u1ea9m<\/a>\n<ul class='children'>\n\t<li class=\"page_item page-item-297\"><a href=\"https:\/\/intl.phonak.com\/vi-vn\/giai-phap-tro-thinh\/cac-kieu-may-tro-thinh\/\">C\u00e1c ki\u1ec3u m\u00e1y tr\u1ee3 th\u00ednh<\/a><\/li>\n\t<li class=\"page_item page-item-275\"><a href=\"https:\/\/intl.phonak.com\/vi-vn\/giai-phap-tro-thinh\/cong-nghe-roger\/\">C\u00f4ng ngh\u1ec7 Roger\u2122<\/a><\/li>\n\t<li class=\"page_item page-item-291\"><a href=\"https:\/\/intl.phonak.com\/vi-vn\/giai-phap-tro-thinh\/may-tro-thinh\/\">M\u00e1y tr\u1ee3 th\u00ednh<\/a><\/li>\n\t<li class=\"page_item page-item-312\"><a href=\"https:\/\/intl.phonak.com\/vi-vn\/giai-phap-tro-thinh\/phu-kien\/\">Ph\u1ee5 ki\u1ec7n<\/a><\/li>\n\t<li class=\"page_item page-item-269\"><a href=\"https:\/\/intl.phonak.com\/vi-vn\/giai-phap-tro-thinh\/roger-danh-cho-giao-duc\/\">Roger\u2122 d\u00e0nh cho gi\u00e1o d\u1ee5c<\/a><\/li>\n\t<li class=\"page_item page-item-318\"><a href=\"https:\/\/intl.phonak.com\/vi-vn\/giai-phap-tro-thinh\/san-pham\/\">S\u1ea3n ph\u1ea9m<\/a><\/li>\n\t<li class=\"page_item page-item-309\"><a href=\"https:\/\/intl.phonak.com\/vi-vn\/giai-phap-tro-thinh\/may-tro-thinh-tre-em\/\">S\u1ea3n ph\u1ea9m cho tr\u1ebb em<\/a><\/li>\n\t<li class=\"page_item page-item-951\"><a href=\"https:\/\/intl.phonak.com\/vi-vn\/giai-phap-tro-thinh\/giai-phap-tro-thinh-tai-xuong\/\">T\u1ea3i xu\u1ed1ng<\/a><\/li>\n<\/ul>\n<\/li>\n<li class=\"page_item page-item-287\"><a href=\"https:\/\/intl.phonak.com\/vi-vn\/bao-ve-thinh-giac\/\">S\u1ea3n ph\u1ea9m b\u1ea3o v\u1ec7 th\u00ednh gi\u00e1c<\/a><\/li>\n<li class=\"page_item page-item-293\"><a href=\"https:\/\/intl.phonak.com\/vi-vn\/sitemap\/\">Sitemap<\/a><\/li>\n<li class=\"page_item page-item-263\"><a href=\"https:\/\/intl.phonak.com\/vi-vn\/terms-of-use\/\">Terms of use<\/a><\/li>\n<li class=\"page_item page-item-267\"><a href=\"https:\/\/intl.phonak.com\/vi-vn\/thong-bao-bao-mat\/\">Th\u00f4ng b\u00e1o v\u1ec1 quy\u1ec1n ri\u00eang t\u01b0<\/a><\/li>\n<li class=\"page_item page-item-322\"><a href=\"https:\/\/intl.phonak.com\/vi-vn\/tim-chuyen-gia\/\">T\u00ecm chuy\u00ean gia<\/a><\/li>\n<li class=\"page_item page-item-330\"><a href=\"https:\/\/intl.phonak.com\/vi-vn\/\">Trang ch\u1ee7<\/a><\/li>\n\t<\/ul>\n<\/div>\n\n\n\n<div style=\"height:40px\" aria-hidden=\"true\" class=\"wp-block-spacer\"><\/div>\n","protected":false},"excerpt":{"rendered":"","protected":false},"author":5,"featured_media":0,"parent":0,"menu_order":0,"comment_status":"closed","ping_status":"closed","template":"","meta":{"_acf_changed":false,"inline_featured_image":false,"footnotes":""},"class_list":["post-293","page","type-page","status-publish","hentry"],"acf":[],"yoast_head":"<!-- This site is optimized with the Yoast SEO plugin v26.9 - https:\/\/yoast.com\/product\/yoast-seo-wordpress\/ -->\n<title>Sitemap - Phonak - Vietnam<\/title>\n<meta name=\"robots\" content=\"index, follow, max-snippet:-1, max-image-preview:large, max-video-preview:-1\" \/>\n<link rel=\"canonical\" href=\"https:\/\/wordpress.sonova.com\/unitron-demo\/?page_id=2234\" \/>\n<meta property=\"og:locale\" content=\"vi_VN\" \/>\n<meta property=\"og:type\" content=\"article\" \/>\n<meta property=\"og:title\" content=\"Sitemap - Phonak - Vietnam\" \/>\n<meta property=\"og:url\" content=\"https:\/\/intl.phonak.com\/vi-vn\/sitemap\/\" \/>\n<meta property=\"og:site_name\" content=\"Phonak - Vietnam\" \/>\n<meta property=\"article:modified_time\" content=\"2026-03-25T13:49:55+00:00\" \/>\n<meta name=\"twitter:card\" content=\"summary_large_image\" \/>\n<script type=\"application\/ld+json\" class=\"yoast-schema-graph\">{\"@context\":\"https:\/\/schema.org\",\"@graph\":[{\"@type\":\"WebPage\",\"@id\":\"https:\/\/intl.phonak.com\/vi-vn\/sitemap\/\",\"url\":\"https:\/\/intl.phonak.com\/vi-vn\/sitemap\/\",\"name\":\"Sitemap - Phonak - Vietnam\",\"isPartOf\":{\"@id\":\"https:\/\/intl.phonak.com\/vi-vn\/#website\"},\"datePublished\":\"2021-12-01T18:05:35+00:00\",\"dateModified\":\"2026-03-25T13:49:55+00:00\",\"breadcrumb\":{\"@id\":\"https:\/\/intl.phonak.com\/vi-vn\/sitemap\/#breadcrumb\"},\"inLanguage\":\"vi\",\"potentialAction\":[{\"@type\":\"ReadAction\",\"target\":[\"https:\/\/intl.phonak.com\/vi-vn\/sitemap\/\"]}]},{\"@type\":\"BreadcrumbList\",\"@id\":\"https:\/\/intl.phonak.com\/vi-vn\/sitemap\/#breadcrumb\",\"itemListElement\":[{\"@type\":\"ListItem\",\"position\":1,\"name\":\"Home\",\"item\":\"https:\/\/intl.phonak.com\/vi-vn\/\"},{\"@type\":\"ListItem\",\"position\":2,\"name\":\"S\u01a1 \u0111\u1ed3 trang web\"}]},{\"@type\":\"WebSite\",\"@id\":\"https:\/\/intl.phonak.com\/vi-vn\/#website\",\"url\":\"https:\/\/intl.phonak.com\/vi-vn\/\",\"name\":\"Phonak - Vietnam\",\"description\":\"Just another sonova-hearing-solutions.go-vip.net Sites site\",\"potentialAction\":[{\"@type\":\"SearchAction\",\"target\":{\"@type\":\"EntryPoint\",\"urlTemplate\":\"https:\/\/intl.phonak.com\/vi-vn\/?s={search_term_string}\"},\"query-input\":{\"@type\":\"PropertyValueSpecification\",\"valueRequired\":true,\"valueName\":\"search_term_string\"}}],\"inLanguage\":\"vi\"}]}<\/script>\n<!-- \/ Yoast SEO plugin. -->","yoast_head_json":{"title":"Sitemap - Phonak - Vietnam","robots":{"index":"index","follow":"follow","max-snippet":"max-snippet:-1","max-image-preview":"max-image-preview:large","max-video-preview":"max-video-preview:-1"},"canonical":"https:\/\/wordpress.sonova.com\/unitron-demo\/?page_id=2234","og_locale":"vi_VN","og_type":"article","og_title":"Sitemap - Phonak - Vietnam","og_url":"https:\/\/intl.phonak.com\/vi-vn\/sitemap\/","og_site_name":"Phonak - Vietnam","article_modified_time":"2026-03-25T13:49:55+00:00","twitter_card":"summary_large_image","schema":{"@context":"https:\/\/schema.org","@graph":[{"@type":"WebPage","@id":"https:\/\/intl.phonak.com\/vi-vn\/sitemap\/","url":"https:\/\/intl.phonak.com\/vi-vn\/sitemap\/","name":"Sitemap - Phonak - Vietnam","isPartOf":{"@id":"https:\/\/intl.phonak.com\/vi-vn\/#website"},"datePublished":"2021-12-01T18:05:35+00:00","dateModified":"2026-03-25T13:49:55+00:00","breadcrumb":{"@id":"https:\/\/intl.phonak.com\/vi-vn\/sitemap\/#breadcrumb"},"inLanguage":"vi","potentialAction":[{"@type":"ReadAction","target":["https:\/\/intl.phonak.com\/vi-vn\/sitemap\/"]}]},{"@type":"BreadcrumbList","@id":"https:\/\/intl.phonak.com\/vi-vn\/sitemap\/#breadcrumb","itemListElement":[{"@type":"ListItem","position":1,"name":"Home","item":"https:\/\/intl.phonak.com\/vi-vn\/"},{"@type":"ListItem","position":2,"name":"S\u01a1 \u0111\u1ed3 trang web"}]},{"@type":"WebSite","@id":"https:\/\/intl.phonak.com\/vi-vn\/#website","url":"https:\/\/intl.phonak.com\/vi-vn\/","name":"Phonak - Vietnam","description":"Just another sonova-hearing-solutions.go-vip.net Sites site","potentialAction":[{"@type":"SearchAction","target":{"@type":"EntryPoint","urlTemplate":"https:\/\/intl.phonak.com\/vi-vn\/?s={search_term_string}"},"query-input":{"@type":"PropertyValueSpecification","valueRequired":true,"valueName":"search_term_string"}}],"inLanguage":"vi"}]}},"jetpack_sharing_enabled":true,"distributor_meta":false,"distributor_terms":false,"distributor_media":false,"distributor_original_site_name":"Phonak - Vietnam","distributor_original_site_url":"https:\/\/intl.phonak.com\/vi-vn","push-errors":false,"_links":{"self":[{"href":"https:\/\/intl.phonak.com\/vi-vn\/wp-json\/wp\/v2\/pages\/293","targetHints":{"allow":["GET"]}}],"collection":[{"href":"https:\/\/intl.phonak.com\/vi-vn\/wp-json\/wp\/v2\/pages"}],"about":[{"href":"https:\/\/intl.phonak.com\/vi-vn\/wp-json\/wp\/v2\/types\/page"}],"author":[{"embeddable":true,"href":"https:\/\/intl.phonak.com\/vi-vn\/wp-json\/wp\/v2\/users\/5"}],"replies":[{"embeddable":true,"href":"https:\/\/intl.phonak.com\/vi-vn\/wp-json\/wp\/v2\/comments?post=293"}],"version-history":[{"count":5,"href":"https:\/\/intl.phonak.com\/vi-vn\/wp-json\/wp\/v2\/pages\/293\/revisions"}],"predecessor-version":[{"id":1114,"href":"https:\/\/intl.phonak.com\/vi-vn\/wp-json\/wp\/v2\/pages\/293\/revisions\/1114"}],"wp:attachment":[{"href":"https:\/\/intl.phonak.com\/vi-vn\/wp-json\/wp\/v2\/media?parent=293"}],"curies":[{"name":"wp","href":"https:\/\/api.w.org\/{rel}","templated":true}]}}