{"id":291,"date":"2021-12-02T15:55:10","date_gmt":"2021-12-02T15:55:10","guid":{"rendered":"https:\/\/intl.phonak.com\/vi-vn\/hearing-aids\/"},"modified":"2026-02-24T13:06:35","modified_gmt":"2026-02-24T13:06:35","slug":"may-tro-thinh","status":"publish","type":"page","link":"https:\/\/intl.phonak.com\/vi-vn\/giai-phap-tro-thinh\/may-tro-thinh\/","title":{"rendered":"M\u00e1y tr\u1ee3 th\u00ednh"},"content":{"rendered":"\n<div class=\"wp-block-cover alignfull is-light\"><img loading=\"lazy\" decoding=\"async\" width=\"3802\" height=\"860\" class=\"wp-block-cover__image-background wp-image-1108 size-large\" alt=\"\" src=\"https:\/\/intl.phonak.com\/vi-vn\/wp-content\/uploads\/sites\/58\/2026\/02\/Banner_Hearing-aids.jpg?w=1024\" data-object-fit=\"cover\" srcset=\"https:\/\/intl.phonak.com\/vi-vn\/wp-content\/uploads\/sites\/58\/2026\/02\/Banner_Hearing-aids.jpg 3802w, https:\/\/intl.phonak.com\/vi-vn\/wp-content\/uploads\/sites\/58\/2026\/02\/Banner_Hearing-aids.jpg?resize=300,68 300w, https:\/\/intl.phonak.com\/vi-vn\/wp-content\/uploads\/sites\/58\/2026\/02\/Banner_Hearing-aids.jpg?resize=768,174 768w, https:\/\/intl.phonak.com\/vi-vn\/wp-content\/uploads\/sites\/58\/2026\/02\/Banner_Hearing-aids.jpg?resize=1024,232 1024w, https:\/\/intl.phonak.com\/vi-vn\/wp-content\/uploads\/sites\/58\/2026\/02\/Banner_Hearing-aids.jpg?resize=1536,347 1536w, https:\/\/intl.phonak.com\/vi-vn\/wp-content\/uploads\/sites\/58\/2026\/02\/Banner_Hearing-aids.jpg?resize=2048,463 2048w\" sizes=\"auto, (max-width: 3802px) 100vw, 3802px\" \/><span aria-hidden=\"true\" class=\"wp-block-cover__background has-white-background-color has-background-dim-40 has-background-dim\"><\/span><div class=\"wp-block-cover__inner-container is-layout-flow wp-block-cover-is-layout-flow\">\n<h1 class=\"wp-block-heading has-text-align-center has-dark-grey-color has-text-color\" id=\"participate-fully-in-life\">T\u1eadn h\u01b0\u1edfng cu\u1ed9c s\u1ed1ng tr\u1ecdn v\u1eb9n<\/h1>\n\n\n\n<p class=\"has-text-align-center margin-bottom-0 has-dark-grey-color has-text-color has-lead-font-size\">T\u1eadn h\u01b0\u1edfng nhi\u1ec1u kho\u1ea3nh kh\u1eafc k\u1ef3 di\u1ec7u c\u1ee7a cu\u1ed9c s\u1ed1ng<\/p>\n<\/div><\/div>\n\n\n\n<div class=\"wp-block-group is-style-align-small is-layout-flow wp-block-group-is-layout-flow\" style=\"padding-top:0px\">\n<h2 class=\"wp-block-heading has-text-align-center\" id=\"phonak-hearing-aids-flexible-forms-colors-and-styles\">M\u00e1y tr\u1ee3 th\u00ednh Phonak &#8211; <\/h2>\n\n\n\n<h2 class=\"wp-block-heading has-text-align-center\" id=\"phonak-hearing-aids-flexible-forms-colors-and-styles\">H\u00ecnh th\u1ee9c, m\u00e0u s\u1eafc v\u00e0 ki\u1ec3u d\u00e1ng linh ho\u1ea1t<\/h2>\n\n\n\n<p class=\"has-text-align-center\">Phonak c\u00f3 m\u00e1y tr\u1ee3 th\u00ednh ph\u00f9 h\u1ee3p v\u1edbi b\u1ea1n &#8211; b\u1ea5t k\u1ec3 lo\u1ea1i m\u1ea5t th\u00ednh l\u1ef1c, l\u1ed1i s\u1ed1ng, s\u1edf th\u00edch c\u00e1 nh\u00e2n, tu\u1ed5i t\u00e1c hay ng\u00e2n s\u00e1ch c\u1ee7a b\u1ea1n. Ch\u00fang t\u00f4i quy\u1ebft \u0111\u1ecbnh ph\u00e1t tri\u1ec3n c\u00e1c gi\u1ea3i ph\u00e1p th\u00ednh gi\u00e1c ti\u00ean ti\u1ebfn cho t\u1ea5t c\u1ea3 m\u1ecdi ng\u01b0\u1eddi. B\u1ea1n c\u00f3 th\u1ec3 t\u00ecm th\u00eam chi ti\u1ebft v\u1ec1 c\u00e1c s\u1ea3n ph\u1ea9m n\u00e0y b\u00ean d\u01b0\u1edbi ho\u1eb7c b\u1ea1n c\u00f3 th\u1ec3 tham kh\u1ea3o chuy\u00ean gia ch\u0103m s\u00f3c th\u00ednh gi\u00e1c c\u1ee7a m\u00ecnh.<\/p>\n<\/div>\n\n\n\n<div\n\tclass=\"wp-block-phonak-products is-forntend alignwide\"\n\tdata-attributes=\"{&quot;categories&quot;:&quot;3&quot;,&quot;perPage&quot;:&quot;9&quot;,&quot;defaultCategories&quot;:[3],&quot;align&quot;:&quot;wide&quot;,&quot;showPagination&quot;:true,&quot;showFilter&quot;:true,&quot;enabledFilters&quot;:[&quot;platforms&quot;,&quot;categories&quot;,&quot;productTypes&quot;],&quot;defaultPlatforms&quot;:[],&quot;defaultProductTypes&quot;:[]}\"\n\tdata-locale=\"vi\">\n<\/div>\n","protected":false},"excerpt":{"rendered":"<p>M\u00e1y tr\u1ee3 th\u00ednh Phonak &#8211; H\u00ecnh th\u1ee9c, m\u00e0u s\u1eafc v\u00e0 ki\u1ec3u d\u00e1ng linh ho\u1ea1t Phonak c\u00f3 m\u00e1y tr\u1ee3 th\u00ednh ph\u00f9&#8230;<\/p>\n","protected":false},"author":5,"featured_media":0,"parent":272,"menu_order":0,"comment_status":"closed","ping_status":"closed","template":"","meta":{"_acf_changed":false,"inline_featured_image":false,"footnotes":""},"class_list":["post-291","page","type-page","status-publish","hentry"],"acf":[],"yoast_head":"<!-- This site is optimized with the Yoast SEO plugin v26.9 - https:\/\/yoast.com\/product\/yoast-seo-wordpress\/ -->\n<title>M\u00e1y tr\u1ee3 th\u00ednh - Phonak - Vietnam<\/title>\n<meta name=\"robots\" content=\"index, follow, max-snippet:-1, max-image-preview:large, max-video-preview:-1\" \/>\n<link rel=\"canonical\" href=\"https:\/\/intl.phonak.com\/main-english\/solutions\/hearing-aids\/\" \/>\n<meta property=\"og:locale\" content=\"vi_VN\" \/>\n<meta property=\"og:type\" content=\"article\" \/>\n<meta property=\"og:title\" content=\"M\u00e1y tr\u1ee3 th\u00ednh - Phonak - Vietnam\" \/>\n<meta property=\"og:description\" content=\"M\u00e1y tr\u1ee3 th\u00ednh Phonak &#8211; H\u00ecnh th\u1ee9c, m\u00e0u s\u1eafc v\u00e0 ki\u1ec3u d\u00e1ng linh ho\u1ea1t Phonak c\u00f3 m\u00e1y tr\u1ee3 th\u00ednh ph\u00f9...\" \/>\n<meta property=\"og:url\" content=\"https:\/\/intl.phonak.com\/vi-vn\/giai-phap-tro-thinh\/may-tro-thinh\/\" \/>\n<meta property=\"og:site_name\" content=\"Phonak - Vietnam\" \/>\n<meta property=\"article:modified_time\" content=\"2026-02-24T13:06:35+00:00\" \/>\n<meta property=\"og:image\" content=\"https:\/\/intl.phonak.com\/vi-vn\/wp-content\/uploads\/sites\/58\/2026\/02\/Banner_Hearing-aids.jpg\" \/>\n\t<meta property=\"og:image:width\" content=\"3802\" \/>\n\t<meta property=\"og:image:height\" content=\"860\" \/>\n\t<meta property=\"og:image:type\" content=\"image\/jpeg\" \/>\n<meta name=\"twitter:card\" content=\"summary_large_image\" \/>\n<meta name=\"twitter:label1\" content=\"Est. reading time\" \/>\n\t<meta name=\"twitter:data1\" content=\"1 minute\" \/>\n<script type=\"application\/ld+json\" class=\"yoast-schema-graph\">{\"@context\":\"https:\/\/schema.org\",\"@graph\":[{\"@type\":\"WebPage\",\"@id\":\"https:\/\/intl.phonak.com\/vi-vn\/giai-phap-tro-thinh\/may-tro-thinh\/\",\"url\":\"https:\/\/intl.phonak.com\/vi-vn\/giai-phap-tro-thinh\/may-tro-thinh\/\",\"name\":\"M\u00e1y tr\u1ee3 th\u00ednh - Phonak - Vietnam\",\"isPartOf\":{\"@id\":\"https:\/\/intl.phonak.com\/vi-vn\/#website\"},\"primaryImageOfPage\":{\"@id\":\"https:\/\/intl.phonak.com\/vi-vn\/giai-phap-tro-thinh\/may-tro-thinh\/#primaryimage\"},\"image\":{\"@id\":\"https:\/\/intl.phonak.com\/vi-vn\/giai-phap-tro-thinh\/may-tro-thinh\/#primaryimage\"},\"thumbnailUrl\":\"https:\/\/intl.phonak.com\/vi-vn\/wp-content\/uploads\/sites\/58\/2026\/02\/Banner_Hearing-aids.jpg?w=1024\",\"datePublished\":\"2021-12-02T15:55:10+00:00\",\"dateModified\":\"2026-02-24T13:06:35+00:00\",\"breadcrumb\":{\"@id\":\"https:\/\/intl.phonak.com\/vi-vn\/giai-phap-tro-thinh\/may-tro-thinh\/#breadcrumb\"},\"inLanguage\":\"vi\",\"potentialAction\":[{\"@type\":\"ReadAction\",\"target\":[\"https:\/\/intl.phonak.com\/vi-vn\/giai-phap-tro-thinh\/may-tro-thinh\/\"]}]},{\"@type\":\"ImageObject\",\"inLanguage\":\"vi\",\"@id\":\"https:\/\/intl.phonak.com\/vi-vn\/giai-phap-tro-thinh\/may-tro-thinh\/#primaryimage\",\"url\":\"https:\/\/intl.phonak.com\/vi-vn\/wp-content\/uploads\/sites\/58\/2026\/02\/Banner_Hearing-aids.jpg\",\"contentUrl\":\"https:\/\/intl.phonak.com\/vi-vn\/wp-content\/uploads\/sites\/58\/2026\/02\/Banner_Hearing-aids.jpg\",\"width\":3802,\"height\":860},{\"@type\":\"BreadcrumbList\",\"@id\":\"https:\/\/intl.phonak.com\/vi-vn\/giai-phap-tro-thinh\/may-tro-thinh\/#breadcrumb\",\"itemListElement\":[{\"@type\":\"ListItem\",\"position\":1,\"name\":\"Home\",\"item\":\"https:\/\/intl.phonak.com\/vi-vn\/\"},{\"@type\":\"ListItem\",\"position\":2,\"name\":\"S\u1ea3n ph\u1ea9m\",\"item\":\"https:\/\/intl.phonak.com\/vi-vn\/giai-phap-tro-thinh\/\"},{\"@type\":\"ListItem\",\"position\":3,\"name\":\"M\u00e1y tr\u1ee3 th\u00ednh\"}]},{\"@type\":\"WebSite\",\"@id\":\"https:\/\/intl.phonak.com\/vi-vn\/#website\",\"url\":\"https:\/\/intl.phonak.com\/vi-vn\/\",\"name\":\"Phonak - Vietnam\",\"description\":\"Just another sonova-hearing-solutions.go-vip.net Sites site\",\"potentialAction\":[{\"@type\":\"SearchAction\",\"target\":{\"@type\":\"EntryPoint\",\"urlTemplate\":\"https:\/\/intl.phonak.com\/vi-vn\/?s={search_term_string}\"},\"query-input\":{\"@type\":\"PropertyValueSpecification\",\"valueRequired\":true,\"valueName\":\"search_term_string\"}}],\"inLanguage\":\"vi\"}]}<\/script>\n<!-- \/ Yoast SEO plugin. -->","yoast_head_json":{"title":"M\u00e1y tr\u1ee3 th\u00ednh - Phonak - Vietnam","robots":{"index":"index","follow":"follow","max-snippet":"max-snippet:-1","max-image-preview":"max-image-preview:large","max-video-preview":"max-video-preview:-1"},"canonical":"https:\/\/intl.phonak.com\/main-english\/solutions\/hearing-aids\/","og_locale":"vi_VN","og_type":"article","og_title":"M\u00e1y tr\u1ee3 th\u00ednh - Phonak - Vietnam","og_description":"M\u00e1y tr\u1ee3 th\u00ednh Phonak &#8211; H\u00ecnh th\u1ee9c, m\u00e0u s\u1eafc v\u00e0 ki\u1ec3u d\u00e1ng linh ho\u1ea1t Phonak c\u00f3 m\u00e1y tr\u1ee3 th\u00ednh ph\u00f9...","og_url":"https:\/\/intl.phonak.com\/vi-vn\/giai-phap-tro-thinh\/may-tro-thinh\/","og_site_name":"Phonak - Vietnam","article_modified_time":"2026-02-24T13:06:35+00:00","og_image":[{"width":3802,"height":860,"url":"https:\/\/intl.phonak.com\/vi-vn\/wp-content\/uploads\/sites\/58\/2026\/02\/Banner_Hearing-aids.jpg","type":"image\/jpeg"}],"twitter_card":"summary_large_image","twitter_misc":{"Est. reading time":"1 minute"},"schema":{"@context":"https:\/\/schema.org","@graph":[{"@type":"WebPage","@id":"https:\/\/intl.phonak.com\/vi-vn\/giai-phap-tro-thinh\/may-tro-thinh\/","url":"https:\/\/intl.phonak.com\/vi-vn\/giai-phap-tro-thinh\/may-tro-thinh\/","name":"M\u00e1y tr\u1ee3 th\u00ednh - Phonak - Vietnam","isPartOf":{"@id":"https:\/\/intl.phonak.com\/vi-vn\/#website"},"primaryImageOfPage":{"@id":"https:\/\/intl.phonak.com\/vi-vn\/giai-phap-tro-thinh\/may-tro-thinh\/#primaryimage"},"image":{"@id":"https:\/\/intl.phonak.com\/vi-vn\/giai-phap-tro-thinh\/may-tro-thinh\/#primaryimage"},"thumbnailUrl":"https:\/\/intl.phonak.com\/vi-vn\/wp-content\/uploads\/sites\/58\/2026\/02\/Banner_Hearing-aids.jpg?w=1024","datePublished":"2021-12-02T15:55:10+00:00","dateModified":"2026-02-24T13:06:35+00:00","breadcrumb":{"@id":"https:\/\/intl.phonak.com\/vi-vn\/giai-phap-tro-thinh\/may-tro-thinh\/#breadcrumb"},"inLanguage":"vi","potentialAction":[{"@type":"ReadAction","target":["https:\/\/intl.phonak.com\/vi-vn\/giai-phap-tro-thinh\/may-tro-thinh\/"]}]},{"@type":"ImageObject","inLanguage":"vi","@id":"https:\/\/intl.phonak.com\/vi-vn\/giai-phap-tro-thinh\/may-tro-thinh\/#primaryimage","url":"https:\/\/intl.phonak.com\/vi-vn\/wp-content\/uploads\/sites\/58\/2026\/02\/Banner_Hearing-aids.jpg","contentUrl":"https:\/\/intl.phonak.com\/vi-vn\/wp-content\/uploads\/sites\/58\/2026\/02\/Banner_Hearing-aids.jpg","width":3802,"height":860},{"@type":"BreadcrumbList","@id":"https:\/\/intl.phonak.com\/vi-vn\/giai-phap-tro-thinh\/may-tro-thinh\/#breadcrumb","itemListElement":[{"@type":"ListItem","position":1,"name":"Home","item":"https:\/\/intl.phonak.com\/vi-vn\/"},{"@type":"ListItem","position":2,"name":"S\u1ea3n ph\u1ea9m","item":"https:\/\/intl.phonak.com\/vi-vn\/giai-phap-tro-thinh\/"},{"@type":"ListItem","position":3,"name":"M\u00e1y tr\u1ee3 th\u00ednh"}]},{"@type":"WebSite","@id":"https:\/\/intl.phonak.com\/vi-vn\/#website","url":"https:\/\/intl.phonak.com\/vi-vn\/","name":"Phonak - Vietnam","description":"Just another sonova-hearing-solutions.go-vip.net Sites site","potentialAction":[{"@type":"SearchAction","target":{"@type":"EntryPoint","urlTemplate":"https:\/\/intl.phonak.com\/vi-vn\/?s={search_term_string}"},"query-input":{"@type":"PropertyValueSpecification","valueRequired":true,"valueName":"search_term_string"}}],"inLanguage":"vi"}]}},"jetpack_sharing_enabled":true,"distributor_meta":false,"distributor_terms":false,"distributor_media":false,"distributor_original_site_name":"Phonak - Vietnam","distributor_original_site_url":"https:\/\/intl.phonak.com\/vi-vn","push-errors":false,"_links":{"self":[{"href":"https:\/\/intl.phonak.com\/vi-vn\/wp-json\/wp\/v2\/pages\/291","targetHints":{"allow":["GET"]}}],"collection":[{"href":"https:\/\/intl.phonak.com\/vi-vn\/wp-json\/wp\/v2\/pages"}],"about":[{"href":"https:\/\/intl.phonak.com\/vi-vn\/wp-json\/wp\/v2\/types\/page"}],"author":[{"embeddable":true,"href":"https:\/\/intl.phonak.com\/vi-vn\/wp-json\/wp\/v2\/users\/5"}],"replies":[{"embeddable":true,"href":"https:\/\/intl.phonak.com\/vi-vn\/wp-json\/wp\/v2\/comments?post=291"}],"version-history":[{"count":5,"href":"https:\/\/intl.phonak.com\/vi-vn\/wp-json\/wp\/v2\/pages\/291\/revisions"}],"predecessor-version":[{"id":1109,"href":"https:\/\/intl.phonak.com\/vi-vn\/wp-json\/wp\/v2\/pages\/291\/revisions\/1109"}],"up":[{"embeddable":true,"href":"https:\/\/intl.phonak.com\/vi-vn\/wp-json\/wp\/v2\/pages\/272"}],"wp:attachment":[{"href":"https:\/\/intl.phonak.com\/vi-vn\/wp-json\/wp\/v2\/media?parent=291"}],"curies":[{"name":"wp","href":"https:\/\/api.w.org\/{rel}","templated":true}]}}