{"id":287,"date":"2021-12-06T20:25:14","date_gmt":"2021-12-06T20:25:14","guid":{"rendered":"https:\/\/intl.phonak.com\/vi-vn\/hearing-protection\/"},"modified":"2025-03-14T13:07:08","modified_gmt":"2025-03-14T13:07:08","slug":"bao-ve-thinh-giac","status":"publish","type":"page","link":"https:\/\/intl.phonak.com\/vi-vn\/bao-ve-thinh-giac\/","title":{"rendered":"S\u1ea3n ph\u1ea9m b\u1ea3o v\u1ec7 th\u00ednh gi\u00e1c"},"content":{"rendered":"\n<div class=\"wp-block-cover alignfull is-light\"><span aria-hidden=\"true\" class=\"wp-block-cover__background has-white-background-color has-background-dim\"><\/span><img decoding=\"async\" class=\"wp-block-cover__image-background wp-image-4557\" alt=\"Hearing prorection\" src=\"https:\/\/intl.phonak.com\/vi-vn\/wp-content\/uploads\/sites\/3\/2022\/02\/Banner-Serenity-Choice.jpg\" data-object-fit=\"cover\"\/><div class=\"wp-block-cover__inner-container is-layout-flow wp-block-cover-is-layout-flow\">\n<h1 class=\"wp-block-heading has-text-align-center\" id=\"serenity-choice\">Serenity Choice\u2122<\/h1>\n\n\n\n<h2 class=\"wp-block-heading has-text-align-center\" id=\"high-end-hearing-protection\">S\u1ea3n ph\u1ea9m b\u1ea3o v\u1ec7 th\u00ednh gi\u00e1c cao c\u1ea5p<\/h2>\n<\/div><\/div>\n\n\n\n<div class=\"wp-block-columns is-layout-flex wp-container-core-columns-is-layout-9d6595d7 wp-block-columns-is-layout-flex\">\n<div class=\"wp-block-column is-layout-flow wp-block-column-is-layout-flow\" style=\"flex-basis:100%\">\n<figure class=\"wp-block-jetpack-image-compare\"><div class=\"juxtapose\" data-mode=\"horizontal\"><img loading=\"lazy\" decoding=\"async\" id=\"829\" src=\"https:\/\/intl.phonak.com\/vi-vn\/wp-content\/uploads\/sites\/58\/2025\/03\/Serenity-Choice-generic-slider-VN.jpg\" alt=\"\" width=\"1020\" height=\"197\" class=\"image-compare__image-before\"\/><img loading=\"lazy\" decoding=\"async\" id=\"830\" src=\"https:\/\/intl.phonak.com\/vi-vn\/wp-content\/uploads\/sites\/58\/2025\/03\/Serenity-Choice-plus-slider-VN.jpg\" alt=\"\" width=\"1020\" height=\"197\" class=\"image-compare__image-after\"\/><\/div><\/figure>\n<\/div>\n<\/div>\n\n\n\n<h3 class=\"wp-block-heading has-text-align-left has-blue-color has-text-color\" id=\"cancels-noise-and-loud-sound\">Lo\u1ea1i b\u1ecf ti\u1ebfng \u1ed3n v\u00e0 \u00e2m thanh l\u1edbn<\/h3>\n\n\n\n<p class=\"has-text-align-left\">Phonak Serenity Choice\u2122 lo\u1ea1i b\u1ecf ti\u1ebfng \u1ed3n v\u00e0 \u00e2m thanh l\u1edbn t\u1eeb 9 \u0111\u1ebfn 16 NRR (Noise Reduction Rating US) ho\u1eb7c 16 \u0111\u1ebfn 24 SNR (Single Number Rating EU)*<\/p>\n\n\n\n<h3 class=\"wp-block-heading has-blue-color has-text-color\" id=\"keeps-relevant-sound-and-speech\">V\u1eabn nghe \u0111\u01b0\u1ee3c nh\u1eefng \u00e2m thanh v\u00e0 gi\u1ecdng n\u00f3i c\u1ea7n thi\u1ebft<\/h3>\n\n\n\n<p>Phonak Serenity Choice\u2122 gi\u1eef l\u1ea1i \u00e2m thanh v\u00e0 l\u1eddi n\u00f3i c\u00f3 li\u00ean quan gi\u00fap b\u1ea1n nh\u1eadn th\u1ee9c t\u00ecnh hu\u1ed1ng v\u00e0 giao ti\u1ebfp<\/p>\n\n\n\n<h3 class=\"wp-block-heading has-blue-color has-text-color\" id=\"lets-the-ear-breathe\">Cho \u0111\u00f4i tai t\u1ef1 do h\u00edt th\u1edf<\/h3>\n\n\n\n<p>Phonak&nbsp; Serenity Choice\u2122 gi\u00fap &nbsp; tai th\u00f4ng tho\u00e1ng b\u1eb1ng c\u00e1ch th\u00f4ng gi\u00f3 cho tai&nbsp; \u0111\u1ec3 ng\u0103n ch\u1eb7n s\u1ef1 t\u00edch t\u1ee5 \u0111\u1ed9 \u1ea9m d\u01b0 th\u1eeba<\/p>\n\n\n\n<div style=\"height:47px\" aria-hidden=\"true\" class=\"wp-block-spacer\"><\/div>\n\n\n\n<div\n\tclass=\"wp-block-phonak-products is-forntend alignwide\"\n\tdata-attributes=\"{&quot;categories&quot;:&quot;15&quot;,&quot;align&quot;:&quot;wide&quot;,&quot;perPage&quot;:10,&quot;showPagination&quot;:true,&quot;showFilter&quot;:true,&quot;enabledFilters&quot;:[&quot;platforms&quot;,&quot;categories&quot;,&quot;productTypes&quot;],&quot;defaultPlatforms&quot;:[],&quot;defaultCategories&quot;:[],&quot;defaultProductTypes&quot;:[]}\"\n\tdata-locale=\"vi\">\n<\/div>\n\n\n\n<div class=\"wp-block-media-text is-stacked-on-mobile cta-block\" style=\"grid-template-columns:35% auto\"><figure class=\"wp-block-media-text__media\"><img decoding=\"async\" src=\"https:\/\/intl.phonak.com\/main-english\/wp-content\/uploads\/sites\/3\/2021\/11\/cta-image.jpg?w=401\" alt=\"\" class=\"wp-image-6738 size-full\"\/><\/figure><div class=\"wp-block-media-text__content\">\n<div class=\"wp-block-create-block-icon-selector\"><i class=\"fal fa-map-marker-alt\"><\/i><\/div>   \n<h3 class=\"wp-block-heading\">Chuy\u00ean gia th\u00ednh gi\u00e1c lu\u00f4n b\u00ean b\u1ea1n<\/h3>   <p>C\u00e1c chuy\u00ean gia ch\u0103m s\u00f3c th\u00ednh gi\u00e1c c\u00f3 th\u1ec3 gi\u00fap b\u1ea1n \u0111\u01b0a ra l\u1ef1a ch\u1ecdn ho\u00e0n h\u1ea3o cho m\u00ecnh. H\u1ecd s\u1ebd xem x\u00e9t nhu c\u1ea7u th\u00ednh l\u1ef1c, ng\u00e2n s\u00e1ch, l\u1ed1i s\u1ed1ng v\u00e0 s\u1edf th\u00edch c\u00e1 nh\u00e2n c\u1ee7a b\u1ea1n. <\/p>   <div class=\"wp-block-buttons is-layout-flex wp-block-buttons-is-layout-flex\">\n<div class=\"wp-block-button is-style-marker-green\"><a class=\"wp-block-button__link wp-element-button\" href=\"https:\/\/intl.phonak.com\/vi-vn\/find-an-expert\/\">T\u00ecm chuy\u00ean gia<\/a><\/div>\n<\/div>\n<\/div><\/div> ","protected":false},"excerpt":{"rendered":"<p>Lo\u1ea1i b\u1ecf ti\u1ebfng \u1ed3n v\u00e0 \u00e2m thanh l\u1edbn Phonak Serenity Choice\u2122 lo\u1ea1i b\u1ecf ti\u1ebfng \u1ed3n v\u00e0 \u00e2m thanh l\u1edbn t\u1eeb&#8230;<\/p>\n","protected":false},"author":5,"featured_media":0,"parent":0,"menu_order":0,"comment_status":"closed","ping_status":"closed","template":"","meta":{"_acf_changed":false,"inline_featured_image":false,"footnotes":""},"class_list":["post-287","page","type-page","status-publish","hentry"],"acf":[],"yoast_head":"<!-- This site is optimized with the Yoast SEO plugin v26.9 - https:\/\/yoast.com\/product\/yoast-seo-wordpress\/ -->\n<title>S\u1ea3n ph\u1ea9m b\u1ea3o v\u1ec7 th\u00ednh gi\u00e1c - Phonak - Vietnam<\/title>\n<meta name=\"robots\" content=\"index, follow, max-snippet:-1, max-image-preview:large, max-video-preview:-1\" \/>\n<link rel=\"canonical\" href=\"https:\/\/intl.phonak.com\/main-english\/hearing-protection\/\" \/>\n<meta property=\"og:locale\" content=\"vi_VN\" \/>\n<meta property=\"og:type\" content=\"article\" \/>\n<meta property=\"og:title\" content=\"S\u1ea3n ph\u1ea9m b\u1ea3o v\u1ec7 th\u00ednh gi\u00e1c - Phonak - Vietnam\" \/>\n<meta property=\"og:description\" content=\"Lo\u1ea1i b\u1ecf ti\u1ebfng \u1ed3n v\u00e0 \u00e2m thanh l\u1edbn Phonak Serenity Choice\u2122 lo\u1ea1i b\u1ecf ti\u1ebfng \u1ed3n v\u00e0 \u00e2m thanh l\u1edbn t\u1eeb...\" \/>\n<meta property=\"og:url\" content=\"https:\/\/intl.phonak.com\/vi-vn\/bao-ve-thinh-giac\/\" \/>\n<meta property=\"og:site_name\" content=\"Phonak - Vietnam\" \/>\n<meta property=\"article:modified_time\" content=\"2025-03-14T13:07:08+00:00\" \/>\n<meta name=\"twitter:card\" content=\"summary_large_image\" \/>\n<meta name=\"twitter:label1\" content=\"Est. reading time\" \/>\n\t<meta name=\"twitter:data1\" content=\"3 minutes\" \/>\n<script type=\"application\/ld+json\" class=\"yoast-schema-graph\">{\"@context\":\"https:\/\/schema.org\",\"@graph\":[{\"@type\":\"WebPage\",\"@id\":\"https:\/\/intl.phonak.com\/vi-vn\/bao-ve-thinh-giac\/\",\"url\":\"https:\/\/intl.phonak.com\/vi-vn\/bao-ve-thinh-giac\/\",\"name\":\"S\u1ea3n ph\u1ea9m b\u1ea3o v\u1ec7 th\u00ednh gi\u00e1c - Phonak - Vietnam\",\"isPartOf\":{\"@id\":\"https:\/\/intl.phonak.com\/vi-vn\/#website\"},\"primaryImageOfPage\":{\"@id\":\"https:\/\/intl.phonak.com\/vi-vn\/bao-ve-thinh-giac\/#primaryimage\"},\"image\":{\"@id\":\"https:\/\/intl.phonak.com\/vi-vn\/bao-ve-thinh-giac\/#primaryimage\"},\"thumbnailUrl\":\"https:\/\/intl.phonak.com\/vi-vn\/wp-content\/uploads\/sites\/3\/2022\/02\/Banner-Serenity-Choice.jpg\",\"datePublished\":\"2021-12-06T20:25:14+00:00\",\"dateModified\":\"2025-03-14T13:07:08+00:00\",\"breadcrumb\":{\"@id\":\"https:\/\/intl.phonak.com\/vi-vn\/bao-ve-thinh-giac\/#breadcrumb\"},\"inLanguage\":\"vi\",\"potentialAction\":[{\"@type\":\"ReadAction\",\"target\":[\"https:\/\/intl.phonak.com\/vi-vn\/bao-ve-thinh-giac\/\"]}]},{\"@type\":\"ImageObject\",\"inLanguage\":\"vi\",\"@id\":\"https:\/\/intl.phonak.com\/vi-vn\/bao-ve-thinh-giac\/#primaryimage\",\"url\":\"\",\"contentUrl\":\"\"},{\"@type\":\"BreadcrumbList\",\"@id\":\"https:\/\/intl.phonak.com\/vi-vn\/bao-ve-thinh-giac\/#breadcrumb\",\"itemListElement\":[{\"@type\":\"ListItem\",\"position\":1,\"name\":\"Home\",\"item\":\"https:\/\/intl.phonak.com\/vi-vn\/\"},{\"@type\":\"ListItem\",\"position\":2,\"name\":\"S\u1ea3n ph\u1ea9m b\u1ea3o v\u1ec7 th\u00ednh gi\u00e1c\"}]},{\"@type\":\"WebSite\",\"@id\":\"https:\/\/intl.phonak.com\/vi-vn\/#website\",\"url\":\"https:\/\/intl.phonak.com\/vi-vn\/\",\"name\":\"Phonak - Vietnam\",\"description\":\"Just another sonova-hearing-solutions.go-vip.net Sites site\",\"potentialAction\":[{\"@type\":\"SearchAction\",\"target\":{\"@type\":\"EntryPoint\",\"urlTemplate\":\"https:\/\/intl.phonak.com\/vi-vn\/?s={search_term_string}\"},\"query-input\":{\"@type\":\"PropertyValueSpecification\",\"valueRequired\":true,\"valueName\":\"search_term_string\"}}],\"inLanguage\":\"vi\"}]}<\/script>\n<!-- \/ Yoast SEO plugin. -->","yoast_head_json":{"title":"S\u1ea3n ph\u1ea9m b\u1ea3o v\u1ec7 th\u00ednh gi\u00e1c - Phonak - Vietnam","robots":{"index":"index","follow":"follow","max-snippet":"max-snippet:-1","max-image-preview":"max-image-preview:large","max-video-preview":"max-video-preview:-1"},"canonical":"https:\/\/intl.phonak.com\/main-english\/hearing-protection\/","og_locale":"vi_VN","og_type":"article","og_title":"S\u1ea3n ph\u1ea9m b\u1ea3o v\u1ec7 th\u00ednh gi\u00e1c - Phonak - Vietnam","og_description":"Lo\u1ea1i b\u1ecf ti\u1ebfng \u1ed3n v\u00e0 \u00e2m thanh l\u1edbn Phonak Serenity Choice\u2122 lo\u1ea1i b\u1ecf ti\u1ebfng \u1ed3n v\u00e0 \u00e2m thanh l\u1edbn t\u1eeb...","og_url":"https:\/\/intl.phonak.com\/vi-vn\/bao-ve-thinh-giac\/","og_site_name":"Phonak - Vietnam","article_modified_time":"2025-03-14T13:07:08+00:00","twitter_card":"summary_large_image","twitter_misc":{"Est. reading time":"3 minutes"},"schema":{"@context":"https:\/\/schema.org","@graph":[{"@type":"WebPage","@id":"https:\/\/intl.phonak.com\/vi-vn\/bao-ve-thinh-giac\/","url":"https:\/\/intl.phonak.com\/vi-vn\/bao-ve-thinh-giac\/","name":"S\u1ea3n ph\u1ea9m b\u1ea3o v\u1ec7 th\u00ednh gi\u00e1c - Phonak - Vietnam","isPartOf":{"@id":"https:\/\/intl.phonak.com\/vi-vn\/#website"},"primaryImageOfPage":{"@id":"https:\/\/intl.phonak.com\/vi-vn\/bao-ve-thinh-giac\/#primaryimage"},"image":{"@id":"https:\/\/intl.phonak.com\/vi-vn\/bao-ve-thinh-giac\/#primaryimage"},"thumbnailUrl":"https:\/\/intl.phonak.com\/vi-vn\/wp-content\/uploads\/sites\/3\/2022\/02\/Banner-Serenity-Choice.jpg","datePublished":"2021-12-06T20:25:14+00:00","dateModified":"2025-03-14T13:07:08+00:00","breadcrumb":{"@id":"https:\/\/intl.phonak.com\/vi-vn\/bao-ve-thinh-giac\/#breadcrumb"},"inLanguage":"vi","potentialAction":[{"@type":"ReadAction","target":["https:\/\/intl.phonak.com\/vi-vn\/bao-ve-thinh-giac\/"]}]},{"@type":"ImageObject","inLanguage":"vi","@id":"https:\/\/intl.phonak.com\/vi-vn\/bao-ve-thinh-giac\/#primaryimage","url":"","contentUrl":""},{"@type":"BreadcrumbList","@id":"https:\/\/intl.phonak.com\/vi-vn\/bao-ve-thinh-giac\/#breadcrumb","itemListElement":[{"@type":"ListItem","position":1,"name":"Home","item":"https:\/\/intl.phonak.com\/vi-vn\/"},{"@type":"ListItem","position":2,"name":"S\u1ea3n ph\u1ea9m b\u1ea3o v\u1ec7 th\u00ednh gi\u00e1c"}]},{"@type":"WebSite","@id":"https:\/\/intl.phonak.com\/vi-vn\/#website","url":"https:\/\/intl.phonak.com\/vi-vn\/","name":"Phonak - Vietnam","description":"Just another sonova-hearing-solutions.go-vip.net Sites site","potentialAction":[{"@type":"SearchAction","target":{"@type":"EntryPoint","urlTemplate":"https:\/\/intl.phonak.com\/vi-vn\/?s={search_term_string}"},"query-input":{"@type":"PropertyValueSpecification","valueRequired":true,"valueName":"search_term_string"}}],"inLanguage":"vi"}]}},"jetpack_sharing_enabled":true,"distributor_meta":false,"distributor_terms":false,"distributor_media":false,"distributor_original_site_name":"Phonak - Vietnam","distributor_original_site_url":"https:\/\/intl.phonak.com\/vi-vn","push-errors":false,"_links":{"self":[{"href":"https:\/\/intl.phonak.com\/vi-vn\/wp-json\/wp\/v2\/pages\/287","targetHints":{"allow":["GET"]}}],"collection":[{"href":"https:\/\/intl.phonak.com\/vi-vn\/wp-json\/wp\/v2\/pages"}],"about":[{"href":"https:\/\/intl.phonak.com\/vi-vn\/wp-json\/wp\/v2\/types\/page"}],"author":[{"embeddable":true,"href":"https:\/\/intl.phonak.com\/vi-vn\/wp-json\/wp\/v2\/users\/5"}],"replies":[{"embeddable":true,"href":"https:\/\/intl.phonak.com\/vi-vn\/wp-json\/wp\/v2\/comments?post=287"}],"version-history":[{"count":9,"href":"https:\/\/intl.phonak.com\/vi-vn\/wp-json\/wp\/v2\/pages\/287\/revisions"}],"predecessor-version":[{"id":832,"href":"https:\/\/intl.phonak.com\/vi-vn\/wp-json\/wp\/v2\/pages\/287\/revisions\/832"}],"wp:attachment":[{"href":"https:\/\/intl.phonak.com\/vi-vn\/wp-json\/wp\/v2\/media?parent=287"}],"curies":[{"name":"wp","href":"https:\/\/api.w.org\/{rel}","templated":true}]}}