{"id":284,"date":"2022-02-10T17:50:56","date_gmt":"2022-02-10T17:50:56","guid":{"rendered":"https:\/\/intl.phonak.com\/vi-vn\/hearing-screener\/"},"modified":"2025-03-14T13:30:45","modified_gmt":"2025-03-14T13:30:45","slug":"kiem-tra-thinh-luc","status":"publish","type":"page","link":"https:\/\/intl.phonak.com\/vi-vn\/kiem-tra-thinh-luc\/","title":{"rendered":"Ki\u1ec3m tra th\u00ednh l\u1ef1c tr\u1ef1c tuy\u1ebfn"},"content":{"rendered":"\n<div style=\"height:64px\" aria-hidden=\"true\" class=\"wp-block-spacer\"><\/div>\n\n\n\n<figure class=\"wp-block-image aligncenter size-large\"><img decoding=\"async\" src=\"https:\/\/intl.phonak.com\/vi-vn\/wp-content\/uploads\/sites\/3\/2022\/02\/eScreener.jpg?w=550\" alt=\"Hearing screener\" class=\"wp-image-4464\"\/><\/figure>\n\n\n\n<div class=\"wp-block-group is-style-align-small is-layout-flow wp-block-group-is-layout-flow\" style=\"padding-top:0px\">\n<div style=\"height:28px\" aria-hidden=\"true\" class=\"wp-block-spacer\"><\/div>\n\n\n\n<h2 class=\"wp-block-heading has-text-align-center\" id=\"take-our-five-minute-online-hearing-test\">L\u00e0m b\u00e0i ki\u1ec3m tra th\u00ednh l\u1ef1c tr\u1ef1c tuy\u1ebfn 5 c\u1ee7a ch\u00fang t\u00f4i<\/h2>\n\n\n\n<div class=\"wp-block-buttons is-layout-flex wp-block-buttons-is-layout-flex\">\n<div class=\"wp-block-button aligncenter\"><a class=\"wp-block-button__link wp-element-button\" href=\"https:\/\/hearing-screener.beyondhearing.org\/phonakvietnam\/Yj6X3E\" target=\"_blank\" rel=\"noreferrer noopener\">Ki\u1ec3m tra th\u00ednh l\u1ef1c c\u1ee7a b\u1ea1n<\/a><\/div>\n<\/div>\n\n\n\n<div style=\"height:62px\" aria-hidden=\"true\" class=\"wp-block-spacer\"><\/div>\n\n\n\n<p class=\"has-text-align-center\">\u0110\u00f4i khi ch\u00fang ta kh\u00f4ng nh\u1eadn ra m\u00ecnh b\u1ecb m\u1ea5t th\u00ednh l\u1ef1c cho \u0111\u1ebfn khi n\u00f3 b\u1eaft \u0111\u1ea7u \u1ea3nh h\u01b0\u1edfng \u0111\u1ebfn l\u1ed1i s\u1ed1ng c\u1ee7a m\u00ecnh. Ch\u1eadt v\u1eadt \u0111\u1ec3 l\u1eafng nghe l\u1eddi n\u00f3i t\u1eeb \u0111\u1ed3ng nghi\u1ec7p, b\u1ea1n b\u00e8 hay gia \u0111\u00ecnh, ho\u1eb7c khi b\u1ea1n b\u1ecf l\u1ee1 m\u1ed9t \u00e2m thanh, b\u1ea1n c\u1ea3m th\u1ea5y m\u00ecnh \u0111\u00e3 b\u1ecf l\u1ee1 to\u00e0n b\u1ed9 c\u00e2u chuy\u1ec7n.<\/p>\n\n\n\n<p class=\"has-text-align-center\">Ho\u00e0n th\u00e0nh b\u00e0i ki\u1ec3m tra th\u00ednh l\u1ef1c tr\u1ef1c tuy\u1ebfn Phonak m\u1ed9t c\u00e1ch tho\u1ea3i m\u00e1i t\u1ea1i nh\u00e0 ri\u00eang c\u1ee7a b\u1ea1n. Sau \u0111\u00f3, chuy\u00ean gia ch\u0103m s\u00f3c th\u00ednh gi\u00e1c s\u1ebd th\u1ea3o lu\u1eadn v\u1ec1 nh\u1eefng k\u1ebft qu\u1ea3 n\u00e0y v\u1edbi b\u1ea1n v\u00e0 t\u01b0 v\u1ea5n cho b\u1ea1n m\u00e1y tr\u1ee3 th\u00ednh ph\u00f9 h\u1ee3p. C\u00e1c cu\u1ed9c h\u1eb9n ti\u1ebfp theo, bao g\u1ed3m \u0111\u00e1nh gi\u00e1 ch\u1ea9n \u0111o\u00e1n \u0111\u1ea7y \u0111\u1ee7, \u0111eo th\u1eed v\u00e0 \u0111i\u1ec1u ch\u1ec9nh m\u00e1y tr\u1ee3 th\u00ednh, c\u00f3 th\u1ec3 \u0111\u01b0\u1ee3c ti\u1ebfn h\u00e0nh t\u1ea1i v\u0103n ph\u00f2ng c\u1ee7a chuy\u00ean gia ch\u0103m s\u00f3c th\u00ednh gi\u00e1c. V\u1edbi s\u1ef1 thay th\u1ebf c\u1ee7a k\u1ef9 thu\u1eadt s\u1ed1 cho c\u00e1c cu\u1ed9c th\u0103m kh\u00e1m tr\u1ef1c ti\u1ebfp, b\u1ea1n c\u00f3 th\u1ec3 ti\u1ebfp c\u1eadn m\u1ecdi d\u1ecbch v\u1ee5 ch\u0103m s\u00f3c th\u00ednh gi\u00e1c ph\u00f9 h\u1ee3p v\u1edbi nhu c\u1ea7u c\u00e1 nh\u00e2n c\u1ee7a m\u00ecnh v\u1edbi s\u1ef1 h\u1ed7 tr\u1ee3 chuy\u00ean m\u00f4n v\u00e0 t\u1eadn t\u00ecnh.<\/p>\n\n\n\n<p class=\"has-text-align-center\">N\u1ebfu b\u1ea1n mu\u1ed1n l\u00e0m b\u00e0i ki\u1ec3m tra th\u00ednh l\u1ef1c tr\u1ef1c ti\u1ebfp v\u1edbi chuy\u00ean gia, vui l\u00f2ng <a href=\"https:\/\/intl.phonak.com\/vi-vn\/tim-chuyen-gia\/\">T\u00ecm m\u1ed9t chuy\u00ean gia ch\u0103m<\/a> s\u00f3c th\u00ednh gi\u00e1c g\u1ea7n b\u1ea1n.<\/p>\n<\/div>\n\n\n\n<div class=\"wp-block-group alignfull has-light-grey-background-color has-background is-layout-flow wp-block-group-is-layout-flow\">\n<h3 class=\"wp-block-heading has-text-align-center has-blue-color has-text-color\" id=\"how-to-get-the-most-out-of-this-test\">L\u00e0m th\u1ebf n\u00e0o \u0111\u1ec3 t\u1eadn d\u1ee5ng t\u1ed1i \u0111a b\u00e0i ki\u1ec3m tra n\u00e0y<\/h3>\n\n\n\n<div class=\"wp-block-group is-style-align-small is-layout-flow wp-block-group-is-layout-flow\"><div class=\"wp-list-block\">\n<ul class=\"wp-block-list\">\n<li>\u0110\u1ea3m b\u1ea3o r\u1eb1ng b\u1ea1n \u0111ang \u1edf trong m\u1ed9t khu v\u1ef1c y\u00ean t\u0129nh tr\u01b0\u1edbc khi b\u1eaft \u0111\u1ea7u ki\u1ec3m tra th\u00ednh l\u1ef1c<\/li>\n\n\n\n<li>S\u1eed d\u1ee5ng Tai nghe thay v\u00ec loa t\u00edch h\u1ee3p v\u00e0 \u0111\u1eb7t \u00e2m l\u01b0\u1ee3ng thi\u1ebft b\u1ecb c\u1ee7a b\u1ea1n th\u00e0nh 50%<\/li>\n<\/ul>\n<\/div><\/div>\n<\/div>\n\n\n\n<div style=\"height:47px\" aria-hidden=\"true\" class=\"wp-block-spacer\"><\/div>\n\n\n\n<h3 class=\"wp-block-heading has-text-align-center has-blue-color has-text-color\" id=\"how-the-online-hearing-test-works\">C\u00e1ch ho\u1ea1t \u0111\u1ed9ng c\u1ee7a b\u00e0i ki\u1ec3m tra th\u00ednh l\u1ef1c tr\u1ef1c tuy\u1ebfn<\/h3>\n\n\n\n<div class=\"wp-block-media-text alignwide is-stacked-on-mobile\"><figure class=\"wp-block-media-text__media\"><img decoding=\"async\" src=\"https:\/\/intl.phonak.com\/vi-vn\/wp-content\/uploads\/sites\/3\/2022\/02\/Screener.jpg?w=550\" alt=\"Hearing screener\" class=\"wp-image-4525 size-full\"\/><\/figure><div class=\"wp-block-media-text__content\"><div class=\"wp-list-block\">\n<ul class=\"wp-block-list\">\n<li>Ph\u1ea7n \u0111\u1ea7u ti\u00ean c\u1ee7a b\u00e0i ki\u1ec3m tra x\u00e1c \u0111\u1ecbnh m\u1ee9c \u0111\u1ed9 b\u1ea1n c\u00f3 th\u1ec3 nghe \u1edf c\u00e1c m\u1ee9c t\u1ea7n s\u1ed1 kh\u00e1c nhau. B\u1ea1n s\u1ebd nghe th\u1ea5y m\u1ed9t s\u1ed1 \u00e2m \u1edf c\u00e1c cao \u0111\u1ed9 kh\u00e1c nhau v\u00e0 \u0111\u01b0\u1ee3c y\u00eau c\u1ea7u \u0111i\u1ec1u ch\u1ec9nh \u00e2m l\u01b0\u1ee3ng cho \u0111\u1ebfn khi b\u1ea1n c\u00f3 th\u1ec3 nghe th\u1ea5y \u00e2m thanh<\/li>\n\n\n\n<li>Trong ph\u1ea7n th\u1ee9 hai c\u1ee7a b\u00e0i ki\u1ec3m tra, ch\u00fang t\u00f4i s\u1ebd h\u1ecfi b\u1ea1n m\u1ed9t s\u1ed1 c\u00e2u h\u1ecfi v\u1ec1 kh\u1ea3 n\u0103ng nghe c\u1ee7a b\u1ea1n trong c\u00e1c t\u00ecnh hu\u1ed1ng nghe \u0111\u1ea7y th\u1eed th\u00e1ch<\/li>\n\n\n\n<li>Sau \u0111\u00f3, b\u1ea1n s\u1ebd \u0111\u01b0\u1ee3c xem k\u1ebft qu\u1ea3 ki\u1ec3m tra th\u00ednh l\u1ef1c c\u1ee7a m\u00ecnh v\u00e0 h\u01b0\u1edbng d\u1eabn v\u1ec1 nh\u1eefng vi\u1ec7c c\u1ea7n l\u00e0m ti\u1ebfp theo n\u1ebfu ch\u00fang t\u00f4i ph\u00e1t hi\u1ec7n c\u00e1c d\u1ea5u hi\u1ec7u m\u1ea5t th\u00ednh l\u1ef1c<\/li>\n<\/ul>\n<\/div><\/div><\/div>\n\n\n\n<div class=\"wp-block-group alignfull is-style-default has-light-grey-background-color has-background is-layout-flow wp-block-group-is-layout-flow\">\n<div class=\"wp-block-group is-style-align-small is-layout-flow wp-block-group-is-layout-flow\">\n<h3 class=\"wp-block-heading has-blue-color has-text-color\" id=\"what-to-expect-at-your-first-appointment-1\">\u0110i\u1ec1u g\u00ec s\u1ebd x\u1ea3y ra v\u00e0o bu\u1ed5i t\u01b0 v\u1ea5n \u0111\u1ea7u ti\u00ean<\/h3>\n<\/div>\n\n\n\n<p class=\"has-text-align-center\">Ch\u00fang t\u00f4i quan t\u00e2m \u0111\u1ebfn th\u00ednh gi\u00e1c c\u1ee7a b\u1ea1n v\u00e0 c\u00e1c v\u1ea5n \u0111\u1ec1 m\u00e0 m\u1ea5t th\u00ednh l\u1ef1c c\u00f3 th\u1ec3 g\u00e2y ra trong cu\u1ed9c s\u1ed1ng c\u1ee7a b\u1ea1n. Ch\u00fang t\u00f4i \u1edf \u0111\u00e2y \u0111\u1ec3 gi\u00fap \u0111\u1ee1. M\u1ea5t th\u00ednh l\u1ef1c l\u00e0 t\u1ef1 nhi\u00ean v\u00e0 kh\u00f4ng c\u00f3 g\u00ec ph\u1ea3i lo s\u1ee3. V\u1edbi gi\u1ea3i ph\u00e1p hi\u1ec7n \u0111\u1ea1i t\u1eeb Phonak, ch\u00fang t\u00f4i c\u00f3 th\u1ec3 gi\u00fap b\u1ea1n nghe t\u1ed1t h\u01a1n.<\/p>\n\n\n\n<p class=\"has-text-align-center\"><\/p>\n<\/div>\n\n\n\n<div style=\"height:52px\" aria-hidden=\"true\" class=\"wp-block-spacer\"><\/div>\n\n\n\n<h3 class=\"wp-block-heading has-text-align-center has-blue-color has-text-color\" id=\"i-have-a-hearing-loss-what-comes-next\">T\u00f4i b\u1ecb m\u1ea5t th\u00ednh l\u1ef1c, \u0111i\u1ec1u g\u00ec s\u1ebd x\u1ea3y ra ti\u1ebfp theo?<\/h3>\n\n\n\n<div style=\"height:37px\" aria-hidden=\"true\" class=\"wp-block-spacer\"><\/div>\n\n\n\n<div class=\"wp-block-columns is-layout-flex wp-container-core-columns-is-layout-9d6595d7 wp-block-columns-is-layout-flex\">\n<div class=\"wp-block-column is-layout-flow wp-block-column-is-layout-flow\">\n<h4 class=\"wp-block-heading\">1) B\u1ea1n n\u00f3i, ch\u00fang t\u00f4i l\u1eafng nghe<\/h4>\n\n\n\n<p>H\u00e0nh tr\u00ecnh c\u1ee7a b\u1ea1n b\u1eaft \u0111\u1ea7u b\u1eb1ng vi\u1ec7c \u0111\u1ebfn g\u1eb7p chuy\u00ean gia ch\u0103m s\u00f3c th\u00ednh gi\u00e1c; h\u1ecd \u1edf \u0111\u00f3 \u0111\u1ec3 h\u01b0\u1edbng d\u1eabn b\u1ea1n \u0111\u01b0a ra l\u1ef1a ch\u1ecdn ch\u00ednh x\u00e1c. B\u1ea1n n\u00f3i v\u1ec1 th\u00ednh gi\u00e1c c\u1ee7a b\u1ea1n, n\u00f3 \u0111\u00e3 thay \u0111\u1ed5i nh\u01b0 th\u1ebf n\u00e0o, nh\u1eefng th\u00e1ch th\u1ee9c b\u1ea1n \u0111ang ph\u1ea3i \u0111\u1ed1i m\u1eb7t v\u00e0 ch\u00fang t\u00f4i l\u1eafng nghe.<\/p>\n<\/div>\n\n\n\n<div class=\"wp-block-column is-layout-flow wp-block-column-is-layout-flow\">\n<h4 class=\"wp-block-heading\">2) Ki\u1ec3m tra th\u00ednh l\u1ef1c<\/h4>\n\n\n\n<p>Sau khi b\u1ea1n chia s\u1ebb tr\u1ea3i nghi\u1ec7m c\u1ee7a m\u00ecnh, ch\u00fang t\u00f4i s\u1ebd ki\u1ec3m tra xem b\u1ea1n \u0111ang nghe \u0111\u01b0\u1ee3c g\u00ec. Ki\u1ec3m tra th\u00ednh l\u1ef1c d\u1ec5 d\u00e0ng, ch\u1ec9 c\u1ea7n ng\u1ed3i xu\u1ed1ng v\u00e0 l\u1eafng nghe. Sau khi ho\u00e0n th\u00e0nh, ch\u00fang t\u00f4i l\u1ea5y nh\u1eefng k\u1ebft qu\u1ea3 \u0111\u00f3, k\u1ebft h\u1ee3p v\u1edbi c\u00e1c chia s\u1ebb c\u1ee7a b\u1ea1n \u0111\u1ec3 \u0111\u1ea3m b\u1ea3o d\u1eef li\u1ec7u c\u1ee7a ch\u00fang t\u00f4i ph\u00f9 h\u1ee3p v\u1edbi tr\u1ea3i nghi\u1ec7m c\u1ee7a b\u1ea1n v\u00e0 \u0111\u01b0a ra c\u00e1c \u0111\u1ec1 xu\u1ea5t t\u1ed1t nh\u1ea5t.<\/p>\n<\/div>\n\n\n\n<div class=\"wp-block-column is-layout-flow wp-block-column-is-layout-flow\">\n<h4 class=\"wp-block-heading\">3) B\u1ea0N quy\u1ebft \u0111\u1ecbnh<\/h4>\n\n\n\n<p>Ch\u00fang t\u00f4i s\u1eafp x\u1ebfp c\u00e1c k\u1ebft qu\u1ea3 v\u00e0 \u0111\u01b0a ra c\u00e1c khuy\u1ebfn ngh\u1ecb d\u1ef1a tr\u00ean nh\u1eefng g\u00ec b\u1ea1n \u0111\u00e3 chia s\u1ebb v\u1edbi ch\u00fang t\u00f4i. Cu\u1ed1i c\u00f9ng, B\u1ea0N c\u00f3 th\u1ec3 \u0111\u01b0a ra quy\u1ebft \u0111\u1ecbnh v\u1ec1 l\u1ef1a ch\u1ecdn n\u00e0o ph\u00f9 h\u1ee3p nh\u1ea5t v\u1edbi cu\u1ed9c s\u1ed1ng c\u1ee7a b\u1ea1n. Nh\u1eefng th\u1ee9 nh\u01b0 gia \u0111\u00ecnh, c\u00f4ng vi\u1ec7c v\u00e0 cu\u1ed9c s\u1ed1ng x\u00e3 h\u1ed9i l\u00e0 t\u1ea5t c\u1ea3 nh\u1eefng \u0111i\u1ec1u b\u1ea1n n\u00ean t\u00ednh \u0111\u1ebfn tr\u01b0\u1edbc khi quy\u1ebft \u0111\u1ecbnh, \u0111\u1ea3m b\u1ea3o gi\u1ea3i ph\u00e1p b\u1ea1n ch\u1ecdn ph\u00f9 h\u1ee3p v\u1edbi m\u1ecdi kh\u00eda c\u1ea1nh c\u1ee7a cu\u1ed9c s\u1ed1ng.<\/p>\n<\/div>\n<\/div>\n\n\n\n<div style=\"height:50px\" aria-hidden=\"true\" class=\"wp-block-spacer\"><\/div>\n\n\n\n<div class=\"wp-block-media-text is-stacked-on-mobile cta-block\" style=\"grid-template-columns:35% auto\"><figure class=\"wp-block-media-text__media\"><img decoding=\"async\" src=\"https:\/\/intl.phonak.com\/main-english\/wp-content\/uploads\/sites\/3\/2021\/11\/cta-image.jpg?w=401\" alt=\"\" class=\"wp-image-6738 size-full\"\/><\/figure><div class=\"wp-block-media-text__content\">\n<div class=\"wp-block-create-block-icon-selector\"><i class=\"fal fa-map-marker-alt\"><\/i><\/div>   \n<h3 class=\"wp-block-heading\">Chuy\u00ean gia th\u00ednh gi\u00e1c lu\u00f4n b\u00ean b\u1ea1n<\/h3>   <p>C\u00e1c chuy\u00ean gia ch\u0103m s\u00f3c th\u00ednh gi\u00e1c c\u00f3 th\u1ec3 gi\u00fap b\u1ea1n \u0111\u01b0a ra l\u1ef1a ch\u1ecdn ho\u00e0n h\u1ea3o cho m\u00ecnh. H\u1ecd s\u1ebd xem x\u00e9t nhu c\u1ea7u th\u00ednh l\u1ef1c, ng\u00e2n s\u00e1ch, l\u1ed1i s\u1ed1ng v\u00e0 s\u1edf th\u00edch c\u00e1 nh\u00e2n c\u1ee7a b\u1ea1n. <\/p>   <div class=\"wp-block-buttons is-layout-flex wp-block-buttons-is-layout-flex\">\n<div class=\"wp-block-button is-style-marker-green\"><a class=\"wp-block-button__link wp-element-button\" href=\"https:\/\/intl.phonak.com\/vi-vn\/find-an-expert\/\">T\u00ecm chuy\u00ean gia<\/a><\/div>\n<\/div>\n<\/div><\/div> ","protected":false},"excerpt":{"rendered":"<p>L\u00e0m b\u00e0i ki\u1ec3m tra th\u00ednh l\u1ef1c tr\u1ef1c tuy\u1ebfn c\u1ee7a ch\u00fang t\u00f4i \u0110\u00f4i khi ch\u00fang ta kh\u00f4ng nh\u1eadn ra m\u00ecnh b\u1ecb&#8230;<\/p>\n","protected":false},"author":14,"featured_media":0,"parent":0,"menu_order":0,"comment_status":"closed","ping_status":"closed","template":"","meta":{"_acf_changed":false,"inline_featured_image":false,"footnotes":""},"class_list":["post-284","page","type-page","status-publish","hentry"],"acf":[],"yoast_head":"<!-- This site is optimized with the Yoast SEO plugin v26.9 - https:\/\/yoast.com\/product\/yoast-seo-wordpress\/ -->\n<title>Ki\u1ec3m tra th\u00ednh l\u1ef1c tr\u1ef1c tuy\u1ebfn - Phonak - Vietnam<\/title>\n<meta name=\"robots\" content=\"index, follow, max-snippet:-1, max-image-preview:large, max-video-preview:-1\" \/>\n<link rel=\"canonical\" href=\"https:\/\/intl.phonak.com\/main-english\/hearing-screener\/\" \/>\n<meta property=\"og:locale\" content=\"vi_VN\" \/>\n<meta property=\"og:type\" content=\"article\" \/>\n<meta property=\"og:title\" content=\"Ki\u1ec3m tra th\u00ednh l\u1ef1c tr\u1ef1c tuy\u1ebfn - Phonak - Vietnam\" \/>\n<meta property=\"og:description\" content=\"L\u00e0m b\u00e0i ki\u1ec3m tra th\u00ednh l\u1ef1c tr\u1ef1c tuy\u1ebfn c\u1ee7a ch\u00fang t\u00f4i \u0110\u00f4i khi ch\u00fang ta kh\u00f4ng nh\u1eadn ra m\u00ecnh b\u1ecb...\" \/>\n<meta property=\"og:url\" content=\"https:\/\/intl.phonak.com\/vi-vn\/kiem-tra-thinh-luc\/\" \/>\n<meta property=\"og:site_name\" content=\"Phonak - Vietnam\" \/>\n<meta property=\"article:modified_time\" content=\"2025-03-14T13:30:45+00:00\" \/>\n<meta name=\"twitter:card\" content=\"summary_large_image\" \/>\n<meta name=\"twitter:label1\" content=\"Est. reading time\" \/>\n\t<meta name=\"twitter:data1\" content=\"9 minutes\" \/>\n<script type=\"application\/ld+json\" class=\"yoast-schema-graph\">{\"@context\":\"https:\/\/schema.org\",\"@graph\":[{\"@type\":\"WebPage\",\"@id\":\"https:\/\/intl.phonak.com\/vi-vn\/kiem-tra-thinh-luc\/\",\"url\":\"https:\/\/intl.phonak.com\/vi-vn\/kiem-tra-thinh-luc\/\",\"name\":\"Ki\u1ec3m tra th\u00ednh l\u1ef1c tr\u1ef1c tuy\u1ebfn - Phonak - Vietnam\",\"isPartOf\":{\"@id\":\"https:\/\/intl.phonak.com\/vi-vn\/#website\"},\"primaryImageOfPage\":{\"@id\":\"https:\/\/intl.phonak.com\/vi-vn\/kiem-tra-thinh-luc\/#primaryimage\"},\"image\":{\"@id\":\"https:\/\/intl.phonak.com\/vi-vn\/kiem-tra-thinh-luc\/#primaryimage\"},\"thumbnailUrl\":\"https:\/\/intl.phonak.com\/vi-vn\/wp-content\/uploads\/sites\/3\/2022\/02\/eScreener.jpg?w=550\",\"datePublished\":\"2022-02-10T17:50:56+00:00\",\"dateModified\":\"2025-03-14T13:30:45+00:00\",\"breadcrumb\":{\"@id\":\"https:\/\/intl.phonak.com\/vi-vn\/kiem-tra-thinh-luc\/#breadcrumb\"},\"inLanguage\":\"vi\",\"potentialAction\":[{\"@type\":\"ReadAction\",\"target\":[\"https:\/\/intl.phonak.com\/vi-vn\/kiem-tra-thinh-luc\/\"]}]},{\"@type\":\"ImageObject\",\"inLanguage\":\"vi\",\"@id\":\"https:\/\/intl.phonak.com\/vi-vn\/kiem-tra-thinh-luc\/#primaryimage\",\"url\":\"\",\"contentUrl\":\"\"},{\"@type\":\"BreadcrumbList\",\"@id\":\"https:\/\/intl.phonak.com\/vi-vn\/kiem-tra-thinh-luc\/#breadcrumb\",\"itemListElement\":[{\"@type\":\"ListItem\",\"position\":1,\"name\":\"Home\",\"item\":\"https:\/\/intl.phonak.com\/vi-vn\/\"},{\"@type\":\"ListItem\",\"position\":2,\"name\":\"Ki\u1ec3m tra th\u00ednh l\u1ef1c tr\u1ef1c tuy\u1ebfn\"}]},{\"@type\":\"WebSite\",\"@id\":\"https:\/\/intl.phonak.com\/vi-vn\/#website\",\"url\":\"https:\/\/intl.phonak.com\/vi-vn\/\",\"name\":\"Phonak - Vietnam\",\"description\":\"Just another sonova-hearing-solutions.go-vip.net Sites site\",\"potentialAction\":[{\"@type\":\"SearchAction\",\"target\":{\"@type\":\"EntryPoint\",\"urlTemplate\":\"https:\/\/intl.phonak.com\/vi-vn\/?s={search_term_string}\"},\"query-input\":{\"@type\":\"PropertyValueSpecification\",\"valueRequired\":true,\"valueName\":\"search_term_string\"}}],\"inLanguage\":\"vi\"}]}<\/script>\n<!-- \/ Yoast SEO plugin. -->","yoast_head_json":{"title":"Ki\u1ec3m tra th\u00ednh l\u1ef1c tr\u1ef1c tuy\u1ebfn - Phonak - Vietnam","robots":{"index":"index","follow":"follow","max-snippet":"max-snippet:-1","max-image-preview":"max-image-preview:large","max-video-preview":"max-video-preview:-1"},"canonical":"https:\/\/intl.phonak.com\/main-english\/hearing-screener\/","og_locale":"vi_VN","og_type":"article","og_title":"Ki\u1ec3m tra th\u00ednh l\u1ef1c tr\u1ef1c tuy\u1ebfn - Phonak - Vietnam","og_description":"L\u00e0m b\u00e0i ki\u1ec3m tra th\u00ednh l\u1ef1c tr\u1ef1c tuy\u1ebfn c\u1ee7a ch\u00fang t\u00f4i \u0110\u00f4i khi ch\u00fang ta kh\u00f4ng nh\u1eadn ra m\u00ecnh b\u1ecb...","og_url":"https:\/\/intl.phonak.com\/vi-vn\/kiem-tra-thinh-luc\/","og_site_name":"Phonak - Vietnam","article_modified_time":"2025-03-14T13:30:45+00:00","twitter_card":"summary_large_image","twitter_misc":{"Est. reading time":"9 minutes"},"schema":{"@context":"https:\/\/schema.org","@graph":[{"@type":"WebPage","@id":"https:\/\/intl.phonak.com\/vi-vn\/kiem-tra-thinh-luc\/","url":"https:\/\/intl.phonak.com\/vi-vn\/kiem-tra-thinh-luc\/","name":"Ki\u1ec3m tra th\u00ednh l\u1ef1c tr\u1ef1c tuy\u1ebfn - Phonak - Vietnam","isPartOf":{"@id":"https:\/\/intl.phonak.com\/vi-vn\/#website"},"primaryImageOfPage":{"@id":"https:\/\/intl.phonak.com\/vi-vn\/kiem-tra-thinh-luc\/#primaryimage"},"image":{"@id":"https:\/\/intl.phonak.com\/vi-vn\/kiem-tra-thinh-luc\/#primaryimage"},"thumbnailUrl":"https:\/\/intl.phonak.com\/vi-vn\/wp-content\/uploads\/sites\/3\/2022\/02\/eScreener.jpg?w=550","datePublished":"2022-02-10T17:50:56+00:00","dateModified":"2025-03-14T13:30:45+00:00","breadcrumb":{"@id":"https:\/\/intl.phonak.com\/vi-vn\/kiem-tra-thinh-luc\/#breadcrumb"},"inLanguage":"vi","potentialAction":[{"@type":"ReadAction","target":["https:\/\/intl.phonak.com\/vi-vn\/kiem-tra-thinh-luc\/"]}]},{"@type":"ImageObject","inLanguage":"vi","@id":"https:\/\/intl.phonak.com\/vi-vn\/kiem-tra-thinh-luc\/#primaryimage","url":"","contentUrl":""},{"@type":"BreadcrumbList","@id":"https:\/\/intl.phonak.com\/vi-vn\/kiem-tra-thinh-luc\/#breadcrumb","itemListElement":[{"@type":"ListItem","position":1,"name":"Home","item":"https:\/\/intl.phonak.com\/vi-vn\/"},{"@type":"ListItem","position":2,"name":"Ki\u1ec3m tra th\u00ednh l\u1ef1c tr\u1ef1c tuy\u1ebfn"}]},{"@type":"WebSite","@id":"https:\/\/intl.phonak.com\/vi-vn\/#website","url":"https:\/\/intl.phonak.com\/vi-vn\/","name":"Phonak - Vietnam","description":"Just another sonova-hearing-solutions.go-vip.net Sites site","potentialAction":[{"@type":"SearchAction","target":{"@type":"EntryPoint","urlTemplate":"https:\/\/intl.phonak.com\/vi-vn\/?s={search_term_string}"},"query-input":{"@type":"PropertyValueSpecification","valueRequired":true,"valueName":"search_term_string"}}],"inLanguage":"vi"}]}},"jetpack_sharing_enabled":true,"distributor_meta":false,"distributor_terms":false,"distributor_media":false,"distributor_original_site_name":"Phonak - Vietnam","distributor_original_site_url":"https:\/\/intl.phonak.com\/vi-vn","push-errors":false,"_links":{"self":[{"href":"https:\/\/intl.phonak.com\/vi-vn\/wp-json\/wp\/v2\/pages\/284","targetHints":{"allow":["GET"]}}],"collection":[{"href":"https:\/\/intl.phonak.com\/vi-vn\/wp-json\/wp\/v2\/pages"}],"about":[{"href":"https:\/\/intl.phonak.com\/vi-vn\/wp-json\/wp\/v2\/types\/page"}],"author":[{"embeddable":true,"href":"https:\/\/intl.phonak.com\/vi-vn\/wp-json\/wp\/v2\/users\/14"}],"replies":[{"embeddable":true,"href":"https:\/\/intl.phonak.com\/vi-vn\/wp-json\/wp\/v2\/comments?post=284"}],"version-history":[{"count":7,"href":"https:\/\/intl.phonak.com\/vi-vn\/wp-json\/wp\/v2\/pages\/284\/revisions"}],"predecessor-version":[{"id":900,"href":"https:\/\/intl.phonak.com\/vi-vn\/wp-json\/wp\/v2\/pages\/284\/revisions\/900"}],"wp:attachment":[{"href":"https:\/\/intl.phonak.com\/vi-vn\/wp-json\/wp\/v2\/media?parent=284"}],"curies":[{"name":"wp","href":"https:\/\/api.w.org\/{rel}","templated":true}]}}