{"id":281,"date":"2021-11-18T15:12:00","date_gmt":"2021-11-18T15:12:00","guid":{"rendered":"https:\/\/intl.phonak.com\/vi-vn\/hearing-loss\/"},"modified":"2025-03-14T12:29:15","modified_gmt":"2025-03-14T12:29:15","slug":"mat-thinh-luc","status":"publish","type":"page","link":"https:\/\/intl.phonak.com\/vi-vn\/mat-thinh-luc\/","title":{"rendered":"M\u1ea5t th\u00ednh l\u1ef1c"},"content":{"rendered":"\n<div class=\"wp-block-cover alignfull\"><span aria-hidden=\"true\" class=\"wp-block-cover__background has-light-grey-background-color has-background-dim-60 has-background-dim\"><\/span><img decoding=\"async\" class=\"wp-block-cover__image-background wp-image-4769\" alt=\"\" src=\"https:\/\/intl.phonak.com\/vi-vn\/wp-content\/uploads\/sites\/3\/2022\/02\/Banner-hearing-loss.jpg\" style=\"object-position:56% 51%\" data-object-fit=\"cover\" data-object-position=\"56% 51%\"\/><div class=\"wp-block-cover__inner-container is-layout-flow wp-block-cover-is-layout-flow\">\n<h1 class=\"wp-block-heading has-text-align-center has-grey-500-color has-text-color\" id=\"signs-of-hearing-loss-1\">D\u1ea5u hi\u1ec7u c\u1ee7a vi\u1ec7c m\u1ea5t th\u00ednh l\u1ef1c<\/h1>   \n<p class=\"has-text-align-center has-grey-500-color has-text-color has-lead-font-size\">C\u00e1ch ph\u00e1t hi\u1ec7n vi\u1ec7c m\u1ea5t th\u00ednh l\u1ef1c<\/p>\n<\/div><\/div>   \n<h2 class=\"wp-block-heading has-text-align-center\" id=\"what-are-the-signs-and-symptoms-of-hearing-loss\">C\u00e1c d\u1ea5u hi\u1ec7u v\u00e0 tri\u1ec7u ch\u1ee9ng c\u1ee7a m\u1ea5t th\u00ednh l\u1ef1c l\u00e0 g\u00ec?<\/h2>   \n<p class=\"has-text-align-center\">Tai c\u1ee7a ch\u00fang ta lu\u00f4n ho\u1ea1t \u0111\u1ed9ng, gi\u1ed1ng nh\u01b0 nh\u1eefng \u00e2m thanh xung quanh ch\u00fang ta. \u0110i\u1ec7n tho\u1ea1i di \u0111\u1ed9ng \u0111\u1ed5 chu\u00f4ng, m\u1ecdi ng\u01b0\u1eddi tr\u00f2 chuy\u1ec7n, ch\u00f3 s\u1ee7a, giao th\u00f4ng \u0111\u00f4ng \u0111\u00fac, chim h\u00f3t l\u00edu lo &#8211; c\u00f3 r\u1ea5t nhi\u1ec1u \u0111i\u1ec1u \u0111ang di\u1ec5n ra quanh ta. B\u1ed9 n\u00e3o cho ph\u00e9p ch\u00fang ta x\u00e1c \u0111\u1ecbnh, gi\u1ea3i th\u00edch c\u00e1c \u00e2m thanh kh\u00e1c nhau v\u00e0 t\u1eadp trung v\u00e0o nh\u1eefng g\u00ec ch\u00fang ta mu\u1ed1n nghe. N\u00f3 c\u00f3 th\u1ec3 nh\u1eadn ra ngay gi\u1ecdng n\u00f3i c\u1ee7a ng\u01b0\u1eddi th\u00e2n ho\u1eb7c cho ph\u00e9p b\u1ea1n l\u1eb7ng l\u1ebd \u0111\u1ecdc s\u00e1ch m\u00e0 kh\u00f4ng nh\u1eadn ra \u00e2m thanh n\u1ec1n.<\/p>   \n<p class=\"has-text-align-center\">Nh\u01b0ng \u0111\u00f4i khi, n\u00f3 kh\u00f4ng ho\u1ea1t \u0111\u1ed9ng theo c\u00e1ch \u0111\u00f3. \u0110\u00f4i khi, b\u1ed9 n\u00e3o c\u1ee7a ch\u00fang ta kh\u00f4ng th\u1ec3 nh\u1eadn di\u1ec7n \u0111\u01b0\u1ee3c \u00e2m thanh v\u00ec ngay t\u1eeb \u0111\u1ea7u tai \u0111\u00e3 kh\u00f4ng th\u1ec3 nghe \u0111\u01b0\u1ee3c \u00e2m thanh \u0111\u00f3!<\/p>   \n<p class=\"has-text-align-center\">B\u1ea1n c\u00f3 nh\u1eadn th\u1ee9c \u0111\u01b0\u1ee3c nh\u1eefng \u00e2m thanh m\u00e0 b\u1ea1n kh\u00f4ng th\u1ec3 nghe th\u1ea5y kh\u00f4ng?<\/p>   \n<div style=\"height:60px\" aria-hidden=\"true\" class=\"wp-block-spacer\"><\/div>   \n<h3 class=\"wp-block-heading has-text-align-center has-blue-color has-text-color\" id=\"signs-of-hearing-loss\">D\u1ea5u hi\u1ec7u c\u1ee7a vi\u1ec7c m\u1ea5t th\u00ednh l\u1ef1c<\/h3>   \n<p class=\"has-text-align-center\">M\u1ea5t th\u00ednh l\u1ef1c kh\u00f4ng ch\u1ec9 \u0111\u01a1n gi\u1ea3n l\u00e0 g\u1eb7p kh\u00f3 kh\u0103n khi nghe nh\u1eefng \u00e2m thanh nh\u1ecf nh\u1eb9. Thay v\u00e0o \u0111\u00f3, ph\u1ed5 bi\u1ebfn h\u01a1n, \u0111\u1eb7c bi\u1ec7t l\u00e0 trong t\u00ecnh tr\u1ea1ng m\u1ea5t th\u00ednh l\u1ef1c do tu\u1ed5i t\u00e1c, kh\u1ea3 n\u0103ng nghe \u00e2m thanh cao b\u1ecb \u1ea3nh h\u01b0\u1edfng \u0111\u1ea7u ti\u00ean. V\u00ed d\u1ee5, nh\u1eefng \u00e2m thanh \u0111\u1ea7u ti\u00ean m\u00e0 ng\u01b0\u1eddi m\u1ea5t th\u00ednh l\u1ef1c c\u00f3 th\u1ec3 kh\u00f4ng nghe r\u00f5 l\u00e0 ti\u1ebfng chim h\u00f3t l\u00edu lo v\u00e0 gi\u1ecdng n\u1eef ho\u1eb7c tr\u1ebb em. M\u1ea5t th\u00ednh l\u1ef1c c\u0169ng l\u00e0m gi\u1ea3m kh\u1ea3 n\u0103ng nghe m\u1ed9t s\u1ed1 ph\u1ee5 \u00e2m nh\u1ea5t \u0111\u1ecbnh trong l\u1eddi n\u00f3i, \u0111i\u1ec1u n\u00e0y c\u00f3 th\u1ec3 khi\u1ebfn ng\u01b0\u1eddi khi\u1ebfm th\u00ednh kh\u00f3 b\u1eaft k\u1ecbp c\u00e1c cu\u1ed9c tr\u00f2 chuy\u1ec7n. T\u00f9y thu\u1ed9c v\u00e0o nguy\u00ean nh\u00e2n v\u00e0 lo\u1ea1i m\u1ea5t th\u00ednh l\u1ef1c, b\u1ea1n c\u0169ng c\u00f3 th\u1ec3 g\u1eb7p kh\u00f3 kh\u0103n khi nghe t\u1ea7n s\u1ed1 trung b\u00ecnh ho\u1eb7c th\u1eadm ch\u00ed t\u1ea7n s\u1ed1 th\u1ea5p, ho\u1eb7c \u0111\u1ed3ng \u0111\u1ec1u tr\u00ean t\u1ea5t c\u1ea3 c\u00e1c t\u1ea7n s\u1ed1. M\u1ed9t d\u1ea5u hi\u1ec7u kh\u00e1c c\u1ee7a m\u1ea5t th\u00ednh l\u1ef1c c\u00f3 th\u1ec3 l\u00e0 \u00f9 tai<\/p>   \n<div style=\"height:64px\" aria-hidden=\"true\" class=\"wp-block-spacer\"><\/div>   \n<h3 class=\"wp-block-heading has-text-align-center has-blue-color has-text-color\" id=\"take-the-first-step-1\">\u0110\u00f3 l\u00e0 m\u1ed9t d\u1ea5u hi\u1ec7u<\/h3>   \n<p class=\"has-text-align-left\"><strong>C\u00e1c c\u00e2u h\u1ecfi sau \u0111\u00e2y s\u1ebd gi\u00fap b\u1ea1n hi\u1ec3u li\u1ec7u b\u1ea1n c\u00f3 bi\u1ec3u hi\u1ec7n c\u00e1c tri\u1ec7u ch\u1ee9ng m\u1ea5t th\u00ednh l\u1ef1c hay kh\u00f4ng:<\/strong><\/p>   <div class=\"wp-block-columns is-layout-flex wp-container-core-columns-is-layout-9d6595d7 wp-block-columns-is-layout-flex\">\n<div class=\"wp-block-column is-layout-flow wp-block-column-is-layout-flow\" style=\"flex-basis:66.66%\"><div class=\"wp-list-block\">\n<ul class=\"wp-block-list\">\n<li>B\u1ea1n c\u1ea3m th\u1ea5y m\u1ecdi ng\u01b0\u1eddi xung quanh tr\u00f4ng nh\u01b0 \u0111ang l\u1ea9m b\u1ea9m?<\/li>   <li>B\u1ea1n c\u00f3 ph\u1ea3i th\u01b0\u1eddng xuy\u00ean t\u0103ng \u00e2m l\u01b0\u1ee3ng tr\u00ean TV ho\u1eb7c radio kh\u00f4ng?<\/li>   <li>B\u1ea1n c\u00f3 th\u1ea5y d\u1ec5 hi\u1ec3u gi\u1ecdng n\u00f3i c\u1ee7a m\u1ed9t ng\u01b0\u1eddi \u0111\u00e0n \u00f4ng h\u01a1n so v\u1edbi gi\u1ecdng n\u00f3i c\u1ee7a ph\u1ee5 n\u1eef ho\u1eb7c tr\u1ebb em kh\u00f4ng?<\/li>   <li>B\u1ea1n c\u00f3 c\u1ea3m gi\u00e1c kh\u00f3 nghe th\u1ea5y ti\u1ebfng chu\u00f4ng c\u1eeda ho\u1eb7c ti\u1ebfng chu\u00f4ng \u0111i\u1ec7n tho\u1ea1i kh\u00f4ng?<\/li>   <li>Khi b\u1ea1n \u1edf trong m\u1ed9t nh\u00f3m ho\u1eb7c trong m\u1ed9t nh\u00e0 h\u00e0ng \u0111\u00f4ng \u0111\u00fac, b\u1ea1n c\u00f3 kh\u00f3 b\u1eaft k\u1ecbp cu\u1ed9c tr\u00f2 chuy\u1ec7n kh\u00f4ng?<\/li>   <li>B\u1ea1n c\u00f3 xu h\u01b0\u1edbng h\u1ea1n ch\u1ebf c\u00e1c ho\u1ea1t \u0111\u1ed9ng x\u00e3 h\u1ed9i c\u1ee7a m\u00ecnh v\u00ec kh\u00f3 nghe v\u00e0 giao ti\u1ebfp?<\/li>   <li>C\u00f3 ai \u0111\u00f3 th\u00e2n thi\u1ebft v\u1edbi b\u1ea1n \u0111\u00e3 \u0111\u1ec1 c\u1eadp r\u1eb1ng b\u1ea1n c\u00f3 th\u1ec3 g\u1eb7p v\u1ea5n \u0111\u1ec1 v\u1edbi th\u00ednh gi\u00e1c c\u1ee7a m\u00ecnh kh\u00f4ng?<\/li>\n<\/ul>\n<\/div><\/div>   \n<div class=\"wp-block-column is-vertically-aligned-center is-layout-flow wp-block-column-is-layout-flow\" style=\"flex-basis:33.33%\">\n<figure class=\"wp-block-image size-large\"><img decoding=\"async\" src=\"https:\/\/intl.phonak.com\/vi-vn\/wp-content\/uploads\/sites\/3\/2023\/12\/Hearing-loss_GenericIndoorsPC_01.jpg?w=329\" alt=\"Happy couple\" class=\"wp-image-7274\"\/><\/figure>   <p><\/p>\n<\/div>\n<\/div>   \n<div class=\"wp-block-group alignfull has-light-grey-background-color has-background is-layout-flow wp-block-group-is-layout-flow\">\n<div class=\"wp-block-group is-style-align-small is-layout-flow wp-block-group-is-layout-flow\">\n<p class=\"has-text-align-center\">N\u1ebfu b\u1ea1n \u0111\u00e3 tr\u1ea3 l\u1eddi &#8216;<strong>c\u00f3<\/strong>&#8216; cho m\u1ed9t ho\u1eb7c nhi\u1ec1u c\u00e2u h\u1ecfi, ch\u00fang t\u00f4i khuy\u00ean b\u1ea1n n\u00ean nh\u1edd chuy\u00ean gia ch\u0103m s\u00f3c th\u00ednh gi\u00e1c \u0111\u00e1nh gi\u00e1 kh\u1ea3 n\u0103ng nghe c\u1ee7a m\u00ecnh. B\u1ea1n c\u00f3 th\u1ec3 t\u00ecm th\u1ea5y m\u1ed9t chuy\u00ean gia th\u00ednh h\u1ecdc, chuy\u00ean gia ch\u0103m s\u00f3c th\u00ednh gi\u00e1c ho\u1eb7c ph\u00f2ng kh\u00e1m \u0111\u01b0\u1ee3c ch\u1ee9ng nh\u1eadn trong khu v\u1ef1c c\u1ee7a b\u1ea1n v\u1edbi c\u00f4ng c\u1ee5 t\u00ecm ki\u1ebfm chuy\u00ean gia c\u1ee7a ch\u00fang t\u00f4i.<\/p>   <p><\/p>   \n<p class=\"has-text-align-center\">\u0110\u1ec3 t\u00ecm hi\u1ec3u ngay v\u1ec1 kh\u1ea3 n\u0103ng nghe c\u1ee7a m\u00ecnh, b\u1ea1n c\u0169ng c\u00f3 th\u1ec3 th\u1eed b\u00e0i ki\u1ec3m tra th\u00ednh l\u1ef1c tr\u1ef1c tuy\u1ebfn c\u1ee7a ch\u00fang t\u00f4i.<\/p>   <div class=\"wp-block-buttons is-layout-flex wp-block-buttons-is-layout-flex\">\n<div class=\"wp-block-button aligncenter\"><a class=\"wp-block-button__link wp-element-button\" href=\"https:\/\/hearing-screener.beyondhearing.org\/phonakvietnam\/Yj6X3E\" target=\"_blank\" rel=\"noreferrer noopener\">Ki\u1ec3m tra th\u00ednh l\u1ef1c tr\u1ef1c tuy\u1ebfn<\/a><\/div>\n<\/div>\n<\/div>\n<\/div>   \n<div style=\"height:55px\" aria-hidden=\"true\" class=\"wp-block-spacer\"><\/div>   \n<p class=\"has-text-align-center\"><a href=\"https:\/\/intl.phonak.com\/vi-vn\/hearing-loss\/phonak-well-hearing-is-well-being\/\">T\u00ecm hi\u1ec3u l\u00fd do t\u1ea1i sao th\u00ednh gi\u00e1c t\u1ed1t l\u1ea1i quan tr\u1ecdng \u0111\u1ed1i v\u1edbi cu\u1ed9c s\u1ed1ng c\u1ee7a b\u1ea1n<\/a><\/p>   \n<div style=\"height:55px\" aria-hidden=\"true\" class=\"wp-block-spacer\"><\/div>   \n<div class=\"wp-block-media-text is-stacked-on-mobile cta-block\" style=\"grid-template-columns:35% auto\"><figure class=\"wp-block-media-text__media\"><img decoding=\"async\" src=\"https:\/\/intl.phonak.com\/main-english\/wp-content\/uploads\/sites\/3\/2021\/11\/cta-image.jpg?w=401\" alt=\"\" class=\"wp-image-6738 size-full\"\/><\/figure><div class=\"wp-block-media-text__content\">\n<div class=\"wp-block-create-block-icon-selector\"><i class=\"fal fa-map-marker-alt\"><\/i><\/div>   \n<h3 class=\"wp-block-heading\">Chuy\u00ean gia th\u00ednh gi\u00e1c lu\u00f4n b\u00ean b\u1ea1n<\/h3>   <p>C\u00e1c chuy\u00ean gia ch\u0103m s\u00f3c th\u00ednh gi\u00e1c c\u00f3 th\u1ec3 gi\u00fap b\u1ea1n \u0111\u01b0a ra l\u1ef1a ch\u1ecdn ho\u00e0n h\u1ea3o cho m\u00ecnh. H\u1ecd s\u1ebd xem x\u00e9t nhu c\u1ea7u th\u00ednh l\u1ef1c, ng\u00e2n s\u00e1ch, l\u1ed1i s\u1ed1ng v\u00e0 s\u1edf th\u00edch c\u00e1 nh\u00e2n c\u1ee7a b\u1ea1n. <\/p>   <div class=\"wp-block-buttons is-layout-flex wp-block-buttons-is-layout-flex\">\n<div class=\"wp-block-button is-style-marker-green\"><a class=\"wp-block-button__link wp-element-button\" href=\"https:\/\/intl.phonak.com\/vi-vn\/find-an-expert\/\">T\u00ecm chuy\u00ean gia<\/a><\/div>\n<\/div>\n<\/div><\/div> ","protected":false},"excerpt":{"rendered":"<p>C\u00e1c d\u1ea5u hi\u1ec7u v\u00e0 tri\u1ec7u ch\u1ee9ng c\u1ee7a m\u1ea5t th\u00ednh l\u1ef1c l\u00e0 g\u00ec? Tai c\u1ee7a ch\u00fang ta lu\u00f4n ho\u1ea1t \u0111\u1ed9ng, gi\u1ed1ng&#8230;<\/p>\n","protected":false},"author":5,"featured_media":0,"parent":0,"menu_order":0,"comment_status":"closed","ping_status":"closed","template":"","meta":{"_acf_changed":false,"inline_featured_image":false,"footnotes":""},"class_list":["post-281","page","type-page","status-publish","hentry"],"acf":[],"yoast_head":"<!-- This site is optimized with the Yoast SEO plugin v26.9 - https:\/\/yoast.com\/product\/yoast-seo-wordpress\/ -->\n<title>M\u1ea5t th\u00ednh l\u1ef1c - Phonak - Vietnam<\/title>\n<meta name=\"robots\" content=\"index, follow, max-snippet:-1, max-image-preview:large, max-video-preview:-1\" \/>\n<link rel=\"canonical\" href=\"https:\/\/intl.phonak.com\/main-english\/hearing-loss\/\" \/>\n<meta property=\"og:locale\" content=\"vi_VN\" \/>\n<meta property=\"og:type\" content=\"article\" \/>\n<meta property=\"og:title\" content=\"M\u1ea5t th\u00ednh l\u1ef1c - Phonak - Vietnam\" \/>\n<meta property=\"og:description\" content=\"C\u00e1c d\u1ea5u hi\u1ec7u v\u00e0 tri\u1ec7u ch\u1ee9ng c\u1ee7a m\u1ea5t th\u00ednh l\u1ef1c l\u00e0 g\u00ec? Tai c\u1ee7a ch\u00fang ta lu\u00f4n ho\u1ea1t \u0111\u1ed9ng, gi\u1ed1ng...\" \/>\n<meta property=\"og:url\" content=\"https:\/\/intl.phonak.com\/vi-vn\/mat-thinh-luc\/\" \/>\n<meta property=\"og:site_name\" content=\"Phonak - Vietnam\" \/>\n<meta property=\"article:modified_time\" content=\"2025-03-14T12:29:15+00:00\" \/>\n<meta name=\"twitter:card\" content=\"summary_large_image\" \/>\n<meta name=\"twitter:label1\" content=\"Est. reading time\" \/>\n\t<meta name=\"twitter:data1\" content=\"8 minutes\" \/>\n<script type=\"application\/ld+json\" class=\"yoast-schema-graph\">{\"@context\":\"https:\/\/schema.org\",\"@graph\":[{\"@type\":\"WebPage\",\"@id\":\"https:\/\/intl.phonak.com\/vi-vn\/mat-thinh-luc\/\",\"url\":\"https:\/\/intl.phonak.com\/vi-vn\/mat-thinh-luc\/\",\"name\":\"M\u1ea5t th\u00ednh l\u1ef1c - Phonak - Vietnam\",\"isPartOf\":{\"@id\":\"https:\/\/intl.phonak.com\/vi-vn\/#website\"},\"primaryImageOfPage\":{\"@id\":\"https:\/\/intl.phonak.com\/vi-vn\/mat-thinh-luc\/#primaryimage\"},\"image\":{\"@id\":\"https:\/\/intl.phonak.com\/vi-vn\/mat-thinh-luc\/#primaryimage\"},\"thumbnailUrl\":\"https:\/\/intl.phonak.com\/vi-vn\/wp-content\/uploads\/sites\/3\/2022\/02\/Banner-hearing-loss.jpg\",\"datePublished\":\"2021-11-18T15:12:00+00:00\",\"dateModified\":\"2025-03-14T12:29:15+00:00\",\"breadcrumb\":{\"@id\":\"https:\/\/intl.phonak.com\/vi-vn\/mat-thinh-luc\/#breadcrumb\"},\"inLanguage\":\"vi\",\"potentialAction\":[{\"@type\":\"ReadAction\",\"target\":[\"https:\/\/intl.phonak.com\/vi-vn\/mat-thinh-luc\/\"]}]},{\"@type\":\"ImageObject\",\"inLanguage\":\"vi\",\"@id\":\"https:\/\/intl.phonak.com\/vi-vn\/mat-thinh-luc\/#primaryimage\",\"url\":\"\",\"contentUrl\":\"\"},{\"@type\":\"BreadcrumbList\",\"@id\":\"https:\/\/intl.phonak.com\/vi-vn\/mat-thinh-luc\/#breadcrumb\",\"itemListElement\":[{\"@type\":\"ListItem\",\"position\":1,\"name\":\"Home\",\"item\":\"https:\/\/intl.phonak.com\/vi-vn\/\"},{\"@type\":\"ListItem\",\"position\":2,\"name\":\"M\u1ea5t th\u00ednh l\u1ef1c\"}]},{\"@type\":\"WebSite\",\"@id\":\"https:\/\/intl.phonak.com\/vi-vn\/#website\",\"url\":\"https:\/\/intl.phonak.com\/vi-vn\/\",\"name\":\"Phonak - Vietnam\",\"description\":\"Just another sonova-hearing-solutions.go-vip.net Sites site\",\"potentialAction\":[{\"@type\":\"SearchAction\",\"target\":{\"@type\":\"EntryPoint\",\"urlTemplate\":\"https:\/\/intl.phonak.com\/vi-vn\/?s={search_term_string}\"},\"query-input\":{\"@type\":\"PropertyValueSpecification\",\"valueRequired\":true,\"valueName\":\"search_term_string\"}}],\"inLanguage\":\"vi\"}]}<\/script>\n<!-- \/ Yoast SEO plugin. -->","yoast_head_json":{"title":"M\u1ea5t th\u00ednh l\u1ef1c - Phonak - Vietnam","robots":{"index":"index","follow":"follow","max-snippet":"max-snippet:-1","max-image-preview":"max-image-preview:large","max-video-preview":"max-video-preview:-1"},"canonical":"https:\/\/intl.phonak.com\/main-english\/hearing-loss\/","og_locale":"vi_VN","og_type":"article","og_title":"M\u1ea5t th\u00ednh l\u1ef1c - Phonak - Vietnam","og_description":"C\u00e1c d\u1ea5u hi\u1ec7u v\u00e0 tri\u1ec7u ch\u1ee9ng c\u1ee7a m\u1ea5t th\u00ednh l\u1ef1c l\u00e0 g\u00ec? Tai c\u1ee7a ch\u00fang ta lu\u00f4n ho\u1ea1t \u0111\u1ed9ng, gi\u1ed1ng...","og_url":"https:\/\/intl.phonak.com\/vi-vn\/mat-thinh-luc\/","og_site_name":"Phonak - Vietnam","article_modified_time":"2025-03-14T12:29:15+00:00","twitter_card":"summary_large_image","twitter_misc":{"Est. reading time":"8 minutes"},"schema":{"@context":"https:\/\/schema.org","@graph":[{"@type":"WebPage","@id":"https:\/\/intl.phonak.com\/vi-vn\/mat-thinh-luc\/","url":"https:\/\/intl.phonak.com\/vi-vn\/mat-thinh-luc\/","name":"M\u1ea5t th\u00ednh l\u1ef1c - Phonak - Vietnam","isPartOf":{"@id":"https:\/\/intl.phonak.com\/vi-vn\/#website"},"primaryImageOfPage":{"@id":"https:\/\/intl.phonak.com\/vi-vn\/mat-thinh-luc\/#primaryimage"},"image":{"@id":"https:\/\/intl.phonak.com\/vi-vn\/mat-thinh-luc\/#primaryimage"},"thumbnailUrl":"https:\/\/intl.phonak.com\/vi-vn\/wp-content\/uploads\/sites\/3\/2022\/02\/Banner-hearing-loss.jpg","datePublished":"2021-11-18T15:12:00+00:00","dateModified":"2025-03-14T12:29:15+00:00","breadcrumb":{"@id":"https:\/\/intl.phonak.com\/vi-vn\/mat-thinh-luc\/#breadcrumb"},"inLanguage":"vi","potentialAction":[{"@type":"ReadAction","target":["https:\/\/intl.phonak.com\/vi-vn\/mat-thinh-luc\/"]}]},{"@type":"ImageObject","inLanguage":"vi","@id":"https:\/\/intl.phonak.com\/vi-vn\/mat-thinh-luc\/#primaryimage","url":"","contentUrl":""},{"@type":"BreadcrumbList","@id":"https:\/\/intl.phonak.com\/vi-vn\/mat-thinh-luc\/#breadcrumb","itemListElement":[{"@type":"ListItem","position":1,"name":"Home","item":"https:\/\/intl.phonak.com\/vi-vn\/"},{"@type":"ListItem","position":2,"name":"M\u1ea5t th\u00ednh l\u1ef1c"}]},{"@type":"WebSite","@id":"https:\/\/intl.phonak.com\/vi-vn\/#website","url":"https:\/\/intl.phonak.com\/vi-vn\/","name":"Phonak - Vietnam","description":"Just another sonova-hearing-solutions.go-vip.net Sites site","potentialAction":[{"@type":"SearchAction","target":{"@type":"EntryPoint","urlTemplate":"https:\/\/intl.phonak.com\/vi-vn\/?s={search_term_string}"},"query-input":{"@type":"PropertyValueSpecification","valueRequired":true,"valueName":"search_term_string"}}],"inLanguage":"vi"}]}},"jetpack_sharing_enabled":true,"distributor_meta":false,"distributor_terms":false,"distributor_media":false,"distributor_original_site_name":"Phonak - Vietnam","distributor_original_site_url":"https:\/\/intl.phonak.com\/vi-vn","push-errors":false,"_links":{"self":[{"href":"https:\/\/intl.phonak.com\/vi-vn\/wp-json\/wp\/v2\/pages\/281","targetHints":{"allow":["GET"]}}],"collection":[{"href":"https:\/\/intl.phonak.com\/vi-vn\/wp-json\/wp\/v2\/pages"}],"about":[{"href":"https:\/\/intl.phonak.com\/vi-vn\/wp-json\/wp\/v2\/types\/page"}],"author":[{"embeddable":true,"href":"https:\/\/intl.phonak.com\/vi-vn\/wp-json\/wp\/v2\/users\/5"}],"replies":[{"embeddable":true,"href":"https:\/\/intl.phonak.com\/vi-vn\/wp-json\/wp\/v2\/comments?post=281"}],"version-history":[{"count":6,"href":"https:\/\/intl.phonak.com\/vi-vn\/wp-json\/wp\/v2\/pages\/281\/revisions"}],"predecessor-version":[{"id":660,"href":"https:\/\/intl.phonak.com\/vi-vn\/wp-json\/wp\/v2\/pages\/281\/revisions\/660"}],"wp:attachment":[{"href":"https:\/\/intl.phonak.com\/vi-vn\/wp-json\/wp\/v2\/media?parent=281"}],"curies":[{"name":"wp","href":"https:\/\/api.w.org\/{rel}","templated":true}]}}