{"id":278,"date":"2022-02-10T21:54:30","date_gmt":"2022-02-10T21:54:30","guid":{"rendered":"https:\/\/intl.phonak.com\/vi-vn\/phonak-well-hearing-is-well-being\/"},"modified":"2025-03-14T13:17:47","modified_gmt":"2025-03-14T13:17:47","slug":"phonak-well-hearing-is-well-being","status":"publish","type":"page","link":"https:\/\/intl.phonak.com\/vi-vn\/mat-thinh-luc\/phonak-well-hearing-is-well-being\/","title":{"rendered":"Phonak Well-Hearing is Well-Being\u2122"},"content":{"rendered":"\n<div class=\"wp-block-cover alignfull is-light\" style=\"min-height:430px;aspect-ratio:unset;\"><span aria-hidden=\"true\" class=\"wp-block-cover__background has-white-background-color has-background-dim\"><\/span><img decoding=\"async\" class=\"wp-block-cover__image-background wp-image-7289\" alt=\"Well-Hearing is Well-Being\" src=\"https:\/\/intl.phonak.com\/vi-vn\/wp-content\/uploads\/sites\/3\/2023\/12\/WHWB-banner_ComputeGame-OptionB.jpg\" data-object-fit=\"cover\"\/><div class=\"wp-block-cover__inner-container is-layout-flow wp-block-cover-is-layout-flow\">\n<h1 class=\"wp-block-heading has-text-align-center\" id=\"why-hearing-health-matters\">T\u1ea1i sao s\u1ee9c kh\u1ecfe th\u00ednh gi\u00e1c l\u1ea1i quan tr\u1ecdng<\/h1>\n\n\n\n<p class=\"has-text-align-center has-grey-500-color has-text-color has-lead-font-size\">Khi b\u1ea1n nghe t\u1ed1t, b\u1ea1n \u0111\u00e3 \u0111\u01b0\u1ee3c trang b\u1ecb \u0111\u1ea7y \u0111\u1ee7 \u0111\u1ec3 \u0111\u00f3n nh\u1eadn cu\u1ed9c s\u1ed1ng b\u1ea1n mu\u1ed1n<\/p>\n\n\n\n<div class=\"wp-block-buttons is-horizontal is-content-justification-center is-layout-flex wp-container-core-buttons-is-layout-499968f5 wp-block-buttons-is-layout-flex\">\n<div class=\"wp-block-button is-style-download\"><a class=\"wp-block-button__link wp-element-button\" href=\"https:\/\/intl.phonak.com\/vi-vn\/wp-content\/uploads\/sites\/3\/2022\/02\/PH_WHWB_Leaflet_148x210_EN_V1.00_028-2136-02.pdf\" target=\"_blank\" rel=\"noreferrer noopener\">T\u1ea3i \u1ea5n ph\u1ea9m qu\u1ea3ng c\u00e1o<\/a><\/div>\n<\/div>\n<\/div><\/div>\n\n\n\n<div class=\"wp-block-media-text has-media-on-the-right is-stacked-on-mobile\"><div class=\"wp-block-media-text__content\">\n<p>T\u1ea1i Phonak, ch\u00fang t\u00f4i tin r\u1eb1ng th\u00ednh gi\u00e1c t\u1ed1t t\u01b0\u01a1ng \u0111\u01b0\u01a1ng v\u1edbi h\u1ea1nh ph\u00fac v\u00e0 l\u00e0 \u0111i\u1ec1u c\u1ea7n thi\u1ebft \u0111\u1ec3 s\u1ed1ng cu\u1ed9c s\u1ed1ng tr\u1ecdn v\u1eb9n nh\u1ea5t.<\/p>\n\n\n\n<p>Ng\u00e0y c\u00e0ng c\u00f3 nhi\u1ec1u b\u1eb1ng ch\u1ee9ng cho th\u1ea5y \u0111i\u1ec1u tr\u1ecb m\u1ea5t th\u00ednh l\u1ef1c c\u00f3 th\u1ec3 t\u00e1c \u0111\u1ed9ng t\u00edch c\u1ef1c \u0111\u1ebfn s\u1ee9c kh\u1ecfe c\u1ea3m x\u00fac, nh\u1eadn th\u1ee9c v\u00e0 th\u1ec3 ch\u1ea5t c\u1ee7a b\u1ea1n.<sup>1<\/sup><\/p>\n<\/div><figure class=\"wp-block-media-text__media\"><img decoding=\"async\" src=\"https:\/\/intl.phonak.com\/vi-vn\/wp-content\/uploads\/sites\/3\/2023\/03\/WHWB-wheel-neutral.jpg\" alt=\"\" class=\"wp-image-6565 size-full\"\/><\/figure><\/div>\n\n\n\n<div class=\"wp-block-media-text is-stacked-on-mobile\"><figure class=\"wp-block-media-text__media\"><img decoding=\"async\" src=\"https:\/\/intl.phonak.com\/vi-vn\/wp-content\/uploads\/sites\/3\/2023\/12\/Visual_WHWB_Restaurant_02_592x396-with-icon.jpg?w=592\" alt=\"Social-Emotional well-being\" class=\"wp-image-7300 size-full\"\/><\/figure><div class=\"wp-block-media-text__content\">\n<h4 class=\"wp-block-heading has-text-align-left has-blue-color has-text-color\" id=\"social-emotional-well-being\">S\u1ee9c kh\u1ecfe c\u1ea3m x\u00fac<\/h4>\n\n\n\n<p>Nghe t\u1ed1t cho ph\u00e9p ch\u00fang ta ho\u1ea1t \u0111\u1ed9ng x\u00e3 h\u1ed9i, k\u1ebft n\u1ed1i v\u1edbi ng\u01b0\u1eddi kh\u00e1c v\u00e0 giao ti\u1ebfp hi\u1ec7u qu\u1ea3 &#8211; kh\u00f4ng c\u00f3 r\u00e0o c\u1ea3n.<\/p>\n\n\n\n<p>S\u1eed d\u1ee5ng m\u00e1y tr\u1ee3 th\u00ednh c\u00f3 th\u1ec3 c\u1ea3i thi\u1ec7n ch\u1ea5t l\u01b0\u1ee3ng cu\u1ed9c s\u1ed1ng, t\u01b0\u01a1ng t\u00e1c x\u00e3 h\u1ed9i v\u00e0 s\u1ef1 h\u00e0i l\u00f2ng trong m\u1ed1i quan h\u1ec7 c\u1ee7a b\u1ea1n v\u00e0 nh\u1eefng ng\u01b0\u1eddi th\u00e2n y\u00eau.<sup>2<\/sup><\/p>\n<\/div><\/div>\n\n\n\n<div class=\"wp-block-media-text has-media-on-the-right is-stacked-on-mobile\"><div class=\"wp-block-media-text__content\">\n<h4 class=\"wp-block-heading has-blue-color has-text-color\" id=\"cognitive-well-being\">S\u1ee9c kh\u1ecfe nh\u1eadn th\u1ee9c<\/h4>\n\n\n\n<p>B\u1ed9 n\u00e3o \u0111\u00f3ng m\u1ed9t vai tr\u00f2 quan tr\u1ecdng trong vi\u1ec7c nghe v\u00e0 hi\u1ec3u l\u1eddi n\u00f3i &#8211; \u0111i\u1ec1u quan tr\u1ecdng l\u00e0 ph\u1ea3i gi\u1eef cho n\u00f3 \u0111\u01b0\u1ee3c k\u00edch th\u00edch.<\/p>\n\n\n\n<p>\u0110\u00f3 l\u00e0 l\u00fac m\u00e1y tr\u1ee3 th\u00ednh ph\u00e1t huy t\u00e1c d\u1ee5ng. S\u1eed d\u1ee5ng m\u00e1y tr\u1ee3 th\u00ednh c\u00f3 li\u00ean quan \u0111\u1ebfn vi\u1ec7c c\u1ea3i thi\u1ec7n tr\u00ed nh\u1edb<sup>3<\/sup>&nbsp; V\u00e0 n\u00f3 \u0111\u00e3 \u0111\u01b0\u1ee3c ch\u1ee9ng minh l\u00e0 gi\u00fap cho vi\u1ec7c nghe hi\u1ec3u tr\u1edf n\u00ean d\u1ec5 d\u00e0ng h\u01a1n.<sup>4<\/sup><\/p>\n<\/div><figure class=\"wp-block-media-text__media\"><img decoding=\"async\" src=\"https:\/\/intl.phonak.com\/vi-vn\/wp-content\/uploads\/sites\/3\/2023\/12\/WHWB-Cognitive-Dimension-Office-OptionB_592x396-with-icon.jpg?w=592\" alt=\"Cognitive well-being\" class=\"wp-image-7302 size-full\"\/><\/figure><\/div>\n\n\n\n<div class=\"wp-block-media-text is-stacked-on-mobile\"><figure class=\"wp-block-media-text__media\"><img decoding=\"async\" src=\"https:\/\/intl.phonak.com\/vi-vn\/wp-content\/uploads\/sites\/3\/2023\/12\/Visual_WHWB-ActivityOutdoors_01_592x396-with-icon.jpg?w=592\" alt=\"Physical well-being\" class=\"wp-image-7303 size-full\"\/><\/figure><div class=\"wp-block-media-text__content\">\n<h4 class=\"wp-block-heading has-blue-color has-text-color\" id=\"physical-well-being\">S\u1ee9c kh\u1ecfe th\u1ec3 ch\u1ea5t<\/h4>\n\n\n\n<p>T\u00ecm \u0111\u01b0\u1ee3c gi\u1ea3i ph\u00e1p th\u00ednh gi\u00e1c ph\u00f9 h\u1ee3p c\u00f3 ngh\u0129a l\u00e0 b\u1ea1n \u0111\u00e3 \u0111\u01b0\u1ee3c trang b\u1ecb \u0111\u1ea7y \u0111\u1ee7 \u0111\u1ec3 \u0111\u1ed1i ph\u00f3 v\u1edbi c\u00e1c t\u00ecnh hu\u1ed1ng nghe kh\u00e1c nhau.<\/p>\n\n\n\n<p>Nghe r\u00f5 cung c\u1ea5p cho b\u1ea1n nh\u1eadn th\u1ee9c v\u1ec1 m\u00f4i tr\u01b0\u1eddng t\u1ed1t h\u01a1n, th\u00fac \u0111\u1ea9y c\u1ea3m gi\u00e1c an to\u00e0n v\u00e0 t\u1ef1 tin.<\/p>\n<\/div><\/div>\n\n\n\n<p><\/p>\n\n\n\n<p class=\"is-style-default has-small-font-size\">Ch\u00fa th\u00edch<br>1. Vercammen, C., Ferguson, M., Kramer, SE, v\u00e0 c\u1ed9ng s\u1ef1 (2020). Well-Hearing is Well-Being.<em>Hearing Review<\/em>, 27(3), 18-22.<br>2. Kamil RJ, Lin FR. The Effects of Hearing Impairment in Older Adults on Communication Partners:&nbsp;<em>A Systematic Review<\/em>. J Am Acad Audiol. 2015; 26(2):155-182.<br>3. Karawani, H., Jenkins, K., &amp; Anderson, S. (2018). Restoration of sensory input may improve cognitive and neural function.<em>Neuropsychologia<\/em>, 114, 203\u2013213.<br>4. Winneke, A., Schulte, M., Vormann, M., Latzel, M. (2018). Spatial noise processing in hearing aids modulates neural markers linked to listening effort: an EEG study.<em>AudiologyOnline<\/em>, Article 23858.<\/p>\n\n\n\n<div style=\"height:38px\" aria-hidden=\"true\" class=\"wp-block-spacer\"><\/div>\n\n\n\n<p class=\"has-text-align-center is-style-default\"><a href=\"https:\/\/intl.phonak.com\/vi-vn\/mat-thinh-luc\/nguyen-nhan-gay-mat-thinh-luc\/\">T\u00ecm hi\u1ec3u nguy\u00ean nh\u00e2n g\u00e2y m\u1ea5t th\u00ednh l\u1ef1c<\/a><\/p>\n\n\n\n<div style=\"height:42px\" aria-hidden=\"true\" class=\"wp-block-spacer\"><\/div>\n\n\n\n<div class=\"wp-block-media-text is-stacked-on-mobile cta-block\" style=\"grid-template-columns:35% auto\"><figure class=\"wp-block-media-text__media\"><img decoding=\"async\" src=\"https:\/\/intl.phonak.com\/main-english\/wp-content\/uploads\/sites\/3\/2021\/11\/cta-image.jpg?w=401\" alt=\"\" class=\"wp-image-6738 size-full\"\/><\/figure><div class=\"wp-block-media-text__content\">\n<div class=\"wp-block-create-block-icon-selector\"><i class=\"fal fa-map-marker-alt\"><\/i><\/div>   \n<h3 class=\"wp-block-heading\">Chuy\u00ean gia th\u00ednh gi\u00e1c lu\u00f4n b\u00ean b\u1ea1n<\/h3>   <p>C\u00e1c chuy\u00ean gia ch\u0103m s\u00f3c th\u00ednh gi\u00e1c c\u00f3 th\u1ec3 gi\u00fap b\u1ea1n \u0111\u01b0a ra l\u1ef1a ch\u1ecdn ho\u00e0n h\u1ea3o cho m\u00ecnh. H\u1ecd s\u1ebd xem x\u00e9t nhu c\u1ea7u th\u00ednh l\u1ef1c, ng\u00e2n s\u00e1ch, l\u1ed1i s\u1ed1ng v\u00e0 s\u1edf th\u00edch c\u00e1 nh\u00e2n c\u1ee7a b\u1ea1n. <\/p>   <div class=\"wp-block-buttons is-layout-flex wp-block-buttons-is-layout-flex\">\n<div class=\"wp-block-button is-style-marker-green\"><a class=\"wp-block-button__link wp-element-button\" href=\"https:\/\/intl.phonak.com\/vi-vn\/find-an-expert\/\">T\u00ecm chuy\u00ean gia<\/a><\/div>\n<\/div>\n<\/div><\/div> ","protected":false},"excerpt":{"rendered":"<p>T\u1ea1i Phonak, ch\u00fang t\u00f4i tin r\u1eb1ng th\u00ednh gi\u00e1c t\u1ed1t t\u01b0\u01a1ng \u0111\u01b0\u01a1ng v\u1edbi h\u1ea1nh ph\u00fac v\u00e0 l\u00e0 \u0111i\u1ec1u c\u1ea7n thi\u1ebft \u0111\u1ec3&#8230;<\/p>\n","protected":false},"author":14,"featured_media":0,"parent":281,"menu_order":0,"comment_status":"closed","ping_status":"closed","template":"","meta":{"_acf_changed":false,"inline_featured_image":false,"footnotes":""},"class_list":["post-278","page","type-page","status-publish","hentry"],"acf":[],"yoast_head":"<!-- This site is optimized with the Yoast SEO plugin v26.9 - https:\/\/yoast.com\/product\/yoast-seo-wordpress\/ -->\n<title>Phonak Well-Hearing is Well-Being\u2122 - Phonak - Vietnam<\/title>\n<meta name=\"robots\" content=\"index, follow, max-snippet:-1, max-image-preview:large, max-video-preview:-1\" \/>\n<link rel=\"canonical\" href=\"https:\/\/intl.phonak.com\/main-english\/hearing-loss\/phonak-well-hearing-is-well-being\/\" \/>\n<meta property=\"og:locale\" content=\"vi_VN\" \/>\n<meta property=\"og:type\" content=\"article\" \/>\n<meta property=\"og:title\" content=\"Phonak Well-Hearing is Well-Being\u2122 - Phonak - Vietnam\" \/>\n<meta property=\"og:description\" content=\"T\u1ea1i Phonak, ch\u00fang t\u00f4i tin r\u1eb1ng th\u00ednh gi\u00e1c t\u1ed1t t\u01b0\u01a1ng \u0111\u01b0\u01a1ng v\u1edbi h\u1ea1nh ph\u00fac v\u00e0 l\u00e0 \u0111i\u1ec1u c\u1ea7n thi\u1ebft \u0111\u1ec3...\" \/>\n<meta property=\"og:url\" content=\"https:\/\/intl.phonak.com\/vi-vn\/mat-thinh-luc\/phonak-well-hearing-is-well-being\/\" \/>\n<meta property=\"og:site_name\" content=\"Phonak - Vietnam\" \/>\n<meta property=\"article:modified_time\" content=\"2025-03-14T13:17:47+00:00\" \/>\n<meta name=\"twitter:card\" content=\"summary_large_image\" \/>\n<meta name=\"twitter:label1\" content=\"Est. reading time\" \/>\n\t<meta name=\"twitter:data1\" content=\"7 minutes\" \/>\n<script type=\"application\/ld+json\" class=\"yoast-schema-graph\">{\"@context\":\"https:\/\/schema.org\",\"@graph\":[{\"@type\":\"WebPage\",\"@id\":\"https:\/\/intl.phonak.com\/vi-vn\/mat-thinh-luc\/phonak-well-hearing-is-well-being\/\",\"url\":\"https:\/\/intl.phonak.com\/vi-vn\/mat-thinh-luc\/phonak-well-hearing-is-well-being\/\",\"name\":\"Phonak Well-Hearing is Well-Being\u2122 - Phonak - Vietnam\",\"isPartOf\":{\"@id\":\"https:\/\/intl.phonak.com\/vi-vn\/#website\"},\"primaryImageOfPage\":{\"@id\":\"https:\/\/intl.phonak.com\/vi-vn\/mat-thinh-luc\/phonak-well-hearing-is-well-being\/#primaryimage\"},\"image\":{\"@id\":\"https:\/\/intl.phonak.com\/vi-vn\/mat-thinh-luc\/phonak-well-hearing-is-well-being\/#primaryimage\"},\"thumbnailUrl\":\"https:\/\/intl.phonak.com\/vi-vn\/wp-content\/uploads\/sites\/3\/2023\/12\/WHWB-banner_ComputeGame-OptionB.jpg\",\"datePublished\":\"2022-02-10T21:54:30+00:00\",\"dateModified\":\"2025-03-14T13:17:47+00:00\",\"breadcrumb\":{\"@id\":\"https:\/\/intl.phonak.com\/vi-vn\/mat-thinh-luc\/phonak-well-hearing-is-well-being\/#breadcrumb\"},\"inLanguage\":\"vi\",\"potentialAction\":[{\"@type\":\"ReadAction\",\"target\":[\"https:\/\/intl.phonak.com\/vi-vn\/mat-thinh-luc\/phonak-well-hearing-is-well-being\/\"]}]},{\"@type\":\"ImageObject\",\"inLanguage\":\"vi\",\"@id\":\"https:\/\/intl.phonak.com\/vi-vn\/mat-thinh-luc\/phonak-well-hearing-is-well-being\/#primaryimage\",\"url\":\"\",\"contentUrl\":\"\"},{\"@type\":\"BreadcrumbList\",\"@id\":\"https:\/\/intl.phonak.com\/vi-vn\/mat-thinh-luc\/phonak-well-hearing-is-well-being\/#breadcrumb\",\"itemListElement\":[{\"@type\":\"ListItem\",\"position\":1,\"name\":\"Home\",\"item\":\"https:\/\/intl.phonak.com\/vi-vn\/\"},{\"@type\":\"ListItem\",\"position\":2,\"name\":\"M\u1ea5t th\u00ednh l\u1ef1c\",\"item\":\"https:\/\/intl.phonak.com\/vi-vn\/mat-thinh-luc\/\"},{\"@type\":\"ListItem\",\"position\":3,\"name\":\"Phonak Well-Hearing is Well-Being\u2122\"}]},{\"@type\":\"WebSite\",\"@id\":\"https:\/\/intl.phonak.com\/vi-vn\/#website\",\"url\":\"https:\/\/intl.phonak.com\/vi-vn\/\",\"name\":\"Phonak - Vietnam\",\"description\":\"Just another sonova-hearing-solutions.go-vip.net Sites site\",\"potentialAction\":[{\"@type\":\"SearchAction\",\"target\":{\"@type\":\"EntryPoint\",\"urlTemplate\":\"https:\/\/intl.phonak.com\/vi-vn\/?s={search_term_string}\"},\"query-input\":{\"@type\":\"PropertyValueSpecification\",\"valueRequired\":true,\"valueName\":\"search_term_string\"}}],\"inLanguage\":\"vi\"}]}<\/script>\n<!-- \/ Yoast SEO plugin. -->","yoast_head_json":{"title":"Phonak Well-Hearing is Well-Being\u2122 - Phonak - Vietnam","robots":{"index":"index","follow":"follow","max-snippet":"max-snippet:-1","max-image-preview":"max-image-preview:large","max-video-preview":"max-video-preview:-1"},"canonical":"https:\/\/intl.phonak.com\/main-english\/hearing-loss\/phonak-well-hearing-is-well-being\/","og_locale":"vi_VN","og_type":"article","og_title":"Phonak Well-Hearing is Well-Being\u2122 - Phonak - Vietnam","og_description":"T\u1ea1i Phonak, ch\u00fang t\u00f4i tin r\u1eb1ng th\u00ednh gi\u00e1c t\u1ed1t t\u01b0\u01a1ng \u0111\u01b0\u01a1ng v\u1edbi h\u1ea1nh ph\u00fac v\u00e0 l\u00e0 \u0111i\u1ec1u c\u1ea7n thi\u1ebft \u0111\u1ec3...","og_url":"https:\/\/intl.phonak.com\/vi-vn\/mat-thinh-luc\/phonak-well-hearing-is-well-being\/","og_site_name":"Phonak - Vietnam","article_modified_time":"2025-03-14T13:17:47+00:00","twitter_card":"summary_large_image","twitter_misc":{"Est. reading time":"7 minutes"},"schema":{"@context":"https:\/\/schema.org","@graph":[{"@type":"WebPage","@id":"https:\/\/intl.phonak.com\/vi-vn\/mat-thinh-luc\/phonak-well-hearing-is-well-being\/","url":"https:\/\/intl.phonak.com\/vi-vn\/mat-thinh-luc\/phonak-well-hearing-is-well-being\/","name":"Phonak Well-Hearing is Well-Being\u2122 - Phonak - Vietnam","isPartOf":{"@id":"https:\/\/intl.phonak.com\/vi-vn\/#website"},"primaryImageOfPage":{"@id":"https:\/\/intl.phonak.com\/vi-vn\/mat-thinh-luc\/phonak-well-hearing-is-well-being\/#primaryimage"},"image":{"@id":"https:\/\/intl.phonak.com\/vi-vn\/mat-thinh-luc\/phonak-well-hearing-is-well-being\/#primaryimage"},"thumbnailUrl":"https:\/\/intl.phonak.com\/vi-vn\/wp-content\/uploads\/sites\/3\/2023\/12\/WHWB-banner_ComputeGame-OptionB.jpg","datePublished":"2022-02-10T21:54:30+00:00","dateModified":"2025-03-14T13:17:47+00:00","breadcrumb":{"@id":"https:\/\/intl.phonak.com\/vi-vn\/mat-thinh-luc\/phonak-well-hearing-is-well-being\/#breadcrumb"},"inLanguage":"vi","potentialAction":[{"@type":"ReadAction","target":["https:\/\/intl.phonak.com\/vi-vn\/mat-thinh-luc\/phonak-well-hearing-is-well-being\/"]}]},{"@type":"ImageObject","inLanguage":"vi","@id":"https:\/\/intl.phonak.com\/vi-vn\/mat-thinh-luc\/phonak-well-hearing-is-well-being\/#primaryimage","url":"","contentUrl":""},{"@type":"BreadcrumbList","@id":"https:\/\/intl.phonak.com\/vi-vn\/mat-thinh-luc\/phonak-well-hearing-is-well-being\/#breadcrumb","itemListElement":[{"@type":"ListItem","position":1,"name":"Home","item":"https:\/\/intl.phonak.com\/vi-vn\/"},{"@type":"ListItem","position":2,"name":"M\u1ea5t th\u00ednh l\u1ef1c","item":"https:\/\/intl.phonak.com\/vi-vn\/mat-thinh-luc\/"},{"@type":"ListItem","position":3,"name":"Phonak Well-Hearing is Well-Being\u2122"}]},{"@type":"WebSite","@id":"https:\/\/intl.phonak.com\/vi-vn\/#website","url":"https:\/\/intl.phonak.com\/vi-vn\/","name":"Phonak - Vietnam","description":"Just another sonova-hearing-solutions.go-vip.net Sites site","potentialAction":[{"@type":"SearchAction","target":{"@type":"EntryPoint","urlTemplate":"https:\/\/intl.phonak.com\/vi-vn\/?s={search_term_string}"},"query-input":{"@type":"PropertyValueSpecification","valueRequired":true,"valueName":"search_term_string"}}],"inLanguage":"vi"}]}},"jetpack_sharing_enabled":true,"distributor_meta":false,"distributor_terms":false,"distributor_media":false,"distributor_original_site_name":"Phonak - Vietnam","distributor_original_site_url":"https:\/\/intl.phonak.com\/vi-vn","push-errors":false,"_links":{"self":[{"href":"https:\/\/intl.phonak.com\/vi-vn\/wp-json\/wp\/v2\/pages\/278","targetHints":{"allow":["GET"]}}],"collection":[{"href":"https:\/\/intl.phonak.com\/vi-vn\/wp-json\/wp\/v2\/pages"}],"about":[{"href":"https:\/\/intl.phonak.com\/vi-vn\/wp-json\/wp\/v2\/types\/page"}],"author":[{"embeddable":true,"href":"https:\/\/intl.phonak.com\/vi-vn\/wp-json\/wp\/v2\/users\/14"}],"replies":[{"embeddable":true,"href":"https:\/\/intl.phonak.com\/vi-vn\/wp-json\/wp\/v2\/comments?post=278"}],"version-history":[{"count":7,"href":"https:\/\/intl.phonak.com\/vi-vn\/wp-json\/wp\/v2\/pages\/278\/revisions"}],"predecessor-version":[{"id":888,"href":"https:\/\/intl.phonak.com\/vi-vn\/wp-json\/wp\/v2\/pages\/278\/revisions\/888"}],"up":[{"embeddable":true,"href":"https:\/\/intl.phonak.com\/vi-vn\/wp-json\/wp\/v2\/pages\/281"}],"wp:attachment":[{"href":"https:\/\/intl.phonak.com\/vi-vn\/wp-json\/wp\/v2\/media?parent=278"}],"curies":[{"name":"wp","href":"https:\/\/api.w.org\/{rel}","templated":true}]}}