{"id":272,"date":"2021-11-17T21:17:45","date_gmt":"2021-11-17T21:17:45","guid":{"rendered":"https:\/\/intl.phonak.com\/vi-vn\/solutions\/"},"modified":"2025-03-14T13:23:52","modified_gmt":"2025-03-14T13:23:52","slug":"giai-phap-tro-thinh","status":"publish","type":"page","link":"https:\/\/intl.phonak.com\/vi-vn\/giai-phap-tro-thinh\/","title":{"rendered":"S\u1ea3n ph\u1ea9m"},"content":{"rendered":"\n<div class=\"wp-block-cover alignfull is-light\"><span aria-hidden=\"true\" class=\"wp-block-cover__background has-light-grey-background-color has-background-dim\"><\/span><img decoding=\"async\" class=\"wp-block-cover__image-background wp-image-4530\" alt=\"Solutions\" src=\"https:\/\/intl.phonak.com\/vi-vn\/wp-content\/uploads\/sites\/3\/2022\/02\/Banner-solutions.jpg\" style=\"object-position:77% 33%\" data-object-fit=\"cover\" data-object-position=\"77% 33%\"\/><div class=\"wp-block-cover__inner-container is-layout-flow wp-block-cover-is-layout-flow\">\n<h1 class=\"wp-block-heading has-text-align-center has-dark-grey-color has-text-color\" id=\"signs-of-hearing-loss-1\">M\u1ed9t s\u1ef1 ph\u00f9 h\u1ee3p ho\u00e0n h\u1ea3o<\/h1>\n\n\n\n<p class=\"has-text-align-center has-dark-grey-color has-text-color has-lead-font-size\">Gi\u1ea3i ph\u00e1p cho m\u1ecdi nhu c\u1ea7u<\/p>\n<\/div><\/div>\n\n\n\n<h2 class=\"wp-block-heading has-text-align-center\" id=\"simplifying-life-with-a-brilliant-solution\">\u0110\u01a1n gi\u1ea3n h\u00f3a cu\u1ed9c s\u1ed1ng v\u1edbi m\u1ed9t gi\u1ea3i ph\u00e1p tuy\u1ec7t v\u1eddi<\/h2>\n\n\n\n<p class=\"has-text-align-center\">T\u1ef1 do \u0111i b\u1ea5t c\u1ee9 n\u01a1i n\u00e0o b\u1ea1n th\u00edch, kh\u00f4ng b\u1ecb h\u1ea1n ch\u1ebf v\u1ec1 th\u00ednh l\u1ef1c, l\u00e0 \u0111i\u1ec1u quan tr\u1ecdng \u0111\u1ec3 c\u00f3 m\u1ed9t cu\u1ed9c s\u1ed1ng vi\u00ean m\u00e3n. \u0110\u00e2y l\u00e0 tr\u1ecdng t\u00e2m ch\u00ednh c\u1ee7a ch\u00fang t\u00f4i khi t\u1ea1o ra c\u00e1c n\u1ec1n t\u1ea3ng m\u1edbi cho m\u00e1y tr\u1ee3 th\u00ednh v\u00e0 ph\u1ee5 ki\u1ec7n Phonak.<\/p>\n\n\n\n<p class=\"has-text-align-center\">M\u1ee5c \u0111\u00edch c\u1ee7a ch\u00fang t\u00f4i l\u00e0 t\u1ea1o ra c\u00e1c lo\u1ea1i thi\u1ebft b\u1ecb tr\u1ee3 th\u00ednh kh\u00e1c nhau, gi\u00fap \u0111\u01a1n gi\u1ea3n h\u00f3a cu\u1ed9c s\u1ed1ng, t\u1ef1 \u0111\u1ed9ng v\u00e0 d\u1ec5 d\u00e0ng, \u0111\u1ed3ng th\u1eddi cung c\u1ea5p cho b\u1ea1n tr\u1ea3i nghi\u1ec7m th\u00ednh gi\u00e1c \u0111\u1eb7c bi\u1ec7t, m\u1ecdi l\u00fac m\u1ecdi n\u01a1i!<\/p>\n\n\n\n<p class=\"has-text-align-center\">M\u00e1y tr\u1ee3 th\u00ednh \u0111\u00e3 ph\u00e1t tri\u1ec3n m\u1ed9t ch\u1eb7ng \u0111\u01b0\u1eddng d\u00e0i trong nh\u1eefng n\u0103m g\u1ea7n \u0111\u00e2y. B\u1ea5t k\u1ec3 m\u1ee9c \u0111\u1ed9 m\u1ea5t th\u00ednh l\u1ef1c c\u1ee7a b\u1ea1n &#8211; t\u1eeb nh\u1eb9 \u0111\u1ebfn s\u00e2u &#8211; m\u00e1y tr\u1ee3 th\u00ednh Phonak v\u1edbi c\u00e1c k\u00edch th\u01b0\u1edbc v\u00e0 t\u00ednh n\u0103ng kh\u00e1c nhau s\u1ebd lu\u00f4n \u0111\u00e1p \u1ee9ng cu\u1ed9c s\u1ed1ng c\u1ee7a b\u1ea1n.<\/p>\n\n\n\n<div style=\"height:37px\" aria-hidden=\"true\" class=\"wp-block-spacer\"><\/div>\n\n\n\n\t<div class=\"wp-block-pho-product-selection wp-block-pho-product-selection\">\n\t\t<div class=\"grid-x grid-padding-x grid-padding-y\">\n\n\t\t\t\t\t\t\t<div class=\"cell\">\n\t\t\t\t\t<h2 class=\"text-center\">Kh\u00e1m ph\u00e1 c\u00e1c s\u1ea3n ph\u1ea9m<\/h2>\n\t\t\t\t<\/div>\n\t\t\t\t\n\t\t\t\t<div class=\"cell medium-6 large-4 flex-container\">\n\t\t\t\t\t\n<article id=\"post-686\" class=\"product-card post-686 pho_products type-pho_products status-publish has-post-thumbnail hentry pho_product_type-lan-dau-tien pho_product_type-may-tro-thinh-trong-tai pho_product_category-may-tro-thinh pho_product_platforms-infinio\">\n\t\t<a class=\"flex-container flex-dir-column align-justify align-top\" href=\"https:\/\/intl.phonak.com\/vi-vn\/san-pham\/phonak-virto-infinio\/\">\n\t\t<div class=\"product-card-content-wrapper\">\n\t\t\t\n\t\t\t\t<div class=\"product-image-wrapper\">\n\t\t\t\t\t<img loading=\"lazy\" decoding=\"async\" width=\"1024\" height=\"1024\" src=\"https:\/\/intl.phonak.com\/vi-vn\/wp-content\/uploads\/sites\/58\/2024\/10\/PH_Packshot_Virto-I-10-NW-O_CIC-F22-S22-left-PB.png?w=1024\" class=\"attachment-post-thumbnail size-post-thumbnail wp-post-image\" alt=\"Phonak Virto I-10 NW O\" srcset=\"https:\/\/intl.phonak.com\/vi-vn\/wp-content\/uploads\/sites\/58\/2024\/10\/PH_Packshot_Virto-I-10-NW-O_CIC-F22-S22-left-PB.png 2750w, https:\/\/intl.phonak.com\/vi-vn\/wp-content\/uploads\/sites\/58\/2024\/10\/PH_Packshot_Virto-I-10-NW-O_CIC-F22-S22-left-PB.png?resize=150,150 150w, https:\/\/intl.phonak.com\/vi-vn\/wp-content\/uploads\/sites\/58\/2024\/10\/PH_Packshot_Virto-I-10-NW-O_CIC-F22-S22-left-PB.png?resize=300,300 300w, https:\/\/intl.phonak.com\/vi-vn\/wp-content\/uploads\/sites\/58\/2024\/10\/PH_Packshot_Virto-I-10-NW-O_CIC-F22-S22-left-PB.png?resize=768,768 768w, https:\/\/intl.phonak.com\/vi-vn\/wp-content\/uploads\/sites\/58\/2024\/10\/PH_Packshot_Virto-I-10-NW-O_CIC-F22-S22-left-PB.png?resize=1024,1024 1024w, https:\/\/intl.phonak.com\/vi-vn\/wp-content\/uploads\/sites\/58\/2024\/10\/PH_Packshot_Virto-I-10-NW-O_CIC-F22-S22-left-PB.png?resize=1536,1536 1536w, https:\/\/intl.phonak.com\/vi-vn\/wp-content\/uploads\/sites\/58\/2024\/10\/PH_Packshot_Virto-I-10-NW-O_CIC-F22-S22-left-PB.png?resize=2048,2048 2048w\" sizes=\"auto, (max-width: 1024px) 100vw, 1024px\" \/>\t\t\t\t<\/div>\n\n\t\t\t\t<h3 class=\"entry-title\">Phonak Virto\u2122 Infinio<\/h3><p>M\u00e1y tr\u1ee3 th\u00ednh Virto Infinio d\u00e0nh cho nh\u1eefng ng\u01b0\u1eddi th\u00edch m\u00e1y tr\u1ee3 th\u00ednh k\u00edn \u0111\u00e1o, ch\u1ebf t\u00e1c ri\u00eang bi\u1ec7t. <\/p>\n\t\t<\/div>\n\t\t<div class=\"wp-block-button\">\n\t\t\t<div class=\"wp-block-button__link\">Xem th\u00eam<\/div>\n\t\t<\/div>\n\t<\/a>\n<\/article><!-- #post-686 -->\n\t\t\t\t<\/div>\n\n\t\t\t\t\n\t\t\t\t<div class=\"cell medium-6 large-4 flex-container\">\n\t\t\t\t\t\n<article id=\"post-17\" class=\"product-card post-17 pho_products type-pho_products status-publish has-post-thumbnail hentry pho_product_type-mat-thinh-luc-mot-ben pho_product_category-may-tro-thinh pho_product_platforms-infinio\">\n\t\t<a class=\"flex-container flex-dir-column align-justify align-top\" href=\"https:\/\/intl.phonak.com\/vi-vn\/san-pham\/phonak-cros-infinio\/\">\n\t\t<div class=\"product-card-content-wrapper\">\n\t\t\t\n\t\t\t\t<div class=\"product-image-wrapper\">\n\t\t\t\t\t<img loading=\"lazy\" decoding=\"async\" width=\"600\" height=\"600\" src=\"https:\/\/intl.phonak.com\/vi-vn\/wp-content\/uploads\/sites\/58\/2024\/10\/PH_Packshot_CROS-I-R_050-1043-P5.png?w=600\" class=\"attachment-post-thumbnail size-post-thumbnail wp-post-image\" alt=\"Phonak CROS Infinio\" srcset=\"https:\/\/intl.phonak.com\/vi-vn\/wp-content\/uploads\/sites\/58\/2024\/10\/PH_Packshot_CROS-I-R_050-1043-P5.png 600w, https:\/\/intl.phonak.com\/vi-vn\/wp-content\/uploads\/sites\/58\/2024\/10\/PH_Packshot_CROS-I-R_050-1043-P5.png?resize=150,150 150w, https:\/\/intl.phonak.com\/vi-vn\/wp-content\/uploads\/sites\/58\/2024\/10\/PH_Packshot_CROS-I-R_050-1043-P5.png?resize=300,300 300w\" sizes=\"auto, (max-width: 600px) 100vw, 600px\" \/>\t\t\t\t<\/div>\n\n\t\t\t\t<h3 class=\"entry-title\">Phonak CROS Infinio<\/h3><p>Gi\u1ea3i ph\u00e1p c\u1ee7a ch\u00fang t\u00f4i tr\u00ean n\u1ec1n t\u1ea3ng Infinio d\u00e0nh cho ng\u01b0\u1eddi m\u1ea5t th\u00ednh l\u1ef1c 1 b\u00ean tai<\/p>\n\t\t<\/div>\n\t\t<div class=\"wp-block-button\">\n\t\t\t<div class=\"wp-block-button__link\">Xem th\u00eam<\/div>\n\t\t<\/div>\n\t<\/a>\n<\/article><!-- #post-17 -->\n\t\t\t\t<\/div>\n\n\t\t\t\t\n\t\t\t\t<div class=\"cell medium-6 large-4 flex-container\">\n\t\t\t\t\t\n<article id=\"post-29\" class=\"product-card post-29 pho_products type-pho_products status-publish has-post-thumbnail hentry pho_product_type-suc-manh pho_product_category-may-tro-thinh pho_product_platforms-lumity\">\n\t\t<a class=\"flex-container flex-dir-column align-justify align-top\" href=\"https:\/\/intl.phonak.com\/vi-vn\/san-pham\/phonak-naida-lumity\/\">\n\t\t<div class=\"product-card-content-wrapper\">\n\t\t\t\n\t\t\t\t<div class=\"product-image-wrapper\">\n\t\t\t\t\t<img loading=\"lazy\" decoding=\"async\" width=\"600\" height=\"600\" src=\"https:\/\/intl.phonak.com\/vi-vn\/wp-content\/uploads\/sites\/58\/2023\/10\/PH_Packshot_Naida_L-PR_050-1069-P5.png?w=600\" class=\"attachment-post-thumbnail size-post-thumbnail wp-post-image\" alt=\"Phonak Na\u00edda L-PR\" srcset=\"https:\/\/intl.phonak.com\/vi-vn\/wp-content\/uploads\/sites\/58\/2023\/10\/PH_Packshot_Naida_L-PR_050-1069-P5.png 600w, https:\/\/intl.phonak.com\/vi-vn\/wp-content\/uploads\/sites\/58\/2023\/10\/PH_Packshot_Naida_L-PR_050-1069-P5.png?resize=150,150 150w, https:\/\/intl.phonak.com\/vi-vn\/wp-content\/uploads\/sites\/58\/2023\/10\/PH_Packshot_Naida_L-PR_050-1069-P5.png?resize=300,300 300w\" sizes=\"auto, (max-width: 600px) 100vw, 600px\" \/>\t\t\t\t<\/div>\n\n\t\t\t\t<h3 class=\"entry-title\">Phonak Na\u00edda\u2122 Lumity<\/h3><p>Thi\u1ebft b\u1ecb tr\u1ee3 th\u00ednh m\u1ea1nh m\u1ebd nh\u1ea5t c\u1ee7a ch\u00fang t\u00f4i, mang \u0111\u1ebfn gi\u1ea3i ph\u00e1p b\u1ec1n b\u1ec9 v\u00e0 \u0111\u00e1ng tin c\u1eady cho nh\u1eefng ai mu\u1ed1n n\u1eafm b\u1eaft m\u1ecdi c\u01a1 h\u1ed9i v\u1edbi c\u00e1c t\u00ednh n\u0103ng m\u1edbi nh\u1ea5t c\u1ee7a Lumity. <\/p>\n\t\t<\/div>\n\t\t<div class=\"wp-block-button\">\n\t\t\t<div class=\"wp-block-button__link\">Xem th\u00eam<\/div>\n\t\t<\/div>\n\t<\/a>\n<\/article><!-- #post-29 -->\n\t\t\t\t<\/div>\n\n\t\t\t\t\n\t\t<\/div>\n\t<\/div>\n\n\t\n\n\n<div style=\"height:25px\" aria-hidden=\"true\" class=\"wp-block-spacer\"><\/div>\n\n\n\n<p class=\"has-text-align-center\"><a href=\"https:\/\/intl.phonak.com\/vi-vn\/giai-phap-tro-thinh\/cac-kieu-may-tro-thinh\/\">T\u00ecm hi\u1ec3u c\u00e1c ki\u1ec3u m\u00e1y tr\u1ee3 th\u00ednh kh\u00e1c nhau<\/a><\/p>\n\n\n\n<div style=\"height:34px\" aria-hidden=\"true\" class=\"wp-block-spacer\"><\/div>\n\n\n\n<div class=\"wp-block-media-text is-stacked-on-mobile cta-block\" style=\"grid-template-columns:35% auto\"><figure class=\"wp-block-media-text__media\"><img decoding=\"async\" src=\"https:\/\/intl.phonak.com\/main-english\/wp-content\/uploads\/sites\/3\/2021\/11\/cta-image.jpg?w=401\" alt=\"\" class=\"wp-image-6738 size-full\"\/><\/figure><div class=\"wp-block-media-text__content\">\n<div class=\"wp-block-create-block-icon-selector\"><i class=\"fal fa-map-marker-alt\"><\/i><\/div>   \n<h3 class=\"wp-block-heading\">Chuy\u00ean gia th\u00ednh gi\u00e1c lu\u00f4n b\u00ean b\u1ea1n<\/h3>   <p>C\u00e1c chuy\u00ean gia ch\u0103m s\u00f3c th\u00ednh gi\u00e1c c\u00f3 th\u1ec3 gi\u00fap b\u1ea1n \u0111\u01b0a ra l\u1ef1a ch\u1ecdn ho\u00e0n h\u1ea3o cho m\u00ecnh. H\u1ecd s\u1ebd xem x\u00e9t nhu c\u1ea7u th\u00ednh l\u1ef1c, ng\u00e2n s\u00e1ch, l\u1ed1i s\u1ed1ng v\u00e0 s\u1edf th\u00edch c\u00e1 nh\u00e2n c\u1ee7a b\u1ea1n. <\/p>   <div class=\"wp-block-buttons is-layout-flex wp-block-buttons-is-layout-flex\">\n<div class=\"wp-block-button is-style-marker-green\"><a class=\"wp-block-button__link wp-element-button\" href=\"https:\/\/intl.phonak.com\/vi-vn\/find-an-expert\/\">T\u00ecm chuy\u00ean gia<\/a><\/div>\n<\/div>\n<\/div><\/div> ","protected":false},"excerpt":{"rendered":"<p>\u0110\u01a1n gi\u1ea3n h\u00f3a cu\u1ed9c s\u1ed1ng v\u1edbi m\u1ed9t gi\u1ea3i ph\u00e1p tuy\u1ec7t v\u1eddi T\u1ef1 do \u0111i b\u1ea5t c\u1ee9 n\u01a1i n\u00e0o b\u1ea1n th\u00edch,&#8230;<\/p>\n","protected":false},"author":5,"featured_media":0,"parent":0,"menu_order":0,"comment_status":"closed","ping_status":"closed","template":"","meta":{"_acf_changed":false,"inline_featured_image":false,"footnotes":""},"class_list":["post-272","page","type-page","status-publish","hentry"],"acf":[],"yoast_head":"<!-- This site is optimized with the Yoast SEO plugin v26.9 - https:\/\/yoast.com\/product\/yoast-seo-wordpress\/ -->\n<title>S\u1ea3n ph\u1ea9m - Phonak - Vietnam<\/title>\n<meta name=\"robots\" content=\"index, follow, max-snippet:-1, max-image-preview:large, max-video-preview:-1\" \/>\n<link rel=\"canonical\" href=\"https:\/\/intl.phonak.com\/main-english\/solutions\/\" \/>\n<meta property=\"og:locale\" content=\"vi_VN\" \/>\n<meta property=\"og:type\" content=\"article\" \/>\n<meta property=\"og:title\" content=\"S\u1ea3n ph\u1ea9m - Phonak - Vietnam\" \/>\n<meta property=\"og:description\" content=\"\u0110\u01a1n gi\u1ea3n h\u00f3a cu\u1ed9c s\u1ed1ng v\u1edbi m\u1ed9t gi\u1ea3i ph\u00e1p tuy\u1ec7t v\u1eddi T\u1ef1 do \u0111i b\u1ea5t c\u1ee9 n\u01a1i n\u00e0o b\u1ea1n th\u00edch,...\" \/>\n<meta property=\"og:url\" content=\"https:\/\/intl.phonak.com\/vi-vn\/giai-phap-tro-thinh\/\" \/>\n<meta property=\"og:site_name\" content=\"Phonak - Vietnam\" \/>\n<meta property=\"article:modified_time\" content=\"2025-03-14T13:23:52+00:00\" \/>\n<meta name=\"twitter:card\" content=\"summary_large_image\" \/>\n<meta name=\"twitter:label1\" content=\"Est. reading time\" \/>\n\t<meta name=\"twitter:data1\" content=\"3 minutes\" \/>\n<script type=\"application\/ld+json\" class=\"yoast-schema-graph\">{\"@context\":\"https:\/\/schema.org\",\"@graph\":[{\"@type\":\"WebPage\",\"@id\":\"https:\/\/intl.phonak.com\/vi-vn\/giai-phap-tro-thinh\/\",\"url\":\"https:\/\/intl.phonak.com\/vi-vn\/giai-phap-tro-thinh\/\",\"name\":\"S\u1ea3n ph\u1ea9m - Phonak - Vietnam\",\"isPartOf\":{\"@id\":\"https:\/\/intl.phonak.com\/vi-vn\/#website\"},\"primaryImageOfPage\":{\"@id\":\"https:\/\/intl.phonak.com\/vi-vn\/giai-phap-tro-thinh\/#primaryimage\"},\"image\":{\"@id\":\"https:\/\/intl.phonak.com\/vi-vn\/giai-phap-tro-thinh\/#primaryimage\"},\"thumbnailUrl\":\"https:\/\/intl.phonak.com\/vi-vn\/wp-content\/uploads\/sites\/3\/2022\/02\/Banner-solutions.jpg\",\"datePublished\":\"2021-11-17T21:17:45+00:00\",\"dateModified\":\"2025-03-14T13:23:52+00:00\",\"breadcrumb\":{\"@id\":\"https:\/\/intl.phonak.com\/vi-vn\/giai-phap-tro-thinh\/#breadcrumb\"},\"inLanguage\":\"vi\",\"potentialAction\":[{\"@type\":\"ReadAction\",\"target\":[\"https:\/\/intl.phonak.com\/vi-vn\/giai-phap-tro-thinh\/\"]}]},{\"@type\":\"ImageObject\",\"inLanguage\":\"vi\",\"@id\":\"https:\/\/intl.phonak.com\/vi-vn\/giai-phap-tro-thinh\/#primaryimage\",\"url\":\"\",\"contentUrl\":\"\"},{\"@type\":\"BreadcrumbList\",\"@id\":\"https:\/\/intl.phonak.com\/vi-vn\/giai-phap-tro-thinh\/#breadcrumb\",\"itemListElement\":[{\"@type\":\"ListItem\",\"position\":1,\"name\":\"Home\",\"item\":\"https:\/\/intl.phonak.com\/vi-vn\/\"},{\"@type\":\"ListItem\",\"position\":2,\"name\":\"S\u1ea3n ph\u1ea9m\"}]},{\"@type\":\"WebSite\",\"@id\":\"https:\/\/intl.phonak.com\/vi-vn\/#website\",\"url\":\"https:\/\/intl.phonak.com\/vi-vn\/\",\"name\":\"Phonak - Vietnam\",\"description\":\"Just another sonova-hearing-solutions.go-vip.net Sites site\",\"potentialAction\":[{\"@type\":\"SearchAction\",\"target\":{\"@type\":\"EntryPoint\",\"urlTemplate\":\"https:\/\/intl.phonak.com\/vi-vn\/?s={search_term_string}\"},\"query-input\":{\"@type\":\"PropertyValueSpecification\",\"valueRequired\":true,\"valueName\":\"search_term_string\"}}],\"inLanguage\":\"vi\"}]}<\/script>\n<!-- \/ Yoast SEO plugin. -->","yoast_head_json":{"title":"S\u1ea3n ph\u1ea9m - Phonak - Vietnam","robots":{"index":"index","follow":"follow","max-snippet":"max-snippet:-1","max-image-preview":"max-image-preview:large","max-video-preview":"max-video-preview:-1"},"canonical":"https:\/\/intl.phonak.com\/main-english\/solutions\/","og_locale":"vi_VN","og_type":"article","og_title":"S\u1ea3n ph\u1ea9m - Phonak - Vietnam","og_description":"\u0110\u01a1n gi\u1ea3n h\u00f3a cu\u1ed9c s\u1ed1ng v\u1edbi m\u1ed9t gi\u1ea3i ph\u00e1p tuy\u1ec7t v\u1eddi T\u1ef1 do \u0111i b\u1ea5t c\u1ee9 n\u01a1i n\u00e0o b\u1ea1n th\u00edch,...","og_url":"https:\/\/intl.phonak.com\/vi-vn\/giai-phap-tro-thinh\/","og_site_name":"Phonak - Vietnam","article_modified_time":"2025-03-14T13:23:52+00:00","twitter_card":"summary_large_image","twitter_misc":{"Est. reading time":"3 minutes"},"schema":{"@context":"https:\/\/schema.org","@graph":[{"@type":"WebPage","@id":"https:\/\/intl.phonak.com\/vi-vn\/giai-phap-tro-thinh\/","url":"https:\/\/intl.phonak.com\/vi-vn\/giai-phap-tro-thinh\/","name":"S\u1ea3n ph\u1ea9m - Phonak - Vietnam","isPartOf":{"@id":"https:\/\/intl.phonak.com\/vi-vn\/#website"},"primaryImageOfPage":{"@id":"https:\/\/intl.phonak.com\/vi-vn\/giai-phap-tro-thinh\/#primaryimage"},"image":{"@id":"https:\/\/intl.phonak.com\/vi-vn\/giai-phap-tro-thinh\/#primaryimage"},"thumbnailUrl":"https:\/\/intl.phonak.com\/vi-vn\/wp-content\/uploads\/sites\/3\/2022\/02\/Banner-solutions.jpg","datePublished":"2021-11-17T21:17:45+00:00","dateModified":"2025-03-14T13:23:52+00:00","breadcrumb":{"@id":"https:\/\/intl.phonak.com\/vi-vn\/giai-phap-tro-thinh\/#breadcrumb"},"inLanguage":"vi","potentialAction":[{"@type":"ReadAction","target":["https:\/\/intl.phonak.com\/vi-vn\/giai-phap-tro-thinh\/"]}]},{"@type":"ImageObject","inLanguage":"vi","@id":"https:\/\/intl.phonak.com\/vi-vn\/giai-phap-tro-thinh\/#primaryimage","url":"","contentUrl":""},{"@type":"BreadcrumbList","@id":"https:\/\/intl.phonak.com\/vi-vn\/giai-phap-tro-thinh\/#breadcrumb","itemListElement":[{"@type":"ListItem","position":1,"name":"Home","item":"https:\/\/intl.phonak.com\/vi-vn\/"},{"@type":"ListItem","position":2,"name":"S\u1ea3n ph\u1ea9m"}]},{"@type":"WebSite","@id":"https:\/\/intl.phonak.com\/vi-vn\/#website","url":"https:\/\/intl.phonak.com\/vi-vn\/","name":"Phonak - Vietnam","description":"Just another sonova-hearing-solutions.go-vip.net Sites site","potentialAction":[{"@type":"SearchAction","target":{"@type":"EntryPoint","urlTemplate":"https:\/\/intl.phonak.com\/vi-vn\/?s={search_term_string}"},"query-input":{"@type":"PropertyValueSpecification","valueRequired":true,"valueName":"search_term_string"}}],"inLanguage":"vi"}]}},"jetpack_sharing_enabled":true,"distributor_meta":false,"distributor_terms":false,"distributor_media":false,"distributor_original_site_name":"Phonak - Vietnam","distributor_original_site_url":"https:\/\/intl.phonak.com\/vi-vn","push-errors":false,"_links":{"self":[{"href":"https:\/\/intl.phonak.com\/vi-vn\/wp-json\/wp\/v2\/pages\/272","targetHints":{"allow":["GET"]}}],"collection":[{"href":"https:\/\/intl.phonak.com\/vi-vn\/wp-json\/wp\/v2\/pages"}],"about":[{"href":"https:\/\/intl.phonak.com\/vi-vn\/wp-json\/wp\/v2\/types\/page"}],"author":[{"embeddable":true,"href":"https:\/\/intl.phonak.com\/vi-vn\/wp-json\/wp\/v2\/users\/5"}],"replies":[{"embeddable":true,"href":"https:\/\/intl.phonak.com\/vi-vn\/wp-json\/wp\/v2\/comments?post=272"}],"version-history":[{"count":7,"href":"https:\/\/intl.phonak.com\/vi-vn\/wp-json\/wp\/v2\/pages\/272\/revisions"}],"predecessor-version":[{"id":893,"href":"https:\/\/intl.phonak.com\/vi-vn\/wp-json\/wp\/v2\/pages\/272\/revisions\/893"}],"wp:attachment":[{"href":"https:\/\/intl.phonak.com\/vi-vn\/wp-json\/wp\/v2\/media?parent=272"}],"curies":[{"name":"wp","href":"https:\/\/api.w.org\/{rel}","templated":true}]}}