{"id":269,"date":"2022-03-18T19:07:33","date_gmt":"2022-03-18T19:07:33","guid":{"rendered":"https:\/\/intl.phonak.com\/vi-vn\/roger-for-education\/"},"modified":"2025-03-26T13:59:16","modified_gmt":"2025-03-26T13:59:16","slug":"roger-danh-cho-giao-duc","status":"publish","type":"page","link":"https:\/\/intl.phonak.com\/vi-vn\/giai-phap-tro-thinh\/roger-danh-cho-giao-duc\/","title":{"rendered":"Roger\u2122 d\u00e0nh cho gi\u00e1o d\u1ee5c"},"content":{"rendered":"\n<div class=\"wp-block-cover alignfull is-light\" style=\"min-height:430px;aspect-ratio:unset;\"><span aria-hidden=\"true\" class=\"wp-block-cover__background has-white-background-color has-background-dim\"><\/span><img decoding=\"async\" class=\"wp-block-cover__image-background wp-image-5658\" alt=\"\" src=\"https:\/\/intl.phonak.com\/vi-vn\/wp-content\/uploads\/sites\/3\/2022\/03\/Banner-roger-for-education.jpg\" style=\"object-position:96% 70%\" data-object-fit=\"cover\" data-object-position=\"96% 70%\"\/><div class=\"wp-block-cover__inner-container is-layout-flow wp-block-cover-is-layout-flow\">\n<h1 class=\"wp-block-heading has-text-align-center has-dark-grey-color has-text-color\" id=\"why-hearing-health-matters\">Nghe hi\u1ec3u trong l\u1edbp h\u1ecdc<\/h1>\n\n\n\n<p class=\"has-text-align-center has-dark-grey-color has-text-color has-lead-font-size\">Vi\u1ec7c c\u1ea3i thi\u1ec7n kh\u1ea3 n\u0103ng nghe hi\u1ec3u trong l\u1edbp h\u1ecdc t\u1ea1o ra s\u1ef1 kh\u00e1c bi\u1ec7t t\u00edch c\u1ef1c trong qu\u00e1 tr\u00ecnh gi\u00e1o d\u1ee5c c\u1ee7a con b\u1ea1n<\/p>\n<\/div><\/div>\n\n\n\n<h2 class=\"wp-block-heading has-text-align-center\">Tham gia t\u00edch c\u1ef1c v\u00e0o l\u1edbp h\u1ecdc hi\u1ec7n \u0111\u1ea1i<\/h2>\n\n\n\n<p class=\"has-text-align-center\">\u0110\u1ed1i v\u1edbi t\u1ea5t c\u1ea3 tr\u1ebb em, \u0111\u1eb7c bi\u1ec7t l\u00e0 nh\u1eefng tr\u1ebb g\u1eb7p kh\u00f3 kh\u0103n v\u1ec1 th\u00ednh gi\u00e1c, vi\u1ec7c nghe t\u1ed1t \u1edf tr\u01b0\u1eddng l\u00e0 r\u1ea5t quan tr\u1ecdng. L\u1edbp h\u1ecdc l\u00e0 m\u1ed9t n\u01a1i n\u0103ng \u0111\u1ed9ng \u0111\u1ec3 t\u01b0\u01a1ng t\u00e1c v\u00e0 t\u1ea5t nhi\u00ean l\u00e0 h\u1ecdc t\u1eadp. \u0110\u1ec3 tham gia \u0111\u1ea7y \u0111\u1ee7, m\u1ecdi tr\u1ebb em kh\u00f4ng ch\u1ec9 c\u1ea7n nghe r\u00f5 gi\u00e1o vi\u00ean m\u00e0 c\u00f2n c\u1ea7n nghe \u0111\u01b0\u1ee3c c\u1ea3 c\u00e1c b\u1ea1n c\u00f9ng l\u1edbp v\u00e0 c\u00e1c thi\u1ebft b\u1ecb \u0111a ph\u01b0\u01a1ng ti\u1ec7n trong l\u1edbp h\u1ecdc. V\u1edbi Roger for Education, ch\u00fang t\u00f4i c\u00f3 m\u1ed9t gi\u1ea3i ph\u00e1p cho m\u1ecdi t\u00ecnh hu\u1ed1ng.<\/p>\n\n\n\n<div style=\"height:68px\" aria-hidden=\"true\" class=\"wp-block-spacer\"><\/div>\n\n\n<div class=\"brightcove-block\">\t\t<!-- Start of Brightcove Player -->\n\t\t\t\t\t\t<div style=\"display: block; position: relative; min-width: 0px; max-width: 640px;\">\n\t\t\t\t\t<div style=\"padding-top: 56%; \">\n\t\t\t\t\t\t<video-js\n\t\t\t\t\t\t\t\tid=\"5477196692001\"\n\t\t\t\t\t\t\t\tdata-video-id=\"5477196692001\" data-account=\"753371577001\"\n\t\t\t\t\t\t\t\tdata-player=\"bvzyxMKLBm\"\n\t\t\t\t\t\t\t\tdata-usage=\"cms:WordPress:6.8.5:2.8.8:javascript\"\n\t\t\t\t\t\t\t\tdata-embed=\"default\" class=\"video-js\"\n\t\t\t\t\t\t\t\tdata-application-id=\"\"\n\t\t\t\t\t\t\t\tcontrols   \t\t\t\t\t\t\t\tstyle=\"width: 100%; height: 100%; position: absolute; top: 0; bottom: 0; right: 0; left: 0;\">\n\t\t\t\t\t\t<\/video-js>\n\n\t\t\t\t\t\t<script src=\"https:\/\/players.brightcove.net\/753371577001\/bvzyxMKLBm_default\/index.min.js\"><\/script> \t\t\t\t\t<\/div>\n\t\t\t\t<\/div>\n\t\t\t\t\t\t<!-- End of Brightcove Player -->\n\t\t<\/div>\n\n\n<div style=\"height:58px\" aria-hidden=\"true\" class=\"wp-block-spacer\"><\/div>\n\n\n\n<p class=\"has-text-align-center\">M\u1ed9t l\u1edbp h\u1ecdc hi\u1ec7n \u0111\u1ea1i bao g\u1ed3m nhi\u1ec1u y\u1ebfu t\u1ed1 t\u1ea1o n\u00ean m\u00f4i tr\u01b0\u1eddng h\u1ecdc t\u1eadp n\u0103ng \u0111\u1ed9ng. T\u1eeb<br>ho\u1ea1t \u0111\u1ed9ng h\u1ecdc t\u1eadp v\u00e0 b\u00e0i gi\u1ea3ng \u0111\u1ebfn c\u00e1c ho\u1ea1t \u0111\u1ed9ng c\u00f3 nhi\u1ec1u h\u00ecnh th\u1ee9c \u0111a ph\u01b0\u01a1ng ti\u1ec7n, \u0111\u00e2y l\u00e0 n\u01a1i<br>\u0111\u01b0\u1ee3c thi\u1ebft k\u1ebf \u0111\u1ec3 c\u1ea3 h\u1ecdc sinh v\u00e0 gi\u00e1o vi\u00ean c\u00f9ng tham gia, t\u01b0\u01a1ng t\u00e1c v\u00e0 th\u1ea3o lu\u1eadn.<\/p>\n\n\n\n<p class=\"has-text-align-center\"><br>\u0110\u1ec3 theo k\u1ecbp m\u00f4i tr\u01b0\u1eddng h\u1ecdc t\u1eadp thay \u0111\u1ed5i nhanh ch\u00f3ng, danh m\u1ee5c Roger for Education cung c\u1ea5p<br>nhi\u1ec1u gi\u1ea3i ph\u00e1p tr\u1ef1c quan v\u00e0 d\u1ec5 s\u1eed d\u1ee5ng, \u0111\u01b0\u1ee3c thi\u1ebft k\u1ebf \u0111\u1eb7c bi\u1ec7t cho m\u1ecdi lo\u1ea1i l\u1edbp h\u1ecdc. H\u1ecdc sinh v\u00e0 gi\u00e1o vi\u00ean<br>gi\u1edd \u0111\u00e2y \u0111\u1ec1u c\u00f3 c\u01a1 h\u1ed9i l\u00e0m ch\u1ee7 c\u00e1c ho\u1ea1t \u0111\u1ed9ng l\u1edbp h\u1ecdc hi\u1ec7n \u0111\u1ea1i m\u1ed9t c\u00e1ch d\u1ec5 d\u00e0ng.<\/p>\n\n\n\n<div style=\"height:76px\" aria-hidden=\"true\" class=\"wp-block-spacer\"><\/div>\n\n\n\n<div class=\"wp-block-columns is-layout-flex wp-container-core-columns-is-layout-9d6595d7 wp-block-columns-is-layout-flex\">\n<div class=\"wp-block-column is-layout-flow wp-block-column-is-layout-flow\">\n<figure class=\"wp-block-image aligncenter size-large is-resized\"><img decoding=\"async\" src=\"https:\/\/intl.phonak.com\/vi-vn\/wp-content\/uploads\/sites\/3\/2022\/03\/Roger-for-education.jpg?w=1024\" alt=\"\" class=\"wp-image-5666\"\/><\/figure>\n<\/div>\n\n\n\n<div class=\"wp-block-column is-layout-flow wp-block-column-is-layout-flow\">\n<figure class=\"wp-block-image aligncenter size-large is-resized\"><img decoding=\"async\" src=\"https:\/\/intl.phonak.com\/vi-vn\/wp-content\/uploads\/sites\/3\/2022\/03\/Roger-for-education-05.jpg?w=1024\" alt=\"\" class=\"wp-image-5668\"\/><\/figure>\n<\/div>\n\n\n\n<div class=\"wp-block-column is-layout-flow wp-block-column-is-layout-flow\">\n<figure class=\"wp-block-image aligncenter size-large is-resized\"><img decoding=\"async\" src=\"https:\/\/intl.phonak.com\/vi-vn\/wp-content\/uploads\/sites\/3\/2023\/12\/Visual_PH_Pic_RogerOn-highereducationnogreen_02.jpg?w=1024\" alt=\"Lecture\" class=\"wp-image-7318\"\/><\/figure>\n<\/div>\n<\/div>\n\n\n\n<div class=\"wp-block-columns is-layout-flex wp-container-core-columns-is-layout-9d6595d7 wp-block-columns-is-layout-flex\">\n<div class=\"wp-block-column is-layout-flow wp-block-column-is-layout-flow\">\n<h5 class=\"wp-block-heading has-text-align-center has-blue-color has-text-color\">Ch\u1ebf \u0111\u1ed9 micr\u00f4 t\u1ef1 \u0111\u1ed9ng<\/h5>\n\n\n\n<p class=\"has-text-align-center\">C\u00e1c c\u00e0i \u0111\u1eb7t micr\u00f4 ho\u00e0n to\u00e0n t\u1ef1 \u0111\u1ed9ng cho ph\u00e9p Roger \u0111\u01b0\u1ee3c s\u1eed d\u1ee5ng t\u1ed1i \u01b0u v\u1edbi s\u1ef1 can thi\u1ec7p t\u1ed1i thi\u1ec3u t\u1eeb ph\u00eda h\u1ecdc sinh ho\u1eb7c gi\u00e1o vi\u00ean. Ch\u1ebf \u0111\u1ed9 micr\u00f4 ph\u00f9 h\u1ee3p \u0111\u01b0\u1ee3c ch\u1ecdn t\u1ef1 \u0111\u1ed9ng d\u1ef1a tr\u00ean h\u01b0\u1edbng c\u1ee7a thi\u1ebft b\u1ecb. \u0110i\u1ec1u n\u00e0y gi\u00fap gi\u00e1o vi\u00ean v\u00e0 h\u1ecdc sinh d\u1ec5 d\u00e0ng s\u1eed d\u1ee5ng h\u00e0ng ng\u00e0y.<\/p>\n<\/div>\n\n\n\n<div class=\"wp-block-column is-layout-flow wp-block-column-is-layout-flow\">\n<h5 class=\"wp-block-heading has-text-align-center has-blue-color has-text-color\">\u0110\u00e8n b\u00e1o tr\u1ef1c quan<\/h5>\n\n\n\n<p class=\"has-text-align-center\">Roger trang b\u1ecb \u0111\u00e8n b\u00e1o tr\u00ean thi\u1ebft b\u1ecb \u1edf c\u00e1c v\u1ecb tr\u00ed d\u1ec5 nh\u00ecn th\u1ea5y v\u00e0 d\u1ec5 hi\u1ec3u \u0111\u1ed1i v\u1edbi c\u1ea3 h\u1ecdc sinh v\u00e0 gi\u00e1o vi\u00ean. \u0110\u00e8n b\u00e1o x\u00e1c nh\u1eadn tr\u1ea1ng th\u00e1i ho\u1ea1t \u0111\u1ed9ng c\u1ee7a t\u1eebng thi\u1ebft b\u1ecb, bao g\u1ed3m: b\u1eadt, t\u1eaft, s\u1ea1c, t\u1eaft ti\u1ebfng hay \u0111ang \u0111\u01b0\u1ee3c s\u1eed d\u1ee5ng v\u1edbi nhi\u1ec1u ng\u01b0\u1eddi n\u00f3i chuy\u1ec7n trong m\u1ea1ng l\u01b0\u1edbi.<\/p>\n<\/div>\n\n\n\n<div class=\"wp-block-column is-layout-flow wp-block-column-is-layout-flow\">\n<h5 class=\"wp-block-heading has-text-align-center has-blue-color has-text-color\">K\u1ebft n\u1ed1i m\u1ed9t l\u1ea7n nh\u1ea5n<\/h5>\n\n\n\n<p class=\"has-text-align-center\">Vi\u1ec7c k\u1ebft n\u1ed1i micr\u00f4 v\u00e0 loa ch\u01b0a bao gi\u1edd d\u1ec5 d\u00e0ng h\u01a1n th\u1ebf. Ch\u1ec9 c\u1ea7n \u0111\u1eb7t Roger Touchscreen Mic g\u1ea7n loa ho\u1eb7c thi\u1ebft b\u1ecb Roger kh\u00e1c v\u00e0 nh\u1ea5n v\u00e0o &#8216;K\u1ebft n\u1ed1i&#8217;.<\/p>\n<\/div>\n<\/div>\n\n\n\n<div style=\"height:44px\" aria-hidden=\"true\" class=\"wp-block-spacer\"><\/div>\n\n\n\n<div style=\"height:36px\" aria-hidden=\"true\" class=\"wp-block-spacer\"><\/div>\n\n\n\n<h2 class=\"wp-block-heading has-text-align-center\">Danh m\u1ee5c Roger for Education SoundField<\/h2>\n\n\n\n<div style=\"height:36px\" aria-hidden=\"true\" class=\"wp-block-spacer\"><\/div>\n\n\n\n<p class=\"has-text-align-center\">V\u1edbi danh m\u1ee5c to\u00e0n di\u1ec7n bao g\u1ed3m nhi\u1ec1u lo\u1ea1i micr\u00f4 v\u00e0 loa Roger \u0111\u1ec3 l\u1ef1a ch\u1ecdn gi\u00fap tr\u1ebb v\u01b0\u1ee3t qua nh\u1eefng kh\u00f3 kh\u0103n nghe hi\u1ec3u trong l\u1edbp h\u1ecdc. Tr\u1ebb em t\u1ef1 do h\u1ecdc t\u1eadp, th\u1ea7y c\u00f4 tho\u1ea3i m\u00e1i gi\u1ea3ng d\u1ea1y \u2013 kh\u00f4ng r\u00e0o c\u1ea3n.<\/p>\n\n\n\n<div style=\"height:36px\" aria-hidden=\"true\" class=\"wp-block-spacer\"><\/div>\n\n\n\n<figure class=\"wp-block-image aligncenter size-large is-style-default\"><img decoding=\"async\" src=\"https:\/\/intl.phonak.com\/vi-vn\/wp-content\/uploads\/sites\/3\/2022\/03\/Roger_SoundField_for_eduction.jpg?w=1024\" alt=\"\" class=\"wp-image-5657\"\/><\/figure>\n\n\n\n<div style=\"height:38px\" aria-hidden=\"true\" class=\"wp-block-spacer\"><\/div>\n\n\n\n<div class=\"wp-block-group alignfull is-style-default has-light-grey-background-color has-background is-layout-flow wp-block-group-is-layout-flow\">\n\t<div class=\"wp-block-pho-product-selection \">\n\t\t<div class=\"grid-x grid-padding-x grid-padding-y\">\n\n\t\t\t\t\t\t\t<div class=\"cell\">\n\t\t\t\t\t<h2 class=\"text-center\">S\u1ea3n ph\u1ea9m<\/h2>\n\t\t\t\t<\/div>\n\t\t\t\t\n\t\t\t\t<div class=\"cell medium-6 large-4 flex-container\">\n\t\t\t\t\t\n<article id=\"post-113\" class=\"product-card post-113 pho_products type-pho_products status-publish has-post-thumbnail hentry pho_product_type-roger pho_product_type-children-and-teens pho_product_category-roger-microphone pho_product_platforms-roger\">\n\t\t<a class=\"flex-container flex-dir-column align-justify align-top\" href=\"https:\/\/intl.phonak.com\/vi-vn\/san-pham\/roger-touchscreen-mic\/\">\n\t\t<div class=\"product-card-content-wrapper\">\n\t\t\t\n\t\t\t\t<div class=\"product-image-wrapper\">\n\t\t\t\t\t<img loading=\"lazy\" decoding=\"async\" width=\"600\" height=\"600\" src=\"https:\/\/intl.phonak.com\/vi-vn\/wp-content\/uploads\/sites\/58\/2021\/11\/Packshot_Roger_Touchscreen_Mic_Standing_Perspective_052-3297-P5.png?w=600\" class=\"attachment-post-thumbnail size-post-thumbnail wp-post-image\" alt=\"\" srcset=\"https:\/\/intl.phonak.com\/vi-vn\/wp-content\/uploads\/sites\/58\/2021\/11\/Packshot_Roger_Touchscreen_Mic_Standing_Perspective_052-3297-P5.png 600w, https:\/\/intl.phonak.com\/vi-vn\/wp-content\/uploads\/sites\/58\/2021\/11\/Packshot_Roger_Touchscreen_Mic_Standing_Perspective_052-3297-P5.png?resize=150,150 150w, https:\/\/intl.phonak.com\/vi-vn\/wp-content\/uploads\/sites\/58\/2021\/11\/Packshot_Roger_Touchscreen_Mic_Standing_Perspective_052-3297-P5.png?resize=300,300 300w\" sizes=\"auto, (max-width: 600px) 100vw, 600px\" \/>\t\t\t\t<\/div>\n\n\t\t\t\t<h3 class=\"entry-title\">Roger Touchscreen Mic<\/h3><p>Micr\u00f4 \u0111\u01a1n gi\u1ea3n v\u00e0 tr\u1ef1c quan \u0111\u1ec3 gi\u00e1o vi\u00ean \u0111eo ho\u1eb7c \u0111\u1eb7t tr\u00ean b\u00e0n \u0111\u1ec3 thu \u00e2m b\u00e0i ph\u00e1t bi\u1ec3u c\u1ee7a m\u1ed9t nh\u00f3m h\u1ecdc sinh.<\/p>\n\t\t<\/div>\n\t\t<div class=\"wp-block-button\">\n\t\t\t<div class=\"wp-block-button__link\">Xem th\u00eam<\/div>\n\t\t<\/div>\n\t<\/a>\n<\/article><!-- #post-113 -->\n\t\t\t\t<\/div>\n\n\t\t\t\t\n\t\t\t\t<div class=\"cell medium-6 large-4 flex-container\">\n\t\t\t\t\t\n<article id=\"post-128\" class=\"product-card post-128 pho_products type-pho_products status-publish has-post-thumbnail hentry pho_product_type-roger pho_product_type-children-and-teens pho_product_category-roger-microphone pho_product_platforms-roger\">\n\t\t<a class=\"flex-container flex-dir-column align-justify align-top\" href=\"https:\/\/intl.phonak.com\/vi-vn\/san-pham\/roger-pass-around\/\">\n\t\t<div class=\"product-card-content-wrapper\">\n\t\t\t\n\t\t\t\t<div class=\"product-image-wrapper\">\n\t\t\t\t\t<img loading=\"lazy\" decoding=\"async\" width=\"600\" height=\"600\" src=\"https:\/\/intl.phonak.com\/vi-vn\/wp-content\/uploads\/sites\/58\/2021\/11\/Packshot_Roger_Pass-around_Standing_Perspective_052-3261-P5.png?w=600\" class=\"attachment-post-thumbnail size-post-thumbnail wp-post-image\" alt=\"\" srcset=\"https:\/\/intl.phonak.com\/vi-vn\/wp-content\/uploads\/sites\/58\/2021\/11\/Packshot_Roger_Pass-around_Standing_Perspective_052-3261-P5.png 600w, https:\/\/intl.phonak.com\/vi-vn\/wp-content\/uploads\/sites\/58\/2021\/11\/Packshot_Roger_Pass-around_Standing_Perspective_052-3261-P5.png?resize=150,150 150w, https:\/\/intl.phonak.com\/vi-vn\/wp-content\/uploads\/sites\/58\/2021\/11\/Packshot_Roger_Pass-around_Standing_Perspective_052-3261-P5.png?resize=300,300 300w\" sizes=\"auto, (max-width: 600px) 100vw, 600px\" \/>\t\t\t\t<\/div>\n\n\t\t\t\t<h3 class=\"entry-title\">Roger Pass-around<\/h3><p>Micr\u00f4 c\u1ee7a h\u1ecdc sinh c\u00f3 th\u1ec3 chuy\u1ec1n \u0111i xung quanh, gi\u00fap tr\u1ebb khi\u1ebfm th\u00ednh nghe th\u1ea5y \u0111\u01b0\u1ee3c t\u1ea5t c\u1ea3 m\u1ecdi ng\u01b0\u1eddi.<\/p>\n\t\t<\/div>\n\t\t<div class=\"wp-block-button\">\n\t\t\t<div class=\"wp-block-button__link\">Xem th\u00eam<\/div>\n\t\t<\/div>\n\t<\/a>\n<\/article><!-- #post-128 -->\n\t\t\t\t<\/div>\n\n\t\t\t\t\n\t\t\t\t<div class=\"cell medium-6 large-4 flex-container\">\n\t\t\t\t\t\n<article id=\"post-124\" class=\"product-card post-124 pho_products type-pho_products status-publish has-post-thumbnail hentry pho_product_type-roger pho_product_type-children-and-teens pho_product_category-roger-microphone pho_product_platforms-roger\">\n\t\t<a class=\"flex-container flex-dir-column align-justify align-top\" href=\"https:\/\/intl.phonak.com\/vi-vn\/san-pham\/roger-multimedia-hub\/\">\n\t\t<div class=\"product-card-content-wrapper\">\n\t\t\t\n\t\t\t\t<div class=\"product-image-wrapper\">\n\t\t\t\t\t<img loading=\"lazy\" decoding=\"async\" width=\"600\" height=\"600\" src=\"https:\/\/intl.phonak.com\/vi-vn\/wp-content\/uploads\/sites\/58\/2021\/11\/Packshot_Roger_Multimedia_Hub_Standing_Perspective_052-3299-P5.png?w=600\" class=\"attachment-post-thumbnail size-post-thumbnail wp-post-image\" alt=\"\" srcset=\"https:\/\/intl.phonak.com\/vi-vn\/wp-content\/uploads\/sites\/58\/2021\/11\/Packshot_Roger_Multimedia_Hub_Standing_Perspective_052-3299-P5.png 600w, https:\/\/intl.phonak.com\/vi-vn\/wp-content\/uploads\/sites\/58\/2021\/11\/Packshot_Roger_Multimedia_Hub_Standing_Perspective_052-3299-P5.png?resize=150,150 150w, https:\/\/intl.phonak.com\/vi-vn\/wp-content\/uploads\/sites\/58\/2021\/11\/Packshot_Roger_Multimedia_Hub_Standing_Perspective_052-3299-P5.png?resize=300,300 300w\" sizes=\"auto, (max-width: 600px) 100vw, 600px\" \/>\t\t\t\t<\/div>\n\n\t\t\t\t<h3 class=\"entry-title\">Trung t\u00e2m \u0111a ph\u01b0\u01a1ng ti\u1ec7n Roger<\/h3><p>Tr\u1ea1m ph\u00e1t \u0111a n\u0103ng n\u00e0y \u0111\u01b0\u1ee3c s\u1eed d\u1ee5ng trong m\u1ea1ng l\u01b0\u1edbi Roger v\u00e0 c\u00f3 th\u1ec3 \u0111\u01b0\u1ee3c k\u1ebft n\u1ed1i v\u1edbi b\u1ea5t k\u1ef3 thi\u1ebft b\u1ecb \u0111a ph\u01b0\u01a1ng ti\u1ec7n n\u00e0o s\u1eed d\u1ee5ng trong l\u1edbp h\u1ecdc. <\/p>\n\t\t<\/div>\n\t\t<div class=\"wp-block-button\">\n\t\t\t<div class=\"wp-block-button__link\">Xem th\u00eam<\/div>\n\t\t<\/div>\n\t<\/a>\n<\/article><!-- #post-124 -->\n\t\t\t\t<\/div>\n\n\t\t\t\t\n\t\t<\/div>\n\t<\/div>\n\n\t\n\n\n<div class=\"wp-block-buttons is-content-justification-center is-layout-flex wp-container-core-buttons-is-layout-16018d1d wp-block-buttons-is-layout-flex\">\n<div class=\"wp-block-button\"><a class=\"wp-block-button__link wp-element-button\" href=\"https:\/\/intl.phonak.com\/vi-vn\/giai-phap-tro-thinh\/san-pham\/\">T\u1ea5t c\u1ea3 s\u1ea3n ph\u1ea9m<\/a><\/div>\n<\/div>\n<\/div>\n\n\n\n<div class=\"wp-block-media-text is-stacked-on-mobile cta-block\" style=\"grid-template-columns:35% auto\"><figure class=\"wp-block-media-text__media\"><img decoding=\"async\" src=\"https:\/\/intl.phonak.com\/main-english\/wp-content\/uploads\/sites\/3\/2021\/11\/cta-image.jpg?w=401\" alt=\"\" class=\"wp-image-6738 size-full\"\/><\/figure><div class=\"wp-block-media-text__content\">\n<div class=\"wp-block-create-block-icon-selector\"><i class=\"fal fa-map-marker-alt\"><\/i><\/div>   \n<h3 class=\"wp-block-heading\">Chuy\u00ean gia th\u00ednh gi\u00e1c lu\u00f4n b\u00ean b\u1ea1n<\/h3>   <p>C\u00e1c chuy\u00ean gia ch\u0103m s\u00f3c th\u00ednh gi\u00e1c c\u00f3 th\u1ec3 gi\u00fap b\u1ea1n \u0111\u01b0a ra l\u1ef1a ch\u1ecdn ho\u00e0n h\u1ea3o cho m\u00ecnh. H\u1ecd s\u1ebd xem x\u00e9t nhu c\u1ea7u th\u00ednh l\u1ef1c, ng\u00e2n s\u00e1ch, l\u1ed1i s\u1ed1ng v\u00e0 s\u1edf th\u00edch c\u00e1 nh\u00e2n c\u1ee7a b\u1ea1n. <\/p>   <div class=\"wp-block-buttons is-layout-flex wp-block-buttons-is-layout-flex\">\n<div class=\"wp-block-button is-style-marker-green\"><a class=\"wp-block-button__link wp-element-button\" href=\"https:\/\/intl.phonak.com\/vi-vn\/find-an-expert\/\">T\u00ecm chuy\u00ean gia<\/a><\/div>\n<\/div>\n<\/div><\/div> ","protected":false},"excerpt":{"rendered":"<p>Tham gia t\u00edch c\u1ef1c v\u00e0o l\u1edbp h\u1ecdc hi\u1ec7n \u0111\u1ea1i \u0110\u1ed1i v\u1edbi t\u1ea5t c\u1ea3 tr\u1ebb em, \u0111\u1eb7c bi\u1ec7t l\u00e0 nh\u1eefng tr\u1ebb&#8230;<\/p>\n","protected":false},"author":14,"featured_media":0,"parent":272,"menu_order":0,"comment_status":"closed","ping_status":"closed","template":"","meta":{"_acf_changed":false,"inline_featured_image":false,"footnotes":""},"class_list":["post-269","page","type-page","status-publish","hentry"],"acf":[],"yoast_head":"<!-- This site is optimized with the Yoast SEO plugin v26.9 - https:\/\/yoast.com\/product\/yoast-seo-wordpress\/ -->\n<title>Roger\u2122 d\u00e0nh cho gi\u00e1o d\u1ee5c - Phonak - Vietnam<\/title>\n<meta name=\"robots\" content=\"index, follow, max-snippet:-1, max-image-preview:large, max-video-preview:-1\" \/>\n<link rel=\"canonical\" href=\"https:\/\/intl.phonak.com\/main-english\/solutions\/roger-for-education\/\" \/>\n<meta property=\"og:locale\" content=\"vi_VN\" \/>\n<meta property=\"og:type\" content=\"article\" \/>\n<meta property=\"og:title\" content=\"Roger\u2122 d\u00e0nh cho gi\u00e1o d\u1ee5c - Phonak - Vietnam\" \/>\n<meta property=\"og:description\" content=\"Tham gia t\u00edch c\u1ef1c v\u00e0o l\u1edbp h\u1ecdc hi\u1ec7n \u0111\u1ea1i \u0110\u1ed1i v\u1edbi t\u1ea5t c\u1ea3 tr\u1ebb em, \u0111\u1eb7c bi\u1ec7t l\u00e0 nh\u1eefng tr\u1ebb...\" \/>\n<meta property=\"og:url\" content=\"https:\/\/intl.phonak.com\/vi-vn\/giai-phap-tro-thinh\/roger-danh-cho-giao-duc\/\" \/>\n<meta property=\"og:site_name\" content=\"Phonak - Vietnam\" \/>\n<meta property=\"article:modified_time\" content=\"2025-03-26T13:59:16+00:00\" \/>\n<meta name=\"twitter:card\" content=\"summary_large_image\" \/>\n<meta name=\"twitter:label1\" content=\"Est. reading time\" \/>\n\t<meta name=\"twitter:data1\" content=\"4 minutes\" \/>\n<script type=\"application\/ld+json\" class=\"yoast-schema-graph\">{\"@context\":\"https:\/\/schema.org\",\"@graph\":[{\"@type\":\"WebPage\",\"@id\":\"https:\/\/intl.phonak.com\/vi-vn\/giai-phap-tro-thinh\/roger-danh-cho-giao-duc\/\",\"url\":\"https:\/\/intl.phonak.com\/vi-vn\/giai-phap-tro-thinh\/roger-danh-cho-giao-duc\/\",\"name\":\"Roger\u2122 d\u00e0nh cho gi\u00e1o d\u1ee5c - Phonak - Vietnam\",\"isPartOf\":{\"@id\":\"https:\/\/intl.phonak.com\/vi-vn\/#website\"},\"primaryImageOfPage\":{\"@id\":\"https:\/\/intl.phonak.com\/vi-vn\/giai-phap-tro-thinh\/roger-danh-cho-giao-duc\/#primaryimage\"},\"image\":{\"@id\":\"https:\/\/intl.phonak.com\/vi-vn\/giai-phap-tro-thinh\/roger-danh-cho-giao-duc\/#primaryimage\"},\"thumbnailUrl\":\"https:\/\/intl.phonak.com\/vi-vn\/wp-content\/uploads\/sites\/3\/2022\/03\/Banner-roger-for-education.jpg\",\"datePublished\":\"2022-03-18T19:07:33+00:00\",\"dateModified\":\"2025-03-26T13:59:16+00:00\",\"breadcrumb\":{\"@id\":\"https:\/\/intl.phonak.com\/vi-vn\/giai-phap-tro-thinh\/roger-danh-cho-giao-duc\/#breadcrumb\"},\"inLanguage\":\"vi\",\"potentialAction\":[{\"@type\":\"ReadAction\",\"target\":[\"https:\/\/intl.phonak.com\/vi-vn\/giai-phap-tro-thinh\/roger-danh-cho-giao-duc\/\"]}]},{\"@type\":\"ImageObject\",\"inLanguage\":\"vi\",\"@id\":\"https:\/\/intl.phonak.com\/vi-vn\/giai-phap-tro-thinh\/roger-danh-cho-giao-duc\/#primaryimage\",\"url\":\"\",\"contentUrl\":\"\"},{\"@type\":\"BreadcrumbList\",\"@id\":\"https:\/\/intl.phonak.com\/vi-vn\/giai-phap-tro-thinh\/roger-danh-cho-giao-duc\/#breadcrumb\",\"itemListElement\":[{\"@type\":\"ListItem\",\"position\":1,\"name\":\"Home\",\"item\":\"https:\/\/intl.phonak.com\/vi-vn\/\"},{\"@type\":\"ListItem\",\"position\":2,\"name\":\"S\u1ea3n ph\u1ea9m\",\"item\":\"https:\/\/intl.phonak.com\/vi-vn\/giai-phap-tro-thinh\/\"},{\"@type\":\"ListItem\",\"position\":3,\"name\":\"Roger\u2122 d\u00e0nh cho gi\u00e1o d\u1ee5c\"}]},{\"@type\":\"WebSite\",\"@id\":\"https:\/\/intl.phonak.com\/vi-vn\/#website\",\"url\":\"https:\/\/intl.phonak.com\/vi-vn\/\",\"name\":\"Phonak - Vietnam\",\"description\":\"Just another sonova-hearing-solutions.go-vip.net Sites site\",\"potentialAction\":[{\"@type\":\"SearchAction\",\"target\":{\"@type\":\"EntryPoint\",\"urlTemplate\":\"https:\/\/intl.phonak.com\/vi-vn\/?s={search_term_string}\"},\"query-input\":{\"@type\":\"PropertyValueSpecification\",\"valueRequired\":true,\"valueName\":\"search_term_string\"}}],\"inLanguage\":\"vi\"}]}<\/script>\n<!-- \/ Yoast SEO plugin. -->","yoast_head_json":{"title":"Roger\u2122 d\u00e0nh cho gi\u00e1o d\u1ee5c - Phonak - Vietnam","robots":{"index":"index","follow":"follow","max-snippet":"max-snippet:-1","max-image-preview":"max-image-preview:large","max-video-preview":"max-video-preview:-1"},"canonical":"https:\/\/intl.phonak.com\/main-english\/solutions\/roger-for-education\/","og_locale":"vi_VN","og_type":"article","og_title":"Roger\u2122 d\u00e0nh cho gi\u00e1o d\u1ee5c - Phonak - Vietnam","og_description":"Tham gia t\u00edch c\u1ef1c v\u00e0o l\u1edbp h\u1ecdc hi\u1ec7n \u0111\u1ea1i \u0110\u1ed1i v\u1edbi t\u1ea5t c\u1ea3 tr\u1ebb em, \u0111\u1eb7c bi\u1ec7t l\u00e0 nh\u1eefng tr\u1ebb...","og_url":"https:\/\/intl.phonak.com\/vi-vn\/giai-phap-tro-thinh\/roger-danh-cho-giao-duc\/","og_site_name":"Phonak - Vietnam","article_modified_time":"2025-03-26T13:59:16+00:00","twitter_card":"summary_large_image","twitter_misc":{"Est. reading time":"4 minutes"},"schema":{"@context":"https:\/\/schema.org","@graph":[{"@type":"WebPage","@id":"https:\/\/intl.phonak.com\/vi-vn\/giai-phap-tro-thinh\/roger-danh-cho-giao-duc\/","url":"https:\/\/intl.phonak.com\/vi-vn\/giai-phap-tro-thinh\/roger-danh-cho-giao-duc\/","name":"Roger\u2122 d\u00e0nh cho gi\u00e1o d\u1ee5c - Phonak - Vietnam","isPartOf":{"@id":"https:\/\/intl.phonak.com\/vi-vn\/#website"},"primaryImageOfPage":{"@id":"https:\/\/intl.phonak.com\/vi-vn\/giai-phap-tro-thinh\/roger-danh-cho-giao-duc\/#primaryimage"},"image":{"@id":"https:\/\/intl.phonak.com\/vi-vn\/giai-phap-tro-thinh\/roger-danh-cho-giao-duc\/#primaryimage"},"thumbnailUrl":"https:\/\/intl.phonak.com\/vi-vn\/wp-content\/uploads\/sites\/3\/2022\/03\/Banner-roger-for-education.jpg","datePublished":"2022-03-18T19:07:33+00:00","dateModified":"2025-03-26T13:59:16+00:00","breadcrumb":{"@id":"https:\/\/intl.phonak.com\/vi-vn\/giai-phap-tro-thinh\/roger-danh-cho-giao-duc\/#breadcrumb"},"inLanguage":"vi","potentialAction":[{"@type":"ReadAction","target":["https:\/\/intl.phonak.com\/vi-vn\/giai-phap-tro-thinh\/roger-danh-cho-giao-duc\/"]}]},{"@type":"ImageObject","inLanguage":"vi","@id":"https:\/\/intl.phonak.com\/vi-vn\/giai-phap-tro-thinh\/roger-danh-cho-giao-duc\/#primaryimage","url":"","contentUrl":""},{"@type":"BreadcrumbList","@id":"https:\/\/intl.phonak.com\/vi-vn\/giai-phap-tro-thinh\/roger-danh-cho-giao-duc\/#breadcrumb","itemListElement":[{"@type":"ListItem","position":1,"name":"Home","item":"https:\/\/intl.phonak.com\/vi-vn\/"},{"@type":"ListItem","position":2,"name":"S\u1ea3n ph\u1ea9m","item":"https:\/\/intl.phonak.com\/vi-vn\/giai-phap-tro-thinh\/"},{"@type":"ListItem","position":3,"name":"Roger\u2122 d\u00e0nh cho gi\u00e1o d\u1ee5c"}]},{"@type":"WebSite","@id":"https:\/\/intl.phonak.com\/vi-vn\/#website","url":"https:\/\/intl.phonak.com\/vi-vn\/","name":"Phonak - Vietnam","description":"Just another sonova-hearing-solutions.go-vip.net Sites site","potentialAction":[{"@type":"SearchAction","target":{"@type":"EntryPoint","urlTemplate":"https:\/\/intl.phonak.com\/vi-vn\/?s={search_term_string}"},"query-input":{"@type":"PropertyValueSpecification","valueRequired":true,"valueName":"search_term_string"}}],"inLanguage":"vi"}]}},"jetpack_sharing_enabled":true,"distributor_meta":false,"distributor_terms":false,"distributor_media":false,"distributor_original_site_name":"Phonak - Vietnam","distributor_original_site_url":"https:\/\/intl.phonak.com\/vi-vn","push-errors":false,"_links":{"self":[{"href":"https:\/\/intl.phonak.com\/vi-vn\/wp-json\/wp\/v2\/pages\/269","targetHints":{"allow":["GET"]}}],"collection":[{"href":"https:\/\/intl.phonak.com\/vi-vn\/wp-json\/wp\/v2\/pages"}],"about":[{"href":"https:\/\/intl.phonak.com\/vi-vn\/wp-json\/wp\/v2\/types\/page"}],"author":[{"embeddable":true,"href":"https:\/\/intl.phonak.com\/vi-vn\/wp-json\/wp\/v2\/users\/14"}],"replies":[{"embeddable":true,"href":"https:\/\/intl.phonak.com\/vi-vn\/wp-json\/wp\/v2\/comments?post=269"}],"version-history":[{"count":16,"href":"https:\/\/intl.phonak.com\/vi-vn\/wp-json\/wp\/v2\/pages\/269\/revisions"}],"predecessor-version":[{"id":970,"href":"https:\/\/intl.phonak.com\/vi-vn\/wp-json\/wp\/v2\/pages\/269\/revisions\/970"}],"up":[{"embeddable":true,"href":"https:\/\/intl.phonak.com\/vi-vn\/wp-json\/wp\/v2\/pages\/272"}],"wp:attachment":[{"href":"https:\/\/intl.phonak.com\/vi-vn\/wp-json\/wp\/v2\/media?parent=269"}],"curies":[{"name":"wp","href":"https:\/\/api.w.org\/{rel}","templated":true}]}}