{"id":267,"date":"2022-12-16T15:10:22","date_gmt":"2022-12-16T15:10:22","guid":{"rendered":"https:\/\/intl.phonak.com\/vi-vn\/privacy-notice\/"},"modified":"2025-04-01T12:42:05","modified_gmt":"2025-04-01T12:42:05","slug":"thong-bao-bao-mat","status":"publish","type":"page","link":"https:\/\/intl.phonak.com\/vi-vn\/thong-bao-bao-mat\/","title":{"rendered":"Th\u00f4ng b\u00e1o v\u1ec1 quy\u1ec1n ri\u00eang t\u01b0"},"content":{"rendered":" <p id=\"block-3110c4d0-6c3e-4d55-8d38-129cb027a120\">C\u1eadp nh\u1eadt l\u1ea7n cu\u1ed1i: Th\u00e1ng T\u01b0 2022<\/p>   <p id=\"block-e56d30a9-ff57-4997-85c2-75b5ef2450eb\">Th\u00f4ng b\u00e1o v\u1ec1 quy\u1ec1n ri\u00eang t\u01b0 n\u00e0y m\u00f4 t\u1ea3 c\u00e1ch d\u1eef li\u1ec7u c\u00e1 nh\u00e2n c\u1ee7a b\u1ea1n, bao g\u1ed3m c\u1ea3 d\u1eef li\u1ec7u nh\u1ea1y c\u1ea3m, \u0111\u01b0\u1ee3c thu th\u1eadp v\u00e0 x\u1eed l\u00fd, li\u00ean quan \u0111\u1ebfn bi\u1ec3u m\u1eabu li\u00ean h\u1ec7. Trong b\u1ed1i c\u1ea3nh n\u00e0y, Th\u00f4ng b\u00e1o v\u1ec1 Quy\u1ec1n ri\u00eang t\u01b0 n\u00e0y bao g\u1ed3m vi\u1ec7c x\u1eed l\u00fd d\u1eef li\u1ec7u c\u00e1 nh\u00e2n c\u1ee7a b\u1ea1n \u0111\u01b0\u1ee3c th\u1ef1c hi\u1ec7n th\u00f4ng qua bi\u1ec3u m\u1eabu b\u1ea1n \u0111ang bi\u00ean so\u1ea1n<\/p>   <p id=\"block-a3df515b-e1a3-4d69-a8f9-fd6a5dfd602e\">Vi\u1ec7c x\u1eed l\u00fd d\u1eef li\u1ec7u c\u00e1 nh\u00e2n c\u1ee7a b\u1ea1n tu\u00e2n th\u1ee7, theo qu\u1ed1c gia c\u1ee7a b\u1ea1n, c\u00e1c y\u00eau c\u1ea7u b\u1ea3o v\u1ec7 d\u1eef li\u1ec7u \u0111\u1ecba ph\u01b0\u01a1ng, bao g\u1ed3m \u0110\u1ea1o lu\u1eadt B\u1ea3o v\u1ec7 D\u1eef li\u1ec7u Li\u00ean bang Th\u1ee5y S\u0129 (&#8220;FDPA&#8221;), Quy \u0111\u1ecbnh (EU) 2016\/679 c\u1ee7a Ngh\u1ecb vi\u1ec7n Ch\u00e2u \u00c2u v\u00e0 H\u1ed9i \u0111\u1ed3ng ng\u00e0y 27 th\u00e1ng 4 n\u0103m 2016 (&#8220;GDPR&#8221;), v\u00e0\/ho\u1eb7c, n\u1ebfu c\u00f3 th\u1ec3 \u00e1p d\u1ee5ng, \u0110\u1ea1o lu\u1eadt v\u1ec1 tr\u00e1ch nhi\u1ec7m gi\u1ea3i tr\u00ecnh v\u00e0 cung c\u1ea5p b\u1ea3o hi\u1ec3m y t\u1ebf n\u0103m 1996 (&#8220;HIPAA&#8221;) \u0111\u1ed1i v\u1edbi d\u1eef li\u1ec7u c\u00e1 nh\u00e2n c\u1ee7a b\u1ea1n \u0111\u1ee7 \u0111i\u1ec1u ki\u1ec7n l\u00e0 Th\u00f4ng tin s\u1ee9c kh\u1ecfe \u0111\u01b0\u1ee3c b\u1ea3o v\u1ec7.<\/p>   <p id=\"block-1d87e0d9-df83-49dd-aaa9-7ee608294736\">Th\u00f4ng b\u00e1o v\u1ec1 Quy\u1ec1n ri\u00eang t\u01b0 n\u00e0y c\u00f3 th\u1ec3 \u0111\u01b0\u1ee3c c\u1eadp nh\u1eadt theo th\u1eddi gian. Trong tr\u01b0\u1eddng h\u1ee3p n\u00e0y, ch\u00fang t\u00f4i s\u1ebd th\u00f4ng b\u00e1o cho b\u1ea1n r\u1eb1ng Th\u00f4ng b\u00e1o v\u1ec1 Quy\u1ec1n ri\u00eang t\u01b0 n\u00e0y \u0111\u00e3 \u0111\u01b0\u1ee3c s\u1eeda \u0111\u1ed5i v\u00e0 ng\u00e0y &#8220;c\u1eadp nh\u1eadt l\u1ea7n cu\u1ed1i&#8221; tr\u00ean \u0111\u1ea7u t\u00e0i li\u1ec7u n\u00e0y s\u1ebd \u0111\u01b0\u1ee3c s\u1eeda \u0111\u1ed5i. Ch\u00fang t\u00f4i khuy\u00ean b\u1ea1n n\u00ean \u0111\u1ecbnh k\u1ef3 xem l\u1ea1i phi\u00ean b\u1ea3n m\u1edbi nh\u1ea5t c\u1ee7a Th\u00f4ng b\u00e1o v\u1ec1 Quy\u1ec1n ri\u00eang t\u01b0 n\u00e0y.<\/p>   <p id=\"block-96a81fc1-3995-437b-a025-3900acfc3713\"><strong>1. CH\u00daNG T\u00d4I L\u00c0 AI<\/strong><\/p>   <p id=\"block-5ec04ce4-ca54-430d-8742-940907142fc8\">Sonova AG, Laubisr\u00fctistrasse 28, 8712 St\u00e4fa, Th\u1ee5y S\u0129 <a href=\"http:\/\/www.sonova.com\/\">www.sonova.com<\/a>), (&#8220;Sonova AG&#8221;) ho\u1ea1t \u0111\u1ed9ng nh\u01b0 m\u1ed9t B\u00ean ki\u1ec3m so\u00e1t cho qu\u00e1 tr\u00ecnh x\u1eed l\u00fd \u0111\u01b0\u1ee3c li\u1ec7t k\u00ea trong ph\u1ea7n sau.<\/p>   <p id=\"block-4bcd26ae-20ae-4ab9-adef-a0bcbd2a5eb2\"><strong>2. D\u1eee LI\u1ec6U C\u00c1 NH\u00c2N CH\u00daNG T\u00d4I THU TH\u1eacP T\u1eea B\u1ea0N V\u00c0 L\u00dd DO<\/strong><\/p>   <p id=\"block-5381e53f-4ece-4513-b300-72951215d601\">Sonova AG x\u1eed l\u00fd d\u1eef li\u1ec7u c\u00e1 nh\u00e2n c\u1ee7a b\u1ea1n v\u00e0\/ho\u1eb7c d\u1eef li\u1ec7u c\u00e1 nh\u00e2n c\u1ee7a ng\u01b0\u1eddi m\u00e0 b\u1ea1n \u0111\u1ea1i di\u1ec7n (m\u00e0 b\u1ea1n \u0111\u00e3 chia s\u1ebb v\u1edbi ch\u00fang t\u00f4i sau khi nh\u1eadn \u0111\u01b0\u1ee3c s\u1ef1 \u0111\u1ed3ng \u00fd c\u1ee7a h\u1ecd), v\u00ed d\u1ee5: ch\u1ee9c danh, t\u00ean, h\u1ecd, email, ch\u1ee7 \u0111\u1ec1, tin nh\u1eafn.<\/p>   <p id=\"block-9d6808e7-302c-45ea-9296-ebf9f8a2f24b\">\u0110\u1ed1i v\u1edbi tin nh\u1eafn b\u1ea1n s\u1ebd g\u1eedi, vui l\u00f2ng c\u00e2n nh\u1eafc r\u1eb1ng nh\u1eadn x\u00e9t \u0111\u00e3 nh\u1eadp c\u1ee7a b\u1ea1n s\u1ebd \u0111\u01b0\u1ee3c chuy\u1ec3n trong v\u0103n b\u1ea3n k\u1ebf ho\u1ea1ch. \u0110\u1ec3 tu\u00e2n th\u1ee7 nguy\u00ean t\u1eafc b\u1ea3o v\u1ec7 d\u1eef li\u1ec7u v\u1ec1 gi\u1ea3m thi\u1ec3u d\u1eef li\u1ec7u, vui l\u00f2ng ch\u1ec9 nh\u1eadp th\u00f4ng tin c\u1ea7n thi\u1ebft m\u00e0 b\u1ea1n c\u1ea7n th\u1ec3 hi\u1ec7n ch\u1ec9 li\u00ean quan \u0111\u1ebfn m\u1ee5c \u0111\u00edch m\u00e0 c\u00f4ng c\u1ee5 n\u00e0y \u0111\u01b0\u1ee3c s\u1eed d\u1ee5ng.&nbsp; Vui l\u00f2ng kh\u00f4ng nh\u1eadp nhi\u1ec1u th\u00f4ng tin h\u01a1n th\u00f4ng tin c\u1ea7n thi\u1ebft ho\u1eb7c kh\u00f4ng c\u1ea7n thi\u1ebft v\u1ec1 b\u1ea1n ho\u1eb7c ng\u01b0\u1eddi kh\u00e1c, ch\u1eb3ng h\u1ea1n nh\u01b0 v\u1ec1 nh\u00e2n vi\u00ean ho\u1eb7c kh\u00e1ch h\u00e0ng. H\u00e3y xem x\u00e9t \u0111i\u1ec1u n\u00e0y \u0111\u1eb7c bi\u1ec7t khi b\u1ea1n mu\u1ed1n nh\u1eadp danh m\u1ee5c \u0111\u1eb7c bi\u1ec7t \/ d\u1eef li\u1ec7u nh\u1ea1y c\u1ea3m, \u0111\u00f3 l\u00e0 b\u1ea5t k\u1ef3 d\u1eef li\u1ec7u n\u00e0o ti\u1ebft l\u1ed9 ngu\u1ed3n g\u1ed1c ch\u1ee7ng t\u1ed9c ho\u1eb7c d\u00e2n t\u1ed9c, quan \u0111i\u1ec3m ch\u00ednh tr\u1ecb, ni\u1ec1m tin t\u00f4n gi\u00e1o ho\u1eb7c tri\u1ebft h\u1ecdc, t\u01b0 c\u00e1ch th\u00e0nh vi\u00ean c\u00f4ng \u0111o\u00e0n, d\u1eef li\u1ec7u di truy\u1ec1n, d\u1eef li\u1ec7u sinh tr\u1eafc h\u1ecdc, d\u1eef li\u1ec7u li\u00ean quan \u0111\u1ebfn s\u1ee9c kh\u1ecfe, \u0111\u1eddi s\u1ed1ng t\u00ecnh d\u1ee5c ho\u1eb7c khuynh h\u01b0\u1edbng t\u00ecnh d\u1ee5c.<\/p>   <p id=\"block-6ef8b4dc-fbc7-4339-b081-42fdd5e72f92\">Xin l\u01b0u \u00fd r\u1eb1ng d\u1eef li\u1ec7u c\u00e1 nh\u00e2n \u0111\u01b0\u1ee3c \u0111\u1ec1 c\u1eadp \u1edf tr\u00ean \u0111\u01b0\u1ee3c x\u1eed l\u00fd \u0111\u1ec3 \u0111\u1ea3m b\u1ea3o r\u1eb1ng b\u1ea1n ho\u1eb7c ai \u0111\u00f3 m\u00e0 b\u1ea1n \u0111\u1ea1i di\u1ec7n \u0111\u01b0\u1ee3c \u0111\u00e1nh gi\u00e1 th\u00edch h\u1ee3p \u0111\u1ec3 gi\u1ea3i quy\u1ebft y\u00eau c\u1ea7u c\u1ee7a b\u1ea1n v\u00e0 cung c\u1ea5p cho b\u1ea1n s\u1ef1 h\u1ed7 tr\u1ee3 th\u00edch h\u1ee3p v\u00e0 n\u1ebfu \u0111\u01b0\u1ee3c y\u00eau c\u1ea7u v\u1edbi c\u00e1c s\u1ea3n ph\u1ea9m \/ d\u1ecbch v\u1ee5 \u0111\u01b0\u1ee3c \u0111\u1ec1 xu\u1ea5t.<\/p>   <p id=\"block-d694b16d-bb1d-4f2a-ba31-dab1778385dc\">Xin l\u01b0u \u00fd r\u1eb1ng, m\u1ee5c \u0111\u00edch n\u00e0y l\u00e0 c\u1ea7n thi\u1ebft \u0111\u1ec3 th\u1ef1c hi\u1ec7n y\u00eau c\u1ea7u c\u1ee7a b\u1ea1n nh\u01b0 m\u1ed9t ph\u1ea7n c\u1ee7a vi\u1ec7c th\u1ef1c hi\u1ec7n h\u1ee3p \u0111\u1ed3ng \u0111\u1ec3 li\u00ean h\u1ec7 v\u1edbi ch\u00fang t\u00f4i v\u00e0 c\u00e1c nh\u00e0 ph\u00e2n ph\u1ed1i \u0111\u00e1ng tin c\u1eady c\u1ee7a ch\u00fang t\u00f4i. V\u1ec1 v\u1ea5n \u0111\u1ec1 n\u00e0y, nh\u01b0 m\u1ed9t ph\u1ea7n c\u1ee7a vi\u1ec7c cung c\u1ea5p chi ti\u1ebft li\u00ean h\u1ec7 c\u1ee7a b\u1ea1n, b\u1ea1n s\u1ebd \u0111\u01b0\u1ee3c li\u00ean h\u1ec7 b\u1edfi b\u00ean th\u1ee9 ba c\u1ee7a ch\u00fang t\u00f4i thay m\u1eb7t ch\u00fang t\u00f4i v\u00e0i ng\u00e0y sau khi g\u1eedi bi\u1ec3u m\u1eabu tr\u1ef1c tuy\u1ebfn c\u1ee7a b\u1ea1n. &nbsp;<\/p>   <p id=\"block-107ecf70-8699-4e51-9212-2b3c45c196d4\"><strong>3. C\u00c1CH CH\u00daNG T\u00d4I CHIA S\u1eba D\u1eee LI\u1ec6U C\u00c1 NH\u00c2N C\u1ee6A B\u1ea0N<\/strong><\/p>   <p id=\"block-bf3f85e8-d40b-4cdc-946e-cf7d14df10bd\">B\u1eb1ng c\u00e1ch s\u1eed d\u1ee5ng d\u1ecbch v\u1ee5 n\u00eau tr\u00ean, d\u1eef li\u1ec7u c\u00e1 nh\u00e2n c\u1ee7a b\u1ea1n c\u00f3 th\u1ec3 \u0111\u01b0\u1ee3c chia s\u1ebb tr\u00ean c\u01a1 s\u1edf h\u1ea1n ch\u1ebf v\u1edbi c\u00e1c \u0111\u1ed1i t\u00e1c kinh doanh c\u1ee7a ch\u00fang t\u00f4i nh\u01b0 HCP, \u0111\u00f3ng vai tr\u00f2 l\u00e0 ng\u01b0\u1eddi ki\u1ec3m so\u00e1t \u0111\u1ed9c l\u1eadp ho\u1eb7c chung, cung c\u1ea5p d\u1ecbch v\u1ee5 theo y\u00eau c\u1ea7u c\u1ee7a b\u1ea1n, li\u00ean h\u1ec7 v\u1edbi b\u1ea1n \u0111\u1ec3 tr\u1ea3 l\u1eddi y\u00eau c\u1ea7u c\u1ee7a b\u1ea1n; v\u00e0 c\u00e1c nh\u00e0 cung c\u1ea5p d\u1ecbch v\u1ee5 b\u00ean th\u1ee9 ba sau \u0111\u00e2y \u0111\u00f3ng vai tr\u00f2 l\u00e0 b\u00ean x\u1eed l\u00fd:<\/p>  <div class=\"wp-list-block\"> <ul class=\"wp-block-list\" id=\"block-47a21154-6aea-47d7-b9de-279ba3c17e2d\">\n<li>Trew Knowledge: nh\u00e0 ph\u00e1t tri\u1ec3n trang web<\/li>   <li>WordPress VIP: h\u1ec7 th\u1ed1ng qu\u1ea3n l\u00fd n\u1ed9i dung \/ n\u1ec1n t\u1ea3ng trang web<\/li>   <li>Microsoft: qu\u1ea3n l\u00fd v\u00e0 duy tr\u00ec c\u01a1 s\u1edf h\u1ea1 t\u1ea7ng \u0111\u00e1m m\u00e2y v\u00e0 cung c\u1ea5p h\u1ed7 tr\u1ee3 k\u1ef9 thu\u1eadt.<\/li>\n<\/ul> <\/div>  <p id=\"block-d9424a7a-f94b-4d8a-8b17-41bc7dbc520a\">D\u1eef li\u1ec7u c\u00e1 nh\u00e2n c\u1ee7a b\u1ea1n c\u0169ng c\u00f3 th\u1ec3 \u0111\u01b0\u1ee3c ti\u1ebft l\u1ed9 cho c\u00e1c c\u00f4ng ty kh\u00e1c trong nh\u00f3m c\u00f4ng ty c\u1ee7a ch\u00fang t\u00f4i, ch\u1eb3ng h\u1ea1n nh\u01b0 c\u00e1c c\u00f4ng ty con c\u1ee7a ch\u00fang t\u00f4i ho\u1eb7c c\u00e1c t\u1ed5 ch\u1ee9c v\u00e0 c\u01a1 quan c\u00f4ng quy\u1ec1n kh\u00e1c bao g\u1ed3m c\u00e1c c\u01a1 quan th\u1ef1c thi ph\u00e1p lu\u1eadt, theo y\u00eau c\u1ea7u c\u1ee7a ph\u00e1p lu\u1eadt.<\/p>   <p id=\"block-8145bbcd-69e8-40f0-9111-3a95298b2a8f\">Tr\u01b0\u1edbc khi ch\u00fang t\u00f4i ti\u1ebft l\u1ed9 b\u1ea5t k\u1ef3 d\u1eef li\u1ec7u c\u00e1 nh\u00e2n n\u00e0o cho c\u00e1c b\u00ean th\u1ee9 ba kh\u00e1c v\u1edbi nh\u1eefng ng\u01b0\u1eddi \u0111\u01b0\u1ee3c li\u1ec7t k\u00ea \u1edf tr\u00ean, ch\u00fang t\u00f4i s\u1ebd y\u00eau c\u1ea7u b\u1ea1n \u0111\u1ed3ng \u00fd m\u1ed9t c\u00e1ch r\u00f5 r\u00e0ng. Tuy nhi\u00ean, n\u1ebfu ch\u00fang t\u00f4i c\u00f3 ngh\u0129a v\u1ee5 ph\u00e1p l\u00fd ph\u1ea3i ti\u1ebft l\u1ed9 d\u1eef li\u1ec7u c\u00e1 nh\u00e2n m\u00e0 kh\u00f4ng c\u00f3 s\u1ef1 \u0111\u1ed3ng \u00fd c\u1ee7a b\u1ea1n, ch\u00fang t\u00f4i s\u1ebd ch\u1ec9 ti\u1ebft l\u1ed9 d\u1eef li\u1ec7u c\u00e1 nh\u00e2n th\u1ef1c s\u1ef1 c\u1ea7n thi\u1ebft cho m\u1ee5c \u0111\u00edch \u0111\u00f3 \u0111\u1ec3 th\u1ef1c hi\u1ec7n c\u00e1c ngh\u0129a v\u1ee5 ph\u00e1p l\u00fd c\u1ee7a ch\u00fang t\u00f4i.<\/p>   <p id=\"block-e2ea32e7-a956-4300-9695-09d24ebba013\"><strong>4. CHUY\u1ec2N D\u1eee LI\u1ec6U C\u00c1 NH\u00c2N QU\u1ed0C T\u1ebe<\/strong><\/p>   <p id=\"block-72500bcf-8d04-47e8-b9d3-4df058b23228\">Xin l\u01b0u \u00fd r\u1eb1ng m\u1ed9t s\u1ed1 b\u00ean th\u1ee9 ba n\u00eau tr\u00ean c\u00f3 th\u1ec3 n\u1eb1m b\u00ean ngo\u00e0i qu\u1ed1c gia c\u1ee7a b\u1ea1n. Do \u0111\u00f3, d\u1eef li\u1ec7u c\u00e1 nh\u00e2n c\u1ee7a b\u1ea1n c\u00f3 th\u1ec3 \u0111\u01b0\u1ee3c chuy\u1ec3n \u0111\u1ebfn c\u00e1c qu\u1ed1c gia kh\u00f4ng cung c\u1ea5p m\u1ee9c \u0111\u1ed9 b\u1ea3o v\u1ec7 d\u1eef li\u1ec7u c\u00e1 nh\u00e2n nh\u01b0 qu\u1ed1c gia c\u1ee7a b\u1ea1n. Trong nh\u1eefng tr\u01b0\u1eddng h\u1ee3p nh\u01b0 v\u1eady, ch\u00fang t\u00f4i s\u1ebd th\u1ef1c hi\u1ec7n c\u00e1c bi\u1ec7n ph\u00e1p th\u00edch h\u1ee3p bao g\u1ed3m c\u00e1c bi\u1ec7n ph\u00e1p b\u1ea3o v\u1ec7 th\u00edch h\u1ee3p v\u1ec1 t\u1ed5 ch\u1ee9c, k\u1ef9 thu\u1eadt v\u00e0 ph\u00e1p l\u00fd \u0111\u1ec3 \u0111i\u1ec1u ch\u1ec9nh vi\u1ec7c chuy\u1ec3n giao li\u00ean quan v\u00e0 \u0111\u1ec3 \u0111\u1ea3m b\u1ea3o m\u1ee9c \u0111\u1ed9 b\u1ea3o v\u1ec7 c\u1ea7n thi\u1ebft \u0111\u01b0\u1ee3c thi\u1ebft l\u1eadp theo lu\u1eadt hi\u1ec7n h\u00e0nh. &nbsp;<\/p>   <p id=\"block-533e1e30-9ef4-4e09-83f3-652b26c27011\"><strong>5. CH\u00daNG T\u00d4I L\u01afU GI\u1eee D\u1eee LI\u1ec6U C\u00c1 NH\u00c2N C\u1ee6A B\u1ea0N TRONG BAO L\u00c2U<\/strong><\/p>   <p id=\"block-348682c7-3643-476c-a078-b6f347994d0c\">D\u1eef li\u1ec7u c\u00e1 nh\u00e2n s\u1ebd b\u1ecb x\u00f3a sau 3 th\u00e1ng k\u1ec3 t\u1eeb khi k\u1ebft th\u00fac li\u00ean h\u1ec7 th\u01b0\u01a1ng m\u1ea1i c\u1ee7a ch\u00fang t\u00f4i. Trong tr\u01b0\u1eddng h\u1ee3p lu\u1eadt hi\u1ec7n h\u00e0nh ho\u1eb7c c\u00e1c quy \u0111\u1ecbnh kh\u00e1c y\u00eau c\u1ea7u th\u1eddi gian l\u01b0u gi\u1eef l\u00e2u h\u01a1n, ch\u00fang t\u00f4i s\u1ebd \u00e1p d\u1ee5ng th\u1eddi gian l\u01b0u gi\u1eef d\u00e0i h\u01a1n \u0111\u1ec3 th\u1ef1c hi\u1ec7n c\u00e1c ngh\u0129a v\u1ee5 ph\u00e1p l\u00fd c\u1ee7a m\u00ecnh<\/p>   <p id=\"block-355074d9-2315-49f6-8b4f-bb2027139a72\">Ngo\u00e0i ra, d\u1eef li\u1ec7u c\u00e1 nh\u00e2n c\u1ee7a b\u1ea1n \u0111\u01b0\u1ee3c x\u1eed l\u00fd b\u1edfi c\u00e1c nh\u00e0 ph\u00e2n ph\u1ed1i (bao g\u1ed3m c\u1ea3 HCP) s\u1ebd \u0111\u01b0\u1ee3c l\u01b0u gi\u1eef theo lu\u1eadt hi\u1ec7n h\u00e0nh. \u0110\u1ec3 bi\u1ebft th\u00eam th\u00f4ng tin v\u1ec1 th\u1eddi gian l\u01b0u gi\u1eef c\u1ee5 th\u1ec3 c\u1ee7a h\u1ecd, vui l\u00f2ng li\u00ean h\u1ec7 v\u1edbi HCP c\u1ee7a b\u1ea1n.<\/p>   <p id=\"block-af4238c1-82d9-4b87-950a-7ea13455900f\"><strong>6. QUY\u1ec0N H\u1ee2P PH\u00c1P C\u1ee6A B\u1ea0N<\/strong><\/p>   <p id=\"block-f63d6cd0-5a52-499d-9d2d-84666073602c\">Theo lu\u1eadt hi\u1ec7n h\u00e0nh, b\u1ea1n c\u00f3 th\u1ec3 c\u00f3 quy\u1ec1n y\u00eau c\u1ea7u truy c\u1eadp, ch\u1ec9nh s\u1eeda, x\u00f3a d\u1eef li\u1ec7u c\u00e1 nh\u00e2n c\u1ee7a m\u00ecnh ho\u1eb7c h\u1ea1n ch\u1ebf x\u1eed l\u00fd. Ngo\u00e0i ra, b\u1ea1n c\u00f3 th\u1ec3 ph\u1ea3n \u0111\u1ed1i vi\u1ec7c x\u1eed l\u00fd, y\u00eau c\u1ea7u di chuy\u1ec3n d\u1eef li\u1ec7u v\u00e0 r\u00fat l\u1ea1i s\u1ef1 \u0111\u1ed3ng \u00fd c\u1ee7a b\u1ea1n b\u1ea5t k\u1ef3 l\u00fac n\u00e0o. Theo qu\u1ed1c gia c\u1ee7a b\u1ea1n, b\u1ea1n c\u00f3 th\u1ec3 c\u00f3 c\u00e1c quy\u1ec1n kh\u00e1c nh\u01b0 cung c\u1ea5p h\u01b0\u1edbng d\u1eabn v\u1ec1 c\u00e1ch x\u1eed l\u00fd d\u1eef li\u1ec7u c\u00e1 nh\u00e2n c\u1ee7a b\u1ea1n sau khi ch\u1ebft. Theo HIPAA, b\u1ea1n c\u0169ng c\u00f3 th\u1ec3 c\u00f3 quy\u1ec1n y\u00eau c\u1ea7u h\u1ea1ch to\u00e1n vi\u1ec7c ti\u1ebft l\u1ed9 d\u1eef li\u1ec7u c\u00e1 nh\u00e2n c\u1ee7a m\u00ecnh v\u00e0 c\u00f3 quy\u1ec1n nh\u1eadn b\u1ea3n sao gi\u1ea5y c\u1ee7a th\u00f4ng b\u00e1o n\u00e0y theo y\u00eau c\u1ea7u b\u1eb1ng v\u0103n b\u1ea3n.<\/p>   <p id=\"block-040fd872-a10c-401e-9d23-e9925f35b59a\">B\u1ea1n c\u00f3 th\u1ec3 th\u1ef1c hi\u1ec7n quy\u1ec1n ph\u1ea3n \u0111\u1ed1i li\u00ean h\u1ec7 ti\u1ebfp theo b\u1eb1ng c\u00e1ch cho ch\u00fang t\u00f4i bi\u1ebft b\u1ea5t k\u1ef3 l\u00fac n\u00e0o trong cu\u1ed9c g\u1ecdi, s\u1eed d\u1ee5ng &#8220;li\u00ean k\u1ebft h\u1ee7y \u0111\u0103ng k\u00fd&#8221; c\u00f3 trong email c\u1ee7a ch\u00fang t\u00f4i ho\u1eb7c b\u1eb1ng c\u00e1ch li\u00ean h\u1ec7 v\u1edbi ch\u00fang t\u00f4i theo \u0111\u1ecba ch\u1ec9&nbsp;<a href=\"mailto:privacy@sonova.com\">privacy@sonova.com<\/a>. Sau khi x\u00e1c th\u1ef1c, d\u1eef li\u1ec7u c\u00e1 nh\u00e2n b\u1ea1n cung c\u1ea5p s\u1ebd b\u1ecb x\u00f3a kh\u1ecfi danh s\u00e1ch li\u00ean h\u1ec7 \u0111\u01b0\u1ee3c s\u1eed d\u1ee5ng b\u1edfi c\u00e1c chi nh\u00e1nh c\u1ee7a Sonova v\u00e0 b\u00ean th\u1ee9 ba.<\/p>   <p id=\"block-e17f8407-1be6-4178-b813-3435b39b5d41\">Xin l\u01b0u \u00fd r\u1eb1ng vi\u1ec7c th\u1ef1c hi\u1ec7n c\u00e1c quy\u1ec1n \u0111\u00f3 ph\u1ea3i tu\u00e2n theo c\u00e1c gi\u1edbi h\u1ea1n do lu\u1eadt hi\u1ec7n h\u00e0nh quy \u0111\u1ecbnh.<\/p>   <p id=\"block-94f85d78-fad6-479b-8e63-5dc84d7183e2\">N\u1ebfu b\u1ea1n cho r\u1eb1ng vi\u1ec7c x\u1eed l\u00fd d\u1eef li\u1ec7u c\u00e1 nh\u00e2n c\u1ee7a m\u00ecnh vi ph\u1ea1m lu\u1eadt hi\u1ec7n h\u00e0nh th\u00ec b\u1ea1n c\u0169ng c\u00f3 th\u1ec3 khi\u1ebfu n\u1ea1i v\u1edbi c\u01a1 quan gi\u00e1m s\u00e1t \u0111\u1ecba ph\u01b0\u01a1ng ho\u1eb7c c\u01a1 quan qu\u1ea3n l\u00fd c\u00f3 th\u1ea9m quy\u1ec1n.<\/p>   <p id=\"block-6e3d22c7-d924-4d86-a9d5-248990bfa7da\"><strong>7. C\u00c1CH LI\u00caN H\u1ec6 V\u1edaI CH\u00daNG T\u00d4I<\/strong><\/p>   <p id=\"block-0199cf36-d52c-4ccd-bd03-5b4ad64ab128\">Trong tr\u01b0\u1eddng h\u1ee3p c\u00f3 th\u1eafc m\u1eafc v\u1ec1 Th\u00f4ng b\u00e1o v\u1ec1 Quy\u1ec1n ri\u00eang t\u01b0 n\u00e0y ho\u1eb7c vi\u1ec7c x\u1eed l\u00fd D\u1eef li\u1ec7u C\u00e1 nh\u00e2n c\u1ee7a b\u1ea1n, vui l\u00f2ng li\u00ean h\u1ec7 v\u1edbi Nh\u00f3m B\u1ea3o m\u1eadt D\u1eef li\u1ec7u c\u1ee7a ch\u00fang t\u00f4i theo \u0111\u1ecba ch\u1ec9<a href=\"mailto:privacy@sonova.com\">privacy@sonova.com<\/a>\u00a0ho\u1eb7c +41 58 928 01 01.<br><br>C\u1eadp nh\u1eadt l\u1ea7n cu\u1ed1i: Th\u00e1ng T\u01b0 2022<\/p> ","protected":false},"excerpt":{"rendered":"<p>C\u1eadp nh\u1eadt l\u1ea7n cu\u1ed1i: Th\u00e1ng T\u01b0 2022 Th\u00f4ng b\u00e1o v\u1ec1 quy\u1ec1n ri\u00eang t\u01b0 n\u00e0y m\u00f4 t\u1ea3 c\u00e1ch d\u1eef li\u1ec7u c\u00e1&#8230;<\/p>\n","protected":false},"author":4,"featured_media":0,"parent":0,"menu_order":0,"comment_status":"closed","ping_status":"closed","template":"","meta":{"_acf_changed":false,"inline_featured_image":false,"footnotes":""},"class_list":["post-267","page","type-page","status-publish","hentry"],"acf":[],"yoast_head":"<!-- This site is optimized with the Yoast SEO plugin v26.9 - https:\/\/yoast.com\/product\/yoast-seo-wordpress\/ -->\n<title>Th\u00f4ng b\u00e1o v\u1ec1 quy\u1ec1n ri\u00eang t\u01b0 - Phonak - Vietnam<\/title>\n<meta name=\"robots\" content=\"index, follow, max-snippet:-1, max-image-preview:large, max-video-preview:-1\" \/>\n<link rel=\"canonical\" href=\"https:\/\/intl.phonak.com\/main-english\/privacy-notice\/\" \/>\n<meta property=\"og:locale\" content=\"vi_VN\" \/>\n<meta property=\"og:type\" content=\"article\" \/>\n<meta property=\"og:title\" content=\"Th\u00f4ng b\u00e1o v\u1ec1 quy\u1ec1n ri\u00eang t\u01b0 - Phonak - Vietnam\" \/>\n<meta property=\"og:description\" content=\"C\u1eadp nh\u1eadt l\u1ea7n cu\u1ed1i: Th\u00e1ng T\u01b0 2022 Th\u00f4ng b\u00e1o v\u1ec1 quy\u1ec1n ri\u00eang t\u01b0 n\u00e0y m\u00f4 t\u1ea3 c\u00e1ch d\u1eef li\u1ec7u c\u00e1...\" \/>\n<meta property=\"og:url\" content=\"https:\/\/intl.phonak.com\/vi-vn\/thong-bao-bao-mat\/\" \/>\n<meta property=\"og:site_name\" content=\"Phonak - Vietnam\" \/>\n<meta property=\"article:modified_time\" content=\"2025-04-01T12:42:05+00:00\" \/>\n<meta name=\"twitter:card\" content=\"summary_large_image\" \/>\n<meta name=\"twitter:label1\" content=\"Est. reading time\" \/>\n\t<meta name=\"twitter:data1\" content=\"6 minutes\" \/>\n<script type=\"application\/ld+json\" class=\"yoast-schema-graph\">{\"@context\":\"https:\/\/schema.org\",\"@graph\":[{\"@type\":\"WebPage\",\"@id\":\"https:\/\/intl.phonak.com\/vi-vn\/thong-bao-bao-mat\/\",\"url\":\"https:\/\/intl.phonak.com\/vi-vn\/thong-bao-bao-mat\/\",\"name\":\"Th\u00f4ng b\u00e1o v\u1ec1 quy\u1ec1n ri\u00eang t\u01b0 - Phonak - Vietnam\",\"isPartOf\":{\"@id\":\"https:\/\/intl.phonak.com\/vi-vn\/#website\"},\"datePublished\":\"2022-12-16T15:10:22+00:00\",\"dateModified\":\"2025-04-01T12:42:05+00:00\",\"breadcrumb\":{\"@id\":\"https:\/\/intl.phonak.com\/vi-vn\/thong-bao-bao-mat\/#breadcrumb\"},\"inLanguage\":\"vi\",\"potentialAction\":[{\"@type\":\"ReadAction\",\"target\":[\"https:\/\/intl.phonak.com\/vi-vn\/thong-bao-bao-mat\/\"]}]},{\"@type\":\"BreadcrumbList\",\"@id\":\"https:\/\/intl.phonak.com\/vi-vn\/thong-bao-bao-mat\/#breadcrumb\",\"itemListElement\":[{\"@type\":\"ListItem\",\"position\":1,\"name\":\"Home\",\"item\":\"https:\/\/intl.phonak.com\/vi-vn\/\"},{\"@type\":\"ListItem\",\"position\":2,\"name\":\"Thong-bao-bao-mat\"}]},{\"@type\":\"WebSite\",\"@id\":\"https:\/\/intl.phonak.com\/vi-vn\/#website\",\"url\":\"https:\/\/intl.phonak.com\/vi-vn\/\",\"name\":\"Phonak - Vietnam\",\"description\":\"Just another sonova-hearing-solutions.go-vip.net Sites site\",\"potentialAction\":[{\"@type\":\"SearchAction\",\"target\":{\"@type\":\"EntryPoint\",\"urlTemplate\":\"https:\/\/intl.phonak.com\/vi-vn\/?s={search_term_string}\"},\"query-input\":{\"@type\":\"PropertyValueSpecification\",\"valueRequired\":true,\"valueName\":\"search_term_string\"}}],\"inLanguage\":\"vi\"}]}<\/script>\n<!-- \/ Yoast SEO plugin. -->","yoast_head_json":{"title":"Th\u00f4ng b\u00e1o v\u1ec1 quy\u1ec1n ri\u00eang t\u01b0 - Phonak - Vietnam","robots":{"index":"index","follow":"follow","max-snippet":"max-snippet:-1","max-image-preview":"max-image-preview:large","max-video-preview":"max-video-preview:-1"},"canonical":"https:\/\/intl.phonak.com\/main-english\/privacy-notice\/","og_locale":"vi_VN","og_type":"article","og_title":"Th\u00f4ng b\u00e1o v\u1ec1 quy\u1ec1n ri\u00eang t\u01b0 - Phonak - Vietnam","og_description":"C\u1eadp nh\u1eadt l\u1ea7n cu\u1ed1i: Th\u00e1ng T\u01b0 2022 Th\u00f4ng b\u00e1o v\u1ec1 quy\u1ec1n ri\u00eang t\u01b0 n\u00e0y m\u00f4 t\u1ea3 c\u00e1ch d\u1eef li\u1ec7u c\u00e1...","og_url":"https:\/\/intl.phonak.com\/vi-vn\/thong-bao-bao-mat\/","og_site_name":"Phonak - Vietnam","article_modified_time":"2025-04-01T12:42:05+00:00","twitter_card":"summary_large_image","twitter_misc":{"Est. reading time":"6 minutes"},"schema":{"@context":"https:\/\/schema.org","@graph":[{"@type":"WebPage","@id":"https:\/\/intl.phonak.com\/vi-vn\/thong-bao-bao-mat\/","url":"https:\/\/intl.phonak.com\/vi-vn\/thong-bao-bao-mat\/","name":"Th\u00f4ng b\u00e1o v\u1ec1 quy\u1ec1n ri\u00eang t\u01b0 - Phonak - Vietnam","isPartOf":{"@id":"https:\/\/intl.phonak.com\/vi-vn\/#website"},"datePublished":"2022-12-16T15:10:22+00:00","dateModified":"2025-04-01T12:42:05+00:00","breadcrumb":{"@id":"https:\/\/intl.phonak.com\/vi-vn\/thong-bao-bao-mat\/#breadcrumb"},"inLanguage":"vi","potentialAction":[{"@type":"ReadAction","target":["https:\/\/intl.phonak.com\/vi-vn\/thong-bao-bao-mat\/"]}]},{"@type":"BreadcrumbList","@id":"https:\/\/intl.phonak.com\/vi-vn\/thong-bao-bao-mat\/#breadcrumb","itemListElement":[{"@type":"ListItem","position":1,"name":"Home","item":"https:\/\/intl.phonak.com\/vi-vn\/"},{"@type":"ListItem","position":2,"name":"Thong-bao-bao-mat"}]},{"@type":"WebSite","@id":"https:\/\/intl.phonak.com\/vi-vn\/#website","url":"https:\/\/intl.phonak.com\/vi-vn\/","name":"Phonak - Vietnam","description":"Just another sonova-hearing-solutions.go-vip.net Sites site","potentialAction":[{"@type":"SearchAction","target":{"@type":"EntryPoint","urlTemplate":"https:\/\/intl.phonak.com\/vi-vn\/?s={search_term_string}"},"query-input":{"@type":"PropertyValueSpecification","valueRequired":true,"valueName":"search_term_string"}}],"inLanguage":"vi"}]}},"jetpack_sharing_enabled":true,"distributor_meta":false,"distributor_terms":false,"distributor_media":false,"distributor_original_site_name":"Phonak - Vietnam","distributor_original_site_url":"https:\/\/intl.phonak.com\/vi-vn","push-errors":false,"_links":{"self":[{"href":"https:\/\/intl.phonak.com\/vi-vn\/wp-json\/wp\/v2\/pages\/267","targetHints":{"allow":["GET"]}}],"collection":[{"href":"https:\/\/intl.phonak.com\/vi-vn\/wp-json\/wp\/v2\/pages"}],"about":[{"href":"https:\/\/intl.phonak.com\/vi-vn\/wp-json\/wp\/v2\/types\/page"}],"author":[{"embeddable":true,"href":"https:\/\/intl.phonak.com\/vi-vn\/wp-json\/wp\/v2\/users\/4"}],"replies":[{"embeddable":true,"href":"https:\/\/intl.phonak.com\/vi-vn\/wp-json\/wp\/v2\/comments?post=267"}],"version-history":[{"count":5,"href":"https:\/\/intl.phonak.com\/vi-vn\/wp-json\/wp\/v2\/pages\/267\/revisions"}],"predecessor-version":[{"id":974,"href":"https:\/\/intl.phonak.com\/vi-vn\/wp-json\/wp\/v2\/pages\/267\/revisions\/974"}],"wp:attachment":[{"href":"https:\/\/intl.phonak.com\/vi-vn\/wp-json\/wp\/v2\/media?parent=267"}],"curies":[{"name":"wp","href":"https:\/\/api.w.org\/{rel}","templated":true}]}}