{"id":366,"date":"2021-11-29T20:47:45","date_gmt":"2021-11-29T20:47:45","guid":{"rendered":"https:\/\/intl.phonak.com\/sr-rs\/causes-of-hearing-loss\/"},"modified":"2025-08-28T06:34:20","modified_gmt":"2025-08-28T06:34:20","slug":"uzroci-gubitka-sluha","status":"publish","type":"page","link":"https:\/\/intl.phonak.com\/sr-rs\/gubitak-sluha\/uzroci-gubitka-sluha\/","title":{"rendered":"Uzroci gubitka sluha"},"content":{"rendered":"\n<div class=\"wp-block-cover alignfull is-light\"><img decoding=\"async\" class=\"wp-block-cover__image-background wp-image-4482\" alt=\"Signs of hearing loss\" src=\"https:\/\/intl.phonak.com\/sr-rs\/wp-content\/uploads\/sites\/3\/2022\/02\/Banner_ways-to-better-hearing.jpg\" style=\"object-position:15% 88%\" data-object-fit=\"cover\" data-object-position=\"15% 88%\"\/><span aria-hidden=\"true\" class=\"wp-block-cover__background has-white-background-color has-background-dim-40 has-background-dim\"><\/span><div class=\"wp-block-cover__inner-container is-layout-flow wp-block-cover-is-layout-flow\">\n<h1 class=\"wp-block-heading has-text-align-center has-dark-grey-color has-text-color\" id=\"causes-of-hearing-loss\">Uzroci gubitka sluha<\/h1>   \n<p class=\"has-text-align-center has-dark-grey-color has-text-color has-lead-font-size\">Brzi pogled na to za\u0161to vi ili voljena osoba mo\u017eete do\u017eivjeti gubitak sluha<\/p>\n<\/div><\/div>   \n<h2 class=\"wp-block-heading has-text-align-center\" id=\"listen-to-your-hearing\">Slu\u0161ajte svoj sluh<\/h2>   \n<p class=\"has-text-align-center\">Na kraju, mo\u017eete \u010duti samo ono \u0161to \u010dujete. Zato vam se stvari koje \u010dujete i dalje mogu \u010diniti ispravnim, iako mo\u017eda ve\u0107 imate blagi gubitak sluha. Istina je da se va\u0161 mozak jednostavno prilago\u0111ava novoj situaciji i kompenzuje oslabljene signale koji dolaze iz u\u0161iju. Nakon nekog vremena va\u0161 mozak bukvalno zaboravlja kako da \u010duje, jer se ne se\u0107a zvuka re\u010di.<br><\/p>   \n<p class=\"has-text-align-center\">Gubitak sluha mo\u017ee biti rezultat o\u0161te\u0107enja bilo koje od ovih sekcija:<\/p>   \n<div style=\"height:62px\" aria-hidden=\"true\" class=\"wp-block-spacer\"><\/div>   \n<figure class=\"wp-block-image aligncenter size-large\"><img decoding=\"async\" src=\"https:\/\/intl.phonak.com\/sr-rs\/wp-content\/uploads\/sites\/3\/2024\/05\/Anatomy_Ear-neutral.jpg?w=809\" alt=\"\" class=\"wp-image-8161\"\/><\/figure>   \n<div style=\"height:53px\" aria-hidden=\"true\" class=\"wp-block-spacer\"><\/div>   <div class=\"wp-block-columns is-layout-flex wp-container-core-columns-is-layout-9d6595d7 wp-block-columns-is-layout-flex\">\n<div class=\"wp-block-column is-layout-flow wp-block-column-is-layout-flow\">\n<h4 class=\"wp-block-heading has-text-align-center has-blue-color has-text-color\" id=\"causes-in-the-outer-ear\">1. Uzroci u spolja\u0161njem uhu<\/h4>   \n<p class=\"has-text-align-center\">Tipi\u010dni problemi sa spoljnim uhom uklju\u010duju \u010depove u\u0161nog voska i infekcije slu\u0161nog kanala. Obi\u010dno je re\u0161avanje ovih problema vrlo lako. Ali va\u017eno je brzo delovati kako bi se izbeglo o\u0161te\u0107enje sluha.<\/p>\n<\/div>   <div class=\"wp-block-column is-layout-flow wp-block-column-is-layout-flow\">\n<h4 class=\"wp-block-heading has-text-align-center has-blue-color has-text-color\" id=\"causes-in-the-middle-ear\">2. Uzroci u srednjem uhu<\/h4>   \n<p class=\"has-text-align-center\">Upala, te\u010dnost iza bubne opne, perforacije bubne opne i otoskleroza (ukru\u0107enje kostiju u srednjem uhu) su naj\u010de\u0161\u0107i problemi koji ometaju funkciju srednjeg uha. Ve\u0107ina problema sa spolja\u0161njim i srednjim uhom mo\u017ee se efikasno re\u0161iti lekovima ili operacijom. Ako to nije mogu\u0107e, trajni gubitak sluha u ve\u0107ini slu\u010dajeva mo\u017ee se nadoknaditi slu\u0161nim aparatom.<\/p>\n<\/div>   <div class=\"wp-block-column is-layout-flow wp-block-column-is-layout-flow\">\n<h4 class=\"wp-block-heading has-text-align-center has-blue-color has-text-color\" id=\"causes-in-the-inner-ear\">3. Uzroci u unutra\u0161njem uhu<\/h4>   \n<p class=\"has-text-align-center\">Ve\u0107ina problema sa sluhom odnosi se na unutra\u0161nje uho. Naj\u010de\u0161\u0107i uzrok je prirodni proces starenja. Ali glasna buka, uzimanje nekih vrsta lekova ili prelomi lobanje tako\u0111e mogu imati negativan uticaj na slu\u0161nu sposobnost osobe. Ovi uticaji o\u0161te\u0107uju fine \u0107elije kose i uti\u010du na prenos signala slu\u0161nim nervima. Obi\u010dno se gubitak sluha u unutra\u0161njem uhu ne mo\u017ee medicinski re\u0161iti. Me\u0111utim, ova vrsta gubitka sluha u ve\u0107ini slu\u010dajeva mo\u017ee se ispraviti slu\u0161nim aparatom.<\/p>\n<\/div>\n<\/div>   <p><\/p>   \n<p class=\"has-text-align-center\">Gubitak sluha uzrokovan defektom spolja\u0161njeg ili srednjeg uha naziva se provodni gubitak sluha. O\u0161te\u0107enje unutra\u0161njeg uha naziva se senzorineuralni gubitak sluha. Ako se obe vrste javljaju zajedno, stanje se naziva me\u0161oviti gubitak sluha.<\/p>   \n<div style=\"height:26px\" aria-hidden=\"true\" class=\"wp-block-spacer\"><\/div>   \n<div class=\"wp-block-group alignfull has-light-grey-background-color has-background is-layout-flow wp-block-group-is-layout-flow\">\n<div class=\"wp-block-group is-style-align-small is-layout-flow wp-block-group-is-layout-flow\">\n<h3 class=\"wp-block-heading has-text-align-center has-blue-color has-text-color\" id=\"get-professional-help\">Potra\u017eite stru\u010dnu pomo\u0107<\/h3>   \n<p class=\"has-text-align-center\">Va\u0161 stru\u010dnjak za slu\u0161nu negu pomo\u0107i \u0107e vam da napravite izbor koji je savr\u0161en za vas. Oni \u0107e razmotriti va\u0161e potrebe za sluhom, va\u0161 bud\u017eet, va\u0161 \u017eivotni stil i va\u0161e individualne preferencije sluha.<\/p>   \n<p class=\"has-text-align-center\"><a href=\"https:\/\/intl.phonak.com\/sr-rs\/hearing-loss\/go-to-a-hearing-expert\/\">Saznajte \u0161ta mo\u017eete o\u010dekivati na prvom sastanku<\/a><\/p>\n<\/div>\n<\/div>   \n<div class=\"wp-block-media-text is-stacked-on-mobile cta-block\" style=\"grid-template-columns:35% auto\"><figure class=\"wp-block-media-text__media\"><img decoding=\"async\" src=\"https:\/\/intl.phonak.com\/main-english\/wp-content\/uploads\/sites\/3\/2021\/11\/cta-image.jpg?w=401\" alt=\"\" class=\"wp-image-6738 size-full\"\/><\/figure><div class=\"wp-block-media-text__content\">\n<div class=\"wp-block-create-block-icon-selector\"><i class=\"fal fa-map-marker-alt\"><\/i><\/div>   \n<h3 class=\"wp-block-heading\">Sluh stru\u010dnjaka u va\u0161oj blizini<\/h3>   <p>Stru\u010dnjaci za slu\u0161nu negu mogu vam pomo\u0107i da napravite izbor koji je savr\u0161en za vas. Oni \u0107e razmotriti va\u0161e potrebe za sluhom, va\u0161 bud\u017eet, va\u0161 \u017eivotni stil i va\u0161e individualne preferencije sluha. <\/p>   <div class=\"wp-block-buttons is-layout-flex wp-block-buttons-is-layout-flex\">\n<div class=\"wp-block-button is-style-marker-green\"><a class=\"wp-block-button__link wp-element-button\" href=\"https:\/\/intl.phonak.com\/sr-rs\/pronadi-slusnog-alusticara\/\">Prona\u0111i slusnog alusticara<\/a><\/div>\n<\/div>\n<\/div><\/div>    <p><\/p> ","protected":false},"excerpt":{"rendered":"<p>Slu\u0161ajte svoj sluh Na kraju, mo\u017eete \u010duti samo ono \u0161to \u010dujete. Zato vam se stvari koje \u010dujete i dalje mogu&#8230;<\/p>\n","protected":false},"author":5,"featured_media":0,"parent":318,"menu_order":0,"comment_status":"closed","ping_status":"closed","template":"","meta":{"_acf_changed":false,"inline_featured_image":false,"footnotes":""},"class_list":["post-366","page","type-page","status-publish","hentry"],"acf":[],"yoast_head":"<!-- This site is optimized with the Yoast SEO plugin v26.9 - https:\/\/yoast.com\/product\/yoast-seo-wordpress\/ -->\n<title>Uzroci gubitka sluha - Phonak - Srbija<\/title>\n<meta name=\"robots\" content=\"index, follow, max-snippet:-1, max-image-preview:large, max-video-preview:-1\" \/>\n<link rel=\"canonical\" href=\"https:\/\/intl.phonak.com\/main-english\/hearing-loss\/causes-of-hearing-loss\/\" \/>\n<meta property=\"og:locale\" content=\"sr_RS\" \/>\n<meta property=\"og:type\" content=\"article\" \/>\n<meta property=\"og:title\" content=\"Uzroci gubitka sluha - Phonak - Srbija\" \/>\n<meta property=\"og:description\" content=\"Slu\u0161ajte svoj sluh Na kraju, mo\u017eete \u010duti samo ono \u0161to \u010dujete. Zato vam se stvari koje \u010dujete i dalje mogu...\" \/>\n<meta property=\"og:url\" content=\"https:\/\/intl.phonak.com\/sr-rs\/gubitak-sluha\/uzroci-gubitka-sluha\/\" \/>\n<meta property=\"og:site_name\" content=\"Phonak - Srbija\" \/>\n<meta property=\"article:modified_time\" content=\"2025-08-28T06:34:20+00:00\" \/>\n<meta name=\"twitter:card\" content=\"summary_large_image\" \/>\n<meta name=\"twitter:label1\" content=\"Est. reading time\" \/>\n\t<meta name=\"twitter:data1\" content=\"4 minutes\" \/>\n<script type=\"application\/ld+json\" class=\"yoast-schema-graph\">{\"@context\":\"https:\/\/schema.org\",\"@graph\":[{\"@type\":\"WebPage\",\"@id\":\"https:\/\/intl.phonak.com\/sr-rs\/gubitak-sluha\/uzroci-gubitka-sluha\/\",\"url\":\"https:\/\/intl.phonak.com\/sr-rs\/gubitak-sluha\/uzroci-gubitka-sluha\/\",\"name\":\"Uzroci gubitka sluha - Phonak - Srbija\",\"isPartOf\":{\"@id\":\"https:\/\/intl.phonak.com\/sr-rs\/#website\"},\"primaryImageOfPage\":{\"@id\":\"https:\/\/intl.phonak.com\/sr-rs\/gubitak-sluha\/uzroci-gubitka-sluha\/#primaryimage\"},\"image\":{\"@id\":\"https:\/\/intl.phonak.com\/sr-rs\/gubitak-sluha\/uzroci-gubitka-sluha\/#primaryimage\"},\"thumbnailUrl\":\"https:\/\/intl.phonak.com\/sr-rs\/wp-content\/uploads\/sites\/3\/2022\/02\/Banner_ways-to-better-hearing.jpg\",\"datePublished\":\"2021-11-29T20:47:45+00:00\",\"dateModified\":\"2025-08-28T06:34:20+00:00\",\"breadcrumb\":{\"@id\":\"https:\/\/intl.phonak.com\/sr-rs\/gubitak-sluha\/uzroci-gubitka-sluha\/#breadcrumb\"},\"inLanguage\":\"sr-RS\",\"potentialAction\":[{\"@type\":\"ReadAction\",\"target\":[\"https:\/\/intl.phonak.com\/sr-rs\/gubitak-sluha\/uzroci-gubitka-sluha\/\"]}]},{\"@type\":\"ImageObject\",\"inLanguage\":\"sr-RS\",\"@id\":\"https:\/\/intl.phonak.com\/sr-rs\/gubitak-sluha\/uzroci-gubitka-sluha\/#primaryimage\",\"url\":\"\",\"contentUrl\":\"\"},{\"@type\":\"BreadcrumbList\",\"@id\":\"https:\/\/intl.phonak.com\/sr-rs\/gubitak-sluha\/uzroci-gubitka-sluha\/#breadcrumb\",\"itemListElement\":[{\"@type\":\"ListItem\",\"position\":1,\"name\":\"Home\",\"item\":\"https:\/\/intl.phonak.com\/sr-rs\/\"},{\"@type\":\"ListItem\",\"position\":2,\"name\":\"Gubitak sluha\",\"item\":\"https:\/\/intl.phonak.com\/sr-rs\/gubitak-sluha\/\"},{\"@type\":\"ListItem\",\"position\":3,\"name\":\"Uzroci gubitka sluha\"}]},{\"@type\":\"WebSite\",\"@id\":\"https:\/\/intl.phonak.com\/sr-rs\/#website\",\"url\":\"https:\/\/intl.phonak.com\/sr-rs\/\",\"name\":\"Phonak - Srbija\",\"description\":\"Posvec\u0301eni promeni \u017eivota\",\"publisher\":{\"@id\":\"https:\/\/intl.phonak.com\/sr-rs\/#organization\"},\"potentialAction\":[{\"@type\":\"SearchAction\",\"target\":{\"@type\":\"EntryPoint\",\"urlTemplate\":\"https:\/\/intl.phonak.com\/sr-rs\/?s={search_term_string}\"},\"query-input\":{\"@type\":\"PropertyValueSpecification\",\"valueRequired\":true,\"valueName\":\"search_term_string\"}}],\"inLanguage\":\"sr-RS\"},{\"@type\":\"Organization\",\"@id\":\"https:\/\/intl.phonak.com\/sr-rs\/#organization\",\"name\":\"Phonak - Srbija\",\"url\":\"https:\/\/intl.phonak.com\/sr-rs\/\",\"logo\":{\"@type\":\"ImageObject\",\"inLanguage\":\"sr-RS\",\"@id\":\"https:\/\/intl.phonak.com\/sr-rs\/#\/schema\/logo\/image\/\",\"url\":\"https:\/\/intl.phonak.com\/sr-rs\/wp-content\/uploads\/sites\/70\/2025\/07\/logo-phonak.svg\",\"contentUrl\":\"https:\/\/intl.phonak.com\/sr-rs\/wp-content\/uploads\/sites\/70\/2025\/07\/logo-phonak.svg\",\"caption\":\"Phonak - Srbija\"},\"image\":{\"@id\":\"https:\/\/intl.phonak.com\/sr-rs\/#\/schema\/logo\/image\/\"}}]}<\/script>\n<!-- \/ Yoast SEO plugin. -->","yoast_head_json":{"title":"Uzroci gubitka sluha - Phonak - Srbija","robots":{"index":"index","follow":"follow","max-snippet":"max-snippet:-1","max-image-preview":"max-image-preview:large","max-video-preview":"max-video-preview:-1"},"canonical":"https:\/\/intl.phonak.com\/main-english\/hearing-loss\/causes-of-hearing-loss\/","og_locale":"sr_RS","og_type":"article","og_title":"Uzroci gubitka sluha - Phonak - Srbija","og_description":"Slu\u0161ajte svoj sluh Na kraju, mo\u017eete \u010duti samo ono \u0161to \u010dujete. Zato vam se stvari koje \u010dujete i dalje mogu...","og_url":"https:\/\/intl.phonak.com\/sr-rs\/gubitak-sluha\/uzroci-gubitka-sluha\/","og_site_name":"Phonak - Srbija","article_modified_time":"2025-08-28T06:34:20+00:00","twitter_card":"summary_large_image","twitter_misc":{"Est. reading time":"4 minutes"},"schema":{"@context":"https:\/\/schema.org","@graph":[{"@type":"WebPage","@id":"https:\/\/intl.phonak.com\/sr-rs\/gubitak-sluha\/uzroci-gubitka-sluha\/","url":"https:\/\/intl.phonak.com\/sr-rs\/gubitak-sluha\/uzroci-gubitka-sluha\/","name":"Uzroci gubitka sluha - Phonak - Srbija","isPartOf":{"@id":"https:\/\/intl.phonak.com\/sr-rs\/#website"},"primaryImageOfPage":{"@id":"https:\/\/intl.phonak.com\/sr-rs\/gubitak-sluha\/uzroci-gubitka-sluha\/#primaryimage"},"image":{"@id":"https:\/\/intl.phonak.com\/sr-rs\/gubitak-sluha\/uzroci-gubitka-sluha\/#primaryimage"},"thumbnailUrl":"https:\/\/intl.phonak.com\/sr-rs\/wp-content\/uploads\/sites\/3\/2022\/02\/Banner_ways-to-better-hearing.jpg","datePublished":"2021-11-29T20:47:45+00:00","dateModified":"2025-08-28T06:34:20+00:00","breadcrumb":{"@id":"https:\/\/intl.phonak.com\/sr-rs\/gubitak-sluha\/uzroci-gubitka-sluha\/#breadcrumb"},"inLanguage":"sr-RS","potentialAction":[{"@type":"ReadAction","target":["https:\/\/intl.phonak.com\/sr-rs\/gubitak-sluha\/uzroci-gubitka-sluha\/"]}]},{"@type":"ImageObject","inLanguage":"sr-RS","@id":"https:\/\/intl.phonak.com\/sr-rs\/gubitak-sluha\/uzroci-gubitka-sluha\/#primaryimage","url":"","contentUrl":""},{"@type":"BreadcrumbList","@id":"https:\/\/intl.phonak.com\/sr-rs\/gubitak-sluha\/uzroci-gubitka-sluha\/#breadcrumb","itemListElement":[{"@type":"ListItem","position":1,"name":"Home","item":"https:\/\/intl.phonak.com\/sr-rs\/"},{"@type":"ListItem","position":2,"name":"Gubitak sluha","item":"https:\/\/intl.phonak.com\/sr-rs\/gubitak-sluha\/"},{"@type":"ListItem","position":3,"name":"Uzroci gubitka sluha"}]},{"@type":"WebSite","@id":"https:\/\/intl.phonak.com\/sr-rs\/#website","url":"https:\/\/intl.phonak.com\/sr-rs\/","name":"Phonak - Srbija","description":"Posvec\u0301eni promeni \u017eivota","publisher":{"@id":"https:\/\/intl.phonak.com\/sr-rs\/#organization"},"potentialAction":[{"@type":"SearchAction","target":{"@type":"EntryPoint","urlTemplate":"https:\/\/intl.phonak.com\/sr-rs\/?s={search_term_string}"},"query-input":{"@type":"PropertyValueSpecification","valueRequired":true,"valueName":"search_term_string"}}],"inLanguage":"sr-RS"},{"@type":"Organization","@id":"https:\/\/intl.phonak.com\/sr-rs\/#organization","name":"Phonak - Srbija","url":"https:\/\/intl.phonak.com\/sr-rs\/","logo":{"@type":"ImageObject","inLanguage":"sr-RS","@id":"https:\/\/intl.phonak.com\/sr-rs\/#\/schema\/logo\/image\/","url":"https:\/\/intl.phonak.com\/sr-rs\/wp-content\/uploads\/sites\/70\/2025\/07\/logo-phonak.svg","contentUrl":"https:\/\/intl.phonak.com\/sr-rs\/wp-content\/uploads\/sites\/70\/2025\/07\/logo-phonak.svg","caption":"Phonak - Srbija"},"image":{"@id":"https:\/\/intl.phonak.com\/sr-rs\/#\/schema\/logo\/image\/"}}]}},"jetpack_sharing_enabled":true,"distributor_meta":false,"distributor_terms":false,"distributor_media":false,"distributor_original_site_name":"Phonak - Srbija","distributor_original_site_url":"https:\/\/intl.phonak.com\/sr-rs","push-errors":false,"_links":{"self":[{"href":"https:\/\/intl.phonak.com\/sr-rs\/wp-json\/wp\/v2\/pages\/366","targetHints":{"allow":["GET"]}}],"collection":[{"href":"https:\/\/intl.phonak.com\/sr-rs\/wp-json\/wp\/v2\/pages"}],"about":[{"href":"https:\/\/intl.phonak.com\/sr-rs\/wp-json\/wp\/v2\/types\/page"}],"author":[{"embeddable":true,"href":"https:\/\/intl.phonak.com\/sr-rs\/wp-json\/wp\/v2\/users\/5"}],"replies":[{"embeddable":true,"href":"https:\/\/intl.phonak.com\/sr-rs\/wp-json\/wp\/v2\/comments?post=366"}],"version-history":[{"count":11,"href":"https:\/\/intl.phonak.com\/sr-rs\/wp-json\/wp\/v2\/pages\/366\/revisions"}],"predecessor-version":[{"id":891,"href":"https:\/\/intl.phonak.com\/sr-rs\/wp-json\/wp\/v2\/pages\/366\/revisions\/891"}],"up":[{"embeddable":true,"href":"https:\/\/intl.phonak.com\/sr-rs\/wp-json\/wp\/v2\/pages\/318"}],"wp:attachment":[{"href":"https:\/\/intl.phonak.com\/sr-rs\/wp-json\/wp\/v2\/media?parent=366"}],"curies":[{"name":"wp","href":"https:\/\/api.w.org\/{rel}","templated":true}]}}