{"id":363,"date":"2021-11-29T21:39:57","date_gmt":"2021-11-29T21:39:57","guid":{"rendered":"https:\/\/intl.phonak.com\/sr-rs\/go-to-a-hearing-expert\/"},"modified":"2025-08-15T07:26:20","modified_gmt":"2025-08-15T07:26:20","slug":"posetite-strucnjaka-za-sluh","status":"publish","type":"page","link":"https:\/\/intl.phonak.com\/sr-rs\/gubitak-sluha\/posetite-strucnjaka-za-sluh\/","title":{"rendered":"Idi kod stru\u010dnjaka za sluh"},"content":{"rendered":"\n<div class=\"wp-block-cover alignfull\"><img decoding=\"async\" class=\"wp-block-cover__image-background wp-image-7280\" alt=\"HCP fitting a Client\" src=\"https:\/\/intl.phonak.com\/sr-rs\/wp-content\/uploads\/sites\/3\/2023\/12\/Hearing-banner_HCPFittingClient_01-1.jpg\" data-object-fit=\"cover\"\/><span aria-hidden=\"true\" class=\"wp-block-cover__background has-light-grey-background-color has-background-dim-60 has-background-dim\"><\/span><div class=\"wp-block-cover__inner-container is-layout-flow wp-block-cover-is-layout-flow\">\n<h1 class=\"wp-block-heading has-text-align-center has-grey-500-color has-text-color\" id=\"your-first-appointment-with-a-hearing-expert\">Va\u0161 prvi sastanak sa stru\u010dnjakom za sluh.<\/h1>\n\n\n\n<p class=\"has-text-align-center has-grey-500-color has-text-color has-lead-font-size\">Redovni testovi sluha poma\u017eu vam da rano prepoznate gubitak sluha. <br>Kada ste poslednji put testirali sluh?<\/p>\n\n\n\n<div class=\"wp-block-buttons is-horizontal is-content-justification-center is-layout-flex wp-container-core-buttons-is-layout-499968f5 wp-block-buttons-is-layout-flex\">\n<div class=\"wp-block-button is-style-marker-green\"><a class=\"wp-block-button__link wp-element-button\" href=\"https:\/\/intl.phonak.com\/sr-rs\/pronadi-slusnog-alusticara\/\">Prona\u0111i slusnog alusticara<\/a><\/div>\n<\/div>\n<\/div><\/div>\n\n\n\n<div class=\"wp-block-group is-style-align-small is-layout-flow wp-block-group-is-layout-flow\" style=\"padding-top:0px\">\n<h2 class=\"wp-block-heading has-text-align-center\" id=\"what-to-expect\">\u0160ta o\u010dekivati<\/h2>\n\n\n\n<p class=\"has-text-align-center\">Verovatno ste se ve\u0107 pitali \u0161ta \u0107e se desiti tokom stru\u010dnih konsultacija. Dozvolite nam da vam olak\u0161amo i damo vam ideju o tome \u0161ta mo\u017eete o\u010dekivati na prvom sastanku. <\/p>\n\n\n\n<h3 class=\"wp-block-heading has-blue-color has-text-color\" id=\"1-plan-enough-time\">1. Planirajte dovoljno vremena<\/h3>\n\n\n\n<p class=\"has-text-align-left\">Va\u0161a prva poseta \u0107e trajati oko sat vremena. Ako \u017eelite, mo\u017eete zamoliti ro\u0111aka ili prijatelja da vas prati. Mnogi ljudi se tako ose\u0107aju sigurnije. Prijateljsko lice pored vas je posebno korisno ako postoje problemi u komunikaciji.<\/p>\n\n\n\n<h3 class=\"wp-block-heading has-blue-color has-text-color\" id=\"2-ear-examination\">2. Pregled uha<\/h3>\n\n\n\n<p>Audiolog, dozator slu\u0161nog aparata ili ORL specijalista \u0107e pregledati va\u0161e u\u0161i. Ovo je za proveru problema kao \u0161to su prekomerni vosak ili infekcije uha.<\/p>\n\n\n\n<h3 class=\"wp-block-heading has-blue-color has-text-color\" id=\"3-hearing-test\">3. Test sluha<\/h3>\n\n\n\n<p>Nakon pregleda, audiolog, dozator slu\u0161nog aparata ili ORL specijalista \u0107e uraditi test sluha. Dobi\u0107ete slu\u0161alice i stru\u010dnjak \u0107e igrati niz tonova, neki od ovih tonova \u0107e biti glasni i lako se \u010duju, a neki \u0107e biti mekani i malo te\u017ee \u010duti. Jedino \u0161to treba da uradite je da obavestite stru\u010dnjaka ili da pritisnete dugme kada \u010dujete ton. Nakon pregleda i ispitivanja sluha, stru\u010dnjak \u0107e vam mo\u0107i re\u0107i vi\u0161e o va\u0161em sluhu i gubitku sluha.<\/p>\n\n\n\n<h3 class=\"wp-block-heading has-blue-color has-text-color\" id=\"selection-of-hearing-solutions-1\">4. Izbor slu\u0161nih re\u0161enja<\/h3>\n\n\n\n<p>Na kraju konsultacija, stru\u010dnjak \u0107e vam objasniti sve opcije koje su vam na raspolaganju kako biste povratili sluh. Bi\u0107e vam prikazan izbor slu\u0161nih pomagala koji su prikladni za va\u0161 gubitak sluha. Razlike i prednosti proizvoda \u0107e vam biti obja\u0161njene.<\/p>\n\n\n\n<p>Sada je dobro vreme da postavite sva pitanja koja mo\u017eda imate i da stru\u010dnjaku date \u0161to vi\u0161e informacija. \u0160to vi\u0161e on ili ona zna o vama, bolja pomo\u0107 \u0107ete dobiti. Zbog toga je preporu\u010dljivo razmisliti o situacijama u kojima se borite sa sluhom (tokom porodi\u010dnih okupljanja, tokom sastanaka, u glasnom okru\u017eenju, dok gledate televiziju, razgovarate telefonom, slu\u0161ate muziku itd.) &nbsp; pre nego \u0161to do\u0111ete na sastanak.<\/p>\n\n\n\n<div style=\"height:35px\" aria-hidden=\"true\" class=\"wp-block-spacer\"><\/div>\n<\/div>\n\n\n\n<div class=\"wp-block-group alignfull has-light-grey-background-color has-background is-layout-flow wp-block-group-is-layout-flow\">\n<div class=\"wp-block-group is-style-align-small is-layout-flow wp-block-group-is-layout-flow\">\n<p class=\"has-text-align-center is-style-default\"><strong>SLEDE\u0106I KORAK:<\/strong><\/p>\n\n\n\n<h3 class=\"wp-block-heading has-text-align-center\" id=\"customization-of-your-new-hearing-aid-1\">Prilago\u0111avanje va\u0161eg novog slu\u0161nog aparata<\/h3>\n\n\n\n<p class=\"has-text-align-center is-style-default\">Phonak je globalni lider u razvoju slu\u0161nih re\u0161enja. Sa na\u0161im stalnim naporima da prona\u0111emo nova re\u0161enja, uspevamo da postignemo jednu od najvi\u0161ih stopa inovacija u industriji. <\/p>\n\n\n\n<p class=\"has-text-align-center\"><a href=\"https:\/\/intl.phonak.com\/sr-rs\/resenja\/slusni-aparat\/\">Saznajte vi\u0161e o slu\u0161nim aparatima Phonak<\/a><\/p>\n\n\n\n<p class=\"has-text-align-center is-style-default\">Phonak&nbsp; Slu\u0161ni aparati su prilagodljivi tako da odgovaraju va\u0161im potrebama, ali ih je potrebno optimizirati kako biste bili sigurni da ostanete u toku, bez obzira na to gde se nalazite.<\/p>\n\n\n\n<p class=\"has-text-align-center\"><a href=\"https:\/\/intl.phonak.com\/sr-rs\/gubitak-sluha\/prilagodavanje-slusnih-aparata\/\">Saznajte vi\u0161e o prilago\u0111avanju<\/a><a href=\"https:\/\/intl.phonak.com\/sr-rs\/hearing-loss\/hearing-aid-customization\/\"> slu\u0161nog aparata<\/a><\/p>\n<\/div>\n<\/div>\n\n\n\n<div class=\"wp-block-media-text is-stacked-on-mobile cta-block\" style=\"grid-template-columns:35% auto\"><figure class=\"wp-block-media-text__media\"><img decoding=\"async\" src=\"https:\/\/intl.phonak.com\/main-english\/wp-content\/uploads\/sites\/3\/2021\/11\/cta-image.jpg?w=401\" alt=\"\" class=\"wp-image-6738 size-full\"\/><\/figure><div class=\"wp-block-media-text__content\">\n<div class=\"wp-block-create-block-icon-selector\"><i class=\"fal fa-map-marker-alt\"><\/i><\/div>   \n<h3 class=\"wp-block-heading\">Sluh stru\u010dnjaka u va\u0161oj blizini<\/h3>   <p>Stru\u010dnjaci za slu\u0161nu negu mogu vam pomo\u0107i da napravite izbor koji je savr\u0161en za vas. Oni \u0107e razmotriti va\u0161e potrebe za sluhom, va\u0161 bud\u017eet, va\u0161 \u017eivotni stil i va\u0161e individualne preferencije sluha. <\/p>   <div class=\"wp-block-buttons is-layout-flex wp-block-buttons-is-layout-flex\">\n<div class=\"wp-block-button is-style-marker-green\"><a class=\"wp-block-button__link wp-element-button\" href=\"https:\/\/intl.phonak.com\/sr-rs\/pronadi-slusnog-alusticara\/\">Prona\u0111i slusnog alusticara<\/a><\/div>\n<\/div>\n<\/div><\/div> ","protected":false},"excerpt":{"rendered":"<p>\u0160ta o\u010dekivati Verovatno ste se ve\u0107 pitali \u0161ta \u0107e se desiti tokom stru\u010dnih konsultacija. Dozvolite nam da vam olak\u0161amo i&#8230;<\/p>\n","protected":false},"author":5,"featured_media":0,"parent":318,"menu_order":0,"comment_status":"closed","ping_status":"closed","template":"","meta":{"_acf_changed":false,"inline_featured_image":false,"footnotes":""},"class_list":["post-363","page","type-page","status-publish","hentry"],"acf":[],"yoast_head":"<!-- This site is optimized with the Yoast SEO plugin v26.9 - https:\/\/yoast.com\/product\/yoast-seo-wordpress\/ -->\n<title>Idi kod stru\u010dnjaka za sluh - Phonak - Srbija<\/title>\n<meta name=\"robots\" content=\"index, follow, max-snippet:-1, max-image-preview:large, max-video-preview:-1\" \/>\n<link rel=\"canonical\" href=\"https:\/\/intl.phonak.com\/main-english\/hearing-loss\/go-to-a-hearing-expert\/\" \/>\n<meta property=\"og:locale\" content=\"sr_RS\" \/>\n<meta property=\"og:type\" content=\"article\" \/>\n<meta property=\"og:title\" content=\"Idi kod stru\u010dnjaka za sluh - Phonak - Srbija\" \/>\n<meta property=\"og:description\" content=\"\u0160ta o\u010dekivati Verovatno ste se ve\u0107 pitali \u0161ta \u0107e se desiti tokom stru\u010dnih konsultacija. Dozvolite nam da vam olak\u0161amo i...\" \/>\n<meta property=\"og:url\" content=\"https:\/\/intl.phonak.com\/sr-rs\/gubitak-sluha\/posetite-strucnjaka-za-sluh\/\" \/>\n<meta property=\"og:site_name\" content=\"Phonak - Srbija\" \/>\n<meta property=\"article:modified_time\" content=\"2025-08-15T07:26:20+00:00\" \/>\n<meta name=\"twitter:card\" content=\"summary_large_image\" \/>\n<meta name=\"twitter:label1\" content=\"Est. reading time\" \/>\n\t<meta name=\"twitter:data1\" content=\"4 minutes\" \/>\n<script type=\"application\/ld+json\" class=\"yoast-schema-graph\">{\"@context\":\"https:\/\/schema.org\",\"@graph\":[{\"@type\":\"WebPage\",\"@id\":\"https:\/\/intl.phonak.com\/sr-rs\/gubitak-sluha\/posetite-strucnjaka-za-sluh\/\",\"url\":\"https:\/\/intl.phonak.com\/sr-rs\/gubitak-sluha\/posetite-strucnjaka-za-sluh\/\",\"name\":\"Idi kod stru\u010dnjaka za sluh - Phonak - Srbija\",\"isPartOf\":{\"@id\":\"https:\/\/intl.phonak.com\/sr-rs\/#website\"},\"primaryImageOfPage\":{\"@id\":\"https:\/\/intl.phonak.com\/sr-rs\/gubitak-sluha\/posetite-strucnjaka-za-sluh\/#primaryimage\"},\"image\":{\"@id\":\"https:\/\/intl.phonak.com\/sr-rs\/gubitak-sluha\/posetite-strucnjaka-za-sluh\/#primaryimage\"},\"thumbnailUrl\":\"https:\/\/intl.phonak.com\/sr-rs\/wp-content\/uploads\/sites\/3\/2023\/12\/Hearing-banner_HCPFittingClient_01-1.jpg\",\"datePublished\":\"2021-11-29T21:39:57+00:00\",\"dateModified\":\"2025-08-15T07:26:20+00:00\",\"breadcrumb\":{\"@id\":\"https:\/\/intl.phonak.com\/sr-rs\/gubitak-sluha\/posetite-strucnjaka-za-sluh\/#breadcrumb\"},\"inLanguage\":\"sr-RS\",\"potentialAction\":[{\"@type\":\"ReadAction\",\"target\":[\"https:\/\/intl.phonak.com\/sr-rs\/gubitak-sluha\/posetite-strucnjaka-za-sluh\/\"]}]},{\"@type\":\"ImageObject\",\"inLanguage\":\"sr-RS\",\"@id\":\"https:\/\/intl.phonak.com\/sr-rs\/gubitak-sluha\/posetite-strucnjaka-za-sluh\/#primaryimage\",\"url\":\"\",\"contentUrl\":\"\"},{\"@type\":\"BreadcrumbList\",\"@id\":\"https:\/\/intl.phonak.com\/sr-rs\/gubitak-sluha\/posetite-strucnjaka-za-sluh\/#breadcrumb\",\"itemListElement\":[{\"@type\":\"ListItem\",\"position\":1,\"name\":\"Home\",\"item\":\"https:\/\/intl.phonak.com\/sr-rs\/\"},{\"@type\":\"ListItem\",\"position\":2,\"name\":\"Gubitak sluha\",\"item\":\"https:\/\/intl.phonak.com\/sr-rs\/gubitak-sluha\/\"},{\"@type\":\"ListItem\",\"position\":3,\"name\":\"Idi kod stru\u010dnjaka za sluh\"}]},{\"@type\":\"WebSite\",\"@id\":\"https:\/\/intl.phonak.com\/sr-rs\/#website\",\"url\":\"https:\/\/intl.phonak.com\/sr-rs\/\",\"name\":\"Phonak - Srbija\",\"description\":\"Posvec\u0301eni promeni \u017eivota\",\"publisher\":{\"@id\":\"https:\/\/intl.phonak.com\/sr-rs\/#organization\"},\"potentialAction\":[{\"@type\":\"SearchAction\",\"target\":{\"@type\":\"EntryPoint\",\"urlTemplate\":\"https:\/\/intl.phonak.com\/sr-rs\/?s={search_term_string}\"},\"query-input\":{\"@type\":\"PropertyValueSpecification\",\"valueRequired\":true,\"valueName\":\"search_term_string\"}}],\"inLanguage\":\"sr-RS\"},{\"@type\":\"Organization\",\"@id\":\"https:\/\/intl.phonak.com\/sr-rs\/#organization\",\"name\":\"Phonak - Srbija\",\"url\":\"https:\/\/intl.phonak.com\/sr-rs\/\",\"logo\":{\"@type\":\"ImageObject\",\"inLanguage\":\"sr-RS\",\"@id\":\"https:\/\/intl.phonak.com\/sr-rs\/#\/schema\/logo\/image\/\",\"url\":\"https:\/\/intl.phonak.com\/sr-rs\/wp-content\/uploads\/sites\/70\/2025\/07\/logo-phonak.svg\",\"contentUrl\":\"https:\/\/intl.phonak.com\/sr-rs\/wp-content\/uploads\/sites\/70\/2025\/07\/logo-phonak.svg\",\"caption\":\"Phonak - Srbija\"},\"image\":{\"@id\":\"https:\/\/intl.phonak.com\/sr-rs\/#\/schema\/logo\/image\/\"}}]}<\/script>\n<!-- \/ Yoast SEO plugin. -->","yoast_head_json":{"title":"Idi kod stru\u010dnjaka za sluh - Phonak - Srbija","robots":{"index":"index","follow":"follow","max-snippet":"max-snippet:-1","max-image-preview":"max-image-preview:large","max-video-preview":"max-video-preview:-1"},"canonical":"https:\/\/intl.phonak.com\/main-english\/hearing-loss\/go-to-a-hearing-expert\/","og_locale":"sr_RS","og_type":"article","og_title":"Idi kod stru\u010dnjaka za sluh - Phonak - Srbija","og_description":"\u0160ta o\u010dekivati Verovatno ste se ve\u0107 pitali \u0161ta \u0107e se desiti tokom stru\u010dnih konsultacija. Dozvolite nam da vam olak\u0161amo i...","og_url":"https:\/\/intl.phonak.com\/sr-rs\/gubitak-sluha\/posetite-strucnjaka-za-sluh\/","og_site_name":"Phonak - Srbija","article_modified_time":"2025-08-15T07:26:20+00:00","twitter_card":"summary_large_image","twitter_misc":{"Est. reading time":"4 minutes"},"schema":{"@context":"https:\/\/schema.org","@graph":[{"@type":"WebPage","@id":"https:\/\/intl.phonak.com\/sr-rs\/gubitak-sluha\/posetite-strucnjaka-za-sluh\/","url":"https:\/\/intl.phonak.com\/sr-rs\/gubitak-sluha\/posetite-strucnjaka-za-sluh\/","name":"Idi kod stru\u010dnjaka za sluh - Phonak - Srbija","isPartOf":{"@id":"https:\/\/intl.phonak.com\/sr-rs\/#website"},"primaryImageOfPage":{"@id":"https:\/\/intl.phonak.com\/sr-rs\/gubitak-sluha\/posetite-strucnjaka-za-sluh\/#primaryimage"},"image":{"@id":"https:\/\/intl.phonak.com\/sr-rs\/gubitak-sluha\/posetite-strucnjaka-za-sluh\/#primaryimage"},"thumbnailUrl":"https:\/\/intl.phonak.com\/sr-rs\/wp-content\/uploads\/sites\/3\/2023\/12\/Hearing-banner_HCPFittingClient_01-1.jpg","datePublished":"2021-11-29T21:39:57+00:00","dateModified":"2025-08-15T07:26:20+00:00","breadcrumb":{"@id":"https:\/\/intl.phonak.com\/sr-rs\/gubitak-sluha\/posetite-strucnjaka-za-sluh\/#breadcrumb"},"inLanguage":"sr-RS","potentialAction":[{"@type":"ReadAction","target":["https:\/\/intl.phonak.com\/sr-rs\/gubitak-sluha\/posetite-strucnjaka-za-sluh\/"]}]},{"@type":"ImageObject","inLanguage":"sr-RS","@id":"https:\/\/intl.phonak.com\/sr-rs\/gubitak-sluha\/posetite-strucnjaka-za-sluh\/#primaryimage","url":"","contentUrl":""},{"@type":"BreadcrumbList","@id":"https:\/\/intl.phonak.com\/sr-rs\/gubitak-sluha\/posetite-strucnjaka-za-sluh\/#breadcrumb","itemListElement":[{"@type":"ListItem","position":1,"name":"Home","item":"https:\/\/intl.phonak.com\/sr-rs\/"},{"@type":"ListItem","position":2,"name":"Gubitak sluha","item":"https:\/\/intl.phonak.com\/sr-rs\/gubitak-sluha\/"},{"@type":"ListItem","position":3,"name":"Idi kod stru\u010dnjaka za sluh"}]},{"@type":"WebSite","@id":"https:\/\/intl.phonak.com\/sr-rs\/#website","url":"https:\/\/intl.phonak.com\/sr-rs\/","name":"Phonak - Srbija","description":"Posvec\u0301eni promeni \u017eivota","publisher":{"@id":"https:\/\/intl.phonak.com\/sr-rs\/#organization"},"potentialAction":[{"@type":"SearchAction","target":{"@type":"EntryPoint","urlTemplate":"https:\/\/intl.phonak.com\/sr-rs\/?s={search_term_string}"},"query-input":{"@type":"PropertyValueSpecification","valueRequired":true,"valueName":"search_term_string"}}],"inLanguage":"sr-RS"},{"@type":"Organization","@id":"https:\/\/intl.phonak.com\/sr-rs\/#organization","name":"Phonak - Srbija","url":"https:\/\/intl.phonak.com\/sr-rs\/","logo":{"@type":"ImageObject","inLanguage":"sr-RS","@id":"https:\/\/intl.phonak.com\/sr-rs\/#\/schema\/logo\/image\/","url":"https:\/\/intl.phonak.com\/sr-rs\/wp-content\/uploads\/sites\/70\/2025\/07\/logo-phonak.svg","contentUrl":"https:\/\/intl.phonak.com\/sr-rs\/wp-content\/uploads\/sites\/70\/2025\/07\/logo-phonak.svg","caption":"Phonak - Srbija"},"image":{"@id":"https:\/\/intl.phonak.com\/sr-rs\/#\/schema\/logo\/image\/"}}]}},"jetpack_sharing_enabled":true,"distributor_meta":false,"distributor_terms":false,"distributor_media":false,"distributor_original_site_name":"Phonak - Srbija","distributor_original_site_url":"https:\/\/intl.phonak.com\/sr-rs","push-errors":false,"_links":{"self":[{"href":"https:\/\/intl.phonak.com\/sr-rs\/wp-json\/wp\/v2\/pages\/363","targetHints":{"allow":["GET"]}}],"collection":[{"href":"https:\/\/intl.phonak.com\/sr-rs\/wp-json\/wp\/v2\/pages"}],"about":[{"href":"https:\/\/intl.phonak.com\/sr-rs\/wp-json\/wp\/v2\/types\/page"}],"author":[{"embeddable":true,"href":"https:\/\/intl.phonak.com\/sr-rs\/wp-json\/wp\/v2\/users\/5"}],"replies":[{"embeddable":true,"href":"https:\/\/intl.phonak.com\/sr-rs\/wp-json\/wp\/v2\/comments?post=363"}],"version-history":[{"count":12,"href":"https:\/\/intl.phonak.com\/sr-rs\/wp-json\/wp\/v2\/pages\/363\/revisions"}],"predecessor-version":[{"id":835,"href":"https:\/\/intl.phonak.com\/sr-rs\/wp-json\/wp\/v2\/pages\/363\/revisions\/835"}],"up":[{"embeddable":true,"href":"https:\/\/intl.phonak.com\/sr-rs\/wp-json\/wp\/v2\/pages\/318"}],"wp:attachment":[{"href":"https:\/\/intl.phonak.com\/sr-rs\/wp-json\/wp\/v2\/media?parent=363"}],"curies":[{"name":"wp","href":"https:\/\/api.w.org\/{rel}","templated":true}]}}