{"id":344,"date":"2022-02-10T21:54:30","date_gmt":"2022-02-10T21:54:30","guid":{"rendered":"https:\/\/intl.phonak.com\/sr-rs\/phonak-well-hearing-is-well-being\/"},"modified":"2025-07-31T16:07:38","modified_gmt":"2025-07-31T16:07:38","slug":"phonak-dobar-sluh-je-dobro-zdravlje","status":"publish","type":"page","link":"https:\/\/intl.phonak.com\/sr-rs\/gubitak-sluha\/phonak-dobar-sluh-je-dobro-zdravlje\/","title":{"rendered":"Phonak Dobar sluh je dobro zdravlje\u2122"},"content":{"rendered":"\n<div class=\"wp-block-cover alignfull is-light\" style=\"min-height:430px;aspect-ratio:unset;\"><span aria-hidden=\"true\" class=\"wp-block-cover__background has-white-background-color has-background-dim\"><\/span><img decoding=\"async\" class=\"wp-block-cover__image-background wp-image-7289\" alt=\"Well-Hearing is Well-Being\" src=\"https:\/\/intl.phonak.com\/sr-rs\/wp-content\/uploads\/sites\/3\/2023\/12\/WHWB-banner_ComputeGame-OptionB.jpg\" data-object-fit=\"cover\"\/><div class=\"wp-block-cover__inner-container is-layout-flow wp-block-cover-is-layout-flow\">\n<h1 class=\"wp-block-heading has-text-align-center\" id=\"why-hearing-health-matters\">Za\u0161to je zdravlje sluha va\u017eno<\/h1>   \n<p class=\"has-text-align-center has-grey-500-color has-text-color has-lead-font-size\">Kada dobro \u010dujete, dobro ste opremljeni da prihvatite \u017eivot koji \u017eelite<\/p>   \n<div class=\"wp-block-buttons is-horizontal is-content-justification-center is-layout-flex wp-container-core-buttons-is-layout-499968f5 wp-block-buttons-is-layout-flex\">\n<div class=\"wp-block-button is-style-download\"><a class=\"wp-block-button__link wp-element-button\" href=\"https:\/\/intl.phonak.com\/sr-rs\/wp-content\/uploads\/sites\/3\/2022\/02\/PH_WHWB_Leaflet_148x210_EN_V1.00_028-2136-02.pdf\" target=\"_blank\" rel=\"noreferrer noopener\">Preuzmite bro\u0161uru<\/a><\/div>\n<\/div>\n<\/div><\/div>   \n<div class=\"wp-block-media-text has-media-on-the-right is-stacked-on-mobile\"><div class=\"wp-block-media-text__content\">\n<p>U Phonak, verujemo da je dobro slu\u0161anje jednako blagostanju i od su\u0161tinskog je zna\u010daja za \u017eivot punim plu\u0107ima.<\/p>   <p>Sve vi\u0161e dokaza pokazuje da le\u010denje gubitka sluha mo\u017ee pozitivno uticati na va\u0161e socijalno-emocionalno, kognitivno i fizi\u010dko blagostanje.<sup>1<\/sup><\/p>\n<\/div><figure class=\"wp-block-media-text__media\"><img decoding=\"async\" src=\"https:\/\/intl.phonak.com\/sr-rs\/wp-content\/uploads\/sites\/3\/2023\/03\/WHWB-wheel-neutral.jpg\" alt=\"\" class=\"wp-image-6565 size-full\"\/><\/figure><\/div>   \n<div class=\"wp-block-media-text is-stacked-on-mobile\"><figure class=\"wp-block-media-text__media\"><img decoding=\"async\" src=\"https:\/\/intl.phonak.com\/sr-rs\/wp-content\/uploads\/sites\/3\/2023\/12\/Visual_WHWB_Restaurant_02_592x396-with-icon.jpg?w=592\" alt=\"Social-Emotional well-being\" class=\"wp-image-7300 size-full\"\/><\/figure><div class=\"wp-block-media-text__content\">\n<h4 class=\"wp-block-heading has-text-align-left has-blue-color has-text-color\" id=\"social-emotional-well-being\">Socijalno-emocionalno dobro zdravlje<\/h4>   <p>Dobro slu\u0161anje nam omogu\u0107ava da budemo dru\u0161tveno aktivni, pove\u017eemo se sa drugima i efikasno komuniciramo \u2013 bez barijera.<\/p>   <p>Kori\u0161\u0107enje slu\u0161nih pomagala mo\u017ee pobolj\u0161ati kvalitet \u017eivota, dru\u0161tvene interakcije i zadovoljstvo odnosima za vas i va\u0161e najmilije.<sup>2<\/sup><\/p>\n<\/div><\/div>   \n<div class=\"wp-block-media-text has-media-on-the-right is-stacked-on-mobile\"><div class=\"wp-block-media-text__content\">\n<h4 class=\"wp-block-heading has-blue-color has-text-color\" id=\"cognitive-well-being\">Kognitivno dobro zdravlje<\/h4>   <p>Mozak igra klju\u010dnu ulogu u slu\u0161anju i razumevanju govora \u2013 va\u017eno je da ga stimuli\u0161ete.<\/p>   <p>Tu na scenu stupaju slu\u0161ni aparati. Upotreba slu\u0161nog aparata povezana je sa pobolj\u0161anom memorijom<sup>KSNUMKS<\/sup>&nbsp; i pokazalo se da olak\u0161ava slu\u0161anje.<sup>4<\/sup><\/p>\n<\/div><figure class=\"wp-block-media-text__media\"><img decoding=\"async\" src=\"https:\/\/intl.phonak.com\/sr-rs\/wp-content\/uploads\/sites\/3\/2023\/12\/WHWB-Cognitive-Dimension-Office-OptionB_592x396-with-icon.jpg?w=592\" alt=\"Cognitive well-being\" class=\"wp-image-7302 size-full\"\/><\/figure><\/div>   \n<div class=\"wp-block-media-text is-stacked-on-mobile\"><figure class=\"wp-block-media-text__media\"><img decoding=\"async\" src=\"https:\/\/intl.phonak.com\/sr-rs\/wp-content\/uploads\/sites\/3\/2023\/12\/Visual_WHWB-ActivityOutdoors_01_592x396-with-icon.jpg?w=592\" alt=\"Physical well-being\" class=\"wp-image-7303 size-full\"\/><\/figure><div class=\"wp-block-media-text__content\">\n<h4 class=\"wp-block-heading has-blue-color has-text-color\" id=\"physical-well-being\">Fizi\u010dko dobro zdravlje<\/h4>   <p>Imati pravo re\u0161enje za sluh zna\u010di da ste dobro opremljeni da se nosite sa razli\u010ditim situacijama slu\u0161anja.<\/p>   <p>Dobro saslu\u0161anje vam pru\u017ea ve\u0107u ekolo\u0161ku svest koja podsti\u010de ose\u0107aj sigurnosti i samopouzdanja.<\/p>\n<\/div><\/div>   <p><\/p>   \n<p class=\"is-style-default has-small-font-size\">Fusnote<br>1. Vercammen, C., Ferguson, M., Kramer, SE, et al. (2020). Dobro sluh je dobro zdravlje. &nbsp;<em>Pregled<\/em>sluha, 27(3), 18-22.<br>2. Kamil RJ, Lin FR. Efekti o\u0161te\u0107enja sluha kod starijih osoba na komunikacijske partnere: &nbsp;<em>Sistematski pregled<\/em>. J Am Acad Audiol. 2015; 26(2):155-182.<br>3. Karavani, H., Jenkins, K., &#038; Anderson, S. (2018). Obnavljanje senzornog unosa mo\u017ee pobolj\u0161ati kognitivne i neuronske funkcije. &nbsp;<em>Neuropsychologia<\/em>, 114, 203\u2013213.<br>4. Vinneke, A., Schulte, M., Vormann, M., Latzel, M. (2018). Prostorna obrada buke u slu\u0161nim aparatima modulira neuronske markere povezane sa naporima slu\u0161anja: EEG studija. &nbsp;<em>AudiologyOnline<\/em>, \u010dlan 23858.<\/p>   \n<div style=\"height:38px\" aria-hidden=\"true\" class=\"wp-block-spacer\"><\/div>   \n<p class=\"has-text-align-center is-style-default\"><a href=\"https:\/\/intl.phonak.com\/sr-rs\/gubitak-sluha\/uzroci-gubitka-sluha\/\">Saznajte \u0161ta uzrokuje gubitak sluha<\/a><\/p>   \n<div style=\"height:42px\" aria-hidden=\"true\" class=\"wp-block-spacer\"><\/div>   \n<div class=\"wp-block-media-text is-stacked-on-mobile cta-block\" style=\"grid-template-columns:35% auto\"><figure class=\"wp-block-media-text__media\"><img decoding=\"async\" src=\"https:\/\/intl.phonak.com\/main-english\/wp-content\/uploads\/sites\/3\/2021\/11\/cta-image.jpg?w=401\" alt=\"\" class=\"wp-image-6738 size-full\"\/><\/figure><div class=\"wp-block-media-text__content\">\n<div class=\"wp-block-create-block-icon-selector\"><i class=\"fal fa-map-marker-alt\"><\/i><\/div>   \n<h3 class=\"wp-block-heading\">Sluh stru\u010dnjaka u va\u0161oj blizini<\/h3>   <p>Stru\u010dnjaci za slu\u0161nu negu mogu vam pomo\u0107i da napravite izbor koji je savr\u0161en za vas. Oni \u0107e razmotriti va\u0161e potrebe za sluhom, va\u0161 bud\u017eet, va\u0161 \u017eivotni stil i va\u0161e individualne preferencije sluha. <\/p>   <div class=\"wp-block-buttons is-layout-flex wp-block-buttons-is-layout-flex\">\n<div class=\"wp-block-button is-style-marker-green\"><a class=\"wp-block-button__link wp-element-button\" href=\"https:\/\/intl.phonak.com\/sr-rs\/pronadi-slusnog-alusticara\/\">Prona\u0111i slusnog alusticara<\/a><\/div>\n<\/div>\n<\/div><\/div> ","protected":false},"excerpt":{"rendered":"<p>U Phonak, verujemo da je dobro slu\u0161anje jednako blagostanju i od su\u0161tinskog je zna\u010daja za \u017eivot punim plu\u0107ima. Sve vi\u0161e&#8230;<\/p>\n","protected":false},"author":14,"featured_media":0,"parent":318,"menu_order":0,"comment_status":"closed","ping_status":"closed","template":"","meta":{"_acf_changed":false,"inline_featured_image":false,"footnotes":""},"class_list":["post-344","page","type-page","status-publish","hentry"],"acf":[],"yoast_head":"<!-- This site is optimized with the Yoast SEO plugin v26.9 - https:\/\/yoast.com\/product\/yoast-seo-wordpress\/ -->\n<title>Phonak Dobar sluh je dobro zdravlje\u2122 - Phonak - Srbija<\/title>\n<meta name=\"robots\" content=\"index, follow, max-snippet:-1, max-image-preview:large, max-video-preview:-1\" \/>\n<link rel=\"canonical\" href=\"https:\/\/intl.phonak.com\/main-english\/hearing-loss\/phonak-well-hearing-is-well-being\/\" \/>\n<meta property=\"og:locale\" content=\"sr_RS\" \/>\n<meta property=\"og:type\" content=\"article\" \/>\n<meta property=\"og:title\" content=\"Phonak Dobar sluh je dobro zdravlje\u2122 - Phonak - Srbija\" \/>\n<meta property=\"og:description\" content=\"U Phonak, verujemo da je dobro slu\u0161anje jednako blagostanju i od su\u0161tinskog je zna\u010daja za \u017eivot punim plu\u0107ima. Sve vi\u0161e...\" \/>\n<meta property=\"og:url\" content=\"https:\/\/intl.phonak.com\/sr-rs\/gubitak-sluha\/phonak-dobar-sluh-je-dobro-zdravlje\/\" \/>\n<meta property=\"og:site_name\" content=\"Phonak - Srbija\" \/>\n<meta property=\"article:modified_time\" content=\"2025-07-31T16:07:38+00:00\" \/>\n<meta name=\"twitter:card\" content=\"summary_large_image\" \/>\n<script type=\"application\/ld+json\" class=\"yoast-schema-graph\">{\"@context\":\"https:\/\/schema.org\",\"@graph\":[{\"@type\":\"WebPage\",\"@id\":\"https:\/\/intl.phonak.com\/sr-rs\/gubitak-sluha\/phonak-dobar-sluh-je-dobro-zdravlje\/\",\"url\":\"https:\/\/intl.phonak.com\/sr-rs\/gubitak-sluha\/phonak-dobar-sluh-je-dobro-zdravlje\/\",\"name\":\"Phonak Dobar sluh je dobro zdravlje\u2122 - Phonak - Srbija\",\"isPartOf\":{\"@id\":\"https:\/\/intl.phonak.com\/sr-rs\/#website\"},\"primaryImageOfPage\":{\"@id\":\"https:\/\/intl.phonak.com\/sr-rs\/gubitak-sluha\/phonak-dobar-sluh-je-dobro-zdravlje\/#primaryimage\"},\"image\":{\"@id\":\"https:\/\/intl.phonak.com\/sr-rs\/gubitak-sluha\/phonak-dobar-sluh-je-dobro-zdravlje\/#primaryimage\"},\"thumbnailUrl\":\"https:\/\/intl.phonak.com\/sr-rs\/wp-content\/uploads\/sites\/3\/2023\/12\/WHWB-banner_ComputeGame-OptionB.jpg\",\"datePublished\":\"2022-02-10T21:54:30+00:00\",\"dateModified\":\"2025-07-31T16:07:38+00:00\",\"breadcrumb\":{\"@id\":\"https:\/\/intl.phonak.com\/sr-rs\/gubitak-sluha\/phonak-dobar-sluh-je-dobro-zdravlje\/#breadcrumb\"},\"inLanguage\":\"sr-RS\",\"potentialAction\":[{\"@type\":\"ReadAction\",\"target\":[\"https:\/\/intl.phonak.com\/sr-rs\/gubitak-sluha\/phonak-dobar-sluh-je-dobro-zdravlje\/\"]}]},{\"@type\":\"ImageObject\",\"inLanguage\":\"sr-RS\",\"@id\":\"https:\/\/intl.phonak.com\/sr-rs\/gubitak-sluha\/phonak-dobar-sluh-je-dobro-zdravlje\/#primaryimage\",\"url\":\"\",\"contentUrl\":\"\"},{\"@type\":\"BreadcrumbList\",\"@id\":\"https:\/\/intl.phonak.com\/sr-rs\/gubitak-sluha\/phonak-dobar-sluh-je-dobro-zdravlje\/#breadcrumb\",\"itemListElement\":[{\"@type\":\"ListItem\",\"position\":1,\"name\":\"Home\",\"item\":\"https:\/\/intl.phonak.com\/sr-rs\/\"},{\"@type\":\"ListItem\",\"position\":2,\"name\":\"Gubitak sluha\",\"item\":\"https:\/\/intl.phonak.com\/sr-rs\/gubitak-sluha\/\"},{\"@type\":\"ListItem\",\"position\":3,\"name\":\"Phonak Dobar sluh je dobro zdravlje\u2122\"}]},{\"@type\":\"WebSite\",\"@id\":\"https:\/\/intl.phonak.com\/sr-rs\/#website\",\"url\":\"https:\/\/intl.phonak.com\/sr-rs\/\",\"name\":\"Phonak - Srbija\",\"description\":\"Posvec\u0301eni promeni \u017eivota\",\"publisher\":{\"@id\":\"https:\/\/intl.phonak.com\/sr-rs\/#organization\"},\"potentialAction\":[{\"@type\":\"SearchAction\",\"target\":{\"@type\":\"EntryPoint\",\"urlTemplate\":\"https:\/\/intl.phonak.com\/sr-rs\/?s={search_term_string}\"},\"query-input\":{\"@type\":\"PropertyValueSpecification\",\"valueRequired\":true,\"valueName\":\"search_term_string\"}}],\"inLanguage\":\"sr-RS\"},{\"@type\":\"Organization\",\"@id\":\"https:\/\/intl.phonak.com\/sr-rs\/#organization\",\"name\":\"Phonak - Srbija\",\"url\":\"https:\/\/intl.phonak.com\/sr-rs\/\",\"logo\":{\"@type\":\"ImageObject\",\"inLanguage\":\"sr-RS\",\"@id\":\"https:\/\/intl.phonak.com\/sr-rs\/#\/schema\/logo\/image\/\",\"url\":\"https:\/\/intl.phonak.com\/sr-rs\/wp-content\/uploads\/sites\/70\/2025\/07\/logo-phonak.svg\",\"contentUrl\":\"https:\/\/intl.phonak.com\/sr-rs\/wp-content\/uploads\/sites\/70\/2025\/07\/logo-phonak.svg\",\"caption\":\"Phonak - Srbija\"},\"image\":{\"@id\":\"https:\/\/intl.phonak.com\/sr-rs\/#\/schema\/logo\/image\/\"}}]}<\/script>\n<!-- \/ Yoast SEO plugin. -->","yoast_head_json":{"title":"Phonak Dobar sluh je dobro zdravlje\u2122 - Phonak - Srbija","robots":{"index":"index","follow":"follow","max-snippet":"max-snippet:-1","max-image-preview":"max-image-preview:large","max-video-preview":"max-video-preview:-1"},"canonical":"https:\/\/intl.phonak.com\/main-english\/hearing-loss\/phonak-well-hearing-is-well-being\/","og_locale":"sr_RS","og_type":"article","og_title":"Phonak Dobar sluh je dobro zdravlje\u2122 - Phonak - Srbija","og_description":"U Phonak, verujemo da je dobro slu\u0161anje jednako blagostanju i od su\u0161tinskog je zna\u010daja za \u017eivot punim plu\u0107ima. Sve vi\u0161e...","og_url":"https:\/\/intl.phonak.com\/sr-rs\/gubitak-sluha\/phonak-dobar-sluh-je-dobro-zdravlje\/","og_site_name":"Phonak - Srbija","article_modified_time":"2025-07-31T16:07:38+00:00","twitter_card":"summary_large_image","schema":{"@context":"https:\/\/schema.org","@graph":[{"@type":"WebPage","@id":"https:\/\/intl.phonak.com\/sr-rs\/gubitak-sluha\/phonak-dobar-sluh-je-dobro-zdravlje\/","url":"https:\/\/intl.phonak.com\/sr-rs\/gubitak-sluha\/phonak-dobar-sluh-je-dobro-zdravlje\/","name":"Phonak Dobar sluh je dobro zdravlje\u2122 - Phonak - Srbija","isPartOf":{"@id":"https:\/\/intl.phonak.com\/sr-rs\/#website"},"primaryImageOfPage":{"@id":"https:\/\/intl.phonak.com\/sr-rs\/gubitak-sluha\/phonak-dobar-sluh-je-dobro-zdravlje\/#primaryimage"},"image":{"@id":"https:\/\/intl.phonak.com\/sr-rs\/gubitak-sluha\/phonak-dobar-sluh-je-dobro-zdravlje\/#primaryimage"},"thumbnailUrl":"https:\/\/intl.phonak.com\/sr-rs\/wp-content\/uploads\/sites\/3\/2023\/12\/WHWB-banner_ComputeGame-OptionB.jpg","datePublished":"2022-02-10T21:54:30+00:00","dateModified":"2025-07-31T16:07:38+00:00","breadcrumb":{"@id":"https:\/\/intl.phonak.com\/sr-rs\/gubitak-sluha\/phonak-dobar-sluh-je-dobro-zdravlje\/#breadcrumb"},"inLanguage":"sr-RS","potentialAction":[{"@type":"ReadAction","target":["https:\/\/intl.phonak.com\/sr-rs\/gubitak-sluha\/phonak-dobar-sluh-je-dobro-zdravlje\/"]}]},{"@type":"ImageObject","inLanguage":"sr-RS","@id":"https:\/\/intl.phonak.com\/sr-rs\/gubitak-sluha\/phonak-dobar-sluh-je-dobro-zdravlje\/#primaryimage","url":"","contentUrl":""},{"@type":"BreadcrumbList","@id":"https:\/\/intl.phonak.com\/sr-rs\/gubitak-sluha\/phonak-dobar-sluh-je-dobro-zdravlje\/#breadcrumb","itemListElement":[{"@type":"ListItem","position":1,"name":"Home","item":"https:\/\/intl.phonak.com\/sr-rs\/"},{"@type":"ListItem","position":2,"name":"Gubitak sluha","item":"https:\/\/intl.phonak.com\/sr-rs\/gubitak-sluha\/"},{"@type":"ListItem","position":3,"name":"Phonak Dobar sluh je dobro zdravlje\u2122"}]},{"@type":"WebSite","@id":"https:\/\/intl.phonak.com\/sr-rs\/#website","url":"https:\/\/intl.phonak.com\/sr-rs\/","name":"Phonak - Srbija","description":"Posvec\u0301eni promeni \u017eivota","publisher":{"@id":"https:\/\/intl.phonak.com\/sr-rs\/#organization"},"potentialAction":[{"@type":"SearchAction","target":{"@type":"EntryPoint","urlTemplate":"https:\/\/intl.phonak.com\/sr-rs\/?s={search_term_string}"},"query-input":{"@type":"PropertyValueSpecification","valueRequired":true,"valueName":"search_term_string"}}],"inLanguage":"sr-RS"},{"@type":"Organization","@id":"https:\/\/intl.phonak.com\/sr-rs\/#organization","name":"Phonak - Srbija","url":"https:\/\/intl.phonak.com\/sr-rs\/","logo":{"@type":"ImageObject","inLanguage":"sr-RS","@id":"https:\/\/intl.phonak.com\/sr-rs\/#\/schema\/logo\/image\/","url":"https:\/\/intl.phonak.com\/sr-rs\/wp-content\/uploads\/sites\/70\/2025\/07\/logo-phonak.svg","contentUrl":"https:\/\/intl.phonak.com\/sr-rs\/wp-content\/uploads\/sites\/70\/2025\/07\/logo-phonak.svg","caption":"Phonak - Srbija"},"image":{"@id":"https:\/\/intl.phonak.com\/sr-rs\/#\/schema\/logo\/image\/"}}]}},"jetpack_sharing_enabled":true,"distributor_meta":false,"distributor_terms":false,"distributor_media":false,"distributor_original_site_name":"Phonak - Srbija","distributor_original_site_url":"https:\/\/intl.phonak.com\/sr-rs","push-errors":false,"_links":{"self":[{"href":"https:\/\/intl.phonak.com\/sr-rs\/wp-json\/wp\/v2\/pages\/344","targetHints":{"allow":["GET"]}}],"collection":[{"href":"https:\/\/intl.phonak.com\/sr-rs\/wp-json\/wp\/v2\/pages"}],"about":[{"href":"https:\/\/intl.phonak.com\/sr-rs\/wp-json\/wp\/v2\/types\/page"}],"author":[{"embeddable":true,"href":"https:\/\/intl.phonak.com\/sr-rs\/wp-json\/wp\/v2\/users\/14"}],"replies":[{"embeddable":true,"href":"https:\/\/intl.phonak.com\/sr-rs\/wp-json\/wp\/v2\/comments?post=344"}],"version-history":[{"count":9,"href":"https:\/\/intl.phonak.com\/sr-rs\/wp-json\/wp\/v2\/pages\/344\/revisions"}],"predecessor-version":[{"id":789,"href":"https:\/\/intl.phonak.com\/sr-rs\/wp-json\/wp\/v2\/pages\/344\/revisions\/789"}],"up":[{"embeddable":true,"href":"https:\/\/intl.phonak.com\/sr-rs\/wp-json\/wp\/v2\/pages\/318"}],"wp:attachment":[{"href":"https:\/\/intl.phonak.com\/sr-rs\/wp-json\/wp\/v2\/media?parent=344"}],"curies":[{"name":"wp","href":"https:\/\/api.w.org\/{rel}","templated":true}]}}