{"id":335,"date":"2021-11-17T21:17:45","date_gmt":"2021-11-17T21:17:45","guid":{"rendered":"https:\/\/intl.phonak.com\/sr-rs\/solutions\/"},"modified":"2025-08-15T07:29:39","modified_gmt":"2025-08-15T07:29:39","slug":"resenja","status":"publish","type":"page","link":"https:\/\/intl.phonak.com\/sr-rs\/resenja\/","title":{"rendered":"Re\u0161enja"},"content":{"rendered":"\n<div class=\"wp-block-cover alignfull is-light\"><img decoding=\"async\" class=\"wp-block-cover__image-background wp-image-4530\" alt=\"Solutions\" src=\"https:\/\/intl.phonak.com\/sr-rs\/wp-content\/uploads\/sites\/3\/2022\/02\/Banner-solutions.jpg\" style=\"object-position:77% 33%\" data-object-fit=\"cover\" data-object-position=\"77% 33%\"\/><span aria-hidden=\"true\" class=\"wp-block-cover__background has-light-grey-background-color has-background-dim\"><\/span><div class=\"wp-block-cover__inner-container is-layout-flow wp-block-cover-is-layout-flow\">\n<h1 class=\"wp-block-heading has-text-align-center has-dark-grey-color has-text-color\" id=\"signs-of-hearing-loss-1\">Savr\u0161eno se uklapa<\/h1>\n\n\n\n<p class=\"has-text-align-center has-dark-grey-color has-text-color has-lead-font-size\">Re\u0161enja za svaku potrebu<\/p>\n<\/div><\/div>\n\n\n\n<h2 class=\"wp-block-heading has-text-align-center\" id=\"simplifying-life-with-a-brilliant-solution\">Pojednostavljenje \u017eivota sa briljantnim re\u0161enjem<\/h2>\n\n\n\n<p class=\"has-text-align-center\">Imati slobodu da idete gde god \u017eelite, bez ograni\u010denja povezanih sa gubitkom sluha, va\u017eno je za ispunjen \u017eivot. Ovo je na\u0161 klju\u010dni fokus pri stvaranju novih platformi za slu\u0161na pomagala i pribor Phonak.<\/p>\n\n\n\n<p class=\"has-text-align-center\">Na\u0161 cilj je da stvorimo razli\u010dite vrste slu\u0161nih aparata, koji \u0107e pojednostaviti \u017eivot, i automatski i bez napora, a istovremeno vam pru\u017eiti izuzetno iskustvo sluha, svuda, svaki put!<\/p>\n\n\n\n<p class=\"has-text-align-center\">Slu\u0161ni aparati su poslednjih godina pre\u0161li dug put. Bez obzira na va\u0161 stepen gubitka sluha &#8211; od primetnog do dubokog &#8211; slu\u0161ni aparati Phonak uveliko se razlikuju po veli\u010dini i karakteristikama kako bi se neprimetno uklopili u va\u0161 \u017eivot.<\/p>\n\n\n\n<div style=\"height:37px\" aria-hidden=\"true\" class=\"wp-block-spacer\"><\/div>\n\n\n\n\t<div class=\"wp-block-pho-product-selection wp-block-pho-product-selection\">\n\t\t<div class=\"grid-x grid-padding-x grid-padding-y\">\n\n\t\t\t\t\t\t\t<div class=\"cell\">\n\t\t\t\t\t<h2 class=\"text-center\">Istra\u017eite re\u0161enja<\/h2>\n\t\t\t\t<\/div>\n\t\t\t\t\n\t\t\t\t<div class=\"cell medium-6 large-4 flex-container\">\n\t\t\t\t\t\n<article id=\"post-12\" class=\"product-card post-12 pho_products type-pho_products status-publish has-post-thumbnail hentry pho_product_type-prvi-put pho_product_category-slusni-aparati pho_product_platforms-infinio\">\n\t\t<a class=\"flex-container flex-dir-column align-justify align-top\" href=\"https:\/\/intl.phonak.com\/sr-rs\/proizvodi\/phonak-audeo-infinio\/\">\n\t\t<div class=\"product-card-content-wrapper\">\n\t\t\t\n\t\t\t\t<div class=\"product-image-wrapper\">\n\t\t\t\t\t<img loading=\"lazy\" decoding=\"async\" width=\"1024\" height=\"1024\" src=\"https:\/\/intl.phonak.com\/sr-rs\/wp-content\/uploads\/sites\/70\/2026\/02\/PH_Packshot_Audeo-I-RUltra-transparentIntl_1080x1080.png?w=1024\" class=\"attachment-post-thumbnail size-post-thumbnail wp-post-image\" alt=\"\" srcset=\"https:\/\/intl.phonak.com\/sr-rs\/wp-content\/uploads\/sites\/70\/2026\/02\/PH_Packshot_Audeo-I-RUltra-transparentIntl_1080x1080.png 4500w, https:\/\/intl.phonak.com\/sr-rs\/wp-content\/uploads\/sites\/70\/2026\/02\/PH_Packshot_Audeo-I-RUltra-transparentIntl_1080x1080.png?resize=150,150 150w, https:\/\/intl.phonak.com\/sr-rs\/wp-content\/uploads\/sites\/70\/2026\/02\/PH_Packshot_Audeo-I-RUltra-transparentIntl_1080x1080.png?resize=300,300 300w, https:\/\/intl.phonak.com\/sr-rs\/wp-content\/uploads\/sites\/70\/2026\/02\/PH_Packshot_Audeo-I-RUltra-transparentIntl_1080x1080.png?resize=768,768 768w, https:\/\/intl.phonak.com\/sr-rs\/wp-content\/uploads\/sites\/70\/2026\/02\/PH_Packshot_Audeo-I-RUltra-transparentIntl_1080x1080.png?resize=1024,1024 1024w, https:\/\/intl.phonak.com\/sr-rs\/wp-content\/uploads\/sites\/70\/2026\/02\/PH_Packshot_Audeo-I-RUltra-transparentIntl_1080x1080.png?resize=1536,1536 1536w, https:\/\/intl.phonak.com\/sr-rs\/wp-content\/uploads\/sites\/70\/2026\/02\/PH_Packshot_Audeo-I-RUltra-transparentIntl_1080x1080.png?resize=2048,2048 2048w\" sizes=\"auto, (max-width: 1024px) 100vw, 1024px\" \/>\t\t\t\t<\/div>\n\n\t\t\t\t<h3 class=\"entry-title\">Phonak Aud\u00e9o\u2122 Infinio<\/h3><p>Uneti svaki trenutak sa izuzetnim kvalitetom zvuka i udobnosti od prve upotrebe sa Aud\u00e9o Infinio. <\/p>\n\t\t<\/div>\n\t\t<div class=\"wp-block-button\">\n\t\t\t<div class=\"wp-block-button__link\">prio\u010ditaj vi\u0161e<\/div>\n\t\t<\/div>\n\t<\/a>\n<\/article><!-- #post-12 -->\n\t\t\t\t<\/div>\n\n\t\t\t\t\n\t\t\t\t<div class=\"cell medium-6 large-4 flex-container\">\n\t\t\t\t\t\n<article id=\"post-20\" class=\"product-card post-20 pho_products type-pho_products status-publish has-post-thumbnail hentry pho_product_type-prilagodi pho_product_type-prvi-put pho_product_category-slusni-aparati pho_product_platforms-infinio\">\n\t\t<a class=\"flex-container flex-dir-column align-justify align-top\" href=\"https:\/\/intl.phonak.com\/sr-rs\/proizvodi\/phonak-virto-infinio\/\">\n\t\t<div class=\"product-card-content-wrapper\">\n\t\t\t\n\t\t\t\t<div class=\"product-image-wrapper\">\n\t\t\t\t\t<img loading=\"lazy\" decoding=\"async\" width=\"1024\" height=\"1024\" src=\"https:\/\/intl.phonak.com\/sr-rs\/wp-content\/uploads\/sites\/70\/2025\/07\/PH_Packshot_Virto-I-10-NW-O_CIC-F22-S22-left-PB.png?w=1024\" class=\"attachment-post-thumbnail size-post-thumbnail wp-post-image\" alt=\"Phonak Virto I-10 NW O\" srcset=\"https:\/\/intl.phonak.com\/sr-rs\/wp-content\/uploads\/sites\/70\/2025\/07\/PH_Packshot_Virto-I-10-NW-O_CIC-F22-S22-left-PB.png 2750w, https:\/\/intl.phonak.com\/sr-rs\/wp-content\/uploads\/sites\/70\/2025\/07\/PH_Packshot_Virto-I-10-NW-O_CIC-F22-S22-left-PB.png?resize=150,150 150w, https:\/\/intl.phonak.com\/sr-rs\/wp-content\/uploads\/sites\/70\/2025\/07\/PH_Packshot_Virto-I-10-NW-O_CIC-F22-S22-left-PB.png?resize=300,300 300w, https:\/\/intl.phonak.com\/sr-rs\/wp-content\/uploads\/sites\/70\/2025\/07\/PH_Packshot_Virto-I-10-NW-O_CIC-F22-S22-left-PB.png?resize=768,768 768w, https:\/\/intl.phonak.com\/sr-rs\/wp-content\/uploads\/sites\/70\/2025\/07\/PH_Packshot_Virto-I-10-NW-O_CIC-F22-S22-left-PB.png?resize=1024,1024 1024w, https:\/\/intl.phonak.com\/sr-rs\/wp-content\/uploads\/sites\/70\/2025\/07\/PH_Packshot_Virto-I-10-NW-O_CIC-F22-S22-left-PB.png?resize=1536,1536 1536w, https:\/\/intl.phonak.com\/sr-rs\/wp-content\/uploads\/sites\/70\/2025\/07\/PH_Packshot_Virto-I-10-NW-O_CIC-F22-S22-left-PB.png?resize=2048,2048 2048w\" sizes=\"auto, (max-width: 1024px) 100vw, 1024px\" \/>\t\t\t\t<\/div>\n\n\t\t\t\t<h3 class=\"entry-title\">Phonak Virto\u2122 Infinio<\/h3><p>Slu\u0161ni aparati Virto Infinio su za one ljude koji preferiraju diskretno re\u0161enje po meri. <\/p>\n\t\t<\/div>\n\t\t<div class=\"wp-block-button\">\n\t\t\t<div class=\"wp-block-button__link\">prio\u010ditaj vi\u0161e<\/div>\n\t\t<\/div>\n\t<\/a>\n<\/article><!-- #post-20 -->\n\t\t\t\t<\/div>\n\n\t\t\t\t\n\t\t\t\t<div class=\"cell medium-6 large-4 flex-container\">\n\t\t\t\t\t\n<article id=\"post-28\" class=\"product-card post-28 pho_products type-pho_products status-publish has-post-thumbnail hentry pho_product_type-snaga pho_product_category-slusni-aparati pho_product_platforms-lumity\">\n\t\t<a class=\"flex-container flex-dir-column align-justify align-top\" href=\"https:\/\/intl.phonak.com\/sr-rs\/proizvodi\/phonak-naida-lumity\/\">\n\t\t<div class=\"product-card-content-wrapper\">\n\t\t\t\n\t\t\t\t<div class=\"product-image-wrapper\">\n\t\t\t\t\t<img loading=\"lazy\" decoding=\"async\" width=\"600\" height=\"600\" src=\"https:\/\/intl.phonak.com\/sr-rs\/wp-content\/uploads\/sites\/70\/2025\/07\/PH_Packshot_Naida_L-PR_050-1069-P5.png?w=600\" class=\"attachment-post-thumbnail size-post-thumbnail wp-post-image\" alt=\"Phonak Na\u00edda L-PR\" srcset=\"https:\/\/intl.phonak.com\/sr-rs\/wp-content\/uploads\/sites\/70\/2025\/07\/PH_Packshot_Naida_L-PR_050-1069-P5.png 600w, https:\/\/intl.phonak.com\/sr-rs\/wp-content\/uploads\/sites\/70\/2025\/07\/PH_Packshot_Naida_L-PR_050-1069-P5.png?resize=150,150 150w, https:\/\/intl.phonak.com\/sr-rs\/wp-content\/uploads\/sites\/70\/2025\/07\/PH_Packshot_Naida_L-PR_050-1069-P5.png?resize=300,300 300w\" sizes=\"auto, (max-width: 600px) 100vw, 600px\" \/>\t\t\t\t<\/div>\n\n\t\t\t\t<h3 class=\"entry-title\">Phonak Na\u00edda\u2122 Lumity<\/h3><p>Na\u0161i najmo\u0107niji slu\u0161ni ure\u0111aji, pru\u017eaju\u0107i robusno i pouzdano re\u0161enje onima koji \u017eele da prihvate sve mogu\u0107nosti sa najnovijim Lumity funkcijama. <\/p>\n\t\t<\/div>\n\t\t<div class=\"wp-block-button\">\n\t\t\t<div class=\"wp-block-button__link\">prio\u010ditaj vi\u0161e<\/div>\n\t\t<\/div>\n\t<\/a>\n<\/article><!-- #post-28 -->\n\t\t\t\t<\/div>\n\n\t\t\t\t\n\t\t<\/div>\n\t<\/div>\n\n\t\n\n\n<div style=\"height:25px\" aria-hidden=\"true\" class=\"wp-block-spacer\"><\/div>\n\n\n\n<p class=\"has-text-align-center\"><a href=\"https:\/\/intl.phonak.com\/sr-rs\/resenja\/slusni-aparat-stil\/\">Razumeti razli\u010dite vrste stilova slu\u0161nog aparata<\/a><\/p>\n\n\n\n<div style=\"height:34px\" aria-hidden=\"true\" class=\"wp-block-spacer\"><\/div>\n\n\n\n<div class=\"wp-block-media-text is-stacked-on-mobile cta-block\" style=\"grid-template-columns:35% auto\"><figure class=\"wp-block-media-text__media\"><img decoding=\"async\" src=\"https:\/\/intl.phonak.com\/main-english\/wp-content\/uploads\/sites\/3\/2021\/11\/cta-image.jpg?w=401\" alt=\"\" class=\"wp-image-6738 size-full\"\/><\/figure><div class=\"wp-block-media-text__content\">\n<div class=\"wp-block-create-block-icon-selector\"><i class=\"fal fa-map-marker-alt\"><\/i><\/div>   \n<h3 class=\"wp-block-heading\">Sluh stru\u010dnjaka u va\u0161oj blizini<\/h3>   <p>Stru\u010dnjaci za slu\u0161nu negu mogu vam pomo\u0107i da napravite izbor koji je savr\u0161en za vas. Oni \u0107e razmotriti va\u0161e potrebe za sluhom, va\u0161 bud\u017eet, va\u0161 \u017eivotni stil i va\u0161e individualne preferencije sluha. <\/p>   <div class=\"wp-block-buttons is-layout-flex wp-block-buttons-is-layout-flex\">\n<div class=\"wp-block-button is-style-marker-green\"><a class=\"wp-block-button__link wp-element-button\" href=\"https:\/\/intl.phonak.com\/sr-rs\/pronadi-slusnog-alusticara\/\">Prona\u0111i slusnog alusticara<\/a><\/div>\n<\/div>\n<\/div><\/div> ","protected":false},"excerpt":{"rendered":"<p>Pojednostavljenje \u017eivota sa briljantnim re\u0161enjem Imati slobodu da idete gde god \u017eelite, bez ograni\u010denja povezanih sa gubitkom sluha, va\u017eno je&#8230;<\/p>\n","protected":false},"author":5,"featured_media":0,"parent":0,"menu_order":0,"comment_status":"closed","ping_status":"closed","template":"","meta":{"_acf_changed":false,"inline_featured_image":false,"footnotes":""},"class_list":["post-335","page","type-page","status-publish","hentry"],"acf":[],"yoast_head":"<!-- This site is optimized with the Yoast SEO plugin v26.9 - https:\/\/yoast.com\/product\/yoast-seo-wordpress\/ -->\n<title>Re\u0161enja - Phonak - Srbija<\/title>\n<meta name=\"robots\" content=\"index, follow, max-snippet:-1, max-image-preview:large, max-video-preview:-1\" \/>\n<link rel=\"canonical\" href=\"https:\/\/intl.phonak.com\/main-english\/solutions\/\" \/>\n<meta property=\"og:locale\" content=\"sr_RS\" \/>\n<meta property=\"og:type\" content=\"article\" \/>\n<meta property=\"og:title\" content=\"Re\u0161enja - Phonak - Srbija\" \/>\n<meta property=\"og:description\" content=\"Pojednostavljenje \u017eivota sa briljantnim re\u0161enjem Imati slobodu da idete gde god \u017eelite, bez ograni\u010denja povezanih sa gubitkom sluha, va\u017eno je...\" \/>\n<meta property=\"og:url\" content=\"https:\/\/intl.phonak.com\/sr-rs\/resenja\/\" \/>\n<meta property=\"og:site_name\" content=\"Phonak - Srbija\" \/>\n<meta property=\"article:modified_time\" content=\"2025-08-15T07:29:39+00:00\" \/>\n<meta name=\"twitter:card\" content=\"summary_large_image\" \/>\n<meta name=\"twitter:label1\" content=\"Est. reading time\" \/>\n\t<meta name=\"twitter:data1\" content=\"2 minutes\" \/>\n<script type=\"application\/ld+json\" class=\"yoast-schema-graph\">{\"@context\":\"https:\/\/schema.org\",\"@graph\":[{\"@type\":\"WebPage\",\"@id\":\"https:\/\/intl.phonak.com\/sr-rs\/resenja\/\",\"url\":\"https:\/\/intl.phonak.com\/sr-rs\/resenja\/\",\"name\":\"Re\u0161enja - Phonak - Srbija\",\"isPartOf\":{\"@id\":\"https:\/\/intl.phonak.com\/sr-rs\/#website\"},\"primaryImageOfPage\":{\"@id\":\"https:\/\/intl.phonak.com\/sr-rs\/resenja\/#primaryimage\"},\"image\":{\"@id\":\"https:\/\/intl.phonak.com\/sr-rs\/resenja\/#primaryimage\"},\"thumbnailUrl\":\"https:\/\/intl.phonak.com\/sr-rs\/wp-content\/uploads\/sites\/3\/2022\/02\/Banner-solutions.jpg\",\"datePublished\":\"2021-11-17T21:17:45+00:00\",\"dateModified\":\"2025-08-15T07:29:39+00:00\",\"breadcrumb\":{\"@id\":\"https:\/\/intl.phonak.com\/sr-rs\/resenja\/#breadcrumb\"},\"inLanguage\":\"sr-RS\",\"potentialAction\":[{\"@type\":\"ReadAction\",\"target\":[\"https:\/\/intl.phonak.com\/sr-rs\/resenja\/\"]}]},{\"@type\":\"ImageObject\",\"inLanguage\":\"sr-RS\",\"@id\":\"https:\/\/intl.phonak.com\/sr-rs\/resenja\/#primaryimage\",\"url\":\"\",\"contentUrl\":\"\"},{\"@type\":\"BreadcrumbList\",\"@id\":\"https:\/\/intl.phonak.com\/sr-rs\/resenja\/#breadcrumb\",\"itemListElement\":[{\"@type\":\"ListItem\",\"position\":1,\"name\":\"Home\",\"item\":\"https:\/\/intl.phonak.com\/sr-rs\/\"},{\"@type\":\"ListItem\",\"position\":2,\"name\":\"Re\u0161enja\"}]},{\"@type\":\"WebSite\",\"@id\":\"https:\/\/intl.phonak.com\/sr-rs\/#website\",\"url\":\"https:\/\/intl.phonak.com\/sr-rs\/\",\"name\":\"Phonak - Srbija\",\"description\":\"Posvec\u0301eni promeni \u017eivota\",\"publisher\":{\"@id\":\"https:\/\/intl.phonak.com\/sr-rs\/#organization\"},\"potentialAction\":[{\"@type\":\"SearchAction\",\"target\":{\"@type\":\"EntryPoint\",\"urlTemplate\":\"https:\/\/intl.phonak.com\/sr-rs\/?s={search_term_string}\"},\"query-input\":{\"@type\":\"PropertyValueSpecification\",\"valueRequired\":true,\"valueName\":\"search_term_string\"}}],\"inLanguage\":\"sr-RS\"},{\"@type\":\"Organization\",\"@id\":\"https:\/\/intl.phonak.com\/sr-rs\/#organization\",\"name\":\"Phonak - Srbija\",\"url\":\"https:\/\/intl.phonak.com\/sr-rs\/\",\"logo\":{\"@type\":\"ImageObject\",\"inLanguage\":\"sr-RS\",\"@id\":\"https:\/\/intl.phonak.com\/sr-rs\/#\/schema\/logo\/image\/\",\"url\":\"https:\/\/intl.phonak.com\/sr-rs\/wp-content\/uploads\/sites\/70\/2025\/07\/logo-phonak.svg\",\"contentUrl\":\"https:\/\/intl.phonak.com\/sr-rs\/wp-content\/uploads\/sites\/70\/2025\/07\/logo-phonak.svg\",\"caption\":\"Phonak - Srbija\"},\"image\":{\"@id\":\"https:\/\/intl.phonak.com\/sr-rs\/#\/schema\/logo\/image\/\"}}]}<\/script>\n<!-- \/ Yoast SEO plugin. -->","yoast_head_json":{"title":"Re\u0161enja - Phonak - Srbija","robots":{"index":"index","follow":"follow","max-snippet":"max-snippet:-1","max-image-preview":"max-image-preview:large","max-video-preview":"max-video-preview:-1"},"canonical":"https:\/\/intl.phonak.com\/main-english\/solutions\/","og_locale":"sr_RS","og_type":"article","og_title":"Re\u0161enja - Phonak - Srbija","og_description":"Pojednostavljenje \u017eivota sa briljantnim re\u0161enjem Imati slobodu da idete gde god \u017eelite, bez ograni\u010denja povezanih sa gubitkom sluha, va\u017eno je...","og_url":"https:\/\/intl.phonak.com\/sr-rs\/resenja\/","og_site_name":"Phonak - Srbija","article_modified_time":"2025-08-15T07:29:39+00:00","twitter_card":"summary_large_image","twitter_misc":{"Est. reading time":"2 minutes"},"schema":{"@context":"https:\/\/schema.org","@graph":[{"@type":"WebPage","@id":"https:\/\/intl.phonak.com\/sr-rs\/resenja\/","url":"https:\/\/intl.phonak.com\/sr-rs\/resenja\/","name":"Re\u0161enja - Phonak - Srbija","isPartOf":{"@id":"https:\/\/intl.phonak.com\/sr-rs\/#website"},"primaryImageOfPage":{"@id":"https:\/\/intl.phonak.com\/sr-rs\/resenja\/#primaryimage"},"image":{"@id":"https:\/\/intl.phonak.com\/sr-rs\/resenja\/#primaryimage"},"thumbnailUrl":"https:\/\/intl.phonak.com\/sr-rs\/wp-content\/uploads\/sites\/3\/2022\/02\/Banner-solutions.jpg","datePublished":"2021-11-17T21:17:45+00:00","dateModified":"2025-08-15T07:29:39+00:00","breadcrumb":{"@id":"https:\/\/intl.phonak.com\/sr-rs\/resenja\/#breadcrumb"},"inLanguage":"sr-RS","potentialAction":[{"@type":"ReadAction","target":["https:\/\/intl.phonak.com\/sr-rs\/resenja\/"]}]},{"@type":"ImageObject","inLanguage":"sr-RS","@id":"https:\/\/intl.phonak.com\/sr-rs\/resenja\/#primaryimage","url":"","contentUrl":""},{"@type":"BreadcrumbList","@id":"https:\/\/intl.phonak.com\/sr-rs\/resenja\/#breadcrumb","itemListElement":[{"@type":"ListItem","position":1,"name":"Home","item":"https:\/\/intl.phonak.com\/sr-rs\/"},{"@type":"ListItem","position":2,"name":"Re\u0161enja"}]},{"@type":"WebSite","@id":"https:\/\/intl.phonak.com\/sr-rs\/#website","url":"https:\/\/intl.phonak.com\/sr-rs\/","name":"Phonak - Srbija","description":"Posvec\u0301eni promeni \u017eivota","publisher":{"@id":"https:\/\/intl.phonak.com\/sr-rs\/#organization"},"potentialAction":[{"@type":"SearchAction","target":{"@type":"EntryPoint","urlTemplate":"https:\/\/intl.phonak.com\/sr-rs\/?s={search_term_string}"},"query-input":{"@type":"PropertyValueSpecification","valueRequired":true,"valueName":"search_term_string"}}],"inLanguage":"sr-RS"},{"@type":"Organization","@id":"https:\/\/intl.phonak.com\/sr-rs\/#organization","name":"Phonak - Srbija","url":"https:\/\/intl.phonak.com\/sr-rs\/","logo":{"@type":"ImageObject","inLanguage":"sr-RS","@id":"https:\/\/intl.phonak.com\/sr-rs\/#\/schema\/logo\/image\/","url":"https:\/\/intl.phonak.com\/sr-rs\/wp-content\/uploads\/sites\/70\/2025\/07\/logo-phonak.svg","contentUrl":"https:\/\/intl.phonak.com\/sr-rs\/wp-content\/uploads\/sites\/70\/2025\/07\/logo-phonak.svg","caption":"Phonak - Srbija"},"image":{"@id":"https:\/\/intl.phonak.com\/sr-rs\/#\/schema\/logo\/image\/"}}]}},"jetpack_sharing_enabled":true,"distributor_meta":false,"distributor_terms":false,"distributor_media":false,"distributor_original_site_name":"Phonak - Srbija","distributor_original_site_url":"https:\/\/intl.phonak.com\/sr-rs","push-errors":false,"_links":{"self":[{"href":"https:\/\/intl.phonak.com\/sr-rs\/wp-json\/wp\/v2\/pages\/335","targetHints":{"allow":["GET"]}}],"collection":[{"href":"https:\/\/intl.phonak.com\/sr-rs\/wp-json\/wp\/v2\/pages"}],"about":[{"href":"https:\/\/intl.phonak.com\/sr-rs\/wp-json\/wp\/v2\/types\/page"}],"author":[{"embeddable":true,"href":"https:\/\/intl.phonak.com\/sr-rs\/wp-json\/wp\/v2\/users\/5"}],"replies":[{"embeddable":true,"href":"https:\/\/intl.phonak.com\/sr-rs\/wp-json\/wp\/v2\/comments?post=335"}],"version-history":[{"count":9,"href":"https:\/\/intl.phonak.com\/sr-rs\/wp-json\/wp\/v2\/pages\/335\/revisions"}],"predecessor-version":[{"id":838,"href":"https:\/\/intl.phonak.com\/sr-rs\/wp-json\/wp\/v2\/pages\/335\/revisions\/838"}],"wp:attachment":[{"href":"https:\/\/intl.phonak.com\/sr-rs\/wp-json\/wp\/v2\/media?parent=335"}],"curies":[{"name":"wp","href":"https:\/\/api.w.org\/{rel}","templated":true}]}}