{"id":330,"date":"2022-12-16T15:10:22","date_gmt":"2022-12-16T15:10:22","guid":{"rendered":"https:\/\/intl.phonak.com\/sr-rs\/privacy-notice\/"},"modified":"2025-08-28T07:53:55","modified_gmt":"2025-08-28T07:53:55","slug":"obavestenje-o-privatnosti","status":"publish","type":"page","link":"https:\/\/intl.phonak.com\/sr-rs\/obavestenje-o-privatnosti\/","title":{"rendered":"Obave\u0161tenje o privatnosti"},"content":{"rendered":" <p id=\"block-3110c4d0-6c3e-4d55-8d38-129cb027a120\">Poslednje izmene: april 2022<\/p>   <p id=\"block-e56d30a9-ff57-4997-85c2-75b5ef2450eb\">Ovo obave\u0161tenje o privatnosti opisuje kako se va\u0161i li\u010dni podaci, uklju\u010duju\u0107i osetljive podatke, prikupljaju i obra\u0111uju, u vezi sa kontakt formularom. U tom kontekstu, ovo Obave\u0161tenje o privatnosti pokriva obradu va\u0161ih li\u010dnih podataka koja se vr\u0161i putem obrasca koji sastavljate<\/p>   <p id=\"block-a3df515b-e1a3-4d69-a8f9-fd6a5dfd602e\">Obrada va\u0161ih li\u010dnih podataka u skladu je, u skladu sa va\u0161om zemljom, sa lokalnim zahtevima za za\u0161titu podataka, uklju\u010duju\u0107i \u0160vajcarski savezni zakon o za\u0161titi podataka (&#8220;FDPA&#8221;), Uredba (EU) 2016\/679 Evropskog parlamenta i Saveta od 27. aprila 2016. (&#8220;GDPR&#8221;), i \/ ili, ako je primenljivo, Zakon o prenosivosti i odgovornosti zdravstvenog osiguranja iz 1996. godine (&#8220;HIPAA&#8221;) za va\u0161e li\u010dne podatke koji su kvalifikovani kao za\u0161ti\u0107ene zdravstvene informacije.<\/p>   <p id=\"block-1d87e0d9-df83-49dd-aaa9-7ee608294736\">Ovo obave\u0161tenje o privatnosti mo\u017ee se a\u017eurirati s vremena na vreme. U tom slu\u010daju, obavestit \u0107emo vas da je ovo Obave\u0161tenje o privatnosti izmenjeno i da \u0107e biti izmenjen datum &#8220;poslednjeg a\u017euriranja&#8221; na vrhu ovog dokumenta. Preporu\u010dujemo da povremeno pregledate najnoviju verziju ovog Obave\u0161tenja o privatnosti.<\/p>   <p id=\"block-96a81fc1-3995-437b-a025-3900acfc3713\"><strong>1. KO SMO MI<\/strong><\/p>   <p id=\"block-5ec04ce4-ca54-430d-8742-940907142fc8\">Sonova AG, Laubisr\u00fctistrasse 28, 8712 St\u00e4fa, \u0160vajcarska (<a href=\"http:\/\/www.sonova.com\/\">www.sonova.com<\/a>), (&#8220;Sonova AG&#8221;) deluje kao kontrolor za obradu navedenu u slede\u0107em odeljku.<\/p>   <p id=\"block-4bcd26ae-20ae-4ab9-adef-a0bcbd2a5eb2\"><strong>2. LI\u010cNI PODACI KOJE PRIKUPLJAMO OD VAS I ZA\u0160TO<\/strong><\/p>   <p id=\"block-5381e53f-4ece-4513-b300-72951215d601\">Sonova AG obra\u0111uje va\u0161e li\u010dne podatke i \/ ili li\u010dne podatke osobe koju zastupate (koju ste podelili sa nama nakon \u0161to ste dobili njihovu informisanu saglasnost), tj.<\/p>   <p id=\"block-9d6808e7-302c-45ea-9296-ebf9f8a2f24b\">\u0160to se ti\u010de poruke koju \u0107ete poslati, molimo vas da uzmete u obzir da \u0107e va\u0161 otkucani komentar biti preba\u010den u tekst plana. Da biste se pridr\u017eavali principa za\u0161tite podataka o minimizaciji podataka, molimo vas da unesete samo neophodne informacije koje trebate izraziti samo u vezi sa svrhom za koju je alat namenjen. Molimo vas da ne upisujete vi\u0161e informacija nego \u0161to je potrebno ili nepotrebne informacije o vama ili drugoj osobi, kao \u0161to je o zaposlenom ili klijentu. Razmislite o tome posebno kada \u017eelite da unesete posebnu kategoriju \/ osetljive podatke, \u0161to je bilo koji podatak koji otkriva rasno ili etni\u010dko poreklo, politi\u010dka mi\u0161ljenja, verska ili filozofska uverenja, \u010dlanstvo u sindikatu, genetski podaci, biometrijski podaci, podaci koji se odnose na zdravlje, seksualni \u017eivot ili seksualnu orijentaciju. &#8220;<\/p>   <p id=\"block-6ef8b4dc-fbc7-4339-b081-42fdd5e72f92\">Imajte na umu da se gore navedeni li\u010dni podaci obra\u0111uju kako bi se osiguralo da se vi ili neko koga zastupate procenjuje na odgovaraju\u0107i na\u010din kako bi se odgovorilo na va\u0161 zahtev i pru\u017eila vam odgovaraju\u0107a podr\u0161ka i, ako se to zatra\u017ei, preporu\u010dene proizvode \/ usluge.<\/p>   <p id=\"block-d694b16d-bb1d-4f2a-ba31-dab1778385dc\">Imajte na umu da, ova svrha je neophodna da se izvr\u0161i va\u0161 zahtev kao deo izvr\u0161enja ugovora da stupi u kontakt sa nama i na\u0161im pouzdanim distributerima. U tom smislu, kao deo pru\u017eanja va\u0161ih kontakt podataka, kontaktira\u0107e vas na\u0161a tre\u0107a strana koja deluje u na\u0161e ime nekoliko dana nakon podno\u0161enja va\u0161eg on-line obrasca. &nbsp;<\/p>   <p id=\"block-107ecf70-8699-4e51-9212-2b3c45c196d4\"><strong>3. KAKO DELIMO VA\u0160E LI\u010cNE PODATKE<\/strong><\/p>   <p id=\"block-bf3f85e8-d40b-4cdc-946e-cf7d14df10bd\">Kori\u0161\u0107enjem gore navedene usluge va\u0161i li\u010dni podaci mogu se deliti na ograni\u010denoj osnovi sa na\u0161im poslovnim partnerima kao \u0161to su zdravstveni radnici, koji deluju kao nezavisni ili zajedni\u010dki kontrolori, pru\u017eaju uslugu koju ste tra\u017eili, kontaktiraju\u0107i vas da odgovorite na va\u0161 zahtev; i slede\u0107e nezavisne pru\u017eaoce usluga koji deluju kao procesori:<\/p>  <div class=\"wp-list-block\"> <ul class=\"wp-block-list\" id=\"block-47a21154-6aea-47d7-b9de-279ba3c17e2d\">\n<li>Trew Knowledge: programer sajta<\/li>   <li>VordPress VIP: sistem za upravljanje sadr\u017eajem \/ veb platforma<\/li>   <li>Microsoft : upravljanje i odr\u017eavanje cloud infrastrukture i pru\u017eanje tehni\u010dke podr\u0161ke.<\/li>\n<\/ul> <\/div>  <p id=\"block-d9424a7a-f94b-4d8a-8b17-41bc7dbc520a\">Va\u0161i li\u010dni podaci mogu biti otkriveni i drugim kompanijama u na\u0161oj grupi kompanija, kao \u0161to su na\u0161e podru\u017enice, ili drugim organizacijama i javnim organima, uklju\u010duju\u0107i agencije za sprovo\u0111enje zakona, kako to mo\u017ee zahtijevati zakon.<\/p>   <p id=\"block-8145bbcd-69e8-40f0-9111-3a95298b2a8f\">Pre nego \u0161to otkrijemo bilo kakve li\u010dne podatke tre\u0107im stranama osim gore navedenih, izri\u010dito \u0107emo vas zamoliti za va\u0161u saglasnost. Me\u0111utim, ako smo zakonski obavezni da otkrijemo li\u010dne podatke bez va\u0161eg pristanka, otkri\u0107emo samo li\u010dne podatke koji su strogo neophodni za tu svrhu da bismo ispunili svoje zakonske obaveze.<\/p>   <p id=\"block-e2ea32e7-a956-4300-9695-09d24ebba013\"><strong>4. ME\u0110UNARODNI PRENOSI LI\u010cNIH PODATAKA<\/strong><\/p>   <p id=\"block-72500bcf-8d04-47e8-b9d3-4df058b23228\">Imajte na umu da se neke od gore navedenih tre\u0107ih strana mogu nalaziti izvan va\u0161e zemlje. Stoga, va\u0161i li\u010dni podaci mogu biti preneti u zemlje koje ne pru\u017eaju isti nivo za\u0161tite li\u010dnih podataka kao i va\u0161a zemlja. U takvim slu\u010dajevima, mi \u0107emo sprovesti adekvatne mere, uklju\u010duju\u0107i odgovaraju\u0107e organizacione, tehni\u010dke i pravne za\u0161titne mere kako bi se regulisao relevantni prenos i kako bi se osiguralo da je neophodan nivo za\u0161tite uspostavljen u skladu sa va\u017ee\u0107im zakonom. &nbsp;<\/p>   <p id=\"block-533e1e30-9ef4-4e09-83f3-652b26c27011\"><strong>5. KOLIKO DUGO \u010cUVAMO VA\u0160E LI\u010cNE PODATKE<\/strong><\/p>   <p id=\"block-348682c7-3643-476c-a078-b6f347994d0c\">Li\u010dni podaci se bri\u0161u nakon 3 meseca od zavr\u0161etka na\u0161eg komercijalnog kontakta. U slu\u010daju da va\u017ee\u0107i zakon ili drugi propisi zahtevaju du\u017ei period zadr\u017eavanja, mi \u0107emo primeniti du\u017ei period zadr\u017eavanja kako bismo ispunili svoje zakonske obaveze<\/p>   <p id=\"block-355074d9-2315-49f6-8b4f-bb2027139a72\">Pored toga, va\u0161i li\u010dni podaci koje obra\u0111uju distributeri (uklju\u010duju\u0107i zdravstvene radnike) zadr\u017ea\u0107e se u skladu sa va\u017ee\u0107im zakonima. Za vi\u0161e informacija o njihovim specifi\u010dnim periodima zadr\u017eavanja, obratite se svom HCP-u.<\/p>   <p id=\"block-af4238c1-82d9-4b87-950a-7ea13455900f\"><strong>6. VA\u0160A ZAKONSKA PRAVA<\/strong><\/p>   <p id=\"block-f63d6cd0-5a52-499d-9d2d-84666073602c\">Prema va\u017ee\u0107em zakonu, mo\u017eete imati pravo da zatra\u017eite pristup, ispravku, brisanje va\u0161ih li\u010dnih podataka ili ograni\u010denje obrade. Pored toga, mo\u017eete se usprotiviti obradi, zatra\u017eiti prenosivost podataka i povu\u0107i svoju saglasnost u bilo kom trenutku. Prema va\u0161oj zemlji, mo\u017eda imate i druga prava, kao \u0161to je pru\u017eanje uputstava o tome kako va\u0161i li\u010dni podaci treba obra\u0111ivati posthumno. Prema HIPAA mo\u017eete imati pravo da zatra\u017eite ra\u010dunovodstvo obelodanjivanja va\u0161ih li\u010dnih podataka, kao i pravo da primite papirnu kopiju ovog obave\u0161tenja na pismeni zahtev.<\/p>   <p id=\"block-040fd872-a10c-401e-9d23-e9925f35b59a\">Mo\u017eete iskoristiti svoje pravo na prigovor na dalji kontakt tako \u0161to \u0107ete nas obavestiti u bilo kom trenutku tokom poziva, koriste\u0107i na\u0161 &#8220;link za odjavu&#8221; koji se nalazi u na\u0161oj e-po\u0161ti ili nas kontaktirajte na&nbsp;<a href=\"mailto:privacy@sonova.com\">privacy@sonova.com<\/a>. Nakon validacije, li\u010dni podaci koje ste naveli bi\u0107e izbrisani sa lista kontakata koje koriste podru\u017enice kompanije Sonova i tre\u0107e strane.<\/p>   <p id=\"block-e17f8407-1be6-4178-b813-3435b39b5d41\">Imajte na umu da ostvarivanje takvih prava podle\u017ee ograni\u010denjima predvi\u0111enim va\u017ee\u0107im zakonom.<\/p>   <p id=\"block-94f85d78-fad6-479b-8e63-5dc84d7183e2\">Ako smatrate da obrada va\u0161ih li\u010dnih podataka kr\u0161i va\u017ee\u0107i zakon, onda mo\u017eete podneti \u017ealbu lokalnom nadzornom organu ili nadle\u017enom regulatoru.<\/p>   <p id=\"block-6e3d22c7-d924-4d86-a9d5-248990bfa7da\"><strong>7. KAKO DA NAS KONTAKTIRATE<\/strong><\/p>   <p id=\"block-0199cf36-d52c-4ccd-bd03-5b4ad64ab128\">U slu\u010daju pitanja u vezi sa ovim Obave\u0161tenjem o privatnosti ili obradom va\u0161ih li\u010dnih podataka, obratite se na\u0161em timu za privatnost podataka na<a href=\"mailto:privacy@sonova.com\">privacy@sonova.com<\/a>\u00a0ili +41 58 928 01 01.<br><br>Poslednje izmene: april 2022<\/p> ","protected":false},"excerpt":{"rendered":"<p>Poslednje izmene: april 2022 Ovo obave\u0161tenje o privatnosti opisuje kako se va\u0161i li\u010dni podaci, uklju\u010duju\u0107i osetljive podatke, prikupljaju i obra\u0111uju,&#8230;<\/p>\n","protected":false},"author":4,"featured_media":0,"parent":0,"menu_order":0,"comment_status":"closed","ping_status":"closed","template":"","meta":{"_acf_changed":false,"inline_featured_image":false,"footnotes":""},"class_list":["post-330","page","type-page","status-publish","hentry"],"acf":[],"yoast_head":"<!-- This site is optimized with the Yoast SEO plugin v26.9 - https:\/\/yoast.com\/product\/yoast-seo-wordpress\/ -->\n<title>Obave\u0161tenje o privatnosti - Phonak - Srbija<\/title>\n<meta name=\"robots\" content=\"index, follow, max-snippet:-1, max-image-preview:large, max-video-preview:-1\" \/>\n<link rel=\"canonical\" href=\"https:\/\/intl.phonak.com\/main-english\/privacy-notice\/\" \/>\n<meta property=\"og:locale\" content=\"sr_RS\" \/>\n<meta property=\"og:type\" content=\"article\" \/>\n<meta property=\"og:title\" content=\"Obave\u0161tenje o privatnosti - Phonak - Srbija\" \/>\n<meta property=\"og:description\" content=\"Poslednje izmene: april 2022 Ovo obave\u0161tenje o privatnosti opisuje kako se va\u0161i li\u010dni podaci, uklju\u010duju\u0107i osetljive podatke, prikupljaju i obra\u0111uju,...\" \/>\n<meta property=\"og:url\" content=\"https:\/\/intl.phonak.com\/sr-rs\/obavestenje-o-privatnosti\/\" \/>\n<meta property=\"og:site_name\" content=\"Phonak - Srbija\" \/>\n<meta property=\"article:modified_time\" content=\"2025-08-28T07:53:55+00:00\" \/>\n<meta name=\"twitter:card\" content=\"summary_large_image\" \/>\n<meta name=\"twitter:label1\" content=\"Est. reading time\" \/>\n\t<meta name=\"twitter:data1\" content=\"6 minutes\" \/>\n<script type=\"application\/ld+json\" class=\"yoast-schema-graph\">{\"@context\":\"https:\/\/schema.org\",\"@graph\":[{\"@type\":\"WebPage\",\"@id\":\"https:\/\/intl.phonak.com\/sr-rs\/obavestenje-o-privatnosti\/\",\"url\":\"https:\/\/intl.phonak.com\/sr-rs\/obavestenje-o-privatnosti\/\",\"name\":\"Obave\u0161tenje o privatnosti - Phonak - Srbija\",\"isPartOf\":{\"@id\":\"https:\/\/intl.phonak.com\/sr-rs\/#website\"},\"datePublished\":\"2022-12-16T15:10:22+00:00\",\"dateModified\":\"2025-08-28T07:53:55+00:00\",\"breadcrumb\":{\"@id\":\"https:\/\/intl.phonak.com\/sr-rs\/obavestenje-o-privatnosti\/#breadcrumb\"},\"inLanguage\":\"sr-RS\",\"potentialAction\":[{\"@type\":\"ReadAction\",\"target\":[\"https:\/\/intl.phonak.com\/sr-rs\/obavestenje-o-privatnosti\/\"]}]},{\"@type\":\"BreadcrumbList\",\"@id\":\"https:\/\/intl.phonak.com\/sr-rs\/obavestenje-o-privatnosti\/#breadcrumb\",\"itemListElement\":[{\"@type\":\"ListItem\",\"position\":1,\"name\":\"Home\",\"item\":\"https:\/\/intl.phonak.com\/sr-rs\/\"},{\"@type\":\"ListItem\",\"position\":2,\"name\":\"Obavestenje o privatnosti\"}]},{\"@type\":\"WebSite\",\"@id\":\"https:\/\/intl.phonak.com\/sr-rs\/#website\",\"url\":\"https:\/\/intl.phonak.com\/sr-rs\/\",\"name\":\"Phonak - Srbija\",\"description\":\"Posvec\u0301eni promeni \u017eivota\",\"publisher\":{\"@id\":\"https:\/\/intl.phonak.com\/sr-rs\/#organization\"},\"potentialAction\":[{\"@type\":\"SearchAction\",\"target\":{\"@type\":\"EntryPoint\",\"urlTemplate\":\"https:\/\/intl.phonak.com\/sr-rs\/?s={search_term_string}\"},\"query-input\":{\"@type\":\"PropertyValueSpecification\",\"valueRequired\":true,\"valueName\":\"search_term_string\"}}],\"inLanguage\":\"sr-RS\"},{\"@type\":\"Organization\",\"@id\":\"https:\/\/intl.phonak.com\/sr-rs\/#organization\",\"name\":\"Phonak - Srbija\",\"url\":\"https:\/\/intl.phonak.com\/sr-rs\/\",\"logo\":{\"@type\":\"ImageObject\",\"inLanguage\":\"sr-RS\",\"@id\":\"https:\/\/intl.phonak.com\/sr-rs\/#\/schema\/logo\/image\/\",\"url\":\"https:\/\/intl.phonak.com\/sr-rs\/wp-content\/uploads\/sites\/70\/2025\/07\/logo-phonak.svg\",\"contentUrl\":\"https:\/\/intl.phonak.com\/sr-rs\/wp-content\/uploads\/sites\/70\/2025\/07\/logo-phonak.svg\",\"caption\":\"Phonak - Srbija\"},\"image\":{\"@id\":\"https:\/\/intl.phonak.com\/sr-rs\/#\/schema\/logo\/image\/\"}}]}<\/script>\n<!-- \/ Yoast SEO plugin. -->","yoast_head_json":{"title":"Obave\u0161tenje o privatnosti - Phonak - Srbija","robots":{"index":"index","follow":"follow","max-snippet":"max-snippet:-1","max-image-preview":"max-image-preview:large","max-video-preview":"max-video-preview:-1"},"canonical":"https:\/\/intl.phonak.com\/main-english\/privacy-notice\/","og_locale":"sr_RS","og_type":"article","og_title":"Obave\u0161tenje o privatnosti - Phonak - Srbija","og_description":"Poslednje izmene: april 2022 Ovo obave\u0161tenje o privatnosti opisuje kako se va\u0161i li\u010dni podaci, uklju\u010duju\u0107i osetljive podatke, prikupljaju i obra\u0111uju,...","og_url":"https:\/\/intl.phonak.com\/sr-rs\/obavestenje-o-privatnosti\/","og_site_name":"Phonak - Srbija","article_modified_time":"2025-08-28T07:53:55+00:00","twitter_card":"summary_large_image","twitter_misc":{"Est. reading time":"6 minutes"},"schema":{"@context":"https:\/\/schema.org","@graph":[{"@type":"WebPage","@id":"https:\/\/intl.phonak.com\/sr-rs\/obavestenje-o-privatnosti\/","url":"https:\/\/intl.phonak.com\/sr-rs\/obavestenje-o-privatnosti\/","name":"Obave\u0161tenje o privatnosti - Phonak - Srbija","isPartOf":{"@id":"https:\/\/intl.phonak.com\/sr-rs\/#website"},"datePublished":"2022-12-16T15:10:22+00:00","dateModified":"2025-08-28T07:53:55+00:00","breadcrumb":{"@id":"https:\/\/intl.phonak.com\/sr-rs\/obavestenje-o-privatnosti\/#breadcrumb"},"inLanguage":"sr-RS","potentialAction":[{"@type":"ReadAction","target":["https:\/\/intl.phonak.com\/sr-rs\/obavestenje-o-privatnosti\/"]}]},{"@type":"BreadcrumbList","@id":"https:\/\/intl.phonak.com\/sr-rs\/obavestenje-o-privatnosti\/#breadcrumb","itemListElement":[{"@type":"ListItem","position":1,"name":"Home","item":"https:\/\/intl.phonak.com\/sr-rs\/"},{"@type":"ListItem","position":2,"name":"Obavestenje o privatnosti"}]},{"@type":"WebSite","@id":"https:\/\/intl.phonak.com\/sr-rs\/#website","url":"https:\/\/intl.phonak.com\/sr-rs\/","name":"Phonak - Srbija","description":"Posvec\u0301eni promeni \u017eivota","publisher":{"@id":"https:\/\/intl.phonak.com\/sr-rs\/#organization"},"potentialAction":[{"@type":"SearchAction","target":{"@type":"EntryPoint","urlTemplate":"https:\/\/intl.phonak.com\/sr-rs\/?s={search_term_string}"},"query-input":{"@type":"PropertyValueSpecification","valueRequired":true,"valueName":"search_term_string"}}],"inLanguage":"sr-RS"},{"@type":"Organization","@id":"https:\/\/intl.phonak.com\/sr-rs\/#organization","name":"Phonak - Srbija","url":"https:\/\/intl.phonak.com\/sr-rs\/","logo":{"@type":"ImageObject","inLanguage":"sr-RS","@id":"https:\/\/intl.phonak.com\/sr-rs\/#\/schema\/logo\/image\/","url":"https:\/\/intl.phonak.com\/sr-rs\/wp-content\/uploads\/sites\/70\/2025\/07\/logo-phonak.svg","contentUrl":"https:\/\/intl.phonak.com\/sr-rs\/wp-content\/uploads\/sites\/70\/2025\/07\/logo-phonak.svg","caption":"Phonak - Srbija"},"image":{"@id":"https:\/\/intl.phonak.com\/sr-rs\/#\/schema\/logo\/image\/"}}]}},"jetpack_sharing_enabled":true,"distributor_meta":false,"distributor_terms":false,"distributor_media":false,"distributor_original_site_name":"Phonak - Srbija","distributor_original_site_url":"https:\/\/intl.phonak.com\/sr-rs","push-errors":false,"_links":{"self":[{"href":"https:\/\/intl.phonak.com\/sr-rs\/wp-json\/wp\/v2\/pages\/330","targetHints":{"allow":["GET"]}}],"collection":[{"href":"https:\/\/intl.phonak.com\/sr-rs\/wp-json\/wp\/v2\/pages"}],"about":[{"href":"https:\/\/intl.phonak.com\/sr-rs\/wp-json\/wp\/v2\/types\/page"}],"author":[{"embeddable":true,"href":"https:\/\/intl.phonak.com\/sr-rs\/wp-json\/wp\/v2\/users\/4"}],"replies":[{"embeddable":true,"href":"https:\/\/intl.phonak.com\/sr-rs\/wp-json\/wp\/v2\/comments?post=330"}],"version-history":[{"count":3,"href":"https:\/\/intl.phonak.com\/sr-rs\/wp-json\/wp\/v2\/pages\/330\/revisions"}],"predecessor-version":[{"id":903,"href":"https:\/\/intl.phonak.com\/sr-rs\/wp-json\/wp\/v2\/pages\/330\/revisions\/903"}],"wp:attachment":[{"href":"https:\/\/intl.phonak.com\/sr-rs\/wp-json\/wp\/v2\/media?parent=330"}],"curies":[{"name":"wp","href":"https:\/\/api.w.org\/{rel}","templated":true}]}}