{"id":328,"date":"2022-12-16T15:11:36","date_gmt":"2022-12-16T15:11:36","guid":{"rendered":"https:\/\/intl.phonak.com\/sr-rs\/cookie-privacy-notice\/"},"modified":"2025-08-28T08:49:16","modified_gmt":"2025-08-28T08:49:16","slug":"kolacic-o-privatnosti","status":"publish","type":"page","link":"https:\/\/intl.phonak.com\/sr-rs\/kolacic-o-privatnosti\/","title":{"rendered":"Obave\u0161tenje o privatnosti kola\u010dic\u0301a"},"content":{"rendered":"\n<div class=\"wp-block-group is-style-align-small is-layout-flow wp-block-group-is-layout-flow\">\n<p>Va\u017ei od: januar 2025<\/p>   <p><strong>A. \u0160TA SU KOLA\u010cI\u0106I I DRUGI ALATI ZA PRA\u0106ENJE?<\/strong><\/p>   <p>Kola\u010di\u0107i su male datoteke koje \u010duva ve\u0107ina internet pretra\u017eiva\u010da kako bi pratile informacije o posetiocima i omogu\u0107ile Sonova da svoju veb ponudu u\u010dini relevantnijom za vas. Tokom posete na\u0161oj veb stranici, Sonova koristi \u010detiri vrste kola\u010di\u0107a. Njihov period zadr\u017eavanja zavisi od svake zemlje i relevantnog va\u017ee\u0107eg zakona.<\/p>   <p><strong>A.2 KOJE KOLA\u010cI\u0106E KORISTIMO I ZA\u0160TO?<\/strong><\/p>  <div class=\"wp-list-block\"> <ul class=\"wp-block-list\">\n<li> Strogo neophodni kola\u010di\u0107i: ovi kola\u010di\u0107i su neophodni da bismo vam pru\u017eili osnovne funkcionalnosti na\u0161e veb stranice i ne mogu se isklju\u010diti u na\u0161im sistemima.<\/li>   <li>Performanse i analiti\u010dki kola\u010di\u0107i: ovi kola\u010di\u0107i nam omogu\u0107avaju da brojimo posete i izvore saobra\u0107aja kako bismo izmerili i pobolj\u0161ali performanse na\u0161e veb stranice.<\/li>   <li>Funkcionalni kola\u010di\u0107i: ovi kola\u010di\u0107i se koriste za obezbe\u0111ivanje pobolj\u0161ane funkcionalnosti i personalizacije tokom posete.<\/li>   <li>Ciljanje ili reklamni kola\u010di\u0107i: ovi kola\u010di\u0107i mogu biti postavljeni preko na\u0161e veb stranice od strane na\u0161ih reklamnih partnera kako bi izgradili profil va\u0161ih interesa i predlo\u017eili relevantne oglase.<\/li>\n<\/ul> <\/div>  <p>Neke od kola\u010di\u0107a koje koriste na\u0161e veb stranice postavljaju mi, a neke postavljaju tre\u0107a lica u ime Sonove. U nastavku mo\u017eete prona\u0107i listu svih kola\u010di\u0107a i drugih alata za pra\u0107enje koje koristi ovaj sajt:<\/p>   \n<figure class=\"wp-block-table has-legal-font-size\"><table><tbody><tr><td><strong>Doma\u0436in<\/strong><\/td><td class=\"has-text-align-left\" data-align=\"left\"><strong>Kola\u010di\u0107i ili drugi alati za pra\u0107enje<\/strong><\/td><td><strong>Kategorija<\/strong><\/td><td><strong>\u017divotni vek<\/strong><\/td><td><strong>Tre\u0107i ili sopstveni kola\u010di\u0107<\/strong><\/td><\/tr><tr><td>intl.phonak.com<\/td><td class=\"has-text-align-left\" data-align=\"left\">wordpressuser_XXXXXXXXXXXXXXXXXXXXXXXXXXXXX, OptanonSaglasnost, wordpress_test_cookie, wordpress_XXXXXXXXXXXXXXXXXXXXXXXXXXXX, wordpress_logged_in_XXXXXXXXXXXXXXXXXXXXXXXXXXX, jetpack_sso_original_request, vp-postpass_XXXXXXXXXXXXXXXXXXXXXXXXXXXX, vp-settings-, wordpress_sec_, jetpack_sso_redirect_to, wordpresspass_XXXXXXXXXXXXXXXXXXXXXXXXXXXX, OptanonAlertBoxClosed, vp-settings-time-ks<\/td><td><\/td><td><\/td><td><\/td><\/tr><tr><td>phonak.com<\/td><td class=\"has-text-align-left\" data-align=\"left\">_ga_xxxxxxxxxx, _ga<\/td><td>Kola\u010di\u0107i performansi<\/td><td>1 godina<\/td><td>Prva partija<\/td><\/tr><\/tbody><\/table><\/figure>   <p><br><strong>A.3 KAKO UPRAVLJATI KOLA\u010cI\u0106IMA?<\/strong><\/p>   <p>Svaka vrsta kola\u010di\u0107a odra\u017eava odre\u0111enu svrhu, na na\u0161em sajtu mo\u017eete lako pristati posebno na svaku svrhu. Prihvatanjem svih kola\u010di\u0107a, ima\u0107ete potpuno personalizovano veb iskustvo. Dozvoljavamo vam da izaberete koje vrste kola\u010di\u0107a prihvatate ili blokirate, ali to mo\u017ee uticati na va\u0161e iskustvo na veb lokaciji i uslugama koje nudimo. Ipak, uslugu mo\u017eete koristiti \u010dak i u slu\u010daju odbijanja da pristanete na neke kola\u010di\u0107e, osim strogo neophodnih kola\u010di\u0107a.<br><br>Da biste povukli ili izmeni svoju saglasnost, kliknite ovde.<\/p>   <p>Ako vas ne zanimaju prednosti na\u0161ih kola\u010di\u0107a, funkcija &#8220;Pomo\u0107&#8221; va\u0161eg pretra\u017eiva\u010da mo\u017ee pru\u017eiti uputstva o tome kako spre\u010diti kola\u010di\u0107e ili izbrisati postoje\u0107e kola\u010di\u0107e. Tako\u0111e, mo\u017eete nau\u010diti kako da blokirate sve nove kola\u010di\u0107e u va\u0161em pretra\u017eiva\u010du i koji su koraci konfiguracije potrebni za primanje obave\u0161tenja o novim kola\u010di\u0107ima.<br><br>U svakom slu\u010daju, va\u0161 izbor (saglasnost \/ odbijanje) \u0107e se \u010duvati u periodu od 6 meseci. <br><br>Veoma korisne informacije o kola\u010di\u0107ima uop\u0161te mogu se pristupiti na ovim sajtovima: <a href=\"http:\/\/www.allaboutcookies.org\/\" target=\"_blank\" rel=\"noreferrer noopener\">http:\/\/www.allaboutcookies.org\/<\/a> ili <a href=\"https:\/\/cookiepedia.co.uk\" target=\"_blank\" rel=\"noreferrer noopener\">https:\/\/cookiepedia.co.uk<\/a><\/p>   <p><strong>A.4 KAKO DA NAS KONTAKTIRATE?<\/strong><\/p>   <p>Za sva pitanja, komentare ili nedoumice u vezi sa ovom Politikom, ili kako biste ostvarili svoja prava na privatnost dozvoljena va\u017ee\u0107im zakonom u vezi sa li\u010dnim podacima, obratite se na\u0161em slu\u017ebeniku za za\u0161titu podataka na slede\u0107u e-mail adresu: <a href=\"mailto:privacy@sonova.com\">privacy@sonova.com<\/a>.<br>Za vi\u0161e informacija obratite se na\u0161em <a href=\"https:\/\/intl.phonak.com\/sr-rs\/web-privacy-cookie-policy\/\">Politika<\/a>veba i kola\u010di\u0107a.<\/p>   <p>Va\u017ei od: januar 2025<\/p>\n<\/div> ","protected":false},"excerpt":{"rendered":"<p>Va\u017ei od: januar 2025 A. \u0160TA SU KOLA\u010cI\u0106I I DRUGI ALATI ZA PRA\u0106ENJE? Kola\u010di\u0107i su male datoteke koje \u010duva ve\u0107ina&#8230;<\/p>\n","protected":false},"author":4,"featured_media":0,"parent":0,"menu_order":0,"comment_status":"closed","ping_status":"closed","template":"","meta":{"_acf_changed":false,"inline_featured_image":false,"footnotes":""},"class_list":["post-328","page","type-page","status-publish","hentry"],"acf":[],"yoast_head":"<!-- This site is optimized with the Yoast SEO plugin v26.9 - https:\/\/yoast.com\/product\/yoast-seo-wordpress\/ -->\n<title>Obave\u0161tenje o privatnosti kola\u010dic\u0301a - Phonak - Srbija<\/title>\n<meta name=\"robots\" content=\"index, follow, max-snippet:-1, max-image-preview:large, max-video-preview:-1\" \/>\n<link rel=\"canonical\" href=\"https:\/\/intl.phonak.com\/main-english\/cookie-privacy-notice\/\" \/>\n<meta property=\"og:locale\" content=\"sr_RS\" \/>\n<meta property=\"og:type\" content=\"article\" \/>\n<meta property=\"og:title\" content=\"Obave\u0161tenje o privatnosti kola\u010dic\u0301a - Phonak - Srbija\" \/>\n<meta property=\"og:description\" content=\"Va\u017ei od: januar 2025 A. \u0160TA SU KOLA\u010cI\u0106I I DRUGI ALATI ZA PRA\u0106ENJE? Kola\u010di\u0107i su male datoteke koje \u010duva ve\u0107ina...\" \/>\n<meta property=\"og:url\" content=\"https:\/\/intl.phonak.com\/sr-rs\/kolacic-o-privatnosti\/\" \/>\n<meta property=\"og:site_name\" content=\"Phonak - Srbija\" \/>\n<meta property=\"article:modified_time\" content=\"2025-08-28T08:49:16+00:00\" \/>\n<meta name=\"twitter:card\" content=\"summary_large_image\" \/>\n<meta name=\"twitter:label1\" content=\"Est. reading time\" \/>\n\t<meta name=\"twitter:data1\" content=\"3 minutes\" \/>\n<script type=\"application\/ld+json\" class=\"yoast-schema-graph\">{\"@context\":\"https:\/\/schema.org\",\"@graph\":[{\"@type\":\"WebPage\",\"@id\":\"https:\/\/intl.phonak.com\/sr-rs\/kolacic-o-privatnosti\/\",\"url\":\"https:\/\/intl.phonak.com\/sr-rs\/kolacic-o-privatnosti\/\",\"name\":\"Obave\u0161tenje o privatnosti kola\u010dic\u0301a - Phonak - Srbija\",\"isPartOf\":{\"@id\":\"https:\/\/intl.phonak.com\/sr-rs\/#website\"},\"datePublished\":\"2022-12-16T15:11:36+00:00\",\"dateModified\":\"2025-08-28T08:49:16+00:00\",\"breadcrumb\":{\"@id\":\"https:\/\/intl.phonak.com\/sr-rs\/kolacic-o-privatnosti\/#breadcrumb\"},\"inLanguage\":\"sr-RS\",\"potentialAction\":[{\"@type\":\"ReadAction\",\"target\":[\"https:\/\/intl.phonak.com\/sr-rs\/kolacic-o-privatnosti\/\"]}]},{\"@type\":\"BreadcrumbList\",\"@id\":\"https:\/\/intl.phonak.com\/sr-rs\/kolacic-o-privatnosti\/#breadcrumb\",\"itemListElement\":[{\"@type\":\"ListItem\",\"position\":1,\"name\":\"Home\",\"item\":\"https:\/\/intl.phonak.com\/sr-rs\/\"},{\"@type\":\"ListItem\",\"position\":2,\"name\":\"Kolacic o privatnosti\"}]},{\"@type\":\"WebSite\",\"@id\":\"https:\/\/intl.phonak.com\/sr-rs\/#website\",\"url\":\"https:\/\/intl.phonak.com\/sr-rs\/\",\"name\":\"Phonak - Srbija\",\"description\":\"Posvec\u0301eni promeni \u017eivota\",\"publisher\":{\"@id\":\"https:\/\/intl.phonak.com\/sr-rs\/#organization\"},\"potentialAction\":[{\"@type\":\"SearchAction\",\"target\":{\"@type\":\"EntryPoint\",\"urlTemplate\":\"https:\/\/intl.phonak.com\/sr-rs\/?s={search_term_string}\"},\"query-input\":{\"@type\":\"PropertyValueSpecification\",\"valueRequired\":true,\"valueName\":\"search_term_string\"}}],\"inLanguage\":\"sr-RS\"},{\"@type\":\"Organization\",\"@id\":\"https:\/\/intl.phonak.com\/sr-rs\/#organization\",\"name\":\"Phonak - Srbija\",\"url\":\"https:\/\/intl.phonak.com\/sr-rs\/\",\"logo\":{\"@type\":\"ImageObject\",\"inLanguage\":\"sr-RS\",\"@id\":\"https:\/\/intl.phonak.com\/sr-rs\/#\/schema\/logo\/image\/\",\"url\":\"https:\/\/intl.phonak.com\/sr-rs\/wp-content\/uploads\/sites\/70\/2025\/07\/logo-phonak.svg\",\"contentUrl\":\"https:\/\/intl.phonak.com\/sr-rs\/wp-content\/uploads\/sites\/70\/2025\/07\/logo-phonak.svg\",\"caption\":\"Phonak - Srbija\"},\"image\":{\"@id\":\"https:\/\/intl.phonak.com\/sr-rs\/#\/schema\/logo\/image\/\"}}]}<\/script>\n<!-- \/ Yoast SEO plugin. -->","yoast_head_json":{"title":"Obave\u0161tenje o privatnosti kola\u010dic\u0301a - Phonak - Srbija","robots":{"index":"index","follow":"follow","max-snippet":"max-snippet:-1","max-image-preview":"max-image-preview:large","max-video-preview":"max-video-preview:-1"},"canonical":"https:\/\/intl.phonak.com\/main-english\/cookie-privacy-notice\/","og_locale":"sr_RS","og_type":"article","og_title":"Obave\u0161tenje o privatnosti kola\u010dic\u0301a - Phonak - Srbija","og_description":"Va\u017ei od: januar 2025 A. \u0160TA SU KOLA\u010cI\u0106I I DRUGI ALATI ZA PRA\u0106ENJE? Kola\u010di\u0107i su male datoteke koje \u010duva ve\u0107ina...","og_url":"https:\/\/intl.phonak.com\/sr-rs\/kolacic-o-privatnosti\/","og_site_name":"Phonak - Srbija","article_modified_time":"2025-08-28T08:49:16+00:00","twitter_card":"summary_large_image","twitter_misc":{"Est. reading time":"3 minutes"},"schema":{"@context":"https:\/\/schema.org","@graph":[{"@type":"WebPage","@id":"https:\/\/intl.phonak.com\/sr-rs\/kolacic-o-privatnosti\/","url":"https:\/\/intl.phonak.com\/sr-rs\/kolacic-o-privatnosti\/","name":"Obave\u0161tenje o privatnosti kola\u010dic\u0301a - Phonak - Srbija","isPartOf":{"@id":"https:\/\/intl.phonak.com\/sr-rs\/#website"},"datePublished":"2022-12-16T15:11:36+00:00","dateModified":"2025-08-28T08:49:16+00:00","breadcrumb":{"@id":"https:\/\/intl.phonak.com\/sr-rs\/kolacic-o-privatnosti\/#breadcrumb"},"inLanguage":"sr-RS","potentialAction":[{"@type":"ReadAction","target":["https:\/\/intl.phonak.com\/sr-rs\/kolacic-o-privatnosti\/"]}]},{"@type":"BreadcrumbList","@id":"https:\/\/intl.phonak.com\/sr-rs\/kolacic-o-privatnosti\/#breadcrumb","itemListElement":[{"@type":"ListItem","position":1,"name":"Home","item":"https:\/\/intl.phonak.com\/sr-rs\/"},{"@type":"ListItem","position":2,"name":"Kolacic o privatnosti"}]},{"@type":"WebSite","@id":"https:\/\/intl.phonak.com\/sr-rs\/#website","url":"https:\/\/intl.phonak.com\/sr-rs\/","name":"Phonak - Srbija","description":"Posvec\u0301eni promeni \u017eivota","publisher":{"@id":"https:\/\/intl.phonak.com\/sr-rs\/#organization"},"potentialAction":[{"@type":"SearchAction","target":{"@type":"EntryPoint","urlTemplate":"https:\/\/intl.phonak.com\/sr-rs\/?s={search_term_string}"},"query-input":{"@type":"PropertyValueSpecification","valueRequired":true,"valueName":"search_term_string"}}],"inLanguage":"sr-RS"},{"@type":"Organization","@id":"https:\/\/intl.phonak.com\/sr-rs\/#organization","name":"Phonak - Srbija","url":"https:\/\/intl.phonak.com\/sr-rs\/","logo":{"@type":"ImageObject","inLanguage":"sr-RS","@id":"https:\/\/intl.phonak.com\/sr-rs\/#\/schema\/logo\/image\/","url":"https:\/\/intl.phonak.com\/sr-rs\/wp-content\/uploads\/sites\/70\/2025\/07\/logo-phonak.svg","contentUrl":"https:\/\/intl.phonak.com\/sr-rs\/wp-content\/uploads\/sites\/70\/2025\/07\/logo-phonak.svg","caption":"Phonak - Srbija"},"image":{"@id":"https:\/\/intl.phonak.com\/sr-rs\/#\/schema\/logo\/image\/"}}]}},"jetpack_sharing_enabled":true,"distributor_meta":false,"distributor_terms":false,"distributor_media":false,"distributor_original_site_name":"Phonak - Srbija","distributor_original_site_url":"https:\/\/intl.phonak.com\/sr-rs","push-errors":false,"_links":{"self":[{"href":"https:\/\/intl.phonak.com\/sr-rs\/wp-json\/wp\/v2\/pages\/328","targetHints":{"allow":["GET"]}}],"collection":[{"href":"https:\/\/intl.phonak.com\/sr-rs\/wp-json\/wp\/v2\/pages"}],"about":[{"href":"https:\/\/intl.phonak.com\/sr-rs\/wp-json\/wp\/v2\/types\/page"}],"author":[{"embeddable":true,"href":"https:\/\/intl.phonak.com\/sr-rs\/wp-json\/wp\/v2\/users\/4"}],"replies":[{"embeddable":true,"href":"https:\/\/intl.phonak.com\/sr-rs\/wp-json\/wp\/v2\/comments?post=328"}],"version-history":[{"count":5,"href":"https:\/\/intl.phonak.com\/sr-rs\/wp-json\/wp\/v2\/pages\/328\/revisions"}],"predecessor-version":[{"id":905,"href":"https:\/\/intl.phonak.com\/sr-rs\/wp-json\/wp\/v2\/pages\/328\/revisions\/905"}],"wp:attachment":[{"href":"https:\/\/intl.phonak.com\/sr-rs\/wp-json\/wp\/v2\/media?parent=328"}],"curies":[{"name":"wp","href":"https:\/\/api.w.org\/{rel}","templated":true}]}}