{"id":318,"date":"2021-11-18T15:12:00","date_gmt":"2021-11-18T15:12:00","guid":{"rendered":"https:\/\/intl.phonak.com\/sr-rs\/hearing-loss\/"},"modified":"2025-08-15T08:04:25","modified_gmt":"2025-08-15T08:04:25","slug":"gubitak-sluha","status":"publish","type":"page","link":"https:\/\/intl.phonak.com\/sr-rs\/gubitak-sluha\/","title":{"rendered":"Gubitak sluha"},"content":{"rendered":"\n<div class=\"wp-block-cover alignfull\"><span aria-hidden=\"true\" class=\"wp-block-cover__background has-light-grey-background-color has-background-dim-60 has-background-dim\"><\/span><img decoding=\"async\" class=\"wp-block-cover__image-background wp-image-4769\" alt=\"\" src=\"https:\/\/intl.phonak.com\/sr-rs\/wp-content\/uploads\/sites\/3\/2022\/02\/Banner-hearing-loss.jpg\" style=\"object-position:56% 51%\" data-object-fit=\"cover\" data-object-position=\"56% 51%\"\/><div class=\"wp-block-cover__inner-container is-layout-flow wp-block-cover-is-layout-flow\">\n<h1 class=\"wp-block-heading has-text-align-center has-grey-500-color has-text-color\" id=\"signs-of-hearing-loss-1\">Znaci gubitka sluha<\/h1>   \n<p class=\"has-text-align-center has-grey-500-color has-text-color has-lead-font-size\">Kako otkriti gubitak sluha<\/p>\n<\/div><\/div>   \n<h2 class=\"wp-block-heading has-text-align-center\" id=\"what-are-the-signs-and-symptoms-of-hearing-loss\">Koji su znaci i simptomi gubitka sluha?<\/h2>   \n<p class=\"has-text-align-center\">Na\u0161e u\u0161i su uvek uklju\u010dene, ba\u0161 kao i zvuci oko nas. Mobilni telefoni zvone, ljudi \u0107askaju, psi laju, saobra\u0107ajna tutnjava, cvrkut ptica &#8211; toliko toga se de\u0161ava. Na\u0161 mozak nam omogu\u0107ava da identifikujemo i interpretiramo razli\u010dite zvukove i da se fokusiramo na ono \u0161to \u017eelimo da \u010dujemo. Mo\u017ee odmah prepoznati glas voljene osobe ili vam omogu\u0107ava da tiho pro\u010ditate knjigu bez prepoznavanja pozadinskih zvukova.<\/p>   \n<p class=\"has-text-align-center\">Ali ponekad, to ne funkcioni\u0161e na taj na\u010din. Ponekad, na\u0161 mozak ne mo\u017ee da identifikuje zvuk jer na\u0161e u\u0161i ne mogu da ga \u010duju za po\u010detak!<\/p>   \n<p class=\"has-text-align-center\">Da li ste svesni zvukova koje ne mo\u017eete da \u010dujete?<\/p>   \n<div style=\"height:60px\" aria-hidden=\"true\" class=\"wp-block-spacer\"><\/div>   \n<h3 class=\"wp-block-heading has-text-align-center has-blue-color has-text-color\" id=\"signs-of-hearing-loss\">Znaci gubitka sluha<\/h3>   \n<p class=\"has-text-align-center\">Gubitak sluha ne zna\u010di samo da neko ima problema sa slu\u0161anjem mekih zvukova. Umesto toga, \u010de\u0161\u0107e je, posebno kod gubitka sluha povezanog sa starenjem, da se prvo uti\u010de na sposobnost da se \u010duju visoki zvukovi. Na primer, prvi zvuci koje neko mo\u017eda ne\u0107e mo\u0107i da \u010duje tako dobro su cvrkut ptica i \u017eenski ili de\u010diji glasovi. Gubitak sluha tako\u0111e smanjuje sposobnost da \u010duje odre\u0111ene suglasnike u govoru, \u0161to mo\u017ee ote\u017eati osobi sa gubitkom sluha da prati razgovore. U zavisnosti od uzroka i vrste gubitka sluha, tako\u0111e je mogu\u0107e imati pote\u0161ko\u0107a sa sluhom srednjih ili \u010dak niskih frekvencija, ili ravnomerno na svim frekvencijama. Jo\u0161 jedan znak gubitka sluha mo\u017ee biti Tinitus<\/p>   \n<div style=\"height:64px\" aria-hidden=\"true\" class=\"wp-block-spacer\"><\/div>   \n<h3 class=\"wp-block-heading has-text-align-center has-blue-color has-text-color\" id=\"take-the-first-step-1\">To je znak<\/h3>   \n<p class=\"has-text-align-left\"><strong>Slede\u0107a pitanja \u0107e vam pomo\u0107i da shvatite da li pokazujete simptome gubitka sluha:<\/strong><\/p>   <div class=\"wp-block-columns is-layout-flex wp-container-core-columns-is-layout-9d6595d7 wp-block-columns-is-layout-flex\">\n<div class=\"wp-block-column is-layout-flow wp-block-column-is-layout-flow\" style=\"flex-basis:66.66%\"><div class=\"wp-list-block\">\n<ul class=\"wp-block-list\">\n<li>Da li ljudi izgleda da mrmljaju?<\/li>   <li>Da li morate da poja\u010date ja\u010dinu zvuka na TV-u ili radiju?<\/li>   <li>Da li vam je lak\u0161e razumeti mu\u0161ki glas u pore\u0111enju sa \u017eenskim ili de\u010djim glasom?<\/li>   <li>Da li vam je te\u0161ko \u010duti zvono na vratima ili zvono telefona?<\/li>   <li>Kada ste u grupi ili u prepunom restoranu, da li vam je te\u0161ko da pratite razgovor?<\/li>   <li>Da li ste skloni da ograni\u010dite svoje dru\u0161tvene aktivnosti jer je te\u0161ko \u010duti i komunicirati?<\/li>   <li>Da li je neko vama blizak spomenuo da mo\u017eda imate problema sa sluhom?<\/li>\n<\/ul>\n<\/div><\/div>   \n<div class=\"wp-block-column is-vertically-aligned-center is-layout-flow wp-block-column-is-layout-flow\" style=\"flex-basis:33.33%\">\n<figure class=\"wp-block-image size-large\"><img decoding=\"async\" src=\"https:\/\/intl.phonak.com\/sr-rs\/wp-content\/uploads\/sites\/3\/2023\/12\/Hearing-loss_GenericIndoorsPC_01.jpg?w=329\" alt=\"Happy couple\" class=\"wp-image-7274\"\/><\/figure>   <p><\/p>\n<\/div>\n<\/div>   \n<div class=\"wp-block-group alignfull has-light-grey-background-color has-background is-layout-flow wp-block-group-is-layout-flow\">\n<div class=\"wp-block-group is-style-align-small is-layout-flow wp-block-group-is-layout-flow\">\n<p class=\"has-text-align-center\">Ako ste odgovorili &#8220;<strong>da<\/strong>&#8221; na jedno ili vi\u0161e pitanja, savetujemo vam da va\u0161u sposobnost sluha proceni stru\u010dnjak za slu\u0161nu negu. Mo\u017eete prona\u0107i sertifikovanog audiologa, stru\u010dnjaka za slu\u0161nu negu ili kliniku u va\u0161em podru\u010dju sa na\u0161im stru\u010dnim pretra\u017eiva\u010dem.<\/p>   <p><\/p>   \n<p class=\"has-text-align-center\">Da biste odmah dobili indikaciju svoje slu\u0161ne sposobnosti, mo\u017eete probati i na\u0161 online test sluha.<\/p>   <div class=\"wp-block-buttons is-layout-flex wp-block-buttons-is-layout-flex\">\n<div class=\"wp-block-button aligncenter\"><a class=\"wp-block-button__link wp-element-button\" href=\"https:\/\/hearing-screener.beyondhearing.org\/phonaksrbija\/FGTb1m\" target=\"_blank\" rel=\"noreferrer noopener\">Online test sluha<\/a><\/div>\n<\/div>\n<\/div>\n<\/div>   \n<div style=\"height:55px\" aria-hidden=\"true\" class=\"wp-block-spacer\"><\/div>   \n<p class=\"has-text-align-center\"><a href=\"https:\/\/intl.phonak.com\/sr-rs\/gubitak-sluha\/phonak-dobar-sluh-je-dobro-zdravlje\/\">Saznajte za\u0161to je dobro saslu\u0161anje toliko va\u017eno za va\u0161e blagostanje<\/a><\/p>   \n<div style=\"height:55px\" aria-hidden=\"true\" class=\"wp-block-spacer\"><\/div>   \n<div class=\"wp-block-media-text is-stacked-on-mobile cta-block\" style=\"grid-template-columns:35% auto\"><figure class=\"wp-block-media-text__media\"><img decoding=\"async\" src=\"https:\/\/intl.phonak.com\/main-english\/wp-content\/uploads\/sites\/3\/2021\/11\/cta-image.jpg?w=401\" alt=\"\" class=\"wp-image-6738 size-full\"\/><\/figure><div class=\"wp-block-media-text__content\">\n<div class=\"wp-block-create-block-icon-selector\"><i class=\"fal fa-map-marker-alt\"><\/i><\/div>   \n<h3 class=\"wp-block-heading\">Sluh stru\u010dnjaka u va\u0161oj blizini<\/h3>   <p>Stru\u010dnjaci za slu\u0161nu negu mogu vam pomo\u0107i da napravite izbor koji je savr\u0161en za vas. Oni \u0107e razmotriti va\u0161e potrebe za sluhom, va\u0161 bud\u017eet, va\u0161 \u017eivotni stil i va\u0161e individualne preferencije sluha. <\/p>   <div class=\"wp-block-buttons is-layout-flex wp-block-buttons-is-layout-flex\">\n<div class=\"wp-block-button is-style-marker-green\"><a class=\"wp-block-button__link wp-element-button\" href=\"https:\/\/intl.phonak.com\/sr-rs\/pronadi-slusnog-alusticara\/\">Prona\u0111i slusnog alusticara<\/a><\/div>\n<\/div>\n<\/div><\/div> ","protected":false},"excerpt":{"rendered":"<p>Koji su znaci i simptomi gubitka sluha? Na\u0161e u\u0161i su uvek uklju\u010dene, ba\u0161 kao i zvuci oko nas. Mobilni telefoni&#8230;<\/p>\n","protected":false},"author":5,"featured_media":0,"parent":0,"menu_order":0,"comment_status":"closed","ping_status":"closed","template":"","meta":{"_acf_changed":false,"inline_featured_image":false,"footnotes":""},"class_list":["post-318","page","type-page","status-publish","hentry"],"acf":[],"yoast_head":"<!-- This site is optimized with the Yoast SEO plugin v26.9 - https:\/\/yoast.com\/product\/yoast-seo-wordpress\/ -->\n<title>Gubitak sluha - Phonak - Srbija<\/title>\n<meta name=\"robots\" content=\"index, follow, max-snippet:-1, max-image-preview:large, max-video-preview:-1\" \/>\n<link rel=\"canonical\" href=\"https:\/\/intl.phonak.com\/main-english\/hearing-loss\/\" \/>\n<meta property=\"og:locale\" content=\"sr_RS\" \/>\n<meta property=\"og:type\" content=\"article\" \/>\n<meta property=\"og:title\" content=\"Gubitak sluha - Phonak - Srbija\" \/>\n<meta property=\"og:description\" content=\"Koji su znaci i simptomi gubitka sluha? Na\u0161e u\u0161i su uvek uklju\u010dene, ba\u0161 kao i zvuci oko nas. Mobilni telefoni...\" \/>\n<meta property=\"og:url\" content=\"https:\/\/intl.phonak.com\/sr-rs\/gubitak-sluha\/\" \/>\n<meta property=\"og:site_name\" content=\"Phonak - Srbija\" \/>\n<meta property=\"article:modified_time\" content=\"2025-08-15T08:04:25+00:00\" \/>\n<meta name=\"twitter:card\" content=\"summary_large_image\" \/>\n<meta name=\"twitter:label1\" content=\"Est. reading time\" \/>\n\t<meta name=\"twitter:data1\" content=\"5 minutes\" \/>\n<script type=\"application\/ld+json\" class=\"yoast-schema-graph\">{\"@context\":\"https:\/\/schema.org\",\"@graph\":[{\"@type\":\"WebPage\",\"@id\":\"https:\/\/intl.phonak.com\/sr-rs\/gubitak-sluha\/\",\"url\":\"https:\/\/intl.phonak.com\/sr-rs\/gubitak-sluha\/\",\"name\":\"Gubitak sluha - Phonak - Srbija\",\"isPartOf\":{\"@id\":\"https:\/\/intl.phonak.com\/sr-rs\/#website\"},\"primaryImageOfPage\":{\"@id\":\"https:\/\/intl.phonak.com\/sr-rs\/gubitak-sluha\/#primaryimage\"},\"image\":{\"@id\":\"https:\/\/intl.phonak.com\/sr-rs\/gubitak-sluha\/#primaryimage\"},\"thumbnailUrl\":\"https:\/\/intl.phonak.com\/sr-rs\/wp-content\/uploads\/sites\/3\/2022\/02\/Banner-hearing-loss.jpg\",\"datePublished\":\"2021-11-18T15:12:00+00:00\",\"dateModified\":\"2025-08-15T08:04:25+00:00\",\"breadcrumb\":{\"@id\":\"https:\/\/intl.phonak.com\/sr-rs\/gubitak-sluha\/#breadcrumb\"},\"inLanguage\":\"sr-RS\",\"potentialAction\":[{\"@type\":\"ReadAction\",\"target\":[\"https:\/\/intl.phonak.com\/sr-rs\/gubitak-sluha\/\"]}]},{\"@type\":\"ImageObject\",\"inLanguage\":\"sr-RS\",\"@id\":\"https:\/\/intl.phonak.com\/sr-rs\/gubitak-sluha\/#primaryimage\",\"url\":\"\",\"contentUrl\":\"\"},{\"@type\":\"BreadcrumbList\",\"@id\":\"https:\/\/intl.phonak.com\/sr-rs\/gubitak-sluha\/#breadcrumb\",\"itemListElement\":[{\"@type\":\"ListItem\",\"position\":1,\"name\":\"Home\",\"item\":\"https:\/\/intl.phonak.com\/sr-rs\/\"},{\"@type\":\"ListItem\",\"position\":2,\"name\":\"Gubitak sluha\"}]},{\"@type\":\"WebSite\",\"@id\":\"https:\/\/intl.phonak.com\/sr-rs\/#website\",\"url\":\"https:\/\/intl.phonak.com\/sr-rs\/\",\"name\":\"Phonak - Srbija\",\"description\":\"Posvec\u0301eni promeni \u017eivota\",\"publisher\":{\"@id\":\"https:\/\/intl.phonak.com\/sr-rs\/#organization\"},\"potentialAction\":[{\"@type\":\"SearchAction\",\"target\":{\"@type\":\"EntryPoint\",\"urlTemplate\":\"https:\/\/intl.phonak.com\/sr-rs\/?s={search_term_string}\"},\"query-input\":{\"@type\":\"PropertyValueSpecification\",\"valueRequired\":true,\"valueName\":\"search_term_string\"}}],\"inLanguage\":\"sr-RS\"},{\"@type\":\"Organization\",\"@id\":\"https:\/\/intl.phonak.com\/sr-rs\/#organization\",\"name\":\"Phonak - Srbija\",\"url\":\"https:\/\/intl.phonak.com\/sr-rs\/\",\"logo\":{\"@type\":\"ImageObject\",\"inLanguage\":\"sr-RS\",\"@id\":\"https:\/\/intl.phonak.com\/sr-rs\/#\/schema\/logo\/image\/\",\"url\":\"https:\/\/intl.phonak.com\/sr-rs\/wp-content\/uploads\/sites\/70\/2025\/07\/logo-phonak.svg\",\"contentUrl\":\"https:\/\/intl.phonak.com\/sr-rs\/wp-content\/uploads\/sites\/70\/2025\/07\/logo-phonak.svg\",\"caption\":\"Phonak - Srbija\"},\"image\":{\"@id\":\"https:\/\/intl.phonak.com\/sr-rs\/#\/schema\/logo\/image\/\"}}]}<\/script>\n<!-- \/ Yoast SEO plugin. -->","yoast_head_json":{"title":"Gubitak sluha - Phonak - Srbija","robots":{"index":"index","follow":"follow","max-snippet":"max-snippet:-1","max-image-preview":"max-image-preview:large","max-video-preview":"max-video-preview:-1"},"canonical":"https:\/\/intl.phonak.com\/main-english\/hearing-loss\/","og_locale":"sr_RS","og_type":"article","og_title":"Gubitak sluha - Phonak - Srbija","og_description":"Koji su znaci i simptomi gubitka sluha? Na\u0161e u\u0161i su uvek uklju\u010dene, ba\u0161 kao i zvuci oko nas. Mobilni telefoni...","og_url":"https:\/\/intl.phonak.com\/sr-rs\/gubitak-sluha\/","og_site_name":"Phonak - Srbija","article_modified_time":"2025-08-15T08:04:25+00:00","twitter_card":"summary_large_image","twitter_misc":{"Est. reading time":"5 minutes"},"schema":{"@context":"https:\/\/schema.org","@graph":[{"@type":"WebPage","@id":"https:\/\/intl.phonak.com\/sr-rs\/gubitak-sluha\/","url":"https:\/\/intl.phonak.com\/sr-rs\/gubitak-sluha\/","name":"Gubitak sluha - Phonak - Srbija","isPartOf":{"@id":"https:\/\/intl.phonak.com\/sr-rs\/#website"},"primaryImageOfPage":{"@id":"https:\/\/intl.phonak.com\/sr-rs\/gubitak-sluha\/#primaryimage"},"image":{"@id":"https:\/\/intl.phonak.com\/sr-rs\/gubitak-sluha\/#primaryimage"},"thumbnailUrl":"https:\/\/intl.phonak.com\/sr-rs\/wp-content\/uploads\/sites\/3\/2022\/02\/Banner-hearing-loss.jpg","datePublished":"2021-11-18T15:12:00+00:00","dateModified":"2025-08-15T08:04:25+00:00","breadcrumb":{"@id":"https:\/\/intl.phonak.com\/sr-rs\/gubitak-sluha\/#breadcrumb"},"inLanguage":"sr-RS","potentialAction":[{"@type":"ReadAction","target":["https:\/\/intl.phonak.com\/sr-rs\/gubitak-sluha\/"]}]},{"@type":"ImageObject","inLanguage":"sr-RS","@id":"https:\/\/intl.phonak.com\/sr-rs\/gubitak-sluha\/#primaryimage","url":"","contentUrl":""},{"@type":"BreadcrumbList","@id":"https:\/\/intl.phonak.com\/sr-rs\/gubitak-sluha\/#breadcrumb","itemListElement":[{"@type":"ListItem","position":1,"name":"Home","item":"https:\/\/intl.phonak.com\/sr-rs\/"},{"@type":"ListItem","position":2,"name":"Gubitak sluha"}]},{"@type":"WebSite","@id":"https:\/\/intl.phonak.com\/sr-rs\/#website","url":"https:\/\/intl.phonak.com\/sr-rs\/","name":"Phonak - Srbija","description":"Posvec\u0301eni promeni \u017eivota","publisher":{"@id":"https:\/\/intl.phonak.com\/sr-rs\/#organization"},"potentialAction":[{"@type":"SearchAction","target":{"@type":"EntryPoint","urlTemplate":"https:\/\/intl.phonak.com\/sr-rs\/?s={search_term_string}"},"query-input":{"@type":"PropertyValueSpecification","valueRequired":true,"valueName":"search_term_string"}}],"inLanguage":"sr-RS"},{"@type":"Organization","@id":"https:\/\/intl.phonak.com\/sr-rs\/#organization","name":"Phonak - Srbija","url":"https:\/\/intl.phonak.com\/sr-rs\/","logo":{"@type":"ImageObject","inLanguage":"sr-RS","@id":"https:\/\/intl.phonak.com\/sr-rs\/#\/schema\/logo\/image\/","url":"https:\/\/intl.phonak.com\/sr-rs\/wp-content\/uploads\/sites\/70\/2025\/07\/logo-phonak.svg","contentUrl":"https:\/\/intl.phonak.com\/sr-rs\/wp-content\/uploads\/sites\/70\/2025\/07\/logo-phonak.svg","caption":"Phonak - Srbija"},"image":{"@id":"https:\/\/intl.phonak.com\/sr-rs\/#\/schema\/logo\/image\/"}}]}},"jetpack_sharing_enabled":true,"distributor_meta":false,"distributor_terms":false,"distributor_media":false,"distributor_original_site_name":"Phonak - Srbija","distributor_original_site_url":"https:\/\/intl.phonak.com\/sr-rs","push-errors":false,"_links":{"self":[{"href":"https:\/\/intl.phonak.com\/sr-rs\/wp-json\/wp\/v2\/pages\/318","targetHints":{"allow":["GET"]}}],"collection":[{"href":"https:\/\/intl.phonak.com\/sr-rs\/wp-json\/wp\/v2\/pages"}],"about":[{"href":"https:\/\/intl.phonak.com\/sr-rs\/wp-json\/wp\/v2\/types\/page"}],"author":[{"embeddable":true,"href":"https:\/\/intl.phonak.com\/sr-rs\/wp-json\/wp\/v2\/users\/5"}],"replies":[{"embeddable":true,"href":"https:\/\/intl.phonak.com\/sr-rs\/wp-json\/wp\/v2\/comments?post=318"}],"version-history":[{"count":8,"href":"https:\/\/intl.phonak.com\/sr-rs\/wp-json\/wp\/v2\/pages\/318\/revisions"}],"predecessor-version":[{"id":839,"href":"https:\/\/intl.phonak.com\/sr-rs\/wp-json\/wp\/v2\/pages\/318\/revisions\/839"}],"wp:attachment":[{"href":"https:\/\/intl.phonak.com\/sr-rs\/wp-json\/wp\/v2\/media?parent=318"}],"curies":[{"name":"wp","href":"https:\/\/api.w.org\/{rel}","templated":true}]}}