{"id":315,"date":"2021-11-30T14:36:50","date_gmt":"2021-11-30T14:36:50","guid":{"rendered":"https:\/\/intl.phonak.com\/sr-rs\/hearing-aid-customization\/"},"modified":"2025-08-15T07:28:18","modified_gmt":"2025-08-15T07:28:18","slug":"prilagodavanje-slusnih-aparata","status":"publish","type":"page","link":"https:\/\/intl.phonak.com\/sr-rs\/gubitak-sluha\/prilagodavanje-slusnih-aparata\/","title":{"rendered":"Prilago\u0111avanje slu\u0161nog aparata"},"content":{"rendered":"\n<div class=\"wp-block-cover alignfull is-light\"><img decoding=\"async\" class=\"wp-block-cover__image-background wp-image-5329\" alt=\"\" src=\"https:\/\/intl.phonak.com\/sr-rs\/wp-content\/uploads\/sites\/3\/2022\/03\/Banner-01.jpg\" style=\"object-position:16% 56%\" data-object-fit=\"cover\" data-object-position=\"16% 56%\"\/><span aria-hidden=\"true\" class=\"wp-block-cover__background has-light-grey-background-color has-background-dim\"><\/span><div class=\"wp-block-cover__inner-container is-layout-flow wp-block-cover-is-layout-flow\">\n<h1 class=\"wp-block-heading has-text-align-center has-dark-grey-color has-text-color\" id=\"your-personal-hearing-aid\">Va\u0161 li\u010dni slu\u0161ni aparat<\/h1>\n\n\n\n<p class=\"has-text-align-center margin-bottom-0 is-style-default has-dark-grey-color has-text-color has-lead-font-size\">Pode\u0161avanje slu\u0161nog aparata vr\u0161i se u nekoliko koraka kako bi odgovaralo va\u0161em gubitku sluha, obliku uha i va\u0161im slu\u0161nim navikama.<\/p>\n<\/div><\/div>\n\n\n\n<div class=\"wp-block-group is-style-align-small is-layout-flow wp-block-group-is-layout-flow\" style=\"padding-top:0px\">\n<h3 class=\"wp-block-heading has-text-align-center has-blue-color has-text-color\" id=\"get-to-know-your-hearing-aid\">Upoznajte svoj slu\u0161ni aparat<\/h3>\n\n\n\n<p class=\"has-text-align-center\">Stru\u010dnjak za slu\u0161nu negu \u0107e vam dati detaljna uputstva: Kako umetnuti ure\u0111aj, kako ga koristiti i kako kontrolisati ja\u010dinu zvuka. On ili ona \u0107e vam tako\u0111e objasniti odr\u017eavanje, kako zameniti baterije, \u010di\u0161\u0107enje i su\u0161enje ure\u0111aja. Kona\u010dno, sazna\u0107ete vi\u0161e kako va\u0161 slu\u0161ni aparat reaguje u razli\u010ditim slu\u0161nim situacijama. Sada mo\u017eete da odnesete svoja nova slu\u0161na pomagala ku\u0107i.<\/p>\n<\/div>\n\n\n\n<div class=\"wp-block-group alignfull has-light-grey-background-color has-background is-layout-flow wp-block-group-is-layout-flow\">\n<div class=\"wp-block-group is-style-align-small is-layout-flow wp-block-group-is-layout-flow\">\n<h3 class=\"wp-block-heading has-text-align-center has-blue-color has-text-color\" id=\"first-days-with-your-new-hearing-aid\">Prvi dani sa novim slu\u0161nim aparatom<\/h3>\n\n\n\n<p class=\"has-text-align-center\">Tokom prvih nekoliko dana trebalo bi da se upoznate sa svojim novim slu\u0161nim aparatom. U po\u010detku, trebalo bi da ga nosite nekoliko sati dnevno u poznatom okru\u017eenju. Neke stvari vam mogu izgledati \u010dudno tokom ovog vremena. Najbolji na\u010din da istra\u017eite novi ose\u0107aj sluha je da razgovarate sa ljudima ili gledate televiziju. Va\u0161 glas vam mo\u017ee zvu\u010dati \u010dudno ili preglasno, jer ste mo\u017eda razvili naviku da govorite preglasno da biste \u010duli svoj glas. Ve\u017ebajte govor mek\u0161e. Zapi\u0161ite svoja iskustva &#8211; to \u0107e pomo\u0107i va\u0161em stru\u010dnjaku za slu\u0161nu negu da fino pode\u0161ava va\u0161u pomo\u0107.<\/p>\n\n\n\n<p class=\"has-text-align-center\"><a href=\"https:\/\/intl.phonak.com\/sr-rs\/gubitak-sluha\/slusni-aparat-odrzavanje\/\">Dobijte dodatnu podr\u0161ku od na\u0161ih video snimaka o odr\u017eavanju slu\u0161nog aparata<\/a><\/p>\n<\/div>\n<\/div>\n\n\n\n<div class=\"wp-block-group is-style-align-small is-layout-flow wp-block-group-is-layout-flow\">\n<h3 class=\"wp-block-heading has-text-align-center has-blue-color has-text-color\" id=\"final-adjustment-by-your-hearing-care-professional\">Kona\u010dno pode\u0161avanje od strane va\u0161eg stru\u010dnjaka za slu\u0161nu negu<\/h3>\n\n\n\n<p class=\"has-text-align-center\">Sada \u0107ete imati priliku da razgovarate o svojim prvim iskustvima sa svojim stru\u010dnjakom za slu\u0161nu negu. Va\u0161 slu\u0161ni aparat \u0107e tada biti prilago\u0111en va\u0161im specifi\u010dnim potrebama. Specijalista \u0107e odgovoriti na sva va\u0161a pitanja i dati vam op\u0161te savete. Va\u0161 slu\u0161ni aparat se mo\u017ee prilagoditi na ovom sastanku kako bi se dodatno pobolj\u0161ala va\u0161a udobnost i razumevanje govora.<\/p>\n\n\n\n<p class=\"has-text-align-center\">Sada \u0107ete u\u0107i u fazu u kojoj ste u mogu\u0107nosti da povratite malo kvaliteta \u017eivota svaki dan. Nastavite da koristite slu\u0161ni aparat nekoliko sati dnevno. Samo polako. Nau\u010di\u0107ete kako najbolje iskoristiti svoj slu\u0161ni aparat i uskoro \u0107ete u\u017eivati u svim prednostima koje nudi.<\/p>\n\n\n\n<div class=\"wp-block-buttons is-horizontal is-content-justification-center is-layout-flex wp-container-core-buttons-is-layout-499968f5 wp-block-buttons-is-layout-flex\">\n<div class=\"wp-block-button is-style-download\"><a class=\"wp-block-button__link wp-element-button\" href=\"https:\/\/intl.phonak.com\/sr-rs\/wp-content\/uploads\/sites\/3\/2024\/10\/PH_Pamphlet_ReviveYourHearingPreviewIntl_94x210_EN_028-0776-02.pdf\" target=\"_blank\" rel=\"noreferrer noopener\">O\u017eivite svoj sluh<\/a><\/div>\n<\/div>\n<\/div>\n\n\n\n<p class=\"has-text-align-center\"><a href=\"https:\/\/intl.phonak.com\/sr-rs\/resenja\/\">Saznajte vi\u0161e o slu\u0161nim re\u0161enjima<\/a><\/p>\n\n\n\n<div class=\"wp-block-media-text is-stacked-on-mobile cta-block\" style=\"grid-template-columns:35% auto\"><figure class=\"wp-block-media-text__media\"><img decoding=\"async\" src=\"https:\/\/intl.phonak.com\/main-english\/wp-content\/uploads\/sites\/3\/2021\/11\/cta-image.jpg?w=401\" alt=\"\" class=\"wp-image-6738 size-full\"\/><\/figure><div class=\"wp-block-media-text__content\">\n<div class=\"wp-block-create-block-icon-selector\"><i class=\"fal fa-map-marker-alt\"><\/i><\/div>   \n<h3 class=\"wp-block-heading\">Sluh stru\u010dnjaka u va\u0161oj blizini<\/h3>   <p>Stru\u010dnjaci za slu\u0161nu negu mogu vam pomo\u0107i da napravite izbor koji je savr\u0161en za vas. Oni \u0107e razmotriti va\u0161e potrebe za sluhom, va\u0161 bud\u017eet, va\u0161 \u017eivotni stil i va\u0161e individualne preferencije sluha. <\/p>   <div class=\"wp-block-buttons is-layout-flex wp-block-buttons-is-layout-flex\">\n<div class=\"wp-block-button is-style-marker-green\"><a class=\"wp-block-button__link wp-element-button\" href=\"https:\/\/intl.phonak.com\/sr-rs\/pronadi-slusnog-alusticara\/\">Prona\u0111i slusnog alusticara<\/a><\/div>\n<\/div>\n<\/div><\/div> ","protected":false},"excerpt":{"rendered":"<p>Upoznajte svoj slu\u0161ni aparat Stru\u010dnjak za slu\u0161nu negu \u0107e vam dati detaljna uputstva: Kako umetnuti ure\u0111aj, kako ga koristiti i&#8230;<\/p>\n","protected":false},"author":5,"featured_media":0,"parent":318,"menu_order":0,"comment_status":"closed","ping_status":"closed","template":"","meta":{"_acf_changed":false,"inline_featured_image":false,"footnotes":""},"class_list":["post-315","page","type-page","status-publish","hentry"],"acf":[],"yoast_head":"<!-- This site is optimized with the Yoast SEO plugin v26.9 - https:\/\/yoast.com\/product\/yoast-seo-wordpress\/ -->\n<title>Prilago\u0111avanje slu\u0161nog aparata - Phonak - Srbija<\/title>\n<meta name=\"robots\" content=\"index, follow, max-snippet:-1, max-image-preview:large, max-video-preview:-1\" \/>\n<link rel=\"canonical\" href=\"https:\/\/intl.phonak.com\/main-english\/hearing-loss\/hearing-aid-customization\/\" \/>\n<meta property=\"og:locale\" content=\"sr_RS\" \/>\n<meta property=\"og:type\" content=\"article\" \/>\n<meta property=\"og:title\" content=\"Prilago\u0111avanje slu\u0161nog aparata - Phonak - Srbija\" \/>\n<meta property=\"og:description\" content=\"Upoznajte svoj slu\u0161ni aparat Stru\u010dnjak za slu\u0161nu negu \u0107e vam dati detaljna uputstva: Kako umetnuti ure\u0111aj, kako ga koristiti i...\" \/>\n<meta property=\"og:url\" content=\"https:\/\/intl.phonak.com\/sr-rs\/gubitak-sluha\/prilagodavanje-slusnih-aparata\/\" \/>\n<meta property=\"og:site_name\" content=\"Phonak - Srbija\" \/>\n<meta property=\"article:modified_time\" content=\"2025-08-15T07:28:18+00:00\" \/>\n<meta name=\"twitter:card\" content=\"summary_large_image\" \/>\n<meta name=\"twitter:label1\" content=\"Est. reading time\" \/>\n\t<meta name=\"twitter:data1\" content=\"4 minutes\" \/>\n<script type=\"application\/ld+json\" class=\"yoast-schema-graph\">{\"@context\":\"https:\/\/schema.org\",\"@graph\":[{\"@type\":\"WebPage\",\"@id\":\"https:\/\/intl.phonak.com\/sr-rs\/gubitak-sluha\/prilagodavanje-slusnih-aparata\/\",\"url\":\"https:\/\/intl.phonak.com\/sr-rs\/gubitak-sluha\/prilagodavanje-slusnih-aparata\/\",\"name\":\"Prilago\u0111avanje slu\u0161nog aparata - Phonak - Srbija\",\"isPartOf\":{\"@id\":\"https:\/\/intl.phonak.com\/sr-rs\/#website\"},\"primaryImageOfPage\":{\"@id\":\"https:\/\/intl.phonak.com\/sr-rs\/gubitak-sluha\/prilagodavanje-slusnih-aparata\/#primaryimage\"},\"image\":{\"@id\":\"https:\/\/intl.phonak.com\/sr-rs\/gubitak-sluha\/prilagodavanje-slusnih-aparata\/#primaryimage\"},\"thumbnailUrl\":\"https:\/\/intl.phonak.com\/sr-rs\/wp-content\/uploads\/sites\/3\/2022\/03\/Banner-01.jpg\",\"datePublished\":\"2021-11-30T14:36:50+00:00\",\"dateModified\":\"2025-08-15T07:28:18+00:00\",\"breadcrumb\":{\"@id\":\"https:\/\/intl.phonak.com\/sr-rs\/gubitak-sluha\/prilagodavanje-slusnih-aparata\/#breadcrumb\"},\"inLanguage\":\"sr-RS\",\"potentialAction\":[{\"@type\":\"ReadAction\",\"target\":[\"https:\/\/intl.phonak.com\/sr-rs\/gubitak-sluha\/prilagodavanje-slusnih-aparata\/\"]}]},{\"@type\":\"ImageObject\",\"inLanguage\":\"sr-RS\",\"@id\":\"https:\/\/intl.phonak.com\/sr-rs\/gubitak-sluha\/prilagodavanje-slusnih-aparata\/#primaryimage\",\"url\":\"\",\"contentUrl\":\"\"},{\"@type\":\"BreadcrumbList\",\"@id\":\"https:\/\/intl.phonak.com\/sr-rs\/gubitak-sluha\/prilagodavanje-slusnih-aparata\/#breadcrumb\",\"itemListElement\":[{\"@type\":\"ListItem\",\"position\":1,\"name\":\"Home\",\"item\":\"https:\/\/intl.phonak.com\/sr-rs\/\"},{\"@type\":\"ListItem\",\"position\":2,\"name\":\"Gubitak sluha\",\"item\":\"https:\/\/intl.phonak.com\/sr-rs\/gubitak-sluha\/\"},{\"@type\":\"ListItem\",\"position\":3,\"name\":\"Prilago\u0111avanje slu\u0161nog aparata\"}]},{\"@type\":\"WebSite\",\"@id\":\"https:\/\/intl.phonak.com\/sr-rs\/#website\",\"url\":\"https:\/\/intl.phonak.com\/sr-rs\/\",\"name\":\"Phonak - Srbija\",\"description\":\"Posvec\u0301eni promeni \u017eivota\",\"publisher\":{\"@id\":\"https:\/\/intl.phonak.com\/sr-rs\/#organization\"},\"potentialAction\":[{\"@type\":\"SearchAction\",\"target\":{\"@type\":\"EntryPoint\",\"urlTemplate\":\"https:\/\/intl.phonak.com\/sr-rs\/?s={search_term_string}\"},\"query-input\":{\"@type\":\"PropertyValueSpecification\",\"valueRequired\":true,\"valueName\":\"search_term_string\"}}],\"inLanguage\":\"sr-RS\"},{\"@type\":\"Organization\",\"@id\":\"https:\/\/intl.phonak.com\/sr-rs\/#organization\",\"name\":\"Phonak - Srbija\",\"url\":\"https:\/\/intl.phonak.com\/sr-rs\/\",\"logo\":{\"@type\":\"ImageObject\",\"inLanguage\":\"sr-RS\",\"@id\":\"https:\/\/intl.phonak.com\/sr-rs\/#\/schema\/logo\/image\/\",\"url\":\"https:\/\/intl.phonak.com\/sr-rs\/wp-content\/uploads\/sites\/70\/2025\/07\/logo-phonak.svg\",\"contentUrl\":\"https:\/\/intl.phonak.com\/sr-rs\/wp-content\/uploads\/sites\/70\/2025\/07\/logo-phonak.svg\",\"caption\":\"Phonak - Srbija\"},\"image\":{\"@id\":\"https:\/\/intl.phonak.com\/sr-rs\/#\/schema\/logo\/image\/\"}}]}<\/script>\n<!-- \/ Yoast SEO plugin. -->","yoast_head_json":{"title":"Prilago\u0111avanje slu\u0161nog aparata - Phonak - Srbija","robots":{"index":"index","follow":"follow","max-snippet":"max-snippet:-1","max-image-preview":"max-image-preview:large","max-video-preview":"max-video-preview:-1"},"canonical":"https:\/\/intl.phonak.com\/main-english\/hearing-loss\/hearing-aid-customization\/","og_locale":"sr_RS","og_type":"article","og_title":"Prilago\u0111avanje slu\u0161nog aparata - Phonak - Srbija","og_description":"Upoznajte svoj slu\u0161ni aparat Stru\u010dnjak za slu\u0161nu negu \u0107e vam dati detaljna uputstva: Kako umetnuti ure\u0111aj, kako ga koristiti i...","og_url":"https:\/\/intl.phonak.com\/sr-rs\/gubitak-sluha\/prilagodavanje-slusnih-aparata\/","og_site_name":"Phonak - Srbija","article_modified_time":"2025-08-15T07:28:18+00:00","twitter_card":"summary_large_image","twitter_misc":{"Est. reading time":"4 minutes"},"schema":{"@context":"https:\/\/schema.org","@graph":[{"@type":"WebPage","@id":"https:\/\/intl.phonak.com\/sr-rs\/gubitak-sluha\/prilagodavanje-slusnih-aparata\/","url":"https:\/\/intl.phonak.com\/sr-rs\/gubitak-sluha\/prilagodavanje-slusnih-aparata\/","name":"Prilago\u0111avanje slu\u0161nog aparata - Phonak - Srbija","isPartOf":{"@id":"https:\/\/intl.phonak.com\/sr-rs\/#website"},"primaryImageOfPage":{"@id":"https:\/\/intl.phonak.com\/sr-rs\/gubitak-sluha\/prilagodavanje-slusnih-aparata\/#primaryimage"},"image":{"@id":"https:\/\/intl.phonak.com\/sr-rs\/gubitak-sluha\/prilagodavanje-slusnih-aparata\/#primaryimage"},"thumbnailUrl":"https:\/\/intl.phonak.com\/sr-rs\/wp-content\/uploads\/sites\/3\/2022\/03\/Banner-01.jpg","datePublished":"2021-11-30T14:36:50+00:00","dateModified":"2025-08-15T07:28:18+00:00","breadcrumb":{"@id":"https:\/\/intl.phonak.com\/sr-rs\/gubitak-sluha\/prilagodavanje-slusnih-aparata\/#breadcrumb"},"inLanguage":"sr-RS","potentialAction":[{"@type":"ReadAction","target":["https:\/\/intl.phonak.com\/sr-rs\/gubitak-sluha\/prilagodavanje-slusnih-aparata\/"]}]},{"@type":"ImageObject","inLanguage":"sr-RS","@id":"https:\/\/intl.phonak.com\/sr-rs\/gubitak-sluha\/prilagodavanje-slusnih-aparata\/#primaryimage","url":"","contentUrl":""},{"@type":"BreadcrumbList","@id":"https:\/\/intl.phonak.com\/sr-rs\/gubitak-sluha\/prilagodavanje-slusnih-aparata\/#breadcrumb","itemListElement":[{"@type":"ListItem","position":1,"name":"Home","item":"https:\/\/intl.phonak.com\/sr-rs\/"},{"@type":"ListItem","position":2,"name":"Gubitak sluha","item":"https:\/\/intl.phonak.com\/sr-rs\/gubitak-sluha\/"},{"@type":"ListItem","position":3,"name":"Prilago\u0111avanje slu\u0161nog aparata"}]},{"@type":"WebSite","@id":"https:\/\/intl.phonak.com\/sr-rs\/#website","url":"https:\/\/intl.phonak.com\/sr-rs\/","name":"Phonak - Srbija","description":"Posvec\u0301eni promeni \u017eivota","publisher":{"@id":"https:\/\/intl.phonak.com\/sr-rs\/#organization"},"potentialAction":[{"@type":"SearchAction","target":{"@type":"EntryPoint","urlTemplate":"https:\/\/intl.phonak.com\/sr-rs\/?s={search_term_string}"},"query-input":{"@type":"PropertyValueSpecification","valueRequired":true,"valueName":"search_term_string"}}],"inLanguage":"sr-RS"},{"@type":"Organization","@id":"https:\/\/intl.phonak.com\/sr-rs\/#organization","name":"Phonak - Srbija","url":"https:\/\/intl.phonak.com\/sr-rs\/","logo":{"@type":"ImageObject","inLanguage":"sr-RS","@id":"https:\/\/intl.phonak.com\/sr-rs\/#\/schema\/logo\/image\/","url":"https:\/\/intl.phonak.com\/sr-rs\/wp-content\/uploads\/sites\/70\/2025\/07\/logo-phonak.svg","contentUrl":"https:\/\/intl.phonak.com\/sr-rs\/wp-content\/uploads\/sites\/70\/2025\/07\/logo-phonak.svg","caption":"Phonak - Srbija"},"image":{"@id":"https:\/\/intl.phonak.com\/sr-rs\/#\/schema\/logo\/image\/"}}]}},"jetpack_sharing_enabled":true,"distributor_meta":false,"distributor_terms":false,"distributor_media":false,"distributor_original_site_name":"Phonak - Srbija","distributor_original_site_url":"https:\/\/intl.phonak.com\/sr-rs","push-errors":false,"_links":{"self":[{"href":"https:\/\/intl.phonak.com\/sr-rs\/wp-json\/wp\/v2\/pages\/315","targetHints":{"allow":["GET"]}}],"collection":[{"href":"https:\/\/intl.phonak.com\/sr-rs\/wp-json\/wp\/v2\/pages"}],"about":[{"href":"https:\/\/intl.phonak.com\/sr-rs\/wp-json\/wp\/v2\/types\/page"}],"author":[{"embeddable":true,"href":"https:\/\/intl.phonak.com\/sr-rs\/wp-json\/wp\/v2\/users\/5"}],"replies":[{"embeddable":true,"href":"https:\/\/intl.phonak.com\/sr-rs\/wp-json\/wp\/v2\/comments?post=315"}],"version-history":[{"count":10,"href":"https:\/\/intl.phonak.com\/sr-rs\/wp-json\/wp\/v2\/pages\/315\/revisions"}],"predecessor-version":[{"id":837,"href":"https:\/\/intl.phonak.com\/sr-rs\/wp-json\/wp\/v2\/pages\/315\/revisions\/837"}],"up":[{"embeddable":true,"href":"https:\/\/intl.phonak.com\/sr-rs\/wp-json\/wp\/v2\/pages\/318"}],"wp:attachment":[{"href":"https:\/\/intl.phonak.com\/sr-rs\/wp-json\/wp\/v2\/media?parent=315"}],"curies":[{"name":"wp","href":"https:\/\/api.w.org\/{rel}","templated":true}]}}