{"id":2487,"date":"2021-10-26T15:25:04","date_gmt":"2021-10-26T15:25:04","guid":{"rendered":"https:\/\/intl.phonak.com\/sq-xk\/gjeni-nje-ekspert\/"},"modified":"2026-01-28T14:20:02","modified_gmt":"2026-01-28T14:20:02","slug":"gjeni-nje-ekspert","status":"publish","type":"page","link":"https:\/\/intl.phonak.com\/sq-xk\/gjeni-nje-ekspert\/","title":{"rendered":"Gjeni nje ekspert"},"content":{"rendered":"\n<div class=\"wp-block-cover alignfull is-light\"><span aria-hidden=\"true\" class=\"wp-block-cover__background has-white-background-color has-background-dim-60 has-background-dim\"><\/span><img decoding=\"async\" class=\"wp-block-cover__image-background wp-image-7794\" alt=\"\" src=\"https:\/\/intl.phonak.com\/sq-xk\/wp-content\/uploads\/sites\/3\/2024\/03\/phonak-marvel-rechargeable.jpeg\" data-object-fit=\"cover\"\/><div class=\"wp-block-cover__inner-container is-layout-flow wp-block-cover-is-layout-flow\">\n<h1 class=\"wp-block-heading has-text-align-center\">Ekspert\u00eb t\u00eb d\u00ebgjimit pran\u00eb jush<\/h1>   \n<p class=\"has-text-align-center has-lead-font-size\">Ekspert\u00ebt tan\u00eb shum\u00eb t\u00eb kualifikuar p\u00ebr d\u00ebgjimin jan\u00eb n\u00eb dispozicion p\u00ebr t\u2019iu p\u00ebrgjigjur t\u00eb gjitha pyetjeve tuaja rreth humbjes s\u00eb d\u00ebgjimit dhe zgjidhjes s\u00eb duhur p\u00ebr ju.<\/p>\n<\/div><\/div>   \n<div class=\"locations-block  alignwide\">\n\t<div class=\"grid-x align-center grid-padding-x grid-padding-y\">\n\n\t\t<div class=\"cell small-12 medium-6 hide-for-large\">\n\t\t\t<button class=\"location-toggle flex-container align-spaced align-middle\">\n\t\t\t\t<span class=\"list-view active\">Pamja e list\u00ebs<\/span>\n\t\t\t\t<span class=\"map-view\">Pamja e hart\u00ebs<\/span>\n\t\t\t<\/button>\n\t\t<\/div>\n\n\t\t\n\t\t<div class=\"cell small-12 large-3 location-list-wrapper\" style=\"display:block\">\n\t\t\t<div class=\"location-card-wrapper\">\n\n\t\t\t\t\n\t\t\t\t\t<div class=\"location-card\">\n\t\t\t\t\t\t<button class=\"location-zoom\" data-lat=\"42.6578853\" data-lng=\"21.1684679\">\n\t\t\t\t\t\t\t<h2 class=\"location\">Qendra e Degjimit<\/h2>\t\t\t\t\t\t\t\t<div class=\"location-address location-section\">\n\t\t\t\t\t\t\t\t\t<p>Rruga Lord Bajron\nKompleksi Breznica Residence, lokali 6\nPrishtine <\/p>\n\t\t\t\t\t\t\t\t<\/div>\n\t\t\t\t\t\t\t\t\t\t\t\t\t\t\t\t<div class=\"location-hours location-section\">\n\t\t\t\t\t\t\t\t\t\t<h3 class=\"margin-bottom-0\">Orari i punes<\/h3>\n\t\t\t\t\t\t\t\t\t\t<p>T\u00eb H\u00ebn\u00eb &#8211; T\u00eb Premte 9:00-16:00<\/p>\n\t\t\t\t\t\t\t\t\t<\/div>\n\t\t\t\t\t\t\t\t\t\t\t\t\t\t\t\t\t\t<div class=\"location-section\">\n\t\t\t\t\t\t\t\t\t\t<h3 class=\"margin-bottom-0\">Celulari:<\/h3>\n\t\t\t\t\t\t\t\t\t\t<p class=\"margin-bottom-0\">38348192847<\/p>\n\t\t\t\t\t\t\t\t\t<\/div>\n\t\t\t\t\t\t\t\t\t\t\t\t\t\t\t\t\t\t<div class=\"location-section\">\n\t\t\t\t\t\t\t\t\t\t<h3 class=\"margin-bottom-0\">Emaili:<\/h3>\n\t\t\t\t\t\t\t\t\t\t<p class=\"margin-bottom-0\">dugispanca@yahoo.com<\/p>\n\t\t\t\t\t\t\t\t\t<\/div>\n\t\t\t\t\t\t\t\t\t\t\t\t\t\t\t\t\t\t<div class=\"location-links\">\n\t\t\t\t\t\t\t\t\t\t\t\t\t\t\t\t\t\t\t\t\t<p class=\"margin-bottom-0\"><a href=\"https:\/\/maps.app.goo.gl\/7gj5caq6yjETzfEYA\" target=\"__blank\">Gjej vendndodhjen<\/a><\/p>\n\t\t\t\t\t\t\t\t\t\t\t\t\t\t\t\t\t\t\t\t<\/div>\n\t\t\t\t\t\t\t\t\t\t\t\t\t\t\t<\/button>\n\t\t\t\t\t<\/div>\n\n\t\t\t\t\t\n\t\t\t<\/div>\n\t\t<\/div>\n\n\t\t<div class=\"cell small-12 large-9 location-map-wrapper\">\n\n\t\t\t\n\t\t\t\t<div class=\"acf-map\" data-zoom=\"16\">\n\n\t\t\t\t\t\t\t\t\t\t\t<div class=\"marker\" data-lat=\"42.6578853\" data-lng=\"21.1684679\">\n\t\t\t\t\t\t\t<h2 class=\"location\">Qendra e Degjimit<\/h2>\t\t\t\t\t\t\t\t<div class=\"location-address location-section\">\n\t\t\t\t\t\t\t\t\t<p>Rruga Lord Bajron\nKompleksi Breznica Residence, lokali 6\nPrishtine <\/p>\n\t\t\t\t\t\t\t\t<\/div>\n\t\t\t\t\t\t\t\t\t\t\t\t\t\t\t<div class=\"location-hours location-section\">\n\t\t\t\t\t\t\t\t\t<h3 class=\"margin-bottom-0\">Orari i punes<\/h3>\n\t\t\t\t\t\t\t\t\t<p>T\u00eb H\u00ebn\u00eb &#8211; T\u00eb Premte 9:00-16:00<\/p>\n\t\t\t\t\t\t\t\t<\/div>\n\t\t\t\t\t\t\t\t\t\t\t\t\t\t\t\t<div class=\"location-section\">\n\t\t\t\t\t\t\t\t\t<h3 class=\"margin-bottom-0\">Celulari:<\/h3>\n\t\t\t\t\t\t\t\t\t<p class=\"margin-bottom-0\">38348192847<\/p>\n\t\t\t\t\t\t\t\t<\/div>\n\t\t\t\t\t\t\t\t\t\t\t\t\t\t\t\t<div class=\"location-section\">\n\t\t\t\t\t\t\t\t\t<h3 class=\"margin-bottom-0\">Emaili:<\/h3>\n\t\t\t\t\t\t\t\t\t<p class=\"margin-bottom-0\">dugispanca@yahoo.com<\/p>\n\t\t\t\t\t\t\t\t<\/div>\n\t\t\t\t\t\t\t\t\t\t\t\t\t\t\t\t<div class=\"location-links\">\n\t\t\t\t\t\t\t\t\t\t\t\t\t\t\t\t\t\t\t<p class=\"margin-bottom-0\"><a href=\"https:\/\/maps.app.goo.gl\/7gj5caq6yjETzfEYA\" target=\"__blank\">Gjej vendndodhjen<\/a><\/p>\n\t\t\t\t\t\t\t\t\t\t\t\t\t\t\t\t\t\t<\/div>\n\t\t\t\t\t\t\t\t\t\t\t\t\t\t<\/div>\n\t\t\t\t\t\t\n\t\t\t\t<\/div>\n\n\t\t\t\t\n\t\t<\/div>\n\t<\/div>\n<\/div>\n","protected":false},"excerpt":{"rendered":"","protected":false},"author":5,"featured_media":0,"parent":0,"menu_order":0,"comment_status":"closed","ping_status":"closed","template":"","meta":{"_acf_changed":false,"inline_featured_image":false,"footnotes":""},"class_list":["post-2487","page","type-page","status-publish","hentry"],"acf":[],"yoast_head":"<!-- This site is optimized with the Yoast SEO plugin v26.9 - https:\/\/yoast.com\/product\/yoast-seo-wordpress\/ -->\n<title>Gjeni nje ekspert - Phonak - Kosova<\/title>\n<meta name=\"robots\" content=\"index, follow, max-snippet:-1, max-image-preview:large, max-video-preview:-1\" \/>\n<link rel=\"canonical\" href=\"https:\/\/intl.phonak.com\/sq-al\/gjeni-nje-ekspert\/\" \/>\n<meta property=\"og:locale\" content=\"sq_AL\" \/>\n<meta property=\"og:type\" content=\"article\" \/>\n<meta property=\"og:title\" content=\"Gjeni nje ekspert - Phonak - Kosova\" \/>\n<meta property=\"og:url\" content=\"https:\/\/intl.phonak.com\/sq-xk\/gjeni-nje-ekspert\/\" \/>\n<meta property=\"og:site_name\" content=\"Phonak - Kosova\" \/>\n<meta property=\"article:modified_time\" content=\"2026-01-28T14:20:02+00:00\" \/>\n<meta name=\"twitter:card\" content=\"summary_large_image\" \/>\n<meta name=\"twitter:label1\" content=\"Est. reading time\" \/>\n\t<meta name=\"twitter:data1\" content=\"1 minute\" \/>\n<script type=\"application\/ld+json\" class=\"yoast-schema-graph\">{\"@context\":\"https:\/\/schema.org\",\"@graph\":[{\"@type\":\"WebPage\",\"@id\":\"https:\/\/intl.phonak.com\/sq-xk\/gjeni-nje-ekspert\/\",\"url\":\"https:\/\/intl.phonak.com\/sq-xk\/gjeni-nje-ekspert\/\",\"name\":\"Gjeni nje ekspert - Phonak - Kosova\",\"isPartOf\":{\"@id\":\"https:\/\/intl.phonak.com\/sq-xk\/#website\"},\"primaryImageOfPage\":{\"@id\":\"https:\/\/intl.phonak.com\/sq-xk\/gjeni-nje-ekspert\/#primaryimage\"},\"image\":{\"@id\":\"https:\/\/intl.phonak.com\/sq-xk\/gjeni-nje-ekspert\/#primaryimage\"},\"thumbnailUrl\":\"https:\/\/intl.phonak.com\/sq-xk\/wp-content\/uploads\/sites\/3\/2024\/03\/phonak-marvel-rechargeable.jpeg\",\"datePublished\":\"2021-10-26T15:25:04+00:00\",\"dateModified\":\"2026-01-28T14:20:02+00:00\",\"breadcrumb\":{\"@id\":\"https:\/\/intl.phonak.com\/sq-xk\/gjeni-nje-ekspert\/#breadcrumb\"},\"inLanguage\":\"sq-AL\",\"potentialAction\":[{\"@type\":\"ReadAction\",\"target\":[\"https:\/\/intl.phonak.com\/sq-xk\/gjeni-nje-ekspert\/\"]}]},{\"@type\":\"ImageObject\",\"inLanguage\":\"sq-AL\",\"@id\":\"https:\/\/intl.phonak.com\/sq-xk\/gjeni-nje-ekspert\/#primaryimage\",\"url\":\"\",\"contentUrl\":\"\"},{\"@type\":\"BreadcrumbList\",\"@id\":\"https:\/\/intl.phonak.com\/sq-xk\/gjeni-nje-ekspert\/#breadcrumb\",\"itemListElement\":[{\"@type\":\"ListItem\",\"position\":1,\"name\":\"Home\",\"item\":\"https:\/\/intl.phonak.com\/sq-xk\/\"},{\"@type\":\"ListItem\",\"position\":2,\"name\":\"Gjeni nje ekspert\"}]},{\"@type\":\"WebSite\",\"@id\":\"https:\/\/intl.phonak.com\/sq-xk\/#website\",\"url\":\"https:\/\/intl.phonak.com\/sq-xk\/\",\"name\":\"Phonak - Kosova\",\"description\":\"T\u00eb p\u00ebrkushtuar p\u00ebr t\u00eb ndryshuar jet\u00eb\",\"publisher\":{\"@id\":\"https:\/\/intl.phonak.com\/sq-xk\/#organization\"},\"potentialAction\":[{\"@type\":\"SearchAction\",\"target\":{\"@type\":\"EntryPoint\",\"urlTemplate\":\"https:\/\/intl.phonak.com\/sq-xk\/?s={search_term_string}\"},\"query-input\":{\"@type\":\"PropertyValueSpecification\",\"valueRequired\":true,\"valueName\":\"search_term_string\"}}],\"inLanguage\":\"sq-AL\"},{\"@type\":\"Organization\",\"@id\":\"https:\/\/intl.phonak.com\/sq-xk\/#organization\",\"name\":\"Phonak - Kosova\",\"url\":\"https:\/\/intl.phonak.com\/sq-xk\/\",\"logo\":{\"@type\":\"ImageObject\",\"inLanguage\":\"sq-AL\",\"@id\":\"https:\/\/intl.phonak.com\/sq-xk\/#\/schema\/logo\/image\/\",\"url\":\"https:\/\/intl.phonak.com\/sq-xk\/wp-content\/uploads\/sites\/66\/2025\/06\/logo-phonak.svg\",\"contentUrl\":\"https:\/\/intl.phonak.com\/sq-xk\/wp-content\/uploads\/sites\/66\/2025\/06\/logo-phonak.svg\",\"caption\":\"Phonak - Kosova\"},\"image\":{\"@id\":\"https:\/\/intl.phonak.com\/sq-xk\/#\/schema\/logo\/image\/\"}}]}<\/script>\n<!-- \/ Yoast SEO plugin. -->","yoast_head_json":{"title":"Gjeni nje ekspert - Phonak - Kosova","robots":{"index":"index","follow":"follow","max-snippet":"max-snippet:-1","max-image-preview":"max-image-preview:large","max-video-preview":"max-video-preview:-1"},"canonical":"https:\/\/intl.phonak.com\/sq-al\/gjeni-nje-ekspert\/","og_locale":"sq_AL","og_type":"article","og_title":"Gjeni nje ekspert - Phonak - Kosova","og_url":"https:\/\/intl.phonak.com\/sq-xk\/gjeni-nje-ekspert\/","og_site_name":"Phonak - Kosova","article_modified_time":"2026-01-28T14:20:02+00:00","twitter_card":"summary_large_image","twitter_misc":{"Est. reading time":"1 minute"},"schema":{"@context":"https:\/\/schema.org","@graph":[{"@type":"WebPage","@id":"https:\/\/intl.phonak.com\/sq-xk\/gjeni-nje-ekspert\/","url":"https:\/\/intl.phonak.com\/sq-xk\/gjeni-nje-ekspert\/","name":"Gjeni nje ekspert - Phonak - Kosova","isPartOf":{"@id":"https:\/\/intl.phonak.com\/sq-xk\/#website"},"primaryImageOfPage":{"@id":"https:\/\/intl.phonak.com\/sq-xk\/gjeni-nje-ekspert\/#primaryimage"},"image":{"@id":"https:\/\/intl.phonak.com\/sq-xk\/gjeni-nje-ekspert\/#primaryimage"},"thumbnailUrl":"https:\/\/intl.phonak.com\/sq-xk\/wp-content\/uploads\/sites\/3\/2024\/03\/phonak-marvel-rechargeable.jpeg","datePublished":"2021-10-26T15:25:04+00:00","dateModified":"2026-01-28T14:20:02+00:00","breadcrumb":{"@id":"https:\/\/intl.phonak.com\/sq-xk\/gjeni-nje-ekspert\/#breadcrumb"},"inLanguage":"sq-AL","potentialAction":[{"@type":"ReadAction","target":["https:\/\/intl.phonak.com\/sq-xk\/gjeni-nje-ekspert\/"]}]},{"@type":"ImageObject","inLanguage":"sq-AL","@id":"https:\/\/intl.phonak.com\/sq-xk\/gjeni-nje-ekspert\/#primaryimage","url":"","contentUrl":""},{"@type":"BreadcrumbList","@id":"https:\/\/intl.phonak.com\/sq-xk\/gjeni-nje-ekspert\/#breadcrumb","itemListElement":[{"@type":"ListItem","position":1,"name":"Home","item":"https:\/\/intl.phonak.com\/sq-xk\/"},{"@type":"ListItem","position":2,"name":"Gjeni nje ekspert"}]},{"@type":"WebSite","@id":"https:\/\/intl.phonak.com\/sq-xk\/#website","url":"https:\/\/intl.phonak.com\/sq-xk\/","name":"Phonak - Kosova","description":"T\u00eb p\u00ebrkushtuar p\u00ebr t\u00eb ndryshuar jet\u00eb","publisher":{"@id":"https:\/\/intl.phonak.com\/sq-xk\/#organization"},"potentialAction":[{"@type":"SearchAction","target":{"@type":"EntryPoint","urlTemplate":"https:\/\/intl.phonak.com\/sq-xk\/?s={search_term_string}"},"query-input":{"@type":"PropertyValueSpecification","valueRequired":true,"valueName":"search_term_string"}}],"inLanguage":"sq-AL"},{"@type":"Organization","@id":"https:\/\/intl.phonak.com\/sq-xk\/#organization","name":"Phonak - Kosova","url":"https:\/\/intl.phonak.com\/sq-xk\/","logo":{"@type":"ImageObject","inLanguage":"sq-AL","@id":"https:\/\/intl.phonak.com\/sq-xk\/#\/schema\/logo\/image\/","url":"https:\/\/intl.phonak.com\/sq-xk\/wp-content\/uploads\/sites\/66\/2025\/06\/logo-phonak.svg","contentUrl":"https:\/\/intl.phonak.com\/sq-xk\/wp-content\/uploads\/sites\/66\/2025\/06\/logo-phonak.svg","caption":"Phonak - Kosova"},"image":{"@id":"https:\/\/intl.phonak.com\/sq-xk\/#\/schema\/logo\/image\/"}}]}},"jetpack_sharing_enabled":true,"distributor_meta":false,"distributor_terms":false,"distributor_media":false,"distributor_original_site_name":"Phonak - Kosova","distributor_original_site_url":"https:\/\/intl.phonak.com\/sq-xk","push-errors":false,"_links":{"self":[{"href":"https:\/\/intl.phonak.com\/sq-xk\/wp-json\/wp\/v2\/pages\/2487","targetHints":{"allow":["GET"]}}],"collection":[{"href":"https:\/\/intl.phonak.com\/sq-xk\/wp-json\/wp\/v2\/pages"}],"about":[{"href":"https:\/\/intl.phonak.com\/sq-xk\/wp-json\/wp\/v2\/types\/page"}],"author":[{"embeddable":true,"href":"https:\/\/intl.phonak.com\/sq-xk\/wp-json\/wp\/v2\/users\/5"}],"replies":[{"embeddable":true,"href":"https:\/\/intl.phonak.com\/sq-xk\/wp-json\/wp\/v2\/comments?post=2487"}],"version-history":[{"count":1,"href":"https:\/\/intl.phonak.com\/sq-xk\/wp-json\/wp\/v2\/pages\/2487\/revisions"}],"predecessor-version":[{"id":2488,"href":"https:\/\/intl.phonak.com\/sq-xk\/wp-json\/wp\/v2\/pages\/2487\/revisions\/2488"}],"wp:attachment":[{"href":"https:\/\/intl.phonak.com\/sq-xk\/wp-json\/wp\/v2\/media?parent=2487"}],"curies":[{"name":"wp","href":"https:\/\/api.w.org\/{rel}","templated":true}]}}