{"id":965,"date":"2021-10-26T15:25:04","date_gmt":"2021-10-26T15:25:04","guid":{"rendered":"https:\/\/intl.phonak.com\/sq-al\/?page_id=965"},"modified":"2026-01-27T09:14:42","modified_gmt":"2026-01-27T09:14:42","slug":"gjeni-nje-ekspert","status":"publish","type":"page","link":"https:\/\/intl.phonak.com\/sq-al\/gjeni-nje-ekspert\/","title":{"rendered":"Gjeni nje ekspert"},"content":{"rendered":"\n<div class=\"wp-block-cover alignfull is-light\"><span aria-hidden=\"true\" class=\"wp-block-cover__background has-white-background-color has-background-dim-60 has-background-dim\"><\/span><img decoding=\"async\" class=\"wp-block-cover__image-background wp-image-7794\" alt=\"\" src=\"https:\/\/intl.phonak.com\/sq-al\/wp-content\/uploads\/sites\/3\/2024\/03\/phonak-marvel-rechargeable.jpeg\" data-object-fit=\"cover\"\/><div class=\"wp-block-cover__inner-container is-layout-flow wp-block-cover-is-layout-flow\">\n<h1 class=\"wp-block-heading has-text-align-center\">Ekspert\u00eb t\u00eb d\u00ebgjimit pran\u00eb jush<\/h1>   \n<p class=\"has-text-align-center has-lead-font-size\">Ekspert\u00ebt tan\u00eb shum\u00eb t\u00eb kualifikuar p\u00ebr d\u00ebgjimin jan\u00eb n\u00eb dispozicion p\u00ebr t\u2019iu p\u00ebrgjigjur t\u00eb gjitha pyetjeve tuaja rreth humbjes s\u00eb d\u00ebgjimit dhe zgjidhjes s\u00eb duhur p\u00ebr ju.<\/p>\n<\/div><\/div>   \n<div class=\"locations-block  alignwide\">\n\t<div class=\"grid-x align-center grid-padding-x grid-padding-y\">\n\t\t<div class=\"cell small-12 medium-6 hide-for-large\">\n\t\t\t<button class=\"location-toggle flex-container align-spaced align-middle\">\n\t\t\t\t<span class=\"list-view active\">Pamja e list\u00ebs<\/span>\n\t\t\t\t<span class=\"map-view\">Pamja e hart\u00ebs<\/span>\n\t\t\t<\/button>\n\t\t<\/div>\n\t\t\t\t<div class=\"cell small-12 large-3\">\n\t\t\t<div class=\"location-card-wrapper\">\n\n\t\t\t\t\n\t\t\t\t\t<div class=\"location-card\">\n\t\t\t\t\t\t<button class=\"location-zoom\" data-lat=\"41.3286294\" data-lng=\"19.8265525\">\n\t\t\t\t\t\t\t<h2 class=\"location\">Aparate D\u00ebgjimi Phonak<\/h2>\t\t\t\t\t\t\t\t<div class=\"location-address location-section\">\n\t\t\t\t\t\t\t\t\t<p>Rruga Fadil Rada, pallati 11, shk.2, kati 2, ap.23 Tirane,\n1010, Albania<\/p>\n\t\t\t\t\t\t\t\t<\/div>\n\t\t\t\t\t\t\t\n\t\t\t\t\t\t\t\t<div class=\"location-hours location-section\">\n\t\t\t\t\t\t\t\t\t<h3 class=\"margin-bottom-0\">Orari i punes<\/h3>\n\t\t\t\t\t\t\t\t\t<p>T\u00eb H\u00ebn\u00eb &#8211; T\u00eb Premte<br \/>\n08:30 &#8211; 17:00<br \/>\nT\u00eb Shtun\u00ebn<br \/>\n08:30 &#8211; 13:00<\/p>\n\t\t\t\t\t\t\t\t<\/div>\n\n\t\t\t\t\t\t\t\t\n\t\t\t\t\t\t\t\t<div class=\"location-section\">\n\t\t\t\t\t\t\t\t\t<h3 class=\"margin-bottom-0\">Celulari:<\/h3>\n\t\t\t\t\t\t\t\t\t<p class=\"margin-bottom-0\">+355 68 20 77 690<\/p>\n\t\t\t\t\t\t\t\t<\/div>\n\n\t\t\t\t\t\t\t\t\n\t\t\t\t\t\t\t\t<div class=\"location-section\">\n\t\t\t\t\t\t\t\t\t<h3 class=\"margin-bottom-0\">Emaili:<\/h3>\n\t\t\t\t\t\t\t\t\t<p class=\"margin-bottom-0\">kujtimfejza63@gmail.com<\/p>\n\t\t\t\t\t\t\t\t<\/div>\n\n\t\t\t\t\t\t\t\t\n\t\t\t\t\t\t\t\t<div class=\"location-links\">\n\n\t\t\t\t\t\t\t\t\t\n\t\t\t\t\t\t\t\t\t\t<p><a href=\"https:\/\/aparate-degjimi.com\/\" target=\"_blank\">Shiko Faqen e Internetit t\u00eb Kompanis\u00eb<\/a><\/p>\n\n\t\t\t\t\t\t\t\t\t\t\n\t\t\t\t\t\t\t\t\t\t<p class=\"margin-bottom-0\"><a href=\"https:\/\/maps.app.goo.gl\/ommuG77vhYP4zVok7\" target=\"__blank\">Gjej vendndodhjen<\/a><\/p>\n\n\t\t\t\t\t\t\t\t\t\t\n\t\t\t\t\t\t\t\t<\/div>\n\n\t\t\t\t\t\t\t\t\t\t\t\t\t\t<\/button>\n\t\t\t\t\t<\/div>\n\n\t\t\t\t\t\n\t\t\t<\/div>\n\t\t<\/div>\n\n\t\t<div class=\"cell small-12 large-9 location-map-wrapper\">\n\n\t\t\t\n\t\t\t\t<div class=\"acf-map\" data-zoom=\"16\">\n\n\t\t\t\t\t\n\t\t\t\t\t\t<div class=\"marker\" data-lat=\"41.3286294\" data-lng=\"19.8265525\">\n\t\t\t\t\t\t\t<h2 class=\"location\">Aparate D\u00ebgjimi Phonak<\/h2>\n\t\t\t\t\t\t\t\t<div class=\"location-hours location-section\">\n\t\t\t\t\t\t\t\t\t<h3 class=\"margin-bottom-0\">Orari i punes<\/h3>\n\t\t\t\t\t\t\t\t\t<p>T\u00eb H\u00ebn\u00eb &#8211; T\u00eb Premte<br \/>\n08:30 &#8211; 17:00<br \/>\nT\u00eb Shtun\u00ebn<br \/>\n08:30 &#8211; 13:00<\/p>\n\t\t\t\t\t\t\t\t<\/div>\n\n\t\t\t\t\t\t\t\t\n\t\t\t\t\t\t\t\t<div class=\"location-section\">\n\t\t\t\t\t\t\t\t\t<h3 class=\"margin-bottom-0\">Celulari:<\/h3>\n\t\t\t\t\t\t\t\t\t<p class=\"margin-bottom-0\">+355 68 20 77 690<\/p>\n\t\t\t\t\t\t\t\t<\/div>\n\n\t\t\t\t\t\t\t\t\n\t\t\t\t\t\t\t\t<div class=\"location-section\">\n\t\t\t\t\t\t\t\t\t<h3 class=\"margin-bottom-0\">Emaili:<\/h3>\n\t\t\t\t\t\t\t\t\t<p class=\"margin-bottom-0\">kujtimfejza63@gmail.com<\/p>\n\t\t\t\t\t\t\t\t<\/div>\n\n\t\t\t\t\t\t\t\t\n\t\t\t\t\t\t\t\t<div class=\"location-links\">\n\n\t\t\t\t\t\t\t\t\t\n\t\t\t\t\t\t\t\t\t\t<p><a href=\"https:\/\/aparate-degjimi.com\/\" target=\"_blank\">Shiko Faqen e Internetit t\u00eb Kompanis\u00eb<\/a><\/p>\n\n\t\t\t\t\t\t\t\t\t\t\n\t\t\t\t\t\t\t\t\t\t<p class=\"margin-bottom-0\"><a href=\"https:\/\/maps.app.goo.gl\/ommuG77vhYP4zVok7\" target=\"__blank\">Gjej vendndodhjen<\/a><\/p>\n\n\t\t\t\t\t\t\t\t\t\t\n\t\t\t\t\t\t\t\t<\/div>\n\n\t\t\t\t\t\t\t\n\t\t\t\t\t\t<\/div>\n\n\t\t\t\t\t\t\n\t\t\t\t<\/div>\n\n\t\t\t\t\n\t\t<\/div>\n\t<\/div>\n<\/div>\n","protected":false},"excerpt":{"rendered":"","protected":false},"author":5,"featured_media":0,"parent":0,"menu_order":0,"comment_status":"closed","ping_status":"closed","template":"","meta":{"_acf_changed":false,"inline_featured_image":false,"footnotes":""},"class_list":["post-965","page","type-page","status-publish","hentry"],"acf":[],"yoast_head":"<!-- This site is optimized with the Yoast SEO plugin v26.9 - https:\/\/yoast.com\/product\/yoast-seo-wordpress\/ -->\n<title>Gjeni nje ekspert - Phonak - Shqip\u00ebria<\/title>\n<meta name=\"robots\" content=\"index, follow, max-snippet:-1, max-image-preview:large, max-video-preview:-1\" \/>\n<link rel=\"canonical\" href=\"https:\/\/intl.phonak.com\/main-english\/find-an-expert\/\" \/>\n<meta property=\"og:locale\" content=\"sq_AL\" \/>\n<meta property=\"og:type\" content=\"article\" \/>\n<meta property=\"og:title\" content=\"Gjeni nje ekspert - Phonak - Shqip\u00ebria\" \/>\n<meta property=\"og:url\" content=\"https:\/\/intl.phonak.com\/sq-al\/gjeni-nje-ekspert\/\" \/>\n<meta property=\"og:site_name\" content=\"Phonak - Shqip\u00ebria\" \/>\n<meta property=\"article:modified_time\" content=\"2026-01-27T09:14:42+00:00\" \/>\n<meta name=\"twitter:card\" content=\"summary_large_image\" \/>\n<meta name=\"twitter:label1\" content=\"Est. reading time\" \/>\n\t<meta name=\"twitter:data1\" content=\"1 minute\" \/>\n<script type=\"application\/ld+json\" class=\"yoast-schema-graph\">{\"@context\":\"https:\/\/schema.org\",\"@graph\":[{\"@type\":\"WebPage\",\"@id\":\"https:\/\/intl.phonak.com\/sq-al\/gjeni-nje-ekspert\/\",\"url\":\"https:\/\/intl.phonak.com\/sq-al\/gjeni-nje-ekspert\/\",\"name\":\"Gjeni nje ekspert - Phonak - Shqip\u00ebria\",\"isPartOf\":{\"@id\":\"https:\/\/intl.phonak.com\/sq-al\/#website\"},\"primaryImageOfPage\":{\"@id\":\"https:\/\/intl.phonak.com\/sq-al\/gjeni-nje-ekspert\/#primaryimage\"},\"image\":{\"@id\":\"https:\/\/intl.phonak.com\/sq-al\/gjeni-nje-ekspert\/#primaryimage\"},\"thumbnailUrl\":\"https:\/\/intl.phonak.com\/sq-al\/wp-content\/uploads\/sites\/3\/2024\/03\/phonak-marvel-rechargeable.jpeg\",\"datePublished\":\"2021-10-26T15:25:04+00:00\",\"dateModified\":\"2026-01-27T09:14:42+00:00\",\"breadcrumb\":{\"@id\":\"https:\/\/intl.phonak.com\/sq-al\/gjeni-nje-ekspert\/#breadcrumb\"},\"inLanguage\":\"sq-AL\",\"potentialAction\":[{\"@type\":\"ReadAction\",\"target\":[\"https:\/\/intl.phonak.com\/sq-al\/gjeni-nje-ekspert\/\"]}]},{\"@type\":\"ImageObject\",\"inLanguage\":\"sq-AL\",\"@id\":\"https:\/\/intl.phonak.com\/sq-al\/gjeni-nje-ekspert\/#primaryimage\",\"url\":\"\",\"contentUrl\":\"\"},{\"@type\":\"BreadcrumbList\",\"@id\":\"https:\/\/intl.phonak.com\/sq-al\/gjeni-nje-ekspert\/#breadcrumb\",\"itemListElement\":[{\"@type\":\"ListItem\",\"position\":1,\"name\":\"Home\",\"item\":\"https:\/\/intl.phonak.com\/sq-al\/\"},{\"@type\":\"ListItem\",\"position\":2,\"name\":\"Gjeni nje ekspert\"}]},{\"@type\":\"WebSite\",\"@id\":\"https:\/\/intl.phonak.com\/sq-al\/#website\",\"url\":\"https:\/\/intl.phonak.com\/sq-al\/\",\"name\":\"Phonak - Shqip\u00ebria\",\"description\":\"T\u00eb p\u00ebrkushtuar p\u00ebr t\u00eb ndryshuar jet\u00eb\",\"publisher\":{\"@id\":\"https:\/\/intl.phonak.com\/sq-al\/#organization\"},\"potentialAction\":[{\"@type\":\"SearchAction\",\"target\":{\"@type\":\"EntryPoint\",\"urlTemplate\":\"https:\/\/intl.phonak.com\/sq-al\/?s={search_term_string}\"},\"query-input\":{\"@type\":\"PropertyValueSpecification\",\"valueRequired\":true,\"valueName\":\"search_term_string\"}}],\"inLanguage\":\"sq-AL\"},{\"@type\":\"Organization\",\"@id\":\"https:\/\/intl.phonak.com\/sq-al\/#organization\",\"name\":\"Phonak - Shqip\u00ebria\",\"url\":\"https:\/\/intl.phonak.com\/sq-al\/\",\"logo\":{\"@type\":\"ImageObject\",\"inLanguage\":\"sq-AL\",\"@id\":\"https:\/\/intl.phonak.com\/sq-al\/#\/schema\/logo\/image\/\",\"url\":\"https:\/\/intl.phonak.com\/sq-al\/wp-content\/uploads\/sites\/75\/2025\/07\/logo-phonak.svg\",\"contentUrl\":\"https:\/\/intl.phonak.com\/sq-al\/wp-content\/uploads\/sites\/75\/2025\/07\/logo-phonak.svg\",\"caption\":\"Phonak -  Shqip\u00ebria\"},\"image\":{\"@id\":\"https:\/\/intl.phonak.com\/sq-al\/#\/schema\/logo\/image\/\"}}]}<\/script>\n<!-- \/ Yoast SEO plugin. -->","yoast_head_json":{"title":"Gjeni nje ekspert - Phonak - Shqip\u00ebria","robots":{"index":"index","follow":"follow","max-snippet":"max-snippet:-1","max-image-preview":"max-image-preview:large","max-video-preview":"max-video-preview:-1"},"canonical":"https:\/\/intl.phonak.com\/main-english\/find-an-expert\/","og_locale":"sq_AL","og_type":"article","og_title":"Gjeni nje ekspert - Phonak - Shqip\u00ebria","og_url":"https:\/\/intl.phonak.com\/sq-al\/gjeni-nje-ekspert\/","og_site_name":"Phonak - Shqip\u00ebria","article_modified_time":"2026-01-27T09:14:42+00:00","twitter_card":"summary_large_image","twitter_misc":{"Est. reading time":"1 minute"},"schema":{"@context":"https:\/\/schema.org","@graph":[{"@type":"WebPage","@id":"https:\/\/intl.phonak.com\/sq-al\/gjeni-nje-ekspert\/","url":"https:\/\/intl.phonak.com\/sq-al\/gjeni-nje-ekspert\/","name":"Gjeni nje ekspert - Phonak - Shqip\u00ebria","isPartOf":{"@id":"https:\/\/intl.phonak.com\/sq-al\/#website"},"primaryImageOfPage":{"@id":"https:\/\/intl.phonak.com\/sq-al\/gjeni-nje-ekspert\/#primaryimage"},"image":{"@id":"https:\/\/intl.phonak.com\/sq-al\/gjeni-nje-ekspert\/#primaryimage"},"thumbnailUrl":"https:\/\/intl.phonak.com\/sq-al\/wp-content\/uploads\/sites\/3\/2024\/03\/phonak-marvel-rechargeable.jpeg","datePublished":"2021-10-26T15:25:04+00:00","dateModified":"2026-01-27T09:14:42+00:00","breadcrumb":{"@id":"https:\/\/intl.phonak.com\/sq-al\/gjeni-nje-ekspert\/#breadcrumb"},"inLanguage":"sq-AL","potentialAction":[{"@type":"ReadAction","target":["https:\/\/intl.phonak.com\/sq-al\/gjeni-nje-ekspert\/"]}]},{"@type":"ImageObject","inLanguage":"sq-AL","@id":"https:\/\/intl.phonak.com\/sq-al\/gjeni-nje-ekspert\/#primaryimage","url":"","contentUrl":""},{"@type":"BreadcrumbList","@id":"https:\/\/intl.phonak.com\/sq-al\/gjeni-nje-ekspert\/#breadcrumb","itemListElement":[{"@type":"ListItem","position":1,"name":"Home","item":"https:\/\/intl.phonak.com\/sq-al\/"},{"@type":"ListItem","position":2,"name":"Gjeni nje ekspert"}]},{"@type":"WebSite","@id":"https:\/\/intl.phonak.com\/sq-al\/#website","url":"https:\/\/intl.phonak.com\/sq-al\/","name":"Phonak - Shqip\u00ebria","description":"T\u00eb p\u00ebrkushtuar p\u00ebr t\u00eb ndryshuar jet\u00eb","publisher":{"@id":"https:\/\/intl.phonak.com\/sq-al\/#organization"},"potentialAction":[{"@type":"SearchAction","target":{"@type":"EntryPoint","urlTemplate":"https:\/\/intl.phonak.com\/sq-al\/?s={search_term_string}"},"query-input":{"@type":"PropertyValueSpecification","valueRequired":true,"valueName":"search_term_string"}}],"inLanguage":"sq-AL"},{"@type":"Organization","@id":"https:\/\/intl.phonak.com\/sq-al\/#organization","name":"Phonak - Shqip\u00ebria","url":"https:\/\/intl.phonak.com\/sq-al\/","logo":{"@type":"ImageObject","inLanguage":"sq-AL","@id":"https:\/\/intl.phonak.com\/sq-al\/#\/schema\/logo\/image\/","url":"https:\/\/intl.phonak.com\/sq-al\/wp-content\/uploads\/sites\/75\/2025\/07\/logo-phonak.svg","contentUrl":"https:\/\/intl.phonak.com\/sq-al\/wp-content\/uploads\/sites\/75\/2025\/07\/logo-phonak.svg","caption":"Phonak -  Shqip\u00ebria"},"image":{"@id":"https:\/\/intl.phonak.com\/sq-al\/#\/schema\/logo\/image\/"}}]}},"jetpack_sharing_enabled":true,"distributor_meta":false,"distributor_terms":false,"distributor_media":false,"distributor_original_site_name":"Phonak -  Shqip\u00ebria","distributor_original_site_url":"https:\/\/intl.phonak.com\/sq-al","push-errors":false,"_links":{"self":[{"href":"https:\/\/intl.phonak.com\/sq-al\/wp-json\/wp\/v2\/pages\/965","targetHints":{"allow":["GET"]}}],"collection":[{"href":"https:\/\/intl.phonak.com\/sq-al\/wp-json\/wp\/v2\/pages"}],"about":[{"href":"https:\/\/intl.phonak.com\/sq-al\/wp-json\/wp\/v2\/types\/page"}],"author":[{"embeddable":true,"href":"https:\/\/intl.phonak.com\/sq-al\/wp-json\/wp\/v2\/users\/5"}],"replies":[{"embeddable":true,"href":"https:\/\/intl.phonak.com\/sq-al\/wp-json\/wp\/v2\/comments?post=965"}],"version-history":[{"count":2,"href":"https:\/\/intl.phonak.com\/sq-al\/wp-json\/wp\/v2\/pages\/965\/revisions"}],"predecessor-version":[{"id":967,"href":"https:\/\/intl.phonak.com\/sq-al\/wp-json\/wp\/v2\/pages\/965\/revisions\/967"}],"wp:attachment":[{"href":"https:\/\/intl.phonak.com\/sq-al\/wp-json\/wp\/v2\/media?parent=965"}],"curies":[{"name":"wp","href":"https:\/\/api.w.org\/{rel}","templated":true}]}}