{"id":391,"date":"2021-11-17T17:36:12","date_gmt":"2021-11-17T17:36:12","guid":{"rendered":"https:\/\/intl.phonak.com\/sq-al\/accessories\/"},"modified":"2025-11-10T14:35:18","modified_gmt":"2025-11-10T14:35:18","slug":"aksesore","status":"publish","type":"page","link":"https:\/\/intl.phonak.com\/sq-al\/zgjidhje\/aksesore\/","title":{"rendered":"Aksesor\u00eb"},"content":{"rendered":"\n<div class=\"wp-block-cover alignfull is-light\"><span aria-hidden=\"true\" class=\"wp-block-cover__background has-white-background-color has-background-dim\"><\/span><img decoding=\"async\" class=\"wp-block-cover__image-background wp-image-4764\" alt=\"\" src=\"https:\/\/intl.phonak.com\/sq-al\/wp-content\/uploads\/sites\/3\/2022\/02\/Banner-accessories.jpg\" style=\"object-position:48% 21%\" data-object-fit=\"cover\" data-object-position=\"48% 21%\"\/><div class=\"wp-block-cover__inner-container is-layout-flow wp-block-cover-is-layout-flow\">\n<h1 class=\"wp-block-heading has-text-align-center has-dark-grey-color has-text-color\" id=\"boosting-performance\">Rritja e performanc\u00ebs<\/h1>   \n<p class=\"has-text-align-center has-dark-grey-color has-text-color has-lead-font-size\">P\u00ebrfitoni sa m\u00eb shum\u00eb nga aparatet tuaja t\u00eb d\u00ebgjimit dhe q\u00ebndroni t\u00eb lidhur<\/p>\n<\/div><\/div>   \n<div class=\"wp-block-group is-style-align-small is-layout-flow wp-block-group-is-layout-flow\" style=\"padding-top:0px\">\n<h2 class=\"wp-block-heading has-text-align-center\" id=\"better-communication-with-wireless-accessories\">Komunikim m\u00eb i mir\u00eb me aksesor\u00eb pa tel<\/h2>   \n<p class=\"has-text-align-center\">Aksesor\u00ebt pa tel Phonak jan\u00eb shtesa t\u00eb dobishme q\u00eb lidhen me aparatet tuaja t\u00eb d\u00ebgjimit p\u00ebr t&#8217;ju ndihmuar t\u00eb d\u00ebgjoni m\u00eb shum\u00eb n\u00eb situata sfiduese. D\u00ebgjoni m\u00eb mir\u00eb n\u00eb zhurm\u00eb ose n\u00eb distanc\u00eb, gjat\u00eb telefonatave, n\u00eb klas\u00eb dhe kur d\u00ebgjoni TV dhe multimedia. Ose merrni qasje t\u00eb leht\u00eb n\u00eb cil\u00ebsimet e aparatit tuaj t\u00eb d\u00ebgjimit me nj\u00eb telekomand\u00eb Phonak.<\/p>\n<\/div>   \n<div\n\tclass=\"wp-block-phonak-products is-forntend alignwide\"\n\tdata-attributes=\"{&quot;categories&quot;:&quot;21&quot;,&quot;defaultPlatforms&quot;:[],&quot;align&quot;:&quot;wide&quot;,&quot;perPage&quot;:10,&quot;showPagination&quot;:true,&quot;showFilter&quot;:true,&quot;enabledFilters&quot;:[&quot;platforms&quot;,&quot;categories&quot;,&quot;productTypes&quot;],&quot;defaultCategories&quot;:[],&quot;defaultProductTypes&quot;:[]}\"\n\tdata-locale=\"sq_AL\">\n<\/div>\n\n\n\n<div class=\"wp-block-media-text is-stacked-on-mobile cta-block\" style=\"grid-template-columns:35% auto\"><figure class=\"wp-block-media-text__media\"><img decoding=\"async\" src=\"https:\/\/intl.phonak.com\/main-english\/wp-content\/uploads\/sites\/3\/2021\/11\/cta-image.jpg?w=401\" alt=\"\" class=\"wp-image-6738 size-full\"\/><\/figure><div class=\"wp-block-media-text__content\">\n<div class=\"wp-block-create-block-icon-selector\"><i class=\"fal fa-map-marker-alt\"><\/i><\/div>   \n<h3 class=\"wp-block-heading\">Ekspert\u00eb t\u00eb d\u00ebgjimit pran\u00eb jush<\/h3>   <p>Profesional\u00ebt e kujdesit p\u00ebr d\u00ebgjimin mund t&#8217;ju ndihmojn\u00eb t\u00eb b\u00ebni zgjedhjen q\u00eb \u00ebsht\u00eb perfekte p\u00ebr ju. Ata do t\u00eb marrin parasysh nevojat tuaja t\u00eb d\u00ebgjimit, buxhetin tuaj, stilin e jetes\u00ebs dhe preferencat tuaja individuale t\u00eb d\u00ebgjimit. <\/p>   <div class=\"wp-block-buttons is-layout-flex wp-block-buttons-is-layout-flex\">\n<div class=\"wp-block-button is-style-marker-green\"><a class=\"wp-block-button__link wp-element-button\" href=\"https:\/\/intl.phonak.com\/sq-al\/gjeni-nje-ekspert\/\">Gjeni nje ekspert<\/a><\/div>\n<\/div>\n<\/div><\/div> ","protected":false},"excerpt":{"rendered":"<p>Komunikim m\u00eb i mir\u00eb me aksesor\u00eb pa tel Aksesor\u00ebt pa tel Phonak jan\u00eb shtesa t\u00eb dobishme q\u00eb lidhen me aparatet&#8230;<\/p>\n","protected":false},"author":5,"featured_media":551,"parent":341,"menu_order":0,"comment_status":"closed","ping_status":"closed","template":"","meta":{"_acf_changed":false,"inline_featured_image":false,"footnotes":""},"class_list":["post-391","page","type-page","status-publish","has-post-thumbnail","hentry"],"acf":[],"yoast_head":"<!-- This site is optimized with the Yoast SEO plugin v26.9 - https:\/\/yoast.com\/product\/yoast-seo-wordpress\/ -->\n<title>Aksesor\u00eb - Phonak - Shqip\u00ebria<\/title>\n<meta name=\"robots\" content=\"index, follow, max-snippet:-1, max-image-preview:large, max-video-preview:-1\" \/>\n<link rel=\"canonical\" href=\"https:\/\/intl.phonak.com\/main-english\/solutions\/accessories\/\" \/>\n<meta property=\"og:locale\" content=\"sq_AL\" \/>\n<meta property=\"og:type\" content=\"article\" \/>\n<meta property=\"og:title\" content=\"Aksesor\u00eb - Phonak - Shqip\u00ebria\" \/>\n<meta property=\"og:description\" content=\"Komunikim m\u00eb i mir\u00eb me aksesor\u00eb pa tel Aksesor\u00ebt pa tel Phonak jan\u00eb shtesa t\u00eb dobishme q\u00eb lidhen me aparatet...\" \/>\n<meta property=\"og:url\" content=\"https:\/\/intl.phonak.com\/sq-al\/zgjidhje\/aksesore\/\" \/>\n<meta property=\"og:site_name\" content=\"Phonak - Shqip\u00ebria\" \/>\n<meta property=\"article:modified_time\" content=\"2025-11-10T14:35:18+00:00\" \/>\n<meta property=\"og:image\" content=\"https:\/\/intl.phonak.com\/sq-al\/wp-content\/uploads\/sites\/75\/2021\/11\/PH_Packshot_Audeo-I-Sphere-xReceiver_050-1029-P7_44ccea.png\" \/>\n\t<meta property=\"og:image:width\" content=\"600\" \/>\n\t<meta property=\"og:image:height\" content=\"600\" \/>\n\t<meta property=\"og:image:type\" content=\"image\/png\" \/>\n<meta name=\"twitter:card\" content=\"summary_large_image\" \/>\n<meta name=\"twitter:label1\" content=\"Est. reading time\" \/>\n\t<meta name=\"twitter:data1\" content=\"2 minutes\" \/>\n<script type=\"application\/ld+json\" class=\"yoast-schema-graph\">{\"@context\":\"https:\/\/schema.org\",\"@graph\":[{\"@type\":\"WebPage\",\"@id\":\"https:\/\/intl.phonak.com\/sq-al\/zgjidhje\/aksesore\/\",\"url\":\"https:\/\/intl.phonak.com\/sq-al\/zgjidhje\/aksesore\/\",\"name\":\"Aksesor\u00eb - Phonak - Shqip\u00ebria\",\"isPartOf\":{\"@id\":\"https:\/\/intl.phonak.com\/sq-al\/#website\"},\"primaryImageOfPage\":{\"@id\":\"https:\/\/intl.phonak.com\/sq-al\/zgjidhje\/aksesore\/#primaryimage\"},\"image\":{\"@id\":\"https:\/\/intl.phonak.com\/sq-al\/zgjidhje\/aksesore\/#primaryimage\"},\"thumbnailUrl\":\"https:\/\/intl.phonak.com\/sq-al\/wp-content\/uploads\/sites\/75\/2021\/11\/PH_Packshot_Audeo-I-Sphere-xReceiver_050-1029-P7_44ccea.png\",\"datePublished\":\"2021-11-17T17:36:12+00:00\",\"dateModified\":\"2025-11-10T14:35:18+00:00\",\"breadcrumb\":{\"@id\":\"https:\/\/intl.phonak.com\/sq-al\/zgjidhje\/aksesore\/#breadcrumb\"},\"inLanguage\":\"sq-AL\",\"potentialAction\":[{\"@type\":\"ReadAction\",\"target\":[\"https:\/\/intl.phonak.com\/sq-al\/zgjidhje\/aksesore\/\"]}]},{\"@type\":\"ImageObject\",\"inLanguage\":\"sq-AL\",\"@id\":\"https:\/\/intl.phonak.com\/sq-al\/zgjidhje\/aksesore\/#primaryimage\",\"url\":\"https:\/\/intl.phonak.com\/sq-al\/wp-content\/uploads\/sites\/75\/2021\/11\/PH_Packshot_Audeo-I-Sphere-xReceiver_050-1029-P7_44ccea.png\",\"contentUrl\":\"https:\/\/intl.phonak.com\/sq-al\/wp-content\/uploads\/sites\/75\/2021\/11\/PH_Packshot_Audeo-I-Sphere-xReceiver_050-1029-P7_44ccea.png\",\"width\":600,\"height\":600,\"caption\":\"Phonak Aud\u00e9o Sphere Infinio\"},{\"@type\":\"BreadcrumbList\",\"@id\":\"https:\/\/intl.phonak.com\/sq-al\/zgjidhje\/aksesore\/#breadcrumb\",\"itemListElement\":[{\"@type\":\"ListItem\",\"position\":1,\"name\":\"Home\",\"item\":\"https:\/\/intl.phonak.com\/sq-al\/\"},{\"@type\":\"ListItem\",\"position\":2,\"name\":\"Zgjidhje\",\"item\":\"https:\/\/intl.phonak.com\/sq-al\/zgjidhje\/\"},{\"@type\":\"ListItem\",\"position\":3,\"name\":\"Aksesore\"}]},{\"@type\":\"WebSite\",\"@id\":\"https:\/\/intl.phonak.com\/sq-al\/#website\",\"url\":\"https:\/\/intl.phonak.com\/sq-al\/\",\"name\":\"Phonak - Shqip\u00ebria\",\"description\":\"T\u00eb p\u00ebrkushtuar p\u00ebr t\u00eb ndryshuar jet\u00eb\",\"publisher\":{\"@id\":\"https:\/\/intl.phonak.com\/sq-al\/#organization\"},\"potentialAction\":[{\"@type\":\"SearchAction\",\"target\":{\"@type\":\"EntryPoint\",\"urlTemplate\":\"https:\/\/intl.phonak.com\/sq-al\/?s={search_term_string}\"},\"query-input\":{\"@type\":\"PropertyValueSpecification\",\"valueRequired\":true,\"valueName\":\"search_term_string\"}}],\"inLanguage\":\"sq-AL\"},{\"@type\":\"Organization\",\"@id\":\"https:\/\/intl.phonak.com\/sq-al\/#organization\",\"name\":\"Phonak - Shqip\u00ebria\",\"url\":\"https:\/\/intl.phonak.com\/sq-al\/\",\"logo\":{\"@type\":\"ImageObject\",\"inLanguage\":\"sq-AL\",\"@id\":\"https:\/\/intl.phonak.com\/sq-al\/#\/schema\/logo\/image\/\",\"url\":\"https:\/\/intl.phonak.com\/sq-al\/wp-content\/uploads\/sites\/75\/2025\/07\/logo-phonak.svg\",\"contentUrl\":\"https:\/\/intl.phonak.com\/sq-al\/wp-content\/uploads\/sites\/75\/2025\/07\/logo-phonak.svg\",\"caption\":\"Phonak -  Shqip\u00ebria\"},\"image\":{\"@id\":\"https:\/\/intl.phonak.com\/sq-al\/#\/schema\/logo\/image\/\"}}]}<\/script>\n<!-- \/ Yoast SEO plugin. -->","yoast_head_json":{"title":"Aksesor\u00eb - Phonak - Shqip\u00ebria","robots":{"index":"index","follow":"follow","max-snippet":"max-snippet:-1","max-image-preview":"max-image-preview:large","max-video-preview":"max-video-preview:-1"},"canonical":"https:\/\/intl.phonak.com\/main-english\/solutions\/accessories\/","og_locale":"sq_AL","og_type":"article","og_title":"Aksesor\u00eb - Phonak - Shqip\u00ebria","og_description":"Komunikim m\u00eb i mir\u00eb me aksesor\u00eb pa tel Aksesor\u00ebt pa tel Phonak jan\u00eb shtesa t\u00eb dobishme q\u00eb lidhen me aparatet...","og_url":"https:\/\/intl.phonak.com\/sq-al\/zgjidhje\/aksesore\/","og_site_name":"Phonak - Shqip\u00ebria","article_modified_time":"2025-11-10T14:35:18+00:00","og_image":[{"width":600,"height":600,"url":"https:\/\/intl.phonak.com\/sq-al\/wp-content\/uploads\/sites\/75\/2021\/11\/PH_Packshot_Audeo-I-Sphere-xReceiver_050-1029-P7_44ccea.png","type":"image\/png"}],"twitter_card":"summary_large_image","twitter_misc":{"Est. reading time":"2 minutes"},"schema":{"@context":"https:\/\/schema.org","@graph":[{"@type":"WebPage","@id":"https:\/\/intl.phonak.com\/sq-al\/zgjidhje\/aksesore\/","url":"https:\/\/intl.phonak.com\/sq-al\/zgjidhje\/aksesore\/","name":"Aksesor\u00eb - Phonak - Shqip\u00ebria","isPartOf":{"@id":"https:\/\/intl.phonak.com\/sq-al\/#website"},"primaryImageOfPage":{"@id":"https:\/\/intl.phonak.com\/sq-al\/zgjidhje\/aksesore\/#primaryimage"},"image":{"@id":"https:\/\/intl.phonak.com\/sq-al\/zgjidhje\/aksesore\/#primaryimage"},"thumbnailUrl":"https:\/\/intl.phonak.com\/sq-al\/wp-content\/uploads\/sites\/75\/2021\/11\/PH_Packshot_Audeo-I-Sphere-xReceiver_050-1029-P7_44ccea.png","datePublished":"2021-11-17T17:36:12+00:00","dateModified":"2025-11-10T14:35:18+00:00","breadcrumb":{"@id":"https:\/\/intl.phonak.com\/sq-al\/zgjidhje\/aksesore\/#breadcrumb"},"inLanguage":"sq-AL","potentialAction":[{"@type":"ReadAction","target":["https:\/\/intl.phonak.com\/sq-al\/zgjidhje\/aksesore\/"]}]},{"@type":"ImageObject","inLanguage":"sq-AL","@id":"https:\/\/intl.phonak.com\/sq-al\/zgjidhje\/aksesore\/#primaryimage","url":"https:\/\/intl.phonak.com\/sq-al\/wp-content\/uploads\/sites\/75\/2021\/11\/PH_Packshot_Audeo-I-Sphere-xReceiver_050-1029-P7_44ccea.png","contentUrl":"https:\/\/intl.phonak.com\/sq-al\/wp-content\/uploads\/sites\/75\/2021\/11\/PH_Packshot_Audeo-I-Sphere-xReceiver_050-1029-P7_44ccea.png","width":600,"height":600,"caption":"Phonak Aud\u00e9o Sphere Infinio"},{"@type":"BreadcrumbList","@id":"https:\/\/intl.phonak.com\/sq-al\/zgjidhje\/aksesore\/#breadcrumb","itemListElement":[{"@type":"ListItem","position":1,"name":"Home","item":"https:\/\/intl.phonak.com\/sq-al\/"},{"@type":"ListItem","position":2,"name":"Zgjidhje","item":"https:\/\/intl.phonak.com\/sq-al\/zgjidhje\/"},{"@type":"ListItem","position":3,"name":"Aksesore"}]},{"@type":"WebSite","@id":"https:\/\/intl.phonak.com\/sq-al\/#website","url":"https:\/\/intl.phonak.com\/sq-al\/","name":"Phonak - Shqip\u00ebria","description":"T\u00eb p\u00ebrkushtuar p\u00ebr t\u00eb ndryshuar jet\u00eb","publisher":{"@id":"https:\/\/intl.phonak.com\/sq-al\/#organization"},"potentialAction":[{"@type":"SearchAction","target":{"@type":"EntryPoint","urlTemplate":"https:\/\/intl.phonak.com\/sq-al\/?s={search_term_string}"},"query-input":{"@type":"PropertyValueSpecification","valueRequired":true,"valueName":"search_term_string"}}],"inLanguage":"sq-AL"},{"@type":"Organization","@id":"https:\/\/intl.phonak.com\/sq-al\/#organization","name":"Phonak - Shqip\u00ebria","url":"https:\/\/intl.phonak.com\/sq-al\/","logo":{"@type":"ImageObject","inLanguage":"sq-AL","@id":"https:\/\/intl.phonak.com\/sq-al\/#\/schema\/logo\/image\/","url":"https:\/\/intl.phonak.com\/sq-al\/wp-content\/uploads\/sites\/75\/2025\/07\/logo-phonak.svg","contentUrl":"https:\/\/intl.phonak.com\/sq-al\/wp-content\/uploads\/sites\/75\/2025\/07\/logo-phonak.svg","caption":"Phonak -  Shqip\u00ebria"},"image":{"@id":"https:\/\/intl.phonak.com\/sq-al\/#\/schema\/logo\/image\/"}}]}},"jetpack_sharing_enabled":true,"distributor_meta":false,"distributor_terms":false,"distributor_media":false,"distributor_original_site_name":"Phonak -  Shqip\u00ebria","distributor_original_site_url":"https:\/\/intl.phonak.com\/sq-al","push-errors":false,"_links":{"self":[{"href":"https:\/\/intl.phonak.com\/sq-al\/wp-json\/wp\/v2\/pages\/391","targetHints":{"allow":["GET"]}}],"collection":[{"href":"https:\/\/intl.phonak.com\/sq-al\/wp-json\/wp\/v2\/pages"}],"about":[{"href":"https:\/\/intl.phonak.com\/sq-al\/wp-json\/wp\/v2\/types\/page"}],"author":[{"embeddable":true,"href":"https:\/\/intl.phonak.com\/sq-al\/wp-json\/wp\/v2\/users\/5"}],"replies":[{"embeddable":true,"href":"https:\/\/intl.phonak.com\/sq-al\/wp-json\/wp\/v2\/comments?post=391"}],"version-history":[{"count":9,"href":"https:\/\/intl.phonak.com\/sq-al\/wp-json\/wp\/v2\/pages\/391\/revisions"}],"predecessor-version":[{"id":876,"href":"https:\/\/intl.phonak.com\/sq-al\/wp-json\/wp\/v2\/pages\/391\/revisions\/876"}],"up":[{"embeddable":true,"href":"https:\/\/intl.phonak.com\/sq-al\/wp-json\/wp\/v2\/pages\/341"}],"wp:featuredmedia":[{"embeddable":true,"href":"https:\/\/intl.phonak.com\/sq-al\/wp-json\/wp\/v2\/media\/551"}],"wp:attachment":[{"href":"https:\/\/intl.phonak.com\/sq-al\/wp-json\/wp\/v2\/media?parent=391"}],"curies":[{"name":"wp","href":"https:\/\/api.w.org\/{rel}","templated":true}]}}