{"id":387,"date":"2021-11-18T16:56:57","date_gmt":"2021-11-18T16:56:57","guid":{"rendered":"https:\/\/intl.phonak.com\/sq-al\/pediatric-solutions\/"},"modified":"2025-11-17T15:40:33","modified_gmt":"2025-11-17T15:40:33","slug":"zgjidhje-pediatrike","status":"publish","type":"page","link":"https:\/\/intl.phonak.com\/sq-al\/zgjidhje\/zgjidhje-pediatrike\/","title":{"rendered":"Zgjidhje pediatrike"},"content":{"rendered":"\n<div class=\"wp-block-cover alignfull is-light\"><img decoding=\"async\" class=\"wp-block-cover__image-background wp-image-6552\" alt=\"\" src=\"https:\/\/intl.phonak.com\/sq-al\/wp-content\/uploads\/sites\/3\/2023\/02\/PH_Pic_generic_kids_01.png\" data-object-fit=\"cover\"\/><span aria-hidden=\"true\" class=\"wp-block-cover__background has-white-background-color has-background-dim-70 has-background-dim\"><\/span><div class=\"wp-block-cover__inner-container is-layout-flow wp-block-cover-is-layout-flow\">\n<h1 class=\"wp-block-heading has-text-align-center has-dark-grey-color has-text-color\" id=\"discover-your-child-s-hearing\">Zbuloni d\u00ebgjimin e f\u00ebmij\u00ebs tuaj<\/h1>\n\n\n\n<p class=\"has-text-align-center has-dark-grey-color has-text-color has-lead-font-size\">Zgjidhje p\u00ebr d\u00ebgjimin pediatrik p\u00ebr \u00e7do mosh\u00eb<\/p>\n<\/div><\/div>\n\n\n\n<div style=\"height:21px\" aria-hidden=\"true\" class=\"wp-block-spacer\"><\/div>\n\n\n\n<h2 class=\"wp-block-heading has-text-align-center\">Zgjidhje d\u00ebgjimi p\u00ebr f\u00ebmij\u00ebt dhe adoleshent\u00ebt<\/h2>\n\n\n\n<p class=\"has-text-align-center is-style-default\">\u00c7do f\u00ebmij\u00eb \u00ebsht\u00eb unik dhe po ashtu jan\u00eb nevojat e tyre p\u00ebr d\u00ebgjim. Me nj\u00eb gam\u00eb t\u00eb gjer\u00eb t\u00eb aparateve d\u00ebgjimi Phonak dhe aksesor\u00ebve t\u00eb komunikimit pa tel, ka nj\u00eb zgjidhje teknologjike p\u00ebr \u00e7do mosh\u00eb t\u00eb f\u00ebmij\u00ebs.<\/p>\n\n\n\n<p class=\"has-text-align-center\">Qasja n\u00eb fjal\u00eb dhe biseda \u00ebsht\u00eb jetike n\u00eb zhvillimin e f\u00ebmij\u00ebve dhe adoleshent\u00ebve. Bisedat me t\u00eb dashurit \u2014 n\u00eb dark\u00eb, n\u00eb park, n\u00eb makin\u00eb \u2014 jan\u00eb nd\u00ebr p\u00ebrb\u00ebr\u00ebsit m\u00eb thelb\u00ebsor\u00eb n\u00eb formimin e zhvillimit t\u00eb gjuh\u00ebs.<\/p>\n\n\n\n<p class=\"has-text-align-center\">Nd\u00ebrtimi i nj\u00eb mjedisi t\u00eb pasur me gjuh\u00eb p\u00ebr f\u00ebmij\u00ebt me humbje d\u00ebgjimi do t\u00eb thot\u00eb maksimizimi i \u00e7do mund\u00ebsie p\u00ebr nd\u00ebrveprim, dhe aparatet d\u00ebgjimi p\u00ebr f\u00ebmij\u00ebt t\u00eb dizajnuara p\u00ebr t&#8217;u mbajtur rehat gjat\u00eb gjith\u00eb dit\u00ebs ndihmojn\u00eb f\u00ebmij\u00ebt dhe adoleshent\u00ebt me humbje d\u00ebgjimi t\u00eb maksimizojn\u00eb nd\u00ebrveprimet &#8220;sh\u00ebrbe dhe kthehu&#8221; q\u00eb jan\u00eb n\u00eb dispozicion p\u00ebr ta p\u00ebrmes nj\u00eb rrjedhe situatash q\u00eb ndryshojn\u00eb vazhdimisht.<\/p>\n\n\n\n<div style=\"height:53px\" aria-hidden=\"true\" class=\"wp-block-spacer\"><\/div>\n\n\n\n<div class=\"wp-block-media-text has-media-on-the-right is-stacked-on-mobile\"><div class=\"wp-block-media-text__content\">\n<h3 class=\"wp-block-heading has-blue-color has-text-color\">Foshnjat dhe f\u00ebmij\u00ebt e vegj\u00ebl<\/h3>\n\n\n\n<p>P\u00ebr k\u00ebt\u00eb grupmosh\u00eb, \u00ebsht\u00eb e r\u00ebnd\u00ebsishme t\u00eb sigurohet stimulimi i d\u00ebgjimit dhe q\u00eb f\u00ebmija t\u00eb mbaj\u00eb aparatet e tij ose t\u00eb saj t\u00eb d\u00ebgjimit sa m\u00eb shum\u00eb t\u00eb jet\u00eb e mundur. Foshnjat dhe f\u00ebmij\u00ebt e vegj\u00ebl zakonisht mbajn\u00eb aparate d\u00ebgjimi pas veshit pasi ato ofrojn\u00eb rehati, stabilitet dhe siguri m\u00eb t\u00eb mir\u00eb p\u00ebr k\u00ebt\u00eb grupmosh\u00eb.<\/p>\n\n\n\n<h5 class=\"wp-block-heading\">Kontrollet e d\u00ebgjimit p\u00ebr f\u00ebmij\u00ebt     <\/h5>\n\n\n\n<p>Aft\u00ebsia e d\u00ebgjimit mund t\u00eb testohet tek foshnjat e sapolindura menj\u00ebher\u00eb pas lindjes. Sa m\u00eb shpejt t\u00eb zbulohet nj\u00eb humbje d\u00ebgjimi, aq m\u00eb mir\u00eb \u00ebsht\u00eb, sepse nd\u00ebrhyrja e duhur \u00ebsht\u00eb shum\u00eb e r\u00ebnd\u00ebsishme p\u00ebr zhvillimin e t\u00eb folurit dhe gjuh\u00ebs s\u00eb f\u00ebmij\u00ebs tuaj.<\/p>\n<\/div><figure class=\"wp-block-media-text__media\"><img decoding=\"async\" src=\"https:\/\/intl.phonak.com\/sq-al\/wp-content\/uploads\/sites\/3\/2023\/12\/Visual_Sky-L-PR_ChildAndMomExhibitionBackdropCropped.jpg?w=592\" alt=\"Mom and daughter \" class=\"wp-image-7305 size-full\"\/><\/figure><\/div>\n\n\n\n<div class=\"wp-block-media-text is-stacked-on-mobile\"><figure class=\"wp-block-media-text__media\"><img decoding=\"async\" src=\"https:\/\/intl.phonak.com\/sq-al\/wp-content\/uploads\/sites\/3\/2023\/12\/Visual_Sky-L-UP_Kid.jpg?w=592\" alt=\"Kids\" class=\"wp-image-7308 size-full\"\/><\/figure><div class=\"wp-block-media-text__content\">\n<h3 class=\"wp-block-heading has-blue-color has-text-color\">F\u00ebmij\u00ebt n\u00eb mosh\u00eb shkollore<\/h3>\n\n\n\n<p>F\u00ebmij\u00ebt fillojn\u00eb t\u00eb jen\u00eb m\u00eb t\u00eb pavarur dhe ata ekspozohen ndaj situatave m\u00eb komplekse t\u00eb komunikimit n\u00eb k\u00ebt\u00eb mosh\u00eb. P\u00ebr ta b\u00ebr\u00eb m\u00eb t\u00eb leht\u00eb p\u00ebr f\u00ebmij\u00ebn tuaj t\u00eb kuptoj\u00eb \u00e7far\u00eb po thot\u00eb m\u00ebsuesi ose t\u00eb d\u00ebgjoj\u00eb kur po e th\u00ebrrisni, ka mjete komunikimi pa tel p\u00ebr t\u00eb ndihmuar. Kombinime t\u00eb ndryshme ngjyrash e b\u00ebjn\u00eb t\u00eb k\u00ebndshme p\u00ebr f\u00ebmij\u00ebn tuaj t\u00eb mbaj\u00eb aparatet e tij ose t\u00eb saj t\u00eb d\u00ebgjimit.<\/p>\n<\/div><\/div>\n\n\n\n<div class=\"wp-block-media-text has-media-on-the-right is-stacked-on-mobile\"><div class=\"wp-block-media-text__content\">\n<h3 class=\"wp-block-heading has-blue-color has-text-color\">Adoleshent\u00ebt<\/h3>\n\n\n\n<p>Adoleshenti juaj d\u00ebshiron t\u00eb jet\u00eb si \u00e7do adoleshent tjet\u00ebr: t\u00eb b\u00ebj\u00eb sport, t\u00eb d\u00ebgjoj\u00eb muzik\u00eb, t\u00eb kaloj\u00eb koh\u00eb me miqt\u00eb, t\u00eb tregoj\u00eb ve\u00e7antin\u00eb e tij ose t\u00eb saj p\u00ebrmes mod\u00ebs ose stilit t\u00eb flok\u00ebve etj. Adoleshenti juaj mund t\u00eb b\u00ebj\u00eb t\u00eb gjitha k\u00ebto fal\u00eb aksesor\u00ebve pa tel q\u00eb lidhin aparatet e d\u00ebgjimit me mp3-player, celular, tablet ose TV. D\u00ebgjimi i trajnerit ose miqve, edhe n\u00eb distanc\u00eb ose n\u00eb mjedise t\u00eb zhurmshme, do t\u00eb jet\u00eb i leht\u00eb.<\/p>\n<\/div><figure class=\"wp-block-media-text__media\"><img decoding=\"async\" src=\"https:\/\/intl.phonak.com\/sq-al\/wp-content\/uploads\/sites\/3\/2023\/12\/Visual_Audeo-L-RL_Teen-1-1-Converstations-in-Loud-1.jpg?w=592\" alt=\"Teenagers\" class=\"wp-image-7310 size-full\"\/><\/figure><\/div>\n\n\n\n<div style=\"height:39px\" aria-hidden=\"true\" class=\"wp-block-spacer\"><\/div>\n\n\n\n<div class=\"wp-block-media-text is-stacked-on-mobile\"><figure class=\"wp-block-media-text__media\"><img decoding=\"async\" src=\"https:\/\/intl.phonak.com\/sq-al\/wp-content\/uploads\/sites\/3\/2022\/03\/Roger-Ped-accessories-RGB.jpg?w=1024\" alt=\"\" class=\"wp-image-5309 size-full\"\/><\/figure><div class=\"wp-block-media-text__content\">\n<h3 class=\"wp-block-heading has-blue-color has-text-color\" id=\"meet-roger\">Takohu me Roger p\u00ebr edukim<\/h3>\n\n\n\n<p>Shum\u00eb situata mund t\u00eb paraqesin nj\u00eb sfid\u00eb d\u00ebgjimi, k\u00ebshtu q\u00eb ndonj\u00ebher\u00eb edhe teknologjia m\u00eb e avancuar e aparatit t\u00eb d\u00ebgjimit ka nevoj\u00eb p\u00ebr nj\u00eb shtytje. Me aksesor\u00ebt tan\u00eb pa tel, f\u00ebmija juaj mund t\u00eb komunikoj\u00eb m\u00eb leht\u00eb dhe t\u00eb lidhet me teknologjin\u00eb e sotme audio, si\u00e7 jan\u00eb telefonat inteligjent\u00eb, pajisjet Bluetooth\u00ae, MP3 player dhe TV.<\/p>\n\n\n\n<p><a href=\"https:\/\/intl.phonak.com\/sq-al\/zgjidhje\/roger-per-edukim\/\">Lexoni m\u00eb shum\u00eb rreth Roger p\u00ebr edukim<\/a><\/p>\n<\/div><\/div>\n\n\n\n<div class=\"wp-block-group alignfull has-light-grey-background-color has-background is-layout-flow wp-block-group-is-layout-flow\">\n\t<div class=\"wp-block-pho-product-selection \">\n\t\t<div class=\"grid-x grid-padding-x grid-padding-y\">\n\n\t\t\t\n\t\t\t\t<div class=\"cell medium-6 large-4 flex-container\">\n\t\t\t\t\t\n<article id=\"post-34\" class=\"product-card post-34 pho_products type-pho_products status-publish has-post-thumbnail hentry pho_product_type-femije-dhe-adoleshente pho_product_type-fuqi pho_product_category-aparatet-e-degjimit pho_product_category-pediater pho_product_platforms-lumity\">\n\t\t<a class=\"flex-container flex-dir-column align-justify align-top\" href=\"https:\/\/intl.phonak.com\/sq-al\/produkte\/phonak-sky-lumity\/\">\n\t\t<div class=\"product-card-content-wrapper\">\n\t\t\t\n\t\t\t\t<div class=\"product-image-wrapper\">\n\t\t\t\t\t<img loading=\"lazy\" decoding=\"async\" width=\"600\" height=\"600\" src=\"https:\/\/intl.phonak.com\/sq-al\/wp-content\/uploads\/sites\/75\/2023\/10\/PH_Packshot_Love-Sky-L-Hook_M8-1.png?w=600\" class=\"attachment-post-thumbnail size-post-thumbnail wp-post-image\" alt=\"\" srcset=\"https:\/\/intl.phonak.com\/sq-al\/wp-content\/uploads\/sites\/75\/2023\/10\/PH_Packshot_Love-Sky-L-Hook_M8-1.png 600w, https:\/\/intl.phonak.com\/sq-al\/wp-content\/uploads\/sites\/75\/2023\/10\/PH_Packshot_Love-Sky-L-Hook_M8-1.png?resize=150,150 150w, https:\/\/intl.phonak.com\/sq-al\/wp-content\/uploads\/sites\/75\/2023\/10\/PH_Packshot_Love-Sky-L-Hook_M8-1.png?resize=300,300 300w\" sizes=\"auto, (max-width: 600px) 100vw, 600px\" \/>\t\t\t\t<\/div>\n\n\t\t\t\t<h3 class=\"entry-title\">Phonak Sky\u2122 Lumity<\/h3><p>Opsioni pediatrik, i pajisur me teknologjin\u00eb m\u00eb t\u00eb fundit Lumity. P\u00ebrmban nj\u00eb gam\u00eb t\u00eb gjer\u00eb kombinimesh ngjyrash pediatrike n\u00eb m\u00ebnyr\u00eb q\u00eb f\u00ebmij\u00ebt t\u00eb p\u00ebrqafojn\u00eb ve\u00e7antin\u00eb e tyre.<\/p>\n\t\t<\/div>\n\t\t<div class=\"wp-block-button\">\n\t\t\t<div class=\"wp-block-button__link\">Lexo m\u00eb shum\u00eb<\/div>\n\t\t<\/div>\n\t<\/a>\n<\/article><!-- #post-34 -->\n\t\t\t\t<\/div>\n\n\t\t\t\t\n\t\t\t\t<div class=\"cell medium-6 large-4 flex-container\">\n\t\t\t\t\t\n<article id=\"post-136\" class=\"product-card post-136 pho_products type-pho_products status-publish has-post-thumbnail hentry pho_product_type-femije-dhe-adoleshente pho_product_type-roger pho_product_category-pediater pho_product_category-transmetuesi-roger pho_product_platforms-roger\">\n\t\t<a class=\"flex-container flex-dir-column align-justify align-top\" href=\"https:\/\/intl.phonak.com\/sq-al\/produkte\/roger-focus-ii\/\">\n\t\t<div class=\"product-card-content-wrapper\">\n\t\t\t\n\t\t\t\t<div class=\"product-image-wrapper\">\n\t\t\t\t\t<img loading=\"lazy\" decoding=\"async\" width=\"600\" height=\"600\" src=\"https:\/\/intl.phonak.com\/sq-al\/wp-content\/uploads\/sites\/75\/2021\/11\/PH_Packshot_Naida_P-UP_Pair_with.png?w=600\" class=\"attachment-post-thumbnail size-post-thumbnail wp-post-image\" alt=\"\" srcset=\"https:\/\/intl.phonak.com\/sq-al\/wp-content\/uploads\/sites\/75\/2021\/11\/PH_Packshot_Naida_P-UP_Pair_with.png 600w, https:\/\/intl.phonak.com\/sq-al\/wp-content\/uploads\/sites\/75\/2021\/11\/PH_Packshot_Naida_P-UP_Pair_with.png?resize=150,150 150w, https:\/\/intl.phonak.com\/sq-al\/wp-content\/uploads\/sites\/75\/2021\/11\/PH_Packshot_Naida_P-UP_Pair_with.png?resize=300,300 300w\" sizes=\"auto, (max-width: 600px) 100vw, 600px\" \/>\t\t\t\t<\/div>\n\n\t\t\t\t<h3 class=\"entry-title\">Roger Focus II<\/h3><p>Ndihmon f\u00ebmij\u00ebn tuaj t\u00eb p\u00ebrqendrohet duke i d\u00ebrguar z\u00ebrin e m\u00ebsuesit drejtp\u00ebrdrejt n\u00eb veshin e f\u00ebmij\u00ebs tuaj.<\/p>\n\t\t<\/div>\n\t\t<div class=\"wp-block-button\">\n\t\t\t<div class=\"wp-block-button__link\">Lexo m\u00eb shum\u00eb<\/div>\n\t\t<\/div>\n\t<\/a>\n<\/article><!-- #post-136 -->\n\t\t\t\t<\/div>\n\n\t\t\t\t\n\t\t\t\t<div class=\"cell medium-6 large-4 flex-container\">\n\t\t\t\t\t\n<article id=\"post-132\" class=\"product-card post-132 pho_products type-pho_products status-publish has-post-thumbnail hentry pho_product_type-femije-dhe-adoleshente pho_product_type-roger pho_product_category-mikrofonat-roger pho_product_platforms-roger\">\n\t\t<a class=\"flex-container flex-dir-column align-justify align-top\" href=\"https:\/\/intl.phonak.com\/sq-al\/produkte\/roger-touchscreen-mic\/\">\n\t\t<div class=\"product-card-content-wrapper\">\n\t\t\t\n\t\t\t\t<div class=\"product-image-wrapper\">\n\t\t\t\t\t<img loading=\"lazy\" decoding=\"async\" width=\"600\" height=\"600\" src=\"https:\/\/intl.phonak.com\/sq-al\/wp-content\/uploads\/sites\/75\/2021\/11\/Packshot_Roger_Touchscreen_Mic_S.png?w=600\" class=\"attachment-post-thumbnail size-post-thumbnail wp-post-image\" alt=\"\" srcset=\"https:\/\/intl.phonak.com\/sq-al\/wp-content\/uploads\/sites\/75\/2021\/11\/Packshot_Roger_Touchscreen_Mic_S.png 600w, https:\/\/intl.phonak.com\/sq-al\/wp-content\/uploads\/sites\/75\/2021\/11\/Packshot_Roger_Touchscreen_Mic_S.png?resize=150,150 150w, https:\/\/intl.phonak.com\/sq-al\/wp-content\/uploads\/sites\/75\/2021\/11\/Packshot_Roger_Touchscreen_Mic_S.png?resize=300,300 300w\" sizes=\"auto, (max-width: 600px) 100vw, 600px\" \/>\t\t\t\t<\/div>\n\n\t\t\t\t<h3 class=\"entry-title\">Roger Touchscreen Mic<\/h3><p>Mikrofon i thjesht\u00eb dhe intuitiv p\u00ebr m\u00ebsuesin p\u00ebr ta veshur ose vendosur n\u00eb nj\u00eb tavolin\u00eb p\u00ebr t\u00eb kapur fjalimin nga nj\u00eb grup student\u00ebsh.<\/p>\n\t\t<\/div>\n\t\t<div class=\"wp-block-button\">\n\t\t\t<div class=\"wp-block-button__link\">Lexo m\u00eb shum\u00eb<\/div>\n\t\t<\/div>\n\t<\/a>\n<\/article><!-- #post-132 -->\n\t\t\t\t<\/div>\n\n\t\t\t\t\n\t\t<\/div>\n\t<\/div>\n\n\t\n\n\n<div class=\"wp-block-buttons is-content-justification-center is-layout-flex wp-container-core-buttons-is-layout-16018d1d wp-block-buttons-is-layout-flex\">\n<div class=\"wp-block-button\"><a class=\"wp-block-button__link wp-element-button\" href=\"https:\/\/intl.phonak.com\/sq-al\/zgjidhje\/produkte\/\">T\u00eb gjitha produktet<\/a><\/div>\n<\/div>\n<\/div>\n\n\n\n<div class=\"wp-block-media-text is-stacked-on-mobile cta-block\" style=\"grid-template-columns:35% auto\"><figure class=\"wp-block-media-text__media\"><img decoding=\"async\" src=\"https:\/\/intl.phonak.com\/main-english\/wp-content\/uploads\/sites\/3\/2021\/11\/cta-image.jpg?w=401\" alt=\"\" class=\"wp-image-6738 size-full\"\/><\/figure><div class=\"wp-block-media-text__content\">\n<div class=\"wp-block-create-block-icon-selector\"><i class=\"fal fa-map-marker-alt\"><\/i><\/div>   \n<h3 class=\"wp-block-heading\">Ekspert\u00eb t\u00eb d\u00ebgjimit pran\u00eb jush<\/h3>   <p>Profesional\u00ebt e kujdesit p\u00ebr d\u00ebgjimin mund t&#8217;ju ndihmojn\u00eb t\u00eb b\u00ebni zgjedhjen q\u00eb \u00ebsht\u00eb perfekte p\u00ebr ju. Ata do t\u00eb marrin parasysh nevojat tuaja t\u00eb d\u00ebgjimit, buxhetin tuaj, stilin e jetes\u00ebs dhe preferencat tuaja individuale t\u00eb d\u00ebgjimit. <\/p>   <div class=\"wp-block-buttons is-layout-flex wp-block-buttons-is-layout-flex\">\n<div class=\"wp-block-button is-style-marker-green\"><a class=\"wp-block-button__link wp-element-button\" href=\"https:\/\/intl.phonak.com\/sq-al\/gjeni-nje-ekspert\/\">Gjeni nje ekspert<\/a><\/div>\n<\/div>\n<\/div><\/div> ","protected":false},"excerpt":{"rendered":"<p>Zgjidhje d\u00ebgjimi p\u00ebr f\u00ebmij\u00ebt dhe adoleshent\u00ebt \u00c7do f\u00ebmij\u00eb \u00ebsht\u00eb unik dhe po ashtu jan\u00eb nevojat e tyre p\u00ebr d\u00ebgjim. Me&#8230;<\/p>\n","protected":false},"author":5,"featured_media":843,"parent":341,"menu_order":0,"comment_status":"closed","ping_status":"closed","template":"","meta":{"_acf_changed":false,"inline_featured_image":false,"footnotes":""},"class_list":["post-387","page","type-page","status-publish","has-post-thumbnail","hentry"],"acf":[],"yoast_head":"<!-- This site is optimized with the Yoast SEO plugin v26.9 - https:\/\/yoast.com\/product\/yoast-seo-wordpress\/ -->\n<title>Zgjidhje pediatrike - Phonak - Shqip\u00ebria<\/title>\n<meta name=\"robots\" content=\"index, follow, max-snippet:-1, max-image-preview:large, max-video-preview:-1\" \/>\n<link rel=\"canonical\" href=\"https:\/\/intl.phonak.com\/main-english\/solutions\/pediatric-solutions\/\" \/>\n<meta property=\"og:locale\" content=\"sq_AL\" \/>\n<meta property=\"og:type\" content=\"article\" \/>\n<meta property=\"og:title\" content=\"Zgjidhje pediatrike - Phonak - Shqip\u00ebria\" \/>\n<meta property=\"og:description\" content=\"Zgjidhje d\u00ebgjimi p\u00ebr f\u00ebmij\u00ebt dhe adoleshent\u00ebt \u00c7do f\u00ebmij\u00eb \u00ebsht\u00eb unik dhe po ashtu jan\u00eb nevojat e tyre p\u00ebr d\u00ebgjim. Me...\" \/>\n<meta property=\"og:url\" content=\"https:\/\/intl.phonak.com\/sq-al\/zgjidhje\/zgjidhje-pediatrike\/\" \/>\n<meta property=\"og:site_name\" content=\"Phonak - Shqip\u00ebria\" \/>\n<meta property=\"article:modified_time\" content=\"2025-11-17T15:40:33+00:00\" \/>\n<meta property=\"og:image\" content=\"https:\/\/intl.phonak.com\/sq-al\/wp-content\/uploads\/sites\/75\/2021\/11\/PH_Packshot_Audeo-I-Sphere-xReceiver_050-1029-P7-1.png\" \/>\n\t<meta property=\"og:image:width\" content=\"600\" \/>\n\t<meta property=\"og:image:height\" content=\"600\" \/>\n\t<meta property=\"og:image:type\" content=\"image\/png\" \/>\n<meta name=\"twitter:card\" content=\"summary_large_image\" \/>\n<meta name=\"twitter:label1\" content=\"Est. reading time\" \/>\n\t<meta name=\"twitter:data1\" content=\"5 minutes\" \/>\n<script type=\"application\/ld+json\" class=\"yoast-schema-graph\">{\"@context\":\"https:\/\/schema.org\",\"@graph\":[{\"@type\":\"WebPage\",\"@id\":\"https:\/\/intl.phonak.com\/sq-al\/zgjidhje\/zgjidhje-pediatrike\/\",\"url\":\"https:\/\/intl.phonak.com\/sq-al\/zgjidhje\/zgjidhje-pediatrike\/\",\"name\":\"Zgjidhje pediatrike - Phonak - Shqip\u00ebria\",\"isPartOf\":{\"@id\":\"https:\/\/intl.phonak.com\/sq-al\/#website\"},\"primaryImageOfPage\":{\"@id\":\"https:\/\/intl.phonak.com\/sq-al\/zgjidhje\/zgjidhje-pediatrike\/#primaryimage\"},\"image\":{\"@id\":\"https:\/\/intl.phonak.com\/sq-al\/zgjidhje\/zgjidhje-pediatrike\/#primaryimage\"},\"thumbnailUrl\":\"https:\/\/intl.phonak.com\/sq-al\/wp-content\/uploads\/sites\/75\/2021\/11\/PH_Packshot_Audeo-I-Sphere-xReceiver_050-1029-P7-1.png\",\"datePublished\":\"2021-11-18T16:56:57+00:00\",\"dateModified\":\"2025-11-17T15:40:33+00:00\",\"breadcrumb\":{\"@id\":\"https:\/\/intl.phonak.com\/sq-al\/zgjidhje\/zgjidhje-pediatrike\/#breadcrumb\"},\"inLanguage\":\"sq-AL\",\"potentialAction\":[{\"@type\":\"ReadAction\",\"target\":[\"https:\/\/intl.phonak.com\/sq-al\/zgjidhje\/zgjidhje-pediatrike\/\"]}]},{\"@type\":\"ImageObject\",\"inLanguage\":\"sq-AL\",\"@id\":\"https:\/\/intl.phonak.com\/sq-al\/zgjidhje\/zgjidhje-pediatrike\/#primaryimage\",\"url\":\"https:\/\/intl.phonak.com\/sq-al\/wp-content\/uploads\/sites\/75\/2021\/11\/PH_Packshot_Audeo-I-Sphere-xReceiver_050-1029-P7-1.png\",\"contentUrl\":\"https:\/\/intl.phonak.com\/sq-al\/wp-content\/uploads\/sites\/75\/2021\/11\/PH_Packshot_Audeo-I-Sphere-xReceiver_050-1029-P7-1.png\",\"width\":600,\"height\":600,\"caption\":\"Phonak Aud\u00e9o Sphere Infinio\"},{\"@type\":\"BreadcrumbList\",\"@id\":\"https:\/\/intl.phonak.com\/sq-al\/zgjidhje\/zgjidhje-pediatrike\/#breadcrumb\",\"itemListElement\":[{\"@type\":\"ListItem\",\"position\":1,\"name\":\"Home\",\"item\":\"https:\/\/intl.phonak.com\/sq-al\/\"},{\"@type\":\"ListItem\",\"position\":2,\"name\":\"Zgjidhje\",\"item\":\"https:\/\/intl.phonak.com\/sq-al\/zgjidhje\/\"},{\"@type\":\"ListItem\",\"position\":3,\"name\":\"Zgjidhje pediatrike\"}]},{\"@type\":\"WebSite\",\"@id\":\"https:\/\/intl.phonak.com\/sq-al\/#website\",\"url\":\"https:\/\/intl.phonak.com\/sq-al\/\",\"name\":\"Phonak - Shqip\u00ebria\",\"description\":\"T\u00eb p\u00ebrkushtuar p\u00ebr t\u00eb ndryshuar jet\u00eb\",\"publisher\":{\"@id\":\"https:\/\/intl.phonak.com\/sq-al\/#organization\"},\"potentialAction\":[{\"@type\":\"SearchAction\",\"target\":{\"@type\":\"EntryPoint\",\"urlTemplate\":\"https:\/\/intl.phonak.com\/sq-al\/?s={search_term_string}\"},\"query-input\":{\"@type\":\"PropertyValueSpecification\",\"valueRequired\":true,\"valueName\":\"search_term_string\"}}],\"inLanguage\":\"sq-AL\"},{\"@type\":\"Organization\",\"@id\":\"https:\/\/intl.phonak.com\/sq-al\/#organization\",\"name\":\"Phonak - Shqip\u00ebria\",\"url\":\"https:\/\/intl.phonak.com\/sq-al\/\",\"logo\":{\"@type\":\"ImageObject\",\"inLanguage\":\"sq-AL\",\"@id\":\"https:\/\/intl.phonak.com\/sq-al\/#\/schema\/logo\/image\/\",\"url\":\"https:\/\/intl.phonak.com\/sq-al\/wp-content\/uploads\/sites\/75\/2025\/07\/logo-phonak.svg\",\"contentUrl\":\"https:\/\/intl.phonak.com\/sq-al\/wp-content\/uploads\/sites\/75\/2025\/07\/logo-phonak.svg\",\"caption\":\"Phonak -  Shqip\u00ebria\"},\"image\":{\"@id\":\"https:\/\/intl.phonak.com\/sq-al\/#\/schema\/logo\/image\/\"}}]}<\/script>\n<!-- \/ Yoast SEO plugin. -->","yoast_head_json":{"title":"Zgjidhje pediatrike - Phonak - Shqip\u00ebria","robots":{"index":"index","follow":"follow","max-snippet":"max-snippet:-1","max-image-preview":"max-image-preview:large","max-video-preview":"max-video-preview:-1"},"canonical":"https:\/\/intl.phonak.com\/main-english\/solutions\/pediatric-solutions\/","og_locale":"sq_AL","og_type":"article","og_title":"Zgjidhje pediatrike - Phonak - Shqip\u00ebria","og_description":"Zgjidhje d\u00ebgjimi p\u00ebr f\u00ebmij\u00ebt dhe adoleshent\u00ebt \u00c7do f\u00ebmij\u00eb \u00ebsht\u00eb unik dhe po ashtu jan\u00eb nevojat e tyre p\u00ebr d\u00ebgjim. Me...","og_url":"https:\/\/intl.phonak.com\/sq-al\/zgjidhje\/zgjidhje-pediatrike\/","og_site_name":"Phonak - Shqip\u00ebria","article_modified_time":"2025-11-17T15:40:33+00:00","og_image":[{"width":600,"height":600,"url":"https:\/\/intl.phonak.com\/sq-al\/wp-content\/uploads\/sites\/75\/2021\/11\/PH_Packshot_Audeo-I-Sphere-xReceiver_050-1029-P7-1.png","type":"image\/png"}],"twitter_card":"summary_large_image","twitter_misc":{"Est. reading time":"5 minutes"},"schema":{"@context":"https:\/\/schema.org","@graph":[{"@type":"WebPage","@id":"https:\/\/intl.phonak.com\/sq-al\/zgjidhje\/zgjidhje-pediatrike\/","url":"https:\/\/intl.phonak.com\/sq-al\/zgjidhje\/zgjidhje-pediatrike\/","name":"Zgjidhje pediatrike - Phonak - Shqip\u00ebria","isPartOf":{"@id":"https:\/\/intl.phonak.com\/sq-al\/#website"},"primaryImageOfPage":{"@id":"https:\/\/intl.phonak.com\/sq-al\/zgjidhje\/zgjidhje-pediatrike\/#primaryimage"},"image":{"@id":"https:\/\/intl.phonak.com\/sq-al\/zgjidhje\/zgjidhje-pediatrike\/#primaryimage"},"thumbnailUrl":"https:\/\/intl.phonak.com\/sq-al\/wp-content\/uploads\/sites\/75\/2021\/11\/PH_Packshot_Audeo-I-Sphere-xReceiver_050-1029-P7-1.png","datePublished":"2021-11-18T16:56:57+00:00","dateModified":"2025-11-17T15:40:33+00:00","breadcrumb":{"@id":"https:\/\/intl.phonak.com\/sq-al\/zgjidhje\/zgjidhje-pediatrike\/#breadcrumb"},"inLanguage":"sq-AL","potentialAction":[{"@type":"ReadAction","target":["https:\/\/intl.phonak.com\/sq-al\/zgjidhje\/zgjidhje-pediatrike\/"]}]},{"@type":"ImageObject","inLanguage":"sq-AL","@id":"https:\/\/intl.phonak.com\/sq-al\/zgjidhje\/zgjidhje-pediatrike\/#primaryimage","url":"https:\/\/intl.phonak.com\/sq-al\/wp-content\/uploads\/sites\/75\/2021\/11\/PH_Packshot_Audeo-I-Sphere-xReceiver_050-1029-P7-1.png","contentUrl":"https:\/\/intl.phonak.com\/sq-al\/wp-content\/uploads\/sites\/75\/2021\/11\/PH_Packshot_Audeo-I-Sphere-xReceiver_050-1029-P7-1.png","width":600,"height":600,"caption":"Phonak Aud\u00e9o Sphere Infinio"},{"@type":"BreadcrumbList","@id":"https:\/\/intl.phonak.com\/sq-al\/zgjidhje\/zgjidhje-pediatrike\/#breadcrumb","itemListElement":[{"@type":"ListItem","position":1,"name":"Home","item":"https:\/\/intl.phonak.com\/sq-al\/"},{"@type":"ListItem","position":2,"name":"Zgjidhje","item":"https:\/\/intl.phonak.com\/sq-al\/zgjidhje\/"},{"@type":"ListItem","position":3,"name":"Zgjidhje pediatrike"}]},{"@type":"WebSite","@id":"https:\/\/intl.phonak.com\/sq-al\/#website","url":"https:\/\/intl.phonak.com\/sq-al\/","name":"Phonak - Shqip\u00ebria","description":"T\u00eb p\u00ebrkushtuar p\u00ebr t\u00eb ndryshuar jet\u00eb","publisher":{"@id":"https:\/\/intl.phonak.com\/sq-al\/#organization"},"potentialAction":[{"@type":"SearchAction","target":{"@type":"EntryPoint","urlTemplate":"https:\/\/intl.phonak.com\/sq-al\/?s={search_term_string}"},"query-input":{"@type":"PropertyValueSpecification","valueRequired":true,"valueName":"search_term_string"}}],"inLanguage":"sq-AL"},{"@type":"Organization","@id":"https:\/\/intl.phonak.com\/sq-al\/#organization","name":"Phonak - Shqip\u00ebria","url":"https:\/\/intl.phonak.com\/sq-al\/","logo":{"@type":"ImageObject","inLanguage":"sq-AL","@id":"https:\/\/intl.phonak.com\/sq-al\/#\/schema\/logo\/image\/","url":"https:\/\/intl.phonak.com\/sq-al\/wp-content\/uploads\/sites\/75\/2025\/07\/logo-phonak.svg","contentUrl":"https:\/\/intl.phonak.com\/sq-al\/wp-content\/uploads\/sites\/75\/2025\/07\/logo-phonak.svg","caption":"Phonak -  Shqip\u00ebria"},"image":{"@id":"https:\/\/intl.phonak.com\/sq-al\/#\/schema\/logo\/image\/"}}]}},"jetpack_sharing_enabled":true,"distributor_meta":false,"distributor_terms":false,"distributor_media":false,"distributor_original_site_name":"Phonak -  Shqip\u00ebria","distributor_original_site_url":"https:\/\/intl.phonak.com\/sq-al","push-errors":false,"_links":{"self":[{"href":"https:\/\/intl.phonak.com\/sq-al\/wp-json\/wp\/v2\/pages\/387","targetHints":{"allow":["GET"]}}],"collection":[{"href":"https:\/\/intl.phonak.com\/sq-al\/wp-json\/wp\/v2\/pages"}],"about":[{"href":"https:\/\/intl.phonak.com\/sq-al\/wp-json\/wp\/v2\/types\/page"}],"author":[{"embeddable":true,"href":"https:\/\/intl.phonak.com\/sq-al\/wp-json\/wp\/v2\/users\/5"}],"replies":[{"embeddable":true,"href":"https:\/\/intl.phonak.com\/sq-al\/wp-json\/wp\/v2\/comments?post=387"}],"version-history":[{"count":16,"href":"https:\/\/intl.phonak.com\/sq-al\/wp-json\/wp\/v2\/pages\/387\/revisions"}],"predecessor-version":[{"id":940,"href":"https:\/\/intl.phonak.com\/sq-al\/wp-json\/wp\/v2\/pages\/387\/revisions\/940"}],"up":[{"embeddable":true,"href":"https:\/\/intl.phonak.com\/sq-al\/wp-json\/wp\/v2\/pages\/341"}],"wp:featuredmedia":[{"embeddable":true,"href":"https:\/\/intl.phonak.com\/sq-al\/wp-json\/wp\/v2\/media\/843"}],"wp:attachment":[{"href":"https:\/\/intl.phonak.com\/sq-al\/wp-json\/wp\/v2\/media?parent=387"}],"curies":[{"name":"wp","href":"https:\/\/api.w.org\/{rel}","templated":true}]}}