{"id":383,"date":"2021-11-29T20:47:45","date_gmt":"2021-11-29T20:47:45","guid":{"rendered":"https:\/\/intl.phonak.com\/sq-al\/causes-of-hearing-loss\/"},"modified":"2025-11-11T13:05:17","modified_gmt":"2025-11-11T13:05:17","slug":"shkaqet-e-humbjes-se-degjimit","status":"publish","type":"page","link":"https:\/\/intl.phonak.com\/sq-al\/humbja-e-degjimit\/shkaqet-e-humbjes-se-degjimit\/","title":{"rendered":"Shkaqet e humbjes s\u00eb d\u00ebgjimit"},"content":{"rendered":"\n<div class=\"wp-block-cover alignfull is-light\"><img decoding=\"async\" class=\"wp-block-cover__image-background wp-image-4482\" alt=\"Signs of hearing loss\" src=\"https:\/\/intl.phonak.com\/sq-al\/wp-content\/uploads\/sites\/3\/2022\/02\/Banner_ways-to-better-hearing.jpg\" style=\"object-position:15% 88%\" data-object-fit=\"cover\" data-object-position=\"15% 88%\"\/><span aria-hidden=\"true\" class=\"wp-block-cover__background has-white-background-color has-background-dim-60 has-background-dim\"><\/span><div class=\"wp-block-cover__inner-container is-layout-flow wp-block-cover-is-layout-flow\">\n<h1 class=\"wp-block-heading has-text-align-center has-dark-grey-color has-text-color\" id=\"causes-of-hearing-loss\">Shkaqet e humbjes s\u00eb d\u00ebgjimit<\/h1>   \n<p class=\"has-text-align-center has-dark-grey-color has-text-color has-lead-font-size\">Nj\u00eb v\u00ebshtrim i shpejt\u00eb pse ju ose nj\u00eb i dashur mund t\u00eb jeni duke p\u00ebrjetuar humbje d\u00ebgjimi<\/p>\n<\/div><\/div>   \n<h2 class=\"wp-block-heading has-text-align-center\" id=\"listen-to-your-hearing\">D\u00ebgjo d\u00ebgjimin t\u00ebnd<\/h2>   \n<p class=\"has-text-align-center\">N\u00eb fund t\u00eb fundit, mund t\u00eb d\u00ebgjoni vet\u00ebm at\u00eb q\u00eb d\u00ebgjoni. Kjo \u00ebsht\u00eb arsyeja pse gj\u00ebrat q\u00eb d\u00ebgjoni mund t\u00eb duken ende t\u00eb drejta p\u00ebr ju, edhe pse mund t\u00eb keni tashm\u00eb nj\u00eb humbje t\u00eb leht\u00eb t\u00eb d\u00ebgjimit. E v\u00ebrteta \u00ebsht\u00eb se truri juaj thjesht p\u00ebrshtatet me situat\u00ebn e re dhe kompenson p\u00ebr sinjalet e dob\u00ebsuara q\u00eb vijn\u00eb nga vesh\u00ebt. Pas nj\u00eb kohe, truri juaj fjal\u00eb p\u00ebr fjal\u00eb harron si t\u00eb d\u00ebgjoj\u00eb, sepse nuk e kujton tingullin e fjal\u00ebve.<br><\/p>   \n<p class=\"has-text-align-center\">Humbja e d\u00ebgjimit mund t\u00eb jet\u00eb rezultat i d\u00ebmtimit t\u00eb ndonj\u00eb prej k\u00ebtyre seksioneve:<\/p>   \n<div style=\"height:62px\" aria-hidden=\"true\" class=\"wp-block-spacer\"><\/div>   \n<figure class=\"wp-block-image aligncenter size-large\"><img decoding=\"async\" src=\"https:\/\/intl.phonak.com\/sq-al\/wp-content\/uploads\/sites\/3\/2024\/05\/Anatomy_Ear-neutral.jpg?w=809\" alt=\"\" class=\"wp-image-8161\"\/><\/figure>   \n<div style=\"height:53px\" aria-hidden=\"true\" class=\"wp-block-spacer\"><\/div>   <div class=\"wp-block-columns is-layout-flex wp-container-core-columns-is-layout-9d6595d7 wp-block-columns-is-layout-flex\">\n<div class=\"wp-block-column is-layout-flow wp-block-column-is-layout-flow\">\n<h4 class=\"wp-block-heading has-text-align-center has-blue-color has-text-color\" id=\"causes-in-the-outer-ear\">1. Shkaqet n\u00eb veshin e jasht\u00ebm<\/h4>   \n<p class=\"has-text-align-center\">Problemet tipike me veshin e jasht\u00ebm p\u00ebrfshijn\u00eb tapat e dyllit t\u00eb veshit dhe infeksionet e kanalit t\u00eb d\u00ebgjimit. Zakonisht, adresimi i k\u00ebtyre problemeve \u00ebsht\u00eb shum\u00eb i leht\u00eb. Por \u00ebsht\u00eb e r\u00ebnd\u00ebsishme t\u00eb veprohet shpejt p\u00ebr t\u00eb shmangur d\u00ebmtimin e d\u00ebgjimit.<\/p>\n<\/div>   <div class=\"wp-block-column is-layout-flow wp-block-column-is-layout-flow\">\n<h4 class=\"wp-block-heading has-text-align-center has-blue-color has-text-color\" id=\"causes-in-the-middle-ear\">2. Shkaqet n\u00eb veshin e mes\u00ebm<\/h4>   \n<p class=\"has-text-align-center\">Inflamacioni, l\u00ebngu pas daulles s\u00eb veshit, perforimet e daulles s\u00eb veshit dhe otoskleroza (nj\u00eb ngurt\u00ebsim i kockave n\u00eb veshin e mes\u00ebm) jan\u00eb problemet m\u00eb t\u00eb zakonshme q\u00eb nd\u00ebrhyjn\u00eb n\u00eb funksionin e veshit t\u00eb mes\u00ebm. Shumica e problemeve t\u00eb veshit t\u00eb jasht\u00ebm dhe t\u00eb mes\u00ebm mund t\u00eb trajtohen n\u00eb m\u00ebnyr\u00eb efektive me medikamente ose kirurgji. N\u00ebse kjo nuk \u00ebsht\u00eb e mundur, humbja e p\u00ebrhershme e d\u00ebgjimit mund t\u00eb kompensohet me nj\u00eb aparat d\u00ebgjimi n\u00eb shumic\u00ebn e rasteve.<\/p>\n<\/div>   <div class=\"wp-block-column is-layout-flow wp-block-column-is-layout-flow\">\n<h4 class=\"wp-block-heading has-text-align-center has-blue-color has-text-color\" id=\"causes-in-the-inner-ear\">3. Shkaqet n\u00eb veshin e brendsh\u00ebm<\/h4>   \n<p class=\"has-text-align-center\">Shumica e problemeve t\u00eb d\u00ebgjimit kan\u00eb t\u00eb b\u00ebjn\u00eb me veshin e brendsh\u00ebm. Shkaku m\u00eb i zakonsh\u00ebm \u00ebsht\u00eb procesi natyror i plakjes. Por zhurma e lart\u00eb, marrja e disa llojeve t\u00eb ila\u00e7eve, ose frakturat e kafk\u00ebs mund t\u00eb ken\u00eb gjithashtu nj\u00eb ndikim negativ n\u00eb aft\u00ebsin\u00eb e d\u00ebgjimit t\u00eb nj\u00eb personi. K\u00ebto ndikime d\u00ebmtojn\u00eb qelizat e im\u00ebta t\u00eb flok\u00ebve dhe ndikojn\u00eb n\u00eb transmetimin e sinjaleve te nervat d\u00ebgjimore. Zakonisht, humbja e d\u00ebgjimit n\u00eb veshin e brendsh\u00ebm nuk mund t\u00eb trajtohet mjek\u00ebsisht. Megjithat\u00eb, ky lloj humbje d\u00ebgjimi mund t\u00eb korrigjohet me nj\u00eb aparat d\u00ebgjimi n\u00eb shumic\u00ebn e rasteve.<\/p>\n<\/div>\n<\/div>   <p><\/p>   \n<p class=\"has-text-align-center\">Humbja e d\u00ebgjimit e shkaktuar nga nj\u00eb defekt n\u00eb veshin e jasht\u00ebm ose t\u00eb mes\u00ebm quhet humbje e d\u00ebgjimit p\u00ebr\u00e7uese. D\u00ebmtimi i veshit t\u00eb brendsh\u00ebm, quhet humbje d\u00ebgjimi sensorineural. N\u00ebse t\u00eb dy llojet ndodhin s\u00eb bashku, gjendja quhet humbje e p\u00ebrzier e d\u00ebgjimit.<\/p>   \n<div style=\"height:26px\" aria-hidden=\"true\" class=\"wp-block-spacer\"><\/div>   \n<div class=\"wp-block-group alignfull has-light-grey-background-color has-background is-layout-flow wp-block-group-is-layout-flow\">\n<div class=\"wp-block-group is-style-align-small is-layout-flow wp-block-group-is-layout-flow\">\n<h3 class=\"wp-block-heading has-text-align-center has-blue-color has-text-color\" id=\"get-professional-help\">Merrni ndihm\u00eb profesionale<\/h3>   \n<p class=\"has-text-align-center\">Profesioni juaj i kujdesit p\u00ebr d\u00ebgjimin do t&#8217;ju ndihmoj\u00eb t\u00eb b\u00ebni zgjedhjen q\u00eb \u00ebsht\u00eb e p\u00ebrsosur p\u00ebr ju. Ata do t\u00eb marrin parasysh nevojat tuaja t\u00eb d\u00ebgjimit, buxhetin tuaj, stilin e jetes\u00ebs dhe preferencat tuaja individuale t\u00eb d\u00ebgjimit.<\/p>   \n<p class=\"has-text-align-center\"><a href=\"https:\/\/intl.phonak.com\/sq-al\/humbja-e-degjimit\/shkoni-tek-nje-ekspert\/\">Zbuloni \u00e7far\u00eb t\u00eb prisni n\u00eb takimin tuaj t\u00eb par\u00eb<\/a><\/p>\n<\/div>\n<\/div>   \n<div class=\"wp-block-media-text is-stacked-on-mobile cta-block\" style=\"grid-template-columns:35% auto\"><figure class=\"wp-block-media-text__media\"><img decoding=\"async\" src=\"https:\/\/intl.phonak.com\/main-english\/wp-content\/uploads\/sites\/3\/2021\/11\/cta-image.jpg?w=401\" alt=\"\" class=\"wp-image-6738 size-full\"\/><\/figure><div class=\"wp-block-media-text__content\">\n<div class=\"wp-block-create-block-icon-selector\"><i class=\"fal fa-map-marker-alt\"><\/i><\/div>   \n<h3 class=\"wp-block-heading\">Ekspert\u00eb t\u00eb d\u00ebgjimit pran\u00eb jush<\/h3>   <p>Profesional\u00ebt e kujdesit p\u00ebr d\u00ebgjimin mund t&#8217;ju ndihmojn\u00eb t\u00eb b\u00ebni zgjedhjen q\u00eb \u00ebsht\u00eb perfekte p\u00ebr ju. Ata do t\u00eb marrin parasysh nevojat tuaja t\u00eb d\u00ebgjimit, buxhetin tuaj, stilin e jetes\u00ebs dhe preferencat tuaja individuale t\u00eb d\u00ebgjimit. <\/p>   <div class=\"wp-block-buttons is-layout-flex wp-block-buttons-is-layout-flex\">\n<div class=\"wp-block-button is-style-marker-green\"><a class=\"wp-block-button__link wp-element-button\" href=\"https:\/\/intl.phonak.com\/sq-al\/gjeni-nje-ekspert\/\">Gjeni nje ekspert<\/a><\/div>\n<\/div>\n<\/div><\/div>    <p><\/p> ","protected":false},"excerpt":{"rendered":"<p>D\u00ebgjo d\u00ebgjimin t\u00ebnd N\u00eb fund t\u00eb fundit, mund t\u00eb d\u00ebgjoni vet\u00ebm at\u00eb q\u00eb d\u00ebgjoni. Kjo \u00ebsht\u00eb arsyeja pse gj\u00ebrat q\u00eb&#8230;<\/p>\n","protected":false},"author":5,"featured_media":617,"parent":317,"menu_order":0,"comment_status":"closed","ping_status":"closed","template":"","meta":{"_acf_changed":false,"inline_featured_image":false,"footnotes":""},"class_list":["post-383","page","type-page","status-publish","has-post-thumbnail","hentry"],"acf":[],"yoast_head":"<!-- This site is optimized with the Yoast SEO plugin v26.9 - https:\/\/yoast.com\/product\/yoast-seo-wordpress\/ -->\n<title>Shkaqet e humbjes s\u00eb d\u00ebgjimit - Phonak - Shqip\u00ebria<\/title>\n<meta name=\"robots\" content=\"index, follow, max-snippet:-1, max-image-preview:large, max-video-preview:-1\" \/>\n<link rel=\"canonical\" href=\"https:\/\/intl.phonak.com\/main-english\/hearing-loss\/causes-of-hearing-loss\/\" \/>\n<meta property=\"og:locale\" content=\"sq_AL\" \/>\n<meta property=\"og:type\" content=\"article\" \/>\n<meta property=\"og:title\" content=\"Shkaqet e humbjes s\u00eb d\u00ebgjimit - Phonak - Shqip\u00ebria\" \/>\n<meta property=\"og:description\" content=\"D\u00ebgjo d\u00ebgjimin t\u00ebnd N\u00eb fund t\u00eb fundit, mund t\u00eb d\u00ebgjoni vet\u00ebm at\u00eb q\u00eb d\u00ebgjoni. Kjo \u00ebsht\u00eb arsyeja pse gj\u00ebrat q\u00eb...\" \/>\n<meta property=\"og:url\" content=\"https:\/\/intl.phonak.com\/sq-al\/humbja-e-degjimit\/shkaqet-e-humbjes-se-degjimit\/\" \/>\n<meta property=\"og:site_name\" content=\"Phonak - Shqip\u00ebria\" \/>\n<meta property=\"article:modified_time\" content=\"2025-11-11T13:05:17+00:00\" \/>\n<meta property=\"og:image\" content=\"https:\/\/intl.phonak.com\/sq-al\/wp-content\/uploads\/sites\/75\/2021\/11\/PH_Packshot_Audeo-I-Sphere-xReceiver_050-1029-P7.png\" \/>\n\t<meta property=\"og:image:width\" content=\"600\" \/>\n\t<meta property=\"og:image:height\" content=\"600\" \/>\n\t<meta property=\"og:image:type\" content=\"image\/png\" \/>\n<meta name=\"twitter:card\" content=\"summary_large_image\" \/>\n<meta name=\"twitter:label1\" content=\"Est. reading time\" \/>\n\t<meta name=\"twitter:data1\" content=\"6 minutes\" \/>\n<script type=\"application\/ld+json\" class=\"yoast-schema-graph\">{\"@context\":\"https:\/\/schema.org\",\"@graph\":[{\"@type\":\"WebPage\",\"@id\":\"https:\/\/intl.phonak.com\/sq-al\/humbja-e-degjimit\/shkaqet-e-humbjes-se-degjimit\/\",\"url\":\"https:\/\/intl.phonak.com\/sq-al\/humbja-e-degjimit\/shkaqet-e-humbjes-se-degjimit\/\",\"name\":\"Shkaqet e humbjes s\u00eb d\u00ebgjimit - Phonak - Shqip\u00ebria\",\"isPartOf\":{\"@id\":\"https:\/\/intl.phonak.com\/sq-al\/#website\"},\"primaryImageOfPage\":{\"@id\":\"https:\/\/intl.phonak.com\/sq-al\/humbja-e-degjimit\/shkaqet-e-humbjes-se-degjimit\/#primaryimage\"},\"image\":{\"@id\":\"https:\/\/intl.phonak.com\/sq-al\/humbja-e-degjimit\/shkaqet-e-humbjes-se-degjimit\/#primaryimage\"},\"thumbnailUrl\":\"https:\/\/intl.phonak.com\/sq-al\/wp-content\/uploads\/sites\/75\/2021\/11\/PH_Packshot_Audeo-I-Sphere-xReceiver_050-1029-P7.png\",\"datePublished\":\"2021-11-29T20:47:45+00:00\",\"dateModified\":\"2025-11-11T13:05:17+00:00\",\"breadcrumb\":{\"@id\":\"https:\/\/intl.phonak.com\/sq-al\/humbja-e-degjimit\/shkaqet-e-humbjes-se-degjimit\/#breadcrumb\"},\"inLanguage\":\"sq-AL\",\"potentialAction\":[{\"@type\":\"ReadAction\",\"target\":[\"https:\/\/intl.phonak.com\/sq-al\/humbja-e-degjimit\/shkaqet-e-humbjes-se-degjimit\/\"]}]},{\"@type\":\"ImageObject\",\"inLanguage\":\"sq-AL\",\"@id\":\"https:\/\/intl.phonak.com\/sq-al\/humbja-e-degjimit\/shkaqet-e-humbjes-se-degjimit\/#primaryimage\",\"url\":\"https:\/\/intl.phonak.com\/sq-al\/wp-content\/uploads\/sites\/75\/2021\/11\/PH_Packshot_Audeo-I-Sphere-xReceiver_050-1029-P7.png\",\"contentUrl\":\"https:\/\/intl.phonak.com\/sq-al\/wp-content\/uploads\/sites\/75\/2021\/11\/PH_Packshot_Audeo-I-Sphere-xReceiver_050-1029-P7.png\",\"width\":600,\"height\":600,\"caption\":\"Phonak Aud\u00e9o Sphere Infinio\"},{\"@type\":\"BreadcrumbList\",\"@id\":\"https:\/\/intl.phonak.com\/sq-al\/humbja-e-degjimit\/shkaqet-e-humbjes-se-degjimit\/#breadcrumb\",\"itemListElement\":[{\"@type\":\"ListItem\",\"position\":1,\"name\":\"Home\",\"item\":\"https:\/\/intl.phonak.com\/sq-al\/\"},{\"@type\":\"ListItem\",\"position\":2,\"name\":\"Humbja e degjimit\",\"item\":\"https:\/\/intl.phonak.com\/sq-al\/humbja-e-degjimit\/\"},{\"@type\":\"ListItem\",\"position\":3,\"name\":\"Shkaqet e humbjes s\u00eb d\u00ebgjimit\"}]},{\"@type\":\"WebSite\",\"@id\":\"https:\/\/intl.phonak.com\/sq-al\/#website\",\"url\":\"https:\/\/intl.phonak.com\/sq-al\/\",\"name\":\"Phonak - Shqip\u00ebria\",\"description\":\"T\u00eb p\u00ebrkushtuar p\u00ebr t\u00eb ndryshuar jet\u00eb\",\"publisher\":{\"@id\":\"https:\/\/intl.phonak.com\/sq-al\/#organization\"},\"potentialAction\":[{\"@type\":\"SearchAction\",\"target\":{\"@type\":\"EntryPoint\",\"urlTemplate\":\"https:\/\/intl.phonak.com\/sq-al\/?s={search_term_string}\"},\"query-input\":{\"@type\":\"PropertyValueSpecification\",\"valueRequired\":true,\"valueName\":\"search_term_string\"}}],\"inLanguage\":\"sq-AL\"},{\"@type\":\"Organization\",\"@id\":\"https:\/\/intl.phonak.com\/sq-al\/#organization\",\"name\":\"Phonak - Shqip\u00ebria\",\"url\":\"https:\/\/intl.phonak.com\/sq-al\/\",\"logo\":{\"@type\":\"ImageObject\",\"inLanguage\":\"sq-AL\",\"@id\":\"https:\/\/intl.phonak.com\/sq-al\/#\/schema\/logo\/image\/\",\"url\":\"https:\/\/intl.phonak.com\/sq-al\/wp-content\/uploads\/sites\/75\/2025\/07\/logo-phonak.svg\",\"contentUrl\":\"https:\/\/intl.phonak.com\/sq-al\/wp-content\/uploads\/sites\/75\/2025\/07\/logo-phonak.svg\",\"caption\":\"Phonak -  Shqip\u00ebria\"},\"image\":{\"@id\":\"https:\/\/intl.phonak.com\/sq-al\/#\/schema\/logo\/image\/\"}}]}<\/script>\n<!-- \/ Yoast SEO plugin. -->","yoast_head_json":{"title":"Shkaqet e humbjes s\u00eb d\u00ebgjimit - Phonak - Shqip\u00ebria","robots":{"index":"index","follow":"follow","max-snippet":"max-snippet:-1","max-image-preview":"max-image-preview:large","max-video-preview":"max-video-preview:-1"},"canonical":"https:\/\/intl.phonak.com\/main-english\/hearing-loss\/causes-of-hearing-loss\/","og_locale":"sq_AL","og_type":"article","og_title":"Shkaqet e humbjes s\u00eb d\u00ebgjimit - Phonak - Shqip\u00ebria","og_description":"D\u00ebgjo d\u00ebgjimin t\u00ebnd N\u00eb fund t\u00eb fundit, mund t\u00eb d\u00ebgjoni vet\u00ebm at\u00eb q\u00eb d\u00ebgjoni. Kjo \u00ebsht\u00eb arsyeja pse gj\u00ebrat q\u00eb...","og_url":"https:\/\/intl.phonak.com\/sq-al\/humbja-e-degjimit\/shkaqet-e-humbjes-se-degjimit\/","og_site_name":"Phonak - Shqip\u00ebria","article_modified_time":"2025-11-11T13:05:17+00:00","og_image":[{"width":600,"height":600,"url":"https:\/\/intl.phonak.com\/sq-al\/wp-content\/uploads\/sites\/75\/2021\/11\/PH_Packshot_Audeo-I-Sphere-xReceiver_050-1029-P7.png","type":"image\/png"}],"twitter_card":"summary_large_image","twitter_misc":{"Est. reading time":"6 minutes"},"schema":{"@context":"https:\/\/schema.org","@graph":[{"@type":"WebPage","@id":"https:\/\/intl.phonak.com\/sq-al\/humbja-e-degjimit\/shkaqet-e-humbjes-se-degjimit\/","url":"https:\/\/intl.phonak.com\/sq-al\/humbja-e-degjimit\/shkaqet-e-humbjes-se-degjimit\/","name":"Shkaqet e humbjes s\u00eb d\u00ebgjimit - Phonak - Shqip\u00ebria","isPartOf":{"@id":"https:\/\/intl.phonak.com\/sq-al\/#website"},"primaryImageOfPage":{"@id":"https:\/\/intl.phonak.com\/sq-al\/humbja-e-degjimit\/shkaqet-e-humbjes-se-degjimit\/#primaryimage"},"image":{"@id":"https:\/\/intl.phonak.com\/sq-al\/humbja-e-degjimit\/shkaqet-e-humbjes-se-degjimit\/#primaryimage"},"thumbnailUrl":"https:\/\/intl.phonak.com\/sq-al\/wp-content\/uploads\/sites\/75\/2021\/11\/PH_Packshot_Audeo-I-Sphere-xReceiver_050-1029-P7.png","datePublished":"2021-11-29T20:47:45+00:00","dateModified":"2025-11-11T13:05:17+00:00","breadcrumb":{"@id":"https:\/\/intl.phonak.com\/sq-al\/humbja-e-degjimit\/shkaqet-e-humbjes-se-degjimit\/#breadcrumb"},"inLanguage":"sq-AL","potentialAction":[{"@type":"ReadAction","target":["https:\/\/intl.phonak.com\/sq-al\/humbja-e-degjimit\/shkaqet-e-humbjes-se-degjimit\/"]}]},{"@type":"ImageObject","inLanguage":"sq-AL","@id":"https:\/\/intl.phonak.com\/sq-al\/humbja-e-degjimit\/shkaqet-e-humbjes-se-degjimit\/#primaryimage","url":"https:\/\/intl.phonak.com\/sq-al\/wp-content\/uploads\/sites\/75\/2021\/11\/PH_Packshot_Audeo-I-Sphere-xReceiver_050-1029-P7.png","contentUrl":"https:\/\/intl.phonak.com\/sq-al\/wp-content\/uploads\/sites\/75\/2021\/11\/PH_Packshot_Audeo-I-Sphere-xReceiver_050-1029-P7.png","width":600,"height":600,"caption":"Phonak Aud\u00e9o Sphere Infinio"},{"@type":"BreadcrumbList","@id":"https:\/\/intl.phonak.com\/sq-al\/humbja-e-degjimit\/shkaqet-e-humbjes-se-degjimit\/#breadcrumb","itemListElement":[{"@type":"ListItem","position":1,"name":"Home","item":"https:\/\/intl.phonak.com\/sq-al\/"},{"@type":"ListItem","position":2,"name":"Humbja e degjimit","item":"https:\/\/intl.phonak.com\/sq-al\/humbja-e-degjimit\/"},{"@type":"ListItem","position":3,"name":"Shkaqet e humbjes s\u00eb d\u00ebgjimit"}]},{"@type":"WebSite","@id":"https:\/\/intl.phonak.com\/sq-al\/#website","url":"https:\/\/intl.phonak.com\/sq-al\/","name":"Phonak - Shqip\u00ebria","description":"T\u00eb p\u00ebrkushtuar p\u00ebr t\u00eb ndryshuar jet\u00eb","publisher":{"@id":"https:\/\/intl.phonak.com\/sq-al\/#organization"},"potentialAction":[{"@type":"SearchAction","target":{"@type":"EntryPoint","urlTemplate":"https:\/\/intl.phonak.com\/sq-al\/?s={search_term_string}"},"query-input":{"@type":"PropertyValueSpecification","valueRequired":true,"valueName":"search_term_string"}}],"inLanguage":"sq-AL"},{"@type":"Organization","@id":"https:\/\/intl.phonak.com\/sq-al\/#organization","name":"Phonak - Shqip\u00ebria","url":"https:\/\/intl.phonak.com\/sq-al\/","logo":{"@type":"ImageObject","inLanguage":"sq-AL","@id":"https:\/\/intl.phonak.com\/sq-al\/#\/schema\/logo\/image\/","url":"https:\/\/intl.phonak.com\/sq-al\/wp-content\/uploads\/sites\/75\/2025\/07\/logo-phonak.svg","contentUrl":"https:\/\/intl.phonak.com\/sq-al\/wp-content\/uploads\/sites\/75\/2025\/07\/logo-phonak.svg","caption":"Phonak -  Shqip\u00ebria"},"image":{"@id":"https:\/\/intl.phonak.com\/sq-al\/#\/schema\/logo\/image\/"}}]}},"jetpack_sharing_enabled":true,"distributor_meta":false,"distributor_terms":false,"distributor_media":false,"distributor_original_site_name":"Phonak -  Shqip\u00ebria","distributor_original_site_url":"https:\/\/intl.phonak.com\/sq-al","push-errors":false,"_links":{"self":[{"href":"https:\/\/intl.phonak.com\/sq-al\/wp-json\/wp\/v2\/pages\/383","targetHints":{"allow":["GET"]}}],"collection":[{"href":"https:\/\/intl.phonak.com\/sq-al\/wp-json\/wp\/v2\/pages"}],"about":[{"href":"https:\/\/intl.phonak.com\/sq-al\/wp-json\/wp\/v2\/types\/page"}],"author":[{"embeddable":true,"href":"https:\/\/intl.phonak.com\/sq-al\/wp-json\/wp\/v2\/users\/5"}],"replies":[{"embeddable":true,"href":"https:\/\/intl.phonak.com\/sq-al\/wp-json\/wp\/v2\/comments?post=383"}],"version-history":[{"count":11,"href":"https:\/\/intl.phonak.com\/sq-al\/wp-json\/wp\/v2\/pages\/383\/revisions"}],"predecessor-version":[{"id":927,"href":"https:\/\/intl.phonak.com\/sq-al\/wp-json\/wp\/v2\/pages\/383\/revisions\/927"}],"up":[{"embeddable":true,"href":"https:\/\/intl.phonak.com\/sq-al\/wp-json\/wp\/v2\/pages\/317"}],"wp:featuredmedia":[{"embeddable":true,"href":"https:\/\/intl.phonak.com\/sq-al\/wp-json\/wp\/v2\/media\/617"}],"wp:attachment":[{"href":"https:\/\/intl.phonak.com\/sq-al\/wp-json\/wp\/v2\/media?parent=383"}],"curies":[{"name":"wp","href":"https:\/\/api.w.org\/{rel}","templated":true}]}}