{"id":379,"date":"2021-11-29T21:39:57","date_gmt":"2021-11-29T21:39:57","guid":{"rendered":"https:\/\/intl.phonak.com\/sq-al\/go-to-a-hearing-expert\/"},"modified":"2025-11-11T13:08:14","modified_gmt":"2025-11-11T13:08:14","slug":"shkoni-tek-nje-ekspert","status":"publish","type":"page","link":"https:\/\/intl.phonak.com\/sq-al\/humbja-e-degjimit\/shkoni-tek-nje-ekspert\/","title":{"rendered":"Shkoni te nj\u00eb ekspert d\u00ebgjimi"},"content":{"rendered":"\n<div class=\"wp-block-cover alignfull\"><span aria-hidden=\"true\" class=\"wp-block-cover__background has-light-grey-background-color has-background-dim-60 has-background-dim\"><\/span><img decoding=\"async\" class=\"wp-block-cover__image-background wp-image-7280\" alt=\"HCP fitting a Client\" src=\"https:\/\/intl.phonak.com\/sq-al\/wp-content\/uploads\/sites\/3\/2023\/12\/Hearing-banner_HCPFittingClient_01-1.jpg\" data-object-fit=\"cover\"\/><div class=\"wp-block-cover__inner-container is-layout-flow wp-block-cover-is-layout-flow\">\n<h1 class=\"wp-block-heading has-text-align-center has-grey-500-color has-text-color\" id=\"your-first-appointment-with-a-hearing-expert\">Takimi juaj i par\u00eb me nj\u00eb ekspert d\u00ebgjimi.<\/h1>   \n<p class=\"has-text-align-center has-grey-500-color has-text-color has-lead-font-size\">Testet e rregullta t\u00eb d\u00ebgjimit ju ndihmojn\u00eb t\u00eb njihni humbjen e d\u00ebgjimit her\u00ebt. <br>Kur ishte hera e fundit q\u00eb keni testuar d\u00ebgjimin tuaj?<\/p>   \n<div class=\"wp-block-buttons is-horizontal is-content-justification-center is-layout-flex wp-container-core-buttons-is-layout-499968f5 wp-block-buttons-is-layout-flex\">\n<div class=\"wp-block-button is-style-marker-green\"><a class=\"wp-block-button__link wp-element-button\" href=\"https:\/\/intl.phonak.com\/sq-al\/gjeni-nje-ekspert\/\">Gjeni nje ekspert<\/a><\/div>\n<\/div>\n<\/div><\/div>   \n<div class=\"wp-block-group is-style-align-small is-layout-flow wp-block-group-is-layout-flow\" style=\"padding-top:0px\">\n<h2 class=\"wp-block-heading has-text-align-center\" id=\"what-to-expect\">\u00c7far\u00eb t\u00eb pres\u00ebsh<\/h2>   \n<p class=\"has-text-align-center\">Ju ndoshta keni pyetur tashm\u00eb se \u00e7far\u00eb do t\u00eb ndodh\u00eb gjat\u00eb nj\u00eb konsultimi me ekspertin. Le t\u00eb qet\u00ebsojm\u00eb mendjen tuaj dhe t&#8217;ju japim nj\u00eb ide se \u00e7far\u00eb mund t\u00eb prisni n\u00eb takimin tuaj t\u00eb par\u00eb. <\/p>   \n<h3 class=\"wp-block-heading has-blue-color has-text-color\" id=\"1-plan-enough-time\">1. Planifikoni mjaftuesh\u00ebm koh\u00eb<\/h3>   \n<p class=\"has-text-align-left\">Vizita juaj e par\u00eb do t\u00eb zgjas\u00eb rreth nj\u00eb or\u00eb. N\u00ebse d\u00ebshironi, mund t\u00eb k\u00ebrkoni nj\u00eb t\u00eb af\u00ebrm ose mik q\u00eb t&#8217;ju shoq\u00ebroj\u00eb. Shum\u00eb njer\u00ebz ndihen m\u00eb t\u00eb sigurt n\u00eb at\u00eb m\u00ebnyr\u00eb. Nj\u00eb fytyr\u00eb miq\u00ebsore pran\u00eb jush \u00ebsht\u00eb ve\u00e7an\u00ebrisht e dobishme n\u00ebse ka probleme komunikimi.<\/p>   \n<h3 class=\"wp-block-heading has-blue-color has-text-color\" id=\"2-ear-examination\">2. Ekzaminimi i veshit<\/h3>   <p>Audiologu, shp\u00ebrndar\u00ebsi i aparatit t\u00eb d\u00ebgjimit ose specialisti i ORL-s\u00eb do t\u00eb ekzaminoj\u00eb vesh\u00ebt tuaj. Kjo \u00ebsht\u00eb p\u00ebr t\u00eb kontrolluar p\u00ebr probleme si dylli i tep\u00ebrt ose infeksionet e veshit.<\/p>   \n<h3 class=\"wp-block-heading has-blue-color has-text-color\" id=\"3-hearing-test\">3. Testi i d\u00ebgjimit<\/h3>   <p>Pas ekzaminimit, audiologu, shp\u00ebrndar\u00ebsi i aparateve t\u00eb d\u00ebgjimit ose specialisti i ORL-s\u00eb do t\u00eb b\u00ebj\u00eb nj\u00eb test d\u00ebgjimi. Do t&#8217;ju jepen kufje dhe eksperti do t\u00eb luaj\u00eb nj\u00eb sekuenc\u00eb tingujsh, disa nga k\u00ebta tinguj do t\u00eb jen\u00eb t\u00eb fort\u00eb dhe t\u00eb leht\u00eb p\u00ebr t&#8217;u d\u00ebgjuar dhe disa do t\u00eb jen\u00eb t\u00eb but\u00eb dhe pak m\u00eb t\u00eb v\u00ebshtir\u00eb p\u00ebr t&#8217;u d\u00ebgjuar. E vetmja gj\u00eb q\u00eb duhet t\u00eb b\u00ebni \u00ebsht\u00eb t\u00eb njoftoni ekspertin ose t\u00eb shtypni nj\u00eb buton kur d\u00ebgjoni nj\u00eb ton. Pas ekzaminimit dhe testeve t\u00eb d\u00ebgjimit, eksperti do t\u00eb jet\u00eb n\u00eb gjendje t&#8217;ju tregoj\u00eb m\u00eb shum\u00eb rreth d\u00ebgjimit tuaj dhe humbjes s\u00eb d\u00ebgjimit.<\/p>   \n<h3 class=\"wp-block-heading has-blue-color has-text-color\" id=\"selection-of-hearing-solutions-1\">4. Zgjedhja e zgjidhjeve t\u00eb d\u00ebgjimit<\/h3>   <p>N\u00eb fund t\u00eb konsultimit, eksperti do t\u00eb shpjegoj\u00eb t\u00eb gjitha opsionet e disponueshme p\u00ebr ju n\u00eb m\u00ebnyr\u00eb q\u00eb t\u00eb rikuperoni d\u00ebgjimin tuaj. Do t&#8217;ju shfaqet nj\u00eb p\u00ebrzgjedhje e aparateve t\u00eb d\u00ebgjimit q\u00eb jan\u00eb t\u00eb p\u00ebrshtatshme p\u00ebr humbjen tuaj t\u00eb d\u00ebgjimit. Dallimet dhe avantazhet e produkteve do t&#8217;ju shpjegohen.<\/p>   <p>Tani \u00ebsht\u00eb nj\u00eb koh\u00eb e mir\u00eb p\u00ebr t\u00eb b\u00ebr\u00eb t\u00eb gjitha pyetjet q\u00eb mund t\u00eb keni dhe p\u00ebr t&#8217;i dh\u00ebn\u00eb ekspertit sa m\u00eb shum\u00eb informacion t\u00eb jet\u00eb e mundur. Sa m\u00eb shum\u00eb t\u00eb dij\u00eb ai ose ajo p\u00ebr ju, aq m\u00eb mir\u00eb do t\u00eb jet\u00eb ndihma q\u00eb do t\u00eb merrni. Prandaj \u00ebsht\u00eb e k\u00ebshillueshme t\u00eb mendoni p\u00ebr situatat ku keni v\u00ebshtir\u00ebsi me d\u00ebgjimin (gjat\u00eb mbledhjeve familjare, gjat\u00eb takimeve, n\u00eb mjedise t\u00eb zhurmshme, nd\u00ebrsa shikoni TV, flisni n\u00eb telefon, d\u00ebgjoni muzik\u00eb etj.) &nbsp;para se t\u00eb vini n\u00eb takim.<\/p>   \n<div style=\"height:35px\" aria-hidden=\"true\" class=\"wp-block-spacer\"><\/div>\n<\/div>   \n<div class=\"wp-block-group alignfull has-light-grey-background-color has-background is-layout-flow wp-block-group-is-layout-flow\">\n<div class=\"wp-block-group is-style-align-small is-layout-flow wp-block-group-is-layout-flow\">\n<p class=\"has-text-align-center is-style-default\"><strong>HAPI TJET\u00cbR:<\/strong><\/p>   \n<h3 class=\"wp-block-heading has-text-align-center\" id=\"customization-of-your-new-hearing-aid-1\">P\u00ebrshtatja e aparatit tuaj t\u00eb ri t\u00eb d\u00ebgjimit<\/h3>   \n<p class=\"has-text-align-center is-style-default\">Phonak \u00ebsht\u00eb nj\u00eb lider global n\u00eb zhvillimin e zgjidhjeve p\u00ebr d\u00ebgjimin. Me p\u00ebrpjekjet tona t\u00eb vazhdueshme p\u00ebr t\u00eb gjetur zgjidhje t\u00eb reja, ne arrijm\u00eb t\u00eb realizojm\u00eb nj\u00eb nga normat m\u00eb t\u00eb larta t\u00eb inovacionit n\u00eb industri. <\/p>   \n<p class=\"has-text-align-center\"><a href=\"https:\/\/intl.phonak.com\/sq-al\/aparatet-e-degjimit\/\">M\u00ebsoni m\u00eb shum\u00eb rreth aparateve t\u00eb d\u00ebgjimit Phonak<\/a><\/p>   \n<p class=\"has-text-align-center is-style-default\">Aparatet e d\u00ebgjimit Phonak&nbsp;jan\u00eb t\u00eb personalizueshme p\u00ebr t&#8217;iu p\u00ebrshtatur nevojave tuaja, megjithat\u00eb ato duhet t\u00eb optimizohen p\u00ebr t&#8217;u siguruar q\u00eb t\u00eb q\u00ebndroni t\u00eb lidhur, pavar\u00ebsisht nga vendndodhja juaj.<\/p>   \n<p class=\"has-text-align-center\"><a href=\"https:\/\/intl.phonak.com\/sq-al\/humbja-e-degjimit\/personalizimi-i-aparatit-te-degjimit\/\">M\u00ebsoni m\u00eb shum\u00eb rreth personalizimit t\u00eb aparateve t\u00eb d\u00ebgjimit<\/a><\/p>\n<\/div>\n<\/div>   \n<div class=\"wp-block-media-text is-stacked-on-mobile cta-block\" style=\"grid-template-columns:35% auto\"><figure class=\"wp-block-media-text__media\"><img decoding=\"async\" src=\"https:\/\/intl.phonak.com\/main-english\/wp-content\/uploads\/sites\/3\/2021\/11\/cta-image.jpg?w=401\" alt=\"\" class=\"wp-image-6738 size-full\"\/><\/figure><div class=\"wp-block-media-text__content\">\n<div class=\"wp-block-create-block-icon-selector\"><i class=\"fal fa-map-marker-alt\"><\/i><\/div>   \n<h3 class=\"wp-block-heading\">Ekspert\u00eb t\u00eb d\u00ebgjimit pran\u00eb jush<\/h3>   <p>Profesional\u00ebt e kujdesit p\u00ebr d\u00ebgjimin mund t&#8217;ju ndihmojn\u00eb t\u00eb b\u00ebni zgjedhjen q\u00eb \u00ebsht\u00eb perfekte p\u00ebr ju. Ata do t\u00eb marrin parasysh nevojat tuaja t\u00eb d\u00ebgjimit, buxhetin tuaj, stilin e jetes\u00ebs dhe preferencat tuaja individuale t\u00eb d\u00ebgjimit. <\/p>   <div class=\"wp-block-buttons is-layout-flex wp-block-buttons-is-layout-flex\">\n<div class=\"wp-block-button is-style-marker-green\"><a class=\"wp-block-button__link wp-element-button\" href=\"https:\/\/intl.phonak.com\/sq-al\/gjeni-nje-ekspert\/\">Gjeni nje ekspert<\/a><\/div>\n<\/div>\n<\/div><\/div> ","protected":false},"excerpt":{"rendered":"<p>\u00c7far\u00eb t\u00eb pres\u00ebsh Ju ndoshta keni pyetur tashm\u00eb se \u00e7far\u00eb do t\u00eb ndodh\u00eb gjat\u00eb nj\u00eb konsultimi me ekspertin. Le t\u00eb&#8230;<\/p>\n","protected":false},"author":5,"featured_media":508,"parent":317,"menu_order":0,"comment_status":"closed","ping_status":"closed","template":"","meta":{"_acf_changed":false,"inline_featured_image":false,"footnotes":""},"class_list":["post-379","page","type-page","status-publish","has-post-thumbnail","hentry"],"acf":[],"yoast_head":"<!-- This site is optimized with the Yoast SEO plugin v26.9 - https:\/\/yoast.com\/product\/yoast-seo-wordpress\/ -->\n<title>Shkoni te nj\u00eb ekspert d\u00ebgjimi - Phonak - Shqip\u00ebria<\/title>\n<meta name=\"robots\" content=\"index, follow, max-snippet:-1, max-image-preview:large, max-video-preview:-1\" \/>\n<link rel=\"canonical\" href=\"https:\/\/intl.phonak.com\/main-english\/hearing-loss\/go-to-a-hearing-expert\/\" \/>\n<meta property=\"og:locale\" content=\"sq_AL\" \/>\n<meta property=\"og:type\" content=\"article\" \/>\n<meta property=\"og:title\" content=\"Shkoni te nj\u00eb ekspert d\u00ebgjimi - Phonak - Shqip\u00ebria\" \/>\n<meta property=\"og:description\" content=\"\u00c7far\u00eb t\u00eb pres\u00ebsh Ju ndoshta keni pyetur tashm\u00eb se \u00e7far\u00eb do t\u00eb ndodh\u00eb gjat\u00eb nj\u00eb konsultimi me ekspertin. Le t\u00eb...\" \/>\n<meta property=\"og:url\" content=\"https:\/\/intl.phonak.com\/sq-al\/humbja-e-degjimit\/shkoni-tek-nje-ekspert\/\" \/>\n<meta property=\"og:site_name\" content=\"Phonak - Shqip\u00ebria\" \/>\n<meta property=\"article:modified_time\" content=\"2025-11-11T13:08:14+00:00\" \/>\n<meta property=\"og:image\" content=\"https:\/\/intl.phonak.com\/sq-al\/wp-content\/uploads\/sites\/75\/2021\/11\/PH_Packshot_Audeo-I-Sphere-xReceiver_050-1029-P7_992a4b.png\" \/>\n\t<meta property=\"og:image:width\" content=\"600\" \/>\n\t<meta property=\"og:image:height\" content=\"600\" \/>\n\t<meta property=\"og:image:type\" content=\"image\/png\" \/>\n<meta name=\"twitter:card\" content=\"summary_large_image\" \/>\n<meta name=\"twitter:label1\" content=\"Est. reading time\" \/>\n\t<meta name=\"twitter:data1\" content=\"7 minutes\" \/>\n<script type=\"application\/ld+json\" class=\"yoast-schema-graph\">{\"@context\":\"https:\/\/schema.org\",\"@graph\":[{\"@type\":\"WebPage\",\"@id\":\"https:\/\/intl.phonak.com\/sq-al\/humbja-e-degjimit\/shkoni-tek-nje-ekspert\/\",\"url\":\"https:\/\/intl.phonak.com\/sq-al\/humbja-e-degjimit\/shkoni-tek-nje-ekspert\/\",\"name\":\"Shkoni te nj\u00eb ekspert d\u00ebgjimi - Phonak - Shqip\u00ebria\",\"isPartOf\":{\"@id\":\"https:\/\/intl.phonak.com\/sq-al\/#website\"},\"primaryImageOfPage\":{\"@id\":\"https:\/\/intl.phonak.com\/sq-al\/humbja-e-degjimit\/shkoni-tek-nje-ekspert\/#primaryimage\"},\"image\":{\"@id\":\"https:\/\/intl.phonak.com\/sq-al\/humbja-e-degjimit\/shkoni-tek-nje-ekspert\/#primaryimage\"},\"thumbnailUrl\":\"https:\/\/intl.phonak.com\/sq-al\/wp-content\/uploads\/sites\/75\/2021\/11\/PH_Packshot_Audeo-I-Sphere-xReceiver_050-1029-P7_992a4b.png\",\"datePublished\":\"2021-11-29T21:39:57+00:00\",\"dateModified\":\"2025-11-11T13:08:14+00:00\",\"breadcrumb\":{\"@id\":\"https:\/\/intl.phonak.com\/sq-al\/humbja-e-degjimit\/shkoni-tek-nje-ekspert\/#breadcrumb\"},\"inLanguage\":\"sq-AL\",\"potentialAction\":[{\"@type\":\"ReadAction\",\"target\":[\"https:\/\/intl.phonak.com\/sq-al\/humbja-e-degjimit\/shkoni-tek-nje-ekspert\/\"]}]},{\"@type\":\"ImageObject\",\"inLanguage\":\"sq-AL\",\"@id\":\"https:\/\/intl.phonak.com\/sq-al\/humbja-e-degjimit\/shkoni-tek-nje-ekspert\/#primaryimage\",\"url\":\"https:\/\/intl.phonak.com\/sq-al\/wp-content\/uploads\/sites\/75\/2021\/11\/PH_Packshot_Audeo-I-Sphere-xReceiver_050-1029-P7_992a4b.png\",\"contentUrl\":\"https:\/\/intl.phonak.com\/sq-al\/wp-content\/uploads\/sites\/75\/2021\/11\/PH_Packshot_Audeo-I-Sphere-xReceiver_050-1029-P7_992a4b.png\",\"width\":600,\"height\":600,\"caption\":\"Phonak Aud\u00e9o Sphere Infinio\"},{\"@type\":\"BreadcrumbList\",\"@id\":\"https:\/\/intl.phonak.com\/sq-al\/humbja-e-degjimit\/shkoni-tek-nje-ekspert\/#breadcrumb\",\"itemListElement\":[{\"@type\":\"ListItem\",\"position\":1,\"name\":\"Home\",\"item\":\"https:\/\/intl.phonak.com\/sq-al\/\"},{\"@type\":\"ListItem\",\"position\":2,\"name\":\"Humbja e degjimit\",\"item\":\"https:\/\/intl.phonak.com\/sq-al\/humbja-e-degjimit\/\"},{\"@type\":\"ListItem\",\"position\":3,\"name\":\"Shkoni te nj\u00eb ekspert d\u00ebgjimi\"}]},{\"@type\":\"WebSite\",\"@id\":\"https:\/\/intl.phonak.com\/sq-al\/#website\",\"url\":\"https:\/\/intl.phonak.com\/sq-al\/\",\"name\":\"Phonak - Shqip\u00ebria\",\"description\":\"T\u00eb p\u00ebrkushtuar p\u00ebr t\u00eb ndryshuar jet\u00eb\",\"publisher\":{\"@id\":\"https:\/\/intl.phonak.com\/sq-al\/#organization\"},\"potentialAction\":[{\"@type\":\"SearchAction\",\"target\":{\"@type\":\"EntryPoint\",\"urlTemplate\":\"https:\/\/intl.phonak.com\/sq-al\/?s={search_term_string}\"},\"query-input\":{\"@type\":\"PropertyValueSpecification\",\"valueRequired\":true,\"valueName\":\"search_term_string\"}}],\"inLanguage\":\"sq-AL\"},{\"@type\":\"Organization\",\"@id\":\"https:\/\/intl.phonak.com\/sq-al\/#organization\",\"name\":\"Phonak - Shqip\u00ebria\",\"url\":\"https:\/\/intl.phonak.com\/sq-al\/\",\"logo\":{\"@type\":\"ImageObject\",\"inLanguage\":\"sq-AL\",\"@id\":\"https:\/\/intl.phonak.com\/sq-al\/#\/schema\/logo\/image\/\",\"url\":\"https:\/\/intl.phonak.com\/sq-al\/wp-content\/uploads\/sites\/75\/2025\/07\/logo-phonak.svg\",\"contentUrl\":\"https:\/\/intl.phonak.com\/sq-al\/wp-content\/uploads\/sites\/75\/2025\/07\/logo-phonak.svg\",\"caption\":\"Phonak -  Shqip\u00ebria\"},\"image\":{\"@id\":\"https:\/\/intl.phonak.com\/sq-al\/#\/schema\/logo\/image\/\"}}]}<\/script>\n<!-- \/ Yoast SEO plugin. -->","yoast_head_json":{"title":"Shkoni te nj\u00eb ekspert d\u00ebgjimi - Phonak - Shqip\u00ebria","robots":{"index":"index","follow":"follow","max-snippet":"max-snippet:-1","max-image-preview":"max-image-preview:large","max-video-preview":"max-video-preview:-1"},"canonical":"https:\/\/intl.phonak.com\/main-english\/hearing-loss\/go-to-a-hearing-expert\/","og_locale":"sq_AL","og_type":"article","og_title":"Shkoni te nj\u00eb ekspert d\u00ebgjimi - Phonak - Shqip\u00ebria","og_description":"\u00c7far\u00eb t\u00eb pres\u00ebsh Ju ndoshta keni pyetur tashm\u00eb se \u00e7far\u00eb do t\u00eb ndodh\u00eb gjat\u00eb nj\u00eb konsultimi me ekspertin. Le t\u00eb...","og_url":"https:\/\/intl.phonak.com\/sq-al\/humbja-e-degjimit\/shkoni-tek-nje-ekspert\/","og_site_name":"Phonak - Shqip\u00ebria","article_modified_time":"2025-11-11T13:08:14+00:00","og_image":[{"width":600,"height":600,"url":"https:\/\/intl.phonak.com\/sq-al\/wp-content\/uploads\/sites\/75\/2021\/11\/PH_Packshot_Audeo-I-Sphere-xReceiver_050-1029-P7_992a4b.png","type":"image\/png"}],"twitter_card":"summary_large_image","twitter_misc":{"Est. reading time":"7 minutes"},"schema":{"@context":"https:\/\/schema.org","@graph":[{"@type":"WebPage","@id":"https:\/\/intl.phonak.com\/sq-al\/humbja-e-degjimit\/shkoni-tek-nje-ekspert\/","url":"https:\/\/intl.phonak.com\/sq-al\/humbja-e-degjimit\/shkoni-tek-nje-ekspert\/","name":"Shkoni te nj\u00eb ekspert d\u00ebgjimi - Phonak - Shqip\u00ebria","isPartOf":{"@id":"https:\/\/intl.phonak.com\/sq-al\/#website"},"primaryImageOfPage":{"@id":"https:\/\/intl.phonak.com\/sq-al\/humbja-e-degjimit\/shkoni-tek-nje-ekspert\/#primaryimage"},"image":{"@id":"https:\/\/intl.phonak.com\/sq-al\/humbja-e-degjimit\/shkoni-tek-nje-ekspert\/#primaryimage"},"thumbnailUrl":"https:\/\/intl.phonak.com\/sq-al\/wp-content\/uploads\/sites\/75\/2021\/11\/PH_Packshot_Audeo-I-Sphere-xReceiver_050-1029-P7_992a4b.png","datePublished":"2021-11-29T21:39:57+00:00","dateModified":"2025-11-11T13:08:14+00:00","breadcrumb":{"@id":"https:\/\/intl.phonak.com\/sq-al\/humbja-e-degjimit\/shkoni-tek-nje-ekspert\/#breadcrumb"},"inLanguage":"sq-AL","potentialAction":[{"@type":"ReadAction","target":["https:\/\/intl.phonak.com\/sq-al\/humbja-e-degjimit\/shkoni-tek-nje-ekspert\/"]}]},{"@type":"ImageObject","inLanguage":"sq-AL","@id":"https:\/\/intl.phonak.com\/sq-al\/humbja-e-degjimit\/shkoni-tek-nje-ekspert\/#primaryimage","url":"https:\/\/intl.phonak.com\/sq-al\/wp-content\/uploads\/sites\/75\/2021\/11\/PH_Packshot_Audeo-I-Sphere-xReceiver_050-1029-P7_992a4b.png","contentUrl":"https:\/\/intl.phonak.com\/sq-al\/wp-content\/uploads\/sites\/75\/2021\/11\/PH_Packshot_Audeo-I-Sphere-xReceiver_050-1029-P7_992a4b.png","width":600,"height":600,"caption":"Phonak Aud\u00e9o Sphere Infinio"},{"@type":"BreadcrumbList","@id":"https:\/\/intl.phonak.com\/sq-al\/humbja-e-degjimit\/shkoni-tek-nje-ekspert\/#breadcrumb","itemListElement":[{"@type":"ListItem","position":1,"name":"Home","item":"https:\/\/intl.phonak.com\/sq-al\/"},{"@type":"ListItem","position":2,"name":"Humbja e degjimit","item":"https:\/\/intl.phonak.com\/sq-al\/humbja-e-degjimit\/"},{"@type":"ListItem","position":3,"name":"Shkoni te nj\u00eb ekspert d\u00ebgjimi"}]},{"@type":"WebSite","@id":"https:\/\/intl.phonak.com\/sq-al\/#website","url":"https:\/\/intl.phonak.com\/sq-al\/","name":"Phonak - Shqip\u00ebria","description":"T\u00eb p\u00ebrkushtuar p\u00ebr t\u00eb ndryshuar jet\u00eb","publisher":{"@id":"https:\/\/intl.phonak.com\/sq-al\/#organization"},"potentialAction":[{"@type":"SearchAction","target":{"@type":"EntryPoint","urlTemplate":"https:\/\/intl.phonak.com\/sq-al\/?s={search_term_string}"},"query-input":{"@type":"PropertyValueSpecification","valueRequired":true,"valueName":"search_term_string"}}],"inLanguage":"sq-AL"},{"@type":"Organization","@id":"https:\/\/intl.phonak.com\/sq-al\/#organization","name":"Phonak - Shqip\u00ebria","url":"https:\/\/intl.phonak.com\/sq-al\/","logo":{"@type":"ImageObject","inLanguage":"sq-AL","@id":"https:\/\/intl.phonak.com\/sq-al\/#\/schema\/logo\/image\/","url":"https:\/\/intl.phonak.com\/sq-al\/wp-content\/uploads\/sites\/75\/2025\/07\/logo-phonak.svg","contentUrl":"https:\/\/intl.phonak.com\/sq-al\/wp-content\/uploads\/sites\/75\/2025\/07\/logo-phonak.svg","caption":"Phonak -  Shqip\u00ebria"},"image":{"@id":"https:\/\/intl.phonak.com\/sq-al\/#\/schema\/logo\/image\/"}}]}},"jetpack_sharing_enabled":true,"distributor_meta":false,"distributor_terms":false,"distributor_media":false,"distributor_original_site_name":"Phonak -  Shqip\u00ebria","distributor_original_site_url":"https:\/\/intl.phonak.com\/sq-al","push-errors":false,"_links":{"self":[{"href":"https:\/\/intl.phonak.com\/sq-al\/wp-json\/wp\/v2\/pages\/379","targetHints":{"allow":["GET"]}}],"collection":[{"href":"https:\/\/intl.phonak.com\/sq-al\/wp-json\/wp\/v2\/pages"}],"about":[{"href":"https:\/\/intl.phonak.com\/sq-al\/wp-json\/wp\/v2\/types\/page"}],"author":[{"embeddable":true,"href":"https:\/\/intl.phonak.com\/sq-al\/wp-json\/wp\/v2\/users\/5"}],"replies":[{"embeddable":true,"href":"https:\/\/intl.phonak.com\/sq-al\/wp-json\/wp\/v2\/comments?post=379"}],"version-history":[{"count":8,"href":"https:\/\/intl.phonak.com\/sq-al\/wp-json\/wp\/v2\/pages\/379\/revisions"}],"predecessor-version":[{"id":928,"href":"https:\/\/intl.phonak.com\/sq-al\/wp-json\/wp\/v2\/pages\/379\/revisions\/928"}],"up":[{"embeddable":true,"href":"https:\/\/intl.phonak.com\/sq-al\/wp-json\/wp\/v2\/pages\/317"}],"wp:featuredmedia":[{"embeddable":true,"href":"https:\/\/intl.phonak.com\/sq-al\/wp-json\/wp\/v2\/media\/508"}],"wp:attachment":[{"href":"https:\/\/intl.phonak.com\/sq-al\/wp-json\/wp\/v2\/media?parent=379"}],"curies":[{"name":"wp","href":"https:\/\/api.w.org\/{rel}","templated":true}]}}