{"id":375,"date":"2021-11-30T15:12:48","date_gmt":"2021-11-30T15:12:48","guid":{"rendered":"https:\/\/intl.phonak.com\/sq-al\/hearing-aid-styles\/"},"modified":"2025-11-17T15:06:45","modified_gmt":"2025-11-17T15:06:45","slug":"llojet-e-aparateve-te-degjimit","status":"publish","type":"page","link":"https:\/\/intl.phonak.com\/sq-al\/zgjidhje\/llojet-e-aparateve-te-degjimit\/","title":{"rendered":"Stilet e aparatit t\u00eb d\u00ebgjimit"},"content":{"rendered":"\n<div class=\"wp-block-cover alignfull is-light\"><img decoding=\"async\" class=\"wp-block-cover__image-background wp-image-4536\" alt=\"Hearing aid styles\" src=\"https:\/\/intl.phonak.com\/sq-al\/wp-content\/uploads\/sites\/3\/2022\/02\/Banner-hearing-aid-styles.jpg\" data-object-fit=\"cover\"\/><span aria-hidden=\"true\" class=\"wp-block-cover__background has-white-background-color has-background-dim-70 has-background-dim\"><\/span><div class=\"wp-block-cover__inner-container is-layout-flow wp-block-cover-is-layout-flow\">\n<h1 class=\"wp-block-heading has-text-align-center has-dark-grey-color has-text-color\" id=\"phonak-hearing-aid-styles\">Stilet e aparateve d\u00ebgjimi Phonak<\/h1>\n\n\n\n<p class=\"has-text-align-center margin-bottom-0 has-dark-grey-color has-text-color has-lead-font-size\">I lidhur rehat<\/p>\n<\/div><\/div>\n\n\n\n<div class=\"wp-block-group is-style-align-small is-layout-flow wp-block-group-is-layout-flow\" style=\"padding-top:0px\">\n<h2 class=\"wp-block-heading has-text-align-center\" id=\"discover-the-style-that-fits-perfect-to-you\">Zbuloni stilin q\u00eb ju p\u00ebrshtatet n\u00eb m\u00ebnyr\u00eb perfekte<\/h2>\n\n\n\n<p class=\"has-text-align-center\">Aparatet e d\u00ebgjimit modern ofrojn\u00eb nj\u00eb gam\u00eb t\u00eb gjer\u00eb funksionesh dhe larmishm\u00ebri. Profesioni juaj i kujdesit p\u00ebr d\u00ebgjimin do t&#8217;ju ndihmoj\u00eb t\u00eb b\u00ebni zgjedhjen q\u00eb \u00ebsht\u00eb e p\u00ebrsosur p\u00ebr ju. Ata do t\u00eb marrin parasysh nevojat tuaja t\u00eb d\u00ebgjimit, buxhetin tuaj, stilin e jetes\u00ebs dhe preferencat tuaja individuale t\u00eb d\u00ebgjimit.<\/p>\n<\/div>\n\n\n\n<div class=\"wp-block-columns is-layout-flex wp-container-core-columns-is-layout-9d6595d7 wp-block-columns-is-layout-flex\">\n<div class=\"wp-block-column is-layout-flow wp-block-column-is-layout-flow\">\n<figure class=\"wp-block-image size-large is-resized is-style-default\"><img decoding=\"async\" src=\"https:\/\/intl.phonak.com\/wp-content\/uploads\/2021\/11\/custom-products.jpeg?w=292\" alt=\"\" class=\"wp-image-2201\" style=\"width:289px;height:221px\"\/><\/figure>\n\n\n\n<h4 class=\"wp-block-heading\" id=\"custom-products-ite\">Produkte t\u00eb Personalizuara (ITE)<\/h4>\n\n\n\n<p>K\u00ebto modele jan\u00eb b\u00ebr\u00eb posa\u00e7\u00ebrisht p\u00ebr t&#8217;u p\u00ebrshtatur me form\u00ebn e kanalit t\u00eb veshit tuaj p\u00ebr p\u00ebrfitim maksimal dhe rehati m\u00eb t\u00eb mir\u00eb t\u00eb mundshme. Ato jan\u00eb t\u00eb disponueshme n\u00eb shum\u00eb nuanca t\u00eb l\u00ebkur\u00ebs, jan\u00eb t\u00eb padukshme dhe shum\u00eb efektive. Modelet m\u00eb t\u00eb vogla q\u00ebndrojn\u00eb n\u00eb kanalin tuaj t\u00eb veshit dhe jan\u00eb pothuajse t\u00eb padukshme. K\u00ebto modele jan\u00eb t\u00eb p\u00ebrshtatshme p\u00ebr humbje d\u00ebgjimi nga e leht\u00eb n\u00eb t\u00eb r\u00ebnd\u00eb.<\/p>\n\n\n\n<p class=\"has-text-align-left\"><strong>Aparatet e d\u00ebgjimit t\u00eb disponueshme:<\/strong><\/p>\n\n\n\n<p><strong><a href=\"https:\/\/intl.phonak.com\/sq-al\/produkte\/phonak-virto-infinio\/\">Virto<\/a><\/strong><\/p>\n<\/div>\n\n\n\n<div class=\"wp-block-column is-layout-flow wp-block-column-is-layout-flow\">\n<figure class=\"wp-block-image size-large is-style-not-rounded\"><img decoding=\"async\" src=\"https:\/\/intl.phonak.com\/wp-content\/uploads\/2021\/11\/receiver-in-canal.jpeg?w=292\" alt=\"\" class=\"wp-image-2202\"\/><\/figure>\n\n\n\n<h4 class=\"wp-block-heading\" id=\"receiver-in-canal-ric\">Marr\u00ebsi-N\u00eb-Kanal (RIC)<\/h4>\n\n\n\n<p>K\u00ebto modele jan\u00eb m\u00eb t\u00eb vogla se modelet standarde BTE dhe jan\u00eb t\u00eb disponueshme p\u00ebr humbje d\u00ebgjimi nga e leht\u00eb n\u00eb t\u00eb r\u00ebnd\u00eb. Ato mund t\u00eb vishen rehat pas veshit. K\u00ebto modele jan\u00eb t\u00eb disponueshme n\u00eb shum\u00eb ngjyra, stile dhe dizajne t\u00eb ndryshme.<\/p>\n\n\n\n<p><strong>Aparatet e d\u00ebgjimit t\u00eb disponueshme:<\/strong><\/p>\n\n\n\n<p><strong><a href=\"https:\/\/intl.phonak.com\/sq-al\/produkte\/phonak-audeo-infinio\/\">Aud\u00e9o<\/a><\/strong><\/p>\n<\/div>\n\n\n\n<div class=\"wp-block-column is-layout-flow wp-block-column-is-layout-flow\">\n<figure class=\"wp-block-image size-large is-style-not-rounded\"><img decoding=\"async\" src=\"https:\/\/intl.phonak.com\/wp-content\/uploads\/2021\/11\/behind-the-ear.jpeg?w=292\" alt=\"\" class=\"wp-image-2200\"\/><\/figure>\n\n\n\n<h4 class=\"wp-block-heading\" id=\"behind-the-ear-bte\">Pas-Veshit (BTE)<\/h4>\n\n\n\n<p>Modelet BTE jan\u00eb t\u00eb disponueshme p\u00ebr t\u00eb gjitha shkall\u00ebt e humbjes s\u00eb d\u00ebgjimit dhe, si\u00e7 sugjeron emri, mund t\u00eb vishen rehat pas veshit. K\u00ebto modele jan\u00eb t\u00eb disponueshme n\u00eb shum\u00eb ngjyra, stile dhe dizajne t\u00eb ndryshme.<\/p>\n\n\n\n<p><strong>Aparatet e d\u00ebgjimit t\u00eb disponueshme:<\/strong><\/p>\n\n\n\n<p><strong><a href=\"https:\/\/intl.phonak.com\/sq-al\/produkte\/phonak-naida-lumity\/\">Na\u00edda<\/a><\/strong> <strong>| <strong><a href=\"https:\/\/intl.phonak.com\/sq-al\/produkte\/phonak-sky-lumity\/\">Sky<\/a> <\/strong><\/strong><\/p>\n<\/div>\n<\/div>\n\n\n\n<div class=\"wp-block-group alignfull has-light-grey-background-color has-background is-layout-flow wp-block-group-is-layout-flow\">\n<div class=\"wp-block-group is-style-align-small is-layout-flow wp-block-group-is-layout-flow\">\n<h3 class=\"wp-block-heading has-text-align-center\" id=\"get-professional-help-1\">Merrni ndihm\u00eb profesionale<\/h3>\n\n\n\n<p class=\"has-text-align-center\">Aparatet e d\u00ebgjimit modern ofrojn\u00eb nj\u00eb gam\u00eb t\u00eb gjer\u00eb funksionesh dhe larmishm\u00ebri. Profesioni juaj i kujdesit p\u00ebr d\u00ebgjimin do t&#8217;ju ndihmoj\u00eb t\u00eb b\u00ebni zgjedhjen q\u00eb \u00ebsht\u00eb e p\u00ebrsosur p\u00ebr ju. Ata do t\u00eb marrin parasysh nevojat tuaja t\u00eb d\u00ebgjimit, buxhetin tuaj, stilin e jetes\u00ebs dhe preferencat tuaja individuale t\u00eb d\u00ebgjimit.<\/p>\n<\/div>\n<\/div>\n\n\n\n<div style=\"height:24px\" aria-hidden=\"true\" class=\"wp-block-spacer\"><\/div>\n\n\n\n<p class=\"has-text-align-center\"><a href=\"https:\/\/intl.phonak.com\/sq-al\/aparatet-e-degjimit\/\">Eksploroni opsionet e aparateve t\u00eb d\u00ebgjimit<\/a><\/p>\n\n\n\n<div style=\"height:28px\" aria-hidden=\"true\" class=\"wp-block-spacer\"><\/div>\n\n\n\n<div class=\"wp-block-media-text is-stacked-on-mobile cta-block\" style=\"grid-template-columns:35% auto\"><figure class=\"wp-block-media-text__media\"><img decoding=\"async\" src=\"https:\/\/intl.phonak.com\/main-english\/wp-content\/uploads\/sites\/3\/2021\/11\/cta-image.jpg?w=401\" alt=\"\" class=\"wp-image-6738 size-full\"\/><\/figure><div class=\"wp-block-media-text__content\">\n<div class=\"wp-block-create-block-icon-selector\"><i class=\"fal fa-map-marker-alt\"><\/i><\/div>   \n<h3 class=\"wp-block-heading\">Ekspert\u00eb t\u00eb d\u00ebgjimit pran\u00eb jush<\/h3>   <p>Profesional\u00ebt e kujdesit p\u00ebr d\u00ebgjimin mund t&#8217;ju ndihmojn\u00eb t\u00eb b\u00ebni zgjedhjen q\u00eb \u00ebsht\u00eb perfekte p\u00ebr ju. Ata do t\u00eb marrin parasysh nevojat tuaja t\u00eb d\u00ebgjimit, buxhetin tuaj, stilin e jetes\u00ebs dhe preferencat tuaja individuale t\u00eb d\u00ebgjimit. <\/p>   <div class=\"wp-block-buttons is-layout-flex wp-block-buttons-is-layout-flex\">\n<div class=\"wp-block-button is-style-marker-green\"><a class=\"wp-block-button__link wp-element-button\" href=\"https:\/\/intl.phonak.com\/sq-al\/gjeni-nje-ekspert\/\">Gjeni nje ekspert<\/a><\/div>\n<\/div>\n<\/div><\/div> ","protected":false},"excerpt":{"rendered":"<p>Zbuloni stilin q\u00eb ju p\u00ebrshtatet n\u00eb m\u00ebnyr\u00eb perfekte Aparatet e d\u00ebgjimit modern ofrojn\u00eb nj\u00eb gam\u00eb t\u00eb gjer\u00eb funksionesh dhe larmishm\u00ebri&#8230;.<\/p>\n","protected":false},"author":5,"featured_media":836,"parent":341,"menu_order":0,"comment_status":"closed","ping_status":"closed","template":"","meta":{"_acf_changed":false,"inline_featured_image":false,"footnotes":""},"class_list":["post-375","page","type-page","status-publish","has-post-thumbnail","hentry"],"acf":[],"yoast_head":"<!-- This site is optimized with the Yoast SEO plugin v26.9 - https:\/\/yoast.com\/product\/yoast-seo-wordpress\/ -->\n<title>Stilet e aparatit t\u00eb d\u00ebgjimit - Phonak - Shqip\u00ebria<\/title>\n<meta name=\"robots\" content=\"index, follow, max-snippet:-1, max-image-preview:large, max-video-preview:-1\" \/>\n<link rel=\"canonical\" href=\"https:\/\/intl.phonak.com\/main-english\/solutions\/hearing-aid-styles\/\" \/>\n<meta property=\"og:locale\" content=\"sq_AL\" \/>\n<meta property=\"og:type\" content=\"article\" \/>\n<meta property=\"og:title\" content=\"Stilet e aparatit t\u00eb d\u00ebgjimit - Phonak - Shqip\u00ebria\" \/>\n<meta property=\"og:description\" content=\"Zbuloni stilin q\u00eb ju p\u00ebrshtatet n\u00eb m\u00ebnyr\u00eb perfekte Aparatet e d\u00ebgjimit modern ofrojn\u00eb nj\u00eb gam\u00eb t\u00eb gjer\u00eb funksionesh dhe larmishm\u00ebri....\" \/>\n<meta property=\"og:url\" content=\"https:\/\/intl.phonak.com\/sq-al\/zgjidhje\/llojet-e-aparateve-te-degjimit\/\" \/>\n<meta property=\"og:site_name\" content=\"Phonak - Shqip\u00ebria\" \/>\n<meta property=\"article:modified_time\" content=\"2025-11-17T15:06:45+00:00\" \/>\n<meta property=\"og:image\" content=\"https:\/\/intl.phonak.com\/sq-al\/wp-content\/uploads\/sites\/75\/2021\/11\/PH_Packshot_Audeo-I-Sphere-xReceiver_050-1029-P7-2.png\" \/>\n\t<meta property=\"og:image:width\" content=\"600\" \/>\n\t<meta property=\"og:image:height\" content=\"600\" \/>\n\t<meta property=\"og:image:type\" content=\"image\/png\" \/>\n<meta name=\"twitter:card\" content=\"summary_large_image\" \/>\n<meta name=\"twitter:label1\" content=\"Est. reading time\" \/>\n\t<meta name=\"twitter:data1\" content=\"6 minutes\" \/>\n<script type=\"application\/ld+json\" class=\"yoast-schema-graph\">{\"@context\":\"https:\/\/schema.org\",\"@graph\":[{\"@type\":\"WebPage\",\"@id\":\"https:\/\/intl.phonak.com\/sq-al\/zgjidhje\/llojet-e-aparateve-te-degjimit\/\",\"url\":\"https:\/\/intl.phonak.com\/sq-al\/zgjidhje\/llojet-e-aparateve-te-degjimit\/\",\"name\":\"Stilet e aparatit t\u00eb d\u00ebgjimit - Phonak - Shqip\u00ebria\",\"isPartOf\":{\"@id\":\"https:\/\/intl.phonak.com\/sq-al\/#website\"},\"primaryImageOfPage\":{\"@id\":\"https:\/\/intl.phonak.com\/sq-al\/zgjidhje\/llojet-e-aparateve-te-degjimit\/#primaryimage\"},\"image\":{\"@id\":\"https:\/\/intl.phonak.com\/sq-al\/zgjidhje\/llojet-e-aparateve-te-degjimit\/#primaryimage\"},\"thumbnailUrl\":\"https:\/\/intl.phonak.com\/sq-al\/wp-content\/uploads\/sites\/75\/2021\/11\/PH_Packshot_Audeo-I-Sphere-xReceiver_050-1029-P7-2.png\",\"datePublished\":\"2021-11-30T15:12:48+00:00\",\"dateModified\":\"2025-11-17T15:06:45+00:00\",\"breadcrumb\":{\"@id\":\"https:\/\/intl.phonak.com\/sq-al\/zgjidhje\/llojet-e-aparateve-te-degjimit\/#breadcrumb\"},\"inLanguage\":\"sq-AL\",\"potentialAction\":[{\"@type\":\"ReadAction\",\"target\":[\"https:\/\/intl.phonak.com\/sq-al\/zgjidhje\/llojet-e-aparateve-te-degjimit\/\"]}]},{\"@type\":\"ImageObject\",\"inLanguage\":\"sq-AL\",\"@id\":\"https:\/\/intl.phonak.com\/sq-al\/zgjidhje\/llojet-e-aparateve-te-degjimit\/#primaryimage\",\"url\":\"https:\/\/intl.phonak.com\/sq-al\/wp-content\/uploads\/sites\/75\/2021\/11\/PH_Packshot_Audeo-I-Sphere-xReceiver_050-1029-P7-2.png\",\"contentUrl\":\"https:\/\/intl.phonak.com\/sq-al\/wp-content\/uploads\/sites\/75\/2021\/11\/PH_Packshot_Audeo-I-Sphere-xReceiver_050-1029-P7-2.png\",\"width\":600,\"height\":600,\"caption\":\"Phonak Aud\u00e9o Sphere Infinio\"},{\"@type\":\"BreadcrumbList\",\"@id\":\"https:\/\/intl.phonak.com\/sq-al\/zgjidhje\/llojet-e-aparateve-te-degjimit\/#breadcrumb\",\"itemListElement\":[{\"@type\":\"ListItem\",\"position\":1,\"name\":\"Home\",\"item\":\"https:\/\/intl.phonak.com\/sq-al\/\"},{\"@type\":\"ListItem\",\"position\":2,\"name\":\"Zgjidhje\",\"item\":\"https:\/\/intl.phonak.com\/sq-al\/zgjidhje\/\"},{\"@type\":\"ListItem\",\"position\":3,\"name\":\"Stilet e aparatit t\u00eb d\u00ebgjimit\"}]},{\"@type\":\"WebSite\",\"@id\":\"https:\/\/intl.phonak.com\/sq-al\/#website\",\"url\":\"https:\/\/intl.phonak.com\/sq-al\/\",\"name\":\"Phonak - Shqip\u00ebria\",\"description\":\"T\u00eb p\u00ebrkushtuar p\u00ebr t\u00eb ndryshuar jet\u00eb\",\"publisher\":{\"@id\":\"https:\/\/intl.phonak.com\/sq-al\/#organization\"},\"potentialAction\":[{\"@type\":\"SearchAction\",\"target\":{\"@type\":\"EntryPoint\",\"urlTemplate\":\"https:\/\/intl.phonak.com\/sq-al\/?s={search_term_string}\"},\"query-input\":{\"@type\":\"PropertyValueSpecification\",\"valueRequired\":true,\"valueName\":\"search_term_string\"}}],\"inLanguage\":\"sq-AL\"},{\"@type\":\"Organization\",\"@id\":\"https:\/\/intl.phonak.com\/sq-al\/#organization\",\"name\":\"Phonak - Shqip\u00ebria\",\"url\":\"https:\/\/intl.phonak.com\/sq-al\/\",\"logo\":{\"@type\":\"ImageObject\",\"inLanguage\":\"sq-AL\",\"@id\":\"https:\/\/intl.phonak.com\/sq-al\/#\/schema\/logo\/image\/\",\"url\":\"https:\/\/intl.phonak.com\/sq-al\/wp-content\/uploads\/sites\/75\/2025\/07\/logo-phonak.svg\",\"contentUrl\":\"https:\/\/intl.phonak.com\/sq-al\/wp-content\/uploads\/sites\/75\/2025\/07\/logo-phonak.svg\",\"caption\":\"Phonak -  Shqip\u00ebria\"},\"image\":{\"@id\":\"https:\/\/intl.phonak.com\/sq-al\/#\/schema\/logo\/image\/\"}}]}<\/script>\n<!-- \/ Yoast SEO plugin. -->","yoast_head_json":{"title":"Stilet e aparatit t\u00eb d\u00ebgjimit - Phonak - Shqip\u00ebria","robots":{"index":"index","follow":"follow","max-snippet":"max-snippet:-1","max-image-preview":"max-image-preview:large","max-video-preview":"max-video-preview:-1"},"canonical":"https:\/\/intl.phonak.com\/main-english\/solutions\/hearing-aid-styles\/","og_locale":"sq_AL","og_type":"article","og_title":"Stilet e aparatit t\u00eb d\u00ebgjimit - Phonak - Shqip\u00ebria","og_description":"Zbuloni stilin q\u00eb ju p\u00ebrshtatet n\u00eb m\u00ebnyr\u00eb perfekte Aparatet e d\u00ebgjimit modern ofrojn\u00eb nj\u00eb gam\u00eb t\u00eb gjer\u00eb funksionesh dhe larmishm\u00ebri....","og_url":"https:\/\/intl.phonak.com\/sq-al\/zgjidhje\/llojet-e-aparateve-te-degjimit\/","og_site_name":"Phonak - Shqip\u00ebria","article_modified_time":"2025-11-17T15:06:45+00:00","og_image":[{"width":600,"height":600,"url":"https:\/\/intl.phonak.com\/sq-al\/wp-content\/uploads\/sites\/75\/2021\/11\/PH_Packshot_Audeo-I-Sphere-xReceiver_050-1029-P7-2.png","type":"image\/png"}],"twitter_card":"summary_large_image","twitter_misc":{"Est. reading time":"6 minutes"},"schema":{"@context":"https:\/\/schema.org","@graph":[{"@type":"WebPage","@id":"https:\/\/intl.phonak.com\/sq-al\/zgjidhje\/llojet-e-aparateve-te-degjimit\/","url":"https:\/\/intl.phonak.com\/sq-al\/zgjidhje\/llojet-e-aparateve-te-degjimit\/","name":"Stilet e aparatit t\u00eb d\u00ebgjimit - Phonak - Shqip\u00ebria","isPartOf":{"@id":"https:\/\/intl.phonak.com\/sq-al\/#website"},"primaryImageOfPage":{"@id":"https:\/\/intl.phonak.com\/sq-al\/zgjidhje\/llojet-e-aparateve-te-degjimit\/#primaryimage"},"image":{"@id":"https:\/\/intl.phonak.com\/sq-al\/zgjidhje\/llojet-e-aparateve-te-degjimit\/#primaryimage"},"thumbnailUrl":"https:\/\/intl.phonak.com\/sq-al\/wp-content\/uploads\/sites\/75\/2021\/11\/PH_Packshot_Audeo-I-Sphere-xReceiver_050-1029-P7-2.png","datePublished":"2021-11-30T15:12:48+00:00","dateModified":"2025-11-17T15:06:45+00:00","breadcrumb":{"@id":"https:\/\/intl.phonak.com\/sq-al\/zgjidhje\/llojet-e-aparateve-te-degjimit\/#breadcrumb"},"inLanguage":"sq-AL","potentialAction":[{"@type":"ReadAction","target":["https:\/\/intl.phonak.com\/sq-al\/zgjidhje\/llojet-e-aparateve-te-degjimit\/"]}]},{"@type":"ImageObject","inLanguage":"sq-AL","@id":"https:\/\/intl.phonak.com\/sq-al\/zgjidhje\/llojet-e-aparateve-te-degjimit\/#primaryimage","url":"https:\/\/intl.phonak.com\/sq-al\/wp-content\/uploads\/sites\/75\/2021\/11\/PH_Packshot_Audeo-I-Sphere-xReceiver_050-1029-P7-2.png","contentUrl":"https:\/\/intl.phonak.com\/sq-al\/wp-content\/uploads\/sites\/75\/2021\/11\/PH_Packshot_Audeo-I-Sphere-xReceiver_050-1029-P7-2.png","width":600,"height":600,"caption":"Phonak Aud\u00e9o Sphere Infinio"},{"@type":"BreadcrumbList","@id":"https:\/\/intl.phonak.com\/sq-al\/zgjidhje\/llojet-e-aparateve-te-degjimit\/#breadcrumb","itemListElement":[{"@type":"ListItem","position":1,"name":"Home","item":"https:\/\/intl.phonak.com\/sq-al\/"},{"@type":"ListItem","position":2,"name":"Zgjidhje","item":"https:\/\/intl.phonak.com\/sq-al\/zgjidhje\/"},{"@type":"ListItem","position":3,"name":"Stilet e aparatit t\u00eb d\u00ebgjimit"}]},{"@type":"WebSite","@id":"https:\/\/intl.phonak.com\/sq-al\/#website","url":"https:\/\/intl.phonak.com\/sq-al\/","name":"Phonak - Shqip\u00ebria","description":"T\u00eb p\u00ebrkushtuar p\u00ebr t\u00eb ndryshuar jet\u00eb","publisher":{"@id":"https:\/\/intl.phonak.com\/sq-al\/#organization"},"potentialAction":[{"@type":"SearchAction","target":{"@type":"EntryPoint","urlTemplate":"https:\/\/intl.phonak.com\/sq-al\/?s={search_term_string}"},"query-input":{"@type":"PropertyValueSpecification","valueRequired":true,"valueName":"search_term_string"}}],"inLanguage":"sq-AL"},{"@type":"Organization","@id":"https:\/\/intl.phonak.com\/sq-al\/#organization","name":"Phonak - Shqip\u00ebria","url":"https:\/\/intl.phonak.com\/sq-al\/","logo":{"@type":"ImageObject","inLanguage":"sq-AL","@id":"https:\/\/intl.phonak.com\/sq-al\/#\/schema\/logo\/image\/","url":"https:\/\/intl.phonak.com\/sq-al\/wp-content\/uploads\/sites\/75\/2025\/07\/logo-phonak.svg","contentUrl":"https:\/\/intl.phonak.com\/sq-al\/wp-content\/uploads\/sites\/75\/2025\/07\/logo-phonak.svg","caption":"Phonak -  Shqip\u00ebria"},"image":{"@id":"https:\/\/intl.phonak.com\/sq-al\/#\/schema\/logo\/image\/"}}]}},"jetpack_sharing_enabled":true,"distributor_meta":false,"distributor_terms":false,"distributor_media":false,"distributor_original_site_name":"Phonak -  Shqip\u00ebria","distributor_original_site_url":"https:\/\/intl.phonak.com\/sq-al","push-errors":false,"_links":{"self":[{"href":"https:\/\/intl.phonak.com\/sq-al\/wp-json\/wp\/v2\/pages\/375","targetHints":{"allow":["GET"]}}],"collection":[{"href":"https:\/\/intl.phonak.com\/sq-al\/wp-json\/wp\/v2\/pages"}],"about":[{"href":"https:\/\/intl.phonak.com\/sq-al\/wp-json\/wp\/v2\/types\/page"}],"author":[{"embeddable":true,"href":"https:\/\/intl.phonak.com\/sq-al\/wp-json\/wp\/v2\/users\/5"}],"replies":[{"embeddable":true,"href":"https:\/\/intl.phonak.com\/sq-al\/wp-json\/wp\/v2\/comments?post=375"}],"version-history":[{"count":13,"href":"https:\/\/intl.phonak.com\/sq-al\/wp-json\/wp\/v2\/pages\/375\/revisions"}],"predecessor-version":[{"id":935,"href":"https:\/\/intl.phonak.com\/sq-al\/wp-json\/wp\/v2\/pages\/375\/revisions\/935"}],"up":[{"embeddable":true,"href":"https:\/\/intl.phonak.com\/sq-al\/wp-json\/wp\/v2\/pages\/341"}],"wp:featuredmedia":[{"embeddable":true,"href":"https:\/\/intl.phonak.com\/sq-al\/wp-json\/wp\/v2\/media\/836"}],"wp:attachment":[{"href":"https:\/\/intl.phonak.com\/sq-al\/wp-json\/wp\/v2\/media?parent=375"}],"curies":[{"name":"wp","href":"https:\/\/api.w.org\/{rel}","templated":true}]}}