{"id":369,"date":"2021-12-01T18:05:35","date_gmt":"2021-12-01T18:05:35","guid":{"rendered":"https:\/\/intl.phonak.com\/sq-al\/sitemap\/"},"modified":"2025-09-16T14:27:36","modified_gmt":"2025-09-16T14:27:36","slug":"harta-e-faqjes","status":"publish","type":"page","link":"https:\/\/intl.phonak.com\/sq-al\/harta-e-faqjes\/","title":{"rendered":"Harta e faqjes"},"content":{"rendered":"<div class=\"sitemap\">\n\t<ul>\n\t<li class=\"page_item page-item-366\"><a href=\"https:\/\/intl.phonak.com\/sq-al\/aparatet-e-degjimit\/\">Aparatet e d\u00ebgjimit<\/a><\/li>\n<li class=\"page_item page-item-987\"><a href=\"https:\/\/intl.phonak.com\/sq-al\/for-professionals\/\">For Professionals<\/a><\/li>\n<li class=\"page_item page-item-965\"><a href=\"https:\/\/intl.phonak.com\/sq-al\/gjeni-nje-ekspert\/\">Gjeni nje ekspert<\/a><\/li>\n<li class=\"page_item page-item-369\"><a href=\"https:\/\/intl.phonak.com\/sq-al\/harta-e-faqjes\/\">Harta e faqjes<\/a><\/li>\n<li class=\"page_item page-item-317 page_item_has_children\"><a href=\"https:\/\/intl.phonak.com\/sq-al\/humbja-e-degjimit\/\">Humbja e d\u00ebgjimit<\/a>\n<ul class='children'>\n\t<li class=\"page_item page-item-321\"><a href=\"https:\/\/intl.phonak.com\/sq-al\/humbja-e-degjimit\/mirembajtja-e-aparateve\/\">Mirembajtja e aparateve<\/a><\/li>\n\t<li class=\"page_item page-item-313\"><a href=\"https:\/\/intl.phonak.com\/sq-al\/humbja-e-degjimit\/personalizimi-i-aparatit-te-degjimit\/\">Personalizimi i aparatit t\u00eb d\u00ebgjimit<\/a><\/li>\n\t<li class=\"page_item page-item-353\"><a href=\"https:\/\/intl.phonak.com\/sq-al\/humbja-e-degjimit\/phonak-te-degjuarit-mire-eshte-te-qenurit-mire\/\">Phonak te degjuarit mire eshte te qenurit mire<\/a><\/li>\n\t<li class=\"page_item page-item-383\"><a href=\"https:\/\/intl.phonak.com\/sq-al\/humbja-e-degjimit\/shkaqet-e-humbjes-se-degjimit\/\">Shkaqet e humbjes s\u00eb d\u00ebgjimit<\/a><\/li>\n\t<li class=\"page_item page-item-379\"><a href=\"https:\/\/intl.phonak.com\/sq-al\/humbja-e-degjimit\/shkoni-tek-nje-ekspert\/\">Shkoni te nj\u00eb ekspert d\u00ebgjimi<\/a><\/li>\n<\/ul>\n<\/li>\n<li class=\"page_item page-item-361\"><a href=\"https:\/\/intl.phonak.com\/sq-al\/mbrojte-degjimi\/\">Mbrojte degjimi<\/a><\/li>\n<li class=\"page_item page-item-407\"><a href=\"https:\/\/intl.phonak.com\/sq-al\/kontakt\/\">Na kontaktoni<\/a><\/li>\n<li class=\"page_item page-item-334\"><a href=\"https:\/\/intl.phonak.com\/sq-al\/njoftimi-i-privatesise\/\">Njoftimi p\u00ebr Privat\u00ebsin\u00eb<\/a><\/li>\n<li class=\"page_item page-item-331\"><a href=\"https:\/\/intl.phonak.com\/sq-al\/njoftimi-i-privatesise-per-cookies\/\">Njoftimi p\u00ebr Privat\u00ebsin\u00eb e Biskotave<\/a><\/li>\n<li class=\"page_item page-item-349\"><a href=\"https:\/\/intl.phonak.com\/sq-al\/pediatric-center\/\">Pediatric Center<\/a><\/li>\n<li class=\"page_item page-item-372\"><a href=\"https:\/\/intl.phonak.com\/sq-al\/politika-e-privatesise\/\">Politika e Privat\u00ebsis\u00eb<\/a><\/li>\n<li class=\"page_item page-item-415\"><a href=\"https:\/\/intl.phonak.com\/sq-al\/\">Sht\u00ebpi<\/a><\/li>\n<li class=\"page_item page-item-357\"><a href=\"https:\/\/intl.phonak.com\/sq-al\/testi-i-degjimit\/\">Testi i d\u00ebgjimit online<\/a><\/li>\n<li class=\"page_item page-item-341 page_item_has_children\"><a href=\"https:\/\/intl.phonak.com\/sq-al\/zgjidhje\/\">Zgjidhje<\/a>\n<ul class='children'>\n\t<li class=\"page_item page-item-391\"><a href=\"https:\/\/intl.phonak.com\/sq-al\/zgjidhje\/aksesore\/\">Aksesor\u00eb<\/a><\/li>\n\t<li class=\"page_item page-item-399\"><a href=\"https:\/\/intl.phonak.com\/sq-al\/zgjidhje\/produkte\/\">Produkte<\/a><\/li>\n\t<li class=\"page_item page-item-337\"><a href=\"https:\/\/intl.phonak.com\/sq-al\/zgjidhje\/roger-per-edukim\/\">Roger\u2122 p\u00ebr edukim<\/a><\/li>\n\t<li class=\"page_item page-item-396\"><a href=\"https:\/\/intl.phonak.com\/sq-al\/zgjidhje\/shkarkime\/\">Shkarkime<\/a><\/li>\n\t<li class=\"page_item page-item-375\"><a href=\"https:\/\/intl.phonak.com\/sq-al\/zgjidhje\/llojet-e-aparateve-te-degjimit\/\">Stilet e aparatit t\u00eb d\u00ebgjimit<\/a><\/li>\n\t<li class=\"page_item page-item-345\"><a href=\"https:\/\/intl.phonak.com\/sq-al\/zgjidhje\/teknologjia-roger\/\">Teknologjia Roger\u2122<\/a><\/li>\n\t<li class=\"page_item page-item-387\"><a href=\"https:\/\/intl.phonak.com\/sq-al\/zgjidhje\/zgjidhje-pediatrike\/\">Zgjidhje pediatrike<\/a><\/li>\n<\/ul>\n<\/li>\n\t<\/ul>\n<\/div>\n\n\n\n<div style=\"height:40px\" aria-hidden=\"true\" class=\"wp-block-spacer\"><\/div>\n","protected":false},"excerpt":{"rendered":"","protected":false},"author":5,"featured_media":370,"parent":0,"menu_order":0,"comment_status":"closed","ping_status":"closed","template":"","meta":{"_acf_changed":false,"inline_featured_image":false,"footnotes":""},"class_list":["post-369","page","type-page","status-publish","has-post-thumbnail","hentry"],"acf":[],"yoast_head":"<!-- This site is optimized with the Yoast SEO plugin v26.9 - https:\/\/yoast.com\/product\/yoast-seo-wordpress\/ -->\n<title>Harta e faqjes - Phonak - Shqip\u00ebria<\/title>\n<meta name=\"robots\" content=\"index, follow, max-snippet:-1, max-image-preview:large, max-video-preview:-1\" \/>\n<link rel=\"canonical\" href=\"https:\/\/intl.phonak.com\/main-english\/sitemap\/\" \/>\n<meta property=\"og:locale\" content=\"sq_AL\" \/>\n<meta property=\"og:type\" content=\"article\" \/>\n<meta property=\"og:title\" content=\"Harta e faqjes - Phonak - Shqip\u00ebria\" \/>\n<meta property=\"og:url\" content=\"https:\/\/intl.phonak.com\/sq-al\/harta-e-faqjes\/\" \/>\n<meta property=\"og:site_name\" content=\"Phonak - Shqip\u00ebria\" \/>\n<meta property=\"article:modified_time\" content=\"2025-09-16T14:27:36+00:00\" \/>\n<meta property=\"og:image\" content=\"https:\/\/intl.phonak.com\/sq-al\/wp-content\/uploads\/sites\/75\/2025\/07\/PH_Packshot_Audeo-I-Sphere-xReceiver_050-1029-P7_d27c8e.png\" \/>\n\t<meta property=\"og:image:width\" content=\"600\" \/>\n\t<meta property=\"og:image:height\" content=\"600\" \/>\n\t<meta property=\"og:image:type\" content=\"image\/png\" \/>\n<meta name=\"twitter:card\" content=\"summary_large_image\" \/>\n<meta name=\"twitter:label1\" content=\"Est. reading time\" \/>\n\t<meta name=\"twitter:data1\" content=\"1 minute\" \/>\n<script type=\"application\/ld+json\" class=\"yoast-schema-graph\">{\"@context\":\"https:\/\/schema.org\",\"@graph\":[{\"@type\":\"WebPage\",\"@id\":\"https:\/\/intl.phonak.com\/sq-al\/harta-e-faqjes\/\",\"url\":\"https:\/\/intl.phonak.com\/sq-al\/harta-e-faqjes\/\",\"name\":\"Harta e faqjes - Phonak - Shqip\u00ebria\",\"isPartOf\":{\"@id\":\"https:\/\/intl.phonak.com\/sq-al\/#website\"},\"primaryImageOfPage\":{\"@id\":\"https:\/\/intl.phonak.com\/sq-al\/harta-e-faqjes\/#primaryimage\"},\"image\":{\"@id\":\"https:\/\/intl.phonak.com\/sq-al\/harta-e-faqjes\/#primaryimage\"},\"thumbnailUrl\":\"https:\/\/intl.phonak.com\/sq-al\/wp-content\/uploads\/sites\/75\/2025\/07\/PH_Packshot_Audeo-I-Sphere-xReceiver_050-1029-P7_d27c8e.png\",\"datePublished\":\"2021-12-01T18:05:35+00:00\",\"dateModified\":\"2025-09-16T14:27:36+00:00\",\"breadcrumb\":{\"@id\":\"https:\/\/intl.phonak.com\/sq-al\/harta-e-faqjes\/#breadcrumb\"},\"inLanguage\":\"sq-AL\",\"potentialAction\":[{\"@type\":\"ReadAction\",\"target\":[\"https:\/\/intl.phonak.com\/sq-al\/harta-e-faqjes\/\"]}]},{\"@type\":\"ImageObject\",\"inLanguage\":\"sq-AL\",\"@id\":\"https:\/\/intl.phonak.com\/sq-al\/harta-e-faqjes\/#primaryimage\",\"url\":\"https:\/\/intl.phonak.com\/sq-al\/wp-content\/uploads\/sites\/75\/2025\/07\/PH_Packshot_Audeo-I-Sphere-xReceiver_050-1029-P7_d27c8e.png\",\"contentUrl\":\"https:\/\/intl.phonak.com\/sq-al\/wp-content\/uploads\/sites\/75\/2025\/07\/PH_Packshot_Audeo-I-Sphere-xReceiver_050-1029-P7_d27c8e.png\",\"width\":600,\"height\":600,\"caption\":\"Phonak Aud\u00e9o Sphere Infinio\"},{\"@type\":\"BreadcrumbList\",\"@id\":\"https:\/\/intl.phonak.com\/sq-al\/harta-e-faqjes\/#breadcrumb\",\"itemListElement\":[{\"@type\":\"ListItem\",\"position\":1,\"name\":\"Home\",\"item\":\"https:\/\/intl.phonak.com\/sq-al\/\"},{\"@type\":\"ListItem\",\"position\":2,\"name\":\"Harta e faqjes\"}]},{\"@type\":\"WebSite\",\"@id\":\"https:\/\/intl.phonak.com\/sq-al\/#website\",\"url\":\"https:\/\/intl.phonak.com\/sq-al\/\",\"name\":\"Phonak - Shqip\u00ebria\",\"description\":\"T\u00eb p\u00ebrkushtuar p\u00ebr t\u00eb ndryshuar jet\u00eb\",\"publisher\":{\"@id\":\"https:\/\/intl.phonak.com\/sq-al\/#organization\"},\"potentialAction\":[{\"@type\":\"SearchAction\",\"target\":{\"@type\":\"EntryPoint\",\"urlTemplate\":\"https:\/\/intl.phonak.com\/sq-al\/?s={search_term_string}\"},\"query-input\":{\"@type\":\"PropertyValueSpecification\",\"valueRequired\":true,\"valueName\":\"search_term_string\"}}],\"inLanguage\":\"sq-AL\"},{\"@type\":\"Organization\",\"@id\":\"https:\/\/intl.phonak.com\/sq-al\/#organization\",\"name\":\"Phonak - Shqip\u00ebria\",\"url\":\"https:\/\/intl.phonak.com\/sq-al\/\",\"logo\":{\"@type\":\"ImageObject\",\"inLanguage\":\"sq-AL\",\"@id\":\"https:\/\/intl.phonak.com\/sq-al\/#\/schema\/logo\/image\/\",\"url\":\"https:\/\/intl.phonak.com\/sq-al\/wp-content\/uploads\/sites\/75\/2025\/07\/logo-phonak.svg\",\"contentUrl\":\"https:\/\/intl.phonak.com\/sq-al\/wp-content\/uploads\/sites\/75\/2025\/07\/logo-phonak.svg\",\"caption\":\"Phonak -  Shqip\u00ebria\"},\"image\":{\"@id\":\"https:\/\/intl.phonak.com\/sq-al\/#\/schema\/logo\/image\/\"}}]}<\/script>\n<!-- \/ Yoast SEO plugin. -->","yoast_head_json":{"title":"Harta e faqjes - Phonak - Shqip\u00ebria","robots":{"index":"index","follow":"follow","max-snippet":"max-snippet:-1","max-image-preview":"max-image-preview:large","max-video-preview":"max-video-preview:-1"},"canonical":"https:\/\/intl.phonak.com\/main-english\/sitemap\/","og_locale":"sq_AL","og_type":"article","og_title":"Harta e faqjes - Phonak - Shqip\u00ebria","og_url":"https:\/\/intl.phonak.com\/sq-al\/harta-e-faqjes\/","og_site_name":"Phonak - Shqip\u00ebria","article_modified_time":"2025-09-16T14:27:36+00:00","og_image":[{"width":600,"height":600,"url":"https:\/\/intl.phonak.com\/sq-al\/wp-content\/uploads\/sites\/75\/2025\/07\/PH_Packshot_Audeo-I-Sphere-xReceiver_050-1029-P7_d27c8e.png","type":"image\/png"}],"twitter_card":"summary_large_image","twitter_misc":{"Est. reading time":"1 minute"},"schema":{"@context":"https:\/\/schema.org","@graph":[{"@type":"WebPage","@id":"https:\/\/intl.phonak.com\/sq-al\/harta-e-faqjes\/","url":"https:\/\/intl.phonak.com\/sq-al\/harta-e-faqjes\/","name":"Harta e faqjes - Phonak - Shqip\u00ebria","isPartOf":{"@id":"https:\/\/intl.phonak.com\/sq-al\/#website"},"primaryImageOfPage":{"@id":"https:\/\/intl.phonak.com\/sq-al\/harta-e-faqjes\/#primaryimage"},"image":{"@id":"https:\/\/intl.phonak.com\/sq-al\/harta-e-faqjes\/#primaryimage"},"thumbnailUrl":"https:\/\/intl.phonak.com\/sq-al\/wp-content\/uploads\/sites\/75\/2025\/07\/PH_Packshot_Audeo-I-Sphere-xReceiver_050-1029-P7_d27c8e.png","datePublished":"2021-12-01T18:05:35+00:00","dateModified":"2025-09-16T14:27:36+00:00","breadcrumb":{"@id":"https:\/\/intl.phonak.com\/sq-al\/harta-e-faqjes\/#breadcrumb"},"inLanguage":"sq-AL","potentialAction":[{"@type":"ReadAction","target":["https:\/\/intl.phonak.com\/sq-al\/harta-e-faqjes\/"]}]},{"@type":"ImageObject","inLanguage":"sq-AL","@id":"https:\/\/intl.phonak.com\/sq-al\/harta-e-faqjes\/#primaryimage","url":"https:\/\/intl.phonak.com\/sq-al\/wp-content\/uploads\/sites\/75\/2025\/07\/PH_Packshot_Audeo-I-Sphere-xReceiver_050-1029-P7_d27c8e.png","contentUrl":"https:\/\/intl.phonak.com\/sq-al\/wp-content\/uploads\/sites\/75\/2025\/07\/PH_Packshot_Audeo-I-Sphere-xReceiver_050-1029-P7_d27c8e.png","width":600,"height":600,"caption":"Phonak Aud\u00e9o Sphere Infinio"},{"@type":"BreadcrumbList","@id":"https:\/\/intl.phonak.com\/sq-al\/harta-e-faqjes\/#breadcrumb","itemListElement":[{"@type":"ListItem","position":1,"name":"Home","item":"https:\/\/intl.phonak.com\/sq-al\/"},{"@type":"ListItem","position":2,"name":"Harta e faqjes"}]},{"@type":"WebSite","@id":"https:\/\/intl.phonak.com\/sq-al\/#website","url":"https:\/\/intl.phonak.com\/sq-al\/","name":"Phonak - Shqip\u00ebria","description":"T\u00eb p\u00ebrkushtuar p\u00ebr t\u00eb ndryshuar jet\u00eb","publisher":{"@id":"https:\/\/intl.phonak.com\/sq-al\/#organization"},"potentialAction":[{"@type":"SearchAction","target":{"@type":"EntryPoint","urlTemplate":"https:\/\/intl.phonak.com\/sq-al\/?s={search_term_string}"},"query-input":{"@type":"PropertyValueSpecification","valueRequired":true,"valueName":"search_term_string"}}],"inLanguage":"sq-AL"},{"@type":"Organization","@id":"https:\/\/intl.phonak.com\/sq-al\/#organization","name":"Phonak - Shqip\u00ebria","url":"https:\/\/intl.phonak.com\/sq-al\/","logo":{"@type":"ImageObject","inLanguage":"sq-AL","@id":"https:\/\/intl.phonak.com\/sq-al\/#\/schema\/logo\/image\/","url":"https:\/\/intl.phonak.com\/sq-al\/wp-content\/uploads\/sites\/75\/2025\/07\/logo-phonak.svg","contentUrl":"https:\/\/intl.phonak.com\/sq-al\/wp-content\/uploads\/sites\/75\/2025\/07\/logo-phonak.svg","caption":"Phonak -  Shqip\u00ebria"},"image":{"@id":"https:\/\/intl.phonak.com\/sq-al\/#\/schema\/logo\/image\/"}}]}},"jetpack_sharing_enabled":true,"distributor_meta":false,"distributor_terms":false,"distributor_media":false,"distributor_original_site_name":"Phonak -  Shqip\u00ebria","distributor_original_site_url":"https:\/\/intl.phonak.com\/sq-al","push-errors":false,"_links":{"self":[{"href":"https:\/\/intl.phonak.com\/sq-al\/wp-json\/wp\/v2\/pages\/369","targetHints":{"allow":["GET"]}}],"collection":[{"href":"https:\/\/intl.phonak.com\/sq-al\/wp-json\/wp\/v2\/pages"}],"about":[{"href":"https:\/\/intl.phonak.com\/sq-al\/wp-json\/wp\/v2\/types\/page"}],"author":[{"embeddable":true,"href":"https:\/\/intl.phonak.com\/sq-al\/wp-json\/wp\/v2\/users\/5"}],"replies":[{"embeddable":true,"href":"https:\/\/intl.phonak.com\/sq-al\/wp-json\/wp\/v2\/comments?post=369"}],"version-history":[{"count":2,"href":"https:\/\/intl.phonak.com\/sq-al\/wp-json\/wp\/v2\/pages\/369\/revisions"}],"predecessor-version":[{"id":661,"href":"https:\/\/intl.phonak.com\/sq-al\/wp-json\/wp\/v2\/pages\/369\/revisions\/661"}],"wp:featuredmedia":[{"embeddable":true,"href":"https:\/\/intl.phonak.com\/sq-al\/wp-json\/wp\/v2\/media\/370"}],"wp:attachment":[{"href":"https:\/\/intl.phonak.com\/sq-al\/wp-json\/wp\/v2\/media?parent=369"}],"curies":[{"name":"wp","href":"https:\/\/api.w.org\/{rel}","templated":true}]}}