{"id":366,"date":"2021-12-02T15:55:10","date_gmt":"2021-12-02T15:55:10","guid":{"rendered":"https:\/\/intl.phonak.com\/sq-al\/hearing-aids\/"},"modified":"2026-02-24T13:14:57","modified_gmt":"2026-02-24T13:14:57","slug":"aparatet-e-degjimit","status":"publish","type":"page","link":"https:\/\/intl.phonak.com\/sq-al\/aparatet-e-degjimit\/","title":{"rendered":"Aparatet e d\u00ebgjimit"},"content":{"rendered":"\n<div class=\"wp-block-cover alignfull is-light\"><img loading=\"lazy\" decoding=\"async\" width=\"3802\" height=\"860\" class=\"wp-block-cover__image-background wp-image-975 size-large\" alt=\"\" src=\"https:\/\/intl.phonak.com\/sq-al\/wp-content\/uploads\/sites\/75\/2026\/02\/Banner_Hearing-aids.jpg?w=1024\" data-object-fit=\"cover\" srcset=\"https:\/\/intl.phonak.com\/sq-al\/wp-content\/uploads\/sites\/75\/2026\/02\/Banner_Hearing-aids.jpg 3802w, https:\/\/intl.phonak.com\/sq-al\/wp-content\/uploads\/sites\/75\/2026\/02\/Banner_Hearing-aids.jpg?resize=300,68 300w, https:\/\/intl.phonak.com\/sq-al\/wp-content\/uploads\/sites\/75\/2026\/02\/Banner_Hearing-aids.jpg?resize=768,174 768w, https:\/\/intl.phonak.com\/sq-al\/wp-content\/uploads\/sites\/75\/2026\/02\/Banner_Hearing-aids.jpg?resize=1024,232 1024w, https:\/\/intl.phonak.com\/sq-al\/wp-content\/uploads\/sites\/75\/2026\/02\/Banner_Hearing-aids.jpg?resize=1536,347 1536w, https:\/\/intl.phonak.com\/sq-al\/wp-content\/uploads\/sites\/75\/2026\/02\/Banner_Hearing-aids.jpg?resize=2048,463 2048w\" sizes=\"auto, (max-width: 3802px) 100vw, 3802px\" \/><span aria-hidden=\"true\" class=\"wp-block-cover__background has-white-background-color has-background-dim-40 has-background-dim\"><\/span><div class=\"wp-block-cover__inner-container is-layout-flow wp-block-cover-is-layout-flow\">\n<h1 class=\"wp-block-heading has-text-align-center has-dark-grey-color has-text-color\" id=\"participate-fully-in-life\">Merrni pjes\u00eb plot\u00ebsisht n\u00eb jet\u00eb<\/h1>\n\n\n\n<p class=\"has-text-align-center margin-bottom-0 has-dark-grey-color has-text-color has-lead-font-size\">Shijoni m\u00eb shum\u00eb nga momentet magjike t\u00eb jet\u00ebs<\/p>\n<\/div><\/div>\n\n\n\n<div class=\"wp-block-group is-style-align-small is-layout-flow wp-block-group-is-layout-flow\" style=\"padding-top:0px\">\n<h2 class=\"wp-block-heading has-text-align-center\" id=\"phonak-hearing-aids-flexible-forms-colors-and-styles\">Aparatet e d\u00ebgjimit Phonak &#8211; <\/h2>\n\n\n\n<h2 class=\"wp-block-heading has-text-align-center\" id=\"phonak-hearing-aids-flexible-forms-colors-and-styles\">forma fleksibile, ngjyra dhe stile<\/h2>\n\n\n\n<p class=\"has-text-align-center\">Phonak ka aparatin e duhur t\u00eb d\u00ebgjimit p\u00ebr ju &#8211; pavar\u00ebsisht nga lloji i humbjes s\u00eb d\u00ebgjimit, stili i jetes\u00ebs, preferencat personale, mosha juaj apo buxheti juaj. Ne vendos\u00ebm t\u00eb zhvillojm\u00eb zgjidhje t\u00eb jasht\u00ebzakonshme d\u00ebgjimi p\u00ebr t\u00eb gjith\u00eb. Mund t\u00eb gjeni m\u00eb shum\u00eb detaje p\u00ebr k\u00ebto produkte m\u00eb posht\u00eb ose mund t\u00eb pyesni profesionistin tuaj t\u00eb kujdesit p\u00ebr d\u00ebgjimin.<\/p>\n<\/div>\n\n\n\n<div\n\tclass=\"wp-block-phonak-products is-forntend alignwide\"\n\tdata-attributes=\"{&quot;categories&quot;:&quot;3&quot;,&quot;perPage&quot;:&quot;9&quot;,&quot;defaultCategories&quot;:[3],&quot;align&quot;:&quot;wide&quot;,&quot;showPagination&quot;:true,&quot;showFilter&quot;:true,&quot;enabledFilters&quot;:[&quot;platforms&quot;,&quot;categories&quot;,&quot;productTypes&quot;],&quot;defaultPlatforms&quot;:[],&quot;defaultProductTypes&quot;:[]}\"\n\tdata-locale=\"sq_AL\">\n<\/div>\n","protected":false},"excerpt":{"rendered":"<p>Aparatet e d\u00ebgjimit Phonak &#8211; forma fleksibile, ngjyra dhe stile Phonak ka aparatin e duhur t\u00eb d\u00ebgjimit p\u00ebr ju &#8211;&#8230;<\/p>\n","protected":false},"author":5,"featured_media":840,"parent":0,"menu_order":0,"comment_status":"closed","ping_status":"closed","template":"","meta":{"_acf_changed":false,"inline_featured_image":false,"footnotes":""},"class_list":["post-366","page","type-page","status-publish","has-post-thumbnail","hentry"],"acf":[],"yoast_head":"<!-- This site is optimized with the Yoast SEO plugin v26.9 - https:\/\/yoast.com\/product\/yoast-seo-wordpress\/ -->\n<title>Aparatet e d\u00ebgjimit - Phonak - Shqip\u00ebria<\/title>\n<meta name=\"robots\" content=\"index, follow, max-snippet:-1, max-image-preview:large, max-video-preview:-1\" \/>\n<link rel=\"canonical\" href=\"https:\/\/intl.phonak.com\/main-english\/solutions\/hearing-aids\/\" \/>\n<meta property=\"og:locale\" content=\"sq_AL\" \/>\n<meta property=\"og:type\" content=\"article\" \/>\n<meta property=\"og:title\" content=\"Aparatet e d\u00ebgjimit - Phonak - Shqip\u00ebria\" \/>\n<meta property=\"og:description\" content=\"Aparatet e d\u00ebgjimit Phonak &#8211; forma fleksibile, ngjyra dhe stile Phonak ka aparatin e duhur t\u00eb d\u00ebgjimit p\u00ebr ju &#8211;...\" \/>\n<meta property=\"og:url\" content=\"https:\/\/intl.phonak.com\/sq-al\/aparatet-e-degjimit\/\" \/>\n<meta property=\"og:site_name\" content=\"Phonak - Shqip\u00ebria\" \/>\n<meta property=\"article:modified_time\" content=\"2026-02-24T13:14:57+00:00\" \/>\n<meta property=\"og:image\" content=\"https:\/\/intl.phonak.com\/sq-al\/wp-content\/uploads\/sites\/75\/2021\/12\/PH_Packshot_Audeo-I-Sphere-xReceiver_050-1029-P7.png\" \/>\n\t<meta property=\"og:image:width\" content=\"600\" \/>\n\t<meta property=\"og:image:height\" content=\"600\" \/>\n\t<meta property=\"og:image:type\" content=\"image\/png\" \/>\n<meta name=\"twitter:card\" content=\"summary_large_image\" \/>\n<meta name=\"twitter:label1\" content=\"Est. reading time\" \/>\n\t<meta name=\"twitter:data1\" content=\"1 minute\" \/>\n<script type=\"application\/ld+json\" class=\"yoast-schema-graph\">{\"@context\":\"https:\/\/schema.org\",\"@graph\":[{\"@type\":\"WebPage\",\"@id\":\"https:\/\/intl.phonak.com\/sq-al\/aparatet-e-degjimit\/\",\"url\":\"https:\/\/intl.phonak.com\/sq-al\/aparatet-e-degjimit\/\",\"name\":\"Aparatet e d\u00ebgjimit - Phonak - Shqip\u00ebria\",\"isPartOf\":{\"@id\":\"https:\/\/intl.phonak.com\/sq-al\/#website\"},\"primaryImageOfPage\":{\"@id\":\"https:\/\/intl.phonak.com\/sq-al\/aparatet-e-degjimit\/#primaryimage\"},\"image\":{\"@id\":\"https:\/\/intl.phonak.com\/sq-al\/aparatet-e-degjimit\/#primaryimage\"},\"thumbnailUrl\":\"https:\/\/intl.phonak.com\/sq-al\/wp-content\/uploads\/sites\/75\/2021\/12\/PH_Packshot_Audeo-I-Sphere-xReceiver_050-1029-P7.png\",\"datePublished\":\"2021-12-02T15:55:10+00:00\",\"dateModified\":\"2026-02-24T13:14:57+00:00\",\"breadcrumb\":{\"@id\":\"https:\/\/intl.phonak.com\/sq-al\/aparatet-e-degjimit\/#breadcrumb\"},\"inLanguage\":\"sq-AL\",\"potentialAction\":[{\"@type\":\"ReadAction\",\"target\":[\"https:\/\/intl.phonak.com\/sq-al\/aparatet-e-degjimit\/\"]}]},{\"@type\":\"ImageObject\",\"inLanguage\":\"sq-AL\",\"@id\":\"https:\/\/intl.phonak.com\/sq-al\/aparatet-e-degjimit\/#primaryimage\",\"url\":\"https:\/\/intl.phonak.com\/sq-al\/wp-content\/uploads\/sites\/75\/2021\/12\/PH_Packshot_Audeo-I-Sphere-xReceiver_050-1029-P7.png\",\"contentUrl\":\"https:\/\/intl.phonak.com\/sq-al\/wp-content\/uploads\/sites\/75\/2021\/12\/PH_Packshot_Audeo-I-Sphere-xReceiver_050-1029-P7.png\",\"width\":600,\"height\":600,\"caption\":\"Phonak Aud\u00e9o Sphere Infinio\"},{\"@type\":\"BreadcrumbList\",\"@id\":\"https:\/\/intl.phonak.com\/sq-al\/aparatet-e-degjimit\/#breadcrumb\",\"itemListElement\":[{\"@type\":\"ListItem\",\"position\":1,\"name\":\"Home\",\"item\":\"https:\/\/intl.phonak.com\/sq-al\/\"},{\"@type\":\"ListItem\",\"position\":2,\"name\":\"Aparatet e d\u00ebgjimit\"}]},{\"@type\":\"WebSite\",\"@id\":\"https:\/\/intl.phonak.com\/sq-al\/#website\",\"url\":\"https:\/\/intl.phonak.com\/sq-al\/\",\"name\":\"Phonak - Shqip\u00ebria\",\"description\":\"T\u00eb p\u00ebrkushtuar p\u00ebr t\u00eb ndryshuar jet\u00eb\",\"publisher\":{\"@id\":\"https:\/\/intl.phonak.com\/sq-al\/#organization\"},\"potentialAction\":[{\"@type\":\"SearchAction\",\"target\":{\"@type\":\"EntryPoint\",\"urlTemplate\":\"https:\/\/intl.phonak.com\/sq-al\/?s={search_term_string}\"},\"query-input\":{\"@type\":\"PropertyValueSpecification\",\"valueRequired\":true,\"valueName\":\"search_term_string\"}}],\"inLanguage\":\"sq-AL\"},{\"@type\":\"Organization\",\"@id\":\"https:\/\/intl.phonak.com\/sq-al\/#organization\",\"name\":\"Phonak - Shqip\u00ebria\",\"url\":\"https:\/\/intl.phonak.com\/sq-al\/\",\"logo\":{\"@type\":\"ImageObject\",\"inLanguage\":\"sq-AL\",\"@id\":\"https:\/\/intl.phonak.com\/sq-al\/#\/schema\/logo\/image\/\",\"url\":\"https:\/\/intl.phonak.com\/sq-al\/wp-content\/uploads\/sites\/75\/2025\/07\/logo-phonak.svg\",\"contentUrl\":\"https:\/\/intl.phonak.com\/sq-al\/wp-content\/uploads\/sites\/75\/2025\/07\/logo-phonak.svg\",\"caption\":\"Phonak -  Shqip\u00ebria\"},\"image\":{\"@id\":\"https:\/\/intl.phonak.com\/sq-al\/#\/schema\/logo\/image\/\"}}]}<\/script>\n<!-- \/ Yoast SEO plugin. -->","yoast_head_json":{"title":"Aparatet e d\u00ebgjimit - Phonak - Shqip\u00ebria","robots":{"index":"index","follow":"follow","max-snippet":"max-snippet:-1","max-image-preview":"max-image-preview:large","max-video-preview":"max-video-preview:-1"},"canonical":"https:\/\/intl.phonak.com\/main-english\/solutions\/hearing-aids\/","og_locale":"sq_AL","og_type":"article","og_title":"Aparatet e d\u00ebgjimit - Phonak - Shqip\u00ebria","og_description":"Aparatet e d\u00ebgjimit Phonak &#8211; forma fleksibile, ngjyra dhe stile Phonak ka aparatin e duhur t\u00eb d\u00ebgjimit p\u00ebr ju &#8211;...","og_url":"https:\/\/intl.phonak.com\/sq-al\/aparatet-e-degjimit\/","og_site_name":"Phonak - Shqip\u00ebria","article_modified_time":"2026-02-24T13:14:57+00:00","og_image":[{"width":600,"height":600,"url":"https:\/\/intl.phonak.com\/sq-al\/wp-content\/uploads\/sites\/75\/2021\/12\/PH_Packshot_Audeo-I-Sphere-xReceiver_050-1029-P7.png","type":"image\/png"}],"twitter_card":"summary_large_image","twitter_misc":{"Est. reading time":"1 minute"},"schema":{"@context":"https:\/\/schema.org","@graph":[{"@type":"WebPage","@id":"https:\/\/intl.phonak.com\/sq-al\/aparatet-e-degjimit\/","url":"https:\/\/intl.phonak.com\/sq-al\/aparatet-e-degjimit\/","name":"Aparatet e d\u00ebgjimit - Phonak - Shqip\u00ebria","isPartOf":{"@id":"https:\/\/intl.phonak.com\/sq-al\/#website"},"primaryImageOfPage":{"@id":"https:\/\/intl.phonak.com\/sq-al\/aparatet-e-degjimit\/#primaryimage"},"image":{"@id":"https:\/\/intl.phonak.com\/sq-al\/aparatet-e-degjimit\/#primaryimage"},"thumbnailUrl":"https:\/\/intl.phonak.com\/sq-al\/wp-content\/uploads\/sites\/75\/2021\/12\/PH_Packshot_Audeo-I-Sphere-xReceiver_050-1029-P7.png","datePublished":"2021-12-02T15:55:10+00:00","dateModified":"2026-02-24T13:14:57+00:00","breadcrumb":{"@id":"https:\/\/intl.phonak.com\/sq-al\/aparatet-e-degjimit\/#breadcrumb"},"inLanguage":"sq-AL","potentialAction":[{"@type":"ReadAction","target":["https:\/\/intl.phonak.com\/sq-al\/aparatet-e-degjimit\/"]}]},{"@type":"ImageObject","inLanguage":"sq-AL","@id":"https:\/\/intl.phonak.com\/sq-al\/aparatet-e-degjimit\/#primaryimage","url":"https:\/\/intl.phonak.com\/sq-al\/wp-content\/uploads\/sites\/75\/2021\/12\/PH_Packshot_Audeo-I-Sphere-xReceiver_050-1029-P7.png","contentUrl":"https:\/\/intl.phonak.com\/sq-al\/wp-content\/uploads\/sites\/75\/2021\/12\/PH_Packshot_Audeo-I-Sphere-xReceiver_050-1029-P7.png","width":600,"height":600,"caption":"Phonak Aud\u00e9o Sphere Infinio"},{"@type":"BreadcrumbList","@id":"https:\/\/intl.phonak.com\/sq-al\/aparatet-e-degjimit\/#breadcrumb","itemListElement":[{"@type":"ListItem","position":1,"name":"Home","item":"https:\/\/intl.phonak.com\/sq-al\/"},{"@type":"ListItem","position":2,"name":"Aparatet e d\u00ebgjimit"}]},{"@type":"WebSite","@id":"https:\/\/intl.phonak.com\/sq-al\/#website","url":"https:\/\/intl.phonak.com\/sq-al\/","name":"Phonak - Shqip\u00ebria","description":"T\u00eb p\u00ebrkushtuar p\u00ebr t\u00eb ndryshuar jet\u00eb","publisher":{"@id":"https:\/\/intl.phonak.com\/sq-al\/#organization"},"potentialAction":[{"@type":"SearchAction","target":{"@type":"EntryPoint","urlTemplate":"https:\/\/intl.phonak.com\/sq-al\/?s={search_term_string}"},"query-input":{"@type":"PropertyValueSpecification","valueRequired":true,"valueName":"search_term_string"}}],"inLanguage":"sq-AL"},{"@type":"Organization","@id":"https:\/\/intl.phonak.com\/sq-al\/#organization","name":"Phonak - Shqip\u00ebria","url":"https:\/\/intl.phonak.com\/sq-al\/","logo":{"@type":"ImageObject","inLanguage":"sq-AL","@id":"https:\/\/intl.phonak.com\/sq-al\/#\/schema\/logo\/image\/","url":"https:\/\/intl.phonak.com\/sq-al\/wp-content\/uploads\/sites\/75\/2025\/07\/logo-phonak.svg","contentUrl":"https:\/\/intl.phonak.com\/sq-al\/wp-content\/uploads\/sites\/75\/2025\/07\/logo-phonak.svg","caption":"Phonak -  Shqip\u00ebria"},"image":{"@id":"https:\/\/intl.phonak.com\/sq-al\/#\/schema\/logo\/image\/"}}]}},"jetpack_sharing_enabled":true,"distributor_meta":false,"distributor_terms":false,"distributor_media":false,"distributor_original_site_name":"Phonak -  Shqip\u00ebria","distributor_original_site_url":"https:\/\/intl.phonak.com\/sq-al","push-errors":false,"_links":{"self":[{"href":"https:\/\/intl.phonak.com\/sq-al\/wp-json\/wp\/v2\/pages\/366","targetHints":{"allow":["GET"]}}],"collection":[{"href":"https:\/\/intl.phonak.com\/sq-al\/wp-json\/wp\/v2\/pages"}],"about":[{"href":"https:\/\/intl.phonak.com\/sq-al\/wp-json\/wp\/v2\/types\/page"}],"author":[{"embeddable":true,"href":"https:\/\/intl.phonak.com\/sq-al\/wp-json\/wp\/v2\/users\/5"}],"replies":[{"embeddable":true,"href":"https:\/\/intl.phonak.com\/sq-al\/wp-json\/wp\/v2\/comments?post=366"}],"version-history":[{"count":8,"href":"https:\/\/intl.phonak.com\/sq-al\/wp-json\/wp\/v2\/pages\/366\/revisions"}],"predecessor-version":[{"id":976,"href":"https:\/\/intl.phonak.com\/sq-al\/wp-json\/wp\/v2\/pages\/366\/revisions\/976"}],"wp:featuredmedia":[{"embeddable":true,"href":"https:\/\/intl.phonak.com\/sq-al\/wp-json\/wp\/v2\/media\/840"}],"wp:attachment":[{"href":"https:\/\/intl.phonak.com\/sq-al\/wp-json\/wp\/v2\/media?parent=366"}],"curies":[{"name":"wp","href":"https:\/\/api.w.org\/{rel}","templated":true}]}}