{"id":357,"date":"2022-02-10T17:50:56","date_gmt":"2022-02-10T17:50:56","guid":{"rendered":"https:\/\/intl.phonak.com\/sq-al\/hearing-screener\/"},"modified":"2025-11-10T14:47:55","modified_gmt":"2025-11-10T14:47:55","slug":"testi-i-degjimit","status":"publish","type":"page","link":"https:\/\/intl.phonak.com\/sq-al\/testi-i-degjimit\/","title":{"rendered":"Testi i d\u00ebgjimit online"},"content":{"rendered":"\n<div style=\"height:64px\" aria-hidden=\"true\" class=\"wp-block-spacer\"><\/div>   \n<figure class=\"wp-block-image aligncenter size-large\"><img decoding=\"async\" src=\"https:\/\/intl.phonak.com\/sq-al\/wp-content\/uploads\/sites\/3\/2022\/02\/eScreener.jpg?w=550\" alt=\"Hearing screener\" class=\"wp-image-4464\"\/><\/figure>   \n<div class=\"wp-block-group is-style-align-small is-layout-flow wp-block-group-is-layout-flow\" style=\"padding-top:0px\">\n<div style=\"height:28px\" aria-hidden=\"true\" class=\"wp-block-spacer\"><\/div>   \n<h2 class=\"wp-block-heading has-text-align-center\" id=\"take-our-five-minute-online-hearing-test\">B\u00ebni testin ton\u00eb t\u00eb d\u00ebgjimit online p\u00ebr 5 minuta<\/h2>   <div class=\"wp-block-buttons is-layout-flex wp-block-buttons-is-layout-flex\">\n<div class=\"wp-block-button aligncenter\"><a class=\"wp-block-button__link wp-element-button\" href=\"https:\/\/hearing-screener.beyondhearing.org\/LmwaTp\/\" target=\"_blank\" rel=\"noreferrer noopener\">Kontrolloni d\u00ebgjimin tuaj<\/a><\/div>\n<\/div>   \n<div style=\"height:62px\" aria-hidden=\"true\" class=\"wp-block-spacer\"><\/div>   \n<p class=\"has-text-align-center\">Ndonj\u00ebher\u00eb nuk e v\u00ebrejm\u00eb humbjen e d\u00ebgjimit derisa t\u00eb filloj\u00eb t\u00eb ndikoj\u00eb n\u00eb stilin ton\u00eb t\u00eb jetes\u00ebs. T\u00eb kesh v\u00ebshtir\u00ebsi p\u00ebr t\u00eb d\u00ebgjuar koleg\u00ebt e pun\u00ebs, miqt\u00eb ose familjen, ose t\u00eb humbas\u00ebsh nj\u00eb tingull, mund t\u00eb n\u00ebnkuptoj\u00eb humbjen e gjith\u00eb historis\u00eb.<\/p>   \n<p class=\"has-text-align-center\">P\u00ebrfundoni Testin e D\u00ebgjimit Online Phonak nga komoditeti i sht\u00ebpis\u00eb tuaj. Nj\u00eb profesionist i kujdesit p\u00ebr d\u00ebgjimin do t&#8217;i diskutoj\u00eb k\u00ebto rezultate me ju dhe do t\u00eb vler\u00ebsoj\u00eb kandidatur\u00ebn tuaj p\u00ebr nj\u00eb aparat d\u00ebgjimi. Takime t\u00eb m\u00ebtejshme, duke p\u00ebrfshir\u00eb nj\u00eb vler\u00ebsim t\u00eb plot\u00eb diagnostik, p\u00ebrshtatje dhe rregullime t\u00eb aparateve t\u00eb d\u00ebgjimit, mund t\u00eb kryhen n\u00eb zyr\u00ebn e profesionistit t\u00eb kujdesit t\u00eb d\u00ebgjimit ose virtualisht. Me alternativa dixhitale p\u00ebr vizitat ball\u00eb p\u00ebr ball\u00eb, ju mund t\u00eb aksesoni t\u00eb gjitha sh\u00ebrbimet tuaja t\u00eb kujdesit p\u00ebr d\u00ebgjimin p\u00ebr t\u00eb p\u00ebrmbushur nevojat tuaja individuale me t\u00eb nj\u00ebjtin akses n\u00eb ekspertiz\u00eb profesionale dhe t\u00eb personalizuar.<\/p>   \n<p class=\"has-text-align-center\">N\u00ebse d\u00ebshironi t\u00eb b\u00ebni nj\u00eb test d\u00ebgjimi n\u00eb zon\u00ebn tuaj n\u00eb vend t\u00eb k\u00ebsaj ju lutem <a href=\"https:\/\/intl.phonak.com\/sq-al\/gjeni-nje-ekspert\/\">gjej nj\u00eb specialist p\u00ebr kujdesin e d\u00ebgjimit<\/a> pran\u00eb jush.<\/p>\n<\/div>   \n<div class=\"wp-block-group alignfull has-light-grey-background-color has-background is-layout-flow wp-block-group-is-layout-flow\">\n<h3 class=\"wp-block-heading has-text-align-center has-blue-color has-text-color\" id=\"how-to-get-the-most-out-of-this-test\">Si t\u00eb p\u00ebrfitoni sa m\u00eb shum\u00eb nga ky test<\/h3>   \n<div class=\"wp-block-group is-style-align-small is-layout-flow wp-block-group-is-layout-flow\"><div class=\"wp-list-block\">\n<ul class=\"wp-block-list\">\n<li>Sigurohuni q\u00eb jeni n\u00eb nj\u00eb zon\u00eb t\u00eb qet\u00eb para se t\u00eb filloni testin e d\u00ebgjimit<\/li>   <li>P\u00ebrdorni kufje n\u00eb vend t\u00eb altoparlant\u00ebve t\u00eb integruar dhe vendosni volumin e pajisjes tuaj n\u00eb 50%<\/li>\n<\/ul>\n<\/div><\/div>\n<\/div>   \n<div style=\"height:47px\" aria-hidden=\"true\" class=\"wp-block-spacer\"><\/div>   \n<h3 class=\"wp-block-heading has-text-align-center has-blue-color has-text-color\" id=\"how-the-online-hearing-test-works\">Si funksionon testi i d\u00ebgjimit online<\/h3>   \n<div class=\"wp-block-media-text alignwide is-stacked-on-mobile\"><figure class=\"wp-block-media-text__media\"><img decoding=\"async\" src=\"https:\/\/intl.phonak.com\/sq-al\/wp-content\/uploads\/sites\/3\/2022\/02\/Screener.jpg?w=550\" alt=\"Hearing screener\" class=\"wp-image-4525 size-full\"\/><\/figure><div class=\"wp-block-media-text__content\"><div class=\"wp-list-block\">\n<ul class=\"wp-block-list\">\n<li>Pjesa e par\u00eb e testit p\u00ebrcakton se sa mir\u00eb mund t\u00eb d\u00ebgjoni n\u00eb nivele t\u00eb ndryshme frekuence. Ju do t\u00eb d\u00ebgjoni nj\u00eb num\u00ebr tingujsh n\u00eb frekuenca t\u00eb ndryshme dhe do t&#8217;ju k\u00ebrkohet t\u00eb rregulloni volumin derisa t\u00eb mund t\u00eb d\u00ebgjoni tingullin<\/li>   <li>N\u00eb pjes\u00ebn e dyt\u00eb t\u00eb testit, ne do t&#8217;ju b\u00ebjm\u00eb nj\u00eb num\u00ebr pyetjesh rreth aft\u00ebsis\u00eb tuaj p\u00ebr t\u00eb d\u00ebgjuar n\u00eb situata t\u00eb v\u00ebshtira d\u00ebgjimi<\/li>   <li>Pas k\u00ebsaj, do t&#8217;ju paraqitet rezultati i testit t\u00eb d\u00ebgjimit dhe udh\u00ebzimet se \u00e7far\u00eb t\u00eb b\u00ebni m\u00eb pas n\u00ebse hasim shenja t\u00eb humbjes s\u00eb d\u00ebgjimit<\/li>\n<\/ul>\n<\/div><\/div><\/div>   \n<div class=\"wp-block-group alignfull is-style-default has-light-grey-background-color has-background is-layout-flow wp-block-group-is-layout-flow\">\n<div class=\"wp-block-group is-style-align-small is-layout-flow wp-block-group-is-layout-flow\">\n<h3 class=\"wp-block-heading has-blue-color has-text-color\" id=\"what-to-expect-at-your-first-appointment-1\">\u00c7far\u00eb t\u00eb pres\u00ebsh n\u00eb takimin t\u00ebnd t\u00eb par\u00eb<\/h3>\n<\/div>   \n<p class=\"has-text-align-center\">Ne kujdesemi p\u00ebr d\u00ebgjimin tuaj dhe problemet q\u00eb humbja e d\u00ebgjimit mund t\u00eb ket\u00eb paraqitur n\u00eb jet\u00ebn tuaj. Ne jemi k\u00ebtu p\u00ebr t\u00eb ndihmuar. Humbja e d\u00ebgjimit \u00ebsht\u00eb natyrale dhe nuk ka asgj\u00eb p\u00ebr t&#8217;u frik\u00ebsuar. Me nj\u00eb zgjidhje moderne nga Phonak, ne mund t&#8217;ju ndihmojm\u00eb t\u00eb d\u00ebgjoni m\u00eb mir\u00eb p\u00ebrs\u00ebri.<\/p>   \n<p class=\"has-text-align-center\"><\/p>\n<\/div>   \n<div style=\"height:52px\" aria-hidden=\"true\" class=\"wp-block-spacer\"><\/div>   \n<h3 class=\"wp-block-heading has-text-align-center has-blue-color has-text-color\" id=\"i-have-a-hearing-loss-what-comes-next\">Kam humbje d\u00ebgjimi, \u00e7far\u00eb vjen m\u00eb pas?<\/h3>   \n<div style=\"height:37px\" aria-hidden=\"true\" class=\"wp-block-spacer\"><\/div>   <div class=\"wp-block-columns is-layout-flex wp-container-core-columns-is-layout-9d6595d7 wp-block-columns-is-layout-flex\">\n<div class=\"wp-block-column is-layout-flow wp-block-column-is-layout-flow\">\n<h4 class=\"wp-block-heading\">1) Ju flisni, ne d\u00ebgjojm\u00eb<\/h4>   <p>Udh\u00ebtimi juaj fillon me nj\u00eb vizit\u00eb te nj\u00eb profesionist i kujdesit p\u00ebr d\u00ebgjimin; ata jan\u00eb aty p\u00ebr t&#8217;ju udh\u00ebhequr drejt opsionit t\u00eb duhur p\u00ebr ju. Ju flisni p\u00ebr d\u00ebgjimin tuaj, si ka ndryshuar, cilat sfida po p\u00ebrballeni dhe ne d\u00ebgjojm\u00eb.<\/p>\n<\/div>   <div class=\"wp-block-column is-layout-flow wp-block-column-is-layout-flow\">\n<h4 class=\"wp-block-heading\">2) Testi i d\u00ebgjimit<\/h4>   <p>Pasi t\u00eb keni ndar\u00eb p\u00ebrvojat tuaja, ne testojm\u00eb p\u00ebr t\u00eb par\u00eb se \u00e7far\u00eb po d\u00ebgjoni. Nj\u00eb test d\u00ebgjimi \u00ebsht\u00eb po aq i leht\u00eb sa t\u00eb ulesh dhe t\u00eb d\u00ebgjosh. Pasi t\u00eb p\u00ebrfundoj\u00eb, ne marrim ato rezultate, i \u00e7ift\u00ebzojm\u00eb me sfidat tuaja p\u00ebr t\u00eb siguruar q\u00eb t\u00eb dh\u00ebnat tona p\u00ebrputhen me p\u00ebrvojat tuaja, dhe b\u00ebjm\u00eb rekomandime p\u00ebr at\u00eb q\u00eb \u00ebsht\u00eb m\u00eb e mira p\u00ebr ju.<\/p>\n<\/div>   <div class=\"wp-block-column is-layout-flow wp-block-column-is-layout-flow\">\n<h4 class=\"wp-block-heading\">3) JU vendosni<\/h4>   <p>Ne paraqesim gjetjet tona dhe japim rekomandime bazuar n\u00eb at\u00eb q\u00eb na keni th\u00ebn\u00eb. N\u00eb fund t\u00eb fundit, JU vendosni p\u00ebr opsionin q\u00eb i p\u00ebrshtatet m\u00eb mir\u00eb jet\u00ebs tuaj. Gj\u00ebrat si familja juaj, puna dhe jeta sociale jan\u00eb t\u00eb gjitha gj\u00ebra q\u00eb duhet t\u00eb merrni parasysh para se t\u00eb vendosni p\u00ebr t\u00eb siguruar q\u00eb zgjidhja q\u00eb zgjidhni \u00ebsht\u00eb e duhur p\u00ebr t\u00eb gjitha aspektet e jet\u00ebs tuaj.<\/p>\n<\/div>\n<\/div>   \n<div style=\"height:50px\" aria-hidden=\"true\" class=\"wp-block-spacer\"><\/div>   \n<div class=\"wp-block-media-text is-stacked-on-mobile cta-block\" style=\"grid-template-columns:35% auto\"><figure class=\"wp-block-media-text__media\"><img decoding=\"async\" src=\"https:\/\/intl.phonak.com\/main-english\/wp-content\/uploads\/sites\/3\/2021\/11\/cta-image.jpg?w=401\" alt=\"\" class=\"wp-image-6738 size-full\"\/><\/figure><div class=\"wp-block-media-text__content\">\n<div class=\"wp-block-create-block-icon-selector\"><i class=\"fal fa-map-marker-alt\"><\/i><\/div>   \n<h3 class=\"wp-block-heading\">Ekspert\u00eb t\u00eb d\u00ebgjimit pran\u00eb jush<\/h3>   <p>Profesional\u00ebt e kujdesit p\u00ebr d\u00ebgjimin mund t&#8217;ju ndihmojn\u00eb t\u00eb b\u00ebni zgjedhjen q\u00eb \u00ebsht\u00eb perfekte p\u00ebr ju. Ata do t\u00eb marrin parasysh nevojat tuaja t\u00eb d\u00ebgjimit, buxhetin tuaj, stilin e jetes\u00ebs dhe preferencat tuaja individuale t\u00eb d\u00ebgjimit. <\/p>   <div class=\"wp-block-buttons is-layout-flex wp-block-buttons-is-layout-flex\">\n<div class=\"wp-block-button is-style-marker-green\"><a class=\"wp-block-button__link wp-element-button\" href=\"https:\/\/intl.phonak.com\/sq-al\/gjeni-nje-ekspert\/\">Gjeni nje ekspert<\/a><\/div>\n<\/div>\n<\/div><\/div> ","protected":false},"excerpt":{"rendered":"<p>B\u00ebni testin ton\u00eb t\u00eb d\u00ebgjimit online p\u00ebr minuta Ndonj\u00ebher\u00eb nuk e v\u00ebrejm\u00eb humbjen e d\u00ebgjimit derisa t\u00eb filloj\u00eb t\u00eb ndikoj\u00eb&#8230;<\/p>\n","protected":false},"author":14,"featured_media":538,"parent":0,"menu_order":0,"comment_status":"closed","ping_status":"closed","template":"","meta":{"_acf_changed":false,"inline_featured_image":false,"footnotes":""},"class_list":["post-357","page","type-page","status-publish","has-post-thumbnail","hentry"],"acf":[],"yoast_head":"<!-- This site is optimized with the Yoast SEO plugin v26.9 - https:\/\/yoast.com\/product\/yoast-seo-wordpress\/ -->\n<title>Testi i d\u00ebgjimit online - Phonak - Shqip\u00ebria<\/title>\n<meta name=\"robots\" content=\"index, follow, max-snippet:-1, max-image-preview:large, max-video-preview:-1\" \/>\n<link rel=\"canonical\" href=\"https:\/\/intl.phonak.com\/main-english\/hearing-screener\/\" \/>\n<meta property=\"og:locale\" content=\"sq_AL\" \/>\n<meta property=\"og:type\" content=\"article\" \/>\n<meta property=\"og:title\" content=\"Testi i d\u00ebgjimit online - Phonak - Shqip\u00ebria\" \/>\n<meta property=\"og:description\" content=\"B\u00ebni testin ton\u00eb t\u00eb d\u00ebgjimit online p\u00ebr minuta Ndonj\u00ebher\u00eb nuk e v\u00ebrejm\u00eb humbjen e d\u00ebgjimit derisa t\u00eb filloj\u00eb t\u00eb ndikoj\u00eb...\" \/>\n<meta property=\"og:url\" content=\"https:\/\/intl.phonak.com\/sq-al\/testi-i-degjimit\/\" \/>\n<meta property=\"og:site_name\" content=\"Phonak - Shqip\u00ebria\" \/>\n<meta property=\"article:modified_time\" content=\"2025-11-10T14:47:55+00:00\" \/>\n<meta property=\"og:image\" content=\"https:\/\/intl.phonak.com\/sq-al\/wp-content\/uploads\/sites\/75\/2022\/02\/PH_Packshot_Audeo-I-Sphere-xReceiver_050-1029-P7_387041.png\" \/>\n\t<meta property=\"og:image:width\" content=\"600\" \/>\n\t<meta property=\"og:image:height\" content=\"600\" \/>\n\t<meta property=\"og:image:type\" content=\"image\/png\" \/>\n<meta name=\"twitter:card\" content=\"summary_large_image\" \/>\n<meta name=\"twitter:label1\" content=\"Est. reading time\" \/>\n\t<meta name=\"twitter:data1\" content=\"7 minutes\" \/>\n<script type=\"application\/ld+json\" class=\"yoast-schema-graph\">{\"@context\":\"https:\/\/schema.org\",\"@graph\":[{\"@type\":\"WebPage\",\"@id\":\"https:\/\/intl.phonak.com\/sq-al\/testi-i-degjimit\/\",\"url\":\"https:\/\/intl.phonak.com\/sq-al\/testi-i-degjimit\/\",\"name\":\"Testi i d\u00ebgjimit online - Phonak - Shqip\u00ebria\",\"isPartOf\":{\"@id\":\"https:\/\/intl.phonak.com\/sq-al\/#website\"},\"primaryImageOfPage\":{\"@id\":\"https:\/\/intl.phonak.com\/sq-al\/testi-i-degjimit\/#primaryimage\"},\"image\":{\"@id\":\"https:\/\/intl.phonak.com\/sq-al\/testi-i-degjimit\/#primaryimage\"},\"thumbnailUrl\":\"https:\/\/intl.phonak.com\/sq-al\/wp-content\/uploads\/sites\/75\/2022\/02\/PH_Packshot_Audeo-I-Sphere-xReceiver_050-1029-P7_387041.png\",\"datePublished\":\"2022-02-10T17:50:56+00:00\",\"dateModified\":\"2025-11-10T14:47:55+00:00\",\"breadcrumb\":{\"@id\":\"https:\/\/intl.phonak.com\/sq-al\/testi-i-degjimit\/#breadcrumb\"},\"inLanguage\":\"sq-AL\",\"potentialAction\":[{\"@type\":\"ReadAction\",\"target\":[\"https:\/\/intl.phonak.com\/sq-al\/testi-i-degjimit\/\"]}]},{\"@type\":\"ImageObject\",\"inLanguage\":\"sq-AL\",\"@id\":\"https:\/\/intl.phonak.com\/sq-al\/testi-i-degjimit\/#primaryimage\",\"url\":\"https:\/\/intl.phonak.com\/sq-al\/wp-content\/uploads\/sites\/75\/2022\/02\/PH_Packshot_Audeo-I-Sphere-xReceiver_050-1029-P7_387041.png\",\"contentUrl\":\"https:\/\/intl.phonak.com\/sq-al\/wp-content\/uploads\/sites\/75\/2022\/02\/PH_Packshot_Audeo-I-Sphere-xReceiver_050-1029-P7_387041.png\",\"width\":600,\"height\":600,\"caption\":\"Phonak Aud\u00e9o Sphere Infinio\"},{\"@type\":\"BreadcrumbList\",\"@id\":\"https:\/\/intl.phonak.com\/sq-al\/testi-i-degjimit\/#breadcrumb\",\"itemListElement\":[{\"@type\":\"ListItem\",\"position\":1,\"name\":\"Home\",\"item\":\"https:\/\/intl.phonak.com\/sq-al\/\"},{\"@type\":\"ListItem\",\"position\":2,\"name\":\"Testi i degjimit\"}]},{\"@type\":\"WebSite\",\"@id\":\"https:\/\/intl.phonak.com\/sq-al\/#website\",\"url\":\"https:\/\/intl.phonak.com\/sq-al\/\",\"name\":\"Phonak - Shqip\u00ebria\",\"description\":\"T\u00eb p\u00ebrkushtuar p\u00ebr t\u00eb ndryshuar jet\u00eb\",\"publisher\":{\"@id\":\"https:\/\/intl.phonak.com\/sq-al\/#organization\"},\"potentialAction\":[{\"@type\":\"SearchAction\",\"target\":{\"@type\":\"EntryPoint\",\"urlTemplate\":\"https:\/\/intl.phonak.com\/sq-al\/?s={search_term_string}\"},\"query-input\":{\"@type\":\"PropertyValueSpecification\",\"valueRequired\":true,\"valueName\":\"search_term_string\"}}],\"inLanguage\":\"sq-AL\"},{\"@type\":\"Organization\",\"@id\":\"https:\/\/intl.phonak.com\/sq-al\/#organization\",\"name\":\"Phonak - Shqip\u00ebria\",\"url\":\"https:\/\/intl.phonak.com\/sq-al\/\",\"logo\":{\"@type\":\"ImageObject\",\"inLanguage\":\"sq-AL\",\"@id\":\"https:\/\/intl.phonak.com\/sq-al\/#\/schema\/logo\/image\/\",\"url\":\"https:\/\/intl.phonak.com\/sq-al\/wp-content\/uploads\/sites\/75\/2025\/07\/logo-phonak.svg\",\"contentUrl\":\"https:\/\/intl.phonak.com\/sq-al\/wp-content\/uploads\/sites\/75\/2025\/07\/logo-phonak.svg\",\"caption\":\"Phonak -  Shqip\u00ebria\"},\"image\":{\"@id\":\"https:\/\/intl.phonak.com\/sq-al\/#\/schema\/logo\/image\/\"}}]}<\/script>\n<!-- \/ Yoast SEO plugin. -->","yoast_head_json":{"title":"Testi i d\u00ebgjimit online - Phonak - Shqip\u00ebria","robots":{"index":"index","follow":"follow","max-snippet":"max-snippet:-1","max-image-preview":"max-image-preview:large","max-video-preview":"max-video-preview:-1"},"canonical":"https:\/\/intl.phonak.com\/main-english\/hearing-screener\/","og_locale":"sq_AL","og_type":"article","og_title":"Testi i d\u00ebgjimit online - Phonak - Shqip\u00ebria","og_description":"B\u00ebni testin ton\u00eb t\u00eb d\u00ebgjimit online p\u00ebr minuta Ndonj\u00ebher\u00eb nuk e v\u00ebrejm\u00eb humbjen e d\u00ebgjimit derisa t\u00eb filloj\u00eb t\u00eb ndikoj\u00eb...","og_url":"https:\/\/intl.phonak.com\/sq-al\/testi-i-degjimit\/","og_site_name":"Phonak - Shqip\u00ebria","article_modified_time":"2025-11-10T14:47:55+00:00","og_image":[{"width":600,"height":600,"url":"https:\/\/intl.phonak.com\/sq-al\/wp-content\/uploads\/sites\/75\/2022\/02\/PH_Packshot_Audeo-I-Sphere-xReceiver_050-1029-P7_387041.png","type":"image\/png"}],"twitter_card":"summary_large_image","twitter_misc":{"Est. reading time":"7 minutes"},"schema":{"@context":"https:\/\/schema.org","@graph":[{"@type":"WebPage","@id":"https:\/\/intl.phonak.com\/sq-al\/testi-i-degjimit\/","url":"https:\/\/intl.phonak.com\/sq-al\/testi-i-degjimit\/","name":"Testi i d\u00ebgjimit online - Phonak - Shqip\u00ebria","isPartOf":{"@id":"https:\/\/intl.phonak.com\/sq-al\/#website"},"primaryImageOfPage":{"@id":"https:\/\/intl.phonak.com\/sq-al\/testi-i-degjimit\/#primaryimage"},"image":{"@id":"https:\/\/intl.phonak.com\/sq-al\/testi-i-degjimit\/#primaryimage"},"thumbnailUrl":"https:\/\/intl.phonak.com\/sq-al\/wp-content\/uploads\/sites\/75\/2022\/02\/PH_Packshot_Audeo-I-Sphere-xReceiver_050-1029-P7_387041.png","datePublished":"2022-02-10T17:50:56+00:00","dateModified":"2025-11-10T14:47:55+00:00","breadcrumb":{"@id":"https:\/\/intl.phonak.com\/sq-al\/testi-i-degjimit\/#breadcrumb"},"inLanguage":"sq-AL","potentialAction":[{"@type":"ReadAction","target":["https:\/\/intl.phonak.com\/sq-al\/testi-i-degjimit\/"]}]},{"@type":"ImageObject","inLanguage":"sq-AL","@id":"https:\/\/intl.phonak.com\/sq-al\/testi-i-degjimit\/#primaryimage","url":"https:\/\/intl.phonak.com\/sq-al\/wp-content\/uploads\/sites\/75\/2022\/02\/PH_Packshot_Audeo-I-Sphere-xReceiver_050-1029-P7_387041.png","contentUrl":"https:\/\/intl.phonak.com\/sq-al\/wp-content\/uploads\/sites\/75\/2022\/02\/PH_Packshot_Audeo-I-Sphere-xReceiver_050-1029-P7_387041.png","width":600,"height":600,"caption":"Phonak Aud\u00e9o Sphere Infinio"},{"@type":"BreadcrumbList","@id":"https:\/\/intl.phonak.com\/sq-al\/testi-i-degjimit\/#breadcrumb","itemListElement":[{"@type":"ListItem","position":1,"name":"Home","item":"https:\/\/intl.phonak.com\/sq-al\/"},{"@type":"ListItem","position":2,"name":"Testi i degjimit"}]},{"@type":"WebSite","@id":"https:\/\/intl.phonak.com\/sq-al\/#website","url":"https:\/\/intl.phonak.com\/sq-al\/","name":"Phonak - Shqip\u00ebria","description":"T\u00eb p\u00ebrkushtuar p\u00ebr t\u00eb ndryshuar jet\u00eb","publisher":{"@id":"https:\/\/intl.phonak.com\/sq-al\/#organization"},"potentialAction":[{"@type":"SearchAction","target":{"@type":"EntryPoint","urlTemplate":"https:\/\/intl.phonak.com\/sq-al\/?s={search_term_string}"},"query-input":{"@type":"PropertyValueSpecification","valueRequired":true,"valueName":"search_term_string"}}],"inLanguage":"sq-AL"},{"@type":"Organization","@id":"https:\/\/intl.phonak.com\/sq-al\/#organization","name":"Phonak - Shqip\u00ebria","url":"https:\/\/intl.phonak.com\/sq-al\/","logo":{"@type":"ImageObject","inLanguage":"sq-AL","@id":"https:\/\/intl.phonak.com\/sq-al\/#\/schema\/logo\/image\/","url":"https:\/\/intl.phonak.com\/sq-al\/wp-content\/uploads\/sites\/75\/2025\/07\/logo-phonak.svg","contentUrl":"https:\/\/intl.phonak.com\/sq-al\/wp-content\/uploads\/sites\/75\/2025\/07\/logo-phonak.svg","caption":"Phonak -  Shqip\u00ebria"},"image":{"@id":"https:\/\/intl.phonak.com\/sq-al\/#\/schema\/logo\/image\/"}}]}},"jetpack_sharing_enabled":true,"distributor_meta":false,"distributor_terms":false,"distributor_media":false,"distributor_original_site_name":"Phonak -  Shqip\u00ebria","distributor_original_site_url":"https:\/\/intl.phonak.com\/sq-al","push-errors":false,"_links":{"self":[{"href":"https:\/\/intl.phonak.com\/sq-al\/wp-json\/wp\/v2\/pages\/357","targetHints":{"allow":["GET"]}}],"collection":[{"href":"https:\/\/intl.phonak.com\/sq-al\/wp-json\/wp\/v2\/pages"}],"about":[{"href":"https:\/\/intl.phonak.com\/sq-al\/wp-json\/wp\/v2\/types\/page"}],"author":[{"embeddable":true,"href":"https:\/\/intl.phonak.com\/sq-al\/wp-json\/wp\/v2\/users\/14"}],"replies":[{"embeddable":true,"href":"https:\/\/intl.phonak.com\/sq-al\/wp-json\/wp\/v2\/comments?post=357"}],"version-history":[{"count":7,"href":"https:\/\/intl.phonak.com\/sq-al\/wp-json\/wp\/v2\/pages\/357\/revisions"}],"predecessor-version":[{"id":879,"href":"https:\/\/intl.phonak.com\/sq-al\/wp-json\/wp\/v2\/pages\/357\/revisions\/879"}],"wp:featuredmedia":[{"embeddable":true,"href":"https:\/\/intl.phonak.com\/sq-al\/wp-json\/wp\/v2\/media\/538"}],"wp:attachment":[{"href":"https:\/\/intl.phonak.com\/sq-al\/wp-json\/wp\/v2\/media?parent=357"}],"curies":[{"name":"wp","href":"https:\/\/api.w.org\/{rel}","templated":true}]}}