{"id":353,"date":"2022-02-10T21:54:30","date_gmt":"2022-02-10T21:54:30","guid":{"rendered":"https:\/\/intl.phonak.com\/sq-al\/phonak-well-hearing-is-well-being\/"},"modified":"2025-11-11T13:03:29","modified_gmt":"2025-11-11T13:03:29","slug":"phonak-te-degjuarit-mire-eshte-te-qenurit-mire","status":"publish","type":"page","link":"https:\/\/intl.phonak.com\/sq-al\/humbja-e-degjimit\/phonak-te-degjuarit-mire-eshte-te-qenurit-mire\/","title":{"rendered":"Phonak te degjuarit mire eshte te qenurit mire"},"content":{"rendered":"\n<div class=\"wp-block-cover alignfull is-light\" style=\"min-height:430px;aspect-ratio:unset;\"><img decoding=\"async\" class=\"wp-block-cover__image-background wp-image-7289\" alt=\"Well-Hearing is Well-Being\" src=\"https:\/\/intl.phonak.com\/sq-al\/wp-content\/uploads\/sites\/3\/2023\/12\/WHWB-banner_ComputeGame-OptionB.jpg\" data-object-fit=\"cover\"\/><span aria-hidden=\"true\" class=\"wp-block-cover__background has-white-background-color has-background-dim-70 has-background-dim\"><\/span><div class=\"wp-block-cover__inner-container is-layout-flow wp-block-cover-is-layout-flow\">\n<h1 class=\"wp-block-heading has-text-align-center\" id=\"why-hearing-health-matters\">Pse sh\u00ebndeti i d\u00ebgjimit ka r\u00ebnd\u00ebsi<\/h1>   \n<p class=\"has-text-align-center has-grey-500-color has-text-color has-lead-font-size\">Kur d\u00ebgjon mir\u00eb, je i pajisur mir\u00eb p\u00ebr t\u00eb p\u00ebrqafuar jet\u00ebn q\u00eb d\u00ebshiron<\/p>   \n<div class=\"wp-block-buttons is-horizontal is-content-justification-center is-layout-flex wp-container-core-buttons-is-layout-499968f5 wp-block-buttons-is-layout-flex\">\n<div class=\"wp-block-button is-style-download\"><a class=\"wp-block-button__link wp-element-button\" href=\"https:\/\/intl.phonak.com\/sq-al\/wp-content\/uploads\/sites\/3\/2022\/02\/PH_WHWB_Leaflet_148x210_EN_V1.00_028-2136-02.pdf\" target=\"_blank\" rel=\"noreferrer noopener\">Shkarko broshur\u00ebn<\/a><\/div>\n<\/div>\n<\/div><\/div>   \n<div class=\"wp-block-media-text has-media-on-the-right is-stacked-on-mobile\"><div class=\"wp-block-media-text__content\">\n<p>N\u00eb Phonak, ne besojm\u00eb se d\u00ebgjimi i mir\u00eb barazohet me mir\u00ebqenien dhe \u00ebsht\u00eb thelb\u00ebsor p\u00ebr t\u00eb jetuar jet\u00ebn n\u00eb maksimum.<\/p>   <p>Provat n\u00eb rritje tregojn\u00eb se trajtimi i humbjes s\u00eb d\u00ebgjimit mund t\u00eb ndikoj\u00eb pozitivisht n\u00eb mir\u00ebqenien tuaj sociale-emocionale, njoh\u00ebse dhe fizike.<sup>1<\/sup><\/p>\n<\/div><figure class=\"wp-block-media-text__media\"><img decoding=\"async\" src=\"https:\/\/intl.phonak.com\/sq-al\/wp-content\/uploads\/sites\/3\/2023\/03\/WHWB-wheel-neutral.jpg\" alt=\"\" class=\"wp-image-6565 size-full\"\/><\/figure><\/div>   \n<div class=\"wp-block-media-text is-stacked-on-mobile\"><figure class=\"wp-block-media-text__media\"><img decoding=\"async\" src=\"https:\/\/intl.phonak.com\/sq-al\/wp-content\/uploads\/sites\/3\/2023\/12\/Visual_WHWB_Restaurant_02_592x396-with-icon.jpg?w=592\" alt=\"Social-Emotional well-being\" class=\"wp-image-7300 size-full\"\/><\/figure><div class=\"wp-block-media-text__content\">\n<h4 class=\"wp-block-heading has-text-align-left has-blue-color has-text-color\" id=\"social-emotional-well-being\">Mir\u00ebqenia Sociale-Emocionale<\/h4>   <p>D\u00ebgjimi i mir\u00eb na lejon t\u00eb jemi aktiv\u00eb shoq\u00ebrisht, t\u00eb lidhemi me t\u00eb tjer\u00ebt dhe t\u00eb komunikojm\u00eb n\u00eb m\u00ebnyr\u00eb efektive \u2013 pa barriera.<\/p>   <p>P\u00ebrdorimi i aparateve t\u00eb d\u00ebgjimit mund t\u00eb p\u00ebrmir\u00ebsoj\u00eb cil\u00ebsin\u00eb e jet\u00ebs tuaj, nd\u00ebrveprimet shoq\u00ebrore dhe k\u00ebnaq\u00ebsin\u00eb e marr\u00ebdh\u00ebnieve p\u00ebr ju dhe t\u00eb dashurit tuaj.<sup>2<\/sup><\/p>\n<\/div><\/div>   \n<div class=\"wp-block-media-text has-media-on-the-right is-stacked-on-mobile\"><div class=\"wp-block-media-text__content\">\n<h4 class=\"wp-block-heading has-blue-color has-text-color\" id=\"cognitive-well-being\">Mir\u00ebqenia njoh\u00ebse<\/h4>   <p>Truri luan nj\u00eb rol t\u00eb r\u00ebnd\u00ebsish\u00ebm n\u00eb d\u00ebgjimin dhe kuptimin e t\u00eb folurit \u2013 \u00ebsht\u00eb e r\u00ebnd\u00ebsishme ta mbani t\u00eb stimuluar.<\/p>   <p>Kjo \u00ebsht\u00eb ku aparatet e d\u00ebgjimit hyjn\u00eb n\u00eb loj\u00eb. P\u00ebrdorimi i aparatit t\u00eb d\u00ebgjimit \u00ebsht\u00eb i lidhur me p\u00ebrmir\u00ebsimin e kujtes\u00ebs<sup>3<\/sup>&nbsp;dhe \u00ebsht\u00eb treguar se e b\u00ebn d\u00ebgjimin m\u00eb t\u00eb leht\u00eb.<sup>4<\/sup><\/p>\n<\/div><figure class=\"wp-block-media-text__media\"><img decoding=\"async\" src=\"https:\/\/intl.phonak.com\/sq-al\/wp-content\/uploads\/sites\/3\/2023\/12\/WHWB-Cognitive-Dimension-Office-OptionB_592x396-with-icon.jpg?w=592\" alt=\"Cognitive well-being\" class=\"wp-image-7302 size-full\"\/><\/figure><\/div>   \n<div class=\"wp-block-media-text is-stacked-on-mobile\"><figure class=\"wp-block-media-text__media\"><img decoding=\"async\" src=\"https:\/\/intl.phonak.com\/sq-al\/wp-content\/uploads\/sites\/3\/2023\/12\/Visual_WHWB-ActivityOutdoors_01_592x396-with-icon.jpg?w=592\" alt=\"Physical well-being\" class=\"wp-image-7303 size-full\"\/><\/figure><div class=\"wp-block-media-text__content\">\n<h4 class=\"wp-block-heading has-blue-color has-text-color\" id=\"physical-well-being\">Mir\u00ebqenia fizike<\/h4>   <p>T\u00eb kesh zgjidhjen e duhur p\u00ebr d\u00ebgjimin do t\u00eb thot\u00eb q\u00eb je i pajisur mir\u00eb p\u00ebr t\u00eb p\u00ebrballuar situata t\u00eb ndryshme d\u00ebgjimi.<\/p>   <p>D\u00ebgjimi i mir\u00eb ju ofron nj\u00eb nd\u00ebrgjegj\u00ebsim m\u00eb t\u00eb madh p\u00ebr mjedisin duke nxitur ndjenja sigurie dhe besimi.<\/p>\n<\/div><\/div>   <p><\/p>   \n<p class=\"is-style-default has-small-font-size\">Sh\u00ebnime<br>1. Vercammen, C., Ferguson, M., Kramer, S.E., et al. (2020). Well-Hearing is Well-Being.&nbsp;<em>Hearing Review<\/em>, 27(3), 18-22.<br>2. Kamil RJ, Lin FR. The Effects of Hearing Impairment in Older Adults on Communication Partners:&nbsp;<em>A Systematic Review<\/em>. J Am Acad Audiol. 2015;26(2):155-182.<br>3. Karawani, H., Jenkins, K., &#038; Anderson, S. (2018). 30Restoration of sensory input may improve cognitive and neural function.&nbsp;<em>Neuropsychologia<\/em>, 114, 203\u2013213.<br>4. Winneke, A., Schulte, M., Vormann, M., Latzel, M. (2018). Spatial noise processing in hearing aids modulates neural markers linked to listening effort: an EEG study.&nbsp;<em>AudiologyOnline<\/em>, Artikulli 23858.<\/p>   \n<div style=\"height:38px\" aria-hidden=\"true\" class=\"wp-block-spacer\"><\/div>   \n<p class=\"has-text-align-center is-style-default\"><a href=\"https:\/\/intl.phonak.com\/sq-al\/humbja-e-degjimit\/shkaqet-e-humbjes-se-degjimit\/\">Zbuloni se \u00e7far\u00eb shkakton humbjen e d\u00ebgjimit<\/a><\/p>   \n<div style=\"height:42px\" aria-hidden=\"true\" class=\"wp-block-spacer\"><\/div>   \n<div class=\"wp-block-media-text is-stacked-on-mobile cta-block\" style=\"grid-template-columns:35% auto\"><figure class=\"wp-block-media-text__media\"><img decoding=\"async\" src=\"https:\/\/intl.phonak.com\/main-english\/wp-content\/uploads\/sites\/3\/2021\/11\/cta-image.jpg?w=401\" alt=\"\" class=\"wp-image-6738 size-full\"\/><\/figure><div class=\"wp-block-media-text__content\">\n<div class=\"wp-block-create-block-icon-selector\"><i class=\"fal fa-map-marker-alt\"><\/i><\/div>   \n<h3 class=\"wp-block-heading\">Ekspert\u00eb t\u00eb d\u00ebgjimit pran\u00eb jush<\/h3>   <p>Profesional\u00ebt e kujdesit p\u00ebr d\u00ebgjimin mund t&#8217;ju ndihmojn\u00eb t\u00eb b\u00ebni zgjedhjen q\u00eb \u00ebsht\u00eb perfekte p\u00ebr ju. Ata do t\u00eb marrin parasysh nevojat tuaja t\u00eb d\u00ebgjimit, buxhetin tuaj, stilin e jetes\u00ebs dhe preferencat tuaja individuale t\u00eb d\u00ebgjimit. <\/p>   <div class=\"wp-block-buttons is-layout-flex wp-block-buttons-is-layout-flex\">\n<div class=\"wp-block-button is-style-marker-green\"><a class=\"wp-block-button__link wp-element-button\" href=\"https:\/\/intl.phonak.com\/sq-al\/gjeni-nje-ekspert\/\">Gjeni nje ekspert<\/a><\/div>\n<\/div>\n<\/div><\/div> ","protected":false},"excerpt":{"rendered":"<p>N\u00eb Phonak, ne besojm\u00eb se d\u00ebgjimi i mir\u00eb barazohet me mir\u00ebqenien dhe \u00ebsht\u00eb thelb\u00ebsor p\u00ebr t\u00eb jetuar jet\u00ebn n\u00eb maksimum&#8230;.<\/p>\n","protected":false},"author":14,"featured_media":525,"parent":317,"menu_order":0,"comment_status":"closed","ping_status":"closed","template":"","meta":{"_acf_changed":false,"inline_featured_image":false,"footnotes":""},"class_list":["post-353","page","type-page","status-publish","has-post-thumbnail","hentry"],"acf":[],"yoast_head":"<!-- This site is optimized with the Yoast SEO plugin v26.9 - https:\/\/yoast.com\/product\/yoast-seo-wordpress\/ -->\n<title>Phonak te degjuarit mire eshte te qenurit mire - Phonak - Shqip\u00ebria<\/title>\n<meta name=\"robots\" content=\"index, follow, max-snippet:-1, max-image-preview:large, max-video-preview:-1\" \/>\n<link rel=\"canonical\" href=\"https:\/\/intl.phonak.com\/main-english\/hearing-loss\/phonak-well-hearing-is-well-being\/\" \/>\n<meta property=\"og:locale\" content=\"sq_AL\" \/>\n<meta property=\"og:type\" content=\"article\" \/>\n<meta property=\"og:title\" content=\"Phonak te degjuarit mire eshte te qenurit mire - Phonak - Shqip\u00ebria\" \/>\n<meta property=\"og:description\" content=\"N\u00eb Phonak, ne besojm\u00eb se d\u00ebgjimi i mir\u00eb barazohet me mir\u00ebqenien dhe \u00ebsht\u00eb thelb\u00ebsor p\u00ebr t\u00eb jetuar jet\u00ebn n\u00eb maksimum....\" \/>\n<meta property=\"og:url\" content=\"https:\/\/intl.phonak.com\/sq-al\/humbja-e-degjimit\/phonak-te-degjuarit-mire-eshte-te-qenurit-mire\/\" \/>\n<meta property=\"og:site_name\" content=\"Phonak - Shqip\u00ebria\" \/>\n<meta property=\"article:modified_time\" content=\"2025-11-11T13:03:29+00:00\" \/>\n<meta property=\"og:image\" content=\"https:\/\/intl.phonak.com\/sq-al\/wp-content\/uploads\/sites\/75\/2022\/02\/PH_Packshot_Audeo-I-Sphere-xReceiver_050-1029-P7_667a13.png\" \/>\n\t<meta property=\"og:image:width\" content=\"600\" \/>\n\t<meta property=\"og:image:height\" content=\"600\" \/>\n\t<meta property=\"og:image:type\" content=\"image\/png\" \/>\n<meta name=\"twitter:card\" content=\"summary_large_image\" \/>\n<meta name=\"twitter:label1\" content=\"Est. reading time\" \/>\n\t<meta name=\"twitter:data1\" content=\"6 minutes\" \/>\n<script type=\"application\/ld+json\" class=\"yoast-schema-graph\">{\"@context\":\"https:\/\/schema.org\",\"@graph\":[{\"@type\":\"WebPage\",\"@id\":\"https:\/\/intl.phonak.com\/sq-al\/humbja-e-degjimit\/phonak-te-degjuarit-mire-eshte-te-qenurit-mire\/\",\"url\":\"https:\/\/intl.phonak.com\/sq-al\/humbja-e-degjimit\/phonak-te-degjuarit-mire-eshte-te-qenurit-mire\/\",\"name\":\"Phonak te degjuarit mire eshte te qenurit mire - Phonak - Shqip\u00ebria\",\"isPartOf\":{\"@id\":\"https:\/\/intl.phonak.com\/sq-al\/#website\"},\"primaryImageOfPage\":{\"@id\":\"https:\/\/intl.phonak.com\/sq-al\/humbja-e-degjimit\/phonak-te-degjuarit-mire-eshte-te-qenurit-mire\/#primaryimage\"},\"image\":{\"@id\":\"https:\/\/intl.phonak.com\/sq-al\/humbja-e-degjimit\/phonak-te-degjuarit-mire-eshte-te-qenurit-mire\/#primaryimage\"},\"thumbnailUrl\":\"https:\/\/intl.phonak.com\/sq-al\/wp-content\/uploads\/sites\/75\/2022\/02\/PH_Packshot_Audeo-I-Sphere-xReceiver_050-1029-P7_667a13.png\",\"datePublished\":\"2022-02-10T21:54:30+00:00\",\"dateModified\":\"2025-11-11T13:03:29+00:00\",\"breadcrumb\":{\"@id\":\"https:\/\/intl.phonak.com\/sq-al\/humbja-e-degjimit\/phonak-te-degjuarit-mire-eshte-te-qenurit-mire\/#breadcrumb\"},\"inLanguage\":\"sq-AL\",\"potentialAction\":[{\"@type\":\"ReadAction\",\"target\":[\"https:\/\/intl.phonak.com\/sq-al\/humbja-e-degjimit\/phonak-te-degjuarit-mire-eshte-te-qenurit-mire\/\"]}]},{\"@type\":\"ImageObject\",\"inLanguage\":\"sq-AL\",\"@id\":\"https:\/\/intl.phonak.com\/sq-al\/humbja-e-degjimit\/phonak-te-degjuarit-mire-eshte-te-qenurit-mire\/#primaryimage\",\"url\":\"https:\/\/intl.phonak.com\/sq-al\/wp-content\/uploads\/sites\/75\/2022\/02\/PH_Packshot_Audeo-I-Sphere-xReceiver_050-1029-P7_667a13.png\",\"contentUrl\":\"https:\/\/intl.phonak.com\/sq-al\/wp-content\/uploads\/sites\/75\/2022\/02\/PH_Packshot_Audeo-I-Sphere-xReceiver_050-1029-P7_667a13.png\",\"width\":600,\"height\":600,\"caption\":\"Phonak Aud\u00e9o Sphere Infinio\"},{\"@type\":\"BreadcrumbList\",\"@id\":\"https:\/\/intl.phonak.com\/sq-al\/humbja-e-degjimit\/phonak-te-degjuarit-mire-eshte-te-qenurit-mire\/#breadcrumb\",\"itemListElement\":[{\"@type\":\"ListItem\",\"position\":1,\"name\":\"Home\",\"item\":\"https:\/\/intl.phonak.com\/sq-al\/\"},{\"@type\":\"ListItem\",\"position\":2,\"name\":\"Humbja e degjimit\",\"item\":\"https:\/\/intl.phonak.com\/sq-al\/humbja-e-degjimit\/\"},{\"@type\":\"ListItem\",\"position\":3,\"name\":\"Phonak te degjuarit mire eshte te qenurit mire\"}]},{\"@type\":\"WebSite\",\"@id\":\"https:\/\/intl.phonak.com\/sq-al\/#website\",\"url\":\"https:\/\/intl.phonak.com\/sq-al\/\",\"name\":\"Phonak - Shqip\u00ebria\",\"description\":\"T\u00eb p\u00ebrkushtuar p\u00ebr t\u00eb ndryshuar jet\u00eb\",\"publisher\":{\"@id\":\"https:\/\/intl.phonak.com\/sq-al\/#organization\"},\"potentialAction\":[{\"@type\":\"SearchAction\",\"target\":{\"@type\":\"EntryPoint\",\"urlTemplate\":\"https:\/\/intl.phonak.com\/sq-al\/?s={search_term_string}\"},\"query-input\":{\"@type\":\"PropertyValueSpecification\",\"valueRequired\":true,\"valueName\":\"search_term_string\"}}],\"inLanguage\":\"sq-AL\"},{\"@type\":\"Organization\",\"@id\":\"https:\/\/intl.phonak.com\/sq-al\/#organization\",\"name\":\"Phonak - Shqip\u00ebria\",\"url\":\"https:\/\/intl.phonak.com\/sq-al\/\",\"logo\":{\"@type\":\"ImageObject\",\"inLanguage\":\"sq-AL\",\"@id\":\"https:\/\/intl.phonak.com\/sq-al\/#\/schema\/logo\/image\/\",\"url\":\"https:\/\/intl.phonak.com\/sq-al\/wp-content\/uploads\/sites\/75\/2025\/07\/logo-phonak.svg\",\"contentUrl\":\"https:\/\/intl.phonak.com\/sq-al\/wp-content\/uploads\/sites\/75\/2025\/07\/logo-phonak.svg\",\"caption\":\"Phonak -  Shqip\u00ebria\"},\"image\":{\"@id\":\"https:\/\/intl.phonak.com\/sq-al\/#\/schema\/logo\/image\/\"}}]}<\/script>\n<!-- \/ Yoast SEO plugin. -->","yoast_head_json":{"title":"Phonak te degjuarit mire eshte te qenurit mire - Phonak - Shqip\u00ebria","robots":{"index":"index","follow":"follow","max-snippet":"max-snippet:-1","max-image-preview":"max-image-preview:large","max-video-preview":"max-video-preview:-1"},"canonical":"https:\/\/intl.phonak.com\/main-english\/hearing-loss\/phonak-well-hearing-is-well-being\/","og_locale":"sq_AL","og_type":"article","og_title":"Phonak te degjuarit mire eshte te qenurit mire - Phonak - Shqip\u00ebria","og_description":"N\u00eb Phonak, ne besojm\u00eb se d\u00ebgjimi i mir\u00eb barazohet me mir\u00ebqenien dhe \u00ebsht\u00eb thelb\u00ebsor p\u00ebr t\u00eb jetuar jet\u00ebn n\u00eb maksimum....","og_url":"https:\/\/intl.phonak.com\/sq-al\/humbja-e-degjimit\/phonak-te-degjuarit-mire-eshte-te-qenurit-mire\/","og_site_name":"Phonak - Shqip\u00ebria","article_modified_time":"2025-11-11T13:03:29+00:00","og_image":[{"width":600,"height":600,"url":"https:\/\/intl.phonak.com\/sq-al\/wp-content\/uploads\/sites\/75\/2022\/02\/PH_Packshot_Audeo-I-Sphere-xReceiver_050-1029-P7_667a13.png","type":"image\/png"}],"twitter_card":"summary_large_image","twitter_misc":{"Est. reading time":"6 minutes"},"schema":{"@context":"https:\/\/schema.org","@graph":[{"@type":"WebPage","@id":"https:\/\/intl.phonak.com\/sq-al\/humbja-e-degjimit\/phonak-te-degjuarit-mire-eshte-te-qenurit-mire\/","url":"https:\/\/intl.phonak.com\/sq-al\/humbja-e-degjimit\/phonak-te-degjuarit-mire-eshte-te-qenurit-mire\/","name":"Phonak te degjuarit mire eshte te qenurit mire - Phonak - Shqip\u00ebria","isPartOf":{"@id":"https:\/\/intl.phonak.com\/sq-al\/#website"},"primaryImageOfPage":{"@id":"https:\/\/intl.phonak.com\/sq-al\/humbja-e-degjimit\/phonak-te-degjuarit-mire-eshte-te-qenurit-mire\/#primaryimage"},"image":{"@id":"https:\/\/intl.phonak.com\/sq-al\/humbja-e-degjimit\/phonak-te-degjuarit-mire-eshte-te-qenurit-mire\/#primaryimage"},"thumbnailUrl":"https:\/\/intl.phonak.com\/sq-al\/wp-content\/uploads\/sites\/75\/2022\/02\/PH_Packshot_Audeo-I-Sphere-xReceiver_050-1029-P7_667a13.png","datePublished":"2022-02-10T21:54:30+00:00","dateModified":"2025-11-11T13:03:29+00:00","breadcrumb":{"@id":"https:\/\/intl.phonak.com\/sq-al\/humbja-e-degjimit\/phonak-te-degjuarit-mire-eshte-te-qenurit-mire\/#breadcrumb"},"inLanguage":"sq-AL","potentialAction":[{"@type":"ReadAction","target":["https:\/\/intl.phonak.com\/sq-al\/humbja-e-degjimit\/phonak-te-degjuarit-mire-eshte-te-qenurit-mire\/"]}]},{"@type":"ImageObject","inLanguage":"sq-AL","@id":"https:\/\/intl.phonak.com\/sq-al\/humbja-e-degjimit\/phonak-te-degjuarit-mire-eshte-te-qenurit-mire\/#primaryimage","url":"https:\/\/intl.phonak.com\/sq-al\/wp-content\/uploads\/sites\/75\/2022\/02\/PH_Packshot_Audeo-I-Sphere-xReceiver_050-1029-P7_667a13.png","contentUrl":"https:\/\/intl.phonak.com\/sq-al\/wp-content\/uploads\/sites\/75\/2022\/02\/PH_Packshot_Audeo-I-Sphere-xReceiver_050-1029-P7_667a13.png","width":600,"height":600,"caption":"Phonak Aud\u00e9o Sphere Infinio"},{"@type":"BreadcrumbList","@id":"https:\/\/intl.phonak.com\/sq-al\/humbja-e-degjimit\/phonak-te-degjuarit-mire-eshte-te-qenurit-mire\/#breadcrumb","itemListElement":[{"@type":"ListItem","position":1,"name":"Home","item":"https:\/\/intl.phonak.com\/sq-al\/"},{"@type":"ListItem","position":2,"name":"Humbja e degjimit","item":"https:\/\/intl.phonak.com\/sq-al\/humbja-e-degjimit\/"},{"@type":"ListItem","position":3,"name":"Phonak te degjuarit mire eshte te qenurit mire"}]},{"@type":"WebSite","@id":"https:\/\/intl.phonak.com\/sq-al\/#website","url":"https:\/\/intl.phonak.com\/sq-al\/","name":"Phonak - Shqip\u00ebria","description":"T\u00eb p\u00ebrkushtuar p\u00ebr t\u00eb ndryshuar jet\u00eb","publisher":{"@id":"https:\/\/intl.phonak.com\/sq-al\/#organization"},"potentialAction":[{"@type":"SearchAction","target":{"@type":"EntryPoint","urlTemplate":"https:\/\/intl.phonak.com\/sq-al\/?s={search_term_string}"},"query-input":{"@type":"PropertyValueSpecification","valueRequired":true,"valueName":"search_term_string"}}],"inLanguage":"sq-AL"},{"@type":"Organization","@id":"https:\/\/intl.phonak.com\/sq-al\/#organization","name":"Phonak - Shqip\u00ebria","url":"https:\/\/intl.phonak.com\/sq-al\/","logo":{"@type":"ImageObject","inLanguage":"sq-AL","@id":"https:\/\/intl.phonak.com\/sq-al\/#\/schema\/logo\/image\/","url":"https:\/\/intl.phonak.com\/sq-al\/wp-content\/uploads\/sites\/75\/2025\/07\/logo-phonak.svg","contentUrl":"https:\/\/intl.phonak.com\/sq-al\/wp-content\/uploads\/sites\/75\/2025\/07\/logo-phonak.svg","caption":"Phonak -  Shqip\u00ebria"},"image":{"@id":"https:\/\/intl.phonak.com\/sq-al\/#\/schema\/logo\/image\/"}}]}},"jetpack_sharing_enabled":true,"distributor_meta":false,"distributor_terms":false,"distributor_media":false,"distributor_original_site_name":"Phonak -  Shqip\u00ebria","distributor_original_site_url":"https:\/\/intl.phonak.com\/sq-al","push-errors":false,"_links":{"self":[{"href":"https:\/\/intl.phonak.com\/sq-al\/wp-json\/wp\/v2\/pages\/353","targetHints":{"allow":["GET"]}}],"collection":[{"href":"https:\/\/intl.phonak.com\/sq-al\/wp-json\/wp\/v2\/pages"}],"about":[{"href":"https:\/\/intl.phonak.com\/sq-al\/wp-json\/wp\/v2\/types\/page"}],"author":[{"embeddable":true,"href":"https:\/\/intl.phonak.com\/sq-al\/wp-json\/wp\/v2\/users\/14"}],"replies":[{"embeddable":true,"href":"https:\/\/intl.phonak.com\/sq-al\/wp-json\/wp\/v2\/comments?post=353"}],"version-history":[{"count":10,"href":"https:\/\/intl.phonak.com\/sq-al\/wp-json\/wp\/v2\/pages\/353\/revisions"}],"predecessor-version":[{"id":926,"href":"https:\/\/intl.phonak.com\/sq-al\/wp-json\/wp\/v2\/pages\/353\/revisions\/926"}],"up":[{"embeddable":true,"href":"https:\/\/intl.phonak.com\/sq-al\/wp-json\/wp\/v2\/pages\/317"}],"wp:featuredmedia":[{"embeddable":true,"href":"https:\/\/intl.phonak.com\/sq-al\/wp-json\/wp\/v2\/media\/525"}],"wp:attachment":[{"href":"https:\/\/intl.phonak.com\/sq-al\/wp-json\/wp\/v2\/media?parent=353"}],"curies":[{"name":"wp","href":"https:\/\/api.w.org\/{rel}","templated":true}]}}