{"id":349,"date":"2022-03-07T11:51:55","date_gmt":"2022-03-07T11:51:55","guid":{"rendered":"https:\/\/intl.phonak.com\/sq-al\/pediatric-center\/"},"modified":"2026-04-21T17:08:37","modified_gmt":"2026-04-21T17:08:37","slug":"pediatric-center","status":"publish","type":"page","link":"https:\/\/intl.phonak.com\/sq-al\/pediatric-center\/","title":{"rendered":"Pediatric Center"},"content":{"rendered":"\n<div class=\"wp-block-cover alignfull is-light\"><span aria-hidden=\"true\" class=\"wp-block-cover__background has-white-background-color has-background-dim-60 has-background-dim\"><\/span><img decoding=\"async\" class=\"wp-block-cover__image-background wp-image-5374\" alt=\"\" src=\"https:\/\/intl.phonak.com\/sq-al\/wp-content\/uploads\/sites\/3\/2022\/03\/Banner-Ped-center.jpg\" style=\"object-position:45% 65%\" data-object-fit=\"cover\" data-object-position=\"45% 65%\"\/><div class=\"wp-block-cover__inner-container is-layout-flow wp-block-cover-is-layout-flow\">\n<h1 class=\"wp-block-heading has-text-align-center has-dark-grey-color has-text-color\" id=\"discover-your-child-s-hearing\">Discover your child&#8217;s hearing<\/h1>\n\n\n\n<p class=\"has-text-align-center has-dark-grey-color has-text-color has-lead-font-size\">Pediatric hearing solutions for every age<\/p>\n<\/div><\/div>\n\n\n\n<figure class=\"wp-block-image aligncenter size-full is-resized\"><img decoding=\"async\" src=\"https:\/\/intl.phonak.com\/sq-al\/wp-content\/uploads\/sites\/3\/2022\/03\/Secondary_Logo_Inter_Approved_Pediatric_Hearing_Center.png\" alt=\"\" class=\"wp-image-5429\" style=\"width:411px;height:136px\"\/><\/figure>\n\n\n\n<div style=\"height:62px\" aria-hidden=\"true\" class=\"wp-block-spacer\"><\/div>\n\n\n\n<p class=\"has-text-align-center is-style-default\">A Phonak International Approved Pediatric Hearing Center is an international certification that is given to leading centers which fulfill the following requirements: infrastructure adjusted to children and their needs, specialized measurement and diagnostics equipment, and of course dedicated and qualified pediatric hearing specialists to attend the needs of your child and you as a parent.<\/p>\n\n\n\n<div style=\"height:63px\" aria-hidden=\"true\" class=\"wp-block-spacer\"><\/div>\n\n\n\n<h2 class=\"wp-block-heading has-text-align-center has-dark-grey-color has-text-color\">Our approved pediatric hearing centers<\/h2>\n\n\n\n<div style=\"height:54px\" aria-hidden=\"true\" class=\"wp-block-spacer\"><\/div>\n\n\n\n<div class=\"wp-block-columns is-layout-flex wp-container-core-columns-is-layout-9d6595d7 wp-block-columns-is-layout-flex\">\n<div class=\"wp-block-column is-layout-flow wp-block-column-is-layout-flow\">\n<figure class=\"wp-block-image aligncenter size-large is-resized\"><img decoding=\"async\" src=\"https:\/\/intl.phonak.com\/sq-al\/wp-content\/uploads\/sites\/3\/2022\/03\/Ped-center-Phonak-logo.jpg?w=391\" alt=\"\" class=\"wp-image-5478\" style=\"width:298px;height:155px\"\/><\/figure>\n<\/div>\n\n\n\n<div class=\"wp-block-column is-layout-flow wp-block-column-is-layout-flow\">\n<h4 class=\"wp-block-heading has-text-align-center\">Hearing Center<\/h4>\n\n\n\n<p class=\"has-text-align-center\">Address 1, 111 00 City<br>+00 000 00 00 000 <br>welcome@hearing.com<br>www.phonak.com<\/p>\n<\/div>\n\n\n\n<div class=\"wp-block-column is-layout-flow wp-block-column-is-layout-flow\">\n<figure class=\"wp-block-image aligncenter size-large is-resized\"><img decoding=\"async\" src=\"https:\/\/intl.phonak.com\/sq-al\/wp-content\/uploads\/sites\/3\/2023\/04\/Approved-icon_no-text.png?w=591\" alt=\"\" class=\"wp-image-6632\" style=\"width:-5px;height:-5px\"\/><\/figure>\n<\/div>\n<\/div>\n\n\n\n<div style=\"height:66px\" aria-hidden=\"true\" class=\"wp-block-spacer\"><\/div>\n\n\n\n<div class=\"wp-block-columns is-layout-flex wp-container-core-columns-is-layout-9d6595d7 wp-block-columns-is-layout-flex\">\n<div class=\"wp-block-column is-layout-flow wp-block-column-is-layout-flow\">\n<figure class=\"wp-block-image aligncenter size-large is-resized\"><img decoding=\"async\" src=\"https:\/\/intl.phonak.com\/sq-al\/wp-content\/uploads\/sites\/3\/2022\/03\/Ped-center-Phonak-logo.jpg?w=391\" alt=\"\" class=\"wp-image-5478\" style=\"width:290px;height:149px\"\/><\/figure>\n<\/div>\n\n\n\n<div class=\"wp-block-column is-layout-flow wp-block-column-is-layout-flow\">\n<h4 class=\"wp-block-heading has-text-align-center\">Hearing Center<\/h4>\n\n\n\n<p class=\"has-text-align-center\">Address 1, 111 00 City<br>+00 000 00 00 000 <br>welcome@hearing.com<br>www.phonak.com<\/p>\n<\/div>\n\n\n\n<div class=\"wp-block-column is-layout-flow wp-block-column-is-layout-flow\">\n<figure class=\"wp-block-image aligncenter size-full is-resized\"><img decoding=\"async\" src=\"https:\/\/intl.phonak.com\/sq-al\/wp-content\/uploads\/sites\/3\/2023\/04\/Approved-icon_no-text.png\" alt=\"\" class=\"wp-image-6632\" style=\"width:-19px;height:-19px\"\/><\/figure>\n<\/div>\n<\/div>\n\n\n\n<div style=\"height:32px\" aria-hidden=\"true\" class=\"wp-block-spacer\"><\/div>\n\n\n\n<h3 class=\"wp-block-heading has-text-align-center has-blue-color has-text-color\">Visiting an approved pediatric hearing center for first time<\/h3>\n\n\n\n<p class=\"has-text-align-center\">Every approved pediatric hearing center provides high quality services, including:<\/p>\n\n\n\n<div style=\"height:55px\" aria-hidden=\"true\" class=\"wp-block-spacer\"><\/div>\n\n\n\n<div class=\"wp-block-columns is-layout-flex wp-container-core-columns-is-layout-9d6595d7 wp-block-columns-is-layout-flex\">\n<div class=\"wp-block-column is-layout-flow wp-block-column-is-layout-flow\">\n<h5 class=\"wp-block-heading has-text-align-center has-blue-color has-text-color\">Counseling on children&#8217;s hearing ability<\/h5>\n\n\n\n<p class=\"has-text-align-center\">Our hearing care professionals are experts in pediatric hearing care. <\/p>\n<\/div>\n\n\n\n<div class=\"wp-block-column is-layout-flow wp-block-column-is-layout-flow\">\n<h5 class=\"wp-block-heading has-text-align-center has-blue-color has-text-color\">Hearing tests made for children<\/h5>\n\n\n\n<p class=\"has-text-align-center\">We use hearing tests and methods developed specifically for children.<\/p>\n<\/div>\n\n\n\n<div class=\"wp-block-column is-layout-flow wp-block-column-is-layout-flow\">\n<h5 class=\"wp-block-heading has-text-align-center has-blue-color has-text-color\">Selecting hearing aids and accessories<\/h5>\n\n\n\n<p class=\"has-text-align-center\">Our experts will advise you on what types of hearing aids and accessories are most suitable for your child.<\/p>\n<\/div>\n<\/div>\n\n\n\n<div style=\"height:61px\" aria-hidden=\"true\" class=\"wp-block-spacer\"><\/div>\n\n\n\n<div class=\"wp-block-columns is-layout-flex wp-container-core-columns-is-layout-9d6595d7 wp-block-columns-is-layout-flex\">\n<div class=\"wp-block-column is-layout-flow wp-block-column-is-layout-flow\">\n<h5 class=\"wp-block-heading has-text-align-center has-blue-color has-text-color\">Advice on educational and financial assistance<\/h5>\n\n\n\n<p class=\"has-text-align-center\">We can offer guidance and advise on educational and financial assistance for hearing aids and accessories.<\/p>\n<\/div>\n\n\n\n<div class=\"wp-block-column is-layout-flow wp-block-column-is-layout-flow\">\n<h5 class=\"wp-block-heading has-text-align-center has-blue-color has-text-color\">Practical communication tips <br><\/h5>\n\n\n\n<p class=\"has-text-align-center\">Ask your hearing care professional for practical tips on how to improve your child\u2019s speech.<\/p>\n<\/div>\n\n\n\n<div class=\"wp-block-column is-layout-flow wp-block-column-is-layout-flow\">\n<h5 class=\"wp-block-heading has-text-align-center has-blue-color has-text-color\">Regular monitoring<br><\/h5>\n\n\n\n<p class=\"has-text-align-center\">Since children are continuously growing, it is important to do regular hearing checks. Your hearing care professional will tell you more.<\/p>\n<\/div>\n<\/div>\n\n\n\n<div style=\"height:71px\" aria-hidden=\"true\" class=\"wp-block-spacer\"><\/div>\n\n\n\n<div class=\"wp-block-group alignfull is-style-default has-light-grey-background-color has-background is-layout-flow wp-block-group-is-layout-flow\">\n\t<div class=\"wp-block-pho-product-selection \">\n\t\t<div class=\"grid-x grid-padding-x grid-padding-y\">\n\n\t\t\t\t\t\t\t<div class=\"cell\">\n\t\t\t\t\t<h2 class=\"text-center\">Discover pediatric hearing solutions<\/h2>\n\t\t\t\t<\/div>\n\t\t\t\t\n\t\t\t\t<div class=\"cell medium-6 large-4 flex-container\">\n\t\t\t\t\t\n<article id=\"post-34\" class=\"product-card post-34 pho_products type-pho_products status-publish has-post-thumbnail hentry pho_product_type-femije-dhe-adoleshente pho_product_type-fuqi pho_product_category-aparatet-e-degjimit pho_product_category-pediater pho_product_platforms-lumity\">\n\t\t<a class=\"flex-container flex-dir-column align-justify align-top\" href=\"https:\/\/intl.phonak.com\/sq-al\/produkte\/phonak-sky-lumity\/\">\n\t\t<div class=\"product-card-content-wrapper\">\n\t\t\t\n\t\t\t\t<div class=\"product-image-wrapper\">\n\t\t\t\t\t<img loading=\"lazy\" decoding=\"async\" width=\"600\" height=\"600\" src=\"https:\/\/intl.phonak.com\/sq-al\/wp-content\/uploads\/sites\/75\/2023\/10\/PH_Packshot_Love-Sky-L-Hook_M8-1.png?w=600\" class=\"attachment-post-thumbnail size-post-thumbnail wp-post-image\" alt=\"\" srcset=\"https:\/\/intl.phonak.com\/sq-al\/wp-content\/uploads\/sites\/75\/2023\/10\/PH_Packshot_Love-Sky-L-Hook_M8-1.png 600w, https:\/\/intl.phonak.com\/sq-al\/wp-content\/uploads\/sites\/75\/2023\/10\/PH_Packshot_Love-Sky-L-Hook_M8-1.png?resize=150,150 150w, https:\/\/intl.phonak.com\/sq-al\/wp-content\/uploads\/sites\/75\/2023\/10\/PH_Packshot_Love-Sky-L-Hook_M8-1.png?resize=300,300 300w\" sizes=\"auto, (max-width: 600px) 100vw, 600px\" \/>\t\t\t\t<\/div>\n\n\t\t\t\t<h3 class=\"entry-title\">Phonak Sky\u2122 Lumity<\/h3><p>Opsioni pediatrik, i pajisur me teknologjin\u00eb m\u00eb t\u00eb fundit Lumity. P\u00ebrmban nj\u00eb gam\u00eb t\u00eb gjer\u00eb kombinimesh ngjyrash pediatrike n\u00eb m\u00ebnyr\u00eb q\u00eb f\u00ebmij\u00ebt t\u00eb p\u00ebrqafojn\u00eb ve\u00e7antin\u00eb e tyre.<\/p>\n\t\t<\/div>\n\t\t<div class=\"wp-block-button\">\n\t\t\t<div class=\"wp-block-button__link\">Lexo m\u00eb shum\u00eb<\/div>\n\t\t<\/div>\n\t<\/a>\n<\/article><!-- #post-34 -->\n\t\t\t\t<\/div>\n\n\t\t\t\t\n\t\t\t\t<div class=\"cell medium-6 large-4 flex-container\">\n\t\t\t\t\t\n<article id=\"post-112\" class=\"product-card post-112 pho_products type-pho_products status-publish has-post-thumbnail hentry pho_product_type-roger pho_product_category-mikrofonat-roger pho_product_platforms-roger\">\n\t\t<a class=\"flex-container flex-dir-column align-justify align-top\" href=\"https:\/\/intl.phonak.com\/sq-al\/produkte\/roger-on\/\">\n\t\t<div class=\"product-card-content-wrapper\">\n\t\t\t\n\t\t\t\t<div class=\"product-image-wrapper\">\n\t\t\t\t\t<img loading=\"lazy\" decoding=\"async\" width=\"600\" height=\"600\" src=\"https:\/\/intl.phonak.com\/sq-al\/wp-content\/uploads\/sites\/75\/2021\/11\/PH_Packshot_Roger_On_front_persp.png?w=600\" class=\"attachment-post-thumbnail size-post-thumbnail wp-post-image\" alt=\"\" srcset=\"https:\/\/intl.phonak.com\/sq-al\/wp-content\/uploads\/sites\/75\/2021\/11\/PH_Packshot_Roger_On_front_persp.png 600w, https:\/\/intl.phonak.com\/sq-al\/wp-content\/uploads\/sites\/75\/2021\/11\/PH_Packshot_Roger_On_front_persp.png?resize=150,150 150w, https:\/\/intl.phonak.com\/sq-al\/wp-content\/uploads\/sites\/75\/2021\/11\/PH_Packshot_Roger_On_front_persp.png?resize=300,300 300w\" sizes=\"auto, (max-width: 600px) 100vw, 600px\" \/>\t\t\t\t<\/div>\n\n\t\t\t\t<h3 class=\"entry-title\">Roger On\u2122<\/h3><p>Ky mikrofon i aparatit t\u00eb d\u00ebgjimit t\u00eb gjithansh\u00ebm \u00ebsht\u00eb projektuar p\u00ebr t\u00eb b\u00ebr\u00eb bisedat m\u00eb t\u00eb qarta n\u00eb situata t\u00eb v\u00ebshtira d\u00ebgjimi. Ai njeh n\u00ebse fjala vjen nga ana e majt\u00eb apo e djatht\u00eb dhe kalon automatikisht midis m\u00ebnyrave t\u00eb ndryshme t\u00eb mikrofonit n\u00eb var\u00ebsi t\u00eb p\u00ebrdorimit n\u00eb nj\u00eb tavolin\u00eb, t\u00eb kapur n\u00eb veshje ose t\u00eb mbajtur n\u00eb dor\u00ebn tuaj. <\/p>\n\t\t<\/div>\n\t\t<div class=\"wp-block-button\">\n\t\t\t<div class=\"wp-block-button__link\">Lexo m\u00eb shum\u00eb<\/div>\n\t\t<\/div>\n\t<\/a>\n<\/article><!-- #post-112 -->\n\t\t\t\t<\/div>\n\n\t\t\t\t\n\t\t\t\t<div class=\"cell medium-6 large-4 flex-container\">\n\t\t\t\t\t\n<article id=\"post-132\" class=\"product-card post-132 pho_products type-pho_products status-publish has-post-thumbnail hentry pho_product_type-femije-dhe-adoleshente pho_product_type-roger pho_product_category-mikrofonat-roger pho_product_platforms-roger\">\n\t\t<a class=\"flex-container flex-dir-column align-justify align-top\" href=\"https:\/\/intl.phonak.com\/sq-al\/produkte\/roger-touchscreen-mic\/\">\n\t\t<div class=\"product-card-content-wrapper\">\n\t\t\t\n\t\t\t\t<div class=\"product-image-wrapper\">\n\t\t\t\t\t<img loading=\"lazy\" decoding=\"async\" width=\"600\" height=\"600\" src=\"https:\/\/intl.phonak.com\/sq-al\/wp-content\/uploads\/sites\/75\/2021\/11\/Packshot_Roger_Touchscreen_Mic_S.png?w=600\" class=\"attachment-post-thumbnail size-post-thumbnail wp-post-image\" alt=\"\" srcset=\"https:\/\/intl.phonak.com\/sq-al\/wp-content\/uploads\/sites\/75\/2021\/11\/Packshot_Roger_Touchscreen_Mic_S.png 600w, https:\/\/intl.phonak.com\/sq-al\/wp-content\/uploads\/sites\/75\/2021\/11\/Packshot_Roger_Touchscreen_Mic_S.png?resize=150,150 150w, https:\/\/intl.phonak.com\/sq-al\/wp-content\/uploads\/sites\/75\/2021\/11\/Packshot_Roger_Touchscreen_Mic_S.png?resize=300,300 300w\" sizes=\"auto, (max-width: 600px) 100vw, 600px\" \/>\t\t\t\t<\/div>\n\n\t\t\t\t<h3 class=\"entry-title\">Roger Touchscreen Mic<\/h3><p>Mikrofon i thjesht\u00eb dhe intuitiv p\u00ebr m\u00ebsuesin p\u00ebr ta veshur ose vendosur n\u00eb nj\u00eb tavolin\u00eb p\u00ebr t\u00eb kapur fjalimin nga nj\u00eb grup student\u00ebsh.<\/p>\n\t\t<\/div>\n\t\t<div class=\"wp-block-button\">\n\t\t\t<div class=\"wp-block-button__link\">Lexo m\u00eb shum\u00eb<\/div>\n\t\t<\/div>\n\t<\/a>\n<\/article><!-- #post-132 -->\n\t\t\t\t<\/div>\n\n\t\t\t\t\n\t\t<\/div>\n\t<\/div>\n\n\t<\/div>\n\n\n\n<div style=\"height:100px\" aria-hidden=\"true\" class=\"wp-block-spacer\"><\/div>\n\n\n\n<div class=\"wp-block-media-text is-stacked-on-mobile cta-block\" style=\"grid-template-columns:35% auto\"><figure class=\"wp-block-media-text__media\"><img decoding=\"async\" src=\"https:\/\/intl.phonak.com\/main-english\/wp-content\/uploads\/sites\/3\/2021\/11\/cta-image.jpg?w=401\" alt=\"\" class=\"wp-image-6738 size-full\"\/><\/figure><div class=\"wp-block-media-text__content\">\n<div class=\"wp-block-create-block-icon-selector\"><i class=\"fal fa-map-marker-alt\"><\/i><\/div>   \n<h3 class=\"wp-block-heading\">Ekspert\u00eb t\u00eb d\u00ebgjimit pran\u00eb jush<\/h3>   <p>Profesional\u00ebt e kujdesit p\u00ebr d\u00ebgjimin mund t&#8217;ju ndihmojn\u00eb t\u00eb b\u00ebni zgjedhjen q\u00eb \u00ebsht\u00eb perfekte p\u00ebr ju. Ata do t\u00eb marrin parasysh nevojat tuaja t\u00eb d\u00ebgjimit, buxhetin tuaj, stilin e jetes\u00ebs dhe preferencat tuaja individuale t\u00eb d\u00ebgjimit. <\/p>   <div class=\"wp-block-buttons is-layout-flex wp-block-buttons-is-layout-flex\">\n<div class=\"wp-block-button is-style-marker-green\"><a class=\"wp-block-button__link wp-element-button\" href=\"https:\/\/intl.phonak.com\/sq-al\/gjeni-nje-ekspert\/\">Gjeni nje ekspert<\/a><\/div>\n<\/div>\n<\/div><\/div> ","protected":false},"excerpt":{"rendered":"<p>A Phonak International Approved Pediatric Hearing Center is an international certification that is given to leading centers which fulfill the&#8230;<\/p>\n","protected":false},"author":14,"featured_media":0,"parent":0,"menu_order":0,"comment_status":"closed","ping_status":"closed","template":"","meta":{"_acf_changed":false,"inline_featured_image":false,"footnotes":""},"class_list":["post-349","page","type-page","status-publish","hentry"],"acf":[],"yoast_head":"<!-- This site is optimized with the Yoast SEO plugin v26.9 - https:\/\/yoast.com\/product\/yoast-seo-wordpress\/ -->\n<title>Pediatric Center - Phonak - Shqip\u00ebria<\/title>\n<meta name=\"robots\" content=\"index, follow, max-snippet:-1, max-image-preview:large, max-video-preview:-1\" \/>\n<link rel=\"canonical\" href=\"https:\/\/intl.phonak.com\/main-english\/pediatric-center\/\" \/>\n<meta property=\"og:locale\" content=\"sq_AL\" \/>\n<meta property=\"og:type\" content=\"article\" \/>\n<meta property=\"og:title\" content=\"Pediatric Center - Phonak - Shqip\u00ebria\" \/>\n<meta property=\"og:description\" content=\"A Phonak International Approved Pediatric Hearing Center is an international certification that is given to leading centers which fulfill the...\" \/>\n<meta property=\"og:url\" content=\"https:\/\/intl.phonak.com\/sq-al\/pediatric-center\/\" \/>\n<meta property=\"og:site_name\" content=\"Phonak - Shqip\u00ebria\" \/>\n<meta property=\"article:modified_time\" content=\"2026-04-21T17:08:37+00:00\" \/>\n<meta property=\"og:image\" content=\"https:\/\/intl.phonak.com\/sq-al\/wp-content\/uploads\/sites\/75\/2022\/03\/PH_Packshot_Audeo-I-Sphere-xReceiver_050-1029-P7_b82ce4.png\" \/>\n\t<meta property=\"og:image:width\" content=\"600\" \/>\n\t<meta property=\"og:image:height\" content=\"600\" \/>\n\t<meta property=\"og:image:type\" content=\"image\/png\" \/>\n<meta name=\"twitter:card\" content=\"summary_large_image\" \/>\n<meta name=\"twitter:label1\" content=\"Est. reading time\" \/>\n\t<meta name=\"twitter:data1\" content=\"3 minutes\" \/>\n<script type=\"application\/ld+json\" class=\"yoast-schema-graph\">{\"@context\":\"https:\/\/schema.org\",\"@graph\":[{\"@type\":\"WebPage\",\"@id\":\"https:\/\/intl.phonak.com\/sq-al\/?page_id=349\",\"url\":\"https:\/\/intl.phonak.com\/sq-al\/?page_id=349\",\"name\":\"Pediatric Center - Phonak - Shqip\u00ebria\",\"isPartOf\":{\"@id\":\"https:\/\/intl.phonak.com\/sq-al\/#website\"},\"primaryImageOfPage\":{\"@id\":\"https:\/\/intl.phonak.com\/sq-al\/?page_id=349#primaryimage\"},\"image\":{\"@id\":\"https:\/\/intl.phonak.com\/sq-al\/?page_id=349#primaryimage\"},\"thumbnailUrl\":\"https:\/\/intl.phonak.com\/sq-al\/wp-content\/uploads\/sites\/3\/2022\/03\/Banner-Ped-center.jpg\",\"datePublished\":\"2022-03-07T11:51:55+00:00\",\"dateModified\":\"2026-04-21T17:08:37+00:00\",\"breadcrumb\":{\"@id\":\"https:\/\/intl.phonak.com\/sq-al\/?page_id=349#breadcrumb\"},\"inLanguage\":\"sq-AL\",\"potentialAction\":[{\"@type\":\"ReadAction\",\"target\":[\"https:\/\/intl.phonak.com\/sq-al\/?page_id=349\"]}]},{\"@type\":\"ImageObject\",\"inLanguage\":\"sq-AL\",\"@id\":\"https:\/\/intl.phonak.com\/sq-al\/?page_id=349#primaryimage\",\"url\":\"\",\"contentUrl\":\"\"},{\"@type\":\"BreadcrumbList\",\"@id\":\"https:\/\/intl.phonak.com\/sq-al\/?page_id=349#breadcrumb\",\"itemListElement\":[{\"@type\":\"ListItem\",\"position\":1,\"name\":\"Home\",\"item\":\"https:\/\/intl.phonak.com\/sq-al\/\"},{\"@type\":\"ListItem\",\"position\":2,\"name\":\"Qender pediatrike\"}]},{\"@type\":\"WebSite\",\"@id\":\"https:\/\/intl.phonak.com\/sq-al\/#website\",\"url\":\"https:\/\/intl.phonak.com\/sq-al\/\",\"name\":\"Phonak - Shqip\u00ebria\",\"description\":\"T\u00eb p\u00ebrkushtuar p\u00ebr t\u00eb ndryshuar jet\u00eb\",\"publisher\":{\"@id\":\"https:\/\/intl.phonak.com\/sq-al\/#organization\"},\"potentialAction\":[{\"@type\":\"SearchAction\",\"target\":{\"@type\":\"EntryPoint\",\"urlTemplate\":\"https:\/\/intl.phonak.com\/sq-al\/?s={search_term_string}\"},\"query-input\":{\"@type\":\"PropertyValueSpecification\",\"valueRequired\":true,\"valueName\":\"search_term_string\"}}],\"inLanguage\":\"sq-AL\"},{\"@type\":\"Organization\",\"@id\":\"https:\/\/intl.phonak.com\/sq-al\/#organization\",\"name\":\"Phonak - Shqip\u00ebria\",\"url\":\"https:\/\/intl.phonak.com\/sq-al\/\",\"logo\":{\"@type\":\"ImageObject\",\"inLanguage\":\"sq-AL\",\"@id\":\"https:\/\/intl.phonak.com\/sq-al\/#\/schema\/logo\/image\/\",\"url\":\"https:\/\/intl.phonak.com\/sq-al\/wp-content\/uploads\/sites\/75\/2025\/07\/logo-phonak.svg\",\"contentUrl\":\"https:\/\/intl.phonak.com\/sq-al\/wp-content\/uploads\/sites\/75\/2025\/07\/logo-phonak.svg\",\"caption\":\"Phonak -  Shqip\u00ebria\"},\"image\":{\"@id\":\"https:\/\/intl.phonak.com\/sq-al\/#\/schema\/logo\/image\/\"}}]}<\/script>\n<!-- \/ Yoast SEO plugin. -->","yoast_head_json":{"title":"Pediatric Center - Phonak - Shqip\u00ebria","robots":{"index":"index","follow":"follow","max-snippet":"max-snippet:-1","max-image-preview":"max-image-preview:large","max-video-preview":"max-video-preview:-1"},"canonical":"https:\/\/intl.phonak.com\/main-english\/pediatric-center\/","og_locale":"sq_AL","og_type":"article","og_title":"Pediatric Center - Phonak - Shqip\u00ebria","og_description":"A Phonak International Approved Pediatric Hearing Center is an international certification that is given to leading centers which fulfill the...","og_url":"https:\/\/intl.phonak.com\/sq-al\/pediatric-center\/","og_site_name":"Phonak - Shqip\u00ebria","article_modified_time":"2026-04-21T17:08:37+00:00","og_image":[{"width":600,"height":600,"url":"https:\/\/intl.phonak.com\/sq-al\/wp-content\/uploads\/sites\/75\/2022\/03\/PH_Packshot_Audeo-I-Sphere-xReceiver_050-1029-P7_b82ce4.png","type":"image\/png"}],"twitter_card":"summary_large_image","twitter_misc":{"Est. reading time":"3 minutes"},"schema":{"@context":"https:\/\/schema.org","@graph":[{"@type":"WebPage","@id":"https:\/\/intl.phonak.com\/sq-al\/?page_id=349","url":"https:\/\/intl.phonak.com\/sq-al\/?page_id=349","name":"Pediatric Center - Phonak - Shqip\u00ebria","isPartOf":{"@id":"https:\/\/intl.phonak.com\/sq-al\/#website"},"primaryImageOfPage":{"@id":"https:\/\/intl.phonak.com\/sq-al\/?page_id=349#primaryimage"},"image":{"@id":"https:\/\/intl.phonak.com\/sq-al\/?page_id=349#primaryimage"},"thumbnailUrl":"https:\/\/intl.phonak.com\/sq-al\/wp-content\/uploads\/sites\/3\/2022\/03\/Banner-Ped-center.jpg","datePublished":"2022-03-07T11:51:55+00:00","dateModified":"2026-04-21T17:08:37+00:00","breadcrumb":{"@id":"https:\/\/intl.phonak.com\/sq-al\/?page_id=349#breadcrumb"},"inLanguage":"sq-AL","potentialAction":[{"@type":"ReadAction","target":["https:\/\/intl.phonak.com\/sq-al\/?page_id=349"]}]},{"@type":"ImageObject","inLanguage":"sq-AL","@id":"https:\/\/intl.phonak.com\/sq-al\/?page_id=349#primaryimage","url":"","contentUrl":""},{"@type":"BreadcrumbList","@id":"https:\/\/intl.phonak.com\/sq-al\/?page_id=349#breadcrumb","itemListElement":[{"@type":"ListItem","position":1,"name":"Home","item":"https:\/\/intl.phonak.com\/sq-al\/"},{"@type":"ListItem","position":2,"name":"Qender pediatrike"}]},{"@type":"WebSite","@id":"https:\/\/intl.phonak.com\/sq-al\/#website","url":"https:\/\/intl.phonak.com\/sq-al\/","name":"Phonak - Shqip\u00ebria","description":"T\u00eb p\u00ebrkushtuar p\u00ebr t\u00eb ndryshuar jet\u00eb","publisher":{"@id":"https:\/\/intl.phonak.com\/sq-al\/#organization"},"potentialAction":[{"@type":"SearchAction","target":{"@type":"EntryPoint","urlTemplate":"https:\/\/intl.phonak.com\/sq-al\/?s={search_term_string}"},"query-input":{"@type":"PropertyValueSpecification","valueRequired":true,"valueName":"search_term_string"}}],"inLanguage":"sq-AL"},{"@type":"Organization","@id":"https:\/\/intl.phonak.com\/sq-al\/#organization","name":"Phonak - Shqip\u00ebria","url":"https:\/\/intl.phonak.com\/sq-al\/","logo":{"@type":"ImageObject","inLanguage":"sq-AL","@id":"https:\/\/intl.phonak.com\/sq-al\/#\/schema\/logo\/image\/","url":"https:\/\/intl.phonak.com\/sq-al\/wp-content\/uploads\/sites\/75\/2025\/07\/logo-phonak.svg","contentUrl":"https:\/\/intl.phonak.com\/sq-al\/wp-content\/uploads\/sites\/75\/2025\/07\/logo-phonak.svg","caption":"Phonak -  Shqip\u00ebria"},"image":{"@id":"https:\/\/intl.phonak.com\/sq-al\/#\/schema\/logo\/image\/"}}]}},"jetpack_sharing_enabled":true,"distributor_meta":false,"distributor_terms":false,"distributor_media":false,"distributor_original_site_name":"Phonak -  Shqip\u00ebria","distributor_original_site_url":"https:\/\/intl.phonak.com\/sq-al","push-errors":false,"_links":{"self":[{"href":"https:\/\/intl.phonak.com\/sq-al\/wp-json\/wp\/v2\/pages\/349","targetHints":{"allow":["GET"]}}],"collection":[{"href":"https:\/\/intl.phonak.com\/sq-al\/wp-json\/wp\/v2\/pages"}],"about":[{"href":"https:\/\/intl.phonak.com\/sq-al\/wp-json\/wp\/v2\/types\/page"}],"author":[{"embeddable":true,"href":"https:\/\/intl.phonak.com\/sq-al\/wp-json\/wp\/v2\/users\/14"}],"replies":[{"embeddable":true,"href":"https:\/\/intl.phonak.com\/sq-al\/wp-json\/wp\/v2\/comments?post=349"}],"version-history":[{"count":9,"href":"https:\/\/intl.phonak.com\/sq-al\/wp-json\/wp\/v2\/pages\/349\/revisions"}],"predecessor-version":[{"id":995,"href":"https:\/\/intl.phonak.com\/sq-al\/wp-json\/wp\/v2\/pages\/349\/revisions\/995"}],"wp:attachment":[{"href":"https:\/\/intl.phonak.com\/sq-al\/wp-json\/wp\/v2\/media?parent=349"}],"curies":[{"name":"wp","href":"https:\/\/api.w.org\/{rel}","templated":true}]}}