{"id":334,"date":"2022-12-16T15:10:22","date_gmt":"2022-12-16T15:10:22","guid":{"rendered":"https:\/\/intl.phonak.com\/sq-al\/privacy-notice\/"},"modified":"2025-09-17T14:57:27","modified_gmt":"2025-09-17T14:57:27","slug":"njoftimi-i-privatesise","status":"publish","type":"page","link":"https:\/\/intl.phonak.com\/sq-al\/njoftimi-i-privatesise\/","title":{"rendered":"Njoftimi p\u00ebr Privat\u00ebsin\u00eb"},"content":{"rendered":" <p id=\"block-3110c4d0-6c3e-4d55-8d38-129cb027a120\">P\u00ebrdit\u00ebsuar s\u00eb fundmi: Prill 2022<\/p>   <p id=\"block-e56d30a9-ff57-4997-85c2-75b5ef2450eb\">Ky Njoftim p\u00ebr Privat\u00ebsin\u00eb p\u00ebrshkruan se si t\u00eb dh\u00ebnat tuaja personale, duke p\u00ebrfshir\u00eb t\u00eb dh\u00ebnat e ndjeshme, mblidhen dhe p\u00ebrpunohen, n\u00eb lidhje me formularin e kontaktit. N\u00eb k\u00ebt\u00eb kontekst, kjo Njoftim p\u00ebr Privat\u00ebsin\u00eb mbulon p\u00ebrpunimin e t\u00eb dh\u00ebnave tuaja personale t\u00eb kryera p\u00ebrmes formularit q\u00eb po plot\u00ebsoni<\/p>   <p id=\"block-a3df515b-e1a3-4d69-a8f9-fd6a5dfd602e\">P\u00ebrpunimi i t\u00eb dh\u00ebnave tuaja personale p\u00ebrputhet, sipas vendit tuaj, me k\u00ebrkesat lokale p\u00ebr mbrojtjen e t\u00eb dh\u00ebnave, duke p\u00ebrfshir\u00eb Aktin Federal Zviceran p\u00ebr Mbrojtjen e t\u00eb Dh\u00ebnave (&#8220;FDPA&#8221;), Rregulloren (BE) 2016\/679 t\u00eb Parlamentit Evropian dhe t\u00eb K\u00ebshillit t\u00eb 27 Prillit 2016 (&#8220;GDPR&#8221;), dhe \/ ose, si\u00e7 mund t\u00eb jet\u00eb e zbatueshme, Aktin e Portabilitetit dhe Llogaridh\u00ebnies s\u00eb Sigurimit Sh\u00ebndet\u00ebsor t\u00eb vitit 1996 (&#8220;HIPAA&#8221;) p\u00ebr t\u00eb dh\u00ebnat tuaja personale t\u00eb kualifikuara si Informacion i Mbrojtur Sh\u00ebndet\u00ebsor.<\/p>   <p id=\"block-1d87e0d9-df83-49dd-aaa9-7ee608294736\">Kjo Njoftim p\u00ebr Privat\u00ebsin\u00eb mund t\u00eb p\u00ebrdit\u00ebsohet her\u00eb pas here. N\u00eb k\u00ebt\u00eb rast, ne do t&#8217;ju informojm\u00eb se kjo Njoftim p\u00ebr Privat\u00ebsin\u00eb \u00ebsht\u00eb modifikuar dhe data &#8220;p\u00ebrdit\u00ebsuar s\u00eb fundmi&#8221; n\u00eb krye t\u00eb k\u00ebtij dokumenti do t\u00eb modifikohet. Ne rekomandojm\u00eb q\u00eb t\u00eb rishikoni periodikisht versionin m\u00eb t\u00eb fundit t\u00eb k\u00ebtij Njoftimi p\u00ebr Privat\u00ebsin\u00eb.<\/p>   <p id=\"block-96a81fc1-3995-437b-a025-3900acfc3713\"><strong>1. KUSH JEMI NE<\/strong><\/p>   <p id=\"block-5ec04ce4-ca54-430d-8742-940907142fc8\">Sonova AG, Laubisr\u00fctistrasse 28, 8712 St\u00e4fa, Zvic\u00ebr (<a href=\"http:\/\/www.sonova.com\/\">www.sonova.com<\/a>), (&#8220;Sonova AG&#8221;) vepron si Kontrollues p\u00ebr p\u00ebrpunimin e listuar n\u00eb seksionin vijues.<\/p>   <p id=\"block-4bcd26ae-20ae-4ab9-adef-a0bcbd2a5eb2\"><strong>2. T\u00cb DH\u00cbNAT PERSONALE Q\u00cb MBLEDHIM NGA JU DHE PSE<\/strong><\/p>   <p id=\"block-5381e53f-4ece-4513-b300-72951215d601\">Sonova AG p\u00ebrpunon t\u00eb dh\u00ebnat tuaja personale dhe\/ose t\u00eb dh\u00ebnat personale t\u00eb personit q\u00eb p\u00ebrfaq\u00ebsoni (q\u00eb i keni ndar\u00eb me ne pasi keni marr\u00eb p\u00eblqimin e tyre t\u00eb informuar), dmth.: titulli, emri i par\u00eb, mbiemri, emaili, subjekti, mesazhi.&nbsp;<\/p>   <p id=\"block-9d6808e7-302c-45ea-9296-ebf9f8a2f24b\">Sa i p\u00ebrket mesazhit q\u00eb do t\u00eb dor\u00ebzoni, ju lutemi merrni parasysh q\u00eb komenti juaj i shkruar do t\u00eb transferohet n\u00eb tekst t\u00eb thjesht\u00eb. P\u00ebr t\u00eb respektuar parimin e mbrojtjes s\u00eb t\u00eb dh\u00ebnave p\u00ebr minimizimin e t\u00eb dh\u00ebnave, ju lutemi shkruani vet\u00ebm informacionin e nevojsh\u00ebm q\u00eb ju duhet t\u00eb shprehni n\u00eb lidhje me vet\u00ebm q\u00ebllimin p\u00ebr t\u00eb cilin \u00ebsht\u00eb menduar mjeti.&nbsp; Ju lutemi mos shkruani m\u00eb shum\u00eb informacion sesa \u00ebsht\u00eb i nevojsh\u00ebm ose informacion t\u00eb panevojsh\u00ebm p\u00ebr ju ose nj\u00eb person tjet\u00ebr, si p\u00ebr shembull p\u00ebr nj\u00eb punonj\u00ebs ose nj\u00eb klient. Merrni parasysh k\u00ebt\u00eb ve\u00e7an\u00ebrisht kur d\u00ebshironi t\u00eb shkruani n\u00eb kategori t\u00eb ve\u00e7ant\u00eb\/ t\u00eb dh\u00ebna t\u00eb ndjeshme, t\u00eb cilat jan\u00eb \u00e7do t\u00eb dh\u00ebn\u00eb q\u00eb zbulon origjin\u00ebn racore ose etnike, opinionet politike, besimet fetare ose filozofike, an\u00ebtar\u00ebsimin n\u00eb sindikata, t\u00eb dh\u00ebnat gjenetike, t\u00eb dh\u00ebnat biometrike, t\u00eb dh\u00ebnat q\u00eb kan\u00eb t\u00eb b\u00ebjn\u00eb me sh\u00ebndetin, jet\u00ebn seksuale ose orientimin seksual.&#8221;<\/p>   <p id=\"block-6ef8b4dc-fbc7-4339-b081-42fdd5e72f92\">Ju lutemi vini re se t\u00eb dh\u00ebnat personale t\u00eb p\u00ebrmendura m\u00eb sip\u00ebr p\u00ebrpunohen p\u00ebr t\u00eb siguruar q\u00eb ju ose dikush q\u00eb p\u00ebrfaq\u00ebsoni t\u00eb vler\u00ebsohet si\u00e7 duhet n\u00eb m\u00ebnyr\u00eb q\u00eb t\u00eb adresoni k\u00ebrkes\u00ebn tuaj dhe t&#8217;ju ofrojm\u00eb mb\u00ebshtetjen e duhur dhe, n\u00ebse k\u00ebrkohet, me produkte \/ sh\u00ebrbime t\u00eb rekomanduara.<\/p>   <p id=\"block-d694b16d-bb1d-4f2a-ba31-dab1778385dc\">Ju lutemi vini re se, ky q\u00ebllim \u00ebsht\u00eb i nevojsh\u00ebm p\u00ebr t\u00eb kryer k\u00ebrkes\u00ebn tuaj si pjes\u00eb e p\u00ebrmbushjes s\u00eb kontrat\u00ebs p\u00ebr t\u00eb b\u00ebr\u00eb nj\u00eb kontakt me ne dhe shp\u00ebrndar\u00ebsit tan\u00eb t\u00eb besuar. N\u00eb k\u00ebt\u00eb drejtim, si pjes\u00eb e ofrimit t\u00eb detajeve tuaja t\u00eb kontaktit, ju do t\u00eb kontaktoheni nga pala jon\u00eb e tret\u00eb q\u00eb vepron n\u00eb emrin ton\u00eb disa dit\u00eb pas dor\u00ebzimit t\u00eb formularit tuaj online. &nbsp;<\/p>   <p id=\"block-107ecf70-8699-4e51-9212-2b3c45c196d4\"><strong>3. SI NDAJM\u00cb T\u00cb DH\u00cbNAT TUAJA PERSONALE<\/strong><\/p>   <p id=\"block-bf3f85e8-d40b-4cdc-946e-cf7d14df10bd\">Duke p\u00ebrdorur sh\u00ebrbimin e p\u00ebrmendur m\u00eb sip\u00ebr, t\u00eb dh\u00ebnat tuaja personale mund t\u00eb ndahen n\u00eb m\u00ebnyr\u00eb t\u00eb kufizuar me partner\u00ebt tan\u00eb t\u00eb biznesit si HCPs, duke vepruar si kontrollues t\u00eb pavarur ose t\u00eb p\u00ebrbashk\u00ebt, duke ofruar sh\u00ebrbimin e k\u00ebrkuar nga ju, duke ju kontaktuar p\u00ebr t&#8217;iu p\u00ebrgjigjur k\u00ebrkes\u00ebs tuaj; dhe ofruesit e sh\u00ebrbimeve t\u00eb pal\u00ebve t\u00eb treta q\u00eb veprojn\u00eb si p\u00ebrpunues:<\/p>  <div class=\"wp-list-block\"> <ul class=\"wp-block-list\" id=\"block-47a21154-6aea-47d7-b9de-279ba3c17e2d\">\n<li>Trew Knowledge: zhvillues i faqes s\u00eb internetit<\/li>   <li>WordPress VIP: sistemi i menaxhimit t\u00eb p\u00ebrmbajtjes\/platforma e faqes s\u00eb internetit<\/li>   <li>Microsoft: menaxhoni dhe mir\u00ebmbani infrastruktur\u00ebn e cloud dhe ofroni mb\u00ebshtetje teknike.<\/li>\n<\/ul> <\/div>  <p id=\"block-d9424a7a-f94b-4d8a-8b17-41bc7dbc520a\">T\u00eb dh\u00ebnat tuaja personale mund t\u00eb zbulohen gjithashtu kompanive t\u00eb tjera n\u00eb grupin ton\u00eb t\u00eb kompanive, si\u00e7 jan\u00eb filialet tona, ose organizatave t\u00eb tjera dhe organeve publike duke p\u00ebrfshir\u00eb agjencit\u00eb e zbatimit t\u00eb ligjit, si\u00e7 mund t\u00eb k\u00ebrkohet nga ligji.<\/p>   <p id=\"block-8145bbcd-69e8-40f0-9111-3a95298b2a8f\">P\u00ebrpara se t\u00eb zbulojm\u00eb ndonj\u00eb t\u00eb dh\u00ebn\u00eb personale pal\u00ebve t\u00eb treta p\u00ebrve\u00e7 atyre t\u00eb listuara m\u00eb sip\u00ebr, ne do t&#8217;ju k\u00ebrkojm\u00eb n\u00eb m\u00ebnyr\u00eb eksplicite p\u00eblqimin tuaj. Megjithat\u00eb, n\u00ebse jemi t\u00eb detyruar ligj\u00ebrisht t\u00eb zbulojm\u00eb t\u00eb dh\u00ebna personale pa p\u00eblqimin tuaj, ne do t\u00eb zbulojm\u00eb vet\u00ebm t\u00eb dh\u00ebna personale q\u00eb jan\u00eb rrept\u00ebsisht t\u00eb nevojshme p\u00ebr at\u00eb q\u00ebllim p\u00ebr t\u00eb p\u00ebrmbushur detyrimet tona ligjore.<\/p>   <p id=\"block-e2ea32e7-a956-4300-9695-09d24ebba013\"><strong>4. TRANSFERIMET ND\u00cbRKOMB\u00cbTARE T\u00cb T\u00cb DH\u00cbNAVE PERSONALE<\/strong><\/p>   <p id=\"block-72500bcf-8d04-47e8-b9d3-4df058b23228\">Ju lutemi vini re se disa nga pal\u00ebt e treta t\u00eb p\u00ebrmendura m\u00eb sip\u00ebr mund t\u00eb ndodhen jasht\u00eb vendit tuaj. Prandaj, t\u00eb dh\u00ebnat tuaja personale mund t\u00eb transferohen n\u00eb vende q\u00eb nuk ofrojn\u00eb t\u00eb nj\u00ebjtin nivel mbrojtjeje t\u00eb t\u00eb dh\u00ebnave personale si vendi juaj. N\u00eb raste t\u00eb tilla, ne do t\u00eb zbatojm\u00eb masa t\u00eb p\u00ebrshtatshme duke p\u00ebrfshir\u00eb mbrojtje organizative, teknike dhe ligjore p\u00ebr t\u00eb qeverisur transferimin p\u00ebrkat\u00ebs dhe p\u00ebr t\u00eb siguruar q\u00eb niveli i nevojsh\u00ebm i mbrojtjes t\u00eb vendoset sipas ligjit t\u00eb zbatuesh\u00ebm. &nbsp;<\/p>   <p id=\"block-533e1e30-9ef4-4e09-83f3-652b26c27011\"><strong>5. SA GJAT\u00cb E MBAJM\u00cb T\u00cb DH\u00cbNAT TUAJA PERSONALE<\/strong><\/p>   <p id=\"block-348682c7-3643-476c-a078-b6f347994d0c\">T\u00eb dh\u00ebnat personale fshihen pas 3 muajsh nga p\u00ebrfundimi i kontaktit ton\u00eb tregtar. N\u00eb rast se ligji i zbatuesh\u00ebm ose rregullat e tjera k\u00ebrkojn\u00eb nj\u00eb periudh\u00eb m\u00eb t\u00eb gjat\u00eb ruajtjeje, ne do t\u00eb zbatojm\u00eb periudh\u00ebn m\u00eb t\u00eb gjat\u00eb t\u00eb ruajtjes p\u00ebr t\u00eb p\u00ebrmbushur detyrimet tona ligjore<\/p>   <p id=\"block-355074d9-2315-49f6-8b4f-bb2027139a72\">P\u00ebrve\u00e7 k\u00ebsaj, t\u00eb dh\u00ebnat tuaja personale t\u00eb p\u00ebrpunuara nga distributor\u00ebt (duke p\u00ebrfshir\u00eb HCP-t\u00eb) do t\u00eb ruhen n\u00eb p\u00ebrputhje me ligjet e zbatueshme. P\u00ebr m\u00eb shum\u00eb informacion mbi periudhat e tyre specifike t\u00eb mbajtjes, ju lutemi kontaktoni HCP-n\u00eb tuaj.<\/p>   <p id=\"block-af4238c1-82d9-4b87-950a-7ea13455900f\"><strong>6. T\u00cb DREJTAT TUAJA LIGJORE<\/strong><\/p>   <p id=\"block-f63d6cd0-5a52-499d-9d2d-84666073602c\">Sipas ligjit t\u00eb zbatuesh\u00ebm, mund t\u00eb keni t\u00eb drejt\u00ebn t\u00eb k\u00ebrkoni akses, korrigjim, fshirje t\u00eb t\u00eb dh\u00ebnave tuaja personale, ose kufizim t\u00eb p\u00ebrpunimit. P\u00ebrve\u00e7 k\u00ebsaj, ju mund t\u00eb kund\u00ebrshtoni p\u00ebrpunimin, t\u00eb k\u00ebrkoni portabilitetin e t\u00eb dh\u00ebnave dhe t\u00eb t\u00ebrhiqni p\u00eblqimin tuaj n\u00eb \u00e7do koh\u00eb. Sipas vendit tuaj, mund t\u00eb keni t\u00eb drejta t\u00eb tjera si p.sh. dh\u00ebnia e udh\u00ebzimeve p\u00ebr m\u00ebnyr\u00ebn se si t\u00eb dh\u00ebnat tuaja personale duhet t\u00eb p\u00ebrpunohen pas vdekjes. Sipas HIPAA, ju gjithashtu mund t\u00eb keni t\u00eb drejt\u00ebn t\u00eb k\u00ebrkoni nj\u00eb llogari t\u00eb zbulimeve t\u00eb t\u00eb dh\u00ebnave tuaja personale, dhe t\u00eb drejt\u00ebn p\u00ebr t\u00eb marr\u00eb nj\u00eb kopje letre t\u00eb k\u00ebtij njoftimi me k\u00ebrkes\u00eb t\u00eb shkruar.<\/p>   <p id=\"block-040fd872-a10c-401e-9d23-e9925f35b59a\">Ju mund t\u00eb ushtroni t\u00eb drejt\u00ebn tuaj p\u00ebr t\u00eb kund\u00ebrshtuar kontaktin e m\u00ebtejsh\u00ebm duke na njoftuar n\u00eb \u00e7do koh\u00eb gjat\u00eb telefonat\u00ebs, duke p\u00ebrdorur &#8220;lidhjen p\u00ebr \u00e7regjistrim&#8221; t\u00eb p\u00ebrfshir\u00eb n\u00eb emailin ton\u00eb, ose duke na kontaktuar n\u00eb&nbsp;<a href=\"mailto:privacy@sonova.com\">privacy@sonova.com<\/a>. Pas verifikimit, t\u00eb dh\u00ebnat personale q\u00eb keni dh\u00ebn\u00eb do t\u00eb fshihen nga listat e kontakteve t\u00eb p\u00ebrdorura nga filialet e Sonova-s dhe pal\u00ebt e treta.<\/p>   <p id=\"block-e17f8407-1be6-4178-b813-3435b39b5d41\">Ju lutemi vini re se ushtrimi i k\u00ebtyre t\u00eb drejtave i n\u00ebnshtrohet kufizimeve t\u00eb parashikuara nga ligji i zbatuesh\u00ebm.<\/p>   <p id=\"block-94f85d78-fad6-479b-8e63-5dc84d7183e2\">N\u00ebse konsideroni se p\u00ebrpunimi i t\u00eb dh\u00ebnave tuaja personale shkel ligjin e zbatuesh\u00ebm, at\u00ebher\u00eb mund t\u00eb paraqisni nj\u00eb ankes\u00eb edhe tek autoriteti mbik\u00ebqyr\u00ebs lokal ose rregullatori kompetent.&nbsp;<\/p>   <p id=\"block-6e3d22c7-d924-4d86-a9d5-248990bfa7da\"><strong>7. SI T\u00cb NA KONTAKTONI<\/strong><\/p>   <p id=\"block-0199cf36-d52c-4ccd-bd03-5b4ad64ab128\">N\u00eb rast pyetjesh n\u00eb lidhje me k\u00ebt\u00eb Njoftim Privat\u00ebsie, ose p\u00ebrpunimin e t\u00eb Dh\u00ebnave tuaja Personale, ju lutemi kontaktoni Ekipin ton\u00eb t\u00eb Privat\u00ebsis\u00eb s\u00eb t\u00eb Dh\u00ebnave n\u00eb <a href=\"mailto:privacy@sonova.com\">privacy@sonova.com<\/a>\u00a0ose +41 58 928 01 01.<br><br>P\u00ebrdit\u00ebsuar s\u00eb fundmi: Prill 2022<\/p> ","protected":false},"excerpt":{"rendered":"<p>P\u00ebrdit\u00ebsuar s\u00eb fundmi: Prill 2022 Ky Njoftim p\u00ebr Privat\u00ebsin\u00eb p\u00ebrshkruan se si t\u00eb dh\u00ebnat tuaja personale, duke p\u00ebrfshir\u00eb t\u00eb dh\u00ebnat&#8230;<\/p>\n","protected":false},"author":4,"featured_media":335,"parent":0,"menu_order":0,"comment_status":"closed","ping_status":"closed","template":"","meta":{"_acf_changed":false,"inline_featured_image":false,"footnotes":""},"class_list":["post-334","page","type-page","status-publish","has-post-thumbnail","hentry"],"acf":[],"yoast_head":"<!-- This site is optimized with the Yoast SEO plugin v26.9 - https:\/\/yoast.com\/product\/yoast-seo-wordpress\/ -->\n<title>Njoftimi p\u00ebr Privat\u00ebsin\u00eb - Phonak - Shqip\u00ebria<\/title>\n<meta name=\"robots\" content=\"index, follow, max-snippet:-1, max-image-preview:large, max-video-preview:-1\" \/>\n<link rel=\"canonical\" href=\"https:\/\/intl.phonak.com\/main-english\/privacy-notice\/\" \/>\n<meta property=\"og:locale\" content=\"sq_AL\" \/>\n<meta property=\"og:type\" content=\"article\" \/>\n<meta property=\"og:title\" content=\"Njoftimi p\u00ebr Privat\u00ebsin\u00eb - Phonak - Shqip\u00ebria\" \/>\n<meta property=\"og:description\" content=\"P\u00ebrdit\u00ebsuar s\u00eb fundmi: Prill 2022 Ky Njoftim p\u00ebr Privat\u00ebsin\u00eb p\u00ebrshkruan se si t\u00eb dh\u00ebnat tuaja personale, duke p\u00ebrfshir\u00eb t\u00eb dh\u00ebnat...\" \/>\n<meta property=\"og:url\" content=\"https:\/\/intl.phonak.com\/sq-al\/njoftimi-i-privatesise\/\" \/>\n<meta property=\"og:site_name\" content=\"Phonak - Shqip\u00ebria\" \/>\n<meta property=\"article:modified_time\" content=\"2025-09-17T14:57:27+00:00\" \/>\n<meta property=\"og:image\" content=\"https:\/\/intl.phonak.com\/sq-al\/wp-content\/uploads\/sites\/75\/2025\/07\/PH_Packshot_Audeo-I-Sphere-xReceiver_050-1029-P7_740cb7.png\" \/>\n\t<meta property=\"og:image:width\" content=\"600\" \/>\n\t<meta property=\"og:image:height\" content=\"600\" \/>\n\t<meta property=\"og:image:type\" content=\"image\/png\" \/>\n<meta name=\"twitter:card\" content=\"summary_large_image\" \/>\n<meta name=\"twitter:label1\" content=\"Est. reading time\" \/>\n\t<meta name=\"twitter:data1\" content=\"6 minutes\" \/>\n<script type=\"application\/ld+json\" class=\"yoast-schema-graph\">{\"@context\":\"https:\/\/schema.org\",\"@graph\":[{\"@type\":\"WebPage\",\"@id\":\"https:\/\/intl.phonak.com\/sq-al\/njoftimi-i-privatesise\/\",\"url\":\"https:\/\/intl.phonak.com\/sq-al\/njoftimi-i-privatesise\/\",\"name\":\"Njoftimi p\u00ebr Privat\u00ebsin\u00eb - Phonak - Shqip\u00ebria\",\"isPartOf\":{\"@id\":\"https:\/\/intl.phonak.com\/sq-al\/#website\"},\"primaryImageOfPage\":{\"@id\":\"https:\/\/intl.phonak.com\/sq-al\/njoftimi-i-privatesise\/#primaryimage\"},\"image\":{\"@id\":\"https:\/\/intl.phonak.com\/sq-al\/njoftimi-i-privatesise\/#primaryimage\"},\"thumbnailUrl\":\"https:\/\/intl.phonak.com\/sq-al\/wp-content\/uploads\/sites\/75\/2025\/07\/PH_Packshot_Audeo-I-Sphere-xReceiver_050-1029-P7_740cb7.png\",\"datePublished\":\"2022-12-16T15:10:22+00:00\",\"dateModified\":\"2025-09-17T14:57:27+00:00\",\"breadcrumb\":{\"@id\":\"https:\/\/intl.phonak.com\/sq-al\/njoftimi-i-privatesise\/#breadcrumb\"},\"inLanguage\":\"sq-AL\",\"potentialAction\":[{\"@type\":\"ReadAction\",\"target\":[\"https:\/\/intl.phonak.com\/sq-al\/njoftimi-i-privatesise\/\"]}]},{\"@type\":\"ImageObject\",\"inLanguage\":\"sq-AL\",\"@id\":\"https:\/\/intl.phonak.com\/sq-al\/njoftimi-i-privatesise\/#primaryimage\",\"url\":\"https:\/\/intl.phonak.com\/sq-al\/wp-content\/uploads\/sites\/75\/2025\/07\/PH_Packshot_Audeo-I-Sphere-xReceiver_050-1029-P7_740cb7.png\",\"contentUrl\":\"https:\/\/intl.phonak.com\/sq-al\/wp-content\/uploads\/sites\/75\/2025\/07\/PH_Packshot_Audeo-I-Sphere-xReceiver_050-1029-P7_740cb7.png\",\"width\":600,\"height\":600,\"caption\":\"Phonak Aud\u00e9o Sphere Infinio\"},{\"@type\":\"BreadcrumbList\",\"@id\":\"https:\/\/intl.phonak.com\/sq-al\/njoftimi-i-privatesise\/#breadcrumb\",\"itemListElement\":[{\"@type\":\"ListItem\",\"position\":1,\"name\":\"Home\",\"item\":\"https:\/\/intl.phonak.com\/sq-al\/\"},{\"@type\":\"ListItem\",\"position\":2,\"name\":\"Njoftimi i privatesise\"}]},{\"@type\":\"WebSite\",\"@id\":\"https:\/\/intl.phonak.com\/sq-al\/#website\",\"url\":\"https:\/\/intl.phonak.com\/sq-al\/\",\"name\":\"Phonak - Shqip\u00ebria\",\"description\":\"T\u00eb p\u00ebrkushtuar p\u00ebr t\u00eb ndryshuar jet\u00eb\",\"publisher\":{\"@id\":\"https:\/\/intl.phonak.com\/sq-al\/#organization\"},\"potentialAction\":[{\"@type\":\"SearchAction\",\"target\":{\"@type\":\"EntryPoint\",\"urlTemplate\":\"https:\/\/intl.phonak.com\/sq-al\/?s={search_term_string}\"},\"query-input\":{\"@type\":\"PropertyValueSpecification\",\"valueRequired\":true,\"valueName\":\"search_term_string\"}}],\"inLanguage\":\"sq-AL\"},{\"@type\":\"Organization\",\"@id\":\"https:\/\/intl.phonak.com\/sq-al\/#organization\",\"name\":\"Phonak - Shqip\u00ebria\",\"url\":\"https:\/\/intl.phonak.com\/sq-al\/\",\"logo\":{\"@type\":\"ImageObject\",\"inLanguage\":\"sq-AL\",\"@id\":\"https:\/\/intl.phonak.com\/sq-al\/#\/schema\/logo\/image\/\",\"url\":\"https:\/\/intl.phonak.com\/sq-al\/wp-content\/uploads\/sites\/75\/2025\/07\/logo-phonak.svg\",\"contentUrl\":\"https:\/\/intl.phonak.com\/sq-al\/wp-content\/uploads\/sites\/75\/2025\/07\/logo-phonak.svg\",\"caption\":\"Phonak -  Shqip\u00ebria\"},\"image\":{\"@id\":\"https:\/\/intl.phonak.com\/sq-al\/#\/schema\/logo\/image\/\"}}]}<\/script>\n<!-- \/ Yoast SEO plugin. -->","yoast_head_json":{"title":"Njoftimi p\u00ebr Privat\u00ebsin\u00eb - Phonak - Shqip\u00ebria","robots":{"index":"index","follow":"follow","max-snippet":"max-snippet:-1","max-image-preview":"max-image-preview:large","max-video-preview":"max-video-preview:-1"},"canonical":"https:\/\/intl.phonak.com\/main-english\/privacy-notice\/","og_locale":"sq_AL","og_type":"article","og_title":"Njoftimi p\u00ebr Privat\u00ebsin\u00eb - Phonak - Shqip\u00ebria","og_description":"P\u00ebrdit\u00ebsuar s\u00eb fundmi: Prill 2022 Ky Njoftim p\u00ebr Privat\u00ebsin\u00eb p\u00ebrshkruan se si t\u00eb dh\u00ebnat tuaja personale, duke p\u00ebrfshir\u00eb t\u00eb dh\u00ebnat...","og_url":"https:\/\/intl.phonak.com\/sq-al\/njoftimi-i-privatesise\/","og_site_name":"Phonak - Shqip\u00ebria","article_modified_time":"2025-09-17T14:57:27+00:00","og_image":[{"width":600,"height":600,"url":"https:\/\/intl.phonak.com\/sq-al\/wp-content\/uploads\/sites\/75\/2025\/07\/PH_Packshot_Audeo-I-Sphere-xReceiver_050-1029-P7_740cb7.png","type":"image\/png"}],"twitter_card":"summary_large_image","twitter_misc":{"Est. reading time":"6 minutes"},"schema":{"@context":"https:\/\/schema.org","@graph":[{"@type":"WebPage","@id":"https:\/\/intl.phonak.com\/sq-al\/njoftimi-i-privatesise\/","url":"https:\/\/intl.phonak.com\/sq-al\/njoftimi-i-privatesise\/","name":"Njoftimi p\u00ebr Privat\u00ebsin\u00eb - Phonak - Shqip\u00ebria","isPartOf":{"@id":"https:\/\/intl.phonak.com\/sq-al\/#website"},"primaryImageOfPage":{"@id":"https:\/\/intl.phonak.com\/sq-al\/njoftimi-i-privatesise\/#primaryimage"},"image":{"@id":"https:\/\/intl.phonak.com\/sq-al\/njoftimi-i-privatesise\/#primaryimage"},"thumbnailUrl":"https:\/\/intl.phonak.com\/sq-al\/wp-content\/uploads\/sites\/75\/2025\/07\/PH_Packshot_Audeo-I-Sphere-xReceiver_050-1029-P7_740cb7.png","datePublished":"2022-12-16T15:10:22+00:00","dateModified":"2025-09-17T14:57:27+00:00","breadcrumb":{"@id":"https:\/\/intl.phonak.com\/sq-al\/njoftimi-i-privatesise\/#breadcrumb"},"inLanguage":"sq-AL","potentialAction":[{"@type":"ReadAction","target":["https:\/\/intl.phonak.com\/sq-al\/njoftimi-i-privatesise\/"]}]},{"@type":"ImageObject","inLanguage":"sq-AL","@id":"https:\/\/intl.phonak.com\/sq-al\/njoftimi-i-privatesise\/#primaryimage","url":"https:\/\/intl.phonak.com\/sq-al\/wp-content\/uploads\/sites\/75\/2025\/07\/PH_Packshot_Audeo-I-Sphere-xReceiver_050-1029-P7_740cb7.png","contentUrl":"https:\/\/intl.phonak.com\/sq-al\/wp-content\/uploads\/sites\/75\/2025\/07\/PH_Packshot_Audeo-I-Sphere-xReceiver_050-1029-P7_740cb7.png","width":600,"height":600,"caption":"Phonak Aud\u00e9o Sphere Infinio"},{"@type":"BreadcrumbList","@id":"https:\/\/intl.phonak.com\/sq-al\/njoftimi-i-privatesise\/#breadcrumb","itemListElement":[{"@type":"ListItem","position":1,"name":"Home","item":"https:\/\/intl.phonak.com\/sq-al\/"},{"@type":"ListItem","position":2,"name":"Njoftimi i privatesise"}]},{"@type":"WebSite","@id":"https:\/\/intl.phonak.com\/sq-al\/#website","url":"https:\/\/intl.phonak.com\/sq-al\/","name":"Phonak - Shqip\u00ebria","description":"T\u00eb p\u00ebrkushtuar p\u00ebr t\u00eb ndryshuar jet\u00eb","publisher":{"@id":"https:\/\/intl.phonak.com\/sq-al\/#organization"},"potentialAction":[{"@type":"SearchAction","target":{"@type":"EntryPoint","urlTemplate":"https:\/\/intl.phonak.com\/sq-al\/?s={search_term_string}"},"query-input":{"@type":"PropertyValueSpecification","valueRequired":true,"valueName":"search_term_string"}}],"inLanguage":"sq-AL"},{"@type":"Organization","@id":"https:\/\/intl.phonak.com\/sq-al\/#organization","name":"Phonak - Shqip\u00ebria","url":"https:\/\/intl.phonak.com\/sq-al\/","logo":{"@type":"ImageObject","inLanguage":"sq-AL","@id":"https:\/\/intl.phonak.com\/sq-al\/#\/schema\/logo\/image\/","url":"https:\/\/intl.phonak.com\/sq-al\/wp-content\/uploads\/sites\/75\/2025\/07\/logo-phonak.svg","contentUrl":"https:\/\/intl.phonak.com\/sq-al\/wp-content\/uploads\/sites\/75\/2025\/07\/logo-phonak.svg","caption":"Phonak -  Shqip\u00ebria"},"image":{"@id":"https:\/\/intl.phonak.com\/sq-al\/#\/schema\/logo\/image\/"}}]}},"jetpack_sharing_enabled":true,"distributor_meta":false,"distributor_terms":false,"distributor_media":false,"distributor_original_site_name":"Phonak -  Shqip\u00ebria","distributor_original_site_url":"https:\/\/intl.phonak.com\/sq-al","push-errors":false,"_links":{"self":[{"href":"https:\/\/intl.phonak.com\/sq-al\/wp-json\/wp\/v2\/pages\/334","targetHints":{"allow":["GET"]}}],"collection":[{"href":"https:\/\/intl.phonak.com\/sq-al\/wp-json\/wp\/v2\/pages"}],"about":[{"href":"https:\/\/intl.phonak.com\/sq-al\/wp-json\/wp\/v2\/types\/page"}],"author":[{"embeddable":true,"href":"https:\/\/intl.phonak.com\/sq-al\/wp-json\/wp\/v2\/users\/4"}],"replies":[{"embeddable":true,"href":"https:\/\/intl.phonak.com\/sq-al\/wp-json\/wp\/v2\/comments?post=334"}],"version-history":[{"count":3,"href":"https:\/\/intl.phonak.com\/sq-al\/wp-json\/wp\/v2\/pages\/334\/revisions"}],"predecessor-version":[{"id":682,"href":"https:\/\/intl.phonak.com\/sq-al\/wp-json\/wp\/v2\/pages\/334\/revisions\/682"}],"wp:featuredmedia":[{"embeddable":true,"href":"https:\/\/intl.phonak.com\/sq-al\/wp-json\/wp\/v2\/media\/335"}],"wp:attachment":[{"href":"https:\/\/intl.phonak.com\/sq-al\/wp-json\/wp\/v2\/media?parent=334"}],"curies":[{"name":"wp","href":"https:\/\/api.w.org\/{rel}","templated":true}]}}