{"id":331,"date":"2022-12-16T15:11:36","date_gmt":"2022-12-16T15:11:36","guid":{"rendered":"https:\/\/intl.phonak.com\/sq-al\/cookie-privacy-notice\/"},"modified":"2025-09-17T14:55:40","modified_gmt":"2025-09-17T14:55:40","slug":"njoftimi-i-privatesise-per-cookies","status":"publish","type":"page","link":"https:\/\/intl.phonak.com\/sq-al\/njoftimi-i-privatesise-per-cookies\/","title":{"rendered":"Njoftimi p\u00ebr Privat\u00ebsin\u00eb e Biskotave"},"content":{"rendered":"\n<div class=\"wp-block-group is-style-align-small is-layout-flow wp-block-group-is-layout-flow\">\n<p>E vlefshme nga: Janar 2025<\/p>   <p><strong>A. \u00c7FAR\u00cb JAN\u00cb COOKIES DHE MJETET E TJERA T\u00cb GJURMIMIT?<\/strong><\/p>   <p>Cookies jan\u00eb skedar\u00eb t\u00eb vegj\u00ebl t\u00eb ruajtur nga shumica e shfletuesve t\u00eb internetit p\u00ebr t\u00eb ndjekur informacionin e vizitor\u00ebve dhe p\u00ebr t\u00eb mund\u00ebsuar q\u00eb Sonova ta b\u00ebj\u00eb ofert\u00ebn e saj n\u00eb internet m\u00eb t\u00eb r\u00ebnd\u00ebsishme p\u00ebr ju. Gjat\u00eb vizit\u00ebs tuaj n\u00eb faqen ton\u00eb t\u00eb internetit, Sonova p\u00ebrdor kat\u00ebr lloje t\u00eb cookies. Periudha e ruajtjes s\u00eb tyre varet nga secili vend dhe ligji p\u00ebrkat\u00ebs i zbatuesh\u00ebm.<\/p>   <p><strong>A.2 \u00c7FAR\u00cb COOKIES P\u00cbRDORIM DHE PSE?<\/strong><\/p>  <div class=\"wp-list-block\"> <ul class=\"wp-block-list\">\n<li> Cookies t\u00eb domosdoshme: k\u00ebto cookies jan\u00eb t\u00eb nevojshme p\u00ebr ne q\u00eb t&#8217;ju ofrojm\u00eb funksionalitetet baz\u00eb t\u00eb faqes son\u00eb t\u00eb internetit dhe nuk mund t\u00eb fiket n\u00eb sistemet tona.<\/li>   <li>Cookies t\u00eb performanc\u00ebs dhe analitike: k\u00ebto cookies na lejojn\u00eb t\u00eb num\u00ebrojm\u00eb vizitat dhe burimet e trafikut p\u00ebr t\u00eb matur dhe p\u00ebrmir\u00ebsuar performanc\u00ebn e faqes son\u00eb t\u00eb internetit.<\/li>   <li>Cookies funksionale: k\u00ebto cookies p\u00ebrdoren p\u00ebr t\u00eb ofruar funksionalitet t\u00eb p\u00ebrmir\u00ebsuar dhe personalizim gjat\u00eb vizit\u00ebs tuaj.<\/li>   <li>Cookies t\u00eb synimit ose reklamimit: k\u00ebto cookies mund t\u00eb vendosen p\u00ebrmes faqes son\u00eb t\u00eb internetit nga partner\u00ebt tan\u00eb t\u00eb reklamimit p\u00ebr t\u00eb nd\u00ebrtuar nj\u00eb profil t\u00eb interesave tuaja dhe p\u00ebr t&#8217;ju propozuar reklama t\u00eb r\u00ebnd\u00ebsishme.<\/li>\n<\/ul> <\/div>  <p>Disa nga biskotat e p\u00ebrdorura nga faqet tona t\u00eb internetit vendosen nga ne, dhe disa vendosen nga pal\u00eb t\u00eb treta n\u00eb em\u00ebr t\u00eb Sonova. Ju lutemi gjeni m\u00eb posht\u00eb nj\u00eb list\u00eb t\u00eb t\u00eb gjitha cookies dhe mjeteve t\u00eb tjera gjurmimi t\u00eb p\u00ebrdorura nga kjo faqe interneti:<\/p>   \n<figure class=\"wp-block-table has-legal-font-size\"><table><tbody><tr><td><strong>Mikprit\u00ebs<\/strong><\/td><td class=\"has-text-align-left\" data-align=\"left\"><strong>Cookies ose mjete t\u00eb tjera gjurmimi<\/strong><\/td><td><strong>Kategori<\/strong><\/td><td><strong>Jet\u00ebgjat\u00ebsi<\/strong><\/td><td><strong>Biskota e tret\u00eb ose e vet\u00eb<\/strong><\/td><\/tr><tr><td>intl.phonak.com<\/td><td class=\"has-text-align-left\" data-align=\"left\">wordpressuser_XXXXXXXXXXXXXXXXXXXXXXXXXXXXX, OptanonConsent, wordpress_test_cookie, wordpress_XXXXXXXXXXXXXXXXXXXXXXXXXXXX, wordpress_logged_in_XXXXXXXXXXXXXXXXXXXXXXXXXXX, jetpack_sso_original_request, wp-postpass_XXXXXXXXXXXXXXXXXXXXXXXXXXXX, wp-settings-, wordpress_sec_, jetpack_sso_redirect_to, wordpresspass_XXXXXXXXXXXXXXXXXXXXXXXXXXXX, OptanonAlertBoxClosed, wp-settings-time-X<\/td><td><\/td><td><\/td><td><\/td><\/tr><tr><td>phonak.com<\/td><td class=\"has-text-align-left\" data-align=\"left\">_ga_xxxxxxxxxx, _ga<\/td><td>Cookies t\u00eb Performanc\u00ebs<\/td><td>1 vit<\/td><td>Pala e Par\u00eb<\/td><\/tr><\/tbody><\/table><\/figure>   <p><br><strong>A.3 SI T\u00cb MENAXHONI COOKIES?<\/strong><\/p>   <p>\u00c7do lloj biskote pasqyron nj\u00eb q\u00ebllim specifik, n\u00eb faqen ton\u00eb t\u00eb internetit mund t\u00eb jepni leht\u00ebsisht p\u00eblqimin specifik p\u00ebr \u00e7do q\u00ebllim. Duke pranuar t\u00eb gjitha kukit, do t\u00eb keni nj\u00eb p\u00ebrvoj\u00eb t\u00eb personalizuar t\u00ebr\u00ebsisht n\u00eb web. Ne ju lejojm\u00eb t\u00eb zgjidhni cilat lloje t\u00eb cookies pranoni ose bllokoni, por kjo mund t\u00eb ndikoj\u00eb n\u00eb p\u00ebrvoj\u00ebn tuaj n\u00eb faqen e internetit dhe sh\u00ebrbimet q\u00eb ofrojm\u00eb. Megjithat\u00eb, ju mund t\u00eb p\u00ebrdorni sh\u00ebrbimin edhe n\u00eb rast t\u00eb refuzimit p\u00ebr t\u00eb pranuar disa cookies, p\u00ebrve\u00e7 cookies q\u00eb jan\u00eb rrept\u00ebsisht t\u00eb nevojshme.<br><br>P\u00ebr t\u00eb t\u00ebrhequr ose modifikuar p\u00eblqimin tuaj klikoni k\u00ebtu.<\/p>   <p>N\u00ebse nuk jeni t\u00eb interesuar p\u00ebr avantazhet e Cookies tona, funksioni &#8220;Ndihm\u00eb&#8221; i shfletuesit tuaj mund t\u00eb ofroj\u00eb udh\u00ebzime se si t\u00eb parandaloni Cookies ose t\u00eb fshini Cookies ekzistuese. Gjithashtu, mund t\u00eb m\u00ebsoni si t\u00eb bllokoni t\u00eb gjitha Cookies t\u00eb reja n\u00eb shfletuesin tuaj dhe cilat hapa konfigurimi jan\u00eb t\u00eb nevojsh\u00ebm p\u00ebr t\u00eb marr\u00eb nj\u00eb njoftim p\u00ebr Cookies t\u00eb reja.<br><br>N\u00eb \u00e7do rast, zgjedhja juaj (p\u00eblqimi\/refuzimi) do t\u00eb ruhet p\u00ebr nj\u00eb periudh\u00eb prej 6 muajsh. <br><br>Informacion shum\u00eb i dobish\u00ebm mbi Cookies n\u00eb p\u00ebrgjith\u00ebsi mund t\u00eb aksesohet n\u00eb k\u00ebto faqe interneti: <a href=\"http:\/\/www.allaboutcookies.org\/\" target=\"_blank\" rel=\"noreferrer noopener\">http:\/\/www.allaboutcookies.org\/<\/a> or <a href=\"https:\/\/cookiepedia.co.uk\" target=\"_blank\" rel=\"noreferrer noopener\">https:\/\/cookiepedia.co.uk<\/a><\/p>   <p><strong>A.4 SI T\u00cb NA KONTAKTONI?<\/strong><\/p>   <p>P\u00ebr \u00e7do pyetje, koment ose shqet\u00ebsim n\u00eb lidhje me k\u00ebt\u00eb Politik\u00eb, ose p\u00ebr t\u00eb ushtruar t\u00eb drejtat tuaja t\u00eb privat\u00ebsis\u00eb t\u00eb lejuara nga ligji i zbatuesh\u00ebm n\u00eb lidhje me t\u00eb Dh\u00ebnat Personale, ju lutemi kontaktoni Oficerin ton\u00eb t\u00eb Mbrojtjes s\u00eb t\u00eb Dh\u00ebnave n\u00eb adres\u00ebn e m\u00ebposhtme t\u00eb e-mailit: <a href=\"mailto:privacy@sonova.com\">privacy@sonova.com<\/a>.<br>P\u00ebr informacion t\u00eb m\u00ebtejsh\u00ebm ju lutemi konsultohuni me <a href=\"https:\/\/intl.phonak.com\/sq-al\/web-privacy-cookie-policy\/\">politika e uebit dhe e cookies<\/a>.<\/p>   <p>E vlefshme nga: Janar 2025<\/p>\n<\/div> ","protected":false},"excerpt":{"rendered":"<p>E vlefshme nga: Janar 2025 A. \u00c7FAR\u00cb JAN\u00cb COOKIES DHE MJETET E TJERA T\u00cb GJURMIMIT? Cookies jan\u00eb skedar\u00eb t\u00eb vegj\u00ebl&#8230;<\/p>\n","protected":false},"author":4,"featured_media":332,"parent":0,"menu_order":0,"comment_status":"closed","ping_status":"closed","template":"","meta":{"_acf_changed":false,"inline_featured_image":false,"footnotes":""},"class_list":["post-331","page","type-page","status-publish","has-post-thumbnail","hentry"],"acf":[],"yoast_head":"<!-- This site is optimized with the Yoast SEO plugin v26.9 - https:\/\/yoast.com\/product\/yoast-seo-wordpress\/ -->\n<title>Njoftimi p\u00ebr Privat\u00ebsin\u00eb e Biskotave - Phonak - Shqip\u00ebria<\/title>\n<meta name=\"robots\" content=\"index, follow, max-snippet:-1, max-image-preview:large, max-video-preview:-1\" \/>\n<link rel=\"canonical\" href=\"https:\/\/intl.phonak.com\/main-english\/cookie-privacy-notice\/\" \/>\n<meta property=\"og:locale\" content=\"sq_AL\" \/>\n<meta property=\"og:type\" content=\"article\" \/>\n<meta property=\"og:title\" content=\"Njoftimi p\u00ebr Privat\u00ebsin\u00eb e Biskotave - Phonak - Shqip\u00ebria\" \/>\n<meta property=\"og:description\" content=\"E vlefshme nga: Janar 2025 A. \u00c7FAR\u00cb JAN\u00cb COOKIES DHE MJETET E TJERA T\u00cb GJURMIMIT? Cookies jan\u00eb skedar\u00eb t\u00eb vegj\u00ebl...\" \/>\n<meta property=\"og:url\" content=\"https:\/\/intl.phonak.com\/sq-al\/njoftimi-i-privatesise-per-cookies\/\" \/>\n<meta property=\"og:site_name\" content=\"Phonak - Shqip\u00ebria\" \/>\n<meta property=\"article:modified_time\" content=\"2025-09-17T14:55:40+00:00\" \/>\n<meta property=\"og:image\" content=\"https:\/\/intl.phonak.com\/sq-al\/wp-content\/uploads\/sites\/75\/2025\/07\/PH_Packshot_Audeo-I-Sphere-xReceiver_050-1029-P7_9d07f6.png\" \/>\n\t<meta property=\"og:image:width\" content=\"600\" \/>\n\t<meta property=\"og:image:height\" content=\"600\" \/>\n\t<meta property=\"og:image:type\" content=\"image\/png\" \/>\n<meta name=\"twitter:card\" content=\"summary_large_image\" \/>\n<meta name=\"twitter:label1\" content=\"Est. reading time\" \/>\n\t<meta name=\"twitter:data1\" content=\"3 minutes\" \/>\n<script type=\"application\/ld+json\" class=\"yoast-schema-graph\">{\"@context\":\"https:\/\/schema.org\",\"@graph\":[{\"@type\":\"WebPage\",\"@id\":\"https:\/\/intl.phonak.com\/sq-al\/njoftimi-i-privatesise-per-cookies\/\",\"url\":\"https:\/\/intl.phonak.com\/sq-al\/njoftimi-i-privatesise-per-cookies\/\",\"name\":\"Njoftimi p\u00ebr Privat\u00ebsin\u00eb e Biskotave - Phonak - Shqip\u00ebria\",\"isPartOf\":{\"@id\":\"https:\/\/intl.phonak.com\/sq-al\/#website\"},\"primaryImageOfPage\":{\"@id\":\"https:\/\/intl.phonak.com\/sq-al\/njoftimi-i-privatesise-per-cookies\/#primaryimage\"},\"image\":{\"@id\":\"https:\/\/intl.phonak.com\/sq-al\/njoftimi-i-privatesise-per-cookies\/#primaryimage\"},\"thumbnailUrl\":\"https:\/\/intl.phonak.com\/sq-al\/wp-content\/uploads\/sites\/75\/2025\/07\/PH_Packshot_Audeo-I-Sphere-xReceiver_050-1029-P7_9d07f6.png\",\"datePublished\":\"2022-12-16T15:11:36+00:00\",\"dateModified\":\"2025-09-17T14:55:40+00:00\",\"breadcrumb\":{\"@id\":\"https:\/\/intl.phonak.com\/sq-al\/njoftimi-i-privatesise-per-cookies\/#breadcrumb\"},\"inLanguage\":\"sq-AL\",\"potentialAction\":[{\"@type\":\"ReadAction\",\"target\":[\"https:\/\/intl.phonak.com\/sq-al\/njoftimi-i-privatesise-per-cookies\/\"]}]},{\"@type\":\"ImageObject\",\"inLanguage\":\"sq-AL\",\"@id\":\"https:\/\/intl.phonak.com\/sq-al\/njoftimi-i-privatesise-per-cookies\/#primaryimage\",\"url\":\"https:\/\/intl.phonak.com\/sq-al\/wp-content\/uploads\/sites\/75\/2025\/07\/PH_Packshot_Audeo-I-Sphere-xReceiver_050-1029-P7_9d07f6.png\",\"contentUrl\":\"https:\/\/intl.phonak.com\/sq-al\/wp-content\/uploads\/sites\/75\/2025\/07\/PH_Packshot_Audeo-I-Sphere-xReceiver_050-1029-P7_9d07f6.png\",\"width\":600,\"height\":600,\"caption\":\"Phonak Aud\u00e9o Sphere Infinio\"},{\"@type\":\"BreadcrumbList\",\"@id\":\"https:\/\/intl.phonak.com\/sq-al\/njoftimi-i-privatesise-per-cookies\/#breadcrumb\",\"itemListElement\":[{\"@type\":\"ListItem\",\"position\":1,\"name\":\"Home\",\"item\":\"https:\/\/intl.phonak.com\/sq-al\/\"},{\"@type\":\"ListItem\",\"position\":2,\"name\":\"Njoftimi i privatesise per cookies\"}]},{\"@type\":\"WebSite\",\"@id\":\"https:\/\/intl.phonak.com\/sq-al\/#website\",\"url\":\"https:\/\/intl.phonak.com\/sq-al\/\",\"name\":\"Phonak - Shqip\u00ebria\",\"description\":\"T\u00eb p\u00ebrkushtuar p\u00ebr t\u00eb ndryshuar jet\u00eb\",\"publisher\":{\"@id\":\"https:\/\/intl.phonak.com\/sq-al\/#organization\"},\"potentialAction\":[{\"@type\":\"SearchAction\",\"target\":{\"@type\":\"EntryPoint\",\"urlTemplate\":\"https:\/\/intl.phonak.com\/sq-al\/?s={search_term_string}\"},\"query-input\":{\"@type\":\"PropertyValueSpecification\",\"valueRequired\":true,\"valueName\":\"search_term_string\"}}],\"inLanguage\":\"sq-AL\"},{\"@type\":\"Organization\",\"@id\":\"https:\/\/intl.phonak.com\/sq-al\/#organization\",\"name\":\"Phonak - Shqip\u00ebria\",\"url\":\"https:\/\/intl.phonak.com\/sq-al\/\",\"logo\":{\"@type\":\"ImageObject\",\"inLanguage\":\"sq-AL\",\"@id\":\"https:\/\/intl.phonak.com\/sq-al\/#\/schema\/logo\/image\/\",\"url\":\"https:\/\/intl.phonak.com\/sq-al\/wp-content\/uploads\/sites\/75\/2025\/07\/logo-phonak.svg\",\"contentUrl\":\"https:\/\/intl.phonak.com\/sq-al\/wp-content\/uploads\/sites\/75\/2025\/07\/logo-phonak.svg\",\"caption\":\"Phonak -  Shqip\u00ebria\"},\"image\":{\"@id\":\"https:\/\/intl.phonak.com\/sq-al\/#\/schema\/logo\/image\/\"}}]}<\/script>\n<!-- \/ Yoast SEO plugin. -->","yoast_head_json":{"title":"Njoftimi p\u00ebr Privat\u00ebsin\u00eb e Biskotave - Phonak - Shqip\u00ebria","robots":{"index":"index","follow":"follow","max-snippet":"max-snippet:-1","max-image-preview":"max-image-preview:large","max-video-preview":"max-video-preview:-1"},"canonical":"https:\/\/intl.phonak.com\/main-english\/cookie-privacy-notice\/","og_locale":"sq_AL","og_type":"article","og_title":"Njoftimi p\u00ebr Privat\u00ebsin\u00eb e Biskotave - Phonak - Shqip\u00ebria","og_description":"E vlefshme nga: Janar 2025 A. \u00c7FAR\u00cb JAN\u00cb COOKIES DHE MJETET E TJERA T\u00cb GJURMIMIT? Cookies jan\u00eb skedar\u00eb t\u00eb vegj\u00ebl...","og_url":"https:\/\/intl.phonak.com\/sq-al\/njoftimi-i-privatesise-per-cookies\/","og_site_name":"Phonak - Shqip\u00ebria","article_modified_time":"2025-09-17T14:55:40+00:00","og_image":[{"width":600,"height":600,"url":"https:\/\/intl.phonak.com\/sq-al\/wp-content\/uploads\/sites\/75\/2025\/07\/PH_Packshot_Audeo-I-Sphere-xReceiver_050-1029-P7_9d07f6.png","type":"image\/png"}],"twitter_card":"summary_large_image","twitter_misc":{"Est. reading time":"3 minutes"},"schema":{"@context":"https:\/\/schema.org","@graph":[{"@type":"WebPage","@id":"https:\/\/intl.phonak.com\/sq-al\/njoftimi-i-privatesise-per-cookies\/","url":"https:\/\/intl.phonak.com\/sq-al\/njoftimi-i-privatesise-per-cookies\/","name":"Njoftimi p\u00ebr Privat\u00ebsin\u00eb e Biskotave - Phonak - Shqip\u00ebria","isPartOf":{"@id":"https:\/\/intl.phonak.com\/sq-al\/#website"},"primaryImageOfPage":{"@id":"https:\/\/intl.phonak.com\/sq-al\/njoftimi-i-privatesise-per-cookies\/#primaryimage"},"image":{"@id":"https:\/\/intl.phonak.com\/sq-al\/njoftimi-i-privatesise-per-cookies\/#primaryimage"},"thumbnailUrl":"https:\/\/intl.phonak.com\/sq-al\/wp-content\/uploads\/sites\/75\/2025\/07\/PH_Packshot_Audeo-I-Sphere-xReceiver_050-1029-P7_9d07f6.png","datePublished":"2022-12-16T15:11:36+00:00","dateModified":"2025-09-17T14:55:40+00:00","breadcrumb":{"@id":"https:\/\/intl.phonak.com\/sq-al\/njoftimi-i-privatesise-per-cookies\/#breadcrumb"},"inLanguage":"sq-AL","potentialAction":[{"@type":"ReadAction","target":["https:\/\/intl.phonak.com\/sq-al\/njoftimi-i-privatesise-per-cookies\/"]}]},{"@type":"ImageObject","inLanguage":"sq-AL","@id":"https:\/\/intl.phonak.com\/sq-al\/njoftimi-i-privatesise-per-cookies\/#primaryimage","url":"https:\/\/intl.phonak.com\/sq-al\/wp-content\/uploads\/sites\/75\/2025\/07\/PH_Packshot_Audeo-I-Sphere-xReceiver_050-1029-P7_9d07f6.png","contentUrl":"https:\/\/intl.phonak.com\/sq-al\/wp-content\/uploads\/sites\/75\/2025\/07\/PH_Packshot_Audeo-I-Sphere-xReceiver_050-1029-P7_9d07f6.png","width":600,"height":600,"caption":"Phonak Aud\u00e9o Sphere Infinio"},{"@type":"BreadcrumbList","@id":"https:\/\/intl.phonak.com\/sq-al\/njoftimi-i-privatesise-per-cookies\/#breadcrumb","itemListElement":[{"@type":"ListItem","position":1,"name":"Home","item":"https:\/\/intl.phonak.com\/sq-al\/"},{"@type":"ListItem","position":2,"name":"Njoftimi i privatesise per cookies"}]},{"@type":"WebSite","@id":"https:\/\/intl.phonak.com\/sq-al\/#website","url":"https:\/\/intl.phonak.com\/sq-al\/","name":"Phonak - Shqip\u00ebria","description":"T\u00eb p\u00ebrkushtuar p\u00ebr t\u00eb ndryshuar jet\u00eb","publisher":{"@id":"https:\/\/intl.phonak.com\/sq-al\/#organization"},"potentialAction":[{"@type":"SearchAction","target":{"@type":"EntryPoint","urlTemplate":"https:\/\/intl.phonak.com\/sq-al\/?s={search_term_string}"},"query-input":{"@type":"PropertyValueSpecification","valueRequired":true,"valueName":"search_term_string"}}],"inLanguage":"sq-AL"},{"@type":"Organization","@id":"https:\/\/intl.phonak.com\/sq-al\/#organization","name":"Phonak - Shqip\u00ebria","url":"https:\/\/intl.phonak.com\/sq-al\/","logo":{"@type":"ImageObject","inLanguage":"sq-AL","@id":"https:\/\/intl.phonak.com\/sq-al\/#\/schema\/logo\/image\/","url":"https:\/\/intl.phonak.com\/sq-al\/wp-content\/uploads\/sites\/75\/2025\/07\/logo-phonak.svg","contentUrl":"https:\/\/intl.phonak.com\/sq-al\/wp-content\/uploads\/sites\/75\/2025\/07\/logo-phonak.svg","caption":"Phonak -  Shqip\u00ebria"},"image":{"@id":"https:\/\/intl.phonak.com\/sq-al\/#\/schema\/logo\/image\/"}}]}},"jetpack_sharing_enabled":true,"distributor_meta":false,"distributor_terms":false,"distributor_media":false,"distributor_original_site_name":"Phonak -  Shqip\u00ebria","distributor_original_site_url":"https:\/\/intl.phonak.com\/sq-al","push-errors":false,"_links":{"self":[{"href":"https:\/\/intl.phonak.com\/sq-al\/wp-json\/wp\/v2\/pages\/331","targetHints":{"allow":["GET"]}}],"collection":[{"href":"https:\/\/intl.phonak.com\/sq-al\/wp-json\/wp\/v2\/pages"}],"about":[{"href":"https:\/\/intl.phonak.com\/sq-al\/wp-json\/wp\/v2\/types\/page"}],"author":[{"embeddable":true,"href":"https:\/\/intl.phonak.com\/sq-al\/wp-json\/wp\/v2\/users\/4"}],"replies":[{"embeddable":true,"href":"https:\/\/intl.phonak.com\/sq-al\/wp-json\/wp\/v2\/comments?post=331"}],"version-history":[{"count":3,"href":"https:\/\/intl.phonak.com\/sq-al\/wp-json\/wp\/v2\/pages\/331\/revisions"}],"predecessor-version":[{"id":681,"href":"https:\/\/intl.phonak.com\/sq-al\/wp-json\/wp\/v2\/pages\/331\/revisions\/681"}],"wp:featuredmedia":[{"embeddable":true,"href":"https:\/\/intl.phonak.com\/sq-al\/wp-json\/wp\/v2\/media\/332"}],"wp:attachment":[{"href":"https:\/\/intl.phonak.com\/sq-al\/wp-json\/wp\/v2\/media?parent=331"}],"curies":[{"name":"wp","href":"https:\/\/api.w.org\/{rel}","templated":true}]}}