{"id":317,"date":"2021-11-18T15:12:00","date_gmt":"2021-11-18T15:12:00","guid":{"rendered":"https:\/\/intl.phonak.com\/sq-al\/hearing-loss\/"},"modified":"2025-11-10T10:23:15","modified_gmt":"2025-11-10T10:23:15","slug":"humbja-e-degjimit","status":"publish","type":"page","link":"https:\/\/intl.phonak.com\/sq-al\/humbja-e-degjimit\/","title":{"rendered":"Humbja e d\u00ebgjimit"},"content":{"rendered":"\n<div class=\"wp-block-cover alignfull\"><span aria-hidden=\"true\" class=\"wp-block-cover__background has-light-grey-background-color has-background-dim-60 has-background-dim\"><\/span><img decoding=\"async\" class=\"wp-block-cover__image-background wp-image-4769\" alt=\"\" src=\"https:\/\/intl.phonak.com\/sq-al\/wp-content\/uploads\/sites\/3\/2022\/02\/Banner-hearing-loss.jpg\" style=\"object-position:56% 51%\" data-object-fit=\"cover\" data-object-position=\"56% 51%\"\/><div class=\"wp-block-cover__inner-container is-layout-flow wp-block-cover-is-layout-flow\">\n<h1 class=\"wp-block-heading has-text-align-center has-grey-500-color has-text-color\" id=\"signs-of-hearing-loss-1\">Shenjat e humbjes s\u00eb d\u00ebgjimit<\/h1>   \n<p class=\"has-text-align-center has-grey-500-color has-text-color has-lead-font-size\">Si t\u00eb zbuloni humbjen e d\u00ebgjimit<\/p>\n<\/div><\/div>   \n<h2 class=\"wp-block-heading has-text-align-center\" id=\"what-are-the-signs-and-symptoms-of-hearing-loss\">Cilat jan\u00eb shenjat dhe simptomat e humbjes s\u00eb d\u00ebgjimit?<\/h2>   \n<p class=\"has-text-align-center\">Vesh\u00ebt tan\u00eb jan\u00eb gjithmon\u00eb t\u00eb hapur, ashtu si tingujt rreth nesh. Telefonat celular\u00eb q\u00eb bien, njer\u00ebzit q\u00eb bisedojn\u00eb, qent\u00eb q\u00eb lehin, trafiku q\u00eb gum\u00ebzhin, zogjt\u00eb q\u00eb cic\u00ebrojn\u00eb \u2014 ka kaq shum\u00eb q\u00eb po ndodh. Truri yn\u00eb na lejon t\u00eb identifikojm\u00eb dhe interpretojm\u00eb tinguj t\u00eb ndrysh\u00ebm dhe t\u00eb p\u00ebrqendrohemi n\u00eb at\u00eb q\u00eb duam t\u00eb d\u00ebgjojm\u00eb. Mund t\u00eb njoh\u00eb menj\u00ebher\u00eb z\u00ebrin e nj\u00eb t\u00eb dashuri, ose ju lejon t\u00eb lexoni qet\u00ebsisht nj\u00eb lib\u00ebr pa njohur tingujt e sfondit.<\/p>   \n<p class=\"has-text-align-center\">Por ndonj\u00ebher\u00eb, nuk funksionon k\u00ebshtu. Ndonj\u00ebher\u00eb, truri yn\u00eb nuk mund t\u00eb identifikoj\u00eb nj\u00eb tingull sepse vesh\u00ebt tan\u00eb nuk mund ta d\u00ebgjojn\u00eb at\u00eb q\u00eb n\u00eb fillim!<\/p>   \n<p class=\"has-text-align-center\">A jeni t\u00eb vet\u00ebdijsh\u00ebm p\u00ebr tingujt q\u00eb nuk mund t&#8217;i d\u00ebgjoni?<\/p>   \n<div style=\"height:60px\" aria-hidden=\"true\" class=\"wp-block-spacer\"><\/div>   \n<h3 class=\"wp-block-heading has-text-align-center has-blue-color has-text-color\" id=\"signs-of-hearing-loss\">Shenjat e humbjes s\u00eb d\u00ebgjimit<\/h3>   \n<p class=\"has-text-align-center\">Humbja e d\u00ebgjimit nuk do t\u00eb thot\u00eb thjesht q\u00eb dikush ka v\u00ebshtir\u00ebsi n\u00eb d\u00ebgjimin e tingujve t\u00eb but\u00eb. P\u00ebrkundrazi, \u00ebsht\u00eb m\u00eb e zakonshme, ve\u00e7an\u00ebrisht n\u00eb humbjen e d\u00ebgjimit t\u00eb lidhur me mosh\u00ebn, q\u00eb aft\u00ebsia p\u00ebr t\u00eb d\u00ebgjuar tinguj me frekuenc\u00eb t\u00eb lart\u00eb t\u00eb preket e para. P\u00ebr shembull, tingujt e par\u00eb q\u00eb dikush mund t\u00eb mos i d\u00ebgjoj\u00eb aq mir\u00eb jan\u00eb cic\u00ebrimat e zogjve dhe z\u00ebrat e femrave ose f\u00ebmij\u00ebve. Humbja e d\u00ebgjimit gjithashtu zvog\u00eblon aft\u00ebsin\u00eb p\u00ebr t\u00eb d\u00ebgjuar disa bashk\u00ebting\u00ebllore n\u00eb t\u00eb folur, gj\u00eb q\u00eb mund ta b\u00ebj\u00eb t\u00eb v\u00ebshtir\u00eb p\u00ebr personin me humbje d\u00ebgjimi t\u00eb ndjek\u00eb bisedat. N\u00eb var\u00ebsi t\u00eb shkakut dhe llojit t\u00eb humbjes s\u00eb d\u00ebgjimit, \u00ebsht\u00eb gjithashtu e mundur t\u00eb p\u00ebrjetoni v\u00ebshtir\u00ebsi n\u00eb d\u00ebgjimin e frekuencave t\u00eb mesme ose madje t\u00eb ul\u00ebta, ose n\u00eb m\u00ebnyr\u00eb t\u00eb barabart\u00eb n\u00eb t\u00eb gjitha frekuencat. Nj\u00eb tjet\u00ebr shenj\u00eb e humbjes s\u00eb d\u00ebgjimit mund t\u00eb jet\u00eb Tinitusi<\/p>   \n<div style=\"height:64px\" aria-hidden=\"true\" class=\"wp-block-spacer\"><\/div>   \n<h3 class=\"wp-block-heading has-text-align-center has-blue-color has-text-color\" id=\"take-the-first-step-1\">\u00cbsht\u00eb nj\u00eb shenj\u00eb<\/h3>   \n<p class=\"has-text-align-left\"><strong>Pyetjet e m\u00ebposhtme do t&#8217;ju ndihmojn\u00eb t\u00eb kuptoni n\u00ebse shfaqni simptoma t\u00eb humbjes s\u00eb d\u00ebgjimit:<\/strong><\/p>   <div class=\"wp-block-columns is-layout-flex wp-container-core-columns-is-layout-9d6595d7 wp-block-columns-is-layout-flex\">\n<div class=\"wp-block-column is-layout-flow wp-block-column-is-layout-flow\" style=\"flex-basis:66.66%\"><div class=\"wp-list-block\">\n<ul class=\"wp-block-list\">\n<li>A duket se njer\u00ebzit po m\u00ebrm\u00ebrisin?<\/li>   <li>A duhet t\u00eb rrisni volumin n\u00eb TV ose radio?<\/li>   <li>A e gjeni m\u00eb t\u00eb leht\u00eb t\u00eb kuptoni z\u00ebrin e nj\u00eb burri krahasuar me z\u00ebrin e nj\u00eb gruaje apo t\u00eb nj\u00eb f\u00ebmije?<\/li>   <li>A e keni t\u00eb v\u00ebshtir\u00eb t\u00eb d\u00ebgjoni zilen e der\u00ebs apo tingullin e telefonit?<\/li>   <li>Kur jeni n\u00eb nj\u00eb grup ose n\u00eb nj\u00eb restorant t\u00eb mbushur me njer\u00ebz, a \u00ebsht\u00eb e v\u00ebshtir\u00eb p\u00ebr ju t\u00eb ndiqni bised\u00ebn?<\/li>   <li>A keni tendenc\u00eb t\u00eb kufizoni aktivitetet tuaja sociale sepse \u00ebsht\u00eb e v\u00ebshtir\u00eb t\u00eb d\u00ebgjoni dhe komunikoni?<\/li>   <li>A ka p\u00ebrmendur dikush af\u00ebr jush se mund t\u00eb keni nj\u00eb problem me d\u00ebgjimin tuaj?<\/li>\n<\/ul>\n<\/div><\/div>   \n<div class=\"wp-block-column is-vertically-aligned-center is-layout-flow wp-block-column-is-layout-flow\" style=\"flex-basis:33.33%\">\n<figure class=\"wp-block-image size-large\"><img decoding=\"async\" src=\"https:\/\/intl.phonak.com\/sq-al\/wp-content\/uploads\/sites\/3\/2023\/12\/Hearing-loss_GenericIndoorsPC_01.jpg?w=329\" alt=\"Happy couple\" class=\"wp-image-7274\"\/><\/figure>   <p><\/p>\n<\/div>\n<\/div>   \n<div class=\"wp-block-group alignfull has-light-grey-background-color has-background is-layout-flow wp-block-group-is-layout-flow\">\n<div class=\"wp-block-group is-style-align-small is-layout-flow wp-block-group-is-layout-flow\">\n<p class=\"has-text-align-center\">N\u00ebse keni p\u00ebrgjigjur &#8216;<strong>po<\/strong>&#8216; n\u00eb nj\u00eb ose m\u00eb shum\u00eb nga pyetjet, ne ju k\u00ebshillojm\u00eb q\u00eb t\u00eb vler\u00ebsoni aft\u00ebsin\u00eb tuaj t\u00eb d\u00ebgjimit nga nj\u00eb profesionist i kujdesit t\u00eb d\u00ebgjimit. Ju mund t\u00eb gjeni nj\u00eb audiolog t\u00eb certifikuar, profesionist t\u00eb kujdesit p\u00ebr d\u00ebgjimin ose klinik\u00eb n\u00eb zon\u00ebn tuaj me gjet\u00ebsin ton\u00eb t\u00eb ekspert\u00ebve.<\/p>   <p><\/p>   \n<p class=\"has-text-align-center\">P\u00ebr t\u00eb marr\u00eb menj\u00ebher\u00eb nj\u00eb tregues t\u00eb aft\u00ebsis\u00eb suaj t\u00eb d\u00ebgjimit, mund t\u00eb provoni edhe testin ton\u00eb t\u00eb d\u00ebgjimit online.<\/p>   <div class=\"wp-block-buttons is-layout-flex wp-block-buttons-is-layout-flex\">\n<div class=\"wp-block-button aligncenter\"><a class=\"wp-block-button__link wp-element-button\" href=\"https:\/\/hearing-screener.beyondhearing.org\/LmwaTp\/\" target=\"_blank\" rel=\"noreferrer noopener\">Testi i d\u00ebgjimit online<\/a><\/div>\n<\/div>\n<\/div>\n<\/div>   \n<div style=\"height:55px\" aria-hidden=\"true\" class=\"wp-block-spacer\"><\/div>   \n<p class=\"has-text-align-center\"><a href=\"https:\/\/intl.phonak.com\/sq-al\/humbja-e-degjimit\/phonak-te-degjuarit-mire-eshte-te-qenurit-mire\/\">Zbuloni pse d\u00ebgjimi mir\u00eb \u00ebsht\u00eb kaq i r\u00ebnd\u00ebsish\u00ebm p\u00ebr mir\u00ebqenien tuaj<\/a><\/p>   \n<div style=\"height:55px\" aria-hidden=\"true\" class=\"wp-block-spacer\"><\/div>   \n<div class=\"wp-block-media-text is-stacked-on-mobile cta-block\" style=\"grid-template-columns:35% auto\"><figure class=\"wp-block-media-text__media\"><img decoding=\"async\" src=\"https:\/\/intl.phonak.com\/main-english\/wp-content\/uploads\/sites\/3\/2021\/11\/cta-image.jpg?w=401\" alt=\"\" class=\"wp-image-6738 size-full\"\/><\/figure><div class=\"wp-block-media-text__content\">\n<div class=\"wp-block-create-block-icon-selector\"><i class=\"fal fa-map-marker-alt\"><\/i><\/div>   \n<h3 class=\"wp-block-heading\">Ekspert\u00eb t\u00eb d\u00ebgjimit pran\u00eb jush<\/h3>   <p>Profesional\u00ebt e kujdesit p\u00ebr d\u00ebgjimin mund t&#8217;ju ndihmojn\u00eb t\u00eb b\u00ebni zgjedhjen q\u00eb \u00ebsht\u00eb perfekte p\u00ebr ju. Ata do t\u00eb marrin parasysh nevojat tuaja t\u00eb d\u00ebgjimit, buxhetin tuaj, stilin e jetes\u00ebs dhe preferencat tuaja individuale t\u00eb d\u00ebgjimit. <\/p>   <div class=\"wp-block-buttons is-layout-flex wp-block-buttons-is-layout-flex\">\n<div class=\"wp-block-button is-style-marker-green\"><a class=\"wp-block-button__link wp-element-button\" href=\"https:\/\/intl.phonak.com\/sq-al\/gjeni-nje-ekspert\/\">Gjeni nje ekspert<\/a><\/div>\n<\/div>\n<\/div><\/div> ","protected":false},"excerpt":{"rendered":"<p>Cilat jan\u00eb shenjat dhe simptomat e humbjes s\u00eb d\u00ebgjimit? Vesh\u00ebt tan\u00eb jan\u00eb gjithmon\u00eb t\u00eb hapur, ashtu si tingujt rreth nesh&#8230;.<\/p>\n","protected":false},"author":5,"featured_media":500,"parent":0,"menu_order":0,"comment_status":"closed","ping_status":"closed","template":"","meta":{"_acf_changed":false,"inline_featured_image":false,"footnotes":""},"class_list":["post-317","page","type-page","status-publish","has-post-thumbnail","hentry"],"acf":[],"yoast_head":"<!-- This site is optimized with the Yoast SEO plugin v26.9 - https:\/\/yoast.com\/product\/yoast-seo-wordpress\/ -->\n<title>Humbja e d\u00ebgjimit - Phonak - Shqip\u00ebria<\/title>\n<meta name=\"robots\" content=\"index, follow, max-snippet:-1, max-image-preview:large, max-video-preview:-1\" \/>\n<link rel=\"canonical\" href=\"https:\/\/intl.phonak.com\/main-english\/hearing-loss\/\" \/>\n<meta property=\"og:locale\" content=\"sq_AL\" \/>\n<meta property=\"og:type\" content=\"article\" \/>\n<meta property=\"og:title\" content=\"Humbja e d\u00ebgjimit - Phonak - Shqip\u00ebria\" \/>\n<meta property=\"og:description\" content=\"Cilat jan\u00eb shenjat dhe simptomat e humbjes s\u00eb d\u00ebgjimit? Vesh\u00ebt tan\u00eb jan\u00eb gjithmon\u00eb t\u00eb hapur, ashtu si tingujt rreth nesh....\" \/>\n<meta property=\"og:url\" content=\"https:\/\/intl.phonak.com\/sq-al\/humbja-e-degjimit\/\" \/>\n<meta property=\"og:site_name\" content=\"Phonak - Shqip\u00ebria\" \/>\n<meta property=\"article:modified_time\" content=\"2025-11-10T10:23:15+00:00\" \/>\n<meta property=\"og:image\" content=\"https:\/\/intl.phonak.com\/sq-al\/wp-content\/uploads\/sites\/75\/2021\/11\/PH_Packshot_Audeo-I-Sphere-xReceiver_050-1029-P7_dc0dd4.png\" \/>\n\t<meta property=\"og:image:width\" content=\"600\" \/>\n\t<meta property=\"og:image:height\" content=\"600\" \/>\n\t<meta property=\"og:image:type\" content=\"image\/png\" \/>\n<meta name=\"twitter:card\" content=\"summary_large_image\" \/>\n<meta name=\"twitter:label1\" content=\"Est. reading time\" \/>\n\t<meta name=\"twitter:data1\" content=\"6 minutes\" \/>\n<script type=\"application\/ld+json\" class=\"yoast-schema-graph\">{\"@context\":\"https:\/\/schema.org\",\"@graph\":[{\"@type\":\"WebPage\",\"@id\":\"https:\/\/intl.phonak.com\/sq-al\/humbja-e-degjimit\/\",\"url\":\"https:\/\/intl.phonak.com\/sq-al\/humbja-e-degjimit\/\",\"name\":\"Humbja e d\u00ebgjimit - Phonak - Shqip\u00ebria\",\"isPartOf\":{\"@id\":\"https:\/\/intl.phonak.com\/sq-al\/#website\"},\"primaryImageOfPage\":{\"@id\":\"https:\/\/intl.phonak.com\/sq-al\/humbja-e-degjimit\/#primaryimage\"},\"image\":{\"@id\":\"https:\/\/intl.phonak.com\/sq-al\/humbja-e-degjimit\/#primaryimage\"},\"thumbnailUrl\":\"https:\/\/intl.phonak.com\/sq-al\/wp-content\/uploads\/sites\/75\/2021\/11\/PH_Packshot_Audeo-I-Sphere-xReceiver_050-1029-P7_dc0dd4.png\",\"datePublished\":\"2021-11-18T15:12:00+00:00\",\"dateModified\":\"2025-11-10T10:23:15+00:00\",\"breadcrumb\":{\"@id\":\"https:\/\/intl.phonak.com\/sq-al\/humbja-e-degjimit\/#breadcrumb\"},\"inLanguage\":\"sq-AL\",\"potentialAction\":[{\"@type\":\"ReadAction\",\"target\":[\"https:\/\/intl.phonak.com\/sq-al\/humbja-e-degjimit\/\"]}]},{\"@type\":\"ImageObject\",\"inLanguage\":\"sq-AL\",\"@id\":\"https:\/\/intl.phonak.com\/sq-al\/humbja-e-degjimit\/#primaryimage\",\"url\":\"https:\/\/intl.phonak.com\/sq-al\/wp-content\/uploads\/sites\/75\/2021\/11\/PH_Packshot_Audeo-I-Sphere-xReceiver_050-1029-P7_dc0dd4.png\",\"contentUrl\":\"https:\/\/intl.phonak.com\/sq-al\/wp-content\/uploads\/sites\/75\/2021\/11\/PH_Packshot_Audeo-I-Sphere-xReceiver_050-1029-P7_dc0dd4.png\",\"width\":600,\"height\":600,\"caption\":\"Phonak Aud\u00e9o Sphere Infinio\"},{\"@type\":\"BreadcrumbList\",\"@id\":\"https:\/\/intl.phonak.com\/sq-al\/humbja-e-degjimit\/#breadcrumb\",\"itemListElement\":[{\"@type\":\"ListItem\",\"position\":1,\"name\":\"Home\",\"item\":\"https:\/\/intl.phonak.com\/sq-al\/\"},{\"@type\":\"ListItem\",\"position\":2,\"name\":\"Humbja e degjimit\"}]},{\"@type\":\"WebSite\",\"@id\":\"https:\/\/intl.phonak.com\/sq-al\/#website\",\"url\":\"https:\/\/intl.phonak.com\/sq-al\/\",\"name\":\"Phonak - Shqip\u00ebria\",\"description\":\"T\u00eb p\u00ebrkushtuar p\u00ebr t\u00eb ndryshuar jet\u00eb\",\"publisher\":{\"@id\":\"https:\/\/intl.phonak.com\/sq-al\/#organization\"},\"potentialAction\":[{\"@type\":\"SearchAction\",\"target\":{\"@type\":\"EntryPoint\",\"urlTemplate\":\"https:\/\/intl.phonak.com\/sq-al\/?s={search_term_string}\"},\"query-input\":{\"@type\":\"PropertyValueSpecification\",\"valueRequired\":true,\"valueName\":\"search_term_string\"}}],\"inLanguage\":\"sq-AL\"},{\"@type\":\"Organization\",\"@id\":\"https:\/\/intl.phonak.com\/sq-al\/#organization\",\"name\":\"Phonak - Shqip\u00ebria\",\"url\":\"https:\/\/intl.phonak.com\/sq-al\/\",\"logo\":{\"@type\":\"ImageObject\",\"inLanguage\":\"sq-AL\",\"@id\":\"https:\/\/intl.phonak.com\/sq-al\/#\/schema\/logo\/image\/\",\"url\":\"https:\/\/intl.phonak.com\/sq-al\/wp-content\/uploads\/sites\/75\/2025\/07\/logo-phonak.svg\",\"contentUrl\":\"https:\/\/intl.phonak.com\/sq-al\/wp-content\/uploads\/sites\/75\/2025\/07\/logo-phonak.svg\",\"caption\":\"Phonak -  Shqip\u00ebria\"},\"image\":{\"@id\":\"https:\/\/intl.phonak.com\/sq-al\/#\/schema\/logo\/image\/\"}}]}<\/script>\n<!-- \/ Yoast SEO plugin. -->","yoast_head_json":{"title":"Humbja e d\u00ebgjimit - Phonak - Shqip\u00ebria","robots":{"index":"index","follow":"follow","max-snippet":"max-snippet:-1","max-image-preview":"max-image-preview:large","max-video-preview":"max-video-preview:-1"},"canonical":"https:\/\/intl.phonak.com\/main-english\/hearing-loss\/","og_locale":"sq_AL","og_type":"article","og_title":"Humbja e d\u00ebgjimit - Phonak - Shqip\u00ebria","og_description":"Cilat jan\u00eb shenjat dhe simptomat e humbjes s\u00eb d\u00ebgjimit? Vesh\u00ebt tan\u00eb jan\u00eb gjithmon\u00eb t\u00eb hapur, ashtu si tingujt rreth nesh....","og_url":"https:\/\/intl.phonak.com\/sq-al\/humbja-e-degjimit\/","og_site_name":"Phonak - Shqip\u00ebria","article_modified_time":"2025-11-10T10:23:15+00:00","og_image":[{"width":600,"height":600,"url":"https:\/\/intl.phonak.com\/sq-al\/wp-content\/uploads\/sites\/75\/2021\/11\/PH_Packshot_Audeo-I-Sphere-xReceiver_050-1029-P7_dc0dd4.png","type":"image\/png"}],"twitter_card":"summary_large_image","twitter_misc":{"Est. reading time":"6 minutes"},"schema":{"@context":"https:\/\/schema.org","@graph":[{"@type":"WebPage","@id":"https:\/\/intl.phonak.com\/sq-al\/humbja-e-degjimit\/","url":"https:\/\/intl.phonak.com\/sq-al\/humbja-e-degjimit\/","name":"Humbja e d\u00ebgjimit - Phonak - Shqip\u00ebria","isPartOf":{"@id":"https:\/\/intl.phonak.com\/sq-al\/#website"},"primaryImageOfPage":{"@id":"https:\/\/intl.phonak.com\/sq-al\/humbja-e-degjimit\/#primaryimage"},"image":{"@id":"https:\/\/intl.phonak.com\/sq-al\/humbja-e-degjimit\/#primaryimage"},"thumbnailUrl":"https:\/\/intl.phonak.com\/sq-al\/wp-content\/uploads\/sites\/75\/2021\/11\/PH_Packshot_Audeo-I-Sphere-xReceiver_050-1029-P7_dc0dd4.png","datePublished":"2021-11-18T15:12:00+00:00","dateModified":"2025-11-10T10:23:15+00:00","breadcrumb":{"@id":"https:\/\/intl.phonak.com\/sq-al\/humbja-e-degjimit\/#breadcrumb"},"inLanguage":"sq-AL","potentialAction":[{"@type":"ReadAction","target":["https:\/\/intl.phonak.com\/sq-al\/humbja-e-degjimit\/"]}]},{"@type":"ImageObject","inLanguage":"sq-AL","@id":"https:\/\/intl.phonak.com\/sq-al\/humbja-e-degjimit\/#primaryimage","url":"https:\/\/intl.phonak.com\/sq-al\/wp-content\/uploads\/sites\/75\/2021\/11\/PH_Packshot_Audeo-I-Sphere-xReceiver_050-1029-P7_dc0dd4.png","contentUrl":"https:\/\/intl.phonak.com\/sq-al\/wp-content\/uploads\/sites\/75\/2021\/11\/PH_Packshot_Audeo-I-Sphere-xReceiver_050-1029-P7_dc0dd4.png","width":600,"height":600,"caption":"Phonak Aud\u00e9o Sphere Infinio"},{"@type":"BreadcrumbList","@id":"https:\/\/intl.phonak.com\/sq-al\/humbja-e-degjimit\/#breadcrumb","itemListElement":[{"@type":"ListItem","position":1,"name":"Home","item":"https:\/\/intl.phonak.com\/sq-al\/"},{"@type":"ListItem","position":2,"name":"Humbja e degjimit"}]},{"@type":"WebSite","@id":"https:\/\/intl.phonak.com\/sq-al\/#website","url":"https:\/\/intl.phonak.com\/sq-al\/","name":"Phonak - Shqip\u00ebria","description":"T\u00eb p\u00ebrkushtuar p\u00ebr t\u00eb ndryshuar jet\u00eb","publisher":{"@id":"https:\/\/intl.phonak.com\/sq-al\/#organization"},"potentialAction":[{"@type":"SearchAction","target":{"@type":"EntryPoint","urlTemplate":"https:\/\/intl.phonak.com\/sq-al\/?s={search_term_string}"},"query-input":{"@type":"PropertyValueSpecification","valueRequired":true,"valueName":"search_term_string"}}],"inLanguage":"sq-AL"},{"@type":"Organization","@id":"https:\/\/intl.phonak.com\/sq-al\/#organization","name":"Phonak - Shqip\u00ebria","url":"https:\/\/intl.phonak.com\/sq-al\/","logo":{"@type":"ImageObject","inLanguage":"sq-AL","@id":"https:\/\/intl.phonak.com\/sq-al\/#\/schema\/logo\/image\/","url":"https:\/\/intl.phonak.com\/sq-al\/wp-content\/uploads\/sites\/75\/2025\/07\/logo-phonak.svg","contentUrl":"https:\/\/intl.phonak.com\/sq-al\/wp-content\/uploads\/sites\/75\/2025\/07\/logo-phonak.svg","caption":"Phonak -  Shqip\u00ebria"},"image":{"@id":"https:\/\/intl.phonak.com\/sq-al\/#\/schema\/logo\/image\/"}}]}},"jetpack_sharing_enabled":true,"distributor_meta":false,"distributor_terms":false,"distributor_media":false,"distributor_original_site_name":"Phonak -  Shqip\u00ebria","distributor_original_site_url":"https:\/\/intl.phonak.com\/sq-al","push-errors":false,"_links":{"self":[{"href":"https:\/\/intl.phonak.com\/sq-al\/wp-json\/wp\/v2\/pages\/317","targetHints":{"allow":["GET"]}}],"collection":[{"href":"https:\/\/intl.phonak.com\/sq-al\/wp-json\/wp\/v2\/pages"}],"about":[{"href":"https:\/\/intl.phonak.com\/sq-al\/wp-json\/wp\/v2\/types\/page"}],"author":[{"embeddable":true,"href":"https:\/\/intl.phonak.com\/sq-al\/wp-json\/wp\/v2\/users\/5"}],"replies":[{"embeddable":true,"href":"https:\/\/intl.phonak.com\/sq-al\/wp-json\/wp\/v2\/comments?post=317"}],"version-history":[{"count":7,"href":"https:\/\/intl.phonak.com\/sq-al\/wp-json\/wp\/v2\/pages\/317\/revisions"}],"predecessor-version":[{"id":862,"href":"https:\/\/intl.phonak.com\/sq-al\/wp-json\/wp\/v2\/pages\/317\/revisions\/862"}],"wp:featuredmedia":[{"embeddable":true,"href":"https:\/\/intl.phonak.com\/sq-al\/wp-json\/wp\/v2\/media\/500"}],"wp:attachment":[{"href":"https:\/\/intl.phonak.com\/sq-al\/wp-json\/wp\/v2\/media?parent=317"}],"curies":[{"name":"wp","href":"https:\/\/api.w.org\/{rel}","templated":true}]}}