{"id":313,"date":"2021-11-30T14:36:50","date_gmt":"2021-11-30T14:36:50","guid":{"rendered":"https:\/\/intl.phonak.com\/sq-al\/hearing-aid-customization\/"},"modified":"2025-11-11T13:10:22","modified_gmt":"2025-11-11T13:10:22","slug":"personalizimi-i-aparatit-te-degjimit","status":"publish","type":"page","link":"https:\/\/intl.phonak.com\/sq-al\/humbja-e-degjimit\/personalizimi-i-aparatit-te-degjimit\/","title":{"rendered":"Personalizimi i aparatit t\u00eb d\u00ebgjimit"},"content":{"rendered":"\n<div class=\"wp-block-cover alignfull is-light\"><img decoding=\"async\" class=\"wp-block-cover__image-background wp-image-5329\" alt=\"\" src=\"https:\/\/intl.phonak.com\/sq-al\/wp-content\/uploads\/sites\/3\/2022\/03\/Banner-01.jpg\" style=\"object-position:16% 56%\" data-object-fit=\"cover\" data-object-position=\"16% 56%\"\/><span aria-hidden=\"true\" class=\"wp-block-cover__background has-light-grey-background-color has-background-dim\"><\/span><div class=\"wp-block-cover__inner-container is-layout-flow wp-block-cover-is-layout-flow\">\n<h1 class=\"wp-block-heading has-text-align-center has-dark-grey-color has-text-color\" id=\"your-personal-hearing-aid\">Ndihma juaj personale p\u00ebr d\u00ebgjimin<\/h1>   \n<p class=\"has-text-align-center margin-bottom-0 is-style-default has-dark-grey-color has-text-color has-lead-font-size\">Rregullimi i nj\u00eb aparati d\u00ebgjimi b\u00ebhet n\u00eb disa hapa p\u00ebr t&#8217;iu p\u00ebrshtatur humbjes s\u00eb d\u00ebgjimit tuaj, form\u00ebs s\u00eb veshit tuaj dhe zakoneve tuaja t\u00eb d\u00ebgjimit.<\/p>\n<\/div><\/div>   \n<div class=\"wp-block-group is-style-align-small is-layout-flow wp-block-group-is-layout-flow\" style=\"padding-top:0px\">\n<h3 class=\"wp-block-heading has-text-align-center has-blue-color has-text-color\" id=\"get-to-know-your-hearing-aid\">Njihuni me aparatin tuaj t\u00eb d\u00ebgjimit<\/h3>   \n<p class=\"has-text-align-center\">Profesioni i kujdesit t\u00eb d\u00ebgjimit do t&#8217;ju jap\u00eb udh\u00ebzime t\u00eb detajuara: Si ta futni pajisjen, si ta p\u00ebrdorni dhe si ta kontrolloni volumin. Ai ose ajo gjithashtu do t&#8217;ju shpjegoj\u00eb mir\u00ebmbajtjen, si t\u00eb z\u00ebvend\u00ebsoni baterit\u00eb, pastrimin dhe tharjen e pajisjeve. M\u00eb n\u00eb fund, do t\u00eb m\u00ebsoni m\u00eb shum\u00eb se si aparati juaj i d\u00ebgjimit reagon n\u00eb situata t\u00eb ndryshme d\u00ebgjimi. Tani mund t&#8217;i merrni aparatet tuaja t\u00eb reja t\u00eb d\u00ebgjimit n\u00eb sht\u00ebpi.<\/p>\n<\/div>   \n<div class=\"wp-block-group alignfull has-light-grey-background-color has-background is-layout-flow wp-block-group-is-layout-flow\">\n<div class=\"wp-block-group is-style-align-small is-layout-flow wp-block-group-is-layout-flow\">\n<h3 class=\"wp-block-heading has-text-align-center has-blue-color has-text-color\" id=\"first-days-with-your-new-hearing-aid\">Dit\u00ebt e para me aparatin tuaj t\u00eb ri t\u00eb d\u00ebgjimit<\/h3>   \n<p class=\"has-text-align-center\">Gjat\u00eb dit\u00ebve t\u00eb para, duhet t\u00eb njiheni me aparatin tuaj t\u00eb ri t\u00eb d\u00ebgjimit. N\u00eb fillim, duhet ta vishni p\u00ebr disa or\u00eb n\u00eb dit\u00eb n\u00eb mjedise t\u00eb njohura. Disa gj\u00ebra mund t\u00eb duken t\u00eb \u00e7uditshme p\u00ebr ju gjat\u00eb k\u00ebsaj kohe. M\u00ebnyra m\u00eb e mir\u00eb p\u00ebr t\u00eb eksploruar ndjesin\u00eb e re t\u00eb d\u00ebgjimit \u00ebsht\u00eb t\u00eb flisni me njer\u00ebz ose t\u00eb shikoni televizion. Z\u00ebri juaj mund t\u00eb duket i \u00e7uditsh\u00ebm ose shum\u00eb i lart\u00eb p\u00ebr ju, sepse mund t\u00eb keni zhvilluar nj\u00eb zakon t\u00eb flisni shum\u00eb me z\u00eb t\u00eb lart\u00eb p\u00ebr t\u00eb d\u00ebgjuar z\u00ebrin tuaj. Praktikoni t\u00eb flisni m\u00eb but\u00eb. Shkruani p\u00ebrvojat tuaja \u2013 do t\u00eb ndihmoj\u00eb profesionistin tuaj t\u00eb kujdesit p\u00ebr d\u00ebgjimin me rregullimin e ndihm\u00ebs suaj.<\/p>   \n<p class=\"has-text-align-center\"><a href=\"https:\/\/intl.phonak.com\/sq-al\/humbja-e-degjimit\/mirembajtja-e-aparateve\/\">Merrni mb\u00ebshtetje shtes\u00eb nga videot tona t\u00eb mir\u00ebmbajtjes s\u00eb aparateve t\u00eb d\u00ebgjimit<\/a><\/p>\n<\/div>\n<\/div>   \n<div class=\"wp-block-group is-style-align-small is-layout-flow wp-block-group-is-layout-flow\">\n<h3 class=\"wp-block-heading has-text-align-center has-blue-color has-text-color\" id=\"final-adjustment-by-your-hearing-care-professional\">Rregullimi p\u00ebrfundimtar nga profesionisti juaj i kujdesit p\u00ebr d\u00ebgjimin<\/h3>   \n<p class=\"has-text-align-center\">Tani do t\u00eb keni mund\u00ebsin\u00eb t\u00eb diskutoni p\u00ebrvojat tuaja t\u00eb para me profesionistin tuaj t\u00eb kujdesit p\u00ebr d\u00ebgjimin. Aparati juaj i d\u00ebgjimit do t\u00eb rregullohet p\u00ebr t&#8217;iu p\u00ebrshtatur nevojave tuaja shum\u00eb specifike. Specialisti do t\u00eb p\u00ebrgjigjet n\u00eb t\u00eb gjitha pyetjet tuaja dhe do t&#8217;ju jap\u00eb k\u00ebshilla t\u00eb p\u00ebrgjithshme. Ndihma juaj d\u00ebgjimore mund t\u00eb rregullohet n\u00eb k\u00ebt\u00eb takim p\u00ebr t\u00eb p\u00ebrmir\u00ebsuar m\u00eb tej komoditetin dhe kuptimin e t\u00eb folurit.<\/p>   \n<p class=\"has-text-align-center\">Tani do t\u00eb hyni n\u00eb nj\u00eb faz\u00eb n\u00eb t\u00eb cil\u00ebn jeni n\u00eb gjendje t\u00eb rifitoni pak cil\u00ebsi jete \u00e7do dit\u00eb. Vazhdoni t\u00eb p\u00ebrdorni aparatin tuaj t\u00eb d\u00ebgjimit p\u00ebr disa or\u00eb n\u00eb dit\u00eb. Merr koh\u00ebn t\u00ebnde. Ju do t\u00eb m\u00ebsoni si t\u00eb p\u00ebrdorni m\u00eb s\u00eb miri aparatin tuaj t\u00eb d\u00ebgjimit dhe s\u00eb shpejti do t\u00eb shijoni t\u00eb gjitha p\u00ebrfitimet q\u00eb ai ka p\u00ebr t\u00eb ofruar.<\/p>   \n<div class=\"wp-block-buttons is-horizontal is-content-justification-center is-layout-flex wp-container-core-buttons-is-layout-499968f5 wp-block-buttons-is-layout-flex\">\n<div class=\"wp-block-button is-style-download\"><a class=\"wp-block-button__link wp-element-button\" href=\"https:\/\/intl.phonak.com\/sq-al\/wp-content\/uploads\/sites\/3\/2024\/10\/PH_Pamphlet_ReviveYourHearingPreviewIntl_94x210_EN_028-0776-02.pdf\" target=\"_blank\" rel=\"noreferrer noopener\">Ringjall d\u00ebgjimin tuaj<\/a><\/div>\n<\/div>\n<\/div>   \n<p class=\"has-text-align-center\"><a href=\"https:\/\/intl.phonak.com\/sq-al\/zgjidhje\/\">M\u00ebsoni rreth zgjidhjeve p\u00ebr d\u00ebgjimin<\/a><\/p>   \n<div class=\"wp-block-media-text is-stacked-on-mobile cta-block\" style=\"grid-template-columns:35% auto\"><figure class=\"wp-block-media-text__media\"><img decoding=\"async\" src=\"https:\/\/intl.phonak.com\/main-english\/wp-content\/uploads\/sites\/3\/2021\/11\/cta-image.jpg?w=401\" alt=\"\" class=\"wp-image-6738 size-full\"\/><\/figure><div class=\"wp-block-media-text__content\">\n<div class=\"wp-block-create-block-icon-selector\"><i class=\"fal fa-map-marker-alt\"><\/i><\/div>   \n<h3 class=\"wp-block-heading\">Ekspert\u00eb t\u00eb d\u00ebgjimit pran\u00eb jush<\/h3>   <p>Profesional\u00ebt e kujdesit p\u00ebr d\u00ebgjimin mund t&#8217;ju ndihmojn\u00eb t\u00eb b\u00ebni zgjedhjen q\u00eb \u00ebsht\u00eb perfekte p\u00ebr ju. Ata do t\u00eb marrin parasysh nevojat tuaja t\u00eb d\u00ebgjimit, buxhetin tuaj, stilin e jetes\u00ebs dhe preferencat tuaja individuale t\u00eb d\u00ebgjimit. <\/p>   <div class=\"wp-block-buttons is-layout-flex wp-block-buttons-is-layout-flex\">\n<div class=\"wp-block-button is-style-marker-green\"><a class=\"wp-block-button__link wp-element-button\" href=\"https:\/\/intl.phonak.com\/sq-al\/gjeni-nje-ekspert\/\">Gjeni nje ekspert<\/a><\/div>\n<\/div>\n<\/div><\/div> ","protected":false},"excerpt":{"rendered":"<p>Njihuni me aparatin tuaj t\u00eb d\u00ebgjimit Profesioni i kujdesit t\u00eb d\u00ebgjimit do t&#8217;ju jap\u00eb udh\u00ebzime t\u00eb detajuara: Si ta futni&#8230;<\/p>\n","protected":false},"author":5,"featured_media":517,"parent":317,"menu_order":0,"comment_status":"closed","ping_status":"closed","template":"","meta":{"_acf_changed":false,"inline_featured_image":false,"footnotes":""},"class_list":["post-313","page","type-page","status-publish","has-post-thumbnail","hentry"],"acf":[],"yoast_head":"<!-- This site is optimized with the Yoast SEO plugin v26.9 - https:\/\/yoast.com\/product\/yoast-seo-wordpress\/ -->\n<title>Personalizimi i aparatit t\u00eb d\u00ebgjimit - Phonak - Shqip\u00ebria<\/title>\n<meta name=\"robots\" content=\"index, follow, max-snippet:-1, max-image-preview:large, max-video-preview:-1\" \/>\n<link rel=\"canonical\" href=\"https:\/\/intl.phonak.com\/main-english\/hearing-loss\/hearing-aid-customization\/\" \/>\n<meta property=\"og:locale\" content=\"sq_AL\" \/>\n<meta property=\"og:type\" content=\"article\" \/>\n<meta property=\"og:title\" content=\"Personalizimi i aparatit t\u00eb d\u00ebgjimit - Phonak - Shqip\u00ebria\" \/>\n<meta property=\"og:description\" content=\"Njihuni me aparatin tuaj t\u00eb d\u00ebgjimit Profesioni i kujdesit t\u00eb d\u00ebgjimit do t&#8217;ju jap\u00eb udh\u00ebzime t\u00eb detajuara: Si ta futni...\" \/>\n<meta property=\"og:url\" content=\"https:\/\/intl.phonak.com\/sq-al\/humbja-e-degjimit\/personalizimi-i-aparatit-te-degjimit\/\" \/>\n<meta property=\"og:site_name\" content=\"Phonak - Shqip\u00ebria\" \/>\n<meta property=\"article:modified_time\" content=\"2025-11-11T13:10:22+00:00\" \/>\n<meta property=\"og:image\" content=\"https:\/\/intl.phonak.com\/sq-al\/wp-content\/uploads\/sites\/75\/2021\/11\/PH_Packshot_Audeo-I-Sphere-xReceiver_050-1029-P7_0fa219.png\" \/>\n\t<meta property=\"og:image:width\" content=\"600\" \/>\n\t<meta property=\"og:image:height\" content=\"600\" \/>\n\t<meta property=\"og:image:type\" content=\"image\/png\" \/>\n<meta name=\"twitter:card\" content=\"summary_large_image\" \/>\n<meta name=\"twitter:label1\" content=\"Est. reading time\" \/>\n\t<meta name=\"twitter:data1\" content=\"5 minutes\" \/>\n<script type=\"application\/ld+json\" class=\"yoast-schema-graph\">{\"@context\":\"https:\/\/schema.org\",\"@graph\":[{\"@type\":\"WebPage\",\"@id\":\"https:\/\/intl.phonak.com\/sq-al\/humbja-e-degjimit\/personalizimi-i-aparatit-te-degjimit\/\",\"url\":\"https:\/\/intl.phonak.com\/sq-al\/humbja-e-degjimit\/personalizimi-i-aparatit-te-degjimit\/\",\"name\":\"Personalizimi i aparatit t\u00eb d\u00ebgjimit - Phonak - Shqip\u00ebria\",\"isPartOf\":{\"@id\":\"https:\/\/intl.phonak.com\/sq-al\/#website\"},\"primaryImageOfPage\":{\"@id\":\"https:\/\/intl.phonak.com\/sq-al\/humbja-e-degjimit\/personalizimi-i-aparatit-te-degjimit\/#primaryimage\"},\"image\":{\"@id\":\"https:\/\/intl.phonak.com\/sq-al\/humbja-e-degjimit\/personalizimi-i-aparatit-te-degjimit\/#primaryimage\"},\"thumbnailUrl\":\"https:\/\/intl.phonak.com\/sq-al\/wp-content\/uploads\/sites\/75\/2021\/11\/PH_Packshot_Audeo-I-Sphere-xReceiver_050-1029-P7_0fa219.png\",\"datePublished\":\"2021-11-30T14:36:50+00:00\",\"dateModified\":\"2025-11-11T13:10:22+00:00\",\"breadcrumb\":{\"@id\":\"https:\/\/intl.phonak.com\/sq-al\/humbja-e-degjimit\/personalizimi-i-aparatit-te-degjimit\/#breadcrumb\"},\"inLanguage\":\"sq-AL\",\"potentialAction\":[{\"@type\":\"ReadAction\",\"target\":[\"https:\/\/intl.phonak.com\/sq-al\/humbja-e-degjimit\/personalizimi-i-aparatit-te-degjimit\/\"]}]},{\"@type\":\"ImageObject\",\"inLanguage\":\"sq-AL\",\"@id\":\"https:\/\/intl.phonak.com\/sq-al\/humbja-e-degjimit\/personalizimi-i-aparatit-te-degjimit\/#primaryimage\",\"url\":\"https:\/\/intl.phonak.com\/sq-al\/wp-content\/uploads\/sites\/75\/2021\/11\/PH_Packshot_Audeo-I-Sphere-xReceiver_050-1029-P7_0fa219.png\",\"contentUrl\":\"https:\/\/intl.phonak.com\/sq-al\/wp-content\/uploads\/sites\/75\/2021\/11\/PH_Packshot_Audeo-I-Sphere-xReceiver_050-1029-P7_0fa219.png\",\"width\":600,\"height\":600,\"caption\":\"Phonak Aud\u00e9o Sphere Infinio\"},{\"@type\":\"BreadcrumbList\",\"@id\":\"https:\/\/intl.phonak.com\/sq-al\/humbja-e-degjimit\/personalizimi-i-aparatit-te-degjimit\/#breadcrumb\",\"itemListElement\":[{\"@type\":\"ListItem\",\"position\":1,\"name\":\"Home\",\"item\":\"https:\/\/intl.phonak.com\/sq-al\/\"},{\"@type\":\"ListItem\",\"position\":2,\"name\":\"Humbja e degjimit\",\"item\":\"https:\/\/intl.phonak.com\/sq-al\/humbja-e-degjimit\/\"},{\"@type\":\"ListItem\",\"position\":3,\"name\":\"Personalizimi i aparatit t\u00eb d\u00ebgjimit\"}]},{\"@type\":\"WebSite\",\"@id\":\"https:\/\/intl.phonak.com\/sq-al\/#website\",\"url\":\"https:\/\/intl.phonak.com\/sq-al\/\",\"name\":\"Phonak - Shqip\u00ebria\",\"description\":\"T\u00eb p\u00ebrkushtuar p\u00ebr t\u00eb ndryshuar jet\u00eb\",\"publisher\":{\"@id\":\"https:\/\/intl.phonak.com\/sq-al\/#organization\"},\"potentialAction\":[{\"@type\":\"SearchAction\",\"target\":{\"@type\":\"EntryPoint\",\"urlTemplate\":\"https:\/\/intl.phonak.com\/sq-al\/?s={search_term_string}\"},\"query-input\":{\"@type\":\"PropertyValueSpecification\",\"valueRequired\":true,\"valueName\":\"search_term_string\"}}],\"inLanguage\":\"sq-AL\"},{\"@type\":\"Organization\",\"@id\":\"https:\/\/intl.phonak.com\/sq-al\/#organization\",\"name\":\"Phonak - Shqip\u00ebria\",\"url\":\"https:\/\/intl.phonak.com\/sq-al\/\",\"logo\":{\"@type\":\"ImageObject\",\"inLanguage\":\"sq-AL\",\"@id\":\"https:\/\/intl.phonak.com\/sq-al\/#\/schema\/logo\/image\/\",\"url\":\"https:\/\/intl.phonak.com\/sq-al\/wp-content\/uploads\/sites\/75\/2025\/07\/logo-phonak.svg\",\"contentUrl\":\"https:\/\/intl.phonak.com\/sq-al\/wp-content\/uploads\/sites\/75\/2025\/07\/logo-phonak.svg\",\"caption\":\"Phonak -  Shqip\u00ebria\"},\"image\":{\"@id\":\"https:\/\/intl.phonak.com\/sq-al\/#\/schema\/logo\/image\/\"}}]}<\/script>\n<!-- \/ Yoast SEO plugin. -->","yoast_head_json":{"title":"Personalizimi i aparatit t\u00eb d\u00ebgjimit - Phonak - Shqip\u00ebria","robots":{"index":"index","follow":"follow","max-snippet":"max-snippet:-1","max-image-preview":"max-image-preview:large","max-video-preview":"max-video-preview:-1"},"canonical":"https:\/\/intl.phonak.com\/main-english\/hearing-loss\/hearing-aid-customization\/","og_locale":"sq_AL","og_type":"article","og_title":"Personalizimi i aparatit t\u00eb d\u00ebgjimit - Phonak - Shqip\u00ebria","og_description":"Njihuni me aparatin tuaj t\u00eb d\u00ebgjimit Profesioni i kujdesit t\u00eb d\u00ebgjimit do t&#8217;ju jap\u00eb udh\u00ebzime t\u00eb detajuara: Si ta futni...","og_url":"https:\/\/intl.phonak.com\/sq-al\/humbja-e-degjimit\/personalizimi-i-aparatit-te-degjimit\/","og_site_name":"Phonak - Shqip\u00ebria","article_modified_time":"2025-11-11T13:10:22+00:00","og_image":[{"width":600,"height":600,"url":"https:\/\/intl.phonak.com\/sq-al\/wp-content\/uploads\/sites\/75\/2021\/11\/PH_Packshot_Audeo-I-Sphere-xReceiver_050-1029-P7_0fa219.png","type":"image\/png"}],"twitter_card":"summary_large_image","twitter_misc":{"Est. reading time":"5 minutes"},"schema":{"@context":"https:\/\/schema.org","@graph":[{"@type":"WebPage","@id":"https:\/\/intl.phonak.com\/sq-al\/humbja-e-degjimit\/personalizimi-i-aparatit-te-degjimit\/","url":"https:\/\/intl.phonak.com\/sq-al\/humbja-e-degjimit\/personalizimi-i-aparatit-te-degjimit\/","name":"Personalizimi i aparatit t\u00eb d\u00ebgjimit - Phonak - Shqip\u00ebria","isPartOf":{"@id":"https:\/\/intl.phonak.com\/sq-al\/#website"},"primaryImageOfPage":{"@id":"https:\/\/intl.phonak.com\/sq-al\/humbja-e-degjimit\/personalizimi-i-aparatit-te-degjimit\/#primaryimage"},"image":{"@id":"https:\/\/intl.phonak.com\/sq-al\/humbja-e-degjimit\/personalizimi-i-aparatit-te-degjimit\/#primaryimage"},"thumbnailUrl":"https:\/\/intl.phonak.com\/sq-al\/wp-content\/uploads\/sites\/75\/2021\/11\/PH_Packshot_Audeo-I-Sphere-xReceiver_050-1029-P7_0fa219.png","datePublished":"2021-11-30T14:36:50+00:00","dateModified":"2025-11-11T13:10:22+00:00","breadcrumb":{"@id":"https:\/\/intl.phonak.com\/sq-al\/humbja-e-degjimit\/personalizimi-i-aparatit-te-degjimit\/#breadcrumb"},"inLanguage":"sq-AL","potentialAction":[{"@type":"ReadAction","target":["https:\/\/intl.phonak.com\/sq-al\/humbja-e-degjimit\/personalizimi-i-aparatit-te-degjimit\/"]}]},{"@type":"ImageObject","inLanguage":"sq-AL","@id":"https:\/\/intl.phonak.com\/sq-al\/humbja-e-degjimit\/personalizimi-i-aparatit-te-degjimit\/#primaryimage","url":"https:\/\/intl.phonak.com\/sq-al\/wp-content\/uploads\/sites\/75\/2021\/11\/PH_Packshot_Audeo-I-Sphere-xReceiver_050-1029-P7_0fa219.png","contentUrl":"https:\/\/intl.phonak.com\/sq-al\/wp-content\/uploads\/sites\/75\/2021\/11\/PH_Packshot_Audeo-I-Sphere-xReceiver_050-1029-P7_0fa219.png","width":600,"height":600,"caption":"Phonak Aud\u00e9o Sphere Infinio"},{"@type":"BreadcrumbList","@id":"https:\/\/intl.phonak.com\/sq-al\/humbja-e-degjimit\/personalizimi-i-aparatit-te-degjimit\/#breadcrumb","itemListElement":[{"@type":"ListItem","position":1,"name":"Home","item":"https:\/\/intl.phonak.com\/sq-al\/"},{"@type":"ListItem","position":2,"name":"Humbja e degjimit","item":"https:\/\/intl.phonak.com\/sq-al\/humbja-e-degjimit\/"},{"@type":"ListItem","position":3,"name":"Personalizimi i aparatit t\u00eb d\u00ebgjimit"}]},{"@type":"WebSite","@id":"https:\/\/intl.phonak.com\/sq-al\/#website","url":"https:\/\/intl.phonak.com\/sq-al\/","name":"Phonak - Shqip\u00ebria","description":"T\u00eb p\u00ebrkushtuar p\u00ebr t\u00eb ndryshuar jet\u00eb","publisher":{"@id":"https:\/\/intl.phonak.com\/sq-al\/#organization"},"potentialAction":[{"@type":"SearchAction","target":{"@type":"EntryPoint","urlTemplate":"https:\/\/intl.phonak.com\/sq-al\/?s={search_term_string}"},"query-input":{"@type":"PropertyValueSpecification","valueRequired":true,"valueName":"search_term_string"}}],"inLanguage":"sq-AL"},{"@type":"Organization","@id":"https:\/\/intl.phonak.com\/sq-al\/#organization","name":"Phonak - Shqip\u00ebria","url":"https:\/\/intl.phonak.com\/sq-al\/","logo":{"@type":"ImageObject","inLanguage":"sq-AL","@id":"https:\/\/intl.phonak.com\/sq-al\/#\/schema\/logo\/image\/","url":"https:\/\/intl.phonak.com\/sq-al\/wp-content\/uploads\/sites\/75\/2025\/07\/logo-phonak.svg","contentUrl":"https:\/\/intl.phonak.com\/sq-al\/wp-content\/uploads\/sites\/75\/2025\/07\/logo-phonak.svg","caption":"Phonak -  Shqip\u00ebria"},"image":{"@id":"https:\/\/intl.phonak.com\/sq-al\/#\/schema\/logo\/image\/"}}]}},"jetpack_sharing_enabled":true,"distributor_meta":false,"distributor_terms":false,"distributor_media":false,"distributor_original_site_name":"Phonak -  Shqip\u00ebria","distributor_original_site_url":"https:\/\/intl.phonak.com\/sq-al","push-errors":false,"_links":{"self":[{"href":"https:\/\/intl.phonak.com\/sq-al\/wp-json\/wp\/v2\/pages\/313","targetHints":{"allow":["GET"]}}],"collection":[{"href":"https:\/\/intl.phonak.com\/sq-al\/wp-json\/wp\/v2\/pages"}],"about":[{"href":"https:\/\/intl.phonak.com\/sq-al\/wp-json\/wp\/v2\/types\/page"}],"author":[{"embeddable":true,"href":"https:\/\/intl.phonak.com\/sq-al\/wp-json\/wp\/v2\/users\/5"}],"replies":[{"embeddable":true,"href":"https:\/\/intl.phonak.com\/sq-al\/wp-json\/wp\/v2\/comments?post=313"}],"version-history":[{"count":11,"href":"https:\/\/intl.phonak.com\/sq-al\/wp-json\/wp\/v2\/pages\/313\/revisions"}],"predecessor-version":[{"id":929,"href":"https:\/\/intl.phonak.com\/sq-al\/wp-json\/wp\/v2\/pages\/313\/revisions\/929"}],"up":[{"embeddable":true,"href":"https:\/\/intl.phonak.com\/sq-al\/wp-json\/wp\/v2\/pages\/317"}],"wp:featuredmedia":[{"embeddable":true,"href":"https:\/\/intl.phonak.com\/sq-al\/wp-json\/wp\/v2\/media\/517"}],"wp:attachment":[{"href":"https:\/\/intl.phonak.com\/sq-al\/wp-json\/wp\/v2\/media?parent=313"}],"curies":[{"name":"wp","href":"https:\/\/api.w.org\/{rel}","templated":true}]}}