{"id":479,"date":"2021-11-17T17:36:12","date_gmt":"2021-11-17T17:36:12","guid":{"rendered":"https:\/\/intl.phonak.com\/sk-sk\/accessories\/"},"modified":"2025-12-02T15:03:14","modified_gmt":"2025-12-02T15:03:14","slug":"prislusenstvo","status":"publish","type":"page","link":"https:\/\/intl.phonak.com\/sk-sk\/riesenie\/prislusenstvo\/","title":{"rendered":"Pr\u00edslu\u0161enstvo"},"content":{"rendered":"\n<div class=\"wp-block-cover alignfull is-light\"><span aria-hidden=\"true\" class=\"wp-block-cover__background has-white-background-color has-background-dim\"><\/span><img decoding=\"async\" class=\"wp-block-cover__image-background wp-image-4764\" alt=\"\" src=\"https:\/\/intl.phonak.com\/sk-sk\/wp-content\/uploads\/sites\/3\/2022\/02\/Banner-accessories.jpg\" style=\"object-position:48% 21%\" data-object-fit=\"cover\" data-object-position=\"48% 21%\"\/><div class=\"wp-block-cover__inner-container is-layout-flow wp-block-cover-is-layout-flow\">\n<h1 class=\"wp-block-heading has-text-align-center has-dark-grey-color has-text-color\" id=\"boosting-performance\">Zv\u00fd\u0161enie v\u00fdkonu<\/h1>   \n<p class=\"has-text-align-center has-dark-grey-color has-text-color has-lead-font-size\">Zosta\u0148te v\u00a0spojen\u00ed a\u00a0vyu\u017eite svoje na\u010d\u00favacie pr\u00edstroje na maximum<\/p>\n<\/div><\/div>   \n<div class=\"wp-block-group is-style-align-small is-layout-flow wp-block-group-is-layout-flow\" style=\"padding-top:0px\">\n<h2 class=\"wp-block-heading has-text-align-center\" id=\"better-communication-with-wireless-accessories\">Lep\u0161ia komunik\u00e1cia s\u00a0bezdr\u00f4tov\u00fdmi doplnkami<\/h2>   \n<p class=\"has-text-align-center\">Bezdr\u00f4tov\u00e9 pr\u00edslu\u0161enstvo Phonak je u\u017eito\u010dn\u00fdm doplnkom k\u00a0na\u010d\u00favac\u00edm pr\u00edstrojom, v\u010faka ktor\u00e9mu budete lep\u0161ie po\u010du\u0165 v\u00a0n\u00e1ro\u010dn\u00fdch situ\u00e1ci\u00e1ch. Budete lep\u0161ie po\u010du\u0165 v\u00a0hlu\u010dnom prostred\u00ed, na dia\u013eku, po\u010das telef\u00f3nnych hovorov, v\u00a0\u0161kole aj pri sledovan\u00ed telev\u00edzie a\u00a0in\u00fdch m\u00e9di\u00ed. Alebo z\u00edskate jednoduch\u00fd pr\u00edstup k\u00a0nastaveniam svojho na\u010d\u00favacieho pr\u00edstroja pomocou dia\u013ekov\u00e9ho ovl\u00e1da\u010da Phonak.<\/p>\n<\/div>   \n<div\n\tclass=\"wp-block-phonak-products is-forntend alignwide\"\n\tdata-attributes=\"{&quot;categories&quot;:&quot;21&quot;,&quot;defaultPlatforms&quot;:[],&quot;align&quot;:&quot;wide&quot;,&quot;perPage&quot;:10,&quot;showPagination&quot;:true,&quot;showFilter&quot;:true,&quot;enabledFilters&quot;:[&quot;platforms&quot;,&quot;categories&quot;,&quot;productTypes&quot;],&quot;defaultCategories&quot;:[],&quot;defaultProductTypes&quot;:[]}\"\n\tdata-locale=\"sk_SK\">\n<\/div>\n\n\n\n<div class=\"wp-block-media-text is-stacked-on-mobile cta-block\" style=\"grid-template-columns:35% auto\"><figure class=\"wp-block-media-text__media\"><img decoding=\"async\" src=\"https:\/\/intl.phonak.com\/main-english\/wp-content\/uploads\/sites\/3\/2021\/11\/cta-image.jpg?w=401\" alt=\"\" class=\"wp-image-6738 size-full\"\/><\/figure><div class=\"wp-block-media-text__content\">\n<div class=\"wp-block-create-block-icon-selector\"><i class=\"fal fa-map-marker-alt\"><\/i><\/div>   \n<h3 class=\"wp-block-heading\">Odborn\u00edci vo va\u0161ej bl\u00edzkosti<\/h3>   <p>Vami vybran\u00fd odborn\u00edk v\u00e1m pom\u00f4\u017ee urobi\u0165 v\u00fdber, ktor\u00fd je pre v\u00e1s ide\u00e1lny. Zoh\u013eadn\u00ed va\u0161e sluchov\u00e9 potreby, finan\u010dn\u00e9 mo\u017enosti, \u017eivotn\u00fd \u0161t\u00fdl a\u00a0individu\u00e1lne posluchov\u00e9 preferencie. <\/p>   <div class=\"wp-block-buttons is-layout-flex wp-block-buttons-is-layout-flex\">\n<div class=\"wp-block-button is-style-marker-green\"><a class=\"wp-block-button__link wp-element-button\" href=\"https:\/\/intl.phonak.com\/sk-sk\/najst-odbornika\/\">Vyh\u013eada\u0165 odborn\u00edka<\/a><\/div>\n<\/div>\n<\/div><\/div> ","protected":false},"excerpt":{"rendered":"<p>Lep\u0161ia komunik\u00e1cia s\u00a0bezdr\u00f4tov\u00fdmi doplnkami Bezdr\u00f4tov\u00e9 pr\u00edslu\u0161enstvo Phonak je u\u017eito\u010dn\u00fdm doplnkom k\u00a0na\u010d\u00favac\u00edm pr\u00edstrojom, v\u010faka ktor\u00e9mu budete lep\u0161ie po\u010du\u0165 v\u00a0n\u00e1ro\u010dn\u00fdch situ\u00e1ci\u00e1ch. Budete&#8230;<\/p>\n","protected":false},"author":5,"featured_media":0,"parent":436,"menu_order":0,"comment_status":"closed","ping_status":"closed","template":"","meta":{"_acf_changed":false,"inline_featured_image":false,"footnotes":""},"class_list":["post-479","page","type-page","status-publish","hentry"],"acf":[],"yoast_head":"<!-- This site is optimized with the Yoast SEO plugin v26.9 - https:\/\/yoast.com\/product\/yoast-seo-wordpress\/ -->\n<title>Pr\u00edslu\u0161enstvo - Phonak - Slovensko<\/title>\n<meta name=\"robots\" content=\"index, follow, max-snippet:-1, max-image-preview:large, max-video-preview:-1\" \/>\n<link rel=\"canonical\" href=\"https:\/\/intl.phonak.com\/main-english\/solutions\/accessories\/\" \/>\n<meta property=\"og:locale\" content=\"sk_SK\" \/>\n<meta property=\"og:type\" content=\"article\" \/>\n<meta property=\"og:title\" content=\"Pr\u00edslu\u0161enstvo - Phonak - Slovensko\" \/>\n<meta property=\"og:description\" content=\"Lep\u0161ia komunik\u00e1cia s\u00a0bezdr\u00f4tov\u00fdmi doplnkami Bezdr\u00f4tov\u00e9 pr\u00edslu\u0161enstvo Phonak je u\u017eito\u010dn\u00fdm doplnkom k\u00a0na\u010d\u00favac\u00edm pr\u00edstrojom, v\u010faka ktor\u00e9mu budete lep\u0161ie po\u010du\u0165 v\u00a0n\u00e1ro\u010dn\u00fdch situ\u00e1ci\u00e1ch. Budete...\" \/>\n<meta property=\"og:url\" content=\"https:\/\/intl.phonak.com\/sk-sk\/riesenie\/prislusenstvo\/\" \/>\n<meta property=\"og:site_name\" content=\"Phonak - Slovensko\" \/>\n<meta property=\"article:modified_time\" content=\"2025-12-02T15:03:14+00:00\" \/>\n<meta name=\"twitter:card\" content=\"summary_large_image\" \/>\n<meta name=\"twitter:label1\" content=\"Est. reading time\" \/>\n\t<meta name=\"twitter:data1\" content=\"2 minutes\" \/>\n<script type=\"application\/ld+json\" class=\"yoast-schema-graph\">{\"@context\":\"https:\/\/schema.org\",\"@graph\":[{\"@type\":\"WebPage\",\"@id\":\"https:\/\/intl.phonak.com\/sk-sk\/riesenie\/prislusenstvo\/\",\"url\":\"https:\/\/intl.phonak.com\/sk-sk\/riesenie\/prislusenstvo\/\",\"name\":\"Pr\u00edslu\u0161enstvo - Phonak - Slovensko\",\"isPartOf\":{\"@id\":\"https:\/\/intl.phonak.com\/sk-sk\/#website\"},\"primaryImageOfPage\":{\"@id\":\"https:\/\/intl.phonak.com\/sk-sk\/riesenie\/prislusenstvo\/#primaryimage\"},\"image\":{\"@id\":\"https:\/\/intl.phonak.com\/sk-sk\/riesenie\/prislusenstvo\/#primaryimage\"},\"thumbnailUrl\":\"https:\/\/intl.phonak.com\/sk-sk\/wp-content\/uploads\/sites\/3\/2022\/02\/Banner-accessories.jpg\",\"datePublished\":\"2021-11-17T17:36:12+00:00\",\"dateModified\":\"2025-12-02T15:03:14+00:00\",\"breadcrumb\":{\"@id\":\"https:\/\/intl.phonak.com\/sk-sk\/riesenie\/prislusenstvo\/#breadcrumb\"},\"inLanguage\":\"sk-SK\",\"potentialAction\":[{\"@type\":\"ReadAction\",\"target\":[\"https:\/\/intl.phonak.com\/sk-sk\/riesenie\/prislusenstvo\/\"]}]},{\"@type\":\"ImageObject\",\"inLanguage\":\"sk-SK\",\"@id\":\"https:\/\/intl.phonak.com\/sk-sk\/riesenie\/prislusenstvo\/#primaryimage\",\"url\":\"\",\"contentUrl\":\"\"},{\"@type\":\"BreadcrumbList\",\"@id\":\"https:\/\/intl.phonak.com\/sk-sk\/riesenie\/prislusenstvo\/#breadcrumb\",\"itemListElement\":[{\"@type\":\"ListItem\",\"position\":1,\"name\":\"Home\",\"item\":\"https:\/\/intl.phonak.com\/sk-sk\/\"},{\"@type\":\"ListItem\",\"position\":2,\"name\":\"Rie\u0161enia\",\"item\":\"https:\/\/intl.phonak.com\/sk-sk\/riesenie\/\"},{\"@type\":\"ListItem\",\"position\":3,\"name\":\"Prislusenstvo\"}]},{\"@type\":\"WebSite\",\"@id\":\"https:\/\/intl.phonak.com\/sk-sk\/#website\",\"url\":\"https:\/\/intl.phonak.com\/sk-sk\/\",\"name\":\"Phonak - Slovensko\",\"description\":\"Odhodlan\u00ed meni\u0165 \u017eivoty\",\"publisher\":{\"@id\":\"https:\/\/intl.phonak.com\/sk-sk\/#organization\"},\"potentialAction\":[{\"@type\":\"SearchAction\",\"target\":{\"@type\":\"EntryPoint\",\"urlTemplate\":\"https:\/\/intl.phonak.com\/sk-sk\/?s={search_term_string}\"},\"query-input\":{\"@type\":\"PropertyValueSpecification\",\"valueRequired\":true,\"valueName\":\"search_term_string\"}}],\"inLanguage\":\"sk-SK\"},{\"@type\":\"Organization\",\"@id\":\"https:\/\/intl.phonak.com\/sk-sk\/#organization\",\"name\":\"Phonak - Slovensko\",\"url\":\"https:\/\/intl.phonak.com\/sk-sk\/\",\"logo\":{\"@type\":\"ImageObject\",\"inLanguage\":\"sk-SK\",\"@id\":\"https:\/\/intl.phonak.com\/sk-sk\/#\/schema\/logo\/image\/\",\"url\":\"https:\/\/intl.phonak.com\/sk-sk\/wp-content\/uploads\/sites\/64\/2025\/06\/logo-phonak.svg\",\"contentUrl\":\"https:\/\/intl.phonak.com\/sk-sk\/wp-content\/uploads\/sites\/64\/2025\/06\/logo-phonak.svg\",\"caption\":\"Phonak - Slovensko\"},\"image\":{\"@id\":\"https:\/\/intl.phonak.com\/sk-sk\/#\/schema\/logo\/image\/\"}}]}<\/script>\n<!-- \/ Yoast SEO plugin. -->","yoast_head_json":{"title":"Pr\u00edslu\u0161enstvo - Phonak - Slovensko","robots":{"index":"index","follow":"follow","max-snippet":"max-snippet:-1","max-image-preview":"max-image-preview:large","max-video-preview":"max-video-preview:-1"},"canonical":"https:\/\/intl.phonak.com\/main-english\/solutions\/accessories\/","og_locale":"sk_SK","og_type":"article","og_title":"Pr\u00edslu\u0161enstvo - Phonak - Slovensko","og_description":"Lep\u0161ia komunik\u00e1cia s\u00a0bezdr\u00f4tov\u00fdmi doplnkami Bezdr\u00f4tov\u00e9 pr\u00edslu\u0161enstvo Phonak je u\u017eito\u010dn\u00fdm doplnkom k\u00a0na\u010d\u00favac\u00edm pr\u00edstrojom, v\u010faka ktor\u00e9mu budete lep\u0161ie po\u010du\u0165 v\u00a0n\u00e1ro\u010dn\u00fdch situ\u00e1ci\u00e1ch. Budete...","og_url":"https:\/\/intl.phonak.com\/sk-sk\/riesenie\/prislusenstvo\/","og_site_name":"Phonak - Slovensko","article_modified_time":"2025-12-02T15:03:14+00:00","twitter_card":"summary_large_image","twitter_misc":{"Est. reading time":"2 minutes"},"schema":{"@context":"https:\/\/schema.org","@graph":[{"@type":"WebPage","@id":"https:\/\/intl.phonak.com\/sk-sk\/riesenie\/prislusenstvo\/","url":"https:\/\/intl.phonak.com\/sk-sk\/riesenie\/prislusenstvo\/","name":"Pr\u00edslu\u0161enstvo - Phonak - Slovensko","isPartOf":{"@id":"https:\/\/intl.phonak.com\/sk-sk\/#website"},"primaryImageOfPage":{"@id":"https:\/\/intl.phonak.com\/sk-sk\/riesenie\/prislusenstvo\/#primaryimage"},"image":{"@id":"https:\/\/intl.phonak.com\/sk-sk\/riesenie\/prislusenstvo\/#primaryimage"},"thumbnailUrl":"https:\/\/intl.phonak.com\/sk-sk\/wp-content\/uploads\/sites\/3\/2022\/02\/Banner-accessories.jpg","datePublished":"2021-11-17T17:36:12+00:00","dateModified":"2025-12-02T15:03:14+00:00","breadcrumb":{"@id":"https:\/\/intl.phonak.com\/sk-sk\/riesenie\/prislusenstvo\/#breadcrumb"},"inLanguage":"sk-SK","potentialAction":[{"@type":"ReadAction","target":["https:\/\/intl.phonak.com\/sk-sk\/riesenie\/prislusenstvo\/"]}]},{"@type":"ImageObject","inLanguage":"sk-SK","@id":"https:\/\/intl.phonak.com\/sk-sk\/riesenie\/prislusenstvo\/#primaryimage","url":"","contentUrl":""},{"@type":"BreadcrumbList","@id":"https:\/\/intl.phonak.com\/sk-sk\/riesenie\/prislusenstvo\/#breadcrumb","itemListElement":[{"@type":"ListItem","position":1,"name":"Home","item":"https:\/\/intl.phonak.com\/sk-sk\/"},{"@type":"ListItem","position":2,"name":"Rie\u0161enia","item":"https:\/\/intl.phonak.com\/sk-sk\/riesenie\/"},{"@type":"ListItem","position":3,"name":"Prislusenstvo"}]},{"@type":"WebSite","@id":"https:\/\/intl.phonak.com\/sk-sk\/#website","url":"https:\/\/intl.phonak.com\/sk-sk\/","name":"Phonak - Slovensko","description":"Odhodlan\u00ed meni\u0165 \u017eivoty","publisher":{"@id":"https:\/\/intl.phonak.com\/sk-sk\/#organization"},"potentialAction":[{"@type":"SearchAction","target":{"@type":"EntryPoint","urlTemplate":"https:\/\/intl.phonak.com\/sk-sk\/?s={search_term_string}"},"query-input":{"@type":"PropertyValueSpecification","valueRequired":true,"valueName":"search_term_string"}}],"inLanguage":"sk-SK"},{"@type":"Organization","@id":"https:\/\/intl.phonak.com\/sk-sk\/#organization","name":"Phonak - Slovensko","url":"https:\/\/intl.phonak.com\/sk-sk\/","logo":{"@type":"ImageObject","inLanguage":"sk-SK","@id":"https:\/\/intl.phonak.com\/sk-sk\/#\/schema\/logo\/image\/","url":"https:\/\/intl.phonak.com\/sk-sk\/wp-content\/uploads\/sites\/64\/2025\/06\/logo-phonak.svg","contentUrl":"https:\/\/intl.phonak.com\/sk-sk\/wp-content\/uploads\/sites\/64\/2025\/06\/logo-phonak.svg","caption":"Phonak - Slovensko"},"image":{"@id":"https:\/\/intl.phonak.com\/sk-sk\/#\/schema\/logo\/image\/"}}]}},"jetpack_sharing_enabled":true,"distributor_meta":false,"distributor_terms":false,"distributor_media":false,"distributor_original_site_name":"Phonak - Slovensko","distributor_original_site_url":"https:\/\/intl.phonak.com\/sk-sk","push-errors":false,"_links":{"self":[{"href":"https:\/\/intl.phonak.com\/sk-sk\/wp-json\/wp\/v2\/pages\/479","targetHints":{"allow":["GET"]}}],"collection":[{"href":"https:\/\/intl.phonak.com\/sk-sk\/wp-json\/wp\/v2\/pages"}],"about":[{"href":"https:\/\/intl.phonak.com\/sk-sk\/wp-json\/wp\/v2\/types\/page"}],"author":[{"embeddable":true,"href":"https:\/\/intl.phonak.com\/sk-sk\/wp-json\/wp\/v2\/users\/5"}],"replies":[{"embeddable":true,"href":"https:\/\/intl.phonak.com\/sk-sk\/wp-json\/wp\/v2\/comments?post=479"}],"version-history":[{"count":9,"href":"https:\/\/intl.phonak.com\/sk-sk\/wp-json\/wp\/v2\/pages\/479\/revisions"}],"predecessor-version":[{"id":1295,"href":"https:\/\/intl.phonak.com\/sk-sk\/wp-json\/wp\/v2\/pages\/479\/revisions\/1295"}],"up":[{"embeddable":true,"href":"https:\/\/intl.phonak.com\/sk-sk\/wp-json\/wp\/v2\/pages\/436"}],"wp:attachment":[{"href":"https:\/\/intl.phonak.com\/sk-sk\/wp-json\/wp\/v2\/media?parent=479"}],"curies":[{"name":"wp","href":"https:\/\/api.w.org\/{rel}","templated":true}]}}