{"id":473,"date":"2021-11-29T20:47:45","date_gmt":"2021-11-29T20:47:45","guid":{"rendered":"https:\/\/intl.phonak.com\/sk-sk\/causes-of-hearing-loss\/"},"modified":"2026-01-08T11:13:57","modified_gmt":"2026-01-08T11:13:57","slug":"priciny-straty-sluchu","status":"publish","type":"page","link":"https:\/\/intl.phonak.com\/sk-sk\/strata-sluchu\/priciny-straty-sluchu\/","title":{"rendered":"Pr\u00ed\u010diny straty sluchu"},"content":{"rendered":"\n<div class=\"wp-block-cover alignfull is-light\"><img decoding=\"async\" class=\"wp-block-cover__image-background wp-image-4482\" alt=\"Signs of hearing loss\" src=\"https:\/\/intl.phonak.com\/sk-sk\/wp-content\/uploads\/sites\/3\/2022\/02\/Banner_ways-to-better-hearing.jpg\" style=\"object-position:15% 88%\" data-object-fit=\"cover\" data-object-position=\"15% 88%\"\/><span aria-hidden=\"true\" class=\"wp-block-cover__background has-white-background-color has-background-dim-60 has-background-dim\"><\/span><div class=\"wp-block-cover__inner-container is-layout-flow wp-block-cover-is-layout-flow\">\n<h1 class=\"wp-block-heading has-text-align-center has-dark-grey-color has-text-color\" id=\"causes-of-hearing-loss\">Pr\u00ed\u010diny straty sluchu<\/h1>   \n<p class=\"has-text-align-center has-dark-grey-color has-text-color has-lead-font-size\">R\u00fdchly poh\u013ead na to, pre\u010do vy alebo v\u00e1\u0161 bl\u00edzky m\u00f4\u017eete za\u017e\u00edva\u0165 stratu sluchu<\/p>\n<\/div><\/div>   \n<h2 class=\"wp-block-heading has-text-align-center\" id=\"listen-to-your-hearing\">Na\u010d\u00favajte svojmu sluchu<\/h2>   \n<p class=\"has-text-align-center\">V\u00a0kone\u010dnom d\u00f4sledku po\u010dujete iba to, \u010do po\u010dujete. Preto sa v\u00e1m veci, ktor\u00e9 po\u010dujete, m\u00f4\u017eu st\u00e1le zda\u0165 v\u00a0poriadku, aj ke\u010f mo\u017eno u\u017e m\u00e1te miernu stratu sluchu. Pravdou je, \u017ee sa v\u00e1\u0161 mozog jednoducho prisp\u00f4sob\u00ed novej situ\u00e1cii a\u00a0kompenzuje oslaben\u00e9 sign\u00e1ly, ktor\u00e9 z\u00a0u\u0161\u00ed prich\u00e1dzaj\u00fa. Po nejakom \u010dase v\u00e1\u0161 mozog doslova zabudne, ako ich po\u010du\u0165, preto\u017ee si nepam\u00e4t\u00e1 zvuk slov.<br><\/p>   \n<p class=\"has-text-align-center\">Strata sluchu m\u00f4\u017ee by\u0165 d\u00f4sledkom po\u0161kodenia niektorej z\u00a0ni\u017e\u0161ie uveden\u00fdch sekci\u00ed:<\/p>   \n<div style=\"height:62px\" aria-hidden=\"true\" class=\"wp-block-spacer\"><\/div>   \n<figure class=\"wp-block-image aligncenter size-large\"><img decoding=\"async\" src=\"https:\/\/intl.phonak.com\/sk-sk\/wp-content\/uploads\/sites\/3\/2024\/05\/Anatomy_Ear-neutral.jpg?w=809\" alt=\"\" class=\"wp-image-8161\"\/><\/figure>   \n<div style=\"height:53px\" aria-hidden=\"true\" class=\"wp-block-spacer\"><\/div>   <div class=\"wp-block-columns is-layout-flex wp-container-core-columns-is-layout-9d6595d7 wp-block-columns-is-layout-flex\">\n<div class=\"wp-block-column is-layout-flow wp-block-column-is-layout-flow\">\n<h4 class=\"wp-block-heading has-text-align-center has-blue-color has-text-color\" id=\"causes-in-the-outer-ear\">1. Pr\u00ed\u010diny vo vonkaj\u0161om uchu<\/h4>   \n<p class=\"has-text-align-center\">Typick\u00e9 probl\u00e9my vonkaj\u0161ieho ucha predstavuj\u00fa z\u00e1tky vytvoren\u00e9 u\u0161n\u00fdm mazom a\u00a0infekcie zvukovodu. Zvy\u010dajne je rie\u0161enie t\u00fdchto probl\u00e9mov ve\u013emi jednoduch\u00e9. Ale je d\u00f4le\u017eit\u00e9 kona\u0165 r\u00fdchlo, aby sa predi\u0161lo po\u0161kodeniu sluchu.<\/p>\n<\/div>   <div class=\"wp-block-column is-layout-flow wp-block-column-is-layout-flow\">\n<h4 class=\"wp-block-heading has-text-align-center has-blue-color has-text-color\" id=\"causes-in-the-middle-ear\">2. Pr\u00ed\u010diny v\u00a0strednom uchu<\/h4>   \n<p class=\"has-text-align-center\">Z\u00e1pal, tekutina za u\u0161n\u00fdm bubienkom, perfor\u00e1cie bubienka a\u00a0otoskler\u00f3za (stuhnutie kost\u00ed v\u00a0strednom uchu) s\u00fa naj\u010dastej\u0161ie probl\u00e9my, ktor\u00e9 nar\u00fa\u0161aj\u00fa jeho funk\u010dnos\u0165. V\u00e4\u010d\u0161inu probl\u00e9mov s\u00a0vonkaj\u0161\u00edm a\u00a0stredn\u00fdm uchom je mo\u017en\u00e9 \u00fa\u010dinne rie\u0161i\u0165 liekmi alebo chirurgick\u00fdm z\u00e1krokom. Ak to nie je mo\u017en\u00e9, vo v\u00e4\u010d\u0161ine pr\u00edpadov je mo\u017en\u00e9 trval\u00fa stratu sluchu kompenzova\u0165 na\u010d\u00favac\u00edm pr\u00edstrojom.<\/p>\n<\/div>   <div class=\"wp-block-column is-layout-flow wp-block-column-is-layout-flow\">\n<h4 class=\"wp-block-heading has-text-align-center has-blue-color has-text-color\" id=\"causes-in-the-inner-ear\">3. Pr\u00ed\u010diny vo vn\u00fatornom uchu<\/h4>   \n<p class=\"has-text-align-center\">V\u00e4\u010d\u0161ina probl\u00e9mov so sluchom sa t\u00fdka vn\u00fatorn\u00e9ho ucha. Naj\u010dastej\u0161ou pr\u00ed\u010dinou je prirodzen\u00fd proces starnutia. Hlasn\u00fd hluk, u\u017e\u00edvanie niektor\u00fdch druhov liekov alebo zlomeniny lebky v\u0161ak m\u00f4\u017eu ma\u0165 na sluch tie\u017e negat\u00edvny vplyv. Tieto vplyvy po\u0161kodzuj\u00fa jemn\u00e9 vlasov\u00e9 bunky a\u00a0ovplyv\u0148uj\u00fa prenos sign\u00e1lov do sluchov\u00fdch nervov. Stratu sluchu vo vn\u00fatornom uchu zvy\u010dajne nemo\u017eno rie\u0161i\u0165 medic\u00ednsky. Av\u0161ak tento typ straty sluchu je mo\u017en\u00e9 vo v\u00e4\u010d\u0161ine pr\u00edpadov kompenzova\u0165 na\u010d\u00favac\u00edm pr\u00edstrojom.<\/p>\n<\/div>\n<\/div>   <p><\/p>   \n<p class=\"has-text-align-center\">Strata sluchu sp\u00f4soben\u00e1 defektom vonkaj\u0161ieho alebo stredn\u00e9ho ucha sa naz\u00fdva prevodn\u00e1 porucha sluchu. Po\u0161kodenie vn\u00fatorn\u00e9ho ucha sa naz\u00fdva percep\u010dn\u00e1 porucha sluchu. Ak sa oba typy vyskytuj\u00fa spolo\u010dne, jedn\u00e1 sa o\u00a0kombinovan\u00fa poruchu sluchu.<\/p>   \n<div style=\"height:26px\" aria-hidden=\"true\" class=\"wp-block-spacer\"><\/div>   \n<div class=\"wp-block-group alignfull has-light-grey-background-color has-background is-layout-flow wp-block-group-is-layout-flow\">\n<div class=\"wp-block-group is-style-align-small is-layout-flow wp-block-group-is-layout-flow\">\n<h3 class=\"wp-block-heading has-text-align-center has-blue-color has-text-color\" id=\"get-professional-help\">Z\u00edskajte odborn\u00fa pomoc<\/h3>   \n<p class=\"has-text-align-center\">Vami vybran\u00fd odborn\u00edk v\u00e1m pom\u00f4\u017ee urobi\u0165 v\u00fdber, ktor\u00fd je pre v\u00e1s ide\u00e1lny. Zoh\u013eadn\u00ed va\u0161e sluchov\u00e9 potreby, finan\u010dn\u00e9 mo\u017enosti, \u017eivotn\u00fd \u0161t\u00fdl a\u00a0individu\u00e1lne posluchov\u00e9 preferencie.<\/p>   \n<p class=\"has-text-align-center\"><a href=\"https:\/\/intl.phonak.com\/sk-sk\/strata-sluchu\/navsteva-u-odbornika\/\">\u010co v\u00e1s \u010dak\u00e1 pri prvej n\u00e1v\u0161teve?<\/a><\/p>\n<\/div>\n<\/div>   \n<div class=\"wp-block-media-text is-stacked-on-mobile cta-block\" style=\"grid-template-columns:35% auto\"><figure class=\"wp-block-media-text__media\"><img decoding=\"async\" src=\"https:\/\/intl.phonak.com\/main-english\/wp-content\/uploads\/sites\/3\/2021\/11\/cta-image.jpg?w=401\" alt=\"\" class=\"wp-image-6738 size-full\"\/><\/figure><div class=\"wp-block-media-text__content\">\n<div class=\"wp-block-create-block-icon-selector\"><i class=\"fal fa-map-marker-alt\"><\/i><\/div>   \n<h3 class=\"wp-block-heading\">Odborn\u00edci vo va\u0161ej bl\u00edzkosti<\/h3>   <p>Vami vybran\u00fd odborn\u00edk v\u00e1m pom\u00f4\u017ee urobi\u0165 v\u00fdber, ktor\u00fd je pre v\u00e1s ide\u00e1lny. Zoh\u013eadn\u00ed va\u0161e sluchov\u00e9 potreby, finan\u010dn\u00e9 mo\u017enosti, \u017eivotn\u00fd \u0161t\u00fdl a\u00a0individu\u00e1lne posluchov\u00e9 preferencie. <\/p>   <div class=\"wp-block-buttons is-layout-flex wp-block-buttons-is-layout-flex\">\n<div class=\"wp-block-button is-style-marker-green\"><a class=\"wp-block-button__link wp-element-button\" href=\"https:\/\/intl.phonak.com\/sk-sk\/najst-odbornika\/\">Vyh\u013eada\u0165 odborn\u00edka<\/a><\/div>\n<\/div>\n<\/div><\/div>    <p><\/p> ","protected":false},"excerpt":{"rendered":"<p>Na\u010d\u00favajte svojmu sluchu V\u00a0kone\u010dnom d\u00f4sledku po\u010dujete iba to, \u010do po\u010dujete. Preto sa v\u00e1m veci, ktor\u00e9 po\u010dujete, m\u00f4\u017eu st\u00e1le zda\u0165 v\u00a0poriadku,&#8230;<\/p>\n","protected":false},"author":5,"featured_media":1026,"parent":448,"menu_order":0,"comment_status":"closed","ping_status":"closed","template":"","meta":{"_acf_changed":false,"inline_featured_image":false,"footnotes":""},"class_list":["post-473","page","type-page","status-publish","has-post-thumbnail","hentry"],"acf":[],"yoast_head":"<!-- This site is optimized with the Yoast SEO plugin v26.9 - https:\/\/yoast.com\/product\/yoast-seo-wordpress\/ -->\n<title>Pr\u00ed\u010diny straty sluchu - Phonak - Slovensko<\/title>\n<meta name=\"robots\" content=\"index, follow, max-snippet:-1, max-image-preview:large, max-video-preview:-1\" \/>\n<link rel=\"canonical\" href=\"https:\/\/intl.phonak.com\/main-english\/hearing-loss\/causes-of-hearing-loss\/\" \/>\n<meta property=\"og:locale\" content=\"sk_SK\" \/>\n<meta property=\"og:type\" content=\"article\" \/>\n<meta property=\"og:title\" content=\"Pr\u00ed\u010diny straty sluchu - Phonak - Slovensko\" \/>\n<meta property=\"og:description\" content=\"Na\u010d\u00favajte svojmu sluchu V\u00a0kone\u010dnom d\u00f4sledku po\u010dujete iba to, \u010do po\u010dujete. Preto sa v\u00e1m veci, ktor\u00e9 po\u010dujete, m\u00f4\u017eu st\u00e1le zda\u0165 v\u00a0poriadku,...\" \/>\n<meta property=\"og:url\" content=\"https:\/\/intl.phonak.com\/sk-sk\/strata-sluchu\/priciny-straty-sluchu\/\" \/>\n<meta property=\"og:site_name\" content=\"Phonak - Slovensko\" \/>\n<meta property=\"article:modified_time\" content=\"2026-01-08T11:13:57+00:00\" \/>\n<meta property=\"og:image\" content=\"https:\/\/intl.phonak.com\/sk-sk\/wp-content\/uploads\/sites\/64\/2021\/11\/PH_Packshot_Audeo-I-Sphere-xReceiver_050-1029-P7-1.png\" \/>\n\t<meta property=\"og:image:width\" content=\"600\" \/>\n\t<meta property=\"og:image:height\" content=\"600\" \/>\n\t<meta property=\"og:image:type\" content=\"image\/png\" \/>\n<meta name=\"twitter:card\" content=\"summary_large_image\" \/>\n<meta name=\"twitter:label1\" content=\"Est. reading time\" \/>\n\t<meta name=\"twitter:data1\" content=\"6 minutes\" \/>\n<script type=\"application\/ld+json\" class=\"yoast-schema-graph\">{\"@context\":\"https:\/\/schema.org\",\"@graph\":[{\"@type\":\"WebPage\",\"@id\":\"https:\/\/intl.phonak.com\/sk-sk\/strata-sluchu\/priciny-straty-sluchu\/\",\"url\":\"https:\/\/intl.phonak.com\/sk-sk\/strata-sluchu\/priciny-straty-sluchu\/\",\"name\":\"Pr\u00ed\u010diny straty sluchu - Phonak - Slovensko\",\"isPartOf\":{\"@id\":\"https:\/\/intl.phonak.com\/sk-sk\/#website\"},\"primaryImageOfPage\":{\"@id\":\"https:\/\/intl.phonak.com\/sk-sk\/strata-sluchu\/priciny-straty-sluchu\/#primaryimage\"},\"image\":{\"@id\":\"https:\/\/intl.phonak.com\/sk-sk\/strata-sluchu\/priciny-straty-sluchu\/#primaryimage\"},\"thumbnailUrl\":\"https:\/\/intl.phonak.com\/sk-sk\/wp-content\/uploads\/sites\/64\/2021\/11\/PH_Packshot_Audeo-I-Sphere-xReceiver_050-1029-P7-1.png\",\"datePublished\":\"2021-11-29T20:47:45+00:00\",\"dateModified\":\"2026-01-08T11:13:57+00:00\",\"breadcrumb\":{\"@id\":\"https:\/\/intl.phonak.com\/sk-sk\/strata-sluchu\/priciny-straty-sluchu\/#breadcrumb\"},\"inLanguage\":\"sk-SK\",\"potentialAction\":[{\"@type\":\"ReadAction\",\"target\":[\"https:\/\/intl.phonak.com\/sk-sk\/strata-sluchu\/priciny-straty-sluchu\/\"]}]},{\"@type\":\"ImageObject\",\"inLanguage\":\"sk-SK\",\"@id\":\"https:\/\/intl.phonak.com\/sk-sk\/strata-sluchu\/priciny-straty-sluchu\/#primaryimage\",\"url\":\"https:\/\/intl.phonak.com\/sk-sk\/wp-content\/uploads\/sites\/64\/2021\/11\/PH_Packshot_Audeo-I-Sphere-xReceiver_050-1029-P7-1.png\",\"contentUrl\":\"https:\/\/intl.phonak.com\/sk-sk\/wp-content\/uploads\/sites\/64\/2021\/11\/PH_Packshot_Audeo-I-Sphere-xReceiver_050-1029-P7-1.png\",\"width\":600,\"height\":600,\"caption\":\"Phonak Aud\u00e9o Sphere Infinio\"},{\"@type\":\"BreadcrumbList\",\"@id\":\"https:\/\/intl.phonak.com\/sk-sk\/strata-sluchu\/priciny-straty-sluchu\/#breadcrumb\",\"itemListElement\":[{\"@type\":\"ListItem\",\"position\":1,\"name\":\"Home\",\"item\":\"https:\/\/intl.phonak.com\/sk-sk\/\"},{\"@type\":\"ListItem\",\"position\":2,\"name\":\"Strata sluchu\",\"item\":\"https:\/\/intl.phonak.com\/sk-sk\/strata-sluchu\/\"},{\"@type\":\"ListItem\",\"position\":3,\"name\":\"Pr\u00ed\u010diny straty sluchu\"}]},{\"@type\":\"WebSite\",\"@id\":\"https:\/\/intl.phonak.com\/sk-sk\/#website\",\"url\":\"https:\/\/intl.phonak.com\/sk-sk\/\",\"name\":\"Phonak - Slovensko\",\"description\":\"Odhodlan\u00ed meni\u0165 \u017eivoty\",\"publisher\":{\"@id\":\"https:\/\/intl.phonak.com\/sk-sk\/#organization\"},\"potentialAction\":[{\"@type\":\"SearchAction\",\"target\":{\"@type\":\"EntryPoint\",\"urlTemplate\":\"https:\/\/intl.phonak.com\/sk-sk\/?s={search_term_string}\"},\"query-input\":{\"@type\":\"PropertyValueSpecification\",\"valueRequired\":true,\"valueName\":\"search_term_string\"}}],\"inLanguage\":\"sk-SK\"},{\"@type\":\"Organization\",\"@id\":\"https:\/\/intl.phonak.com\/sk-sk\/#organization\",\"name\":\"Phonak - Slovensko\",\"url\":\"https:\/\/intl.phonak.com\/sk-sk\/\",\"logo\":{\"@type\":\"ImageObject\",\"inLanguage\":\"sk-SK\",\"@id\":\"https:\/\/intl.phonak.com\/sk-sk\/#\/schema\/logo\/image\/\",\"url\":\"https:\/\/intl.phonak.com\/sk-sk\/wp-content\/uploads\/sites\/64\/2025\/06\/logo-phonak.svg\",\"contentUrl\":\"https:\/\/intl.phonak.com\/sk-sk\/wp-content\/uploads\/sites\/64\/2025\/06\/logo-phonak.svg\",\"caption\":\"Phonak - Slovensko\"},\"image\":{\"@id\":\"https:\/\/intl.phonak.com\/sk-sk\/#\/schema\/logo\/image\/\"}}]}<\/script>\n<!-- \/ Yoast SEO plugin. -->","yoast_head_json":{"title":"Pr\u00ed\u010diny straty sluchu - Phonak - Slovensko","robots":{"index":"index","follow":"follow","max-snippet":"max-snippet:-1","max-image-preview":"max-image-preview:large","max-video-preview":"max-video-preview:-1"},"canonical":"https:\/\/intl.phonak.com\/main-english\/hearing-loss\/causes-of-hearing-loss\/","og_locale":"sk_SK","og_type":"article","og_title":"Pr\u00ed\u010diny straty sluchu - Phonak - Slovensko","og_description":"Na\u010d\u00favajte svojmu sluchu V\u00a0kone\u010dnom d\u00f4sledku po\u010dujete iba to, \u010do po\u010dujete. Preto sa v\u00e1m veci, ktor\u00e9 po\u010dujete, m\u00f4\u017eu st\u00e1le zda\u0165 v\u00a0poriadku,...","og_url":"https:\/\/intl.phonak.com\/sk-sk\/strata-sluchu\/priciny-straty-sluchu\/","og_site_name":"Phonak - Slovensko","article_modified_time":"2026-01-08T11:13:57+00:00","og_image":[{"width":600,"height":600,"url":"https:\/\/intl.phonak.com\/sk-sk\/wp-content\/uploads\/sites\/64\/2021\/11\/PH_Packshot_Audeo-I-Sphere-xReceiver_050-1029-P7-1.png","type":"image\/png"}],"twitter_card":"summary_large_image","twitter_misc":{"Est. reading time":"6 minutes"},"schema":{"@context":"https:\/\/schema.org","@graph":[{"@type":"WebPage","@id":"https:\/\/intl.phonak.com\/sk-sk\/strata-sluchu\/priciny-straty-sluchu\/","url":"https:\/\/intl.phonak.com\/sk-sk\/strata-sluchu\/priciny-straty-sluchu\/","name":"Pr\u00ed\u010diny straty sluchu - Phonak - Slovensko","isPartOf":{"@id":"https:\/\/intl.phonak.com\/sk-sk\/#website"},"primaryImageOfPage":{"@id":"https:\/\/intl.phonak.com\/sk-sk\/strata-sluchu\/priciny-straty-sluchu\/#primaryimage"},"image":{"@id":"https:\/\/intl.phonak.com\/sk-sk\/strata-sluchu\/priciny-straty-sluchu\/#primaryimage"},"thumbnailUrl":"https:\/\/intl.phonak.com\/sk-sk\/wp-content\/uploads\/sites\/64\/2021\/11\/PH_Packshot_Audeo-I-Sphere-xReceiver_050-1029-P7-1.png","datePublished":"2021-11-29T20:47:45+00:00","dateModified":"2026-01-08T11:13:57+00:00","breadcrumb":{"@id":"https:\/\/intl.phonak.com\/sk-sk\/strata-sluchu\/priciny-straty-sluchu\/#breadcrumb"},"inLanguage":"sk-SK","potentialAction":[{"@type":"ReadAction","target":["https:\/\/intl.phonak.com\/sk-sk\/strata-sluchu\/priciny-straty-sluchu\/"]}]},{"@type":"ImageObject","inLanguage":"sk-SK","@id":"https:\/\/intl.phonak.com\/sk-sk\/strata-sluchu\/priciny-straty-sluchu\/#primaryimage","url":"https:\/\/intl.phonak.com\/sk-sk\/wp-content\/uploads\/sites\/64\/2021\/11\/PH_Packshot_Audeo-I-Sphere-xReceiver_050-1029-P7-1.png","contentUrl":"https:\/\/intl.phonak.com\/sk-sk\/wp-content\/uploads\/sites\/64\/2021\/11\/PH_Packshot_Audeo-I-Sphere-xReceiver_050-1029-P7-1.png","width":600,"height":600,"caption":"Phonak Aud\u00e9o Sphere Infinio"},{"@type":"BreadcrumbList","@id":"https:\/\/intl.phonak.com\/sk-sk\/strata-sluchu\/priciny-straty-sluchu\/#breadcrumb","itemListElement":[{"@type":"ListItem","position":1,"name":"Home","item":"https:\/\/intl.phonak.com\/sk-sk\/"},{"@type":"ListItem","position":2,"name":"Strata sluchu","item":"https:\/\/intl.phonak.com\/sk-sk\/strata-sluchu\/"},{"@type":"ListItem","position":3,"name":"Pr\u00ed\u010diny straty sluchu"}]},{"@type":"WebSite","@id":"https:\/\/intl.phonak.com\/sk-sk\/#website","url":"https:\/\/intl.phonak.com\/sk-sk\/","name":"Phonak - Slovensko","description":"Odhodlan\u00ed meni\u0165 \u017eivoty","publisher":{"@id":"https:\/\/intl.phonak.com\/sk-sk\/#organization"},"potentialAction":[{"@type":"SearchAction","target":{"@type":"EntryPoint","urlTemplate":"https:\/\/intl.phonak.com\/sk-sk\/?s={search_term_string}"},"query-input":{"@type":"PropertyValueSpecification","valueRequired":true,"valueName":"search_term_string"}}],"inLanguage":"sk-SK"},{"@type":"Organization","@id":"https:\/\/intl.phonak.com\/sk-sk\/#organization","name":"Phonak - Slovensko","url":"https:\/\/intl.phonak.com\/sk-sk\/","logo":{"@type":"ImageObject","inLanguage":"sk-SK","@id":"https:\/\/intl.phonak.com\/sk-sk\/#\/schema\/logo\/image\/","url":"https:\/\/intl.phonak.com\/sk-sk\/wp-content\/uploads\/sites\/64\/2025\/06\/logo-phonak.svg","contentUrl":"https:\/\/intl.phonak.com\/sk-sk\/wp-content\/uploads\/sites\/64\/2025\/06\/logo-phonak.svg","caption":"Phonak - Slovensko"},"image":{"@id":"https:\/\/intl.phonak.com\/sk-sk\/#\/schema\/logo\/image\/"}}]}},"jetpack_sharing_enabled":true,"distributor_meta":false,"distributor_terms":false,"distributor_media":false,"distributor_original_site_name":"Phonak - Slovensko","distributor_original_site_url":"https:\/\/intl.phonak.com\/sk-sk","push-errors":false,"_links":{"self":[{"href":"https:\/\/intl.phonak.com\/sk-sk\/wp-json\/wp\/v2\/pages\/473","targetHints":{"allow":["GET"]}}],"collection":[{"href":"https:\/\/intl.phonak.com\/sk-sk\/wp-json\/wp\/v2\/pages"}],"about":[{"href":"https:\/\/intl.phonak.com\/sk-sk\/wp-json\/wp\/v2\/types\/page"}],"author":[{"embeddable":true,"href":"https:\/\/intl.phonak.com\/sk-sk\/wp-json\/wp\/v2\/users\/5"}],"replies":[{"embeddable":true,"href":"https:\/\/intl.phonak.com\/sk-sk\/wp-json\/wp\/v2\/comments?post=473"}],"version-history":[{"count":13,"href":"https:\/\/intl.phonak.com\/sk-sk\/wp-json\/wp\/v2\/pages\/473\/revisions"}],"predecessor-version":[{"id":1410,"href":"https:\/\/intl.phonak.com\/sk-sk\/wp-json\/wp\/v2\/pages\/473\/revisions\/1410"}],"up":[{"embeddable":true,"href":"https:\/\/intl.phonak.com\/sk-sk\/wp-json\/wp\/v2\/pages\/448"}],"wp:featuredmedia":[{"embeddable":true,"href":"https:\/\/intl.phonak.com\/sk-sk\/wp-json\/wp\/v2\/media\/1026"}],"wp:attachment":[{"href":"https:\/\/intl.phonak.com\/sk-sk\/wp-json\/wp\/v2\/media?parent=473"}],"curies":[{"name":"wp","href":"https:\/\/api.w.org\/{rel}","templated":true}]}}