{"id":470,"date":"2021-11-29T21:39:57","date_gmt":"2021-11-29T21:39:57","guid":{"rendered":"https:\/\/intl.phonak.com\/sk-sk\/go-to-a-hearing-expert\/"},"modified":"2025-12-08T11:23:48","modified_gmt":"2025-12-08T11:23:48","slug":"navsteva-u-odbornika","status":"publish","type":"page","link":"https:\/\/intl.phonak.com\/sk-sk\/strata-sluchu\/navsteva-u-odbornika\/","title":{"rendered":"N\u00e1v\u0161teva odborn\u00edka"},"content":{"rendered":"\n<div class=\"wp-block-cover alignfull\"><span aria-hidden=\"true\" class=\"wp-block-cover__background has-light-grey-background-color has-background-dim-60 has-background-dim\"><\/span><img decoding=\"async\" class=\"wp-block-cover__image-background wp-image-7280\" alt=\"HCP fitting a Client\" src=\"https:\/\/intl.phonak.com\/sk-sk\/wp-content\/uploads\/sites\/3\/2023\/12\/Hearing-banner_HCPFittingClient_01-1.jpg\" data-object-fit=\"cover\"\/><div class=\"wp-block-cover__inner-container is-layout-flow wp-block-cover-is-layout-flow\">\n<h1 class=\"wp-block-heading has-text-align-center has-grey-500-color has-text-color\" id=\"your-first-appointment-with-a-hearing-expert\">Va\u0161e prv\u00e9 stretnutie s\u00a0odborn\u00edkom<\/h1>   \n<p class=\"has-text-align-center has-grey-500-color has-text-color has-lead-font-size\">Pravideln\u00e9 testy sluchu v\u00e1m pom\u00f4\u017eu v\u010das rozpozna\u0165 stratu sluchu.  <br>Kedy ste si naposledy nechali vy\u0161etri\u0165 sluch?<\/p>   \n<div class=\"wp-block-buttons is-horizontal is-content-justification-center is-layout-flex wp-container-core-buttons-is-layout-499968f5 wp-block-buttons-is-layout-flex\">\n<div class=\"wp-block-button is-style-marker-green\"><a class=\"wp-block-button__link wp-element-button\" href=\"https:\/\/intl.phonak.com\/sk-sk\/najst-odbornika\/\">Vyh\u013eada\u0165 odborn\u00edka<\/a><\/div>\n<\/div>\n<\/div><\/div>   \n<div class=\"wp-block-group is-style-align-small is-layout-flow wp-block-group-is-layout-flow\" style=\"padding-top:0px\">\n<h2 class=\"wp-block-heading has-text-align-center\" id=\"what-to-expect\">\u010co m\u00f4\u017eete o\u010dak\u00e1va\u0165<\/h2>   \n<p class=\"has-text-align-center\">Pravdepodobne ste u\u017e prem\u00fd\u0161\u013eali, ako prebieha konzult\u00e1cia s\u00a0odborn\u00edkom. Radi by sme v\u00e1s upokojili a\u00a0na\u010drtli, \u010do m\u00f4\u017eete na va\u0161ej prvej n\u00e1v\u0161teve o\u010dak\u00e1va\u0165. <\/p>   \n<h3 class=\"wp-block-heading has-blue-color has-text-color\" id=\"1-plan-enough-time\">1. Napl\u00e1nujte si dostatok \u010dasu<\/h3>   \n<p class=\"has-text-align-left\">Va\u0161a prv\u00e1 n\u00e1v\u0161teva bude trva\u0165 pribli\u017ene hodinu. Ak chcete, m\u00f4\u017eete po\u017eiada\u0165 pr\u00edbuzn\u00e9ho alebo priate\u013ea, aby v\u00e1s sprev\u00e1dzal. Mnoho \u013eud\u00ed sa tak c\u00edti bezpe\u010dnej\u0161ie. Priate\u013esk\u00e1 tv\u00e1r po va\u0161om boku bude obzvl\u00e1\u0161\u0165 u\u017eito\u010dn\u00e1, ak nastan\u00fa probl\u00e9my s\u00a0komunik\u00e1ciou.<\/p>   \n<h3 class=\"wp-block-heading has-blue-color has-text-color\" id=\"2-ear-examination\">2. Vy\u0161etrenie ucha<\/h3>   <p>Audiol\u00f3g, poskytovate\u013e na\u010d\u00favac\u00edch pr\u00edstrojov alebo \u0161pecialista na ORL v\u00e1m vy\u0161etr\u00ed u\u0161i. Skontroluje potenci\u00e1lne probl\u00e9my, ako je pr\u00edtomnos\u0165 nadmern\u00e9ho u\u0161n\u00e9ho mazu alebo infekcia u\u0161\u00ed.<\/p>   \n<h3 class=\"wp-block-heading has-blue-color has-text-color\" id=\"3-hearing-test\">3. Test sluchu<\/h3>   <p>Po vy\u0161etren\u00ed vykon\u00e1 audiol\u00f3g, poskytovate\u013e na\u010d\u00favac\u00edch pr\u00edstrojov alebo \u0161pecialista ORL test sluchu. Dostanete sl\u00fachadl\u00e1, do ktor\u00fdch odborn\u00edk prehr\u00e1 s\u00e9riu zvukov. Niektor\u00e9 bud\u00fa hlasn\u00e9 a\u00a0\u013eahko po\u010dute\u013en\u00e9 a\u00a0niektor\u00e9 jemn\u00e9 a\u00a0n\u00e1ro\u010dnej\u0161ie na posluch. Va\u0161ou \u00falohou bude mu da\u0165 znamenie alebo stla\u010di\u0165 tla\u010didlo v\u00a0okamihu, ke\u010f t\u00f3n budete po\u010du\u0165. Na z\u00e1klade vy\u0161etrenia a\u00a0posluchov\u00e9ho testu v\u00e1m odborn\u00edk bude m\u00f4c\u0165 poveda\u0165 viac o\u00a0stave v\u00e1\u0161ho sluchu a\u00a0sluchovej strate.<\/p>   \n<h3 class=\"wp-block-heading has-blue-color has-text-color\" id=\"selection-of-hearing-solutions-1\">4. V\u00fdber posluchov\u00e9ho rie\u0161enia<\/h3>   <p>Na konci n\u00e1v\u0161tevy v\u00e1m odborn\u00edk vysvetl\u00ed v\u0161etky mo\u017enosti, ktor\u00e9 m\u00e1te k\u00a0dispoz\u00edcii, ak si chcete zlep\u0161i\u0165 svoj sluch. Zozn\u00e1mi v\u00e1s s\u00a0ponukou na\u010d\u00favac\u00edch pr\u00edstrojov vhodn\u00fdch pre va\u0161u stratu sluchu. Vysvetl\u00ed v\u00e1m rozdiely medzi jednotliv\u00fdmi produktami a\u00a0ich pr\u00ednos. Vysvetl\u00ed v\u00e1m rozdiely medzi jednotliv\u00fdmi produktami a\u00a0ich pr\u00ednos.<\/p>   <p>Teraz je ide\u00e1lna chv\u00ed\u013ea mu polo\u017ei\u0165 v\u0161etky pr\u00edpadn\u00e9 ot\u00e1zky a\u00a0poskytn\u00fa\u0165 \u010do najviac inform\u00e1ci\u00ed. \u010c\u00edm viac o\u00a0v\u00e1s vie, t\u00fdm lep\u0161ia pomoc sa v\u00e1m dostane. Poprem\u00fd\u0161\u013eajte preto o\u00a0situ\u00e1ci\u00e1ch, v\u00a0ktor\u00fdch m\u00e1te probl\u00e9my s\u00a0po\u010d\u00favan\u00edm (po\u010das rodinn\u00fdch stretnut\u00ed, na sch\u00f4dzkach, v\u00a0hlu\u010dnom prostred\u00ed, pri sledovan\u00ed telev\u00edzie, telefonovan\u00ed, po\u010d\u00favan\u00ed hudby at\u010f.) &nbsp;predt\u00fdm, ne\u017e pr\u00eddete na stretnutie.<\/p>   \n<div style=\"height:35px\" aria-hidden=\"true\" class=\"wp-block-spacer\"><\/div>\n<\/div>   \n<div class=\"wp-block-group alignfull has-light-grey-background-color has-background is-layout-flow wp-block-group-is-layout-flow\">\n<div class=\"wp-block-group is-style-align-small is-layout-flow wp-block-group-is-layout-flow\">\n<p class=\"has-text-align-center is-style-default\"><strong>\u010eAL\u0160\u00cd KROK:<\/strong><\/p>   \n<h3 class=\"wp-block-heading has-text-align-center\" id=\"customization-of-your-new-hearing-aid-1\">Nastavenie v\u00e1\u0161ho nov\u00e9ho na\u010d\u00favacieho pr\u00edstroja na mieru<\/h3>   \n<p class=\"has-text-align-center is-style-default\">Phonak je glob\u00e1lnym l\u00eddrom vo v\u00fdvoji rie\u0161en\u00ed pre sluch. V\u010faka n\u00e1\u0161mu neust\u00e1lemu \u00fasiliu h\u013eada\u0165 nov\u00e9 rie\u0161enia sa n\u00e1m dar\u00ed dosahova\u0165 jeden z\u00a0najvy\u0161\u0161\u00edch podielov inov\u00e1ci\u00ed v\u00a0odvetv\u00ed. <\/p>   \n<p class=\"has-text-align-center\"><a href=\"https:\/\/intl.phonak.com\/sk-sk\/riesenie\/nacuvacie-pristroje\/\">Zistite viac o\u00a0na\u010d\u00favac\u00edch pr\u00edstrojoch Phonak<\/a><\/p>   \n<p class=\"has-text-align-center is-style-default\">Na\u010d\u00favacie pr\u00edstroje Phonak&nbsp; je mo\u017en\u00e9 nastavi\u0165 na mieru tak, aby vyhovovali va\u0161im potreb\u00e1m, je v\u0161ak potrebn\u00e9 ich optimalizova\u0165, aby ste si mohli by\u0165 ist\u00ed, \u017ee budete v\u017edy v\u00a0obraze bez oh\u013eadu na to, v\u00a0akom prostred\u00ed sa nach\u00e1dzate.<\/p>   \n<p class=\"has-text-align-center\"><a href=\"https:\/\/intl.phonak.com\/sk-sk\/strata-sluchu\/personifikacia-nacuvacieho-pristroja\/\">Zistite viac o\u00a0nastaven\u00ed na\u010d\u00favac\u00edch pr\u00edstrojov na mieru<\/a><\/p>\n<\/div>\n<\/div>   \n<div class=\"wp-block-media-text is-stacked-on-mobile cta-block\" style=\"grid-template-columns:35% auto\"><figure class=\"wp-block-media-text__media\"><img decoding=\"async\" src=\"https:\/\/intl.phonak.com\/main-english\/wp-content\/uploads\/sites\/3\/2021\/11\/cta-image.jpg?w=401\" alt=\"\" class=\"wp-image-6738 size-full\"\/><\/figure><div class=\"wp-block-media-text__content\">\n<div class=\"wp-block-create-block-icon-selector\"><i class=\"fal fa-map-marker-alt\"><\/i><\/div>   \n<h3 class=\"wp-block-heading\">Odborn\u00edci vo va\u0161ej bl\u00edzkosti<\/h3>   <p>Vami vybran\u00fd odborn\u00edk v\u00e1m pom\u00f4\u017ee urobi\u0165 v\u00fdber, ktor\u00fd je pre v\u00e1s ide\u00e1lny. Zoh\u013eadn\u00ed va\u0161e sluchov\u00e9 potreby, finan\u010dn\u00e9 mo\u017enosti, \u017eivotn\u00fd \u0161t\u00fdl a\u00a0individu\u00e1lne posluchov\u00e9 preferencie. <\/p>   <div class=\"wp-block-buttons is-layout-flex wp-block-buttons-is-layout-flex\">\n<div class=\"wp-block-button is-style-marker-green\"><a class=\"wp-block-button__link wp-element-button\" href=\"https:\/\/intl.phonak.com\/sk-sk\/najst-odbornika\/\">Vyh\u013eada\u0165 odborn\u00edka<\/a><\/div>\n<\/div>\n<\/div><\/div> ","protected":false},"excerpt":{"rendered":"<p>\u010co m\u00f4\u017eete o\u010dak\u00e1va\u0165 Pravdepodobne ste u\u017e prem\u00fd\u0161\u013eali, ako prebieha konzult\u00e1cia s\u00a0odborn\u00edkom. Radi by sme v\u00e1s upokojili a\u00a0na\u010drtli, \u010do m\u00f4\u017eete na&#8230;<\/p>\n","protected":false},"author":5,"featured_media":0,"parent":448,"menu_order":0,"comment_status":"closed","ping_status":"closed","template":"","meta":{"_acf_changed":false,"inline_featured_image":false,"footnotes":""},"class_list":["post-470","page","type-page","status-publish","hentry"],"acf":[],"yoast_head":"<!-- This site is optimized with the Yoast SEO plugin v26.9 - https:\/\/yoast.com\/product\/yoast-seo-wordpress\/ -->\n<title>N\u00e1v\u0161teva odborn\u00edka - Phonak - Slovensko<\/title>\n<meta name=\"robots\" content=\"index, follow, max-snippet:-1, max-image-preview:large, max-video-preview:-1\" \/>\n<link rel=\"canonical\" href=\"https:\/\/intl.phonak.com\/main-english\/hearing-loss\/go-to-a-hearing-expert\/\" \/>\n<meta property=\"og:locale\" content=\"sk_SK\" \/>\n<meta property=\"og:type\" content=\"article\" \/>\n<meta property=\"og:title\" content=\"N\u00e1v\u0161teva odborn\u00edka - Phonak - Slovensko\" \/>\n<meta property=\"og:description\" content=\"\u010co m\u00f4\u017eete o\u010dak\u00e1va\u0165 Pravdepodobne ste u\u017e prem\u00fd\u0161\u013eali, ako prebieha konzult\u00e1cia s\u00a0odborn\u00edkom. Radi by sme v\u00e1s upokojili a\u00a0na\u010drtli, \u010do m\u00f4\u017eete na...\" \/>\n<meta property=\"og:url\" content=\"https:\/\/intl.phonak.com\/sk-sk\/strata-sluchu\/navsteva-u-odbornika\/\" \/>\n<meta property=\"og:site_name\" content=\"Phonak - Slovensko\" \/>\n<meta property=\"article:modified_time\" content=\"2025-12-08T11:23:48+00:00\" \/>\n<meta name=\"twitter:card\" content=\"summary_large_image\" \/>\n<meta name=\"twitter:label1\" content=\"Est. reading time\" \/>\n\t<meta name=\"twitter:data1\" content=\"5 minutes\" \/>\n<script type=\"application\/ld+json\" class=\"yoast-schema-graph\">{\"@context\":\"https:\/\/schema.org\",\"@graph\":[{\"@type\":\"WebPage\",\"@id\":\"https:\/\/intl.phonak.com\/sk-sk\/strata-sluchu\/navsteva-u-odbornika\/\",\"url\":\"https:\/\/intl.phonak.com\/sk-sk\/strata-sluchu\/navsteva-u-odbornika\/\",\"name\":\"N\u00e1v\u0161teva odborn\u00edka - Phonak - Slovensko\",\"isPartOf\":{\"@id\":\"https:\/\/intl.phonak.com\/sk-sk\/#website\"},\"primaryImageOfPage\":{\"@id\":\"https:\/\/intl.phonak.com\/sk-sk\/strata-sluchu\/navsteva-u-odbornika\/#primaryimage\"},\"image\":{\"@id\":\"https:\/\/intl.phonak.com\/sk-sk\/strata-sluchu\/navsteva-u-odbornika\/#primaryimage\"},\"thumbnailUrl\":\"https:\/\/intl.phonak.com\/sk-sk\/wp-content\/uploads\/sites\/3\/2023\/12\/Hearing-banner_HCPFittingClient_01-1.jpg\",\"datePublished\":\"2021-11-29T21:39:57+00:00\",\"dateModified\":\"2025-12-08T11:23:48+00:00\",\"breadcrumb\":{\"@id\":\"https:\/\/intl.phonak.com\/sk-sk\/strata-sluchu\/navsteva-u-odbornika\/#breadcrumb\"},\"inLanguage\":\"sk-SK\",\"potentialAction\":[{\"@type\":\"ReadAction\",\"target\":[\"https:\/\/intl.phonak.com\/sk-sk\/strata-sluchu\/navsteva-u-odbornika\/\"]}]},{\"@type\":\"ImageObject\",\"inLanguage\":\"sk-SK\",\"@id\":\"https:\/\/intl.phonak.com\/sk-sk\/strata-sluchu\/navsteva-u-odbornika\/#primaryimage\",\"url\":\"\",\"contentUrl\":\"\"},{\"@type\":\"BreadcrumbList\",\"@id\":\"https:\/\/intl.phonak.com\/sk-sk\/strata-sluchu\/navsteva-u-odbornika\/#breadcrumb\",\"itemListElement\":[{\"@type\":\"ListItem\",\"position\":1,\"name\":\"Home\",\"item\":\"https:\/\/intl.phonak.com\/sk-sk\/\"},{\"@type\":\"ListItem\",\"position\":2,\"name\":\"Strata sluchu\",\"item\":\"https:\/\/intl.phonak.com\/sk-sk\/strata-sluchu\/\"},{\"@type\":\"ListItem\",\"position\":3,\"name\":\"N\u00e1v\u0161teva odborn\u00edka\"}]},{\"@type\":\"WebSite\",\"@id\":\"https:\/\/intl.phonak.com\/sk-sk\/#website\",\"url\":\"https:\/\/intl.phonak.com\/sk-sk\/\",\"name\":\"Phonak - Slovensko\",\"description\":\"Odhodlan\u00ed meni\u0165 \u017eivoty\",\"publisher\":{\"@id\":\"https:\/\/intl.phonak.com\/sk-sk\/#organization\"},\"potentialAction\":[{\"@type\":\"SearchAction\",\"target\":{\"@type\":\"EntryPoint\",\"urlTemplate\":\"https:\/\/intl.phonak.com\/sk-sk\/?s={search_term_string}\"},\"query-input\":{\"@type\":\"PropertyValueSpecification\",\"valueRequired\":true,\"valueName\":\"search_term_string\"}}],\"inLanguage\":\"sk-SK\"},{\"@type\":\"Organization\",\"@id\":\"https:\/\/intl.phonak.com\/sk-sk\/#organization\",\"name\":\"Phonak - Slovensko\",\"url\":\"https:\/\/intl.phonak.com\/sk-sk\/\",\"logo\":{\"@type\":\"ImageObject\",\"inLanguage\":\"sk-SK\",\"@id\":\"https:\/\/intl.phonak.com\/sk-sk\/#\/schema\/logo\/image\/\",\"url\":\"https:\/\/intl.phonak.com\/sk-sk\/wp-content\/uploads\/sites\/64\/2025\/06\/logo-phonak.svg\",\"contentUrl\":\"https:\/\/intl.phonak.com\/sk-sk\/wp-content\/uploads\/sites\/64\/2025\/06\/logo-phonak.svg\",\"caption\":\"Phonak - Slovensko\"},\"image\":{\"@id\":\"https:\/\/intl.phonak.com\/sk-sk\/#\/schema\/logo\/image\/\"}}]}<\/script>\n<!-- \/ Yoast SEO plugin. -->","yoast_head_json":{"title":"N\u00e1v\u0161teva odborn\u00edka - Phonak - Slovensko","robots":{"index":"index","follow":"follow","max-snippet":"max-snippet:-1","max-image-preview":"max-image-preview:large","max-video-preview":"max-video-preview:-1"},"canonical":"https:\/\/intl.phonak.com\/main-english\/hearing-loss\/go-to-a-hearing-expert\/","og_locale":"sk_SK","og_type":"article","og_title":"N\u00e1v\u0161teva odborn\u00edka - Phonak - Slovensko","og_description":"\u010co m\u00f4\u017eete o\u010dak\u00e1va\u0165 Pravdepodobne ste u\u017e prem\u00fd\u0161\u013eali, ako prebieha konzult\u00e1cia s\u00a0odborn\u00edkom. Radi by sme v\u00e1s upokojili a\u00a0na\u010drtli, \u010do m\u00f4\u017eete na...","og_url":"https:\/\/intl.phonak.com\/sk-sk\/strata-sluchu\/navsteva-u-odbornika\/","og_site_name":"Phonak - Slovensko","article_modified_time":"2025-12-08T11:23:48+00:00","twitter_card":"summary_large_image","twitter_misc":{"Est. reading time":"5 minutes"},"schema":{"@context":"https:\/\/schema.org","@graph":[{"@type":"WebPage","@id":"https:\/\/intl.phonak.com\/sk-sk\/strata-sluchu\/navsteva-u-odbornika\/","url":"https:\/\/intl.phonak.com\/sk-sk\/strata-sluchu\/navsteva-u-odbornika\/","name":"N\u00e1v\u0161teva odborn\u00edka - Phonak - Slovensko","isPartOf":{"@id":"https:\/\/intl.phonak.com\/sk-sk\/#website"},"primaryImageOfPage":{"@id":"https:\/\/intl.phonak.com\/sk-sk\/strata-sluchu\/navsteva-u-odbornika\/#primaryimage"},"image":{"@id":"https:\/\/intl.phonak.com\/sk-sk\/strata-sluchu\/navsteva-u-odbornika\/#primaryimage"},"thumbnailUrl":"https:\/\/intl.phonak.com\/sk-sk\/wp-content\/uploads\/sites\/3\/2023\/12\/Hearing-banner_HCPFittingClient_01-1.jpg","datePublished":"2021-11-29T21:39:57+00:00","dateModified":"2025-12-08T11:23:48+00:00","breadcrumb":{"@id":"https:\/\/intl.phonak.com\/sk-sk\/strata-sluchu\/navsteva-u-odbornika\/#breadcrumb"},"inLanguage":"sk-SK","potentialAction":[{"@type":"ReadAction","target":["https:\/\/intl.phonak.com\/sk-sk\/strata-sluchu\/navsteva-u-odbornika\/"]}]},{"@type":"ImageObject","inLanguage":"sk-SK","@id":"https:\/\/intl.phonak.com\/sk-sk\/strata-sluchu\/navsteva-u-odbornika\/#primaryimage","url":"","contentUrl":""},{"@type":"BreadcrumbList","@id":"https:\/\/intl.phonak.com\/sk-sk\/strata-sluchu\/navsteva-u-odbornika\/#breadcrumb","itemListElement":[{"@type":"ListItem","position":1,"name":"Home","item":"https:\/\/intl.phonak.com\/sk-sk\/"},{"@type":"ListItem","position":2,"name":"Strata sluchu","item":"https:\/\/intl.phonak.com\/sk-sk\/strata-sluchu\/"},{"@type":"ListItem","position":3,"name":"N\u00e1v\u0161teva odborn\u00edka"}]},{"@type":"WebSite","@id":"https:\/\/intl.phonak.com\/sk-sk\/#website","url":"https:\/\/intl.phonak.com\/sk-sk\/","name":"Phonak - Slovensko","description":"Odhodlan\u00ed meni\u0165 \u017eivoty","publisher":{"@id":"https:\/\/intl.phonak.com\/sk-sk\/#organization"},"potentialAction":[{"@type":"SearchAction","target":{"@type":"EntryPoint","urlTemplate":"https:\/\/intl.phonak.com\/sk-sk\/?s={search_term_string}"},"query-input":{"@type":"PropertyValueSpecification","valueRequired":true,"valueName":"search_term_string"}}],"inLanguage":"sk-SK"},{"@type":"Organization","@id":"https:\/\/intl.phonak.com\/sk-sk\/#organization","name":"Phonak - Slovensko","url":"https:\/\/intl.phonak.com\/sk-sk\/","logo":{"@type":"ImageObject","inLanguage":"sk-SK","@id":"https:\/\/intl.phonak.com\/sk-sk\/#\/schema\/logo\/image\/","url":"https:\/\/intl.phonak.com\/sk-sk\/wp-content\/uploads\/sites\/64\/2025\/06\/logo-phonak.svg","contentUrl":"https:\/\/intl.phonak.com\/sk-sk\/wp-content\/uploads\/sites\/64\/2025\/06\/logo-phonak.svg","caption":"Phonak - Slovensko"},"image":{"@id":"https:\/\/intl.phonak.com\/sk-sk\/#\/schema\/logo\/image\/"}}]}},"jetpack_sharing_enabled":true,"distributor_meta":false,"distributor_terms":false,"distributor_media":false,"distributor_original_site_name":"Phonak - Slovensko","distributor_original_site_url":"https:\/\/intl.phonak.com\/sk-sk","push-errors":false,"_links":{"self":[{"href":"https:\/\/intl.phonak.com\/sk-sk\/wp-json\/wp\/v2\/pages\/470","targetHints":{"allow":["GET"]}}],"collection":[{"href":"https:\/\/intl.phonak.com\/sk-sk\/wp-json\/wp\/v2\/pages"}],"about":[{"href":"https:\/\/intl.phonak.com\/sk-sk\/wp-json\/wp\/v2\/types\/page"}],"author":[{"embeddable":true,"href":"https:\/\/intl.phonak.com\/sk-sk\/wp-json\/wp\/v2\/users\/5"}],"replies":[{"embeddable":true,"href":"https:\/\/intl.phonak.com\/sk-sk\/wp-json\/wp\/v2\/comments?post=470"}],"version-history":[{"count":9,"href":"https:\/\/intl.phonak.com\/sk-sk\/wp-json\/wp\/v2\/pages\/470\/revisions"}],"predecessor-version":[{"id":1333,"href":"https:\/\/intl.phonak.com\/sk-sk\/wp-json\/wp\/v2\/pages\/470\/revisions\/1333"}],"up":[{"embeddable":true,"href":"https:\/\/intl.phonak.com\/sk-sk\/wp-json\/wp\/v2\/pages\/448"}],"wp:attachment":[{"href":"https:\/\/intl.phonak.com\/sk-sk\/wp-json\/wp\/v2\/media?parent=470"}],"curies":[{"name":"wp","href":"https:\/\/api.w.org\/{rel}","templated":true}]}}