{"id":467,"date":"2021-11-30T14:36:50","date_gmt":"2021-11-30T14:36:50","guid":{"rendered":"https:\/\/intl.phonak.com\/sk-sk\/hearing-aid-customization\/"},"modified":"2026-01-20T08:45:54","modified_gmt":"2026-01-20T08:45:54","slug":"personifikacia-nacuvacieho-pristroja","status":"publish","type":"page","link":"https:\/\/intl.phonak.com\/sk-sk\/strata-sluchu\/personifikacia-nacuvacieho-pristroja\/","title":{"rendered":"Na\u010d\u00favacie pr\u00edstroje na mieru"},"content":{"rendered":"\n<div class=\"wp-block-cover alignfull is-light\"><img decoding=\"async\" class=\"wp-block-cover__image-background wp-image-5329\" alt=\"\" src=\"https:\/\/intl.phonak.com\/sk-sk\/wp-content\/uploads\/sites\/3\/2022\/03\/Banner-01.jpg\" style=\"object-position:16% 56%\" data-object-fit=\"cover\" data-object-position=\"16% 56%\"\/><span aria-hidden=\"true\" class=\"wp-block-cover__background has-light-grey-background-color has-background-dim\"><\/span><div class=\"wp-block-cover__inner-container is-layout-flow wp-block-cover-is-layout-flow\">\n<h1 class=\"wp-block-heading has-text-align-center has-dark-grey-color has-text-color\" id=\"your-personal-hearing-aid\">Na\u010d\u00favac\u00ed pr\u00edstroj na mieru<\/h1>\n\n\n\n<p class=\"has-text-align-center margin-bottom-0 is-style-default has-dark-grey-color has-text-color has-lead-font-size\">Nastavenie na\u010d\u00favacieho pr\u00edstroja prebieha v\u00a0nieko\u013ek\u00fdch krokoch, aby sa prisp\u00f4sobilo va\u0161ej strate sluchu, tvaru v\u00e1\u0161ho ucha a\u00a0sluchov\u00fdm n\u00e1vykom.<\/p>\n<\/div><\/div>\n\n\n\n<div class=\"wp-block-group is-style-align-small is-layout-flow wp-block-group-is-layout-flow\" style=\"padding-top:0px\">\n<h3 class=\"wp-block-heading has-text-align-center has-blue-color has-text-color\" id=\"get-to-know-your-hearing-aid\">Zozn\u00e1mte sa so svoj\u00edm na\u010d\u00favac\u00edm pr\u00edstrojom<\/h3>\n\n\n\n<p class=\"has-text-align-center\">Odborn\u00edk v\u00e1m poskytne podrobn\u00e9 pokyny na pou\u017e\u00edvanie na\u010d\u00favacieho pr\u00edstroja: ako ho nasadi\u0165, ovl\u00e1da\u0165 a\u00a0ako pracova\u0165 s\u00a0hlasitos\u0165ou. Tie\u017e v\u00e1m vysvetl\u00ed \u00fadr\u017ebu na\u010d\u00favacieho pr\u00edstroja \u2013 ako vymeni\u0165 bat\u00e9rie, ako ho \u010disti\u0165 a\u00a0vys\u00fa\u0161a\u0165. Na z\u00e1ver sa dozviete, ako na\u010d\u00favac\u00ed pr\u00edstroj reaguje v\u00a0r\u00f4znych posluchov\u00fdch situ\u00e1ci\u00e1ch. Teraz si m\u00f4\u017eete svoje nov\u00e9 na\u010d\u00favacie pr\u00edstroje odnies\u0165 domov.<\/p>\n<\/div>\n\n\n\n<div class=\"wp-block-group alignfull has-light-grey-background-color has-background is-layout-flow wp-block-group-is-layout-flow\">\n<div class=\"wp-block-group is-style-align-small is-layout-flow wp-block-group-is-layout-flow\">\n<h3 class=\"wp-block-heading has-text-align-center has-blue-color has-text-color\" id=\"first-days-with-your-new-hearing-aid\">Prv\u00e9 dni s\u00a0va\u0161\u00edm nov\u00fdm na\u010d\u00favac\u00edm pr\u00edstrojom<\/h3>\n\n\n\n<p class=\"has-text-align-center\">Po\u010das prv\u00fdch nieko\u013ek\u00fdch dn\u00ed by ste sa mali zozn\u00e1mi\u0165 so svoj\u00edm nov\u00fdm na\u010d\u00favac\u00edm pr\u00edstrojom.  Najprv by ste ho mali nosi\u0165 nieko\u013eko hod\u00edn denne v\u00a0prostred\u00ed, ktor\u00e9 pozn\u00e1te. Niektor\u00e9 veci sa v\u00e1m m\u00f4\u017eu zda\u0165 po\u010das tohto obdobia zvl\u00e1\u0161tne. Najlep\u0161\u00ed sp\u00f4sob, ako presk\u00fama\u0165 nov\u00fd sluchov\u00fd vnem, je rozpr\u00e1va\u0165 sa s\u00a0\u013eu\u010fmi alebo sledova\u0165 telev\u00edziu. V\u00e1\u0161 vlastn\u00fd hlas v\u00e1m m\u00f4\u017ee znie\u0165 \u010dudne alebo pr\u00edli\u0161 hlasno, preto\u017ee ste si mo\u017eno zvykli hovori\u0165 hlasnej\u0161ie, aby ste po\u010duli svoj vlastn\u00fd hlas. Precvi\u010dujte si hovori\u0165 tich\u0161ie. Zaznamen\u00e1vajte si svoje sk\u00fasenosti &#8211; pom\u00f4\u017ee to v\u00e1\u0161mu odborn\u00edkovi pri doladen\u00ed va\u0161ej kompenza\u010dnej pom\u00f4cky.<\/p>\n\n\n\n<p class=\"has-text-align-center\"><a href=\"https:\/\/intl.phonak.com\/sk-sk\/strata-sluchu\/starostlivost-o-nacuvaci-pristroj\/\">\u010eal\u0161iu podporu a\u00a0inform\u00e1cie n\u00e1jdete v\u00a0na\u0161ich vide\u00e1ch o\u00a0\u00fadr\u017ebe na\u010d\u00favac\u00edch pr\u00edstrojov<\/a><\/p>\n<\/div>\n<\/div>\n\n\n\n<div class=\"wp-block-group is-style-align-small is-layout-flow wp-block-group-is-layout-flow\">\n<h3 class=\"wp-block-heading has-text-align-center has-blue-color has-text-color\" id=\"final-adjustment-by-your-hearing-care-professional\">Kone\u010dn\u00e9 nastavenie vykon\u00e1 vami vybran\u00fd odborn\u00edk<\/h3>\n\n\n\n<p class=\"has-text-align-center\">Teraz budete ma\u0165 pr\u00edle\u017eitos\u0165 prediskutova\u0165 svoje prv\u00e9 sk\u00fasenosti so svojim audiol\u00f3gom. Nastavenie v\u00e1\u0161ho na\u010d\u00favacieho pr\u00edstroja bude potom upraven\u00e9 tak, aby vyhovovalo va\u0161im \u0161pecifick\u00fdm potreb\u00e1m. \u0160pecialista odpovie na v\u0161etky va\u0161e ot\u00e1zky a\u00a0poskytne v\u00e1m v\u0161eobecn\u00e9 rady. Pri tejto n\u00e1v\u0161teve v\u00e1m na\u010d\u00favac\u00ed pr\u00edstroj dolad\u00edme tak, aby v\u00e1m \u010do najlep\u0161ie sedelo a\u00a0pomohlo v\u00e1m lep\u0161ie rozumie\u0165 re\u010di.<\/p>\n\n\n\n<p class=\"has-text-align-center\">Teraz vst\u00fapite do f\u00e1zy, kedy sa kvalita v\u00e1\u0161ho \u017eivota bude ka\u017ed\u00fd de\u0148 postupne zlep\u0161ova\u0165. Pokra\u010dujte v\u00a0pou\u017e\u00edvan\u00ed na\u010d\u00favacieho pr\u00edstroja nieko\u013eko hod\u00edn denne. Nepon\u00e1h\u013eajte sa. Nau\u010d\u00edte sa na\u010d\u00favac\u00ed pr\u00edstroj \u010do najlep\u0161ie pou\u017e\u00edva\u0165 a\u00a0\u010doskoro ocen\u00edte v\u0161etky jeho v\u00fdhody a\u00a0pr\u00ednos pre celkov\u00fa pohodu.<\/p>\n\n\n\n<div class=\"wp-block-buttons is-horizontal is-content-justification-center is-layout-flex wp-container-core-buttons-is-layout-499968f5 wp-block-buttons-is-layout-flex\">\n<div class=\"wp-block-button is-style-download\"><a class=\"wp-block-button__link wp-element-button\" href=\"https:\/\/intl.phonak.com\/sk-sk\/wp-content\/uploads\/sites\/3\/2024\/10\/PH_Pamphlet_ReviveYourHearingPreviewIntl_94x210_EN_028-0776-02.pdf\" target=\"_blank\" rel=\"noreferrer noopener\">O\u017eivte svoj sluch<\/a><\/div>\n<\/div>\n<\/div>\n\n\n\n<p class=\"has-text-align-center\"><a href=\"https:\/\/intl.phonak.com\/sk-sk\/riesenie\/\">Zistite mo\u017enosti rie\u0161enia straty sluchu<\/a><\/p>\n\n\n\n<div class=\"wp-block-media-text is-stacked-on-mobile cta-block\" style=\"grid-template-columns:35% auto\"><figure class=\"wp-block-media-text__media\"><img decoding=\"async\" src=\"https:\/\/intl.phonak.com\/main-english\/wp-content\/uploads\/sites\/3\/2021\/11\/cta-image.jpg?w=401\" alt=\"\" class=\"wp-image-6738 size-full\"\/><\/figure><div class=\"wp-block-media-text__content\">\n<div class=\"wp-block-create-block-icon-selector\"><i class=\"fal fa-map-marker-alt\"><\/i><\/div>   \n<h3 class=\"wp-block-heading\">Odborn\u00edci vo va\u0161ej bl\u00edzkosti<\/h3>   <p>Vami vybran\u00fd odborn\u00edk v\u00e1m pom\u00f4\u017ee urobi\u0165 v\u00fdber, ktor\u00fd je pre v\u00e1s ide\u00e1lny. Zoh\u013eadn\u00ed va\u0161e sluchov\u00e9 potreby, finan\u010dn\u00e9 mo\u017enosti, \u017eivotn\u00fd \u0161t\u00fdl a\u00a0individu\u00e1lne posluchov\u00e9 preferencie. <\/p>   <div class=\"wp-block-buttons is-layout-flex wp-block-buttons-is-layout-flex\">\n<div class=\"wp-block-button is-style-marker-green\"><a class=\"wp-block-button__link wp-element-button\" href=\"https:\/\/intl.phonak.com\/sk-sk\/najst-odbornika\/\">Vyh\u013eada\u0165 odborn\u00edka<\/a><\/div>\n<\/div>\n<\/div><\/div> ","protected":false},"excerpt":{"rendered":"<p>Zozn\u00e1mte sa so svoj\u00edm na\u010d\u00favac\u00edm pr\u00edstrojom Odborn\u00edk v\u00e1m poskytne podrobn\u00e9 pokyny na pou\u017e\u00edvanie na\u010d\u00favacieho pr\u00edstroja: ako ho nasadi\u0165, ovl\u00e1da\u0165 a\u00a0ako&#8230;<\/p>\n","protected":false},"author":5,"featured_media":0,"parent":448,"menu_order":0,"comment_status":"closed","ping_status":"closed","template":"","meta":{"_acf_changed":false,"inline_featured_image":false,"footnotes":""},"class_list":["post-467","page","type-page","status-publish","hentry"],"acf":[],"yoast_head":"<!-- This site is optimized with the Yoast SEO plugin v26.9 - https:\/\/yoast.com\/product\/yoast-seo-wordpress\/ -->\n<title>Na\u010d\u00favacie pr\u00edstroje na mieru - Phonak - Slovensko<\/title>\n<meta name=\"robots\" content=\"index, follow, max-snippet:-1, max-image-preview:large, max-video-preview:-1\" \/>\n<link rel=\"canonical\" href=\"https:\/\/intl.phonak.com\/main-english\/hearing-loss\/hearing-aid-customization\/\" \/>\n<meta property=\"og:locale\" content=\"sk_SK\" \/>\n<meta property=\"og:type\" content=\"article\" \/>\n<meta property=\"og:title\" content=\"Na\u010d\u00favacie pr\u00edstroje na mieru - Phonak - Slovensko\" \/>\n<meta property=\"og:description\" content=\"Zozn\u00e1mte sa so svoj\u00edm na\u010d\u00favac\u00edm pr\u00edstrojom Odborn\u00edk v\u00e1m poskytne podrobn\u00e9 pokyny na pou\u017e\u00edvanie na\u010d\u00favacieho pr\u00edstroja: ako ho nasadi\u0165, ovl\u00e1da\u0165 a\u00a0ako...\" \/>\n<meta property=\"og:url\" content=\"https:\/\/intl.phonak.com\/sk-sk\/strata-sluchu\/personifikacia-nacuvacieho-pristroja\/\" \/>\n<meta property=\"og:site_name\" content=\"Phonak - Slovensko\" \/>\n<meta property=\"article:modified_time\" content=\"2026-01-20T08:45:54+00:00\" \/>\n<meta name=\"twitter:card\" content=\"summary_large_image\" \/>\n<meta name=\"twitter:label1\" content=\"Est. reading time\" \/>\n\t<meta name=\"twitter:data1\" content=\"3 minutes\" \/>\n<script type=\"application\/ld+json\" class=\"yoast-schema-graph\">{\"@context\":\"https:\/\/schema.org\",\"@graph\":[{\"@type\":\"WebPage\",\"@id\":\"https:\/\/intl.phonak.com\/sk-sk\/strata-sluchu\/personifikacia-nacuvacieho-pristroja\/\",\"url\":\"https:\/\/intl.phonak.com\/sk-sk\/strata-sluchu\/personifikacia-nacuvacieho-pristroja\/\",\"name\":\"Na\u010d\u00favacie pr\u00edstroje na mieru - Phonak - Slovensko\",\"isPartOf\":{\"@id\":\"https:\/\/intl.phonak.com\/sk-sk\/#website\"},\"primaryImageOfPage\":{\"@id\":\"https:\/\/intl.phonak.com\/sk-sk\/strata-sluchu\/personifikacia-nacuvacieho-pristroja\/#primaryimage\"},\"image\":{\"@id\":\"https:\/\/intl.phonak.com\/sk-sk\/strata-sluchu\/personifikacia-nacuvacieho-pristroja\/#primaryimage\"},\"thumbnailUrl\":\"https:\/\/intl.phonak.com\/sk-sk\/wp-content\/uploads\/sites\/3\/2022\/03\/Banner-01.jpg\",\"datePublished\":\"2021-11-30T14:36:50+00:00\",\"dateModified\":\"2026-01-20T08:45:54+00:00\",\"breadcrumb\":{\"@id\":\"https:\/\/intl.phonak.com\/sk-sk\/strata-sluchu\/personifikacia-nacuvacieho-pristroja\/#breadcrumb\"},\"inLanguage\":\"sk-SK\",\"potentialAction\":[{\"@type\":\"ReadAction\",\"target\":[\"https:\/\/intl.phonak.com\/sk-sk\/strata-sluchu\/personifikacia-nacuvacieho-pristroja\/\"]}]},{\"@type\":\"ImageObject\",\"inLanguage\":\"sk-SK\",\"@id\":\"https:\/\/intl.phonak.com\/sk-sk\/strata-sluchu\/personifikacia-nacuvacieho-pristroja\/#primaryimage\",\"url\":\"\",\"contentUrl\":\"\"},{\"@type\":\"BreadcrumbList\",\"@id\":\"https:\/\/intl.phonak.com\/sk-sk\/strata-sluchu\/personifikacia-nacuvacieho-pristroja\/#breadcrumb\",\"itemListElement\":[{\"@type\":\"ListItem\",\"position\":1,\"name\":\"Home\",\"item\":\"https:\/\/intl.phonak.com\/sk-sk\/\"},{\"@type\":\"ListItem\",\"position\":2,\"name\":\"Strata sluchu\",\"item\":\"https:\/\/intl.phonak.com\/sk-sk\/strata-sluchu\/\"},{\"@type\":\"ListItem\",\"position\":3,\"name\":\"Na\u010d\u00favacie pr\u00edstroje na mieru\"}]},{\"@type\":\"WebSite\",\"@id\":\"https:\/\/intl.phonak.com\/sk-sk\/#website\",\"url\":\"https:\/\/intl.phonak.com\/sk-sk\/\",\"name\":\"Phonak - Slovensko\",\"description\":\"Odhodlan\u00ed meni\u0165 \u017eivoty\",\"publisher\":{\"@id\":\"https:\/\/intl.phonak.com\/sk-sk\/#organization\"},\"potentialAction\":[{\"@type\":\"SearchAction\",\"target\":{\"@type\":\"EntryPoint\",\"urlTemplate\":\"https:\/\/intl.phonak.com\/sk-sk\/?s={search_term_string}\"},\"query-input\":{\"@type\":\"PropertyValueSpecification\",\"valueRequired\":true,\"valueName\":\"search_term_string\"}}],\"inLanguage\":\"sk-SK\"},{\"@type\":\"Organization\",\"@id\":\"https:\/\/intl.phonak.com\/sk-sk\/#organization\",\"name\":\"Phonak - Slovensko\",\"url\":\"https:\/\/intl.phonak.com\/sk-sk\/\",\"logo\":{\"@type\":\"ImageObject\",\"inLanguage\":\"sk-SK\",\"@id\":\"https:\/\/intl.phonak.com\/sk-sk\/#\/schema\/logo\/image\/\",\"url\":\"https:\/\/intl.phonak.com\/sk-sk\/wp-content\/uploads\/sites\/64\/2025\/06\/logo-phonak.svg\",\"contentUrl\":\"https:\/\/intl.phonak.com\/sk-sk\/wp-content\/uploads\/sites\/64\/2025\/06\/logo-phonak.svg\",\"caption\":\"Phonak - Slovensko\"},\"image\":{\"@id\":\"https:\/\/intl.phonak.com\/sk-sk\/#\/schema\/logo\/image\/\"}}]}<\/script>\n<!-- \/ Yoast SEO plugin. -->","yoast_head_json":{"title":"Na\u010d\u00favacie pr\u00edstroje na mieru - Phonak - Slovensko","robots":{"index":"index","follow":"follow","max-snippet":"max-snippet:-1","max-image-preview":"max-image-preview:large","max-video-preview":"max-video-preview:-1"},"canonical":"https:\/\/intl.phonak.com\/main-english\/hearing-loss\/hearing-aid-customization\/","og_locale":"sk_SK","og_type":"article","og_title":"Na\u010d\u00favacie pr\u00edstroje na mieru - Phonak - Slovensko","og_description":"Zozn\u00e1mte sa so svoj\u00edm na\u010d\u00favac\u00edm pr\u00edstrojom Odborn\u00edk v\u00e1m poskytne podrobn\u00e9 pokyny na pou\u017e\u00edvanie na\u010d\u00favacieho pr\u00edstroja: ako ho nasadi\u0165, ovl\u00e1da\u0165 a\u00a0ako...","og_url":"https:\/\/intl.phonak.com\/sk-sk\/strata-sluchu\/personifikacia-nacuvacieho-pristroja\/","og_site_name":"Phonak - Slovensko","article_modified_time":"2026-01-20T08:45:54+00:00","twitter_card":"summary_large_image","twitter_misc":{"Est. reading time":"3 minutes"},"schema":{"@context":"https:\/\/schema.org","@graph":[{"@type":"WebPage","@id":"https:\/\/intl.phonak.com\/sk-sk\/strata-sluchu\/personifikacia-nacuvacieho-pristroja\/","url":"https:\/\/intl.phonak.com\/sk-sk\/strata-sluchu\/personifikacia-nacuvacieho-pristroja\/","name":"Na\u010d\u00favacie pr\u00edstroje na mieru - Phonak - Slovensko","isPartOf":{"@id":"https:\/\/intl.phonak.com\/sk-sk\/#website"},"primaryImageOfPage":{"@id":"https:\/\/intl.phonak.com\/sk-sk\/strata-sluchu\/personifikacia-nacuvacieho-pristroja\/#primaryimage"},"image":{"@id":"https:\/\/intl.phonak.com\/sk-sk\/strata-sluchu\/personifikacia-nacuvacieho-pristroja\/#primaryimage"},"thumbnailUrl":"https:\/\/intl.phonak.com\/sk-sk\/wp-content\/uploads\/sites\/3\/2022\/03\/Banner-01.jpg","datePublished":"2021-11-30T14:36:50+00:00","dateModified":"2026-01-20T08:45:54+00:00","breadcrumb":{"@id":"https:\/\/intl.phonak.com\/sk-sk\/strata-sluchu\/personifikacia-nacuvacieho-pristroja\/#breadcrumb"},"inLanguage":"sk-SK","potentialAction":[{"@type":"ReadAction","target":["https:\/\/intl.phonak.com\/sk-sk\/strata-sluchu\/personifikacia-nacuvacieho-pristroja\/"]}]},{"@type":"ImageObject","inLanguage":"sk-SK","@id":"https:\/\/intl.phonak.com\/sk-sk\/strata-sluchu\/personifikacia-nacuvacieho-pristroja\/#primaryimage","url":"","contentUrl":""},{"@type":"BreadcrumbList","@id":"https:\/\/intl.phonak.com\/sk-sk\/strata-sluchu\/personifikacia-nacuvacieho-pristroja\/#breadcrumb","itemListElement":[{"@type":"ListItem","position":1,"name":"Home","item":"https:\/\/intl.phonak.com\/sk-sk\/"},{"@type":"ListItem","position":2,"name":"Strata sluchu","item":"https:\/\/intl.phonak.com\/sk-sk\/strata-sluchu\/"},{"@type":"ListItem","position":3,"name":"Na\u010d\u00favacie pr\u00edstroje na mieru"}]},{"@type":"WebSite","@id":"https:\/\/intl.phonak.com\/sk-sk\/#website","url":"https:\/\/intl.phonak.com\/sk-sk\/","name":"Phonak - Slovensko","description":"Odhodlan\u00ed meni\u0165 \u017eivoty","publisher":{"@id":"https:\/\/intl.phonak.com\/sk-sk\/#organization"},"potentialAction":[{"@type":"SearchAction","target":{"@type":"EntryPoint","urlTemplate":"https:\/\/intl.phonak.com\/sk-sk\/?s={search_term_string}"},"query-input":{"@type":"PropertyValueSpecification","valueRequired":true,"valueName":"search_term_string"}}],"inLanguage":"sk-SK"},{"@type":"Organization","@id":"https:\/\/intl.phonak.com\/sk-sk\/#organization","name":"Phonak - Slovensko","url":"https:\/\/intl.phonak.com\/sk-sk\/","logo":{"@type":"ImageObject","inLanguage":"sk-SK","@id":"https:\/\/intl.phonak.com\/sk-sk\/#\/schema\/logo\/image\/","url":"https:\/\/intl.phonak.com\/sk-sk\/wp-content\/uploads\/sites\/64\/2025\/06\/logo-phonak.svg","contentUrl":"https:\/\/intl.phonak.com\/sk-sk\/wp-content\/uploads\/sites\/64\/2025\/06\/logo-phonak.svg","caption":"Phonak - Slovensko"},"image":{"@id":"https:\/\/intl.phonak.com\/sk-sk\/#\/schema\/logo\/image\/"}}]}},"jetpack_sharing_enabled":true,"distributor_meta":false,"distributor_terms":false,"distributor_media":false,"distributor_original_site_name":"Phonak - Slovensko","distributor_original_site_url":"https:\/\/intl.phonak.com\/sk-sk","push-errors":false,"_links":{"self":[{"href":"https:\/\/intl.phonak.com\/sk-sk\/wp-json\/wp\/v2\/pages\/467","targetHints":{"allow":["GET"]}}],"collection":[{"href":"https:\/\/intl.phonak.com\/sk-sk\/wp-json\/wp\/v2\/pages"}],"about":[{"href":"https:\/\/intl.phonak.com\/sk-sk\/wp-json\/wp\/v2\/types\/page"}],"author":[{"embeddable":true,"href":"https:\/\/intl.phonak.com\/sk-sk\/wp-json\/wp\/v2\/users\/5"}],"replies":[{"embeddable":true,"href":"https:\/\/intl.phonak.com\/sk-sk\/wp-json\/wp\/v2\/comments?post=467"}],"version-history":[{"count":29,"href":"https:\/\/intl.phonak.com\/sk-sk\/wp-json\/wp\/v2\/pages\/467\/revisions"}],"predecessor-version":[{"id":1434,"href":"https:\/\/intl.phonak.com\/sk-sk\/wp-json\/wp\/v2\/pages\/467\/revisions\/1434"}],"up":[{"embeddable":true,"href":"https:\/\/intl.phonak.com\/sk-sk\/wp-json\/wp\/v2\/pages\/448"}],"wp:attachment":[{"href":"https:\/\/intl.phonak.com\/sk-sk\/wp-json\/wp\/v2\/media?parent=467"}],"curies":[{"name":"wp","href":"https:\/\/api.w.org\/{rel}","templated":true}]}}