{"id":464,"date":"2021-11-30T15:12:48","date_gmt":"2021-11-30T15:12:48","guid":{"rendered":"https:\/\/intl.phonak.com\/sk-sk\/hearing-aid-styles\/"},"modified":"2026-01-20T10:05:11","modified_gmt":"2026-01-20T10:05:11","slug":"typy-nacuvacich-pristrojov","status":"publish","type":"page","link":"https:\/\/intl.phonak.com\/sk-sk\/riesenie\/typy-nacuvacich-pristrojov\/","title":{"rendered":"Modely na\u010d\u00favac\u00edch pr\u00edstrojov"},"content":{"rendered":"\n<div class=\"wp-block-cover alignfull is-light\"><img decoding=\"async\" class=\"wp-block-cover__image-background wp-image-4536\" alt=\"Hearing aid styles\" src=\"https:\/\/intl.phonak.com\/sk-sk\/wp-content\/uploads\/sites\/3\/2022\/02\/Banner-hearing-aid-styles.jpg\" data-object-fit=\"cover\"\/><span aria-hidden=\"true\" class=\"wp-block-cover__background has-white-background-color has-background-dim-70 has-background-dim\"><\/span><div class=\"wp-block-cover__inner-container is-layout-flow wp-block-cover-is-layout-flow\">\n<h1 class=\"wp-block-heading has-text-align-center has-dark-grey-color has-text-color\" id=\"phonak-hearing-aid-styles\">Modely na\u010d\u00favac\u00edch pr\u00edstrojov Phonak<\/h1>\n\n\n\n<p class=\"has-text-align-center margin-bottom-0 has-dark-grey-color has-text-color has-lead-font-size\">Komfortne st\u00e1le v\u00a0spojen\u00ed<\/p>\n<\/div><\/div>\n\n\n\n<div class=\"wp-block-group is-style-align-small is-layout-flow wp-block-group-is-layout-flow\" style=\"padding-top:0px\">\n<h2 class=\"wp-block-heading has-text-align-center\" id=\"discover-the-style-that-fits-perfect-to-you\">Vyberte si \u0161t\u00fdl, ktor\u00fd v\u00e1m dokonale padne<\/h2>\n\n\n\n<p class=\"has-text-align-center\">Modern\u00e9 na\u010d\u00favacie pr\u00edstroje pon\u00fakaj\u00fa \u0161irok\u00fa \u0161k\u00e1lu funkci\u00ed a\u00a0rozmanitosti. Vami vybran\u00fd odborn\u00edk v\u00e1m pom\u00f4\u017ee urobi\u0165 v\u00fdber, ktor\u00fd je pre v\u00e1s ide\u00e1lny. Zoh\u013eadn\u00ed va\u0161e sluchov\u00e9 potreby, finan\u010dn\u00e9 mo\u017enosti, \u017eivotn\u00fd \u0161t\u00fdl a\u00a0individu\u00e1lne posluchov\u00e9 preferencie.<\/p>\n<\/div>\n\n\n\n<div class=\"wp-block-columns is-layout-flex wp-container-core-columns-is-layout-9d6595d7 wp-block-columns-is-layout-flex\">\n<div class=\"wp-block-column is-layout-flow wp-block-column-is-layout-flow\">\n<figure class=\"wp-block-image size-large is-resized is-style-default\"><img decoding=\"async\" src=\"https:\/\/intl.phonak.com\/wp-content\/uploads\/2021\/11\/custom-products.jpeg?w=292\" alt=\"\" class=\"wp-image-2201\" style=\"width:289px;height:221px\"\/><\/figure>\n\n\n\n<h4 class=\"wp-block-heading\" id=\"custom-products-ite\">Na\u010d\u00favacie pr\u00edstroje na mieru (ITE)<\/h4>\n\n\n\n<p>Tieto modely s\u00fa vyroben\u00e9 tak, aby sa prisp\u00f4sobili tvaru zvukovodu pre maxim\u00e1lne pohodlie a\u00a0najlep\u0161\u00ed mo\u017en\u00fd komfort. S\u00fa dostupn\u00e9 v\u00a0mnoh\u00fdch odtie\u0148och pleti, s\u00fa diskr\u00e9tne a\u00a0ve\u013emi efekt\u00edvne. Najmen\u0161ie modely tohto typu umiestnen\u00e9 \u00faplne v\u00a0zvukovode s\u00fa prakticky nevidite\u013en\u00e9. Tieto modely s\u00fa vhodn\u00e9 pre miernu a\u017e \u0165a\u017ek\u00fa stratu sluchu.<\/p>\n\n\n\n<p class=\"has-text-align-left\"><strong>Dostupn\u00e9 na\u010d\u00favacie pr\u00edstroje:<\/strong><\/p>\n\n\n\n<p><strong><a href=\"https:\/\/intl.phonak.com\/sk-sk\/produkty\/phonak-virto-paradise\/\">Virto<\/a><\/strong><\/p>\n<\/div>\n\n\n\n<div class=\"wp-block-column is-layout-flow wp-block-column-is-layout-flow\">\n<figure class=\"wp-block-image size-large is-style-not-rounded\"><img decoding=\"async\" src=\"https:\/\/intl.phonak.com\/wp-content\/uploads\/2021\/11\/receiver-in-canal.jpeg?w=292\" alt=\"\" class=\"wp-image-2202\"\/><\/figure>\n\n\n\n<h4 class=\"wp-block-heading\" id=\"receiver-in-canal-ric\">S\u00a0reproduktorom v\u00a0zvukovode (RIC)<\/h4>\n\n\n\n<p>Tieto modely s\u00fa men\u0161ie ako \u0161tandardn\u00e9 z\u00e1vesn\u00e9 na\u010d\u00favacie pr\u00edstroje (BTE) a\u00a0s\u00fa vhodn\u00e9 pre miernu a\u017e \u0165a\u017ek\u00fa stratu sluchu. Mo\u017eno ich pohodlne nosi\u0165 za uchom. S\u00fa dostupn\u00e9 v\u00a0mnoh\u00fdch r\u00f4znych farb\u00e1ch, \u0161t\u00fdloch a\u00a0dizajnoch.<\/p>\n\n\n\n<p><strong>Dostupn\u00e9 na\u010d\u00favacie pr\u00edstroje:<\/strong><\/p>\n\n\n\n<p><strong><a href=\"https:\/\/intl.phonak.com\/sk-sk\/produkty\/phonak-audeo-infinio\/\">Aud\u00e9o<\/a> <\/strong><\/p>\n<\/div>\n\n\n\n<div class=\"wp-block-column is-layout-flow wp-block-column-is-layout-flow\">\n<figure class=\"wp-block-image size-large is-style-not-rounded\"><img decoding=\"async\" src=\"https:\/\/intl.phonak.com\/wp-content\/uploads\/2021\/11\/behind-the-ear.jpeg?w=292\" alt=\"\" class=\"wp-image-2200\"\/><\/figure>\n\n\n\n<h4 class=\"wp-block-heading\" id=\"behind-the-ear-bte\">Z\u00e1vesn\u00e9 na\u010d\u00favacie pr\u00edstroje (BTE)<\/h4>\n\n\n\n<p>Z\u00e1vesn\u00e9 modely s\u00fa dostupn\u00e9 pre v\u0161etky stupne straty sluchu a, ako napoved\u00e1 n\u00e1zov, mo\u017eno ich pohodlne nosi\u0165 za uchom. S\u00fa dostupn\u00e9 v\u00a0mnoh\u00fdch r\u00f4znych farb\u00e1ch, \u0161t\u00fdloch a\u00a0dizajnoch.<\/p>\n\n\n\n<p><strong>Dostupn\u00e9 na\u010d\u00favacie pr\u00edstroje:<\/strong><\/p>\n\n\n\n<p><strong><a href=\"https:\/\/intl.phonak.com\/sk-sk\/produkty\/phonak-naida-lumity\/\">Na\u00edda<\/a><\/strong> <strong>| <strong><a href=\"https:\/\/intl.phonak.com\/sk-sk\/produkty\/phonak-sky-lumity\/\">Sky<\/a> <\/strong><\/strong><\/p>\n<\/div>\n<\/div>\n\n\n\n<div class=\"wp-block-group alignfull has-light-grey-background-color has-background is-layout-flow wp-block-group-is-layout-flow\">\n<div class=\"wp-block-group is-style-align-small is-layout-flow wp-block-group-is-layout-flow\">\n<h3 class=\"wp-block-heading has-text-align-center\" id=\"get-professional-help-1\">Z\u00edskajte odborn\u00fa pomoc<\/h3>\n\n\n\n<p class=\"has-text-align-center\">Modern\u00e9 na\u010d\u00favacie pr\u00edstroje pon\u00fakaj\u00fa \u0161irok\u00fa \u0161k\u00e1lu funkci\u00ed a\u00a0rozmanitosti. Vami vybran\u00fd odborn\u00edk v\u00e1m pom\u00f4\u017ee urobi\u0165 v\u00fdber, ktor\u00fd je pre v\u00e1s ide\u00e1lny. Zoh\u013eadn\u00ed va\u0161e sluchov\u00e9 potreby, finan\u010dn\u00e9 mo\u017enosti, \u017eivotn\u00fd \u0161t\u00fdl a\u00a0individu\u00e1lne posluchov\u00e9 preferencie.<\/p>\n<\/div>\n<\/div>\n\n\n\n<div style=\"height:24px\" aria-hidden=\"true\" class=\"wp-block-spacer\"><\/div>\n\n\n\n<p class=\"has-text-align-center\"><a href=\"https:\/\/intl.phonak.com\/sk-sk\/riesenie\/nacuvacie-pristroje\/\">Presk\u00famajte ponuku na\u010d\u00favac\u00edch pr\u00edstrojov<\/a><\/p>\n\n\n\n<div style=\"height:28px\" aria-hidden=\"true\" class=\"wp-block-spacer\"><\/div>\n\n\n\n<div class=\"wp-block-media-text is-stacked-on-mobile cta-block\" style=\"grid-template-columns:35% auto\"><figure class=\"wp-block-media-text__media\"><img decoding=\"async\" src=\"https:\/\/intl.phonak.com\/main-english\/wp-content\/uploads\/sites\/3\/2021\/11\/cta-image.jpg?w=401\" alt=\"\" class=\"wp-image-6738 size-full\"\/><\/figure><div class=\"wp-block-media-text__content\">\n<div class=\"wp-block-create-block-icon-selector\"><i class=\"fal fa-map-marker-alt\"><\/i><\/div>   \n<h3 class=\"wp-block-heading\">Odborn\u00edci vo va\u0161ej bl\u00edzkosti<\/h3>   <p>Vami vybran\u00fd odborn\u00edk v\u00e1m pom\u00f4\u017ee urobi\u0165 v\u00fdber, ktor\u00fd je pre v\u00e1s ide\u00e1lny. Zoh\u013eadn\u00ed va\u0161e sluchov\u00e9 potreby, finan\u010dn\u00e9 mo\u017enosti, \u017eivotn\u00fd \u0161t\u00fdl a\u00a0individu\u00e1lne posluchov\u00e9 preferencie. <\/p>   <div class=\"wp-block-buttons is-layout-flex wp-block-buttons-is-layout-flex\">\n<div class=\"wp-block-button is-style-marker-green\"><a class=\"wp-block-button__link wp-element-button\" href=\"https:\/\/intl.phonak.com\/sk-sk\/najst-odbornika\/\">Vyh\u013eada\u0165 odborn\u00edka<\/a><\/div>\n<\/div>\n<\/div><\/div> ","protected":false},"excerpt":{"rendered":"<p>Vyberte si \u0161t\u00fdl, ktor\u00fd v\u00e1m dokonale padne Modern\u00e9 na\u010d\u00favacie pr\u00edstroje pon\u00fakaj\u00fa \u0161irok\u00fa \u0161k\u00e1lu funkci\u00ed a\u00a0rozmanitosti. Vami vybran\u00fd odborn\u00edk v\u00e1m pom\u00f4\u017ee&#8230;<\/p>\n","protected":false},"author":5,"featured_media":0,"parent":436,"menu_order":0,"comment_status":"closed","ping_status":"closed","template":"","meta":{"_acf_changed":false,"inline_featured_image":false,"footnotes":""},"class_list":["post-464","page","type-page","status-publish","hentry"],"acf":[],"yoast_head":"<!-- This site is optimized with the Yoast SEO plugin v26.9 - https:\/\/yoast.com\/product\/yoast-seo-wordpress\/ -->\n<title>Modely na\u010d\u00favac\u00edch pr\u00edstrojov - Phonak - Slovensko<\/title>\n<meta name=\"robots\" content=\"index, follow, max-snippet:-1, max-image-preview:large, max-video-preview:-1\" \/>\n<link rel=\"canonical\" href=\"https:\/\/intl.phonak.com\/main-english\/solutions\/hearing-aid-styles\/\" \/>\n<meta property=\"og:locale\" content=\"sk_SK\" \/>\n<meta property=\"og:type\" content=\"article\" \/>\n<meta property=\"og:title\" content=\"Modely na\u010d\u00favac\u00edch pr\u00edstrojov - Phonak - Slovensko\" \/>\n<meta property=\"og:description\" content=\"Vyberte si \u0161t\u00fdl, ktor\u00fd v\u00e1m dokonale padne Modern\u00e9 na\u010d\u00favacie pr\u00edstroje pon\u00fakaj\u00fa \u0161irok\u00fa \u0161k\u00e1lu funkci\u00ed a\u00a0rozmanitosti. Vami vybran\u00fd odborn\u00edk v\u00e1m pom\u00f4\u017ee...\" \/>\n<meta property=\"og:url\" content=\"https:\/\/intl.phonak.com\/sk-sk\/riesenie\/typy-nacuvacich-pristrojov\/\" \/>\n<meta property=\"og:site_name\" content=\"Phonak - Slovensko\" \/>\n<meta property=\"article:modified_time\" content=\"2026-01-20T10:05:11+00:00\" \/>\n<meta name=\"twitter:card\" content=\"summary_large_image\" \/>\n<meta name=\"twitter:label1\" content=\"Est. reading time\" \/>\n\t<meta name=\"twitter:data1\" content=\"5 minutes\" \/>\n<script type=\"application\/ld+json\" class=\"yoast-schema-graph\">{\"@context\":\"https:\/\/schema.org\",\"@graph\":[{\"@type\":\"WebPage\",\"@id\":\"https:\/\/intl.phonak.com\/sk-sk\/riesenie\/typy-nacuvacich-pristrojov\/\",\"url\":\"https:\/\/intl.phonak.com\/sk-sk\/riesenie\/typy-nacuvacich-pristrojov\/\",\"name\":\"Modely na\u010d\u00favac\u00edch pr\u00edstrojov - Phonak - Slovensko\",\"isPartOf\":{\"@id\":\"https:\/\/intl.phonak.com\/sk-sk\/#website\"},\"primaryImageOfPage\":{\"@id\":\"https:\/\/intl.phonak.com\/sk-sk\/riesenie\/typy-nacuvacich-pristrojov\/#primaryimage\"},\"image\":{\"@id\":\"https:\/\/intl.phonak.com\/sk-sk\/riesenie\/typy-nacuvacich-pristrojov\/#primaryimage\"},\"thumbnailUrl\":\"https:\/\/intl.phonak.com\/sk-sk\/wp-content\/uploads\/sites\/3\/2022\/02\/Banner-hearing-aid-styles.jpg\",\"datePublished\":\"2021-11-30T15:12:48+00:00\",\"dateModified\":\"2026-01-20T10:05:11+00:00\",\"breadcrumb\":{\"@id\":\"https:\/\/intl.phonak.com\/sk-sk\/riesenie\/typy-nacuvacich-pristrojov\/#breadcrumb\"},\"inLanguage\":\"sk-SK\",\"potentialAction\":[{\"@type\":\"ReadAction\",\"target\":[\"https:\/\/intl.phonak.com\/sk-sk\/riesenie\/typy-nacuvacich-pristrojov\/\"]}]},{\"@type\":\"ImageObject\",\"inLanguage\":\"sk-SK\",\"@id\":\"https:\/\/intl.phonak.com\/sk-sk\/riesenie\/typy-nacuvacich-pristrojov\/#primaryimage\",\"url\":\"\",\"contentUrl\":\"\"},{\"@type\":\"BreadcrumbList\",\"@id\":\"https:\/\/intl.phonak.com\/sk-sk\/riesenie\/typy-nacuvacich-pristrojov\/#breadcrumb\",\"itemListElement\":[{\"@type\":\"ListItem\",\"position\":1,\"name\":\"Home\",\"item\":\"https:\/\/intl.phonak.com\/sk-sk\/\"},{\"@type\":\"ListItem\",\"position\":2,\"name\":\"Rie\u0161enia\",\"item\":\"https:\/\/intl.phonak.com\/sk-sk\/riesenie\/\"},{\"@type\":\"ListItem\",\"position\":3,\"name\":\"Modely na\u010d\u00favac\u00edch pr\u00edstrojov\"}]},{\"@type\":\"WebSite\",\"@id\":\"https:\/\/intl.phonak.com\/sk-sk\/#website\",\"url\":\"https:\/\/intl.phonak.com\/sk-sk\/\",\"name\":\"Phonak - Slovensko\",\"description\":\"Odhodlan\u00ed meni\u0165 \u017eivoty\",\"publisher\":{\"@id\":\"https:\/\/intl.phonak.com\/sk-sk\/#organization\"},\"potentialAction\":[{\"@type\":\"SearchAction\",\"target\":{\"@type\":\"EntryPoint\",\"urlTemplate\":\"https:\/\/intl.phonak.com\/sk-sk\/?s={search_term_string}\"},\"query-input\":{\"@type\":\"PropertyValueSpecification\",\"valueRequired\":true,\"valueName\":\"search_term_string\"}}],\"inLanguage\":\"sk-SK\"},{\"@type\":\"Organization\",\"@id\":\"https:\/\/intl.phonak.com\/sk-sk\/#organization\",\"name\":\"Phonak - Slovensko\",\"url\":\"https:\/\/intl.phonak.com\/sk-sk\/\",\"logo\":{\"@type\":\"ImageObject\",\"inLanguage\":\"sk-SK\",\"@id\":\"https:\/\/intl.phonak.com\/sk-sk\/#\/schema\/logo\/image\/\",\"url\":\"https:\/\/intl.phonak.com\/sk-sk\/wp-content\/uploads\/sites\/64\/2025\/06\/logo-phonak.svg\",\"contentUrl\":\"https:\/\/intl.phonak.com\/sk-sk\/wp-content\/uploads\/sites\/64\/2025\/06\/logo-phonak.svg\",\"caption\":\"Phonak - Slovensko\"},\"image\":{\"@id\":\"https:\/\/intl.phonak.com\/sk-sk\/#\/schema\/logo\/image\/\"}}]}<\/script>\n<!-- \/ Yoast SEO plugin. -->","yoast_head_json":{"title":"Modely na\u010d\u00favac\u00edch pr\u00edstrojov - Phonak - Slovensko","robots":{"index":"index","follow":"follow","max-snippet":"max-snippet:-1","max-image-preview":"max-image-preview:large","max-video-preview":"max-video-preview:-1"},"canonical":"https:\/\/intl.phonak.com\/main-english\/solutions\/hearing-aid-styles\/","og_locale":"sk_SK","og_type":"article","og_title":"Modely na\u010d\u00favac\u00edch pr\u00edstrojov - Phonak - Slovensko","og_description":"Vyberte si \u0161t\u00fdl, ktor\u00fd v\u00e1m dokonale padne Modern\u00e9 na\u010d\u00favacie pr\u00edstroje pon\u00fakaj\u00fa \u0161irok\u00fa \u0161k\u00e1lu funkci\u00ed a\u00a0rozmanitosti. Vami vybran\u00fd odborn\u00edk v\u00e1m pom\u00f4\u017ee...","og_url":"https:\/\/intl.phonak.com\/sk-sk\/riesenie\/typy-nacuvacich-pristrojov\/","og_site_name":"Phonak - Slovensko","article_modified_time":"2026-01-20T10:05:11+00:00","twitter_card":"summary_large_image","twitter_misc":{"Est. reading time":"5 minutes"},"schema":{"@context":"https:\/\/schema.org","@graph":[{"@type":"WebPage","@id":"https:\/\/intl.phonak.com\/sk-sk\/riesenie\/typy-nacuvacich-pristrojov\/","url":"https:\/\/intl.phonak.com\/sk-sk\/riesenie\/typy-nacuvacich-pristrojov\/","name":"Modely na\u010d\u00favac\u00edch pr\u00edstrojov - Phonak - Slovensko","isPartOf":{"@id":"https:\/\/intl.phonak.com\/sk-sk\/#website"},"primaryImageOfPage":{"@id":"https:\/\/intl.phonak.com\/sk-sk\/riesenie\/typy-nacuvacich-pristrojov\/#primaryimage"},"image":{"@id":"https:\/\/intl.phonak.com\/sk-sk\/riesenie\/typy-nacuvacich-pristrojov\/#primaryimage"},"thumbnailUrl":"https:\/\/intl.phonak.com\/sk-sk\/wp-content\/uploads\/sites\/3\/2022\/02\/Banner-hearing-aid-styles.jpg","datePublished":"2021-11-30T15:12:48+00:00","dateModified":"2026-01-20T10:05:11+00:00","breadcrumb":{"@id":"https:\/\/intl.phonak.com\/sk-sk\/riesenie\/typy-nacuvacich-pristrojov\/#breadcrumb"},"inLanguage":"sk-SK","potentialAction":[{"@type":"ReadAction","target":["https:\/\/intl.phonak.com\/sk-sk\/riesenie\/typy-nacuvacich-pristrojov\/"]}]},{"@type":"ImageObject","inLanguage":"sk-SK","@id":"https:\/\/intl.phonak.com\/sk-sk\/riesenie\/typy-nacuvacich-pristrojov\/#primaryimage","url":"","contentUrl":""},{"@type":"BreadcrumbList","@id":"https:\/\/intl.phonak.com\/sk-sk\/riesenie\/typy-nacuvacich-pristrojov\/#breadcrumb","itemListElement":[{"@type":"ListItem","position":1,"name":"Home","item":"https:\/\/intl.phonak.com\/sk-sk\/"},{"@type":"ListItem","position":2,"name":"Rie\u0161enia","item":"https:\/\/intl.phonak.com\/sk-sk\/riesenie\/"},{"@type":"ListItem","position":3,"name":"Modely na\u010d\u00favac\u00edch pr\u00edstrojov"}]},{"@type":"WebSite","@id":"https:\/\/intl.phonak.com\/sk-sk\/#website","url":"https:\/\/intl.phonak.com\/sk-sk\/","name":"Phonak - Slovensko","description":"Odhodlan\u00ed meni\u0165 \u017eivoty","publisher":{"@id":"https:\/\/intl.phonak.com\/sk-sk\/#organization"},"potentialAction":[{"@type":"SearchAction","target":{"@type":"EntryPoint","urlTemplate":"https:\/\/intl.phonak.com\/sk-sk\/?s={search_term_string}"},"query-input":{"@type":"PropertyValueSpecification","valueRequired":true,"valueName":"search_term_string"}}],"inLanguage":"sk-SK"},{"@type":"Organization","@id":"https:\/\/intl.phonak.com\/sk-sk\/#organization","name":"Phonak - Slovensko","url":"https:\/\/intl.phonak.com\/sk-sk\/","logo":{"@type":"ImageObject","inLanguage":"sk-SK","@id":"https:\/\/intl.phonak.com\/sk-sk\/#\/schema\/logo\/image\/","url":"https:\/\/intl.phonak.com\/sk-sk\/wp-content\/uploads\/sites\/64\/2025\/06\/logo-phonak.svg","contentUrl":"https:\/\/intl.phonak.com\/sk-sk\/wp-content\/uploads\/sites\/64\/2025\/06\/logo-phonak.svg","caption":"Phonak - Slovensko"},"image":{"@id":"https:\/\/intl.phonak.com\/sk-sk\/#\/schema\/logo\/image\/"}}]}},"jetpack_sharing_enabled":true,"distributor_meta":false,"distributor_terms":false,"distributor_media":false,"distributor_original_site_name":"Phonak - Slovensko","distributor_original_site_url":"https:\/\/intl.phonak.com\/sk-sk","push-errors":false,"_links":{"self":[{"href":"https:\/\/intl.phonak.com\/sk-sk\/wp-json\/wp\/v2\/pages\/464","targetHints":{"allow":["GET"]}}],"collection":[{"href":"https:\/\/intl.phonak.com\/sk-sk\/wp-json\/wp\/v2\/pages"}],"about":[{"href":"https:\/\/intl.phonak.com\/sk-sk\/wp-json\/wp\/v2\/types\/page"}],"author":[{"embeddable":true,"href":"https:\/\/intl.phonak.com\/sk-sk\/wp-json\/wp\/v2\/users\/5"}],"replies":[{"embeddable":true,"href":"https:\/\/intl.phonak.com\/sk-sk\/wp-json\/wp\/v2\/comments?post=464"}],"version-history":[{"count":9,"href":"https:\/\/intl.phonak.com\/sk-sk\/wp-json\/wp\/v2\/pages\/464\/revisions"}],"predecessor-version":[{"id":1338,"href":"https:\/\/intl.phonak.com\/sk-sk\/wp-json\/wp\/v2\/pages\/464\/revisions\/1338"}],"up":[{"embeddable":true,"href":"https:\/\/intl.phonak.com\/sk-sk\/wp-json\/wp\/v2\/pages\/436"}],"wp:attachment":[{"href":"https:\/\/intl.phonak.com\/sk-sk\/wp-json\/wp\/v2\/media?parent=464"}],"curies":[{"name":"wp","href":"https:\/\/api.w.org\/{rel}","templated":true}]}}