{"id":460,"date":"2021-12-01T18:05:35","date_gmt":"2021-12-01T18:05:35","guid":{"rendered":"https:\/\/intl.phonak.com\/sk-sk\/sitemap\/"},"modified":"2026-03-25T13:49:55","modified_gmt":"2026-03-25T13:49:55","slug":"sitemap","status":"publish","type":"page","link":"https:\/\/intl.phonak.com\/sk-sk\/sitemap\/","title":{"rendered":"Sitemap"},"content":{"rendered":"<div class=\"sitemap\">\n\t<ul>\n\t<li class=\"page_item page-item-497\"><a href=\"https:\/\/intl.phonak.com\/sk-sk\/\">Domov<\/a><\/li>\n<li class=\"page_item page-item-491\"><a href=\"https:\/\/intl.phonak.com\/sk-sk\/kontakt\/\">Kontaktujte n\u00e1s<\/a><\/li>\n<li class=\"page_item page-item-494\"><a href=\"https:\/\/intl.phonak.com\/sk-sk\/o-nas\/\">O\u00a0n\u00e1s<\/a><\/li>\n<li class=\"page_item page-item-454\"><a href=\"https:\/\/intl.phonak.com\/sk-sk\/ochrana-sluchu\/\">Ochrana sluchu<\/a><\/li>\n<li class=\"page_item page-item-1058\"><a href=\"https:\/\/intl.phonak.com\/sk-sk\/online-test-sluchu\/\">Online test sluchu<\/a><\/li>\n<li class=\"page_item page-item-429\"><a href=\"https:\/\/intl.phonak.com\/sk-sk\/predvolby-sukromia\/\">Ozn\u00e1menie o\u00a0ochrane s\u00fakromia<\/a><\/li>\n<li class=\"page_item page-item-442\"><a href=\"https:\/\/intl.phonak.com\/sk-sk\/pediatric-center\/\">Pediatric Center<\/a><\/li>\n<li class=\"page_item page-item-427\"><a href=\"https:\/\/intl.phonak.com\/sk-sk\/podmienky-pouzitia\/\">Podmienky pou\u017e\u00edvania<\/a><\/li>\n<li class=\"page_item page-item-436 page_item_has_children\"><a href=\"https:\/\/intl.phonak.com\/sk-sk\/riesenie\/\">Rie\u0161enia<\/a>\n<ul class='children'>\n\t<li class=\"page_item page-item-464\"><a href=\"https:\/\/intl.phonak.com\/sk-sk\/riesenie\/typy-nacuvacich-pristrojov\/\">Modely na\u010d\u00favac\u00edch pr\u00edstrojov<\/a><\/li>\n\t<li class=\"page_item page-item-458\"><a href=\"https:\/\/intl.phonak.com\/sk-sk\/riesenie\/nacuvacie-pristroje\/\">Na\u010d\u00favacie pr\u00edstroje<\/a><\/li>\n\t<li class=\"page_item page-item-479\"><a href=\"https:\/\/intl.phonak.com\/sk-sk\/riesenie\/prislusenstvo\/\">Pr\u00edslu\u0161enstvo<\/a><\/li>\n\t<li class=\"page_item page-item-485\"><a href=\"https:\/\/intl.phonak.com\/sk-sk\/riesenie\/produkty\/\">Produkty<\/a><\/li>\n\t<li class=\"page_item page-item-476\"><a href=\"https:\/\/intl.phonak.com\/sk-sk\/riesenie\/pre-deti\/\">Rie\u0161enia pre deti<\/a><\/li>\n\t<li class=\"page_item page-item-433\"><a href=\"https:\/\/intl.phonak.com\/sk-sk\/riesenie\/roger-do-skoly\/\">Roger\u2122 pre modern\u00fa v\u00fdu\u010dbu<\/a><\/li>\n\t<li class=\"page_item page-item-483\"><a href=\"https:\/\/intl.phonak.com\/sk-sk\/riesenie\/na-stiahnutie\/\">S\u00fabory na stiahnutie<\/a><\/li>\n\t<li class=\"page_item page-item-439\"><a href=\"https:\/\/intl.phonak.com\/sk-sk\/riesenie\/technologia-roger\/\">Technol\u00f3gia Roger\u2122<\/a><\/li>\n<\/ul>\n<\/li>\n<li class=\"page_item page-item-460\"><a href=\"https:\/\/intl.phonak.com\/sk-sk\/sitemap\/\">Sitemap<\/a><\/li>\n<li class=\"page_item page-item-448 page_item_has_children\"><a href=\"https:\/\/intl.phonak.com\/sk-sk\/strata-sluchu\/\">Strata sluchu<\/a>\n<ul class='children'>\n\t<li class=\"page_item page-item-467\"><a href=\"https:\/\/intl.phonak.com\/sk-sk\/strata-sluchu\/personifikacia-nacuvacieho-pristroja\/\">Na\u010d\u00favacie pr\u00edstroje na mieru<\/a><\/li>\n\t<li class=\"page_item page-item-470\"><a href=\"https:\/\/intl.phonak.com\/sk-sk\/strata-sluchu\/navsteva-u-odbornika\/\">N\u00e1v\u0161teva odborn\u00edka<\/a><\/li>\n\t<li class=\"page_item page-item-445\"><a href=\"https:\/\/intl.phonak.com\/sk-sk\/strata-sluchu\/dobre-pocut-znamena-lepsie-zit\/\">Phonak Lep\u0161ie po\u010du\u0165, lep\u0161ie \u017ei\u0165\u2122<\/a><\/li>\n\t<li class=\"page_item page-item-473\"><a href=\"https:\/\/intl.phonak.com\/sk-sk\/strata-sluchu\/priciny-straty-sluchu\/\">Pr\u00ed\u010diny straty sluchu<\/a><\/li>\n\t<li class=\"page_item page-item-694\"><a href=\"https:\/\/intl.phonak.com\/sk-sk\/strata-sluchu\/starostlivost-o-nacuvaci-pristroj\/\">Videon\u00e1vody na \u00fadr\u017ebu na\u010d\u00favac\u00edch pr\u00edstrojov<\/a><\/li>\n<\/ul>\n<\/li>\n<li class=\"page_item page-item-489\"><a href=\"https:\/\/intl.phonak.com\/sk-sk\/najst-odbornika\/\">Vyh\u013eada\u0165 odborn\u00edka<\/a><\/li>\n<li class=\"page_item page-item-431\"><a href=\"https:\/\/intl.phonak.com\/sk-sk\/vyhlasenie-o-ochrane-osobnych-udajov\/\">Vyhl\u00e1senie o\u00a0ochrane osobn\u00fdch \u00fadajov<\/a><\/li>\n<li class=\"page_item page-item-462\"><a href=\"https:\/\/intl.phonak.com\/sk-sk\/zasady-ochrany-osobnych-udajov\/\">Z\u00e1sady ochrany osobn\u00fdch \u00fadajov<\/a><\/li>\n\t<\/ul>\n<\/div>\n\n\n\n<div style=\"height:40px\" aria-hidden=\"true\" class=\"wp-block-spacer\"><\/div>\n","protected":false},"excerpt":{"rendered":"","protected":false},"author":5,"featured_media":0,"parent":0,"menu_order":0,"comment_status":"closed","ping_status":"closed","template":"","meta":{"_acf_changed":false,"inline_featured_image":false,"footnotes":""},"class_list":["post-460","page","type-page","status-publish","hentry"],"acf":[],"yoast_head":"<!-- This site is optimized with the Yoast SEO plugin v26.9 - https:\/\/yoast.com\/product\/yoast-seo-wordpress\/ -->\n<title>Sitemap - Phonak - Slovensko<\/title>\n<meta name=\"robots\" content=\"index, follow, max-snippet:-1, max-image-preview:large, max-video-preview:-1\" \/>\n<link rel=\"canonical\" href=\"https:\/\/wordpress.sonova.com\/unitron-demo\/?page_id=2234\" \/>\n<meta property=\"og:locale\" content=\"sk_SK\" \/>\n<meta property=\"og:type\" content=\"article\" \/>\n<meta property=\"og:title\" content=\"Sitemap - Phonak - Slovensko\" \/>\n<meta property=\"og:url\" content=\"https:\/\/intl.phonak.com\/sk-sk\/sitemap\/\" \/>\n<meta property=\"og:site_name\" content=\"Phonak - Slovensko\" \/>\n<meta property=\"article:modified_time\" content=\"2026-03-25T13:49:55+00:00\" \/>\n<meta name=\"twitter:card\" content=\"summary_large_image\" \/>\n<script type=\"application\/ld+json\" class=\"yoast-schema-graph\">{\"@context\":\"https:\/\/schema.org\",\"@graph\":[{\"@type\":\"WebPage\",\"@id\":\"https:\/\/intl.phonak.com\/sk-sk\/mapa-stranok\/\",\"url\":\"https:\/\/intl.phonak.com\/sk-sk\/mapa-stranok\/\",\"name\":\"Sitemap - Phonak - Slovensko\",\"isPartOf\":{\"@id\":\"https:\/\/intl.phonak.com\/sk-sk\/#website\"},\"datePublished\":\"2021-12-01T18:05:35+00:00\",\"dateModified\":\"2026-03-25T13:49:55+00:00\",\"breadcrumb\":{\"@id\":\"https:\/\/intl.phonak.com\/sk-sk\/mapa-stranok\/#breadcrumb\"},\"inLanguage\":\"sk-SK\",\"potentialAction\":[{\"@type\":\"ReadAction\",\"target\":[\"https:\/\/intl.phonak.com\/sk-sk\/mapa-stranok\/\"]}]},{\"@type\":\"BreadcrumbList\",\"@id\":\"https:\/\/intl.phonak.com\/sk-sk\/mapa-stranok\/#breadcrumb\",\"itemListElement\":[{\"@type\":\"ListItem\",\"position\":1,\"name\":\"Home\",\"item\":\"https:\/\/intl.phonak.com\/sk-sk\/\"},{\"@type\":\"ListItem\",\"position\":2,\"name\":\"Mapa stranok\"}]},{\"@type\":\"WebSite\",\"@id\":\"https:\/\/intl.phonak.com\/sk-sk\/#website\",\"url\":\"https:\/\/intl.phonak.com\/sk-sk\/\",\"name\":\"Phonak - Slovensko\",\"description\":\"Odhodlan\u00ed meni\u0165 \u017eivoty\",\"publisher\":{\"@id\":\"https:\/\/intl.phonak.com\/sk-sk\/#organization\"},\"potentialAction\":[{\"@type\":\"SearchAction\",\"target\":{\"@type\":\"EntryPoint\",\"urlTemplate\":\"https:\/\/intl.phonak.com\/sk-sk\/?s={search_term_string}\"},\"query-input\":{\"@type\":\"PropertyValueSpecification\",\"valueRequired\":true,\"valueName\":\"search_term_string\"}}],\"inLanguage\":\"sk-SK\"},{\"@type\":\"Organization\",\"@id\":\"https:\/\/intl.phonak.com\/sk-sk\/#organization\",\"name\":\"Phonak - Slovensko\",\"url\":\"https:\/\/intl.phonak.com\/sk-sk\/\",\"logo\":{\"@type\":\"ImageObject\",\"inLanguage\":\"sk-SK\",\"@id\":\"https:\/\/intl.phonak.com\/sk-sk\/#\/schema\/logo\/image\/\",\"url\":\"https:\/\/intl.phonak.com\/sk-sk\/wp-content\/uploads\/sites\/64\/2025\/06\/logo-phonak.svg\",\"contentUrl\":\"https:\/\/intl.phonak.com\/sk-sk\/wp-content\/uploads\/sites\/64\/2025\/06\/logo-phonak.svg\",\"caption\":\"Phonak - Slovensko\"},\"image\":{\"@id\":\"https:\/\/intl.phonak.com\/sk-sk\/#\/schema\/logo\/image\/\"}}]}<\/script>\n<!-- \/ Yoast SEO plugin. -->","yoast_head_json":{"title":"Sitemap - Phonak - Slovensko","robots":{"index":"index","follow":"follow","max-snippet":"max-snippet:-1","max-image-preview":"max-image-preview:large","max-video-preview":"max-video-preview:-1"},"canonical":"https:\/\/wordpress.sonova.com\/unitron-demo\/?page_id=2234","og_locale":"sk_SK","og_type":"article","og_title":"Sitemap - Phonak - Slovensko","og_url":"https:\/\/intl.phonak.com\/sk-sk\/sitemap\/","og_site_name":"Phonak - Slovensko","article_modified_time":"2026-03-25T13:49:55+00:00","twitter_card":"summary_large_image","schema":{"@context":"https:\/\/schema.org","@graph":[{"@type":"WebPage","@id":"https:\/\/intl.phonak.com\/sk-sk\/mapa-stranok\/","url":"https:\/\/intl.phonak.com\/sk-sk\/mapa-stranok\/","name":"Sitemap - Phonak - Slovensko","isPartOf":{"@id":"https:\/\/intl.phonak.com\/sk-sk\/#website"},"datePublished":"2021-12-01T18:05:35+00:00","dateModified":"2026-03-25T13:49:55+00:00","breadcrumb":{"@id":"https:\/\/intl.phonak.com\/sk-sk\/mapa-stranok\/#breadcrumb"},"inLanguage":"sk-SK","potentialAction":[{"@type":"ReadAction","target":["https:\/\/intl.phonak.com\/sk-sk\/mapa-stranok\/"]}]},{"@type":"BreadcrumbList","@id":"https:\/\/intl.phonak.com\/sk-sk\/mapa-stranok\/#breadcrumb","itemListElement":[{"@type":"ListItem","position":1,"name":"Home","item":"https:\/\/intl.phonak.com\/sk-sk\/"},{"@type":"ListItem","position":2,"name":"Mapa stranok"}]},{"@type":"WebSite","@id":"https:\/\/intl.phonak.com\/sk-sk\/#website","url":"https:\/\/intl.phonak.com\/sk-sk\/","name":"Phonak - Slovensko","description":"Odhodlan\u00ed meni\u0165 \u017eivoty","publisher":{"@id":"https:\/\/intl.phonak.com\/sk-sk\/#organization"},"potentialAction":[{"@type":"SearchAction","target":{"@type":"EntryPoint","urlTemplate":"https:\/\/intl.phonak.com\/sk-sk\/?s={search_term_string}"},"query-input":{"@type":"PropertyValueSpecification","valueRequired":true,"valueName":"search_term_string"}}],"inLanguage":"sk-SK"},{"@type":"Organization","@id":"https:\/\/intl.phonak.com\/sk-sk\/#organization","name":"Phonak - Slovensko","url":"https:\/\/intl.phonak.com\/sk-sk\/","logo":{"@type":"ImageObject","inLanguage":"sk-SK","@id":"https:\/\/intl.phonak.com\/sk-sk\/#\/schema\/logo\/image\/","url":"https:\/\/intl.phonak.com\/sk-sk\/wp-content\/uploads\/sites\/64\/2025\/06\/logo-phonak.svg","contentUrl":"https:\/\/intl.phonak.com\/sk-sk\/wp-content\/uploads\/sites\/64\/2025\/06\/logo-phonak.svg","caption":"Phonak - Slovensko"},"image":{"@id":"https:\/\/intl.phonak.com\/sk-sk\/#\/schema\/logo\/image\/"}}]}},"jetpack_sharing_enabled":true,"distributor_meta":false,"distributor_terms":false,"distributor_media":false,"distributor_original_site_name":"Phonak - Slovensko","distributor_original_site_url":"https:\/\/intl.phonak.com\/sk-sk","push-errors":false,"_links":{"self":[{"href":"https:\/\/intl.phonak.com\/sk-sk\/wp-json\/wp\/v2\/pages\/460","targetHints":{"allow":["GET"]}}],"collection":[{"href":"https:\/\/intl.phonak.com\/sk-sk\/wp-json\/wp\/v2\/pages"}],"about":[{"href":"https:\/\/intl.phonak.com\/sk-sk\/wp-json\/wp\/v2\/types\/page"}],"author":[{"embeddable":true,"href":"https:\/\/intl.phonak.com\/sk-sk\/wp-json\/wp\/v2\/users\/5"}],"replies":[{"embeddable":true,"href":"https:\/\/intl.phonak.com\/sk-sk\/wp-json\/wp\/v2\/comments?post=460"}],"version-history":[{"count":3,"href":"https:\/\/intl.phonak.com\/sk-sk\/wp-json\/wp\/v2\/pages\/460\/revisions"}],"predecessor-version":[{"id":1508,"href":"https:\/\/intl.phonak.com\/sk-sk\/wp-json\/wp\/v2\/pages\/460\/revisions\/1508"}],"wp:attachment":[{"href":"https:\/\/intl.phonak.com\/sk-sk\/wp-json\/wp\/v2\/media?parent=460"}],"curies":[{"name":"wp","href":"https:\/\/api.w.org\/{rel}","templated":true}]}}