{"id":458,"date":"2021-12-02T15:55:10","date_gmt":"2021-12-02T15:55:10","guid":{"rendered":"https:\/\/intl.phonak.com\/sk-sk\/hearing-aids\/"},"modified":"2026-02-24T13:12:59","modified_gmt":"2026-02-24T13:12:59","slug":"nacuvacie-pristroje","status":"publish","type":"page","link":"https:\/\/intl.phonak.com\/sk-sk\/riesenie\/nacuvacie-pristroje\/","title":{"rendered":"Na\u010d\u00favacie pr\u00edstroje"},"content":{"rendered":"\n<div class=\"wp-block-cover alignfull is-light\"><img loading=\"lazy\" decoding=\"async\" width=\"3802\" height=\"860\" class=\"wp-block-cover__image-background wp-image-1474 size-large\" alt=\"\" src=\"https:\/\/intl.phonak.com\/sk-sk\/wp-content\/uploads\/sites\/64\/2026\/02\/Banner_Hearing-aids.jpg?w=1024\" data-object-fit=\"cover\" srcset=\"https:\/\/intl.phonak.com\/sk-sk\/wp-content\/uploads\/sites\/64\/2026\/02\/Banner_Hearing-aids.jpg 3802w, https:\/\/intl.phonak.com\/sk-sk\/wp-content\/uploads\/sites\/64\/2026\/02\/Banner_Hearing-aids.jpg?resize=300,68 300w, https:\/\/intl.phonak.com\/sk-sk\/wp-content\/uploads\/sites\/64\/2026\/02\/Banner_Hearing-aids.jpg?resize=768,174 768w, https:\/\/intl.phonak.com\/sk-sk\/wp-content\/uploads\/sites\/64\/2026\/02\/Banner_Hearing-aids.jpg?resize=1024,232 1024w, https:\/\/intl.phonak.com\/sk-sk\/wp-content\/uploads\/sites\/64\/2026\/02\/Banner_Hearing-aids.jpg?resize=1536,347 1536w, https:\/\/intl.phonak.com\/sk-sk\/wp-content\/uploads\/sites\/64\/2026\/02\/Banner_Hearing-aids.jpg?resize=2048,463 2048w\" sizes=\"auto, (max-width: 3802px) 100vw, 3802px\" \/><span aria-hidden=\"true\" class=\"wp-block-cover__background has-white-background-color has-background-dim-40 has-background-dim\"><\/span><div class=\"wp-block-cover__inner-container is-layout-flow wp-block-cover-is-layout-flow\">\n<h1 class=\"wp-block-heading has-text-align-center has-dark-grey-color has-text-color\" id=\"participate-fully-in-life\">Zapojte sa do \u017eivota naplno<\/h1>\n\n\n\n<p class=\"has-text-align-center margin-bottom-0 has-dark-grey-color has-text-color has-lead-font-size\">U\u017eite si viac k\u00fazeln\u00fdch okamihov \u017eivota<\/p>\n<\/div><\/div>\n\n\n\n<div class=\"wp-block-group is-style-align-small is-layout-flow wp-block-group-is-layout-flow\" style=\"padding-top:0px\">\n<h2 class=\"wp-block-heading has-text-align-center\" id=\"phonak-hearing-aids-flexible-forms-colors-and-styles\">Na\u010d\u00favacie pr\u00edstroje Phonak &#8211; <\/h2>\n\n\n\n<h2 class=\"wp-block-heading has-text-align-center\" id=\"phonak-hearing-aids-flexible-forms-colors-and-styles\">ve\u013ek\u00e1 variabilita modelov, farieb a\u00a0\u0161t\u00fdlov<\/h2>\n\n\n\n<p class=\"has-text-align-center\">Phonak m\u00e1 pre v\u00e1s v\u017edy vhodn\u00fd na\u010d\u00favac\u00ed pr\u00edstroj \u2013 bez oh\u013eadu na typ va\u0161ej straty sluchu, \u017eivotn\u00fd \u0161t\u00fdl, osobn\u00e9 preferencie, vek alebo finan\u010dn\u00e9 mo\u017enosti. Rozhodli sme sa vyvin\u00fa\u0165 vynikaj\u00face posluchov\u00e9 rie\u0161enie skuto\u010dne pre ka\u017ed\u00e9ho. Viac podrobnost\u00ed o\u00a0t\u00fdchto produktoch n\u00e1jdete ni\u017e\u0161ie alebo sa m\u00f4\u017eete op\u00fdta\u0165 odborn\u00edka na starostlivos\u0165 o\u00a0sluch \u2013 poskytovate\u013ea na\u010d\u00favac\u00edch pr\u00edstrojov.<\/p>\n<\/div>\n\n\n\n<div\n\tclass=\"wp-block-phonak-products is-forntend alignwide\"\n\tdata-attributes=\"{&quot;categories&quot;:&quot;3&quot;,&quot;perPage&quot;:&quot;9&quot;,&quot;defaultCategories&quot;:[3],&quot;align&quot;:&quot;wide&quot;,&quot;showPagination&quot;:true,&quot;showFilter&quot;:true,&quot;enabledFilters&quot;:[&quot;platforms&quot;,&quot;categories&quot;,&quot;productTypes&quot;],&quot;defaultPlatforms&quot;:[],&quot;defaultProductTypes&quot;:[]}\"\n\tdata-locale=\"sk_SK\">\n<\/div>\n","protected":false},"excerpt":{"rendered":"<p>Na\u010d\u00favacie pr\u00edstroje Phonak &#8211; ve\u013ek\u00e1 variabilita modelov, farieb a\u00a0\u0161t\u00fdlov Phonak m\u00e1 pre v\u00e1s v\u017edy vhodn\u00fd na\u010d\u00favac\u00ed pr\u00edstroj \u2013 bez oh\u013eadu&#8230;<\/p>\n","protected":false},"author":5,"featured_media":0,"parent":436,"menu_order":0,"comment_status":"closed","ping_status":"closed","template":"","meta":{"_acf_changed":false,"inline_featured_image":false,"footnotes":""},"class_list":["post-458","page","type-page","status-publish","hentry"],"acf":[],"yoast_head":"<!-- This site is optimized with the Yoast SEO plugin v26.9 - https:\/\/yoast.com\/product\/yoast-seo-wordpress\/ -->\n<title>Na\u010d\u00favacie pr\u00edstroje - Phonak - Slovensko<\/title>\n<meta name=\"robots\" content=\"index, follow, max-snippet:-1, max-image-preview:large, max-video-preview:-1\" \/>\n<link rel=\"canonical\" href=\"https:\/\/intl.phonak.com\/main-english\/solutions\/hearing-aids\/\" \/>\n<meta property=\"og:locale\" content=\"sk_SK\" \/>\n<meta property=\"og:type\" content=\"article\" \/>\n<meta property=\"og:title\" content=\"Na\u010d\u00favacie pr\u00edstroje - Phonak - Slovensko\" \/>\n<meta property=\"og:description\" content=\"Na\u010d\u00favacie pr\u00edstroje Phonak &#8211; ve\u013ek\u00e1 variabilita modelov, farieb a\u00a0\u0161t\u00fdlov Phonak m\u00e1 pre v\u00e1s v\u017edy vhodn\u00fd na\u010d\u00favac\u00ed pr\u00edstroj \u2013 bez oh\u013eadu...\" \/>\n<meta property=\"og:url\" content=\"https:\/\/intl.phonak.com\/sk-sk\/riesenie\/nacuvacie-pristroje\/\" \/>\n<meta property=\"og:site_name\" content=\"Phonak - Slovensko\" \/>\n<meta property=\"article:modified_time\" content=\"2026-02-24T13:12:59+00:00\" \/>\n<meta property=\"og:image\" content=\"https:\/\/intl.phonak.com\/sk-sk\/wp-content\/uploads\/sites\/64\/2026\/02\/Banner_Hearing-aids.jpg\" \/>\n\t<meta property=\"og:image:width\" content=\"3802\" \/>\n\t<meta property=\"og:image:height\" content=\"860\" \/>\n\t<meta property=\"og:image:type\" content=\"image\/jpeg\" \/>\n<meta name=\"twitter:card\" content=\"summary_large_image\" \/>\n<meta name=\"twitter:label1\" content=\"Est. reading time\" \/>\n\t<meta name=\"twitter:data1\" content=\"1 minute\" \/>\n<script type=\"application\/ld+json\" class=\"yoast-schema-graph\">{\"@context\":\"https:\/\/schema.org\",\"@graph\":[{\"@type\":\"WebPage\",\"@id\":\"https:\/\/intl.phonak.com\/sk-sk\/riesenie\/nacuvacie-pristroje\/\",\"url\":\"https:\/\/intl.phonak.com\/sk-sk\/riesenie\/nacuvacie-pristroje\/\",\"name\":\"Na\u010d\u00favacie pr\u00edstroje - Phonak - Slovensko\",\"isPartOf\":{\"@id\":\"https:\/\/intl.phonak.com\/sk-sk\/#website\"},\"primaryImageOfPage\":{\"@id\":\"https:\/\/intl.phonak.com\/sk-sk\/riesenie\/nacuvacie-pristroje\/#primaryimage\"},\"image\":{\"@id\":\"https:\/\/intl.phonak.com\/sk-sk\/riesenie\/nacuvacie-pristroje\/#primaryimage\"},\"thumbnailUrl\":\"https:\/\/intl.phonak.com\/sk-sk\/wp-content\/uploads\/sites\/64\/2026\/02\/Banner_Hearing-aids.jpg?w=1024\",\"datePublished\":\"2021-12-02T15:55:10+00:00\",\"dateModified\":\"2026-02-24T13:12:59+00:00\",\"breadcrumb\":{\"@id\":\"https:\/\/intl.phonak.com\/sk-sk\/riesenie\/nacuvacie-pristroje\/#breadcrumb\"},\"inLanguage\":\"sk-SK\",\"potentialAction\":[{\"@type\":\"ReadAction\",\"target\":[\"https:\/\/intl.phonak.com\/sk-sk\/riesenie\/nacuvacie-pristroje\/\"]}]},{\"@type\":\"ImageObject\",\"inLanguage\":\"sk-SK\",\"@id\":\"https:\/\/intl.phonak.com\/sk-sk\/riesenie\/nacuvacie-pristroje\/#primaryimage\",\"url\":\"https:\/\/intl.phonak.com\/sk-sk\/wp-content\/uploads\/sites\/64\/2026\/02\/Banner_Hearing-aids.jpg\",\"contentUrl\":\"https:\/\/intl.phonak.com\/sk-sk\/wp-content\/uploads\/sites\/64\/2026\/02\/Banner_Hearing-aids.jpg\",\"width\":3802,\"height\":860},{\"@type\":\"BreadcrumbList\",\"@id\":\"https:\/\/intl.phonak.com\/sk-sk\/riesenie\/nacuvacie-pristroje\/#breadcrumb\",\"itemListElement\":[{\"@type\":\"ListItem\",\"position\":1,\"name\":\"Home\",\"item\":\"https:\/\/intl.phonak.com\/sk-sk\/\"},{\"@type\":\"ListItem\",\"position\":2,\"name\":\"Rie\u0161enia\",\"item\":\"https:\/\/intl.phonak.com\/sk-sk\/riesenie\/\"},{\"@type\":\"ListItem\",\"position\":3,\"name\":\"Na\u010d\u00favacie pr\u00edstroje\"}]},{\"@type\":\"WebSite\",\"@id\":\"https:\/\/intl.phonak.com\/sk-sk\/#website\",\"url\":\"https:\/\/intl.phonak.com\/sk-sk\/\",\"name\":\"Phonak - Slovensko\",\"description\":\"Odhodlan\u00ed meni\u0165 \u017eivoty\",\"publisher\":{\"@id\":\"https:\/\/intl.phonak.com\/sk-sk\/#organization\"},\"potentialAction\":[{\"@type\":\"SearchAction\",\"target\":{\"@type\":\"EntryPoint\",\"urlTemplate\":\"https:\/\/intl.phonak.com\/sk-sk\/?s={search_term_string}\"},\"query-input\":{\"@type\":\"PropertyValueSpecification\",\"valueRequired\":true,\"valueName\":\"search_term_string\"}}],\"inLanguage\":\"sk-SK\"},{\"@type\":\"Organization\",\"@id\":\"https:\/\/intl.phonak.com\/sk-sk\/#organization\",\"name\":\"Phonak - Slovensko\",\"url\":\"https:\/\/intl.phonak.com\/sk-sk\/\",\"logo\":{\"@type\":\"ImageObject\",\"inLanguage\":\"sk-SK\",\"@id\":\"https:\/\/intl.phonak.com\/sk-sk\/#\/schema\/logo\/image\/\",\"url\":\"https:\/\/intl.phonak.com\/sk-sk\/wp-content\/uploads\/sites\/64\/2025\/06\/logo-phonak.svg\",\"contentUrl\":\"https:\/\/intl.phonak.com\/sk-sk\/wp-content\/uploads\/sites\/64\/2025\/06\/logo-phonak.svg\",\"caption\":\"Phonak - Slovensko\"},\"image\":{\"@id\":\"https:\/\/intl.phonak.com\/sk-sk\/#\/schema\/logo\/image\/\"}}]}<\/script>\n<!-- \/ Yoast SEO plugin. -->","yoast_head_json":{"title":"Na\u010d\u00favacie pr\u00edstroje - Phonak - Slovensko","robots":{"index":"index","follow":"follow","max-snippet":"max-snippet:-1","max-image-preview":"max-image-preview:large","max-video-preview":"max-video-preview:-1"},"canonical":"https:\/\/intl.phonak.com\/main-english\/solutions\/hearing-aids\/","og_locale":"sk_SK","og_type":"article","og_title":"Na\u010d\u00favacie pr\u00edstroje - Phonak - Slovensko","og_description":"Na\u010d\u00favacie pr\u00edstroje Phonak &#8211; ve\u013ek\u00e1 variabilita modelov, farieb a\u00a0\u0161t\u00fdlov Phonak m\u00e1 pre v\u00e1s v\u017edy vhodn\u00fd na\u010d\u00favac\u00ed pr\u00edstroj \u2013 bez oh\u013eadu...","og_url":"https:\/\/intl.phonak.com\/sk-sk\/riesenie\/nacuvacie-pristroje\/","og_site_name":"Phonak - Slovensko","article_modified_time":"2026-02-24T13:12:59+00:00","og_image":[{"width":3802,"height":860,"url":"https:\/\/intl.phonak.com\/sk-sk\/wp-content\/uploads\/sites\/64\/2026\/02\/Banner_Hearing-aids.jpg","type":"image\/jpeg"}],"twitter_card":"summary_large_image","twitter_misc":{"Est. reading time":"1 minute"},"schema":{"@context":"https:\/\/schema.org","@graph":[{"@type":"WebPage","@id":"https:\/\/intl.phonak.com\/sk-sk\/riesenie\/nacuvacie-pristroje\/","url":"https:\/\/intl.phonak.com\/sk-sk\/riesenie\/nacuvacie-pristroje\/","name":"Na\u010d\u00favacie pr\u00edstroje - Phonak - Slovensko","isPartOf":{"@id":"https:\/\/intl.phonak.com\/sk-sk\/#website"},"primaryImageOfPage":{"@id":"https:\/\/intl.phonak.com\/sk-sk\/riesenie\/nacuvacie-pristroje\/#primaryimage"},"image":{"@id":"https:\/\/intl.phonak.com\/sk-sk\/riesenie\/nacuvacie-pristroje\/#primaryimage"},"thumbnailUrl":"https:\/\/intl.phonak.com\/sk-sk\/wp-content\/uploads\/sites\/64\/2026\/02\/Banner_Hearing-aids.jpg?w=1024","datePublished":"2021-12-02T15:55:10+00:00","dateModified":"2026-02-24T13:12:59+00:00","breadcrumb":{"@id":"https:\/\/intl.phonak.com\/sk-sk\/riesenie\/nacuvacie-pristroje\/#breadcrumb"},"inLanguage":"sk-SK","potentialAction":[{"@type":"ReadAction","target":["https:\/\/intl.phonak.com\/sk-sk\/riesenie\/nacuvacie-pristroje\/"]}]},{"@type":"ImageObject","inLanguage":"sk-SK","@id":"https:\/\/intl.phonak.com\/sk-sk\/riesenie\/nacuvacie-pristroje\/#primaryimage","url":"https:\/\/intl.phonak.com\/sk-sk\/wp-content\/uploads\/sites\/64\/2026\/02\/Banner_Hearing-aids.jpg","contentUrl":"https:\/\/intl.phonak.com\/sk-sk\/wp-content\/uploads\/sites\/64\/2026\/02\/Banner_Hearing-aids.jpg","width":3802,"height":860},{"@type":"BreadcrumbList","@id":"https:\/\/intl.phonak.com\/sk-sk\/riesenie\/nacuvacie-pristroje\/#breadcrumb","itemListElement":[{"@type":"ListItem","position":1,"name":"Home","item":"https:\/\/intl.phonak.com\/sk-sk\/"},{"@type":"ListItem","position":2,"name":"Rie\u0161enia","item":"https:\/\/intl.phonak.com\/sk-sk\/riesenie\/"},{"@type":"ListItem","position":3,"name":"Na\u010d\u00favacie pr\u00edstroje"}]},{"@type":"WebSite","@id":"https:\/\/intl.phonak.com\/sk-sk\/#website","url":"https:\/\/intl.phonak.com\/sk-sk\/","name":"Phonak - Slovensko","description":"Odhodlan\u00ed meni\u0165 \u017eivoty","publisher":{"@id":"https:\/\/intl.phonak.com\/sk-sk\/#organization"},"potentialAction":[{"@type":"SearchAction","target":{"@type":"EntryPoint","urlTemplate":"https:\/\/intl.phonak.com\/sk-sk\/?s={search_term_string}"},"query-input":{"@type":"PropertyValueSpecification","valueRequired":true,"valueName":"search_term_string"}}],"inLanguage":"sk-SK"},{"@type":"Organization","@id":"https:\/\/intl.phonak.com\/sk-sk\/#organization","name":"Phonak - Slovensko","url":"https:\/\/intl.phonak.com\/sk-sk\/","logo":{"@type":"ImageObject","inLanguage":"sk-SK","@id":"https:\/\/intl.phonak.com\/sk-sk\/#\/schema\/logo\/image\/","url":"https:\/\/intl.phonak.com\/sk-sk\/wp-content\/uploads\/sites\/64\/2025\/06\/logo-phonak.svg","contentUrl":"https:\/\/intl.phonak.com\/sk-sk\/wp-content\/uploads\/sites\/64\/2025\/06\/logo-phonak.svg","caption":"Phonak - Slovensko"},"image":{"@id":"https:\/\/intl.phonak.com\/sk-sk\/#\/schema\/logo\/image\/"}}]}},"jetpack_sharing_enabled":true,"distributor_meta":false,"distributor_terms":false,"distributor_media":false,"distributor_original_site_name":"Phonak - Slovensko","distributor_original_site_url":"https:\/\/intl.phonak.com\/sk-sk","push-errors":false,"_links":{"self":[{"href":"https:\/\/intl.phonak.com\/sk-sk\/wp-json\/wp\/v2\/pages\/458","targetHints":{"allow":["GET"]}}],"collection":[{"href":"https:\/\/intl.phonak.com\/sk-sk\/wp-json\/wp\/v2\/pages"}],"about":[{"href":"https:\/\/intl.phonak.com\/sk-sk\/wp-json\/wp\/v2\/types\/page"}],"author":[{"embeddable":true,"href":"https:\/\/intl.phonak.com\/sk-sk\/wp-json\/wp\/v2\/users\/5"}],"replies":[{"embeddable":true,"href":"https:\/\/intl.phonak.com\/sk-sk\/wp-json\/wp\/v2\/comments?post=458"}],"version-history":[{"count":5,"href":"https:\/\/intl.phonak.com\/sk-sk\/wp-json\/wp\/v2\/pages\/458\/revisions"}],"predecessor-version":[{"id":1475,"href":"https:\/\/intl.phonak.com\/sk-sk\/wp-json\/wp\/v2\/pages\/458\/revisions\/1475"}],"up":[{"embeddable":true,"href":"https:\/\/intl.phonak.com\/sk-sk\/wp-json\/wp\/v2\/pages\/436"}],"wp:attachment":[{"href":"https:\/\/intl.phonak.com\/sk-sk\/wp-json\/wp\/v2\/media?parent=458"}],"curies":[{"name":"wp","href":"https:\/\/api.w.org\/{rel}","templated":true}]}}