{"id":448,"date":"2021-11-18T15:12:00","date_gmt":"2021-11-18T15:12:00","guid":{"rendered":"https:\/\/intl.phonak.com\/sk-sk\/hearing-loss\/"},"modified":"2025-12-08T11:08:05","modified_gmt":"2025-12-08T11:08:05","slug":"strata-sluchu","status":"publish","type":"page","link":"https:\/\/intl.phonak.com\/sk-sk\/strata-sluchu\/","title":{"rendered":"Strata sluchu"},"content":{"rendered":"\n<div class=\"wp-block-cover alignfull\"><span aria-hidden=\"true\" class=\"wp-block-cover__background has-light-grey-background-color has-background-dim-60 has-background-dim\"><\/span><img decoding=\"async\" class=\"wp-block-cover__image-background wp-image-4769\" alt=\"\" src=\"https:\/\/intl.phonak.com\/sk-sk\/wp-content\/uploads\/sites\/3\/2022\/02\/Banner-hearing-loss.jpg\" style=\"object-position:56% 51%\" data-object-fit=\"cover\" data-object-position=\"56% 51%\"\/><div class=\"wp-block-cover__inner-container is-layout-flow wp-block-cover-is-layout-flow\">\n<h1 class=\"wp-block-heading has-text-align-center has-grey-500-color has-text-color\" id=\"signs-of-hearing-loss-1\">Pr\u00edznaky straty sluchu<\/h1>   \n<p class=\"has-text-align-center has-grey-500-color has-text-color has-lead-font-size\">Ako zisti\u0165 stratu sluchu<\/p>\n<\/div><\/div>   \n<h2 class=\"wp-block-heading has-text-align-center\" id=\"what-are-the-signs-and-symptoms-of-hearing-loss\">Ak\u00e9 s\u00fa pr\u00edznaky a\u00a0sympt\u00f3my straty sluchu?<\/h2>   \n<p class=\"has-text-align-center\">Na\u0161e u\u0161i s\u00fa neust\u00e1le v\u00a0pozore, rovnako ako zvuky, ktor\u00e9 n\u00e1s obklopuj\u00fa, nedaj\u00fa sa vypn\u00fa\u0165. Mobiln\u00e9 telef\u00f3ny zvonia, \u013eudia sa rozpr\u00e1vaj\u00fa, psy \u0161tekaj\u00fa, doprava hu\u010d\u00ed, vt\u00e1ky \u010dvirikaj\u00fa \u2014 to\u013eko sa toho okolo n\u00e1s deje. N\u00e1\u0161 mozog n\u00e1m pom\u00e1ha identifikova\u0165 a\u00a0interpretova\u0165 r\u00f4zne zvuky a\u00a0s\u00fastredi\u0165 sa na tie, ktor\u00e9 chceme po\u010du\u0165. Dok\u00e1\u017ee okam\u017eite rozpozna\u0165 hlas bl\u00edzkej osoby alebo v\u00e1m umo\u017en\u00ed v\u00a0\u00faplnej tichosti \u010d\u00edta\u0165 knihu bez toho, aby sa nechal ru\u0161i\u0165 zvukmi prebiehaj\u00facimi v\u00a0pozad\u00ed.<\/p>   \n<p class=\"has-text-align-center\">No niekedy to tak nefunguje. Niekedy n\u00e1\u0161 mozog nedok\u00e1\u017ee zvuk identifikova\u0165, preto\u017ee ho na\u0161e u\u0161i nedok\u00e1\u017eu po\u010du\u0165!<\/p>   \n<p class=\"has-text-align-center\">Ste si vedom\u00fd zvukov, ktor\u00e9 nepo\u010dujete?<\/p>   \n<div style=\"height:60px\" aria-hidden=\"true\" class=\"wp-block-spacer\"><\/div>   \n<h3 class=\"wp-block-heading has-text-align-center has-blue-color has-text-color\" id=\"signs-of-hearing-loss\">Pr\u00edznaky straty sluchu<\/h3>   \n<p class=\"has-text-align-center\">Strata sluchu neznamen\u00e1 iba to, \u017ee m\u00e1te probl\u00e9my po\u010du\u0165 tich\u00e9 zvuky. Najm\u00e4 pri strate sluchu, ktor\u00e1 s\u00favis\u00ed s\u00a0vekom, b\u00fdva \u010dasto ako prv\u00e1 ovplyvnen\u00e1 schopnos\u0165 po\u010du\u0165 vysok\u00e9 frekvencie. Napr\u00edklad, prv\u00e9 zvuky, ktor\u00e9 pri za\u010d\u00ednaj\u00facej strate sluchu nemus\u00edte po\u010du\u0165 dostato\u010dne, s\u00fa \u0161tebotanie vt\u00e1kov a\u00a0\u017eensk\u00e9 alebo detsk\u00e9 hlasy. Strata sluchu tie\u017e zni\u017euje schopnos\u0165 po\u010du\u0165 ur\u010dit\u00e9 spoluhl\u00e1sky v\u00a0re\u010di, \u010do m\u00f4\u017ee osobe so stratou sluchu s\u0165a\u017eova\u0165 porozumenie prebiehaj\u00facej konverz\u00e1cie. V\u00a0z\u00e1vislosti od pr\u00ed\u010diny a\u00a0typu straty sluchu m\u00f4\u017eete ma\u0165 probl\u00e9my po\u010du\u0165 stredn\u00e9 a\u00a0n\u00edzke frekvencie, alebo dokonca v\u0161etky frekvencie naraz. \u010eal\u0161\u00edm znakom straty sluchu m\u00f4\u017ee by\u0165 tinitus.<\/p>   \n<div style=\"height:64px\" aria-hidden=\"true\" class=\"wp-block-spacer\"><\/div>   \n<h3 class=\"wp-block-heading has-text-align-center has-blue-color has-text-color\" id=\"take-the-first-step-1\">Je to znamenie<\/h3>   \n<p class=\"has-text-align-left\"><strong>Nasleduj\u00face ot\u00e1zky v\u00e1m pom\u00f4\u017eu zisti\u0165,  \u010di sa u\u00a0v\u00e1s prejavuj\u00fa pr\u00edznaky straty sluchu:<\/strong><\/p>   <div class=\"wp-block-columns is-layout-flex wp-container-core-columns-is-layout-9d6595d7 wp-block-columns-is-layout-flex\">\n<div class=\"wp-block-column is-layout-flow wp-block-column-is-layout-flow\" style=\"flex-basis:66.66%\"><div class=\"wp-list-block\">\n<ul class=\"wp-block-list\">\n<li>Zd\u00e1 sa v\u00e1m, \u017ee \u013eudia \u201emrml\u00fa\u201c?<\/li>   <li>Mus\u00edte zvy\u0161ova\u0165 hlasitos\u0165 na telev\u00edzore alebo r\u00e1diu?<\/li>   <li>Rozumiete \u013eah\u0161ie mu\u017esk\u00e9mu hlasu v\u00a0porovnan\u00ed s\u00a0\u017eensk\u00fdm alebo detsk\u00fdm hlasom?<\/li>   <li>Je pre v\u00e1s n\u00e1ro\u010dn\u00e9 po\u010du\u0165 domov\u00fd zvon\u010dek alebo zvonenie telef\u00f3nu?<\/li>   <li>Ke\u010f ste v\u00a0skupine alebo v\u00a0preplnenej re\u0161taur\u00e1cii, m\u00e1te probl\u00e9my s\u00fastredi\u0165 sa na konverz\u00e1ciu?<\/li>   <li>Obmedzujete svoje spolo\u010densk\u00e9 aktivity, preto\u017ee je pre v\u00e1s \u0165a\u017ek\u00e9 rozumie\u0165 a\u00a0komunikova\u0165?<\/li>   <li>Nazna\u010dil v\u00e1m niekto bl\u00edzky, \u017ee m\u00f4\u017eete ma\u0165 probl\u00e9m so sluchom?<\/li>\n<\/ul>\n<\/div><\/div>   \n<div class=\"wp-block-column is-vertically-aligned-center is-layout-flow wp-block-column-is-layout-flow\" style=\"flex-basis:33.33%\">\n<figure class=\"wp-block-image size-large\"><img decoding=\"async\" src=\"https:\/\/intl.phonak.com\/sk-sk\/wp-content\/uploads\/sites\/3\/2023\/12\/Hearing-loss_GenericIndoorsPC_01.jpg?w=329\" alt=\"Happy couple\" class=\"wp-image-7274\"\/><\/figure>   <p><\/p>\n<\/div>\n<\/div>   \n<div class=\"wp-block-group alignfull has-light-grey-background-color has-background is-layout-flow wp-block-group-is-layout-flow\">\n<div class=\"wp-block-group is-style-align-small is-layout-flow wp-block-group-is-layout-flow\">\n<p class=\"has-text-align-center\">Ak ste odpovedali \u201e<strong>\u00e1no<\/strong>\u201c na jednu alebo viac ot\u00e1zok, odpor\u00fa\u010dame, aby ste si sluch nechali vy\u0161etri\u0165 odborn\u00edkom. Pomocou n\u00e1\u0161ho vyh\u013ead\u00e1va\u010da si m\u00f4\u017eete vyh\u013eada\u0165 certifikovan\u00e9ho audiol\u00f3ga, odborn\u00edka alebo ordin\u00e1ciu vo va\u0161ej bl\u00edzkosti.<\/p>   <p><\/p>   \n<p class=\"has-text-align-center\">Vysk\u00fa\u0161ajte n\u00e1\u0161 online test sluchu a\u00a0okam\u017eite si overte svoje sluchov\u00e9 schopnosti.<\/p>   <div class=\"wp-block-buttons is-layout-flex wp-block-buttons-is-layout-flex\">\n<div class=\"wp-block-button aligncenter\"><a class=\"wp-block-button__link wp-element-button\" href=\"https:\/\/hearing-screener.beyondhearing.org\/jhg4pj\/welcome\" target=\"_blank\" rel=\"noreferrer noopener\">Online test sluchu<\/a><\/div>\n<\/div>\n<\/div>\n<\/div>   \n<div style=\"height:55px\" aria-hidden=\"true\" class=\"wp-block-spacer\"><\/div>   \n<p class=\"has-text-align-center\"><a href=\"https:\/\/intl.phonak.com\/sk-sk\/strata-sluchu\/dobre-pocut-znamena-lepsie-zit\/\">Zistite, pre\u010do je dobr\u00fd sluch z\u00e1sadn\u00fd pre va\u0161u celkov\u00fa pohodu<\/a><\/p>   \n<div style=\"height:55px\" aria-hidden=\"true\" class=\"wp-block-spacer\"><\/div>   \n<div class=\"wp-block-media-text is-stacked-on-mobile cta-block\" style=\"grid-template-columns:35% auto\"><figure class=\"wp-block-media-text__media\"><img decoding=\"async\" src=\"https:\/\/intl.phonak.com\/main-english\/wp-content\/uploads\/sites\/3\/2021\/11\/cta-image.jpg?w=401\" alt=\"\" class=\"wp-image-6738 size-full\"\/><\/figure><div class=\"wp-block-media-text__content\">\n<div class=\"wp-block-create-block-icon-selector\"><i class=\"fal fa-map-marker-alt\"><\/i><\/div>   \n<h3 class=\"wp-block-heading\">Odborn\u00edci vo va\u0161ej bl\u00edzkosti<\/h3>   <p>Vami vybran\u00fd odborn\u00edk v\u00e1m pom\u00f4\u017ee urobi\u0165 v\u00fdber, ktor\u00fd je pre v\u00e1s ide\u00e1lny. Zoh\u013eadn\u00ed va\u0161e sluchov\u00e9 potreby, finan\u010dn\u00e9 mo\u017enosti, \u017eivotn\u00fd \u0161t\u00fdl a\u00a0individu\u00e1lne posluchov\u00e9 preferencie. <\/p>   <div class=\"wp-block-buttons is-layout-flex wp-block-buttons-is-layout-flex\">\n<div class=\"wp-block-button is-style-marker-green\"><a class=\"wp-block-button__link wp-element-button\" href=\"https:\/\/intl.phonak.com\/sk-sk\/najst-odbornika\/\">Vyh\u013eada\u0165 odborn\u00edka<\/a><\/div>\n<\/div>\n<\/div><\/div> ","protected":false},"excerpt":{"rendered":"<p>Ak\u00e9 s\u00fa pr\u00edznaky a\u00a0sympt\u00f3my straty sluchu? Na\u0161e u\u0161i s\u00fa neust\u00e1le v\u00a0pozore, rovnako ako zvuky, ktor\u00e9 n\u00e1s obklopuj\u00fa, nedaj\u00fa sa vypn\u00fa\u0165&#8230;.<\/p>\n","protected":false},"author":5,"featured_media":0,"parent":0,"menu_order":0,"comment_status":"closed","ping_status":"closed","template":"","meta":{"_acf_changed":false,"inline_featured_image":false,"footnotes":""},"class_list":["post-448","page","type-page","status-publish","hentry"],"acf":[],"yoast_head":"<!-- This site is optimized with the Yoast SEO plugin v26.9 - https:\/\/yoast.com\/product\/yoast-seo-wordpress\/ -->\n<title>Strata sluchu - Phonak - Slovensko<\/title>\n<meta name=\"robots\" content=\"index, follow, max-snippet:-1, max-image-preview:large, max-video-preview:-1\" \/>\n<link rel=\"canonical\" href=\"https:\/\/intl.phonak.com\/main-english\/hearing-loss\/\" \/>\n<meta property=\"og:locale\" content=\"sk_SK\" \/>\n<meta property=\"og:type\" content=\"article\" \/>\n<meta property=\"og:title\" content=\"Strata sluchu - Phonak - Slovensko\" \/>\n<meta property=\"og:description\" content=\"Ak\u00e9 s\u00fa pr\u00edznaky a\u00a0sympt\u00f3my straty sluchu? Na\u0161e u\u0161i s\u00fa neust\u00e1le v\u00a0pozore, rovnako ako zvuky, ktor\u00e9 n\u00e1s obklopuj\u00fa, nedaj\u00fa sa vypn\u00fa\u0165....\" \/>\n<meta property=\"og:url\" content=\"https:\/\/intl.phonak.com\/sk-sk\/strata-sluchu\/\" \/>\n<meta property=\"og:site_name\" content=\"Phonak - Slovensko\" \/>\n<meta property=\"article:modified_time\" content=\"2025-12-08T11:08:05+00:00\" \/>\n<meta name=\"twitter:card\" content=\"summary_large_image\" \/>\n<meta name=\"twitter:label1\" content=\"Est. reading time\" \/>\n\t<meta name=\"twitter:data1\" content=\"5 minutes\" \/>\n<script type=\"application\/ld+json\" class=\"yoast-schema-graph\">{\"@context\":\"https:\/\/schema.org\",\"@graph\":[{\"@type\":\"WebPage\",\"@id\":\"https:\/\/intl.phonak.com\/sk-sk\/strata-sluchu\/\",\"url\":\"https:\/\/intl.phonak.com\/sk-sk\/strata-sluchu\/\",\"name\":\"Strata sluchu - Phonak - Slovensko\",\"isPartOf\":{\"@id\":\"https:\/\/intl.phonak.com\/sk-sk\/#website\"},\"primaryImageOfPage\":{\"@id\":\"https:\/\/intl.phonak.com\/sk-sk\/strata-sluchu\/#primaryimage\"},\"image\":{\"@id\":\"https:\/\/intl.phonak.com\/sk-sk\/strata-sluchu\/#primaryimage\"},\"thumbnailUrl\":\"https:\/\/intl.phonak.com\/sk-sk\/wp-content\/uploads\/sites\/3\/2022\/02\/Banner-hearing-loss.jpg\",\"datePublished\":\"2021-11-18T15:12:00+00:00\",\"dateModified\":\"2025-12-08T11:08:05+00:00\",\"breadcrumb\":{\"@id\":\"https:\/\/intl.phonak.com\/sk-sk\/strata-sluchu\/#breadcrumb\"},\"inLanguage\":\"sk-SK\",\"potentialAction\":[{\"@type\":\"ReadAction\",\"target\":[\"https:\/\/intl.phonak.com\/sk-sk\/strata-sluchu\/\"]}]},{\"@type\":\"ImageObject\",\"inLanguage\":\"sk-SK\",\"@id\":\"https:\/\/intl.phonak.com\/sk-sk\/strata-sluchu\/#primaryimage\",\"url\":\"\",\"contentUrl\":\"\"},{\"@type\":\"BreadcrumbList\",\"@id\":\"https:\/\/intl.phonak.com\/sk-sk\/strata-sluchu\/#breadcrumb\",\"itemListElement\":[{\"@type\":\"ListItem\",\"position\":1,\"name\":\"Home\",\"item\":\"https:\/\/intl.phonak.com\/sk-sk\/\"},{\"@type\":\"ListItem\",\"position\":2,\"name\":\"Strata sluchu\"}]},{\"@type\":\"WebSite\",\"@id\":\"https:\/\/intl.phonak.com\/sk-sk\/#website\",\"url\":\"https:\/\/intl.phonak.com\/sk-sk\/\",\"name\":\"Phonak - Slovensko\",\"description\":\"Odhodlan\u00ed meni\u0165 \u017eivoty\",\"publisher\":{\"@id\":\"https:\/\/intl.phonak.com\/sk-sk\/#organization\"},\"potentialAction\":[{\"@type\":\"SearchAction\",\"target\":{\"@type\":\"EntryPoint\",\"urlTemplate\":\"https:\/\/intl.phonak.com\/sk-sk\/?s={search_term_string}\"},\"query-input\":{\"@type\":\"PropertyValueSpecification\",\"valueRequired\":true,\"valueName\":\"search_term_string\"}}],\"inLanguage\":\"sk-SK\"},{\"@type\":\"Organization\",\"@id\":\"https:\/\/intl.phonak.com\/sk-sk\/#organization\",\"name\":\"Phonak - Slovensko\",\"url\":\"https:\/\/intl.phonak.com\/sk-sk\/\",\"logo\":{\"@type\":\"ImageObject\",\"inLanguage\":\"sk-SK\",\"@id\":\"https:\/\/intl.phonak.com\/sk-sk\/#\/schema\/logo\/image\/\",\"url\":\"https:\/\/intl.phonak.com\/sk-sk\/wp-content\/uploads\/sites\/64\/2025\/06\/logo-phonak.svg\",\"contentUrl\":\"https:\/\/intl.phonak.com\/sk-sk\/wp-content\/uploads\/sites\/64\/2025\/06\/logo-phonak.svg\",\"caption\":\"Phonak - Slovensko\"},\"image\":{\"@id\":\"https:\/\/intl.phonak.com\/sk-sk\/#\/schema\/logo\/image\/\"}}]}<\/script>\n<!-- \/ Yoast SEO plugin. -->","yoast_head_json":{"title":"Strata sluchu - Phonak - Slovensko","robots":{"index":"index","follow":"follow","max-snippet":"max-snippet:-1","max-image-preview":"max-image-preview:large","max-video-preview":"max-video-preview:-1"},"canonical":"https:\/\/intl.phonak.com\/main-english\/hearing-loss\/","og_locale":"sk_SK","og_type":"article","og_title":"Strata sluchu - Phonak - Slovensko","og_description":"Ak\u00e9 s\u00fa pr\u00edznaky a\u00a0sympt\u00f3my straty sluchu? Na\u0161e u\u0161i s\u00fa neust\u00e1le v\u00a0pozore, rovnako ako zvuky, ktor\u00e9 n\u00e1s obklopuj\u00fa, nedaj\u00fa sa vypn\u00fa\u0165....","og_url":"https:\/\/intl.phonak.com\/sk-sk\/strata-sluchu\/","og_site_name":"Phonak - Slovensko","article_modified_time":"2025-12-08T11:08:05+00:00","twitter_card":"summary_large_image","twitter_misc":{"Est. reading time":"5 minutes"},"schema":{"@context":"https:\/\/schema.org","@graph":[{"@type":"WebPage","@id":"https:\/\/intl.phonak.com\/sk-sk\/strata-sluchu\/","url":"https:\/\/intl.phonak.com\/sk-sk\/strata-sluchu\/","name":"Strata sluchu - Phonak - Slovensko","isPartOf":{"@id":"https:\/\/intl.phonak.com\/sk-sk\/#website"},"primaryImageOfPage":{"@id":"https:\/\/intl.phonak.com\/sk-sk\/strata-sluchu\/#primaryimage"},"image":{"@id":"https:\/\/intl.phonak.com\/sk-sk\/strata-sluchu\/#primaryimage"},"thumbnailUrl":"https:\/\/intl.phonak.com\/sk-sk\/wp-content\/uploads\/sites\/3\/2022\/02\/Banner-hearing-loss.jpg","datePublished":"2021-11-18T15:12:00+00:00","dateModified":"2025-12-08T11:08:05+00:00","breadcrumb":{"@id":"https:\/\/intl.phonak.com\/sk-sk\/strata-sluchu\/#breadcrumb"},"inLanguage":"sk-SK","potentialAction":[{"@type":"ReadAction","target":["https:\/\/intl.phonak.com\/sk-sk\/strata-sluchu\/"]}]},{"@type":"ImageObject","inLanguage":"sk-SK","@id":"https:\/\/intl.phonak.com\/sk-sk\/strata-sluchu\/#primaryimage","url":"","contentUrl":""},{"@type":"BreadcrumbList","@id":"https:\/\/intl.phonak.com\/sk-sk\/strata-sluchu\/#breadcrumb","itemListElement":[{"@type":"ListItem","position":1,"name":"Home","item":"https:\/\/intl.phonak.com\/sk-sk\/"},{"@type":"ListItem","position":2,"name":"Strata sluchu"}]},{"@type":"WebSite","@id":"https:\/\/intl.phonak.com\/sk-sk\/#website","url":"https:\/\/intl.phonak.com\/sk-sk\/","name":"Phonak - Slovensko","description":"Odhodlan\u00ed meni\u0165 \u017eivoty","publisher":{"@id":"https:\/\/intl.phonak.com\/sk-sk\/#organization"},"potentialAction":[{"@type":"SearchAction","target":{"@type":"EntryPoint","urlTemplate":"https:\/\/intl.phonak.com\/sk-sk\/?s={search_term_string}"},"query-input":{"@type":"PropertyValueSpecification","valueRequired":true,"valueName":"search_term_string"}}],"inLanguage":"sk-SK"},{"@type":"Organization","@id":"https:\/\/intl.phonak.com\/sk-sk\/#organization","name":"Phonak - Slovensko","url":"https:\/\/intl.phonak.com\/sk-sk\/","logo":{"@type":"ImageObject","inLanguage":"sk-SK","@id":"https:\/\/intl.phonak.com\/sk-sk\/#\/schema\/logo\/image\/","url":"https:\/\/intl.phonak.com\/sk-sk\/wp-content\/uploads\/sites\/64\/2025\/06\/logo-phonak.svg","contentUrl":"https:\/\/intl.phonak.com\/sk-sk\/wp-content\/uploads\/sites\/64\/2025\/06\/logo-phonak.svg","caption":"Phonak - Slovensko"},"image":{"@id":"https:\/\/intl.phonak.com\/sk-sk\/#\/schema\/logo\/image\/"}}]}},"jetpack_sharing_enabled":true,"distributor_meta":false,"distributor_terms":false,"distributor_media":false,"distributor_original_site_name":"Phonak - Slovensko","distributor_original_site_url":"https:\/\/intl.phonak.com\/sk-sk","push-errors":false,"_links":{"self":[{"href":"https:\/\/intl.phonak.com\/sk-sk\/wp-json\/wp\/v2\/pages\/448","targetHints":{"allow":["GET"]}}],"collection":[{"href":"https:\/\/intl.phonak.com\/sk-sk\/wp-json\/wp\/v2\/pages"}],"about":[{"href":"https:\/\/intl.phonak.com\/sk-sk\/wp-json\/wp\/v2\/types\/page"}],"author":[{"embeddable":true,"href":"https:\/\/intl.phonak.com\/sk-sk\/wp-json\/wp\/v2\/users\/5"}],"replies":[{"embeddable":true,"href":"https:\/\/intl.phonak.com\/sk-sk\/wp-json\/wp\/v2\/comments?post=448"}],"version-history":[{"count":8,"href":"https:\/\/intl.phonak.com\/sk-sk\/wp-json\/wp\/v2\/pages\/448\/revisions"}],"predecessor-version":[{"id":1329,"href":"https:\/\/intl.phonak.com\/sk-sk\/wp-json\/wp\/v2\/pages\/448\/revisions\/1329"}],"wp:attachment":[{"href":"https:\/\/intl.phonak.com\/sk-sk\/wp-json\/wp\/v2\/media?parent=448"}],"curies":[{"name":"wp","href":"https:\/\/api.w.org\/{rel}","templated":true}]}}