{"id":445,"date":"2022-02-10T21:54:30","date_gmt":"2022-02-10T21:54:30","guid":{"rendered":"https:\/\/intl.phonak.com\/sk-sk\/phonak-well-hearing-is-well-being\/"},"modified":"2025-12-08T11:17:49","modified_gmt":"2025-12-08T11:17:49","slug":"dobre-pocut-znamena-lepsie-zit","status":"publish","type":"page","link":"https:\/\/intl.phonak.com\/sk-sk\/strata-sluchu\/dobre-pocut-znamena-lepsie-zit\/","title":{"rendered":"Phonak Lep\u0161ie po\u010du\u0165, lep\u0161ie \u017ei\u0165\u2122"},"content":{"rendered":"\n<div class=\"wp-block-cover alignfull is-light\" style=\"min-height:430px;aspect-ratio:unset;\"><img decoding=\"async\" class=\"wp-block-cover__image-background wp-image-7289\" alt=\"Well-Hearing is Well-Being\" src=\"https:\/\/intl.phonak.com\/sk-sk\/wp-content\/uploads\/sites\/3\/2023\/12\/WHWB-banner_ComputeGame-OptionB.jpg\" data-object-fit=\"cover\"\/><span aria-hidden=\"true\" class=\"wp-block-cover__background has-white-background-color has-background-dim-70 has-background-dim\"><\/span><div class=\"wp-block-cover__inner-container is-layout-flow wp-block-cover-is-layout-flow\">\n<h1 class=\"wp-block-heading has-text-align-center\" id=\"why-hearing-health-matters\">Pre\u010do je d\u00f4le\u017eit\u00e9 stara\u0165 sa o\u00a0svoj sluch<\/h1>   \n<p class=\"has-text-align-center has-grey-500-color has-text-color has-lead-font-size\">Dobre po\u010du\u0165 je k\u013e\u00fa\u010dom k\u00a0tomu, aby ste mohli \u017ei\u0165 \u017eivot, ak\u00fd chcete<\/p>   \n<div class=\"wp-block-buttons is-horizontal is-content-justification-center is-layout-flex wp-container-core-buttons-is-layout-499968f5 wp-block-buttons-is-layout-flex\">\n<div class=\"wp-block-button is-style-download\"><a class=\"wp-block-button__link wp-element-button\" href=\"https:\/\/intl.phonak.com\/sk-sk\/wp-content\/uploads\/sites\/3\/2022\/02\/PH_WHWB_Leaflet_148x210_EN_V1.00_028-2136-02.pdf\" target=\"_blank\" rel=\"noreferrer noopener\">Stiahnite si bro\u017e\u00faru<\/a><\/div>\n<\/div>\n<\/div><\/div>   \n<div class=\"wp-block-media-text has-media-on-the-right is-stacked-on-mobile\"><div class=\"wp-block-media-text__content\">\n<p>Vo Phonaku ver\u00edme, \u017ee dobre po\u010du\u0165 napom\u00e1ha k\u00a0celkovej osobnej pohode a\u00a0je nevyhnutn\u00e9 pre plnohodnotn\u00fd \u017eivot.<\/p>   <p>Prib\u00fadaj\u00face d\u00f4kazy potvrdzuj\u00fa, \u017ee kompenz\u00e1cia straty sluchu m\u00f4\u017ee ma\u0165 pozit\u00edvny vplyv na va\u0161u soci\u00e1lnu, emocion\u00e1lnu, kognit\u00edvnu a\u00a0fyzick\u00fa pohodu.<sup>1<\/sup><\/p>\n<\/div><figure class=\"wp-block-media-text__media\"><img decoding=\"async\" src=\"https:\/\/intl.phonak.com\/sk-sk\/wp-content\/uploads\/sites\/3\/2023\/03\/WHWB-wheel-neutral.jpg\" alt=\"\" class=\"wp-image-6565 size-full\"\/><\/figure><\/div>   \n<div class=\"wp-block-media-text is-stacked-on-mobile\"><figure class=\"wp-block-media-text__media\"><img decoding=\"async\" src=\"https:\/\/intl.phonak.com\/sk-sk\/wp-content\/uploads\/sites\/3\/2023\/12\/Visual_WHWB_Restaurant_02_592x396-with-icon.jpg?w=592\" alt=\"Social-Emotional well-being\" class=\"wp-image-7300 size-full\"\/><\/figure><div class=\"wp-block-media-text__content\">\n<h4 class=\"wp-block-heading has-text-align-left has-blue-color has-text-color\" id=\"social-emotional-well-being\">Soci\u00e1lno-emocion\u00e1lna pohoda<\/h4>   <p>Dobr\u00fd sluch n\u00e1m umo\u017e\u0148uje by\u0165 spolo\u010densky akt\u00edvny, stret\u00e1va\u0165 sa s\u00a0ostatn\u00fdmi a\u00a0efekt\u00edvne komunikova\u0165 \u2013 bez obmedzenia.<\/p>   <p>Pou\u017e\u00edvanie na\u010d\u00favac\u00edch pr\u00edstrojov m\u00f4\u017ee zlep\u0161i\u0165 kvalitu v\u00e1\u0161ho \u017eivota, soci\u00e1lnu interakciu a\u00a0spokojnos\u0165 vo vz\u0165ahoch ako v\u00e1s tak aj pre va\u0161ich bl\u00edzkych.<sup>2<\/sup><\/p>\n<\/div><\/div>   \n<div class=\"wp-block-media-text has-media-on-the-right is-stacked-on-mobile\"><div class=\"wp-block-media-text__content\">\n<h4 class=\"wp-block-heading has-blue-color has-text-color\" id=\"cognitive-well-being\">Kognit\u00edvna pohoda<\/h4>   <p>Mozog zohr\u00e1va k\u013e\u00fa\u010dov\u00fa \u00falohu pri po\u010d\u00favan\u00ed a\u00a0porozumen\u00ed re\u010di \u2013 je preto d\u00f4le\u017eit\u00e9 udr\u017eiava\u0165 ho stimulovan\u00fd.<\/p>   <p>V\u00a0tento moment prich\u00e1dzaj\u00fa na rad na\u010d\u00favacie pr\u00edstroje. Pou\u017e\u00edvanie na\u010d\u00favac\u00edch pr\u00edstrojov je spojen\u00e9 so zlep\u0161en\u00edm pam\u00e4te<sup>3<\/sup>&nbsp;a bolo preuk\u00e1zan\u00e9, \u017ee u\u013eah\u010duje po\u010d\u00favanie.<sup>4<\/sup><\/p>\n<\/div><figure class=\"wp-block-media-text__media\"><img decoding=\"async\" src=\"https:\/\/intl.phonak.com\/sk-sk\/wp-content\/uploads\/sites\/3\/2023\/12\/WHWB-Cognitive-Dimension-Office-OptionB_592x396-with-icon.jpg?w=592\" alt=\"Cognitive well-being\" class=\"wp-image-7302 size-full\"\/><\/figure><\/div>   \n<div class=\"wp-block-media-text is-stacked-on-mobile\"><figure class=\"wp-block-media-text__media\"><img decoding=\"async\" src=\"https:\/\/intl.phonak.com\/sk-sk\/wp-content\/uploads\/sites\/3\/2023\/12\/Visual_WHWB-ActivityOutdoors_01_592x396-with-icon.jpg?w=592\" alt=\"Physical well-being\" class=\"wp-image-7303 size-full\"\/><\/figure><div class=\"wp-block-media-text__content\">\n<h4 class=\"wp-block-heading has-blue-color has-text-color\" id=\"physical-well-being\">Fyzick\u00e1 pohoda<\/h4>   <p>V\u010faka spr\u00e1vnemu rie\u0161eniu pre v\u00e1\u0161 sluch budete dobre vybaven\u00ed pre r\u00f4zne situ\u00e1cie, v\u00a0ktor\u00fdch potrebujete dobre po\u010du\u0165.<\/p>   <p>Dobr\u00fd sluch v\u00e1m poskytuje v\u00e4\u010d\u0161ie povedomie o\u00a0prostred\u00ed, v\u00a0ktorom sa pohybujete, a\u00a0podporuje pocit bezpe\u010dia a\u00a0d\u00f4very.<\/p>\n<\/div><\/div>   <p><\/p>   \n<p class=\"is-style-default has-small-font-size\">Pozn\u00e1mky<br>1. Vercammen, C., Ferguson, M., Kramer, S.E., et al. (2020). Well-Hearing is Well-Being.&nbsp;<em>Hearing Review<\/em>, 27(3), 18-22.<br>2. Kamil RJ, Lin FR. The Effects of Hearing Impairment in Older Adults on Communication Partners:&nbsp;<em>A\u00a0Systematic Review<\/em>. J Am Acad Audiol. 2015;26(2):155-182.<br>3. Karawani, H., Jenkins, K., &#038; Anderson, S. (2018). Restoration of sensory input may improve cognitive and neural function.&nbsp;<em>Neuropsychologia<\/em>, 114, 203\u2013213.<br>4. Winneke, A., Schulte, M., Vormann, M., Latzel, M. (2018). Spatial noise processing in hearing aids modulates neural markers linked to listening effort: an EEG study.&nbsp;<em>AudiologyOnline<\/em>, \u010dl\u00e1nok 23858.<\/p>   \n<div style=\"height:38px\" aria-hidden=\"true\" class=\"wp-block-spacer\"><\/div>   \n<p class=\"has-text-align-center is-style-default\"><a href=\"https:\/\/intl.phonak.com\/sk-sk\/strata-sluchu\/priciny-straty-sluchu\/\">Zistite, \u010do je pr\u00ed\u010dinou straty sluchu<\/a><\/p>   \n<div style=\"height:42px\" aria-hidden=\"true\" class=\"wp-block-spacer\"><\/div>   \n<div class=\"wp-block-media-text is-stacked-on-mobile cta-block\" style=\"grid-template-columns:35% auto\"><figure class=\"wp-block-media-text__media\"><img decoding=\"async\" src=\"https:\/\/intl.phonak.com\/main-english\/wp-content\/uploads\/sites\/3\/2021\/11\/cta-image.jpg?w=401\" alt=\"\" class=\"wp-image-6738 size-full\"\/><\/figure><div class=\"wp-block-media-text__content\">\n<div class=\"wp-block-create-block-icon-selector\"><i class=\"fal fa-map-marker-alt\"><\/i><\/div>   \n<h3 class=\"wp-block-heading\">Odborn\u00edci vo va\u0161ej bl\u00edzkosti<\/h3>   <p>Vami vybran\u00fd odborn\u00edk v\u00e1m pom\u00f4\u017ee urobi\u0165 v\u00fdber, ktor\u00fd je pre v\u00e1s ide\u00e1lny. Zoh\u013eadn\u00ed va\u0161e sluchov\u00e9 potreby, finan\u010dn\u00e9 mo\u017enosti, \u017eivotn\u00fd \u0161t\u00fdl a\u00a0individu\u00e1lne posluchov\u00e9 preferencie. <\/p>   <div class=\"wp-block-buttons is-layout-flex wp-block-buttons-is-layout-flex\">\n<div class=\"wp-block-button is-style-marker-green\"><a class=\"wp-block-button__link wp-element-button\" href=\"https:\/\/intl.phonak.com\/sk-sk\/najst-odbornika\/\">Vyh\u013eada\u0165 odborn\u00edka<\/a><\/div>\n<\/div>\n<\/div><\/div> ","protected":false},"excerpt":{"rendered":"<p>Vo Phonaku ver\u00edme, \u017ee dobre po\u010du\u0165 napom\u00e1ha k\u00a0celkovej osobnej pohode a\u00a0je nevyhnutn\u00e9 pre plnohodnotn\u00fd \u017eivot. Prib\u00fadaj\u00face d\u00f4kazy potvrdzuj\u00fa, \u017ee kompenz\u00e1cia&#8230;<\/p>\n","protected":false},"author":14,"featured_media":0,"parent":448,"menu_order":0,"comment_status":"closed","ping_status":"closed","template":"","meta":{"_acf_changed":false,"inline_featured_image":false,"footnotes":""},"class_list":["post-445","page","type-page","status-publish","hentry"],"acf":[],"yoast_head":"<!-- This site is optimized with the Yoast SEO plugin v26.9 - https:\/\/yoast.com\/product\/yoast-seo-wordpress\/ -->\n<title>Phonak Lep\u0161ie po\u010du\u0165, lep\u0161ie \u017ei\u0165\u2122 - Phonak - Slovensko<\/title>\n<meta name=\"robots\" content=\"index, follow, max-snippet:-1, max-image-preview:large, max-video-preview:-1\" \/>\n<link rel=\"canonical\" href=\"https:\/\/intl.phonak.com\/main-english\/hearing-loss\/phonak-well-hearing-is-well-being\/\" \/>\n<meta property=\"og:locale\" content=\"sk_SK\" \/>\n<meta property=\"og:type\" content=\"article\" \/>\n<meta property=\"og:title\" content=\"Phonak Lep\u0161ie po\u010du\u0165, lep\u0161ie \u017ei\u0165\u2122 - Phonak - Slovensko\" \/>\n<meta property=\"og:description\" content=\"Vo Phonaku ver\u00edme, \u017ee dobre po\u010du\u0165 napom\u00e1ha k\u00a0celkovej osobnej pohode a\u00a0je nevyhnutn\u00e9 pre plnohodnotn\u00fd \u017eivot. Prib\u00fadaj\u00face d\u00f4kazy potvrdzuj\u00fa, \u017ee kompenz\u00e1cia...\" \/>\n<meta property=\"og:url\" content=\"https:\/\/intl.phonak.com\/sk-sk\/strata-sluchu\/dobre-pocut-znamena-lepsie-zit\/\" \/>\n<meta property=\"og:site_name\" content=\"Phonak - Slovensko\" \/>\n<meta property=\"article:modified_time\" content=\"2025-12-08T11:17:49+00:00\" \/>\n<meta name=\"twitter:card\" content=\"summary_large_image\" \/>\n<meta name=\"twitter:label1\" content=\"Est. reading time\" \/>\n\t<meta name=\"twitter:data1\" content=\"6 minutes\" \/>\n<script type=\"application\/ld+json\" class=\"yoast-schema-graph\">{\"@context\":\"https:\/\/schema.org\",\"@graph\":[{\"@type\":\"WebPage\",\"@id\":\"https:\/\/intl.phonak.com\/sk-sk\/strata-sluchu\/dobre-pocut-znamena-lepsie-zit\/\",\"url\":\"https:\/\/intl.phonak.com\/sk-sk\/strata-sluchu\/dobre-pocut-znamena-lepsie-zit\/\",\"name\":\"Phonak Lep\u0161ie po\u010du\u0165, lep\u0161ie \u017ei\u0165\u2122 - Phonak - Slovensko\",\"isPartOf\":{\"@id\":\"https:\/\/intl.phonak.com\/sk-sk\/#website\"},\"primaryImageOfPage\":{\"@id\":\"https:\/\/intl.phonak.com\/sk-sk\/strata-sluchu\/dobre-pocut-znamena-lepsie-zit\/#primaryimage\"},\"image\":{\"@id\":\"https:\/\/intl.phonak.com\/sk-sk\/strata-sluchu\/dobre-pocut-znamena-lepsie-zit\/#primaryimage\"},\"thumbnailUrl\":\"https:\/\/intl.phonak.com\/sk-sk\/wp-content\/uploads\/sites\/3\/2023\/12\/WHWB-banner_ComputeGame-OptionB.jpg\",\"datePublished\":\"2022-02-10T21:54:30+00:00\",\"dateModified\":\"2025-12-08T11:17:49+00:00\",\"breadcrumb\":{\"@id\":\"https:\/\/intl.phonak.com\/sk-sk\/strata-sluchu\/dobre-pocut-znamena-lepsie-zit\/#breadcrumb\"},\"inLanguage\":\"sk-SK\",\"potentialAction\":[{\"@type\":\"ReadAction\",\"target\":[\"https:\/\/intl.phonak.com\/sk-sk\/strata-sluchu\/dobre-pocut-znamena-lepsie-zit\/\"]}]},{\"@type\":\"ImageObject\",\"inLanguage\":\"sk-SK\",\"@id\":\"https:\/\/intl.phonak.com\/sk-sk\/strata-sluchu\/dobre-pocut-znamena-lepsie-zit\/#primaryimage\",\"url\":\"\",\"contentUrl\":\"\"},{\"@type\":\"BreadcrumbList\",\"@id\":\"https:\/\/intl.phonak.com\/sk-sk\/strata-sluchu\/dobre-pocut-znamena-lepsie-zit\/#breadcrumb\",\"itemListElement\":[{\"@type\":\"ListItem\",\"position\":1,\"name\":\"Home\",\"item\":\"https:\/\/intl.phonak.com\/sk-sk\/\"},{\"@type\":\"ListItem\",\"position\":2,\"name\":\"Strata sluchu\",\"item\":\"https:\/\/intl.phonak.com\/sk-sk\/strata-sluchu\/\"},{\"@type\":\"ListItem\",\"position\":3,\"name\":\"Phonak Lep\u0161ie po\u010du\u0165, lep\u0161ie \u017ei\u0165\u2122\"}]},{\"@type\":\"WebSite\",\"@id\":\"https:\/\/intl.phonak.com\/sk-sk\/#website\",\"url\":\"https:\/\/intl.phonak.com\/sk-sk\/\",\"name\":\"Phonak - Slovensko\",\"description\":\"Odhodlan\u00ed meni\u0165 \u017eivoty\",\"publisher\":{\"@id\":\"https:\/\/intl.phonak.com\/sk-sk\/#organization\"},\"potentialAction\":[{\"@type\":\"SearchAction\",\"target\":{\"@type\":\"EntryPoint\",\"urlTemplate\":\"https:\/\/intl.phonak.com\/sk-sk\/?s={search_term_string}\"},\"query-input\":{\"@type\":\"PropertyValueSpecification\",\"valueRequired\":true,\"valueName\":\"search_term_string\"}}],\"inLanguage\":\"sk-SK\"},{\"@type\":\"Organization\",\"@id\":\"https:\/\/intl.phonak.com\/sk-sk\/#organization\",\"name\":\"Phonak - Slovensko\",\"url\":\"https:\/\/intl.phonak.com\/sk-sk\/\",\"logo\":{\"@type\":\"ImageObject\",\"inLanguage\":\"sk-SK\",\"@id\":\"https:\/\/intl.phonak.com\/sk-sk\/#\/schema\/logo\/image\/\",\"url\":\"https:\/\/intl.phonak.com\/sk-sk\/wp-content\/uploads\/sites\/64\/2025\/06\/logo-phonak.svg\",\"contentUrl\":\"https:\/\/intl.phonak.com\/sk-sk\/wp-content\/uploads\/sites\/64\/2025\/06\/logo-phonak.svg\",\"caption\":\"Phonak - Slovensko\"},\"image\":{\"@id\":\"https:\/\/intl.phonak.com\/sk-sk\/#\/schema\/logo\/image\/\"}}]}<\/script>\n<!-- \/ Yoast SEO plugin. -->","yoast_head_json":{"title":"Phonak Lep\u0161ie po\u010du\u0165, lep\u0161ie \u017ei\u0165\u2122 - Phonak - Slovensko","robots":{"index":"index","follow":"follow","max-snippet":"max-snippet:-1","max-image-preview":"max-image-preview:large","max-video-preview":"max-video-preview:-1"},"canonical":"https:\/\/intl.phonak.com\/main-english\/hearing-loss\/phonak-well-hearing-is-well-being\/","og_locale":"sk_SK","og_type":"article","og_title":"Phonak Lep\u0161ie po\u010du\u0165, lep\u0161ie \u017ei\u0165\u2122 - Phonak - Slovensko","og_description":"Vo Phonaku ver\u00edme, \u017ee dobre po\u010du\u0165 napom\u00e1ha k\u00a0celkovej osobnej pohode a\u00a0je nevyhnutn\u00e9 pre plnohodnotn\u00fd \u017eivot. Prib\u00fadaj\u00face d\u00f4kazy potvrdzuj\u00fa, \u017ee kompenz\u00e1cia...","og_url":"https:\/\/intl.phonak.com\/sk-sk\/strata-sluchu\/dobre-pocut-znamena-lepsie-zit\/","og_site_name":"Phonak - Slovensko","article_modified_time":"2025-12-08T11:17:49+00:00","twitter_card":"summary_large_image","twitter_misc":{"Est. reading time":"6 minutes"},"schema":{"@context":"https:\/\/schema.org","@graph":[{"@type":"WebPage","@id":"https:\/\/intl.phonak.com\/sk-sk\/strata-sluchu\/dobre-pocut-znamena-lepsie-zit\/","url":"https:\/\/intl.phonak.com\/sk-sk\/strata-sluchu\/dobre-pocut-znamena-lepsie-zit\/","name":"Phonak Lep\u0161ie po\u010du\u0165, lep\u0161ie \u017ei\u0165\u2122 - Phonak - Slovensko","isPartOf":{"@id":"https:\/\/intl.phonak.com\/sk-sk\/#website"},"primaryImageOfPage":{"@id":"https:\/\/intl.phonak.com\/sk-sk\/strata-sluchu\/dobre-pocut-znamena-lepsie-zit\/#primaryimage"},"image":{"@id":"https:\/\/intl.phonak.com\/sk-sk\/strata-sluchu\/dobre-pocut-znamena-lepsie-zit\/#primaryimage"},"thumbnailUrl":"https:\/\/intl.phonak.com\/sk-sk\/wp-content\/uploads\/sites\/3\/2023\/12\/WHWB-banner_ComputeGame-OptionB.jpg","datePublished":"2022-02-10T21:54:30+00:00","dateModified":"2025-12-08T11:17:49+00:00","breadcrumb":{"@id":"https:\/\/intl.phonak.com\/sk-sk\/strata-sluchu\/dobre-pocut-znamena-lepsie-zit\/#breadcrumb"},"inLanguage":"sk-SK","potentialAction":[{"@type":"ReadAction","target":["https:\/\/intl.phonak.com\/sk-sk\/strata-sluchu\/dobre-pocut-znamena-lepsie-zit\/"]}]},{"@type":"ImageObject","inLanguage":"sk-SK","@id":"https:\/\/intl.phonak.com\/sk-sk\/strata-sluchu\/dobre-pocut-znamena-lepsie-zit\/#primaryimage","url":"","contentUrl":""},{"@type":"BreadcrumbList","@id":"https:\/\/intl.phonak.com\/sk-sk\/strata-sluchu\/dobre-pocut-znamena-lepsie-zit\/#breadcrumb","itemListElement":[{"@type":"ListItem","position":1,"name":"Home","item":"https:\/\/intl.phonak.com\/sk-sk\/"},{"@type":"ListItem","position":2,"name":"Strata sluchu","item":"https:\/\/intl.phonak.com\/sk-sk\/strata-sluchu\/"},{"@type":"ListItem","position":3,"name":"Phonak Lep\u0161ie po\u010du\u0165, lep\u0161ie \u017ei\u0165\u2122"}]},{"@type":"WebSite","@id":"https:\/\/intl.phonak.com\/sk-sk\/#website","url":"https:\/\/intl.phonak.com\/sk-sk\/","name":"Phonak - Slovensko","description":"Odhodlan\u00ed meni\u0165 \u017eivoty","publisher":{"@id":"https:\/\/intl.phonak.com\/sk-sk\/#organization"},"potentialAction":[{"@type":"SearchAction","target":{"@type":"EntryPoint","urlTemplate":"https:\/\/intl.phonak.com\/sk-sk\/?s={search_term_string}"},"query-input":{"@type":"PropertyValueSpecification","valueRequired":true,"valueName":"search_term_string"}}],"inLanguage":"sk-SK"},{"@type":"Organization","@id":"https:\/\/intl.phonak.com\/sk-sk\/#organization","name":"Phonak - Slovensko","url":"https:\/\/intl.phonak.com\/sk-sk\/","logo":{"@type":"ImageObject","inLanguage":"sk-SK","@id":"https:\/\/intl.phonak.com\/sk-sk\/#\/schema\/logo\/image\/","url":"https:\/\/intl.phonak.com\/sk-sk\/wp-content\/uploads\/sites\/64\/2025\/06\/logo-phonak.svg","contentUrl":"https:\/\/intl.phonak.com\/sk-sk\/wp-content\/uploads\/sites\/64\/2025\/06\/logo-phonak.svg","caption":"Phonak - Slovensko"},"image":{"@id":"https:\/\/intl.phonak.com\/sk-sk\/#\/schema\/logo\/image\/"}}]}},"jetpack_sharing_enabled":true,"distributor_meta":false,"distributor_terms":false,"distributor_media":false,"distributor_original_site_name":"Phonak - Slovensko","distributor_original_site_url":"https:\/\/intl.phonak.com\/sk-sk","push-errors":false,"_links":{"self":[{"href":"https:\/\/intl.phonak.com\/sk-sk\/wp-json\/wp\/v2\/pages\/445","targetHints":{"allow":["GET"]}}],"collection":[{"href":"https:\/\/intl.phonak.com\/sk-sk\/wp-json\/wp\/v2\/pages"}],"about":[{"href":"https:\/\/intl.phonak.com\/sk-sk\/wp-json\/wp\/v2\/types\/page"}],"author":[{"embeddable":true,"href":"https:\/\/intl.phonak.com\/sk-sk\/wp-json\/wp\/v2\/users\/14"}],"replies":[{"embeddable":true,"href":"https:\/\/intl.phonak.com\/sk-sk\/wp-json\/wp\/v2\/comments?post=445"}],"version-history":[{"count":9,"href":"https:\/\/intl.phonak.com\/sk-sk\/wp-json\/wp\/v2\/pages\/445\/revisions"}],"predecessor-version":[{"id":1332,"href":"https:\/\/intl.phonak.com\/sk-sk\/wp-json\/wp\/v2\/pages\/445\/revisions\/1332"}],"up":[{"embeddable":true,"href":"https:\/\/intl.phonak.com\/sk-sk\/wp-json\/wp\/v2\/pages\/448"}],"wp:attachment":[{"href":"https:\/\/intl.phonak.com\/sk-sk\/wp-json\/wp\/v2\/media?parent=445"}],"curies":[{"name":"wp","href":"https:\/\/api.w.org\/{rel}","templated":true}]}}